{"id":10008,"date":"2018-01-12T14:45:58","date_gmt":"2018-01-12T13:45:58","guid":{"rendered":"http:\/\/www.it.tarnow.pl\/en-train-et-bus\/"},"modified":"2022-06-19T11:46:30","modified_gmt":"2022-06-19T09:46:30","slug":"en-train-et-bus","status":"publish","type":"page","link":"https:\/\/www.it.tarnow.pl\/fr\/acces-transports\/en-train-et-bus\/","title":{"rendered":"En train et bus"},"content":{"rendered":"<p><b>EN TRAIN<\/b><\/p>\r\n<p>&nbsp;<\/p>\r\n<p>Tarn\u00f3w est facilement accesible en transports en commun. Il ya des lignes r\u00e9guliers de grandes villes, y compris Cracovie et Warszawa.<\/p>\r\n<p>Le temps\u00a0de voyage\u00a0de Tarnow:<\/p>\r\n<p>\u00c0 Varsovie &#8211; \u00e0 partir de 3:08 h (train Express InterCity) \u00e0 5:00 h (train et bus)<\/p>\r\n<p>\u00c0 Cracovie &#8211; \u00e0 partir de 0h48 (train Express InterCity) \u00e0 1:15 h (train SKA 3) et 1:25 (bus)<\/p>\r\n<p>\u00c0 Rzeszow &#8211; 1:20 h (train); 1:25 (bus)<\/p>\r\n<p>&nbsp;<\/p>\r\n<p><img loading=\"lazy\" decoding=\"async\" width=\"407\" height=\"407\" class=\"size-original aligncenter wp-image-30525\" src=\"http:\/\/www.it.tarnow.pl\/wp-content\/uploads\/2019\/02\/mapka-EIP_reference.jpg\" alt=\"\" srcset=\"https:\/\/www.it.tarnow.pl\/wp-content\/uploads\/2019\/02\/mapka-EIP_reference.jpg 407w, https:\/\/www.it.tarnow.pl\/wp-content\/uploads\/2019\/02\/mapka-EIP_reference-250x250.jpg 250w, https:\/\/www.it.tarnow.pl\/wp-content\/uploads\/2019\/02\/mapka-EIP_reference-400x400.jpg 400w, https:\/\/www.it.tarnow.pl\/wp-content\/uploads\/2019\/02\/mapka-EIP_reference-300x300.jpg 300w, https:\/\/www.it.tarnow.pl\/wp-content\/uploads\/2019\/02\/mapka-EIP_reference-150x150.jpg 150w\" sizes=\"auto, (max-width: 407px) 100vw, 407px\" \/><\/p>\r\n<p><i><b>Tarnow connexions les plus rapides \u00e0 Cracovie , Varsovie et Tr\u00f3jmaisto (Ville Triple: Gda\u0144sk, Gdynia, Sopot)<\/b><\/i><\/p>\r\n<p>&nbsp;<\/p>\r\n<p><img loading=\"lazy\" decoding=\"async\" width=\"240\" height=\"123\" class=\"size-medium alignright wp-image-37077\" src=\"http:\/\/www.it.tarnow.pl\/wp-content\/uploads\/2019\/02\/Dworzec-PKP-9_medium.jpg\" alt=\"\" \/><\/p>\r\n<p>&nbsp;<\/p>\r\n<p><b>Acc\u00e8s de la Gare Centrale de Cracovie \u00e0\u00a0Tarn\u00f3w:\u00a0 \u00a0 \u00a0<\/b><\/p>\r\n<p>&nbsp;<\/p>\r\n<p>&#8211; en\u00a0<a href=\"http:\/\/www.rozklad-pkp.pl\/\">train\u00a0<\/a> &#8211; les d\u00e9parts sont toutes les 20-40 minutes, le trajet dure \u00e0 peu pr\u00e8s:\u00a0 \u00a0<\/p>\r\n<ul>\r\n\t<li>\u00a0train local (SKA3) \u2013 \u00a075 minutes<\/li>\r\n\t<li>\u00a0train rapide (IC, TLK)\u00a0et express (EIP Pendolino) \u2013\u00a0 55-85\u00a0minutes<\/li>\r\n<\/ul>\r\n<p><a id=\"Anchor#1\" name=\"Anchor#1\"><\/a><\/p>\r\n<p><img loading=\"lazy\" decoding=\"async\" width=\"400\" height=\"300\" class=\"size-medium alignright wp-image-30535\" src=\"http:\/\/www.it.tarnow.pl\/wp-content\/uploads\/2019\/02\/Dworzec-PKP-24-400x300.jpg\" alt=\"\" srcset=\"https:\/\/www.it.tarnow.pl\/wp-content\/uploads\/2019\/02\/Dworzec-PKP-24-400x300.jpg 400w, https:\/\/www.it.tarnow.pl\/wp-content\/uploads\/2019\/02\/Dworzec-PKP-24-300x225.jpg 300w, https:\/\/www.it.tarnow.pl\/wp-content\/uploads\/2019\/02\/Dworzec-PKP-24.jpg 643w\" sizes=\"auto, (max-width: 400px) 100vw, 400px\" \/><\/p>\r\n<p>&nbsp;<\/p>\r\n<p>\u00a0&#8211; ou bien <a href=\"www.en.e-podroznik.pl\">en autocar <\/a> \u2013 les d\u00e9parts sont toutes les 20-40 minutes, le trajet dure \u00e0 peu pr\u00e8s\u00a0<\/p>\r\n<p>80 minutes , vous pouvez consulter les horaires en anglais.<\/p>\r\n<p>&nbsp;<\/p>\r\n<p><b>Park &amp; Ride (&amp;Kiss)<\/b><\/p>\r\n<p>Les touristes individuels qui voyagent en train peuvent \u00e9galement garer leurs v\u00e9hicules dans le Park &amp; Ride (&amp;Kiss) situ\u00e9e dans la rue Do Huty (a c\u00f4te de la gare ferroviare). <\/p>\r\n<p style=\"text-align: left;\">\u00a0<\/p>\r\n<p style=\"text-align: left;\">\u00a0<\/p>\r\n<p>\u00a0<b>L&rsquo;information ferroviaire t\u00e9l\u00e9phonique<\/b><\/p>\r\n<p>PKP Intercity: 703\u00a0200\u00a0200 (appeler de l&rsquo;\u00e9tranger: +48 22 39 19\u00a0757)<\/p>\r\n<p>Transport r\u00e9gional (Przewozy Regionalne) : 703 20 20 20<\/p>\r\n<p>ATTENTION : les \u00a0tarifs sp\u00e9ciaux, g\u00e9n\u00e9ralement plus chers que les tarifs standard,\u00a0 la facturation \u00e0 la minute.<\/p>\r\n<p>Les informations sur les horaires des trains, les billets et les transporteurs on peut trouver aussi gr\u00e2ce au moteur de recherche\u00a0<a href=\"http:\/\/www.goeuro.pl\/pociagi\">GoEuro<\/a> .<\/p>\r\n<p>&nbsp;<\/p>\r\n<p><b>\u00a0Locomotive\u00a0\u00e0\u00a0vapeur\u00a0OI 49 72<\/b><\/p>\r\n<p style=\"text-align: left;\">Sur le site du d\u00e9p\u00f4t de locomotives de\u00a0<a href=\"http:\/\/pl.pons.com\/t%C5%82umaczenie\/francuski-polski\/Soci%C3%A9t%C3%A9\">Soci\u00e9t\u00e9<\/a> \u00a0<a href=\"http:\/\/pl.pons.com\/t%C5%82umaczenie\/francuski-polski\/Nationale\">Nationale<\/a> \u00a0<a href=\"http:\/\/pl.pons.com\/t%C5%82umaczenie\/francuski-polski\/des\">des<\/a> \u00a0<a href=\"http:\/\/pl.pons.com\/t%C5%82umaczenie\/francuski-polski\/Chemins\">Chemins<\/a> \u00a0<a href=\"http:\/\/pl.pons.com\/t%C5%82umaczenie\/francuski-polski\/de\">de<\/a> \u00a0<a href=\"http:\/\/pl.pons.com\/t%C5%82umaczenie\/francuski-polski\/Fer\">Fer<\/a> \u00a0<a href=\"http:\/\/pl.pons.com\/t%C5%82umaczenie\/francuski-polski\/Polonaise\">Polonaise<\/a> \u00a0(PKP)\u00a0 \u00e0 Tarn\u00f3w dans la rue Spytki z Melsztyna (l&rsquo;acc\u00e8s par la rue Do Huty) il y a\u00a0 le monument technique\u00a0Locomotive<b>\u00a0<\/b>\u00e0<b>\u00a0<\/b>vapeur\u00a0avec le tender 25D49. Le fabricant de la locomotive est l\u2019Usine des locomotives de F\u00e9lix Dzier\u017cy\u0144ski \u00e0 Chrzan\u00f3w et le fabricant de la chaudi\u00e8re est l\u2019usine de construction des chaudi\u00e8res de Sosnowiec ( Sosnowickie Zak\u0142ady Budowy Kot\u0142\u00f3w).\u00a0Locomotive<b>\u00a0<\/b>\u00e0<b>\u00a0<\/b>vapeur\u00a0OI 49 72 a \u00e9t\u00e9 produite en 1953 et \u00e0 partir de 1992 constitue le monument de technique. En 2011 elle a a \u00e9t\u00e9 restaur\u00e9e et peinte par les travailleurs de PKP CARGO S.A.<\/p>\r\n<p style=\"text-align: left;\">\u00a0<\/p>\r\n<p style=\"text-align: left;\">Le num\u00e9ro de s\u00e9rie de la locomotive\u00a0: 3186<\/p>\r\n<p style=\"text-align: left;\">Le num\u00e9ro de s\u00e9rie de la chaudi\u00e8re\u00a0: 13307<\/p>\r\n<p style=\"text-align: left;\">La largeur du rail : 1435 mm<\/p>\r\n<p style=\"text-align: left;\">La vitesse maximale: 100 km\/h<\/p>\r\n<p style=\"text-align: left;\">\u00a0<\/p>\r\n<p style=\"text-align: left;\"><b>EN BUS<\/b><\/p>\r\n<p style=\"text-align: left;\">\u00a0<\/p>\r\n<p><b>Transport express entre Tarn\u00f3w et Cracovie<\/b><\/p>\r\n<p>Voir aussi sur\u00a0<a href=\"http:\/\/www.busy-krk.pl\/rozklady-jazdy\/\">http:\/\/www.busy-krk.pl\/rozklady-jazdy\/<\/a><\/p>\r\n<p>&nbsp;<\/p>\r\n<p>Le temps de voyage moyen du centre de Tarnow vers le centre-ville est d&rsquo;env. 75-85 minutes.<\/p>\r\n<p>De plus les autres transporteurs circilent entre Cracovie et Tarn\u00f3w. Plus d\u2019informations \u00e0 la gare d&rsquo;autobus de Cracovie (<a href=\"http:\/\/www.mda.malopolska.pl\/\">www.mda.malopolska.pl<\/a> ).<\/p>\r\n<p>&nbsp;<\/p>\r\n<p>\u00a0T<b>ransport express entre Tarn\u00f3w et Varsovie<\/b><\/p>\r\n<p><a href=\"http:\/\/pkspolonus.pl\">Polonus<\/a> \u00a0&#8211;\u00a0 \u00a0quelques courses par jour; 5,5-6 heures de voyage<\/p>\r\n<p>PKP Pendolino (<a href=\"http:\/\/www.rozklad-pkp.pl\/pl\/news\/show\/pendolino\">train<\/a> ) une course par jour (sauf Samedi) entre Tarn\u00f3w et Varsovie. Le trajet dure 3h20 minutes.\u00a0<\/p>\r\n<p>&nbsp;<\/p>\r\n<p>&nbsp;<\/p>\r\n<p>&nbsp;<\/p>\r\n<p><b>Transport suburbain<\/b><\/p>\r\n<p>La desserte\u00a0 des routes locales autour de la r\u00e9gion de Tarn\u00f3w\u00a0:<\/p>\r\n<p>Transport public \u00e0 D\u0105browa Tarnowska sur le site\u00a0\u00a0<a href=\"http:\/\/www.dabrowatar.pl\/rozklady-jazdy-komunikacja-publiczna\/\">oficjalnej stronie Gminy D\u0105browa Tarnowska<\/a><\/p>\r\n<p>Transport public \u00e0 \u017babno sur le site\u00a0<a href=\"http:\/\/www.niedomice.pl\/index.php\/rozklady-jazdy\">oficjalnej stronie Niedomic<\/a><\/p>\r\n<p>Transport public \u00e0 Wierzchos\u0142awice sur le site\u00a0<a href=\"http:\/\/www.wierzchoslawice.pl\/redwag\/index.php?option=com_content&amp;task=view&amp;id=393&amp;Itemid=144\">oficjalnej stronie Gminy Wierzchos\u0142awice<\/a><\/p>\r\n<p>Transport public \u00e0 Skrzysz\u00f3w sur le site\u00a0<a href=\"http:\/\/www.skrzyszow.pl\/\">oficjalnej stronie Gminy Skrzyszowa<\/a><\/p>\r\n<p>Transport public \u00e0 Gr\u0119bosz\u00f3w sur le site\u00a0<a href=\"http:\/\/www.greboszow.intarnet.pl\/index.html?prawa=busy\">oficjalnej stronie Gminy Gr\u0119bosz\u00f3w<\/a><\/p>\r\n<p>Transport public \u00e0 Lisia G\u00f3ra sur le site\u00a0<a href=\"http:\/\/www.lisiagora.pl\/?strona=00264\">oficjalnej stronie Gminy Lisa G\u00f3r\u0105<\/a><\/p>\r\n<p>L\u2019horaire des bus :\u00a0<a href=\"http:\/\/www.tarnow.rozkladyjazdy.pl\/busy\/\">http:\/\/www.tarnow.rozkladyjazdy.pl\/busy\/<\/a><\/p>\r\n<p>Les transporteurs dans la r\u00e9gion Petite Pologne ( Ma\u0142opolska) dans les\u00a0 registres de l\u2019office du Mar\u00e9chal ( Urz\u0105d Marsza\u0142kowski).<\/p>\r\n<p><a href=\"http:\/\/bip.malopolska.pl\/umwm\/Article\/id,256914.html\">http:\/\/bip.malopolska.pl\/umwm\/Article\/id,256914.html<\/a><\/p>\r\n<p>&nbsp;<\/p>\r\n<p><b>HORAIRE\u00a0 DES BUS DANS LA REGION<\/b><\/p>\r\n<p>&nbsp;<\/p>\r\n<p><b>Direction au nord de Tarn\u00f3w : Zalipie<\/b><\/p>\r\n<p><a href=\"http:\/\/www.plawecki.org\/s-tarnow-greboszow-bieniaszowice,4,12.html\">Tarn\u00f3w \u2013 Zalipie<\/a> \u00a0(Euro P\u0142awecki Trans)<\/p>\r\n<p>&nbsp;<\/p>\r\n<p><b>Moteur de recherche de voyage\u00a0 (transport de bus et de train \u00e0 longue distance)<\/b><\/p>\r\n<p><a href=\"http:\/\/www.e-podroznik.pl\/\">www.e-podroznik.pl<\/a> \u00a0(Il est recommand\u00e9 aussi de t\u00e9l\u00e9charger l&rsquo;application mobile\u00a0<a href=\"https:\/\/play.google.com\/store\/apps\/details?id=com.inno.epodroznik.android\">pobranie aplikacji mobilnej\u00a0<\/a> <a href=\"https:\/\/play.google.com\/store\/apps\/details?id=com.inno.epodroznik.android\"><i>e-podr\u00f3\u017cnik.pl<\/i><\/a> )<\/p>\r\n<p><a href=\"http:\/\/www.bus-polski.pl\/\">www.bus-polski.pl<\/a> \u00a0(recherche des billets de transport \u00e0 bas prix)<\/p>\r\n<p><a href=\"http:\/\/www.rozklady.com.pl\/\">www.rozklady.com.pl<\/a><\/p>\r\n<p><a href=\"http:\/\/www.autobusowyrozkladjazdy.pl\">www.autobusowyrozkladjazdy.pl<\/a><\/p>\r\n<p><a href=\"https:\/\/dworzeconline.pl\">dworzeconline.pl<\/a><\/p>\r\n<p>&nbsp;<\/p>","protected":false},"excerpt":{"rendered":"EN TRAIN &nbsp; Tarn\u00f3w est facilement accesible en transports en commun. Il ya des lignes r\u00e9guliers de grandes villes, y compris Cracovie et Warszawa. Le temps\u00a0de voyage\u00a0de Tarnow: \u00c0 Varsovie [&hellip;]","protected":false},"author":1,"featured_media":0,"parent":10005,"menu_order":650,"comment_status":"closed","ping_status":"closed","template":"","meta":{"_acf_changed":false,"footnotes":""},"tags":[],"class_list":["post-10008","page","type-page","status-publish","hentry"],"acf":{"old_object_id":"24307","old_parent_id":"231","old_url":"Acces-Transports\/En-train-et-bus","intro_text":"","class":"folder","type":"single","in_menu":true,"show_date":false,"map":"","old_id":"","rooms_info":"","top_column":"","left_column":"","right_column":"","bottom_column":"","show_children":"","skip_import":false,"_menu_related_id":"102260"},"yoast_head":"<!-- This site is optimized with the Yoast SEO Premium plugin v25.4 (Yoast SEO v25.4) - https:\/\/yoast.com\/wordpress\/plugins\/seo\/ -->\n<title>En train et bus - Tarnowskie Centrum Informacji<\/title>\n<meta name=\"robots\" content=\"index, follow, max-snippet:-1, max-image-preview:large, max-video-preview:-1\" \/>\n<link rel=\"canonical\" href=\"https:\/\/www.it.tarnow.pl\/fr\/acces-transports\/en-train-et-bus\/\" \/>\n<meta property=\"og:locale\" content=\"fr_FR\" \/>\n<meta property=\"og:type\" content=\"article\" \/>\n<meta property=\"og:title\" content=\"En train et bus\" \/>\n<meta property=\"og:description\" content=\"EN TRAIN &nbsp; Tarn\u00f3w est facilement accesible en transports en commun. Il ya des lignes r\u00e9guliers de grandes villes, y compris Cracovie et Warszawa. Le temps\u00a0de voyage\u00a0de Tarnow: \u00c0 Varsovie [&hellip;]\" \/>\n<meta property=\"og:url\" content=\"https:\/\/www.it.tarnow.pl\/fr\/acces-transports\/en-train-et-bus\/\" \/>\n<meta property=\"og:site_name\" content=\"Tarnowskie Centrum Informacji\" \/>\n<meta property=\"article:modified_time\" content=\"2022-06-19T09:46:30+00:00\" \/>\n<meta property=\"og:image\" content=\"http:\/\/www.it.tarnow.pl\/wp-content\/uploads\/2019\/02\/mapka-EIP_reference.jpg\" \/>\n<meta name=\"twitter:card\" content=\"summary_large_image\" \/>\n<meta name=\"twitter:label1\" content=\"Dur\u00e9e de lecture estim\u00e9e\" \/>\n\t<meta name=\"twitter:data1\" content=\"4 minutes\" \/>\n<script type=\"application\/ld+json\" class=\"yoast-schema-graph\">{\"@context\":\"https:\/\/schema.org\",\"@graph\":[{\"@type\":\"WebPage\",\"@id\":\"https:\/\/www.it.tarnow.pl\/fr\/acces-transports\/en-train-et-bus\/\",\"url\":\"https:\/\/www.it.tarnow.pl\/fr\/acces-transports\/en-train-et-bus\/\",\"name\":\"En train et bus - Tarnowskie Centrum Informacji\",\"isPartOf\":{\"@id\":\"https:\/\/www.it.tarnow.pl\/#website\"},\"primaryImageOfPage\":{\"@id\":\"https:\/\/www.it.tarnow.pl\/fr\/acces-transports\/en-train-et-bus\/#primaryimage\"},\"image\":{\"@id\":\"https:\/\/www.it.tarnow.pl\/fr\/acces-transports\/en-train-et-bus\/#primaryimage\"},\"thumbnailUrl\":\"http:\/\/www.it.tarnow.pl\/wp-content\/uploads\/2019\/02\/mapka-EIP_reference.jpg\",\"datePublished\":\"2018-01-12T13:45:58+00:00\",\"dateModified\":\"2022-06-19T09:46:30+00:00\",\"breadcrumb\":{\"@id\":\"https:\/\/www.it.tarnow.pl\/fr\/acces-transports\/en-train-et-bus\/#breadcrumb\"},\"inLanguage\":\"fr-FR\",\"potentialAction\":[{\"@type\":\"ReadAction\",\"target\":[\"https:\/\/www.it.tarnow.pl\/fr\/acces-transports\/en-train-et-bus\/\"]}]},{\"@type\":\"ImageObject\",\"inLanguage\":\"fr-FR\",\"@id\":\"https:\/\/www.it.tarnow.pl\/fr\/acces-transports\/en-train-et-bus\/#primaryimage\",\"url\":\"http:\/\/www.it.tarnow.pl\/wp-content\/uploads\/2019\/02\/mapka-EIP_reference.jpg\",\"contentUrl\":\"http:\/\/www.it.tarnow.pl\/wp-content\/uploads\/2019\/02\/mapka-EIP_reference.jpg\"},{\"@type\":\"BreadcrumbList\",\"@id\":\"https:\/\/www.it.tarnow.pl\/fr\/acces-transports\/en-train-et-bus\/#breadcrumb\",\"itemListElement\":[{\"@type\":\"ListItem\",\"position\":1,\"name\":\"Page d'accueil\",\"item\":\"https:\/\/www.it.tarnow.pl\/fr\/\"},{\"@type\":\"ListItem\",\"position\":2,\"name\":\"Acc\u00e8s &amp; Transports\",\"item\":\"https:\/\/www.it.tarnow.pl\/fr\/acces-transports\/\"},{\"@type\":\"ListItem\",\"position\":3,\"name\":\"En train et bus\"}]},{\"@type\":\"WebSite\",\"@id\":\"https:\/\/www.it.tarnow.pl\/#website\",\"url\":\"https:\/\/www.it.tarnow.pl\/\",\"name\":\"Tarnowskie Centrum Informacji\",\"description\":\"Informacja turystyczna o Tarnowie i regionie tarnowskim.\",\"potentialAction\":[{\"@type\":\"SearchAction\",\"target\":{\"@type\":\"EntryPoint\",\"urlTemplate\":\"https:\/\/www.it.tarnow.pl\/?s={search_term_string}\"},\"query-input\":{\"@type\":\"PropertyValueSpecification\",\"valueRequired\":true,\"valueName\":\"search_term_string\"}}],\"inLanguage\":\"fr-FR\"}]}<\/script>\n<!-- \/ Yoast SEO Premium plugin. -->","yoast_head_json":{"title":"En train et bus - Tarnowskie Centrum Informacji","robots":{"index":"index","follow":"follow","max-snippet":"max-snippet:-1","max-image-preview":"max-image-preview:large","max-video-preview":"max-video-preview:-1"},"canonical":"https:\/\/www.it.tarnow.pl\/fr\/acces-transports\/en-train-et-bus\/","og_locale":"fr_FR","og_type":"article","og_title":"En train et bus","og_description":"EN TRAIN &nbsp; Tarn\u00f3w est facilement accesible en transports en commun. Il ya des lignes r\u00e9guliers de grandes villes, y compris Cracovie et Warszawa. Le temps\u00a0de voyage\u00a0de Tarnow: \u00c0 Varsovie [&hellip;]","og_url":"https:\/\/www.it.tarnow.pl\/fr\/acces-transports\/en-train-et-bus\/","og_site_name":"Tarnowskie Centrum Informacji","article_modified_time":"2022-06-19T09:46:30+00:00","og_image":[{"url":"http:\/\/www.it.tarnow.pl\/wp-content\/uploads\/2019\/02\/mapka-EIP_reference.jpg","type":"","width":"","height":""}],"twitter_card":"summary_large_image","twitter_misc":{"Dur\u00e9e de lecture estim\u00e9e":"4 minutes"},"schema":{"@context":"https:\/\/schema.org","@graph":[{"@type":"WebPage","@id":"https:\/\/www.it.tarnow.pl\/fr\/acces-transports\/en-train-et-bus\/","url":"https:\/\/www.it.tarnow.pl\/fr\/acces-transports\/en-train-et-bus\/","name":"En train et bus - Tarnowskie Centrum Informacji","isPartOf":{"@id":"https:\/\/www.it.tarnow.pl\/#website"},"primaryImageOfPage":{"@id":"https:\/\/www.it.tarnow.pl\/fr\/acces-transports\/en-train-et-bus\/#primaryimage"},"image":{"@id":"https:\/\/www.it.tarnow.pl\/fr\/acces-transports\/en-train-et-bus\/#primaryimage"},"thumbnailUrl":"http:\/\/www.it.tarnow.pl\/wp-content\/uploads\/2019\/02\/mapka-EIP_reference.jpg","datePublished":"2018-01-12T13:45:58+00:00","dateModified":"2022-06-19T09:46:30+00:00","breadcrumb":{"@id":"https:\/\/www.it.tarnow.pl\/fr\/acces-transports\/en-train-et-bus\/#breadcrumb"},"inLanguage":"fr-FR","potentialAction":[{"@type":"ReadAction","target":["https:\/\/www.it.tarnow.pl\/fr\/acces-transports\/en-train-et-bus\/"]}]},{"@type":"ImageObject","inLanguage":"fr-FR","@id":"https:\/\/www.it.tarnow.pl\/fr\/acces-transports\/en-train-et-bus\/#primaryimage","url":"http:\/\/www.it.tarnow.pl\/wp-content\/uploads\/2019\/02\/mapka-EIP_reference.jpg","contentUrl":"http:\/\/www.it.tarnow.pl\/wp-content\/uploads\/2019\/02\/mapka-EIP_reference.jpg"},{"@type":"BreadcrumbList","@id":"https:\/\/www.it.tarnow.pl\/fr\/acces-transports\/en-train-et-bus\/#breadcrumb","itemListElement":[{"@type":"ListItem","position":1,"name":"Page d'accueil","item":"https:\/\/www.it.tarnow.pl\/fr\/"},{"@type":"ListItem","position":2,"name":"Acc\u00e8s &amp; Transports","item":"https:\/\/www.it.tarnow.pl\/fr\/acces-transports\/"},{"@type":"ListItem","position":3,"name":"En train et bus"}]},{"@type":"WebSite","@id":"https:\/\/www.it.tarnow.pl\/#website","url":"https:\/\/www.it.tarnow.pl\/","name":"Tarnowskie Centrum Informacji","description":"Informacja turystyczna o Tarnowie i regionie tarnowskim.","potentialAction":[{"@type":"SearchAction","target":{"@type":"EntryPoint","urlTemplate":"https:\/\/www.it.tarnow.pl\/?s={search_term_string}"},"query-input":{"@type":"PropertyValueSpecification","valueRequired":true,"valueName":"search_term_string"}}],"inLanguage":"fr-FR"}]}},"_links":{"self":[{"href":"https:\/\/www.it.tarnow.pl\/fr\/wp-json\/wp\/v2\/pages\/10008","targetHints":{"allow":["GET"]}}],"collection":[{"href":"https:\/\/www.it.tarnow.pl\/fr\/wp-json\/wp\/v2\/pages"}],"about":[{"href":"https:\/\/www.it.tarnow.pl\/fr\/wp-json\/wp\/v2\/types\/page"}],"author":[{"embeddable":true,"href":"https:\/\/www.it.tarnow.pl\/fr\/wp-json\/wp\/v2\/users\/1"}],"replies":[{"embeddable":true,"href":"https:\/\/www.it.tarnow.pl\/fr\/wp-json\/wp\/v2\/comments?post=10008"}],"version-history":[{"count":0,"href":"https:\/\/www.it.tarnow.pl\/fr\/wp-json\/wp\/v2\/pages\/10008\/revisions"}],"up":[{"embeddable":true,"href":"https:\/\/www.it.tarnow.pl\/fr\/wp-json\/wp\/v2\/pages\/10005"}],"wp:attachment":[{"href":"https:\/\/www.it.tarnow.pl\/fr\/wp-json\/wp\/v2\/media?parent=10008"}],"wp:term":[{"taxonomy":"post_tag","embeddable":true,"href":"https:\/\/www.it.tarnow.pl\/fr\/wp-json\/wp\/v2\/tags?post=10008"}],"curies":[{"name":"wp","href":"https:\/\/api.w.org\/{rel}","templated":true}]}}