{"id":10007,"date":"2018-01-12T14:45:10","date_gmt":"2018-01-12T13:45:10","guid":{"rendered":"http:\/\/www.it.tarnow.pl\/en-voiture\/"},"modified":"2024-10-25T08:51:09","modified_gmt":"2024-10-25T06:51:09","slug":"en-voiture","status":"publish","type":"page","link":"https:\/\/www.it.tarnow.pl\/fr\/acces-transports\/en-voiture\/","title":{"rendered":"En voiture"},"content":{"rendered":"<p><b>\u00a0<\/b><\/p>\r\n<p>Tarn\u00f3w est situ\u00e9 \u00e0 80 kilom\u00e8tres \u00e0 l&rsquo;est de Cracovie, sur la route nationale n\u00b0 94 et sur l\u2019autoroute A4. Ceux qui voyagent du sud ou du nord de la Pologne peuvent y arriver en suivant la route 73.<\/p>\r\n<p>&nbsp;<\/p>\r\n<p>Distances de Tarn\u00f3w:<\/p>\r\n<p>L&rsquo;a\u00e9roport international \u00ab\u00a0Cracovie &#8211; Balice\u00a0\u00bb: 90 km<\/p>\r\n<p>Cracovie: 80 km<\/p>\r\n<p>Wieliczka: 70 km<\/p>\r\n<p>Varsovie: 298 km<\/p>\r\n<p>Cz\u0119stochowa: 200 km<\/p>\r\n<p>&nbsp;<\/p>\r\n<p>ViaToll &#8211; taxe routi\u00e8re en Pologne<\/p>\r\n<p>Partez-vous en vacances avec une remorque, un grand camping-car ou un voilier? Renseignez-vous sur le nouveau syst\u00e8me appel\u00e9 VIATOLL qui remplace la vignette polonaise.<\/p>\r\n<p>A partir du 1er juillet 2012, sur 1600 km de routes polonaises une taxe suppl\u00e9mentaire est entr\u00e9e en vigueur. Cette taxe routi\u00e8re concerne toutes les autoroutes (579 km), les voies rapides (554 km) et les routes nationales (432 km) s\u00e9lectionn\u00e9es par la Direction G\u00e9n\u00e9rale des Routes Nationales et des Autoroutes. L&rsquo;enregistrement aux p\u00e9ages est effectu\u00e9 gr\u00e2ce \u00e0 un bo\u00eetier viaBOX sur autoroutes payantes, voies rapides et routes nationales.<\/p>\r\n<p>La taxe concerne tous les v\u00e9hicules dont le poids est sup\u00e9rieur \u00e0 3,5 tonnes, tels que les voitures avec remorques, les autocars de plus de 9 places ou les grands camping-cars.<\/p>\r\n<p>Pour en savoir plus, consulter: <a href=\"https:\/\/etoll.gov.pl\/en\/\">https:\/\/etoll.gov.pl\/en\/<\/a><\/p>\r\n<p>&nbsp;<\/p>\r\n<p><b>Zone de stationnement\u00a0 payant<\/b><\/p>\r\n<p style=\"text-align: left;\"><b>\u00a0<\/b><\/p>\r\n<p style=\"text-align: left;\">On \u00e0 fix\u00e9 sur les routes publiques de Tarn\u00f3w la zone de stationnement\u00a0 payant<\/p>\r\n<p style=\"text-align: left;\">\u00a0 dans la zone d\u00e9limit\u00e9e par les rues : Gabriela Narutowicza, Stanis\u0142awa Konarskiego, Jaros\u0142awa D\u0105browskiego, Hugona Ko\u0142\u0142\u0105taja, Starod\u0105browskiej, S\u0142onecznej, B\u0142ogos\u0142awionego Ksi\u0119dza Romana Sitko, Juliusza S\u0142owackiego, Klikowska, Solidarno\u015bci, J\u00f3zefa Szujskiego, Szkotnik, Ignacego Mo\u015bcickiego, Kazimierza Pu\u0142askiego, Krakowskiej oraz na ulicy Tadeusza Ko\u015bciuszki od ulicy Kazimierza Pu\u0142askiego do ulicy W\u0142adys\u0142awa Reymonta, na ulicy Bartosza G\u0142owackiego od ulicy W\u0142adys\u0142awa Reymonta do ulicy Kazimierza Pu\u0142askiego, Dworcowa\u00a0 ci-apr\u00e8s d\u00e9nomm\u00e9\u00a0et\u00a0 dans\u00a0 la rue Wita Stwosza,\u00a0\u00a0 depuis\u00a0 la rue Narutowicza \u00e0 la rue Towarowa, Dru\u017cbackiej.,\u00a0 ci-apr\u00e8s d\u00e9nomm\u00e9\u00a0 Zone de stationnement\u00a0 payant ( Strefa P\u0142atnego Parkowania \u2013SPP). Zone de stationnement payant inclut \u00e9galement des voies rues d\u00e9signant ses fronti\u00e8res<\/p>\r\n<p style=\"text-align: left;\">Le bureau du SPP\u00a0 se trouve dans le si\u00e8ge\u00a0 des march\u00e9s de quartiers de Tarn\u00f3w (Targowisk Miejskich w Tarnowie), dans la rue Naj\u015bwi\u0119tszej Maryii Panny\u00a0 3\u00a0; t\u00e9l\u00a0: 14 656 45 05.<\/p>\r\n<p style=\"text-align: left;\">Les taxes\u00a0 pour le stationnement\u00a0 dans la zone\u00a0 de stationnement\u00a0 payant\u00a0 son obliatoires de lundi \u00e0 vendredi entre 9 h et 16 h (entre 8h et 18h &#8211; depuis 1.01.2025).<\/p>\r\n<p style=\"text-align: left;\">\u00a0<\/p>\r\n<p style=\"text-align: left;\"><b>Les taxes dans la zone de stationnement payant a Tarn\u00f3w<\/b> <br \/>\r\n<br \/>\r\n<\/p>\r\n<ul>\r\n\t<li>pour la 1re heure de stationnement &#8211; 3,90 PLN<\/li>\r\n\t<li>pour 2e heures de stationnement &#8211; 4,60 PLN<\/li>\r\n\t<li>pour 3e heures de stationnement &#8211; 5,40 PLN\u00a0<\/li>\r\n\t<li>pour 3e heures et\u00a0 chaque heure suppl\u00e9mentaire &#8211; 3,90 PLN\u00a0<\/li>\r\n<\/ul>\r\n<p>Les frais de stationnement sont calcul\u00e9s pour chaque minute &#8211; en proportion du temps de stationnement d\u00e9clar\u00e9 dans le SPP, le tarif le plus bas pour le stationnement dans le SPP commence de 1,00 PLN.<\/p>\r\n<p style=\"text-align: left;\">\u00a0<\/p>\r\n<p style=\"text-align: left;\">On peut effectuer le paiement en choisissant un des moyens suivants :<\/p>\r\n<ol>\r\n\t<li>par le ticket de parking achet\u00e9 dans le parcm\u00e8tre ( le paiement en esp\u00e8ces, par carte bancaire ou municipale )<\/li>\r\n\t<li>par une carte de stationnement achet\u00e9 dans les kiosques et magasins marqu\u00e9s d&rsquo;un \u00ab\u00a0P\u00a0\u00bb<\/li>\r\n\t<li>par un syst\u00e8me Pango <a href=\"http:\/\/www.pango.pl\">http:\/\/www.pango.pl<\/a><\/li>\r\n\t<li>poprzez aplikacj\u0119 SKYCASH <a href=\"http:\/\/www.skycash.pl\">www.skycash.pl<\/a><\/li>\r\n<\/ol>\r\n<p><strong>La zone de stationement payant:<\/strong><\/p>\r\n<p>&nbsp;<\/p>\r\n<p><iframe loading=\"lazy\" src=\"https:\/\/mapsengine.google.com\/map\/embed?mid=zBQFYyJ7D-_A.kCqO5NJro9Yg\" width=\"648\" height=\"480\"><\/iframe><\/p>","protected":false},"excerpt":{"rendered":"\u00a0 Tarn\u00f3w est situ\u00e9 \u00e0 80 kilom\u00e8tres \u00e0 l&rsquo;est de Cracovie, sur la route nationale n\u00b0 94 et sur l\u2019autoroute A4. Ceux qui voyagent du sud ou du nord de [&hellip;]","protected":false},"author":1,"featured_media":0,"parent":10005,"menu_order":653,"comment_status":"closed","ping_status":"closed","template":"","meta":{"_acf_changed":false,"footnotes":""},"tags":[],"class_list":["post-10007","page","type-page","status-publish","hentry"],"acf":{"old_object_id":"24306","old_parent_id":"231","old_url":"Acces-Transports\/En-voiture","intro_text":"","class":"folder","type":"single","in_menu":true,"show_date":false,"map":"","old_id":"","top_column":"","left_column":"","right_column":"","bottom_column":"","show_children":"","skip_import":false,"_menu_related_id":"102261","rooms_info":""},"yoast_head":"<!-- This site is optimized with the Yoast SEO Premium plugin v25.4 (Yoast SEO v25.4) - https:\/\/yoast.com\/wordpress\/plugins\/seo\/ -->\n<title>En voiture - Tarnowskie Centrum Informacji<\/title>\n<meta name=\"robots\" content=\"index, follow, max-snippet:-1, max-image-preview:large, max-video-preview:-1\" \/>\n<link rel=\"canonical\" href=\"https:\/\/www.it.tarnow.pl\/fr\/acces-transports\/en-voiture\/\" \/>\n<meta property=\"og:locale\" content=\"fr_FR\" \/>\n<meta property=\"og:type\" content=\"article\" \/>\n<meta property=\"og:title\" content=\"En voiture\" \/>\n<meta property=\"og:description\" content=\"\u00a0 Tarn\u00f3w est situ\u00e9 \u00e0 80 kilom\u00e8tres \u00e0 l&rsquo;est de Cracovie, sur la route nationale n\u00b0 94 et sur l\u2019autoroute A4. Ceux qui voyagent du sud ou du nord de [&hellip;]\" \/>\n<meta property=\"og:url\" content=\"https:\/\/www.it.tarnow.pl\/fr\/acces-transports\/en-voiture\/\" \/>\n<meta property=\"og:site_name\" content=\"Tarnowskie Centrum Informacji\" \/>\n<meta property=\"article:modified_time\" content=\"2024-10-25T06:51:09+00:00\" \/>\n<meta name=\"twitter:card\" content=\"summary_large_image\" \/>\n<meta name=\"twitter:label1\" content=\"Dur\u00e9e de lecture estim\u00e9e\" \/>\n\t<meta name=\"twitter:data1\" content=\"4 minutes\" \/>\n<script type=\"application\/ld+json\" class=\"yoast-schema-graph\">{\"@context\":\"https:\/\/schema.org\",\"@graph\":[{\"@type\":\"WebPage\",\"@id\":\"https:\/\/www.it.tarnow.pl\/fr\/acces-transports\/en-voiture\/\",\"url\":\"https:\/\/www.it.tarnow.pl\/fr\/acces-transports\/en-voiture\/\",\"name\":\"En voiture - Tarnowskie Centrum Informacji\",\"isPartOf\":{\"@id\":\"https:\/\/www.it.tarnow.pl\/#website\"},\"datePublished\":\"2018-01-12T13:45:10+00:00\",\"dateModified\":\"2024-10-25T06:51:09+00:00\",\"breadcrumb\":{\"@id\":\"https:\/\/www.it.tarnow.pl\/fr\/acces-transports\/en-voiture\/#breadcrumb\"},\"inLanguage\":\"fr-FR\",\"potentialAction\":[{\"@type\":\"ReadAction\",\"target\":[\"https:\/\/www.it.tarnow.pl\/fr\/acces-transports\/en-voiture\/\"]}]},{\"@type\":\"BreadcrumbList\",\"@id\":\"https:\/\/www.it.tarnow.pl\/fr\/acces-transports\/en-voiture\/#breadcrumb\",\"itemListElement\":[{\"@type\":\"ListItem\",\"position\":1,\"name\":\"Page d'accueil\",\"item\":\"https:\/\/www.it.tarnow.pl\/fr\/\"},{\"@type\":\"ListItem\",\"position\":2,\"name\":\"Acc\u00e8s &amp; Transports\",\"item\":\"https:\/\/www.it.tarnow.pl\/fr\/acces-transports\/\"},{\"@type\":\"ListItem\",\"position\":3,\"name\":\"En voiture\"}]},{\"@type\":\"WebSite\",\"@id\":\"https:\/\/www.it.tarnow.pl\/#website\",\"url\":\"https:\/\/www.it.tarnow.pl\/\",\"name\":\"Tarnowskie Centrum Informacji\",\"description\":\"Informacja turystyczna o Tarnowie i regionie tarnowskim.\",\"potentialAction\":[{\"@type\":\"SearchAction\",\"target\":{\"@type\":\"EntryPoint\",\"urlTemplate\":\"https:\/\/www.it.tarnow.pl\/?s={search_term_string}\"},\"query-input\":{\"@type\":\"PropertyValueSpecification\",\"valueRequired\":true,\"valueName\":\"search_term_string\"}}],\"inLanguage\":\"fr-FR\"}]}<\/script>\n<!-- \/ Yoast SEO Premium plugin. -->","yoast_head_json":{"title":"En voiture - Tarnowskie Centrum Informacji","robots":{"index":"index","follow":"follow","max-snippet":"max-snippet:-1","max-image-preview":"max-image-preview:large","max-video-preview":"max-video-preview:-1"},"canonical":"https:\/\/www.it.tarnow.pl\/fr\/acces-transports\/en-voiture\/","og_locale":"fr_FR","og_type":"article","og_title":"En voiture","og_description":"\u00a0 Tarn\u00f3w est situ\u00e9 \u00e0 80 kilom\u00e8tres \u00e0 l&rsquo;est de Cracovie, sur la route nationale n\u00b0 94 et sur l\u2019autoroute A4. Ceux qui voyagent du sud ou du nord de [&hellip;]","og_url":"https:\/\/www.it.tarnow.pl\/fr\/acces-transports\/en-voiture\/","og_site_name":"Tarnowskie Centrum Informacji","article_modified_time":"2024-10-25T06:51:09+00:00","twitter_card":"summary_large_image","twitter_misc":{"Dur\u00e9e de lecture estim\u00e9e":"4 minutes"},"schema":{"@context":"https:\/\/schema.org","@graph":[{"@type":"WebPage","@id":"https:\/\/www.it.tarnow.pl\/fr\/acces-transports\/en-voiture\/","url":"https:\/\/www.it.tarnow.pl\/fr\/acces-transports\/en-voiture\/","name":"En voiture - Tarnowskie Centrum Informacji","isPartOf":{"@id":"https:\/\/www.it.tarnow.pl\/#website"},"datePublished":"2018-01-12T13:45:10+00:00","dateModified":"2024-10-25T06:51:09+00:00","breadcrumb":{"@id":"https:\/\/www.it.tarnow.pl\/fr\/acces-transports\/en-voiture\/#breadcrumb"},"inLanguage":"fr-FR","potentialAction":[{"@type":"ReadAction","target":["https:\/\/www.it.tarnow.pl\/fr\/acces-transports\/en-voiture\/"]}]},{"@type":"BreadcrumbList","@id":"https:\/\/www.it.tarnow.pl\/fr\/acces-transports\/en-voiture\/#breadcrumb","itemListElement":[{"@type":"ListItem","position":1,"name":"Page d'accueil","item":"https:\/\/www.it.tarnow.pl\/fr\/"},{"@type":"ListItem","position":2,"name":"Acc\u00e8s &amp; Transports","item":"https:\/\/www.it.tarnow.pl\/fr\/acces-transports\/"},{"@type":"ListItem","position":3,"name":"En voiture"}]},{"@type":"WebSite","@id":"https:\/\/www.it.tarnow.pl\/#website","url":"https:\/\/www.it.tarnow.pl\/","name":"Tarnowskie Centrum Informacji","description":"Informacja turystyczna o Tarnowie i regionie tarnowskim.","potentialAction":[{"@type":"SearchAction","target":{"@type":"EntryPoint","urlTemplate":"https:\/\/www.it.tarnow.pl\/?s={search_term_string}"},"query-input":{"@type":"PropertyValueSpecification","valueRequired":true,"valueName":"search_term_string"}}],"inLanguage":"fr-FR"}]}},"_links":{"self":[{"href":"https:\/\/www.it.tarnow.pl\/fr\/wp-json\/wp\/v2\/pages\/10007","targetHints":{"allow":["GET"]}}],"collection":[{"href":"https:\/\/www.it.tarnow.pl\/fr\/wp-json\/wp\/v2\/pages"}],"about":[{"href":"https:\/\/www.it.tarnow.pl\/fr\/wp-json\/wp\/v2\/types\/page"}],"author":[{"embeddable":true,"href":"https:\/\/www.it.tarnow.pl\/fr\/wp-json\/wp\/v2\/users\/1"}],"replies":[{"embeddable":true,"href":"https:\/\/www.it.tarnow.pl\/fr\/wp-json\/wp\/v2\/comments?post=10007"}],"version-history":[{"count":2,"href":"https:\/\/www.it.tarnow.pl\/fr\/wp-json\/wp\/v2\/pages\/10007\/revisions"}],"predecessor-version":[{"id":295729,"href":"https:\/\/www.it.tarnow.pl\/fr\/wp-json\/wp\/v2\/pages\/10007\/revisions\/295729"}],"up":[{"embeddable":true,"href":"https:\/\/www.it.tarnow.pl\/fr\/wp-json\/wp\/v2\/pages\/10005"}],"wp:attachment":[{"href":"https:\/\/www.it.tarnow.pl\/fr\/wp-json\/wp\/v2\/media?parent=10007"}],"wp:term":[{"taxonomy":"post_tag","embeddable":true,"href":"https:\/\/www.it.tarnow.pl\/fr\/wp-json\/wp\/v2\/tags?post=10007"}],"curies":[{"name":"wp","href":"https:\/\/api.w.org\/{rel}","templated":true}]}}