{"id":10006,"date":"2018-01-12T14:43:51","date_gmt":"2018-01-12T13:43:51","guid":{"rendered":"http:\/\/www.it.tarnow.pl\/en-avion\/"},"modified":"2023-04-06T17:52:54","modified_gmt":"2023-04-06T15:52:54","slug":"en-avion","status":"publish","type":"page","link":"https:\/\/www.it.tarnow.pl\/fr\/acces-transports\/en-avion\/","title":{"rendered":"En avion"},"content":{"rendered":"<p>&nbsp;<\/p>\r\n<p><b>A\u00e9roport pour des avions\u00a0l\u00e9gers: la rue Lotnicza\u00a0\u00e0\u00a0Tarn\u00f3w<\/b><\/p>\r\n<p><a class=\"target_blank\" href=\"http:\/\/www.azt.tarman.pl\/\">www.azt.tarman.pl<\/a> <br \/>\r\n\u00a0<\/p>\r\n<p><b>A\u00e9roports internationaux \u00e0 proxiomit\u00e9 de Tarn\u00f3w:<\/b><\/p>\r\n<p>&nbsp;<\/p>\r\n<p>A\u00e9roport <a class=\"target_blank\" href=\"http:\/\/www.lotnisko-balice.pl\/\">Krak\u00f3w &#8211; Balice<\/a> \u00a0est situ\u00e9e 90 km\u00a0de Tarn\u00f3w.<b>\u00a0<\/b><\/p>\r\n<p>&nbsp;<\/p>\r\n<p>Acc\u00e8s de\u00a0l&rsquo;a\u00e9roport Krak\u00f3w-Balice \u00e0 Tarn\u00f3w.<\/p>\r\n<p>1. De l&rsquo;a\u00e9roport \u00e0 la Gare Centrale \u00e0 Cracovie:<\/p>\r\n<ul>\r\n\t<li><a href=\"https:\/\/kolejemalopolskie.com.pl\/index.php\">en train\u00a0<\/a> &#8211; les d\u00e9parts sont toutes les 30 minutes, le trajet dure \u00e0 peu pr\u00e8s\u00a0\u00a020 minutes<\/li>\r\n<\/ul>\r\n<ul>\r\n\t<li>ou <a href=\"https:\/\/rozklady.mpk.krakow.pl\/?akcja=index&amp;rozklad=20220409&amp;lang=FR\">en autobus<\/a> MPK Krak\u00f3w &#8211; horaires de bus <a href=\"http:\/\/rozklady.mpk.krakow.pl\/\">http:\/\/rozklady.mpk.krakow.pl\/<\/a><\/li>\r\n<\/ul>\r\n<p><img loading=\"lazy\" decoding=\"async\" width=\"400\" height=\"300\" class=\"size-medium alignright wp-image-30535\" src=\"http:\/\/www.it.tarnow.pl\/wp-content\/uploads\/2019\/02\/Dworzec-PKP-24-400x300.jpg\" alt=\"\" srcset=\"https:\/\/www.it.tarnow.pl\/wp-content\/uploads\/2019\/02\/Dworzec-PKP-24-400x300.jpg 400w, https:\/\/www.it.tarnow.pl\/wp-content\/uploads\/2019\/02\/Dworzec-PKP-24-300x225.jpg 300w, https:\/\/www.it.tarnow.pl\/wp-content\/uploads\/2019\/02\/Dworzec-PKP-24.jpg 643w\" sizes=\"auto, (max-width: 400px) 100vw, 400px\" \/><\/p>\r\n<p>&nbsp;<\/p>\r\n<p>2. Et ensuite\u00a0 acc\u00e8s de la Gare Centrale de Cracovie \u00e0 Tarn\u00f3w:<\/p>\r\n<ul>\r\n\t<li>\u00a0en <a href=\"http:\/\/www.rozklad-pkp.pl\/\">train\u00a0<\/a> &#8211; les d\u00e9parts sont toutes les 20-40 minutes, le trajet dure \u00e0 peu pr\u00e8s:\r\n\r\n<ul>\r\n\t<li>\u00a0train local (SKA3) Koleje Ma\u0142opolskie et (Regio) Polregio\u00a0 \u2013\u00a0 60 &#8211; 80 minutes<\/li>\r\n\t<li>\u00a0train rapide (IC, TLK) et express (EIP Pendolino) \u2013\u00a0 45-60 minutes.<\/li>\r\n<\/ul>\r\n<\/li>\r\n<\/ul>\r\n<p>&nbsp;<\/p>\r\n<p><a href=\"https:\/\/www.krakowairport.pl\/pl\"><strong>Acc\u00e8s \u00e0 l&rsquo;a\u00e9roport et de l&rsquo;a\u00e9roport Balice<\/strong><\/a><\/p>\r\n<p>&nbsp;<\/p>\r\n<p>A\u00e9roport <a class=\"target_blank\" href=\"https:\/\/www.rzeszowairport.pl\/en\">Rzesz\u00f3w &#8211; Jasionka<\/a> est situ\u00e9e 90 km\u00a0de Tarn\u00f3w.<\/p>\r\n<p>Acc\u00e8s de\u00a0l&rsquo;a\u00e9roport Rzesz\u00f3w &#8211; Jasionka \u00e0 Tarn\u00f3w:\u00a0<\/p>\r\n<ol>\r\n\t<li>De l&rsquo;a\u00e9roport Jasionka \u00e0 la Gare Centrale (ferroviaire) \u00e0 Rzesz\u00f3w: <a href=\"https:\/\/www.rzeszowairport.pl\/pl\/pasazer\/dojazd-i-parking\/dojazd-samochodem\">https:\/\/www.rzeszowairport.pl\/pl\/pasazer\/dojazd-i-parking\/dojazd-samochodem<\/a><\/li>\r\n\t<li>\r\n<p>\u00a0Et ensuite acc\u00e8s en train de la Gare Centrale de Cracovie \u00e0 Tarn\u00f3w:<\/p>\r\n\r\nensuite en train <a href=\"http:\/\/www.rozklad-pkp.pl\/\">train\u00a0<\/a> &#8211; les d\u00e9parts sont toutes les 60 minutes, le trajet dure \u00e0 peu pr\u00e8s:\r\n\r\n<ul>\r\n\t<li>\u00a0train local (Regio) Polregio\u00a0 \u2013\u00a0 50 &#8211; 70 minutes<\/li>\r\n\t<li>\u00a0train rapide (IC, TLK) et express (EIP Pendolino) \u2013\u00a0 40-45 minutes.<\/li>\r\n<\/ul>\r\n<\/li>\r\n<\/ol>\r\n<p>&nbsp;<\/p>\r\n<p><a href=\"https:\/\/www.rzeszowairport.pl\/pl\/pasazer\/dojazd-i-parking\/dojazd-samochodem\"><strong>Acc\u00e8s \u00e0 l&rsquo;a\u00e9roport et de l&rsquo;a\u00e9roport Jasionka<\/strong><\/a><\/p>\r\n<p>&nbsp;<\/p>","protected":false},"excerpt":{"rendered":"&nbsp; A\u00e9roport pour des avions\u00a0l\u00e9gers: la rue Lotnicza\u00a0\u00e0\u00a0Tarn\u00f3w www.azt.tarman.pl \u00a0 A\u00e9roports internationaux \u00e0 proxiomit\u00e9 de Tarn\u00f3w: &nbsp; A\u00e9roport Krak\u00f3w &#8211; Balice \u00a0est situ\u00e9e 90 km\u00a0de Tarn\u00f3w.\u00a0 &nbsp; Acc\u00e8s de\u00a0l&rsquo;a\u00e9roport Krak\u00f3w-Balice [&hellip;]","protected":false},"author":1,"featured_media":0,"parent":10005,"menu_order":649,"comment_status":"closed","ping_status":"closed","template":"","meta":{"_acf_changed":false,"footnotes":""},"tags":[],"class_list":["post-10006","page","type-page","status-publish","hentry"],"acf":{"old_object_id":"24305","old_parent_id":"231","old_url":"Acces-Transports\/En-avion","intro_text":"","class":"folder","type":"single","in_menu":true,"show_date":false,"map":"","old_id":"","rooms_info":"","top_column":"","left_column":"","right_column":"","bottom_column":"","show_children":"","skip_import":false,"_menu_related_id":"102259"},"yoast_head":"<!-- This site is optimized with the Yoast SEO Premium plugin v25.4 (Yoast SEO v25.4) - https:\/\/yoast.com\/wordpress\/plugins\/seo\/ -->\n<title>En avion - Tarnowskie Centrum Informacji<\/title>\n<meta name=\"robots\" content=\"index, follow, max-snippet:-1, max-image-preview:large, max-video-preview:-1\" \/>\n<link rel=\"canonical\" href=\"https:\/\/www.it.tarnow.pl\/fr\/acces-transports\/en-avion\/\" \/>\n<meta property=\"og:locale\" content=\"fr_FR\" \/>\n<meta property=\"og:type\" content=\"article\" \/>\n<meta property=\"og:title\" content=\"En avion\" \/>\n<meta property=\"og:description\" content=\"&nbsp; A\u00e9roport pour des avions\u00a0l\u00e9gers: la rue Lotnicza\u00a0\u00e0\u00a0Tarn\u00f3w www.azt.tarman.pl \u00a0 A\u00e9roports internationaux \u00e0 proxiomit\u00e9 de Tarn\u00f3w: &nbsp; A\u00e9roport Krak\u00f3w &#8211; Balice \u00a0est situ\u00e9e 90 km\u00a0de Tarn\u00f3w.\u00a0 &nbsp; Acc\u00e8s de\u00a0l&rsquo;a\u00e9roport Krak\u00f3w-Balice [&hellip;]\" \/>\n<meta property=\"og:url\" content=\"https:\/\/www.it.tarnow.pl\/fr\/acces-transports\/en-avion\/\" \/>\n<meta property=\"og:site_name\" content=\"Tarnowskie Centrum Informacji\" \/>\n<meta property=\"article:modified_time\" content=\"2023-04-06T15:52:54+00:00\" \/>\n<meta property=\"og:image\" content=\"http:\/\/www.it.tarnow.pl\/wp-content\/uploads\/2019\/02\/Dworzec-PKP-24-400x300.jpg\" \/>\n<meta name=\"twitter:card\" content=\"summary_large_image\" \/>\n<meta name=\"twitter:label1\" content=\"Dur\u00e9e de lecture estim\u00e9e\" \/>\n\t<meta name=\"twitter:data1\" content=\"1 minute\" \/>\n<script type=\"application\/ld+json\" class=\"yoast-schema-graph\">{\"@context\":\"https:\/\/schema.org\",\"@graph\":[{\"@type\":\"WebPage\",\"@id\":\"https:\/\/www.it.tarnow.pl\/fr\/acces-transports\/en-avion\/\",\"url\":\"https:\/\/www.it.tarnow.pl\/fr\/acces-transports\/en-avion\/\",\"name\":\"En avion - Tarnowskie Centrum Informacji\",\"isPartOf\":{\"@id\":\"https:\/\/www.it.tarnow.pl\/#website\"},\"primaryImageOfPage\":{\"@id\":\"https:\/\/www.it.tarnow.pl\/fr\/acces-transports\/en-avion\/#primaryimage\"},\"image\":{\"@id\":\"https:\/\/www.it.tarnow.pl\/fr\/acces-transports\/en-avion\/#primaryimage\"},\"thumbnailUrl\":\"http:\/\/www.it.tarnow.pl\/wp-content\/uploads\/2019\/02\/Dworzec-PKP-24-400x300.jpg\",\"datePublished\":\"2018-01-12T13:43:51+00:00\",\"dateModified\":\"2023-04-06T15:52:54+00:00\",\"breadcrumb\":{\"@id\":\"https:\/\/www.it.tarnow.pl\/fr\/acces-transports\/en-avion\/#breadcrumb\"},\"inLanguage\":\"fr-FR\",\"potentialAction\":[{\"@type\":\"ReadAction\",\"target\":[\"https:\/\/www.it.tarnow.pl\/fr\/acces-transports\/en-avion\/\"]}]},{\"@type\":\"ImageObject\",\"inLanguage\":\"fr-FR\",\"@id\":\"https:\/\/www.it.tarnow.pl\/fr\/acces-transports\/en-avion\/#primaryimage\",\"url\":\"http:\/\/www.it.tarnow.pl\/wp-content\/uploads\/2019\/02\/Dworzec-PKP-24-400x300.jpg\",\"contentUrl\":\"http:\/\/www.it.tarnow.pl\/wp-content\/uploads\/2019\/02\/Dworzec-PKP-24-400x300.jpg\"},{\"@type\":\"BreadcrumbList\",\"@id\":\"https:\/\/www.it.tarnow.pl\/fr\/acces-transports\/en-avion\/#breadcrumb\",\"itemListElement\":[{\"@type\":\"ListItem\",\"position\":1,\"name\":\"Page d'accueil\",\"item\":\"https:\/\/www.it.tarnow.pl\/fr\/\"},{\"@type\":\"ListItem\",\"position\":2,\"name\":\"Acc\u00e8s &amp; Transports\",\"item\":\"https:\/\/www.it.tarnow.pl\/fr\/acces-transports\/\"},{\"@type\":\"ListItem\",\"position\":3,\"name\":\"En avion\"}]},{\"@type\":\"WebSite\",\"@id\":\"https:\/\/www.it.tarnow.pl\/#website\",\"url\":\"https:\/\/www.it.tarnow.pl\/\",\"name\":\"Tarnowskie Centrum Informacji\",\"description\":\"Informacja turystyczna o Tarnowie i regionie tarnowskim.\",\"potentialAction\":[{\"@type\":\"SearchAction\",\"target\":{\"@type\":\"EntryPoint\",\"urlTemplate\":\"https:\/\/www.it.tarnow.pl\/?s={search_term_string}\"},\"query-input\":{\"@type\":\"PropertyValueSpecification\",\"valueRequired\":true,\"valueName\":\"search_term_string\"}}],\"inLanguage\":\"fr-FR\"}]}<\/script>\n<!-- \/ Yoast SEO Premium plugin. -->","yoast_head_json":{"title":"En avion - Tarnowskie Centrum Informacji","robots":{"index":"index","follow":"follow","max-snippet":"max-snippet:-1","max-image-preview":"max-image-preview:large","max-video-preview":"max-video-preview:-1"},"canonical":"https:\/\/www.it.tarnow.pl\/fr\/acces-transports\/en-avion\/","og_locale":"fr_FR","og_type":"article","og_title":"En avion","og_description":"&nbsp; A\u00e9roport pour des avions\u00a0l\u00e9gers: la rue Lotnicza\u00a0\u00e0\u00a0Tarn\u00f3w www.azt.tarman.pl \u00a0 A\u00e9roports internationaux \u00e0 proxiomit\u00e9 de Tarn\u00f3w: &nbsp; A\u00e9roport Krak\u00f3w &#8211; Balice \u00a0est situ\u00e9e 90 km\u00a0de Tarn\u00f3w.\u00a0 &nbsp; Acc\u00e8s de\u00a0l&rsquo;a\u00e9roport Krak\u00f3w-Balice [&hellip;]","og_url":"https:\/\/www.it.tarnow.pl\/fr\/acces-transports\/en-avion\/","og_site_name":"Tarnowskie Centrum Informacji","article_modified_time":"2023-04-06T15:52:54+00:00","og_image":[{"url":"http:\/\/www.it.tarnow.pl\/wp-content\/uploads\/2019\/02\/Dworzec-PKP-24-400x300.jpg","type":"","width":"","height":""}],"twitter_card":"summary_large_image","twitter_misc":{"Dur\u00e9e de lecture estim\u00e9e":"1 minute"},"schema":{"@context":"https:\/\/schema.org","@graph":[{"@type":"WebPage","@id":"https:\/\/www.it.tarnow.pl\/fr\/acces-transports\/en-avion\/","url":"https:\/\/www.it.tarnow.pl\/fr\/acces-transports\/en-avion\/","name":"En avion - Tarnowskie Centrum Informacji","isPartOf":{"@id":"https:\/\/www.it.tarnow.pl\/#website"},"primaryImageOfPage":{"@id":"https:\/\/www.it.tarnow.pl\/fr\/acces-transports\/en-avion\/#primaryimage"},"image":{"@id":"https:\/\/www.it.tarnow.pl\/fr\/acces-transports\/en-avion\/#primaryimage"},"thumbnailUrl":"http:\/\/www.it.tarnow.pl\/wp-content\/uploads\/2019\/02\/Dworzec-PKP-24-400x300.jpg","datePublished":"2018-01-12T13:43:51+00:00","dateModified":"2023-04-06T15:52:54+00:00","breadcrumb":{"@id":"https:\/\/www.it.tarnow.pl\/fr\/acces-transports\/en-avion\/#breadcrumb"},"inLanguage":"fr-FR","potentialAction":[{"@type":"ReadAction","target":["https:\/\/www.it.tarnow.pl\/fr\/acces-transports\/en-avion\/"]}]},{"@type":"ImageObject","inLanguage":"fr-FR","@id":"https:\/\/www.it.tarnow.pl\/fr\/acces-transports\/en-avion\/#primaryimage","url":"http:\/\/www.it.tarnow.pl\/wp-content\/uploads\/2019\/02\/Dworzec-PKP-24-400x300.jpg","contentUrl":"http:\/\/www.it.tarnow.pl\/wp-content\/uploads\/2019\/02\/Dworzec-PKP-24-400x300.jpg"},{"@type":"BreadcrumbList","@id":"https:\/\/www.it.tarnow.pl\/fr\/acces-transports\/en-avion\/#breadcrumb","itemListElement":[{"@type":"ListItem","position":1,"name":"Page d'accueil","item":"https:\/\/www.it.tarnow.pl\/fr\/"},{"@type":"ListItem","position":2,"name":"Acc\u00e8s &amp; Transports","item":"https:\/\/www.it.tarnow.pl\/fr\/acces-transports\/"},{"@type":"ListItem","position":3,"name":"En avion"}]},{"@type":"WebSite","@id":"https:\/\/www.it.tarnow.pl\/#website","url":"https:\/\/www.it.tarnow.pl\/","name":"Tarnowskie Centrum Informacji","description":"Informacja turystyczna o Tarnowie i regionie tarnowskim.","potentialAction":[{"@type":"SearchAction","target":{"@type":"EntryPoint","urlTemplate":"https:\/\/www.it.tarnow.pl\/?s={search_term_string}"},"query-input":{"@type":"PropertyValueSpecification","valueRequired":true,"valueName":"search_term_string"}}],"inLanguage":"fr-FR"}]}},"_links":{"self":[{"href":"https:\/\/www.it.tarnow.pl\/fr\/wp-json\/wp\/v2\/pages\/10006","targetHints":{"allow":["GET"]}}],"collection":[{"href":"https:\/\/www.it.tarnow.pl\/fr\/wp-json\/wp\/v2\/pages"}],"about":[{"href":"https:\/\/www.it.tarnow.pl\/fr\/wp-json\/wp\/v2\/types\/page"}],"author":[{"embeddable":true,"href":"https:\/\/www.it.tarnow.pl\/fr\/wp-json\/wp\/v2\/users\/1"}],"replies":[{"embeddable":true,"href":"https:\/\/www.it.tarnow.pl\/fr\/wp-json\/wp\/v2\/comments?post=10006"}],"version-history":[{"count":0,"href":"https:\/\/www.it.tarnow.pl\/fr\/wp-json\/wp\/v2\/pages\/10006\/revisions"}],"up":[{"embeddable":true,"href":"https:\/\/www.it.tarnow.pl\/fr\/wp-json\/wp\/v2\/pages\/10005"}],"wp:attachment":[{"href":"https:\/\/www.it.tarnow.pl\/fr\/wp-json\/wp\/v2\/media?parent=10006"}],"wp:term":[{"taxonomy":"post_tag","embeddable":true,"href":"https:\/\/www.it.tarnow.pl\/fr\/wp-json\/wp\/v2\/tags?post=10006"}],"curies":[{"name":"wp","href":"https:\/\/api.w.org\/{rel}","templated":true}]}}