{"id":10005,"date":"2009-11-30T12:15:52","date_gmt":"2009-11-30T11:15:52","guid":{"rendered":"http:\/\/www.it.tarnow.pl\/acces-transports\/"},"modified":"2023-04-06T17:30:58","modified_gmt":"2023-04-06T15:30:58","slug":"acces-transports","status":"publish","type":"page","link":"https:\/\/www.it.tarnow.pl\/fr\/acces-transports\/","title":{"rendered":"Acc\u00e8s &amp; Transports"},"content":{"rendered":"<p><img loading=\"lazy\" decoding=\"async\" width=\"650\" height=\"158\" class=\"size-imagelarge wp-image-37068\" src=\"http:\/\/www.it.tarnow.pl\/wp-content\/uploads\/2019\/02\/dworzec-panorama-02_2_1m_reference.jpg\" alt=\"\" srcset=\"https:\/\/www.it.tarnow.pl\/wp-content\/uploads\/2019\/02\/dworzec-panorama-02_2_1m_reference.jpg 650w, https:\/\/www.it.tarnow.pl\/wp-content\/uploads\/2019\/02\/dworzec-panorama-02_2_1m_reference-300x73.jpg 300w\" sizes=\"auto, (max-width: 650px) 100vw, 650px\" \/><\/p>\r\n<p>&nbsp;<\/p>\r\n<p>&nbsp;<\/p>\r\n<p><b>Moteur de recherche de voyage\u00a0 (transport de bus et de train \u00e0 longue distance)<\/b><\/p>\r\n<p>&nbsp;<\/p>\r\n<p><a href=\"http:\/\/www.e-podroznik.pl\/\">www.e-podroznik.pl<\/a> \u00a0(Il est recommand\u00e9 aussi de t\u00e9l\u00e9charger l&rsquo;application mobile\u00a0<a href=\"https:\/\/play.google.com\/store\/apps\/details?id=com.inno.epodroznik.android\">pobranie aplikacji mobilnej\u00a0<\/a> <a href=\"https:\/\/play.google.com\/store\/apps\/details?id=com.inno.epodroznik.android\"><i>e-podr\u00f3\u017cnik.pl<\/i><\/a> )<\/p>\r\n<p><a href=\"http:\/\/www.rozklady.com.pl\/\">www.rozklady.com.pl<\/a><\/p>\r\n<p><a href=\"http:\/\/www.autobusowyrozkladjazdy.pl\/\">www.autobusowyrozkladjazdy.pl<\/a><\/p>\r\n<p><a href=\"https:\/\/dworzeconline.pl\/\">dworzeconline.pl<\/a><\/p>\r\n<p><a class=\"target_blank\" href=\"http:\/\/www.rozklad-pkp.pl\">www.rozklad-pkp.pl<\/a> (seulement de train)<\/p>\r\n<p>&nbsp;<\/p>","protected":false},"excerpt":{"rendered":"&nbsp; &nbsp; Moteur de recherche de voyage\u00a0 (transport de bus et de train \u00e0 longue distance) &nbsp; www.e-podroznik.pl \u00a0(Il est recommand\u00e9 aussi de t\u00e9l\u00e9charger l&rsquo;application mobile\u00a0pobranie aplikacji mobilnej\u00a0 e-podr\u00f3\u017cnik.pl ) [&hellip;]","protected":false},"author":1,"featured_media":0,"parent":0,"menu_order":528,"comment_status":"closed","ping_status":"closed","template":"","meta":{"_acf_changed":false,"footnotes":""},"tags":[],"class_list":["post-10005","page","type-page","status-publish","hentry"],"acf":{"old_object_id":"231","old_parent_id":"65","old_url":"Acces-Transports","intro_text":"","show_children":"1","class":"folder","type":"page","in_menu":true,"show_date":false,"map":"","old_id":"","rooms_info":"","top_column":"","left_column":"","right_column":"","bottom_column":"","skip_import":false,"_menu_related_id":"102258"},"yoast_head":"<!-- This site is optimized with the Yoast SEO Premium plugin v25.4 (Yoast SEO v25.4) - https:\/\/yoast.com\/wordpress\/plugins\/seo\/ -->\n<title>Acc\u00e8s &amp; Transports - Tarnowskie Centrum Informacji<\/title>\n<meta name=\"robots\" content=\"index, follow, max-snippet:-1, max-image-preview:large, max-video-preview:-1\" \/>\n<link rel=\"canonical\" href=\"https:\/\/www.it.tarnow.pl\/fr\/acces-transports\/\" \/>\n<meta property=\"og:locale\" content=\"fr_FR\" \/>\n<meta property=\"og:type\" content=\"article\" \/>\n<meta property=\"og:title\" content=\"Acc\u00e8s &amp; Transports\" \/>\n<meta property=\"og:description\" content=\"&nbsp; &nbsp; Moteur de recherche de voyage\u00a0 (transport de bus et de train \u00e0 longue distance) &nbsp; www.e-podroznik.pl \u00a0(Il est recommand\u00e9 aussi de t\u00e9l\u00e9charger l&rsquo;application mobile\u00a0pobranie aplikacji mobilnej\u00a0 e-podr\u00f3\u017cnik.pl ) [&hellip;]\" \/>\n<meta property=\"og:url\" content=\"https:\/\/www.it.tarnow.pl\/fr\/acces-transports\/\" \/>\n<meta property=\"og:site_name\" content=\"Tarnowskie Centrum Informacji\" \/>\n<meta property=\"article:modified_time\" content=\"2023-04-06T15:30:58+00:00\" \/>\n<meta property=\"og:image\" content=\"http:\/\/www.it.tarnow.pl\/wp-content\/uploads\/2019\/02\/dworzec-panorama-02_2_1m_reference.jpg\" \/>\n<meta name=\"twitter:card\" content=\"summary_large_image\" \/>\n<script type=\"application\/ld+json\" class=\"yoast-schema-graph\">{\"@context\":\"https:\/\/schema.org\",\"@graph\":[{\"@type\":\"WebPage\",\"@id\":\"https:\/\/www.it.tarnow.pl\/fr\/acces-transports\/\",\"url\":\"https:\/\/www.it.tarnow.pl\/fr\/acces-transports\/\",\"name\":\"Acc\u00e8s &amp; Transports - Tarnowskie Centrum Informacji\",\"isPartOf\":{\"@id\":\"https:\/\/www.it.tarnow.pl\/#website\"},\"primaryImageOfPage\":{\"@id\":\"https:\/\/www.it.tarnow.pl\/fr\/acces-transports\/#primaryimage\"},\"image\":{\"@id\":\"https:\/\/www.it.tarnow.pl\/fr\/acces-transports\/#primaryimage\"},\"thumbnailUrl\":\"http:\/\/www.it.tarnow.pl\/wp-content\/uploads\/2019\/02\/dworzec-panorama-02_2_1m_reference.jpg\",\"datePublished\":\"2009-11-30T11:15:52+00:00\",\"dateModified\":\"2023-04-06T15:30:58+00:00\",\"breadcrumb\":{\"@id\":\"https:\/\/www.it.tarnow.pl\/fr\/acces-transports\/#breadcrumb\"},\"inLanguage\":\"fr-FR\",\"potentialAction\":[{\"@type\":\"ReadAction\",\"target\":[\"https:\/\/www.it.tarnow.pl\/fr\/acces-transports\/\"]}]},{\"@type\":\"ImageObject\",\"inLanguage\":\"fr-FR\",\"@id\":\"https:\/\/www.it.tarnow.pl\/fr\/acces-transports\/#primaryimage\",\"url\":\"http:\/\/www.it.tarnow.pl\/wp-content\/uploads\/2019\/02\/dworzec-panorama-02_2_1m_reference.jpg\",\"contentUrl\":\"http:\/\/www.it.tarnow.pl\/wp-content\/uploads\/2019\/02\/dworzec-panorama-02_2_1m_reference.jpg\"},{\"@type\":\"BreadcrumbList\",\"@id\":\"https:\/\/www.it.tarnow.pl\/fr\/acces-transports\/#breadcrumb\",\"itemListElement\":[{\"@type\":\"ListItem\",\"position\":1,\"name\":\"Page d'accueil\",\"item\":\"https:\/\/www.it.tarnow.pl\/fr\/\"},{\"@type\":\"ListItem\",\"position\":2,\"name\":\"Acc\u00e8s &amp; Transports\"}]},{\"@type\":\"WebSite\",\"@id\":\"https:\/\/www.it.tarnow.pl\/#website\",\"url\":\"https:\/\/www.it.tarnow.pl\/\",\"name\":\"Tarnowskie Centrum Informacji\",\"description\":\"Informacja turystyczna o Tarnowie i regionie tarnowskim.\",\"potentialAction\":[{\"@type\":\"SearchAction\",\"target\":{\"@type\":\"EntryPoint\",\"urlTemplate\":\"https:\/\/www.it.tarnow.pl\/?s={search_term_string}\"},\"query-input\":{\"@type\":\"PropertyValueSpecification\",\"valueRequired\":true,\"valueName\":\"search_term_string\"}}],\"inLanguage\":\"fr-FR\"}]}<\/script>\n<!-- \/ Yoast SEO Premium plugin. -->","yoast_head_json":{"title":"Acc\u00e8s &amp; Transports - Tarnowskie Centrum Informacji","robots":{"index":"index","follow":"follow","max-snippet":"max-snippet:-1","max-image-preview":"max-image-preview:large","max-video-preview":"max-video-preview:-1"},"canonical":"https:\/\/www.it.tarnow.pl\/fr\/acces-transports\/","og_locale":"fr_FR","og_type":"article","og_title":"Acc\u00e8s &amp; Transports","og_description":"&nbsp; &nbsp; Moteur de recherche de voyage\u00a0 (transport de bus et de train \u00e0 longue distance) &nbsp; www.e-podroznik.pl \u00a0(Il est recommand\u00e9 aussi de t\u00e9l\u00e9charger l&rsquo;application mobile\u00a0pobranie aplikacji mobilnej\u00a0 e-podr\u00f3\u017cnik.pl ) [&hellip;]","og_url":"https:\/\/www.it.tarnow.pl\/fr\/acces-transports\/","og_site_name":"Tarnowskie Centrum Informacji","article_modified_time":"2023-04-06T15:30:58+00:00","og_image":[{"url":"http:\/\/www.it.tarnow.pl\/wp-content\/uploads\/2019\/02\/dworzec-panorama-02_2_1m_reference.jpg","type":"","width":"","height":""}],"twitter_card":"summary_large_image","schema":{"@context":"https:\/\/schema.org","@graph":[{"@type":"WebPage","@id":"https:\/\/www.it.tarnow.pl\/fr\/acces-transports\/","url":"https:\/\/www.it.tarnow.pl\/fr\/acces-transports\/","name":"Acc\u00e8s &amp; Transports - Tarnowskie Centrum Informacji","isPartOf":{"@id":"https:\/\/www.it.tarnow.pl\/#website"},"primaryImageOfPage":{"@id":"https:\/\/www.it.tarnow.pl\/fr\/acces-transports\/#primaryimage"},"image":{"@id":"https:\/\/www.it.tarnow.pl\/fr\/acces-transports\/#primaryimage"},"thumbnailUrl":"http:\/\/www.it.tarnow.pl\/wp-content\/uploads\/2019\/02\/dworzec-panorama-02_2_1m_reference.jpg","datePublished":"2009-11-30T11:15:52+00:00","dateModified":"2023-04-06T15:30:58+00:00","breadcrumb":{"@id":"https:\/\/www.it.tarnow.pl\/fr\/acces-transports\/#breadcrumb"},"inLanguage":"fr-FR","potentialAction":[{"@type":"ReadAction","target":["https:\/\/www.it.tarnow.pl\/fr\/acces-transports\/"]}]},{"@type":"ImageObject","inLanguage":"fr-FR","@id":"https:\/\/www.it.tarnow.pl\/fr\/acces-transports\/#primaryimage","url":"http:\/\/www.it.tarnow.pl\/wp-content\/uploads\/2019\/02\/dworzec-panorama-02_2_1m_reference.jpg","contentUrl":"http:\/\/www.it.tarnow.pl\/wp-content\/uploads\/2019\/02\/dworzec-panorama-02_2_1m_reference.jpg"},{"@type":"BreadcrumbList","@id":"https:\/\/www.it.tarnow.pl\/fr\/acces-transports\/#breadcrumb","itemListElement":[{"@type":"ListItem","position":1,"name":"Page d'accueil","item":"https:\/\/www.it.tarnow.pl\/fr\/"},{"@type":"ListItem","position":2,"name":"Acc\u00e8s &amp; Transports"}]},{"@type":"WebSite","@id":"https:\/\/www.it.tarnow.pl\/#website","url":"https:\/\/www.it.tarnow.pl\/","name":"Tarnowskie Centrum Informacji","description":"Informacja turystyczna o Tarnowie i regionie tarnowskim.","potentialAction":[{"@type":"SearchAction","target":{"@type":"EntryPoint","urlTemplate":"https:\/\/www.it.tarnow.pl\/?s={search_term_string}"},"query-input":{"@type":"PropertyValueSpecification","valueRequired":true,"valueName":"search_term_string"}}],"inLanguage":"fr-FR"}]}},"_links":{"self":[{"href":"https:\/\/www.it.tarnow.pl\/fr\/wp-json\/wp\/v2\/pages\/10005","targetHints":{"allow":["GET"]}}],"collection":[{"href":"https:\/\/www.it.tarnow.pl\/fr\/wp-json\/wp\/v2\/pages"}],"about":[{"href":"https:\/\/www.it.tarnow.pl\/fr\/wp-json\/wp\/v2\/types\/page"}],"author":[{"embeddable":true,"href":"https:\/\/www.it.tarnow.pl\/fr\/wp-json\/wp\/v2\/users\/1"}],"replies":[{"embeddable":true,"href":"https:\/\/www.it.tarnow.pl\/fr\/wp-json\/wp\/v2\/comments?post=10005"}],"version-history":[{"count":0,"href":"https:\/\/www.it.tarnow.pl\/fr\/wp-json\/wp\/v2\/pages\/10005\/revisions"}],"wp:attachment":[{"href":"https:\/\/www.it.tarnow.pl\/fr\/wp-json\/wp\/v2\/media?parent=10005"}],"wp:term":[{"taxonomy":"post_tag","embeddable":true,"href":"https:\/\/www.it.tarnow.pl\/fr\/wp-json\/wp\/v2\/tags?post=10005"}],"curies":[{"name":"wp","href":"https:\/\/api.w.org\/{rel}","templated":true}]}}