{"id":10003,"date":"2010-08-31T10:28:09","date_gmt":"2010-08-31T08:28:09","guid":{"rendered":"http:\/\/www.it.tarnow.pl\/evenements\/"},"modified":"2019-04-03T15:19:14","modified_gmt":"2019-04-03T13:19:14","slug":"evenements","status":"publish","type":"page","link":"https:\/\/www.it.tarnow.pl\/fr\/attractions\/evenements\/","title":{"rendered":"\u00c9v\u00e9nements"},"content":{"rendered":"<p><b>\u00c9v\u00e9nements culturels<\/b><br>\u00a0Tarn\u00f3w occupe une place tr\u00e8s importante sur la carte culturelle de la Pologne. Dans la ville on organise des manifestations culturelles au niveau du pays et internationales. Les th\u00e9\u00e2tres, les cin\u00e9mas et les galeries constituent le climat particulier de la ville. Tr\u00e8s importante pour la r\u00e9gion est Kasna Dolna &#8211; o\u00f9 dans le demeur de Ignacy Jan Paderewski on rencontre des artistes et des musicien du monde enti\u00e8re.<br>\u00a0\u00c9v\u00e9nement les plus importants:<\/p>\n<p>\u00a0<\/p>\n<ul>\n<li>\u00a0\u00abPrix de film \u00e0 Tarn\u00f3w \u00bb &#8211; mai<\/li>\n<li>\u00a0\u00abGalicjaner Sztetl &#8211; Journ\u00e9es de la Memoire des Juifs Galiciens \u00bb &#8211; juin<\/li>\n<li>\u00a0\u00ab Rencontre de musique chez Paderewski \u00bb &#8211; juin, juillet, ao\u00fbt.<\/li>\n<li>\u00a0\u00ab Bravo Maestro \u00bb &#8211; Festival de la musique.<\/li>\n<li>\u00ab Talia \u00bb &#8211; Festival International de la Com\u00e9die.<\/li>\n\n<\/ul>","protected":false},"excerpt":{"rendered":"\u00c9v\u00e9nements culturels\u00a0Tarn\u00f3w occupe une place tr\u00e8s importante sur la carte culturelle de la Pologne. Dans la ville on organise des manifestations culturelles au niveau du pays et internationales. Les th\u00e9\u00e2tres, [&hellip;]","protected":false},"author":1,"featured_media":0,"parent":9990,"menu_order":426,"comment_status":"closed","ping_status":"closed","template":"","meta":{"_acf_changed":false,"footnotes":""},"tags":[],"class_list":["post-10003","page","type-page","status-publish","hentry"],"acf":{"in_menu":null,"show_date":null,"intro_text":"","map":null},"yoast_head":"<!-- This site is optimized with the Yoast SEO Premium plugin v25.4 (Yoast SEO v25.4) - https:\/\/yoast.com\/wordpress\/plugins\/seo\/ -->\n<title>\u00c9v\u00e9nements - Tarnowskie Centrum Informacji<\/title>\n<meta name=\"robots\" content=\"index, follow, max-snippet:-1, max-image-preview:large, max-video-preview:-1\" \/>\n<link rel=\"canonical\" href=\"https:\/\/www.it.tarnow.pl\/fr\/attractions\/evenements\/\" \/>\n<meta property=\"og:locale\" content=\"fr_FR\" \/>\n<meta property=\"og:type\" content=\"article\" \/>\n<meta property=\"og:title\" content=\"\u00c9v\u00e9nements\" \/>\n<meta property=\"og:description\" content=\"\u00c9v\u00e9nements culturels\u00a0Tarn\u00f3w occupe une place tr\u00e8s importante sur la carte culturelle de la Pologne. Dans la ville on organise des manifestations culturelles au niveau du pays et internationales. Les th\u00e9\u00e2tres, [&hellip;]\" \/>\n<meta property=\"og:url\" content=\"https:\/\/www.it.tarnow.pl\/fr\/attractions\/evenements\/\" \/>\n<meta property=\"og:site_name\" content=\"Tarnowskie Centrum Informacji\" \/>\n<meta property=\"article:modified_time\" content=\"2019-04-03T13:19:14+00:00\" \/>\n<meta name=\"twitter:card\" content=\"summary_large_image\" \/>\n<meta name=\"twitter:label1\" content=\"Dur\u00e9e de lecture estim\u00e9e\" \/>\n\t<meta name=\"twitter:data1\" content=\"1 minute\" \/>\n<script type=\"application\/ld+json\" class=\"yoast-schema-graph\">{\"@context\":\"https:\/\/schema.org\",\"@graph\":[{\"@type\":\"WebPage\",\"@id\":\"https:\/\/www.it.tarnow.pl\/fr\/attractions\/evenements\/\",\"url\":\"https:\/\/www.it.tarnow.pl\/fr\/attractions\/evenements\/\",\"name\":\"\u00c9v\u00e9nements - Tarnowskie Centrum Informacji\",\"isPartOf\":{\"@id\":\"https:\/\/www.it.tarnow.pl\/#website\"},\"datePublished\":\"2010-08-31T08:28:09+00:00\",\"dateModified\":\"2019-04-03T13:19:14+00:00\",\"breadcrumb\":{\"@id\":\"https:\/\/www.it.tarnow.pl\/fr\/attractions\/evenements\/#breadcrumb\"},\"inLanguage\":\"fr-FR\",\"potentialAction\":[{\"@type\":\"ReadAction\",\"target\":[\"https:\/\/www.it.tarnow.pl\/fr\/attractions\/evenements\/\"]}]},{\"@type\":\"BreadcrumbList\",\"@id\":\"https:\/\/www.it.tarnow.pl\/fr\/attractions\/evenements\/#breadcrumb\",\"itemListElement\":[{\"@type\":\"ListItem\",\"position\":1,\"name\":\"Page d'accueil\",\"item\":\"https:\/\/www.it.tarnow.pl\/fr\/\"},{\"@type\":\"ListItem\",\"position\":2,\"name\":\"Attractions\",\"item\":\"https:\/\/www.it.tarnow.pl\/fr\/attractions\/\"},{\"@type\":\"ListItem\",\"position\":3,\"name\":\"\u00c9v\u00e9nements\"}]},{\"@type\":\"WebSite\",\"@id\":\"https:\/\/www.it.tarnow.pl\/#website\",\"url\":\"https:\/\/www.it.tarnow.pl\/\",\"name\":\"Tarnowskie Centrum Informacji\",\"description\":\"Informacja turystyczna o Tarnowie i regionie tarnowskim.\",\"potentialAction\":[{\"@type\":\"SearchAction\",\"target\":{\"@type\":\"EntryPoint\",\"urlTemplate\":\"https:\/\/www.it.tarnow.pl\/?s={search_term_string}\"},\"query-input\":{\"@type\":\"PropertyValueSpecification\",\"valueRequired\":true,\"valueName\":\"search_term_string\"}}],\"inLanguage\":\"fr-FR\"}]}<\/script>\n<!-- \/ Yoast SEO Premium plugin. -->","yoast_head_json":{"title":"\u00c9v\u00e9nements - Tarnowskie Centrum Informacji","robots":{"index":"index","follow":"follow","max-snippet":"max-snippet:-1","max-image-preview":"max-image-preview:large","max-video-preview":"max-video-preview:-1"},"canonical":"https:\/\/www.it.tarnow.pl\/fr\/attractions\/evenements\/","og_locale":"fr_FR","og_type":"article","og_title":"\u00c9v\u00e9nements","og_description":"\u00c9v\u00e9nements culturels\u00a0Tarn\u00f3w occupe une place tr\u00e8s importante sur la carte culturelle de la Pologne. Dans la ville on organise des manifestations culturelles au niveau du pays et internationales. Les th\u00e9\u00e2tres, [&hellip;]","og_url":"https:\/\/www.it.tarnow.pl\/fr\/attractions\/evenements\/","og_site_name":"Tarnowskie Centrum Informacji","article_modified_time":"2019-04-03T13:19:14+00:00","twitter_card":"summary_large_image","twitter_misc":{"Dur\u00e9e de lecture estim\u00e9e":"1 minute"},"schema":{"@context":"https:\/\/schema.org","@graph":[{"@type":"WebPage","@id":"https:\/\/www.it.tarnow.pl\/fr\/attractions\/evenements\/","url":"https:\/\/www.it.tarnow.pl\/fr\/attractions\/evenements\/","name":"\u00c9v\u00e9nements - Tarnowskie Centrum Informacji","isPartOf":{"@id":"https:\/\/www.it.tarnow.pl\/#website"},"datePublished":"2010-08-31T08:28:09+00:00","dateModified":"2019-04-03T13:19:14+00:00","breadcrumb":{"@id":"https:\/\/www.it.tarnow.pl\/fr\/attractions\/evenements\/#breadcrumb"},"inLanguage":"fr-FR","potentialAction":[{"@type":"ReadAction","target":["https:\/\/www.it.tarnow.pl\/fr\/attractions\/evenements\/"]}]},{"@type":"BreadcrumbList","@id":"https:\/\/www.it.tarnow.pl\/fr\/attractions\/evenements\/#breadcrumb","itemListElement":[{"@type":"ListItem","position":1,"name":"Page d'accueil","item":"https:\/\/www.it.tarnow.pl\/fr\/"},{"@type":"ListItem","position":2,"name":"Attractions","item":"https:\/\/www.it.tarnow.pl\/fr\/attractions\/"},{"@type":"ListItem","position":3,"name":"\u00c9v\u00e9nements"}]},{"@type":"WebSite","@id":"https:\/\/www.it.tarnow.pl\/#website","url":"https:\/\/www.it.tarnow.pl\/","name":"Tarnowskie Centrum Informacji","description":"Informacja turystyczna o Tarnowie i regionie tarnowskim.","potentialAction":[{"@type":"SearchAction","target":{"@type":"EntryPoint","urlTemplate":"https:\/\/www.it.tarnow.pl\/?s={search_term_string}"},"query-input":{"@type":"PropertyValueSpecification","valueRequired":true,"valueName":"search_term_string"}}],"inLanguage":"fr-FR"}]}},"_links":{"self":[{"href":"https:\/\/www.it.tarnow.pl\/fr\/wp-json\/wp\/v2\/pages\/10003","targetHints":{"allow":["GET"]}}],"collection":[{"href":"https:\/\/www.it.tarnow.pl\/fr\/wp-json\/wp\/v2\/pages"}],"about":[{"href":"https:\/\/www.it.tarnow.pl\/fr\/wp-json\/wp\/v2\/types\/page"}],"author":[{"embeddable":true,"href":"https:\/\/www.it.tarnow.pl\/fr\/wp-json\/wp\/v2\/users\/1"}],"replies":[{"embeddable":true,"href":"https:\/\/www.it.tarnow.pl\/fr\/wp-json\/wp\/v2\/comments?post=10003"}],"version-history":[{"count":0,"href":"https:\/\/www.it.tarnow.pl\/fr\/wp-json\/wp\/v2\/pages\/10003\/revisions"}],"up":[{"embeddable":true,"href":"https:\/\/www.it.tarnow.pl\/fr\/wp-json\/wp\/v2\/pages\/9990"}],"wp:attachment":[{"href":"https:\/\/www.it.tarnow.pl\/fr\/wp-json\/wp\/v2\/media?parent=10003"}],"wp:term":[{"taxonomy":"post_tag","embeddable":true,"href":"https:\/\/www.it.tarnow.pl\/fr\/wp-json\/wp\/v2\/tags?post=10003"}],"curies":[{"name":"wp","href":"https:\/\/api.w.org\/{rel}","templated":true}]}}