{"id":10001,"date":"2010-08-26T15:45:13","date_gmt":"2010-08-26T13:45:13","guid":{"rendered":"http:\/\/www.it.tarnow.pl\/a-travers-des-monuments-sacraux\/"},"modified":"2019-04-03T15:19:12","modified_gmt":"2019-04-03T13:19:12","slug":"a-travers-des-monuments-sacraux","status":"publish","type":"page","link":"https:\/\/www.it.tarnow.pl\/fr\/attractions\/a-travers-des-monuments-sacraux\/","title":{"rendered":"\u00c0 travers des monuments sacraux"},"content":{"rendered":"<img loading=\"lazy\" decoding=\"async\" width=\"400\" height=\"300\" class=\"size-medium alignright wp-image-21469\" src=\"http:\/\/www.it.tarnow.pl\/wp-content\/uploads\/2019\/02\/TARNOW-Muzeum-Diecezjalne-1-400x300.jpg\" alt=\"\" srcset=\"https:\/\/www.it.tarnow.pl\/wp-content\/uploads\/2019\/02\/TARNOW-Muzeum-Diecezjalne-1-400x300.jpg 400w, https:\/\/www.it.tarnow.pl\/wp-content\/uploads\/2019\/02\/TARNOW-Muzeum-Diecezjalne-1-768x576.jpg 768w, https:\/\/www.it.tarnow.pl\/wp-content\/uploads\/2019\/02\/TARNOW-Muzeum-Diecezjalne-1-650x488.jpg 650w, https:\/\/www.it.tarnow.pl\/wp-content\/uploads\/2019\/02\/TARNOW-Muzeum-Diecezjalne-1-300x225.jpg 300w, https:\/\/www.it.tarnow.pl\/wp-content\/uploads\/2019\/02\/TARNOW-Muzeum-Diecezjalne-1.jpg 1024w\" sizes=\"auto, (max-width: 400px) 100vw, 400px\" \/><p>La r\u00e9gion de Tarn\u00f3w est un endroit tr\u00e8s important sur la carte de l\u2019architecture sacrale du monde. Le s\u00e9minaire de Tarn\u00f3w est le plus grand au niveau mondial, du dioc\u00e8se de Tarn\u00f3w part le plus grand nombre de missionnaires diffus\u00e9s sur tous les continents. Et quant au Mus\u00e9e Dioc\u00e9sain c\u2019est le plus ancien mus\u00e9e de ce type en Pologne. Un r\u00f4le tr\u00e8s important joue le Sanctuaire \u00e0 Tuch\u00f3w avec son mus\u00e9e des Missions visit\u00e9 par des milliers de p\u00e8lerins chaque ann\u00e9e. Lors de sa visite \u00e0 Tarn\u00f3w, le 9 juin 1987, le pape Jean-Paul II a dit: \u201e Vous ne vous imaginez m\u00eame pas comment j\u2019aimais toujours aller \u00e0 Tarn\u00f3w\u201d. <\/p>\n<p>\u00a0<\/p>\n<p> Dans des maisons du XVIe si\u00e8cle entourant la cath\u00e9drale se trouve le Mus\u00e9e Dioc\u00e9sain de Tarn\u00f3w \u2013 le plus ancien de la Pologne. La plupart des objets expos\u00e9s ce sont des sculptures gothiques et des peintures de la Petite Pologne. L\u2019autre partie c\u2019est l\u2019exposition des chasubles et capes de l\u2019\u00e9poque du Moyen Age jusqu\u2019au XIXe si\u00e8cle. Le mus\u00e9e de Tarn\u00f3w poss\u00e8de aussi l\u2019exposition de l\u2019art populaire o\u00f9 une attention particuli\u00e8re m\u00e9ritent les peintures sur verre provenant des diff\u00e9rents continents. <\/p>\n<p>\u00a0<\/p> <img loading=\"lazy\" decoding=\"async\" width=\"300\" height=\"400\" class=\"size-medium alignleft wp-image-25602\" src=\"http:\/\/www.it.tarnow.pl\/wp-content\/uploads\/2019\/02\/Zabawa-sanktuarium-2012-MP-1-_1-300x400.jpg\" alt=\"\" srcset=\"https:\/\/www.it.tarnow.pl\/wp-content\/uploads\/2019\/02\/Zabawa-sanktuarium-2012-MP-1-_1-300x400.jpg 300w, https:\/\/www.it.tarnow.pl\/wp-content\/uploads\/2019\/02\/Zabawa-sanktuarium-2012-MP-1-_1-225x300.jpg 225w, https:\/\/www.it.tarnow.pl\/wp-content\/uploads\/2019\/02\/Zabawa-sanktuarium-2012-MP-1-_1.jpg 482w\" sizes=\"auto, (max-width: 300px) 100vw, 300px\" \/><p><b>Zabawa<\/b> \u2013 Le sanctuaire de Bienheureuse Karolina K\u00f3zka \u2013 b\u00e9atifi\u00e9e par le Pape Jean-Paul II \u00e0 Tarn\u00f3w le 10.06.1987. Le proc\u00e8s de sa canonisation est en cours. Durant la Premi\u00e8re Guerre Mondiale la bienheureuse Karolina fut assassin\u00e9e par un soldat russe. Dans son village natal on peut visiter sa maison (aujourd\u2019hui le mus\u00e9e), l\u2019\u00e9glise paroissiale o\u00f9 elle fut baptis\u00e9e et o\u00f9 se trouvent ses restes ainsi que le lieu de sa mort. Le cimeti\u00e8re paroissial \u00e0 Zabawa, o\u00f9 \u00e0 la place du premier lieu du repos de la Bienheureuse Karolina se trouve la statue de Jesus Triste, constitue depuis peu de temps un nouveau lieu du culte. <\/p>\n<p>\u00a0<\/p> <img loading=\"lazy\" decoding=\"async\" width=\"400\" height=\"300\" class=\"size-medium alignright wp-image-25582\" src=\"http:\/\/www.it.tarnow.pl\/wp-content\/uploads\/2019\/02\/100_6107_1-Jamna-sanktuarium-400x300.jpg\" alt=\"\" srcset=\"https:\/\/www.it.tarnow.pl\/wp-content\/uploads\/2019\/02\/100_6107_1-Jamna-sanktuarium-400x300.jpg 400w, https:\/\/www.it.tarnow.pl\/wp-content\/uploads\/2019\/02\/100_6107_1-Jamna-sanktuarium-768x576.jpg 768w, https:\/\/www.it.tarnow.pl\/wp-content\/uploads\/2019\/02\/100_6107_1-Jamna-sanktuarium-650x488.jpg 650w, https:\/\/www.it.tarnow.pl\/wp-content\/uploads\/2019\/02\/100_6107_1-Jamna-sanktuarium-300x225.jpg 300w, https:\/\/www.it.tarnow.pl\/wp-content\/uploads\/2019\/02\/100_6107_1-Jamna-sanktuarium.jpg 1024w\" sizes=\"auto, (max-width: 400px) 100vw, 400px\" \/><p><b>Jamna<\/b> \u2013 Le sanctuaire de la Vierge d\u2019Infaillible Espoir \u2013 \u00e9rig\u00e9 par le dominicain Jan G\u00f3ra (initiateur des rencontres des jeunes \u201eLednica\u201d). Dans l\u2019\u00e9glise qui a \u00e9t\u00e9 consacre le 3 mai 1988 par le primat J\u00f3zef Glemp se trouve l\u2019ic\u00f4ne de Notre-Dame d\u2019Infaillible Esp\u00e9rance. \u00c0 c\u00f4t\u00e9 de l\u2019Eglise se trouve le centre dominicain. La R\u00e9mission \u00e0 Jamna a lieu le 15 ao\u00fbt. Par contre, le 14 ao\u00fbt dans les beaux paysages de Jamna a lieu le rare rituel des joyeuses fun\u00e9railles de Notre Dame.\u201d J\u2019ai fait l\u2019attaque a\u00e9rienne sur Jamna\u201d \u2013 a dit Jean Paul II lors de la rencontre avec des dominicains \u00e0 la Basilique de la Sainte-Trinit\u00e9 \u00e0 Cracovie, le 16 juin 1999. L\u2019h\u00e9licopt\u00e8re avec le Pape \u00e0 bord a sur vol\u00e9 Jamna pendant le vol la route de Stary Sacz \u00e0 Wadowice. <\/p>\n<p> <br><\/p> <img loading=\"lazy\" decoding=\"async\" width=\"300\" height=\"400\" class=\"size-medium alignright wp-image-21573\" src=\"http:\/\/www.it.tarnow.pl\/wp-content\/uploads\/2019\/02\/TARNOW-Bazylika-katedralna-01-1-300x400.jpg\" alt=\"\" srcset=\"https:\/\/www.it.tarnow.pl\/wp-content\/uploads\/2019\/02\/TARNOW-Bazylika-katedralna-01-1-300x400.jpg 300w, https:\/\/www.it.tarnow.pl\/wp-content\/uploads\/2019\/02\/TARNOW-Bazylika-katedralna-01-1.jpg 768w, https:\/\/www.it.tarnow.pl\/wp-content\/uploads\/2019\/02\/TARNOW-Bazylika-katedralna-01-1-488x650.jpg 488w, https:\/\/www.it.tarnow.pl\/wp-content\/uploads\/2019\/02\/TARNOW-Bazylika-katedralna-01-1-225x300.jpg 225w\" sizes=\"auto, (max-width: 300px) 100vw, 300px\" \/><p><b>Cath\u00e9drale &#8211; Basilique Mineure de Tarn\u00f3w<\/b> \u2013 est surtout le lieu de culte, mais aussi l\u2019un des plus importants monuments de la ville. La cath\u00e9drale, b\u00e2tie au XIVe si\u00e8cle, acquit son allure actuelle apr\u00e8s la r\u00e9novation et la reconstruction partielle dans les ann\u00e9es 1889-1900. <\/p>\n<p> <br><\/p>\n<p>Son riche \u00e9quipement \u2013 les stalles gothiques richement sculpt\u00e9es, les autels, les sculptures, les \u00e9pitaphes, les tableaux, les vitraux la placent parmi les plus belles cath\u00e9drales de la Pologne. Elle est c\u00e9l\u00e8bre gr\u00e2ce aux monuments fun\u00e9raires de style Renaissance des membres de la famille Tarnowski et de style mani\u00e9riste des Ostrogski. Ce monuments sont r\u00e9putes les plus remarquables oeuvres d\u2019art des ma\u00eetres comme: Bartholom\u00e9 Berecci, Jean-Marie de Padoue et Jean Pfister.<\/p> <img loading=\"lazy\" decoding=\"async\" width=\"300\" height=\"400\" class=\"size-medium alignleft wp-image-21541\" src=\"http:\/\/www.it.tarnow.pl\/wp-content\/uploads\/2019\/02\/TARNOW-Bazylika-katedralna-12-300x400.jpg\" alt=\"\" srcset=\"https:\/\/www.it.tarnow.pl\/wp-content\/uploads\/2019\/02\/TARNOW-Bazylika-katedralna-12-300x400.jpg 300w, https:\/\/www.it.tarnow.pl\/wp-content\/uploads\/2019\/02\/TARNOW-Bazylika-katedralna-12.jpg 768w, https:\/\/www.it.tarnow.pl\/wp-content\/uploads\/2019\/02\/TARNOW-Bazylika-katedralna-12-488x650.jpg 488w, https:\/\/www.it.tarnow.pl\/wp-content\/uploads\/2019\/02\/TARNOW-Bazylika-katedralna-12-225x300.jpg 225w\" sizes=\"auto, (max-width: 300px) 100vw, 300px\" \/><img loading=\"lazy\" decoding=\"async\" width=\"300\" height=\"400\" class=\"size-medium alignright wp-image-21464\" src=\"http:\/\/www.it.tarnow.pl\/wp-content\/uploads\/2019\/02\/TARNOW-Bazylika-katedralna-04-300x400.jpg\" alt=\"\" srcset=\"https:\/\/www.it.tarnow.pl\/wp-content\/uploads\/2019\/02\/TARNOW-Bazylika-katedralna-04-300x400.jpg 300w, https:\/\/www.it.tarnow.pl\/wp-content\/uploads\/2019\/02\/TARNOW-Bazylika-katedralna-04.jpg 768w, https:\/\/www.it.tarnow.pl\/wp-content\/uploads\/2019\/02\/TARNOW-Bazylika-katedralna-04-488x650.jpg 488w, https:\/\/www.it.tarnow.pl\/wp-content\/uploads\/2019\/02\/TARNOW-Bazylika-katedralna-04-225x300.jpg 225w\" sizes=\"auto, (max-width: 300px) 100vw, 300px\" \/>","protected":false},"excerpt":{"rendered":"La r\u00e9gion de Tarn\u00f3w est un endroit tr\u00e8s important sur la carte de l\u2019architecture sacrale du monde. Le s\u00e9minaire de Tarn\u00f3w est le plus grand au niveau mondial, du dioc\u00e8se [&hellip;]","protected":false},"author":1,"featured_media":0,"parent":9990,"menu_order":373,"comment_status":"closed","ping_status":"closed","template":"","meta":{"_acf_changed":false,"footnotes":""},"tags":[],"class_list":["post-10001","page","type-page","status-publish","hentry"],"acf":{"in_menu":null,"show_date":null,"intro_text":"<img class=\"size-medium alignleft wp-image-21469\" src=\"http:\/\/www.it.tarnow.pl\/wp-content\/uploads\/2019\/02\/TARNOW-Muzeum-Diecezjalne-1-400x300.jpg\" alt=\"\"><p>La r\u00e9gion de Tarn\u00f3w est un endroit tr\u00e8s important sur la carte de l\u2019architecture sacrale du monde. Le s\u00e9minaire de Tarn\u00f3w est le plus grand au niveau mondial, du dioc\u00e8se de Tarn\u00f3w part le plus grand nombre de missionnaires diffus\u00e9s sur tous les continents. Et quant au Mus\u00e9e Dioc\u00e9sain c\u2019est le plus ancien mus\u00e9e de ce type en Pologne. Un r\u00f4le tr\u00e8s important joue le Sanctuaire \u00e0 Tuch\u00f3w avec son mus\u00e9e des Missions visit\u00e9 par des milliers de p\u00e8lerins chaque ann\u00e9e. Lors de sa visite \u00e0 Tarn\u00f3w, le 9 juin 1987, le pape Jean-Paul II a dit: \u201e Vous ne vous imaginez m\u00eame pas comment j\u2019aimais toujours aller \u00e0 Tarn\u00f3w\u201d.<\/p>","map":null},"yoast_head":"<!-- This site is optimized with the Yoast SEO Premium plugin v25.4 (Yoast SEO v25.4) - https:\/\/yoast.com\/wordpress\/plugins\/seo\/ -->\n<title>\u00c0 travers des monuments sacraux - Tarnowskie Centrum Informacji<\/title>\n<meta name=\"robots\" content=\"index, follow, max-snippet:-1, max-image-preview:large, max-video-preview:-1\" \/>\n<link rel=\"canonical\" href=\"https:\/\/www.it.tarnow.pl\/fr\/attractions\/a-travers-des-monuments-sacraux\/\" \/>\n<meta property=\"og:locale\" content=\"fr_FR\" \/>\n<meta property=\"og:type\" content=\"article\" \/>\n<meta property=\"og:title\" content=\"\u00c0 travers des monuments sacraux\" \/>\n<meta property=\"og:description\" content=\"La r\u00e9gion de Tarn\u00f3w est un endroit tr\u00e8s important sur la carte de l\u2019architecture sacrale du monde. Le s\u00e9minaire de Tarn\u00f3w est le plus grand au niveau mondial, du dioc\u00e8se [&hellip;]\" \/>\n<meta property=\"og:url\" content=\"https:\/\/www.it.tarnow.pl\/fr\/attractions\/a-travers-des-monuments-sacraux\/\" \/>\n<meta property=\"og:site_name\" content=\"Tarnowskie Centrum Informacji\" \/>\n<meta property=\"article:modified_time\" content=\"2019-04-03T13:19:12+00:00\" \/>\n<meta property=\"og:image\" content=\"http:\/\/www.it.tarnow.pl\/wp-content\/uploads\/2019\/02\/TARNOW-Muzeum-Diecezjalne-1-400x300.jpg\" \/>\n<meta name=\"twitter:card\" content=\"summary_large_image\" \/>\n<meta name=\"twitter:label1\" content=\"Dur\u00e9e de lecture estim\u00e9e\" \/>\n\t<meta name=\"twitter:data1\" content=\"3 minutes\" \/>\n<script type=\"application\/ld+json\" class=\"yoast-schema-graph\">{\"@context\":\"https:\/\/schema.org\",\"@graph\":[{\"@type\":\"WebPage\",\"@id\":\"https:\/\/www.it.tarnow.pl\/fr\/attractions\/a-travers-des-monuments-sacraux\/\",\"url\":\"https:\/\/www.it.tarnow.pl\/fr\/attractions\/a-travers-des-monuments-sacraux\/\",\"name\":\"\u00c0 travers des monuments sacraux - Tarnowskie Centrum Informacji\",\"isPartOf\":{\"@id\":\"https:\/\/www.it.tarnow.pl\/#website\"},\"primaryImageOfPage\":{\"@id\":\"https:\/\/www.it.tarnow.pl\/fr\/attractions\/a-travers-des-monuments-sacraux\/#primaryimage\"},\"image\":{\"@id\":\"https:\/\/www.it.tarnow.pl\/fr\/attractions\/a-travers-des-monuments-sacraux\/#primaryimage\"},\"thumbnailUrl\":\"http:\/\/www.it.tarnow.pl\/wp-content\/uploads\/2019\/02\/TARNOW-Muzeum-Diecezjalne-1-400x300.jpg\",\"datePublished\":\"2010-08-26T13:45:13+00:00\",\"dateModified\":\"2019-04-03T13:19:12+00:00\",\"breadcrumb\":{\"@id\":\"https:\/\/www.it.tarnow.pl\/fr\/attractions\/a-travers-des-monuments-sacraux\/#breadcrumb\"},\"inLanguage\":\"fr-FR\",\"potentialAction\":[{\"@type\":\"ReadAction\",\"target\":[\"https:\/\/www.it.tarnow.pl\/fr\/attractions\/a-travers-des-monuments-sacraux\/\"]}]},{\"@type\":\"ImageObject\",\"inLanguage\":\"fr-FR\",\"@id\":\"https:\/\/www.it.tarnow.pl\/fr\/attractions\/a-travers-des-monuments-sacraux\/#primaryimage\",\"url\":\"http:\/\/www.it.tarnow.pl\/wp-content\/uploads\/2019\/02\/TARNOW-Muzeum-Diecezjalne-1-400x300.jpg\",\"contentUrl\":\"http:\/\/www.it.tarnow.pl\/wp-content\/uploads\/2019\/02\/TARNOW-Muzeum-Diecezjalne-1-400x300.jpg\"},{\"@type\":\"BreadcrumbList\",\"@id\":\"https:\/\/www.it.tarnow.pl\/fr\/attractions\/a-travers-des-monuments-sacraux\/#breadcrumb\",\"itemListElement\":[{\"@type\":\"ListItem\",\"position\":1,\"name\":\"Page d'accueil\",\"item\":\"https:\/\/www.it.tarnow.pl\/fr\/\"},{\"@type\":\"ListItem\",\"position\":2,\"name\":\"Attractions\",\"item\":\"https:\/\/www.it.tarnow.pl\/fr\/attractions\/\"},{\"@type\":\"ListItem\",\"position\":3,\"name\":\"\u00c0 travers des monuments sacraux\"}]},{\"@type\":\"WebSite\",\"@id\":\"https:\/\/www.it.tarnow.pl\/#website\",\"url\":\"https:\/\/www.it.tarnow.pl\/\",\"name\":\"Tarnowskie Centrum Informacji\",\"description\":\"Informacja turystyczna o Tarnowie i regionie tarnowskim.\",\"potentialAction\":[{\"@type\":\"SearchAction\",\"target\":{\"@type\":\"EntryPoint\",\"urlTemplate\":\"https:\/\/www.it.tarnow.pl\/?s={search_term_string}\"},\"query-input\":{\"@type\":\"PropertyValueSpecification\",\"valueRequired\":true,\"valueName\":\"search_term_string\"}}],\"inLanguage\":\"fr-FR\"}]}<\/script>\n<!-- \/ Yoast SEO Premium plugin. -->","yoast_head_json":{"title":"\u00c0 travers des monuments sacraux - Tarnowskie Centrum Informacji","robots":{"index":"index","follow":"follow","max-snippet":"max-snippet:-1","max-image-preview":"max-image-preview:large","max-video-preview":"max-video-preview:-1"},"canonical":"https:\/\/www.it.tarnow.pl\/fr\/attractions\/a-travers-des-monuments-sacraux\/","og_locale":"fr_FR","og_type":"article","og_title":"\u00c0 travers des monuments sacraux","og_description":"La r\u00e9gion de Tarn\u00f3w est un endroit tr\u00e8s important sur la carte de l\u2019architecture sacrale du monde. Le s\u00e9minaire de Tarn\u00f3w est le plus grand au niveau mondial, du dioc\u00e8se [&hellip;]","og_url":"https:\/\/www.it.tarnow.pl\/fr\/attractions\/a-travers-des-monuments-sacraux\/","og_site_name":"Tarnowskie Centrum Informacji","article_modified_time":"2019-04-03T13:19:12+00:00","og_image":[{"url":"http:\/\/www.it.tarnow.pl\/wp-content\/uploads\/2019\/02\/TARNOW-Muzeum-Diecezjalne-1-400x300.jpg","type":"","width":"","height":""}],"twitter_card":"summary_large_image","twitter_misc":{"Dur\u00e9e de lecture estim\u00e9e":"3 minutes"},"schema":{"@context":"https:\/\/schema.org","@graph":[{"@type":"WebPage","@id":"https:\/\/www.it.tarnow.pl\/fr\/attractions\/a-travers-des-monuments-sacraux\/","url":"https:\/\/www.it.tarnow.pl\/fr\/attractions\/a-travers-des-monuments-sacraux\/","name":"\u00c0 travers des monuments sacraux - Tarnowskie Centrum Informacji","isPartOf":{"@id":"https:\/\/www.it.tarnow.pl\/#website"},"primaryImageOfPage":{"@id":"https:\/\/www.it.tarnow.pl\/fr\/attractions\/a-travers-des-monuments-sacraux\/#primaryimage"},"image":{"@id":"https:\/\/www.it.tarnow.pl\/fr\/attractions\/a-travers-des-monuments-sacraux\/#primaryimage"},"thumbnailUrl":"http:\/\/www.it.tarnow.pl\/wp-content\/uploads\/2019\/02\/TARNOW-Muzeum-Diecezjalne-1-400x300.jpg","datePublished":"2010-08-26T13:45:13+00:00","dateModified":"2019-04-03T13:19:12+00:00","breadcrumb":{"@id":"https:\/\/www.it.tarnow.pl\/fr\/attractions\/a-travers-des-monuments-sacraux\/#breadcrumb"},"inLanguage":"fr-FR","potentialAction":[{"@type":"ReadAction","target":["https:\/\/www.it.tarnow.pl\/fr\/attractions\/a-travers-des-monuments-sacraux\/"]}]},{"@type":"ImageObject","inLanguage":"fr-FR","@id":"https:\/\/www.it.tarnow.pl\/fr\/attractions\/a-travers-des-monuments-sacraux\/#primaryimage","url":"http:\/\/www.it.tarnow.pl\/wp-content\/uploads\/2019\/02\/TARNOW-Muzeum-Diecezjalne-1-400x300.jpg","contentUrl":"http:\/\/www.it.tarnow.pl\/wp-content\/uploads\/2019\/02\/TARNOW-Muzeum-Diecezjalne-1-400x300.jpg"},{"@type":"BreadcrumbList","@id":"https:\/\/www.it.tarnow.pl\/fr\/attractions\/a-travers-des-monuments-sacraux\/#breadcrumb","itemListElement":[{"@type":"ListItem","position":1,"name":"Page d'accueil","item":"https:\/\/www.it.tarnow.pl\/fr\/"},{"@type":"ListItem","position":2,"name":"Attractions","item":"https:\/\/www.it.tarnow.pl\/fr\/attractions\/"},{"@type":"ListItem","position":3,"name":"\u00c0 travers des monuments sacraux"}]},{"@type":"WebSite","@id":"https:\/\/www.it.tarnow.pl\/#website","url":"https:\/\/www.it.tarnow.pl\/","name":"Tarnowskie Centrum Informacji","description":"Informacja turystyczna o Tarnowie i regionie tarnowskim.","potentialAction":[{"@type":"SearchAction","target":{"@type":"EntryPoint","urlTemplate":"https:\/\/www.it.tarnow.pl\/?s={search_term_string}"},"query-input":{"@type":"PropertyValueSpecification","valueRequired":true,"valueName":"search_term_string"}}],"inLanguage":"fr-FR"}]}},"_links":{"self":[{"href":"https:\/\/www.it.tarnow.pl\/fr\/wp-json\/wp\/v2\/pages\/10001","targetHints":{"allow":["GET"]}}],"collection":[{"href":"https:\/\/www.it.tarnow.pl\/fr\/wp-json\/wp\/v2\/pages"}],"about":[{"href":"https:\/\/www.it.tarnow.pl\/fr\/wp-json\/wp\/v2\/types\/page"}],"author":[{"embeddable":true,"href":"https:\/\/www.it.tarnow.pl\/fr\/wp-json\/wp\/v2\/users\/1"}],"replies":[{"embeddable":true,"href":"https:\/\/www.it.tarnow.pl\/fr\/wp-json\/wp\/v2\/comments?post=10001"}],"version-history":[{"count":0,"href":"https:\/\/www.it.tarnow.pl\/fr\/wp-json\/wp\/v2\/pages\/10001\/revisions"}],"up":[{"embeddable":true,"href":"https:\/\/www.it.tarnow.pl\/fr\/wp-json\/wp\/v2\/pages\/9990"}],"wp:attachment":[{"href":"https:\/\/www.it.tarnow.pl\/fr\/wp-json\/wp\/v2\/media?parent=10001"}],"wp:term":[{"taxonomy":"post_tag","embeddable":true,"href":"https:\/\/www.it.tarnow.pl\/fr\/wp-json\/wp\/v2\/tags?post=10001"}],"curies":[{"name":"wp","href":"https:\/\/api.w.org\/{rel}","templated":true}]}}