{"id":10000,"date":"2010-08-26T15:43:00","date_gmt":"2010-08-26T13:43:00","guid":{"rendered":"http:\/\/www.it.tarnow.pl\/les-cimetieres-militaires-de-la-premiere-guerre-mondiale\/"},"modified":"2019-04-03T15:19:11","modified_gmt":"2019-04-03T13:19:11","slug":"les-cimetieres-militaires-de-la-premiere-guerre-mondiale","status":"publish","type":"page","link":"https:\/\/www.it.tarnow.pl\/fr\/attractions\/les-cimetieres-militaires-de-la-premiere-guerre-mondiale\/","title":{"rendered":"Les cimeti\u00e8res militaires de la Premi\u00e8re Guerre Mondiale"},"content":{"rendered":"<img loading=\"lazy\" decoding=\"async\" width=\"400\" height=\"298\" class=\"size-medium alignright wp-image-24676\" src=\"http:\/\/www.it.tarnow.pl\/wp-content\/uploads\/2019\/02\/Dabrowka-Szczepanowska-Cmentarz-Wojskowy-z-I-W.-Sw.-Nr-193-1-400x298.jpg\" alt=\"\" srcset=\"https:\/\/www.it.tarnow.pl\/wp-content\/uploads\/2019\/02\/Dabrowka-Szczepanowska-Cmentarz-Wojskowy-z-I-W.-Sw.-Nr-193-1-400x298.jpg 400w, https:\/\/www.it.tarnow.pl\/wp-content\/uploads\/2019\/02\/Dabrowka-Szczepanowska-Cmentarz-Wojskowy-z-I-W.-Sw.-Nr-193-1-768x572.jpg 768w, https:\/\/www.it.tarnow.pl\/wp-content\/uploads\/2019\/02\/Dabrowka-Szczepanowska-Cmentarz-Wojskowy-z-I-W.-Sw.-Nr-193-1-650x484.jpg 650w, https:\/\/www.it.tarnow.pl\/wp-content\/uploads\/2019\/02\/Dabrowka-Szczepanowska-Cmentarz-Wojskowy-z-I-W.-Sw.-Nr-193-1-300x224.jpg 300w, https:\/\/www.it.tarnow.pl\/wp-content\/uploads\/2019\/02\/Dabrowka-Szczepanowska-Cmentarz-Wojskowy-z-I-W.-Sw.-Nr-193-1.jpg 1024w\" sizes=\"auto, (max-width: 400px) 100vw, 400px\" \/><p>Dans la r\u00e9gion de Tarn\u00f3w il y a environ 200 cimeti\u00e8res de la Premi\u00e8re Guerre Mondiale. Une telle d\u00e9nsit\u00e9 de n\u00e9cropoles militaires rappelle des batailles sanglantes qui se sont deroul\u00e9es sur le terrain de la province de Galice (entre autres dans les environs de Tarn\u00f3w) en 1914 et 1915, entre l\u2019arm\u00e9e russe et autrichienne. Ces cimeti\u00e8res, situ\u00e9s souvent sur les champs de bataille, pleins d\u2019arbres sont t\u00e9moins importants de l\u2019histoire de cette r\u00e9gion. <\/p>\n<p>\u00a0<\/p>\n<p>Des soldats de diff\u00e9rentes nationalit\u00e9s y sont enterres: les Polonais, les Autrichiens, les Allemands, les Russes, les Hongrois, les Bosniaques, les Tch\u00e8ques, les Italiens. Les cimeti\u00e8res de la Premi\u00e8re Guerre Mondiale ne sont pas seulement les monuments architectoniques int\u00e9ressants, mais aussi les t\u00e9moins de l\u2019histoire pass\u00e9e de la terre de Tarn\u00f3w.<\/p> <img loading=\"lazy\" decoding=\"async\" width=\"400\" height=\"300\" class=\"size-medium alignleft wp-image-24631\" src=\"http:\/\/www.it.tarnow.pl\/wp-content\/uploads\/2019\/02\/Lubcza-Szczepanowska-Cmentarz-Wojskowy-z-I-W.-Sw.-Nr-192-2-400x300.jpg\" alt=\"\" srcset=\"https:\/\/www.it.tarnow.pl\/wp-content\/uploads\/2019\/02\/Lubcza-Szczepanowska-Cmentarz-Wojskowy-z-I-W.-Sw.-Nr-192-2-400x300.jpg 400w, https:\/\/www.it.tarnow.pl\/wp-content\/uploads\/2019\/02\/Lubcza-Szczepanowska-Cmentarz-Wojskowy-z-I-W.-Sw.-Nr-192-2-768x576.jpg 768w, https:\/\/www.it.tarnow.pl\/wp-content\/uploads\/2019\/02\/Lubcza-Szczepanowska-Cmentarz-Wojskowy-z-I-W.-Sw.-Nr-192-2-650x488.jpg 650w, https:\/\/www.it.tarnow.pl\/wp-content\/uploads\/2019\/02\/Lubcza-Szczepanowska-Cmentarz-Wojskowy-z-I-W.-Sw.-Nr-192-2-300x225.jpg 300w, https:\/\/www.it.tarnow.pl\/wp-content\/uploads\/2019\/02\/Lubcza-Szczepanowska-Cmentarz-Wojskowy-z-I-W.-Sw.-Nr-192-2.jpg 1024w\" sizes=\"auto, (max-width: 400px) 100vw, 400px\" \/><img loading=\"lazy\" decoding=\"async\" width=\"400\" height=\"300\" class=\"size-medium alignright wp-image-24626\" src=\"http:\/\/www.it.tarnow.pl\/wp-content\/uploads\/2019\/02\/Cmentarz-wojskowy-z-I-W.S.-nr-150-w-Chojniku-400x300.jpg\" alt=\"\" srcset=\"https:\/\/www.it.tarnow.pl\/wp-content\/uploads\/2019\/02\/Cmentarz-wojskowy-z-I-W.S.-nr-150-w-Chojniku-400x300.jpg 400w, https:\/\/www.it.tarnow.pl\/wp-content\/uploads\/2019\/02\/Cmentarz-wojskowy-z-I-W.S.-nr-150-w-Chojniku-768x577.jpg 768w, https:\/\/www.it.tarnow.pl\/wp-content\/uploads\/2019\/02\/Cmentarz-wojskowy-z-I-W.S.-nr-150-w-Chojniku-650x488.jpg 650w, https:\/\/www.it.tarnow.pl\/wp-content\/uploads\/2019\/02\/Cmentarz-wojskowy-z-I-W.S.-nr-150-w-Chojniku-300x225.jpg 300w, https:\/\/www.it.tarnow.pl\/wp-content\/uploads\/2019\/02\/Cmentarz-wojskowy-z-I-W.S.-nr-150-w-Chojniku.jpg 1024w\" sizes=\"auto, (max-width: 400px) 100vw, 400px\" \/>","protected":false},"excerpt":{"rendered":"Dans la r\u00e9gion de Tarn\u00f3w il y a environ 200 cimeti\u00e8res de la Premi\u00e8re Guerre Mondiale. Une telle d\u00e9nsit\u00e9 de n\u00e9cropoles militaires rappelle des batailles sanglantes qui se sont deroul\u00e9es [&hellip;]","protected":false},"author":1,"featured_media":0,"parent":9990,"menu_order":351,"comment_status":"closed","ping_status":"closed","template":"","meta":{"_acf_changed":false,"footnotes":""},"tags":[],"class_list":["post-10000","page","type-page","status-publish","hentry"],"acf":{"in_menu":null,"show_date":null,"intro_text":"<img class=\"size-medium alignleft wp-image-24626\" src=\"http:\/\/www.it.tarnow.pl\/wp-content\/uploads\/2019\/02\/Cmentarz-wojskowy-z-I-W.S.-nr-150-w-Chojniku-400x300.jpg\" alt=\"\"><p>Dans la r\u00e9gion de Tarn\u00f3w il y a environ 200 cimeti\u00e8res de la Premi\u00e8re Guerre Mondiale. Une telle d\u00e9nsit\u00e9 de n\u00e9cropoles militaires rappelle des batailles sanglantes qui se sont deroul\u00e9es sur le terrain de la province de Galice (entre autres dans les environs de Tarn\u00f3w) en 1914 et 1915, entre l\u2019arm\u00e9e russe et autrichienne. Ces cimeti\u00e8res, situ\u00e9s souvent sur les champs de bataille, pleins d\u2019arbres sont t\u00e9moins importants de l\u2019histoire de cette r\u00e9gion.<\/p>","map":null},"yoast_head":"<!-- This site is optimized with the Yoast SEO Premium plugin v25.4 (Yoast SEO v25.4) - https:\/\/yoast.com\/wordpress\/plugins\/seo\/ -->\n<title>Les cimeti\u00e8res militaires de la Premi\u00e8re Guerre Mondiale - Tarnowskie Centrum Informacji<\/title>\n<meta name=\"robots\" content=\"index, follow, max-snippet:-1, max-image-preview:large, max-video-preview:-1\" \/>\n<link rel=\"canonical\" href=\"https:\/\/www.it.tarnow.pl\/fr\/attractions\/les-cimetieres-militaires-de-la-premiere-guerre-mondiale\/\" \/>\n<meta property=\"og:locale\" content=\"fr_FR\" \/>\n<meta property=\"og:type\" content=\"article\" \/>\n<meta property=\"og:title\" content=\"Les cimeti\u00e8res militaires de la Premi\u00e8re Guerre Mondiale\" \/>\n<meta property=\"og:description\" content=\"Dans la r\u00e9gion de Tarn\u00f3w il y a environ 200 cimeti\u00e8res de la Premi\u00e8re Guerre Mondiale. Une telle d\u00e9nsit\u00e9 de n\u00e9cropoles militaires rappelle des batailles sanglantes qui se sont deroul\u00e9es [&hellip;]\" \/>\n<meta property=\"og:url\" content=\"https:\/\/www.it.tarnow.pl\/fr\/attractions\/les-cimetieres-militaires-de-la-premiere-guerre-mondiale\/\" \/>\n<meta property=\"og:site_name\" content=\"Tarnowskie Centrum Informacji\" \/>\n<meta property=\"article:modified_time\" content=\"2019-04-03T13:19:11+00:00\" \/>\n<meta property=\"og:image\" content=\"http:\/\/www.it.tarnow.pl\/wp-content\/uploads\/2019\/02\/Dabrowka-Szczepanowska-Cmentarz-Wojskowy-z-I-W.-Sw.-Nr-193-1-400x298.jpg\" \/>\n<meta name=\"twitter:card\" content=\"summary_large_image\" \/>\n<meta name=\"twitter:label1\" content=\"Dur\u00e9e de lecture estim\u00e9e\" \/>\n\t<meta name=\"twitter:data1\" content=\"1 minute\" \/>\n<script type=\"application\/ld+json\" class=\"yoast-schema-graph\">{\"@context\":\"https:\/\/schema.org\",\"@graph\":[{\"@type\":\"WebPage\",\"@id\":\"https:\/\/www.it.tarnow.pl\/fr\/attractions\/les-cimetieres-militaires-de-la-premiere-guerre-mondiale\/\",\"url\":\"https:\/\/www.it.tarnow.pl\/fr\/attractions\/les-cimetieres-militaires-de-la-premiere-guerre-mondiale\/\",\"name\":\"Les cimeti\u00e8res militaires de la Premi\u00e8re Guerre Mondiale - Tarnowskie Centrum Informacji\",\"isPartOf\":{\"@id\":\"https:\/\/www.it.tarnow.pl\/#website\"},\"primaryImageOfPage\":{\"@id\":\"https:\/\/www.it.tarnow.pl\/fr\/attractions\/les-cimetieres-militaires-de-la-premiere-guerre-mondiale\/#primaryimage\"},\"image\":{\"@id\":\"https:\/\/www.it.tarnow.pl\/fr\/attractions\/les-cimetieres-militaires-de-la-premiere-guerre-mondiale\/#primaryimage\"},\"thumbnailUrl\":\"http:\/\/www.it.tarnow.pl\/wp-content\/uploads\/2019\/02\/Dabrowka-Szczepanowska-Cmentarz-Wojskowy-z-I-W.-Sw.-Nr-193-1-400x298.jpg\",\"datePublished\":\"2010-08-26T13:43:00+00:00\",\"dateModified\":\"2019-04-03T13:19:11+00:00\",\"breadcrumb\":{\"@id\":\"https:\/\/www.it.tarnow.pl\/fr\/attractions\/les-cimetieres-militaires-de-la-premiere-guerre-mondiale\/#breadcrumb\"},\"inLanguage\":\"fr-FR\",\"potentialAction\":[{\"@type\":\"ReadAction\",\"target\":[\"https:\/\/www.it.tarnow.pl\/fr\/attractions\/les-cimetieres-militaires-de-la-premiere-guerre-mondiale\/\"]}]},{\"@type\":\"ImageObject\",\"inLanguage\":\"fr-FR\",\"@id\":\"https:\/\/www.it.tarnow.pl\/fr\/attractions\/les-cimetieres-militaires-de-la-premiere-guerre-mondiale\/#primaryimage\",\"url\":\"http:\/\/www.it.tarnow.pl\/wp-content\/uploads\/2019\/02\/Dabrowka-Szczepanowska-Cmentarz-Wojskowy-z-I-W.-Sw.-Nr-193-1-400x298.jpg\",\"contentUrl\":\"http:\/\/www.it.tarnow.pl\/wp-content\/uploads\/2019\/02\/Dabrowka-Szczepanowska-Cmentarz-Wojskowy-z-I-W.-Sw.-Nr-193-1-400x298.jpg\"},{\"@type\":\"BreadcrumbList\",\"@id\":\"https:\/\/www.it.tarnow.pl\/fr\/attractions\/les-cimetieres-militaires-de-la-premiere-guerre-mondiale\/#breadcrumb\",\"itemListElement\":[{\"@type\":\"ListItem\",\"position\":1,\"name\":\"Page d'accueil\",\"item\":\"https:\/\/www.it.tarnow.pl\/fr\/\"},{\"@type\":\"ListItem\",\"position\":2,\"name\":\"Attractions\",\"item\":\"https:\/\/www.it.tarnow.pl\/fr\/attractions\/\"},{\"@type\":\"ListItem\",\"position\":3,\"name\":\"Les cimeti\u00e8res militaires de la Premi\u00e8re Guerre Mondiale\"}]},{\"@type\":\"WebSite\",\"@id\":\"https:\/\/www.it.tarnow.pl\/#website\",\"url\":\"https:\/\/www.it.tarnow.pl\/\",\"name\":\"Tarnowskie Centrum Informacji\",\"description\":\"Informacja turystyczna o Tarnowie i regionie tarnowskim.\",\"potentialAction\":[{\"@type\":\"SearchAction\",\"target\":{\"@type\":\"EntryPoint\",\"urlTemplate\":\"https:\/\/www.it.tarnow.pl\/?s={search_term_string}\"},\"query-input\":{\"@type\":\"PropertyValueSpecification\",\"valueRequired\":true,\"valueName\":\"search_term_string\"}}],\"inLanguage\":\"fr-FR\"}]}<\/script>\n<!-- \/ Yoast SEO Premium plugin. -->","yoast_head_json":{"title":"Les cimeti\u00e8res militaires de la Premi\u00e8re Guerre Mondiale - Tarnowskie Centrum Informacji","robots":{"index":"index","follow":"follow","max-snippet":"max-snippet:-1","max-image-preview":"max-image-preview:large","max-video-preview":"max-video-preview:-1"},"canonical":"https:\/\/www.it.tarnow.pl\/fr\/attractions\/les-cimetieres-militaires-de-la-premiere-guerre-mondiale\/","og_locale":"fr_FR","og_type":"article","og_title":"Les cimeti\u00e8res militaires de la Premi\u00e8re Guerre Mondiale","og_description":"Dans la r\u00e9gion de Tarn\u00f3w il y a environ 200 cimeti\u00e8res de la Premi\u00e8re Guerre Mondiale. Une telle d\u00e9nsit\u00e9 de n\u00e9cropoles militaires rappelle des batailles sanglantes qui se sont deroul\u00e9es [&hellip;]","og_url":"https:\/\/www.it.tarnow.pl\/fr\/attractions\/les-cimetieres-militaires-de-la-premiere-guerre-mondiale\/","og_site_name":"Tarnowskie Centrum Informacji","article_modified_time":"2019-04-03T13:19:11+00:00","og_image":[{"url":"http:\/\/www.it.tarnow.pl\/wp-content\/uploads\/2019\/02\/Dabrowka-Szczepanowska-Cmentarz-Wojskowy-z-I-W.-Sw.-Nr-193-1-400x298.jpg","type":"","width":"","height":""}],"twitter_card":"summary_large_image","twitter_misc":{"Dur\u00e9e de lecture estim\u00e9e":"1 minute"},"schema":{"@context":"https:\/\/schema.org","@graph":[{"@type":"WebPage","@id":"https:\/\/www.it.tarnow.pl\/fr\/attractions\/les-cimetieres-militaires-de-la-premiere-guerre-mondiale\/","url":"https:\/\/www.it.tarnow.pl\/fr\/attractions\/les-cimetieres-militaires-de-la-premiere-guerre-mondiale\/","name":"Les cimeti\u00e8res militaires de la Premi\u00e8re Guerre Mondiale - Tarnowskie Centrum Informacji","isPartOf":{"@id":"https:\/\/www.it.tarnow.pl\/#website"},"primaryImageOfPage":{"@id":"https:\/\/www.it.tarnow.pl\/fr\/attractions\/les-cimetieres-militaires-de-la-premiere-guerre-mondiale\/#primaryimage"},"image":{"@id":"https:\/\/www.it.tarnow.pl\/fr\/attractions\/les-cimetieres-militaires-de-la-premiere-guerre-mondiale\/#primaryimage"},"thumbnailUrl":"http:\/\/www.it.tarnow.pl\/wp-content\/uploads\/2019\/02\/Dabrowka-Szczepanowska-Cmentarz-Wojskowy-z-I-W.-Sw.-Nr-193-1-400x298.jpg","datePublished":"2010-08-26T13:43:00+00:00","dateModified":"2019-04-03T13:19:11+00:00","breadcrumb":{"@id":"https:\/\/www.it.tarnow.pl\/fr\/attractions\/les-cimetieres-militaires-de-la-premiere-guerre-mondiale\/#breadcrumb"},"inLanguage":"fr-FR","potentialAction":[{"@type":"ReadAction","target":["https:\/\/www.it.tarnow.pl\/fr\/attractions\/les-cimetieres-militaires-de-la-premiere-guerre-mondiale\/"]}]},{"@type":"ImageObject","inLanguage":"fr-FR","@id":"https:\/\/www.it.tarnow.pl\/fr\/attractions\/les-cimetieres-militaires-de-la-premiere-guerre-mondiale\/#primaryimage","url":"http:\/\/www.it.tarnow.pl\/wp-content\/uploads\/2019\/02\/Dabrowka-Szczepanowska-Cmentarz-Wojskowy-z-I-W.-Sw.-Nr-193-1-400x298.jpg","contentUrl":"http:\/\/www.it.tarnow.pl\/wp-content\/uploads\/2019\/02\/Dabrowka-Szczepanowska-Cmentarz-Wojskowy-z-I-W.-Sw.-Nr-193-1-400x298.jpg"},{"@type":"BreadcrumbList","@id":"https:\/\/www.it.tarnow.pl\/fr\/attractions\/les-cimetieres-militaires-de-la-premiere-guerre-mondiale\/#breadcrumb","itemListElement":[{"@type":"ListItem","position":1,"name":"Page d'accueil","item":"https:\/\/www.it.tarnow.pl\/fr\/"},{"@type":"ListItem","position":2,"name":"Attractions","item":"https:\/\/www.it.tarnow.pl\/fr\/attractions\/"},{"@type":"ListItem","position":3,"name":"Les cimeti\u00e8res militaires de la Premi\u00e8re Guerre Mondiale"}]},{"@type":"WebSite","@id":"https:\/\/www.it.tarnow.pl\/#website","url":"https:\/\/www.it.tarnow.pl\/","name":"Tarnowskie Centrum Informacji","description":"Informacja turystyczna o Tarnowie i regionie tarnowskim.","potentialAction":[{"@type":"SearchAction","target":{"@type":"EntryPoint","urlTemplate":"https:\/\/www.it.tarnow.pl\/?s={search_term_string}"},"query-input":{"@type":"PropertyValueSpecification","valueRequired":true,"valueName":"search_term_string"}}],"inLanguage":"fr-FR"}]}},"_links":{"self":[{"href":"https:\/\/www.it.tarnow.pl\/fr\/wp-json\/wp\/v2\/pages\/10000","targetHints":{"allow":["GET"]}}],"collection":[{"href":"https:\/\/www.it.tarnow.pl\/fr\/wp-json\/wp\/v2\/pages"}],"about":[{"href":"https:\/\/www.it.tarnow.pl\/fr\/wp-json\/wp\/v2\/types\/page"}],"author":[{"embeddable":true,"href":"https:\/\/www.it.tarnow.pl\/fr\/wp-json\/wp\/v2\/users\/1"}],"replies":[{"embeddable":true,"href":"https:\/\/www.it.tarnow.pl\/fr\/wp-json\/wp\/v2\/comments?post=10000"}],"version-history":[{"count":0,"href":"https:\/\/www.it.tarnow.pl\/fr\/wp-json\/wp\/v2\/pages\/10000\/revisions"}],"up":[{"embeddable":true,"href":"https:\/\/www.it.tarnow.pl\/fr\/wp-json\/wp\/v2\/pages\/9990"}],"wp:attachment":[{"href":"https:\/\/www.it.tarnow.pl\/fr\/wp-json\/wp\/v2\/media?parent=10000"}],"wp:term":[{"taxonomy":"post_tag","embeddable":true,"href":"https:\/\/www.it.tarnow.pl\/fr\/wp-json\/wp\/v2\/tags?post=10000"}],"curies":[{"name":"wp","href":"https:\/\/api.w.org\/{rel}","templated":true}]}}