{"id":10133,"date":"2015-10-29T14:01:04","date_gmt":"2015-10-29T13:01:04","guid":{"rendered":"http:\/\/www.it.tarnow.pl\/systema-de-la-informacion-turistica-de-la-region-de-malopolska-msit\/"},"modified":"2019-04-03T15:21:19","modified_gmt":"2019-04-03T13:21:19","slug":"systema-de-la-informacion-turistica-de-la-region-de-malopolska-msit","status":"publish","type":"page","link":"https:\/\/www.it.tarnow.pl\/es\/sobre-nosotros\/systema-de-la-informacion-turistica-de-la-region-de-malopolska-msit\/","title":{"rendered":"Systema de la Informaci\u00f3n Tur\u00edstica de la regi\u00f3n de Malopolska \u2013 MSIT"},"content":{"rendered":"<p>Gracias al Centro de Informaci\u00f3n de Tarn\u00f3w (TCI) la ciudad de Tarn\u00f3w participa en un proyecto MSIT (El Systema Regional de la Informaci\u00f3n Tur\u00edstica de Malopolska)<\/p>\n<p>Centro de Informaci\u00f3n de Tarn\u00f3w es uno de seis subregionales centros de informaci\u00f3n tur\u00edstica en Malopolska. Por lo tanto en TCI proporcionamos informaciones sobre todos los regiones participantes \u2013 la regi\u00f3n de Tarn\u00f3w, Bochnia, Brzesko, D\u0105browa Tarnowska y la ciudad de Tarn\u00f3w.<\/p>\n<p>Lee m\u00e1s sobre el proyecto en la p\u00e1gina web de Voivodato de Malopolska : <a href=\"http:\/\/www.malopolskie.pl\">www.malopolskie.pl<\/a>\n y \u00a0<a href=\"http:\/\/www.visitmalopolska.pl\">www.visitmalopolska.pl<\/a>\n<\/p>","protected":false},"excerpt":{"rendered":"Gracias al Centro de Informaci\u00f3n de Tarn\u00f3w (TCI) la ciudad de Tarn\u00f3w participa en un proyecto MSIT (El Systema Regional de la Informaci\u00f3n Tur\u00edstica de Malopolska) Centro de Informaci\u00f3n de [&hellip;]","protected":false},"author":1,"featured_media":0,"parent":10132,"menu_order":800,"comment_status":"closed","ping_status":"closed","template":"","meta":{"_acf_changed":false,"footnotes":""},"tags":[],"class_list":["post-10133","page","type-page","status-publish","hentry"],"acf":{"in_menu":null,"show_date":null,"intro_text":"","map":null},"yoast_head":"<!-- This site is optimized with the Yoast SEO Premium plugin v25.4 (Yoast SEO v25.4) - https:\/\/yoast.com\/wordpress\/plugins\/seo\/ -->\n<title>Systema de la Informaci\u00f3n Tur\u00edstica de la regi\u00f3n de Malopolska \u2013 MSIT - Tarnowskie Centrum Informacji<\/title>\n<meta name=\"robots\" content=\"index, follow, max-snippet:-1, max-image-preview:large, max-video-preview:-1\" \/>\n<link rel=\"canonical\" href=\"https:\/\/www.it.tarnow.pl\/es\/sobre-nosotros\/systema-de-la-informacion-turistica-de-la-region-de-malopolska-msit\/\" \/>\n<meta property=\"og:locale\" content=\"es_ES\" \/>\n<meta property=\"og:type\" content=\"article\" \/>\n<meta property=\"og:title\" content=\"Systema de la Informaci\u00f3n Tur\u00edstica de la regi\u00f3n de Malopolska \u2013 MSIT\" \/>\n<meta property=\"og:description\" content=\"Gracias al Centro de Informaci\u00f3n de Tarn\u00f3w (TCI) la ciudad de Tarn\u00f3w participa en un proyecto MSIT (El Systema Regional de la Informaci\u00f3n Tur\u00edstica de Malopolska) Centro de Informaci\u00f3n de [&hellip;]\" \/>\n<meta property=\"og:url\" content=\"https:\/\/www.it.tarnow.pl\/es\/sobre-nosotros\/systema-de-la-informacion-turistica-de-la-region-de-malopolska-msit\/\" \/>\n<meta property=\"og:site_name\" content=\"Tarnowskie Centrum Informacji\" \/>\n<meta property=\"article:modified_time\" content=\"2019-04-03T13:21:19+00:00\" \/>\n<meta name=\"twitter:card\" content=\"summary_large_image\" \/>\n<meta name=\"twitter:label1\" content=\"Tiempo de lectura\" \/>\n\t<meta name=\"twitter:data1\" content=\"1 minuto\" \/>\n<script type=\"application\/ld+json\" class=\"yoast-schema-graph\">{\"@context\":\"https:\/\/schema.org\",\"@graph\":[{\"@type\":\"WebPage\",\"@id\":\"https:\/\/www.it.tarnow.pl\/es\/sobre-nosotros\/systema-de-la-informacion-turistica-de-la-region-de-malopolska-msit\/\",\"url\":\"https:\/\/www.it.tarnow.pl\/es\/sobre-nosotros\/systema-de-la-informacion-turistica-de-la-region-de-malopolska-msit\/\",\"name\":\"Systema de la Informaci\u00f3n Tur\u00edstica de la regi\u00f3n de Malopolska \u2013 MSIT - Tarnowskie Centrum Informacji\",\"isPartOf\":{\"@id\":\"https:\/\/www.it.tarnow.pl\/#website\"},\"datePublished\":\"2015-10-29T13:01:04+00:00\",\"dateModified\":\"2019-04-03T13:21:19+00:00\",\"breadcrumb\":{\"@id\":\"https:\/\/www.it.tarnow.pl\/es\/sobre-nosotros\/systema-de-la-informacion-turistica-de-la-region-de-malopolska-msit\/#breadcrumb\"},\"inLanguage\":\"es\",\"potentialAction\":[{\"@type\":\"ReadAction\",\"target\":[\"https:\/\/www.it.tarnow.pl\/es\/sobre-nosotros\/systema-de-la-informacion-turistica-de-la-region-de-malopolska-msit\/\"]}]},{\"@type\":\"BreadcrumbList\",\"@id\":\"https:\/\/www.it.tarnow.pl\/es\/sobre-nosotros\/systema-de-la-informacion-turistica-de-la-region-de-malopolska-msit\/#breadcrumb\",\"itemListElement\":[{\"@type\":\"ListItem\",\"position\":1,\"name\":\"P\u00e1gina de inicio\",\"item\":\"https:\/\/www.it.tarnow.pl\/es\/\"},{\"@type\":\"ListItem\",\"position\":2,\"name\":\"Sobre nosotros\",\"item\":\"https:\/\/www.it.tarnow.pl\/es\/sobre-nosotros\/\"},{\"@type\":\"ListItem\",\"position\":3,\"name\":\"Systema de la Informaci\u00f3n Tur\u00edstica de la regi\u00f3n de Malopolska \u2013 MSIT\"}]},{\"@type\":\"WebSite\",\"@id\":\"https:\/\/www.it.tarnow.pl\/#website\",\"url\":\"https:\/\/www.it.tarnow.pl\/\",\"name\":\"Tarnowskie Centrum Informacji\",\"description\":\"Informacja turystyczna o Tarnowie i regionie tarnowskim.\",\"potentialAction\":[{\"@type\":\"SearchAction\",\"target\":{\"@type\":\"EntryPoint\",\"urlTemplate\":\"https:\/\/www.it.tarnow.pl\/?s={search_term_string}\"},\"query-input\":{\"@type\":\"PropertyValueSpecification\",\"valueRequired\":true,\"valueName\":\"search_term_string\"}}],\"inLanguage\":\"es\"}]}<\/script>\n<!-- \/ Yoast SEO Premium plugin. -->","yoast_head_json":{"title":"Systema de la Informaci\u00f3n Tur\u00edstica de la regi\u00f3n de Malopolska \u2013 MSIT - Tarnowskie Centrum Informacji","robots":{"index":"index","follow":"follow","max-snippet":"max-snippet:-1","max-image-preview":"max-image-preview:large","max-video-preview":"max-video-preview:-1"},"canonical":"https:\/\/www.it.tarnow.pl\/es\/sobre-nosotros\/systema-de-la-informacion-turistica-de-la-region-de-malopolska-msit\/","og_locale":"es_ES","og_type":"article","og_title":"Systema de la Informaci\u00f3n Tur\u00edstica de la regi\u00f3n de Malopolska \u2013 MSIT","og_description":"Gracias al Centro de Informaci\u00f3n de Tarn\u00f3w (TCI) la ciudad de Tarn\u00f3w participa en un proyecto MSIT (El Systema Regional de la Informaci\u00f3n Tur\u00edstica de Malopolska) Centro de Informaci\u00f3n de [&hellip;]","og_url":"https:\/\/www.it.tarnow.pl\/es\/sobre-nosotros\/systema-de-la-informacion-turistica-de-la-region-de-malopolska-msit\/","og_site_name":"Tarnowskie Centrum Informacji","article_modified_time":"2019-04-03T13:21:19+00:00","twitter_card":"summary_large_image","twitter_misc":{"Tiempo de lectura":"1 minuto"},"schema":{"@context":"https:\/\/schema.org","@graph":[{"@type":"WebPage","@id":"https:\/\/www.it.tarnow.pl\/es\/sobre-nosotros\/systema-de-la-informacion-turistica-de-la-region-de-malopolska-msit\/","url":"https:\/\/www.it.tarnow.pl\/es\/sobre-nosotros\/systema-de-la-informacion-turistica-de-la-region-de-malopolska-msit\/","name":"Systema de la Informaci\u00f3n Tur\u00edstica de la regi\u00f3n de Malopolska \u2013 MSIT - Tarnowskie Centrum Informacji","isPartOf":{"@id":"https:\/\/www.it.tarnow.pl\/#website"},"datePublished":"2015-10-29T13:01:04+00:00","dateModified":"2019-04-03T13:21:19+00:00","breadcrumb":{"@id":"https:\/\/www.it.tarnow.pl\/es\/sobre-nosotros\/systema-de-la-informacion-turistica-de-la-region-de-malopolska-msit\/#breadcrumb"},"inLanguage":"es","potentialAction":[{"@type":"ReadAction","target":["https:\/\/www.it.tarnow.pl\/es\/sobre-nosotros\/systema-de-la-informacion-turistica-de-la-region-de-malopolska-msit\/"]}]},{"@type":"BreadcrumbList","@id":"https:\/\/www.it.tarnow.pl\/es\/sobre-nosotros\/systema-de-la-informacion-turistica-de-la-region-de-malopolska-msit\/#breadcrumb","itemListElement":[{"@type":"ListItem","position":1,"name":"P\u00e1gina de inicio","item":"https:\/\/www.it.tarnow.pl\/es\/"},{"@type":"ListItem","position":2,"name":"Sobre nosotros","item":"https:\/\/www.it.tarnow.pl\/es\/sobre-nosotros\/"},{"@type":"ListItem","position":3,"name":"Systema de la Informaci\u00f3n Tur\u00edstica de la regi\u00f3n de Malopolska \u2013 MSIT"}]},{"@type":"WebSite","@id":"https:\/\/www.it.tarnow.pl\/#website","url":"https:\/\/www.it.tarnow.pl\/","name":"Tarnowskie Centrum Informacji","description":"Informacja turystyczna o Tarnowie i regionie tarnowskim.","potentialAction":[{"@type":"SearchAction","target":{"@type":"EntryPoint","urlTemplate":"https:\/\/www.it.tarnow.pl\/?s={search_term_string}"},"query-input":{"@type":"PropertyValueSpecification","valueRequired":true,"valueName":"search_term_string"}}],"inLanguage":"es"}]}},"_links":{"self":[{"href":"https:\/\/www.it.tarnow.pl\/es\/wp-json\/wp\/v2\/pages\/10133","targetHints":{"allow":["GET"]}}],"collection":[{"href":"https:\/\/www.it.tarnow.pl\/es\/wp-json\/wp\/v2\/pages"}],"about":[{"href":"https:\/\/www.it.tarnow.pl\/es\/wp-json\/wp\/v2\/types\/page"}],"author":[{"embeddable":true,"href":"https:\/\/www.it.tarnow.pl\/es\/wp-json\/wp\/v2\/users\/1"}],"replies":[{"embeddable":true,"href":"https:\/\/www.it.tarnow.pl\/es\/wp-json\/wp\/v2\/comments?post=10133"}],"version-history":[{"count":0,"href":"https:\/\/www.it.tarnow.pl\/es\/wp-json\/wp\/v2\/pages\/10133\/revisions"}],"up":[{"embeddable":true,"href":"https:\/\/www.it.tarnow.pl\/es\/wp-json\/wp\/v2\/pages\/10132"}],"wp:attachment":[{"href":"https:\/\/www.it.tarnow.pl\/es\/wp-json\/wp\/v2\/media?parent=10133"}],"wp:term":[{"taxonomy":"post_tag","embeddable":true,"href":"https:\/\/www.it.tarnow.pl\/es\/wp-json\/wp\/v2\/tags?post=10133"}],"curies":[{"name":"wp","href":"https:\/\/api.w.org\/{rel}","templated":true}]}}