{"id":10132,"date":"2015-10-29T12:40:08","date_gmt":"2015-10-29T11:40:08","guid":{"rendered":"http:\/\/www.it.tarnow.pl\/sobre-nosotros\/"},"modified":"2023-07-02T12:01:00","modified_gmt":"2023-07-02T10:01:00","slug":"sobre-nosotros","status":"publish","type":"page","link":"https:\/\/www.it.tarnow.pl\/es\/sobre-nosotros\/","title":{"rendered":"Sobre nosotros"},"content":{"rendered":"<p>Tarnowskie Centrum Informacji \u2013 Centro de Informaci\u00f3n de Tarn\u00f3w<br \/>\r\nRynek 7, 33-100 Tarn\u00f3w, Malopolska, Polonia<br \/>\r\nTel.: +48 14 688 90 90, 688 90 91<br \/>\r\n\u00a0Fax +48 14 688 90 92<br \/>\r\n\u00a0e-mail: <a href=\"mailto:centrum@tarnow.travel\">centrum@tarnow.travel<\/a> <br \/>\r\n<a href=\"http:\/\/www.tarnow.travel\">www.tarnow.travel<\/a> <br \/>\r\n<a href=\"http:\/\/www.facebook.com\/Tarnowskie.Centrum.Informacji\">www.facebook.com\/Tarnowskie.Centrum.Informacji<\/a><\/p>\r\n<p>&nbsp;<\/p>\r\n<p>El mejor centro de informaci\u00f3n tur\u00edstica de Polonia en los a\u00f1os \u2013 2019, 2015, 2013, 2012, 2010 y 2008<\/p>\r\n<p>Punto de Informaci\u00f3n Tur\u00edstica<br \/>\r\nHabitaciones (cuatros de ba\u00f1o en habitaciones, TV, acceso a wifi, parking)<br \/>\r\nSalas de conferencias (para max. 50 personas)<br \/>\r\n<br \/>\r\n<\/p>\r\n<p>&nbsp;<\/p>\r\n<p>Horario de apertura<\/p>\r\n<div class=\"table-responsive\">\r\n<table class=\"table-default table\" style=\"width: 52.9871%;\" border=\"0\" summary=\"horario\" width=\"100%\" cellspacing=\"0\" cellpadding=\"2\">\r\n<tbody>\r\n<tr>\r\n<td style=\"vertical-align: top; width: 32.1324%;\" valign=\"top\">Lunes<\/td>\r\n<td style=\"vertical-align: top; width: 45.3412%; text-align: center;\" valign=\"top\">8 am &#8211; 6 pm<\/td>\r\n<\/tr>\r\n<tr>\r\n<td style=\"vertical-align: top; width: 32.1324%;\" valign=\"top\">Martes<\/td>\r\n<td style=\"vertical-align: top; width: 45.3412%; text-align: center;\" valign=\"top\">8 am &#8211; 6 pm<\/td>\r\n<\/tr>\r\n<tr>\r\n<td style=\"vertical-align: top; width: 32.1324%;\" valign=\"top\">Mi\u00e9rcoles<\/td>\r\n<td style=\"vertical-align: top; width: 45.3412%; text-align: center;\" valign=\"top\">8 am &#8211; 6 pm<\/td>\r\n<\/tr>\r\n<tr>\r\n<td style=\"vertical-align: top; width: 32.1324%;\" valign=\"top\">Jueves<\/td>\r\n<td style=\"vertical-align: top; width: 45.3412%; text-align: center;\" valign=\"top\">8 am &#8211; 6 pm<\/td>\r\n<\/tr>\r\n<tr>\r\n<td style=\"vertical-align: top; width: 32.1324%;\" valign=\"top\">Viernes<\/td>\r\n<td style=\"vertical-align: top; width: 45.3412%; text-align: center;\" valign=\"top\">8 am &#8211; 6 pm<\/td>\r\n<\/tr>\r\n<tr>\r\n<td style=\"vertical-align: top; width: 32.1324%;\" valign=\"top\">S\u00e1bado<\/td>\r\n<td style=\"vertical-align: top; width: 45.3412%; text-align: center;\" valign=\"top\">9 am &#8211; 5 pm<\/td>\r\n<\/tr>\r\n<tr>\r\n<td style=\"vertical-align: top; width: 32.1324%;\" valign=\"top\">Domingo<\/td>\r\n<td style=\"vertical-align: top; width: 45.3412%; text-align: center;\" valign=\"top\">9 am &#8211; 5 pm<\/td>\r\n<\/tr>\r\n<\/tbody>\r\n<\/table>\r\n<\/div>\r\n<p>&nbsp;<\/p>\r\n<p>&nbsp;<\/p>\r\n<div class=\"separator\">\u00a0<\/div>\r\n<p>&nbsp;<\/p>\r\n<p><b>Premios y Nominaciones<\/b><\/p>\r\n<p><b>2010:<\/b><\/p>\r\n<p>En el concurso para el mejor centro de informaci\u00f3n tur\u00edstica del a\u00f1o 2010, justamente el Centro de Informaci\u00f3n de Tarn\u00f3w recibi\u00f3 el primer premio entre todos los centros tur\u00edsticos de Polonia.<\/p>\r\n<p><b>2008:<\/b><\/p>\r\n<p>En el concurso para el mejor centro de informaci\u00f3n tur\u00edstica del a\u00f1o 2008, que tuve lugar en Varsovia, 23 de octubre 2008, Centro de Informaci\u00f3n de Tarn\u00f3w recibi\u00f3 el primer premio en la categor\u00eda de las ciudades con la cantidad de habitantes m\u00e1s grande que 75\u00a0000, entre todos los centros tur\u00edsticos de Polonia.<\/p>\r\n<p>Centro de Informaci\u00f3n de Tarn\u00f3w es el mejor de Polonia en el a\u00f1o 2008 (esta organisaci\u00f3n recibi\u00f3 el primer premio en el concurso de las Organisaciones Tur\u00edsticas de Polonia para el mejor lugar de Informaci\u00f3n Tur\u00edstica)<\/p>\r\n<p>Centro de Informaci\u00f3n Tur\u00edstica de Tarn\u00f3w recibi\u00f3 el premio del Ministro de Deporte y Turismo por los resultados en el\u00a0 campo del turismo en el a\u00f1o 2008.<\/p>\r\n<p>Nominaci\u00f3n en el concurso\u00a0 \u00abZ\u0142ote Formaty 2008\u00bb en la categor\u00eda \u00abla mejor p\u00e1gina web\u00bb para el Ayuntamiento de Tarn\u00f3w \u2013\u00a0 Centro de Informaci\u00f3n de Tarn\u00f3w por la p\u00e1gina <a href=\"http:\/\/www.it.tarnow.pl\">www.it.tarnow.pl<\/a> \u00a0creada por el empleado del Centro de Infromaci\u00f3n de Tarn\u00f3w, Krzysztof Gzyl.<\/p>\r\n<p><b>2007:<\/b><\/p>\r\n<p>Centro de Informaci\u00f3n de Tarn\u00f3w \u2013 el mejor centro de informaci\u00f3n tur\u00edstica en el voivodato de Malopolska en 2007 (seg\u00fan el Mariscal de Malopolska)<\/p>\r\n<p>El premio\u00a0 de Wielkopolski Klub Publicystow Krajoznawczych (Club de los publicistas de la regi\u00f3n de Wielkopolska) otorgado a AMISTAD sp. z o o. Edition \u00abBezdro\u017ca\u00bb\u00a0 y el Centro de Informaci\u00f3n de Tarn\u00f3w por la gu\u00eda \u00abTarn\u00f3w \u2013 la Perla del renacimiento\u00bb. El premio otorgado durante \u00a0XVI Ferias para la promoci\u00f3n de las regiones y los productos tur\u00edsticos TOUR SALON)<\/p>\r\n<p>El Distintivo honorario del Ministro de Deporte y Turismo otorgado al director de Centro de Informaci\u00f3n de Tarn\u00f3w, Pawe\u0142 Rybak.<\/p>\r\n<p>Diploma de Mariscal de la regi\u00f3n de Malopolska para el Centro de Informaci\u00f3n de Tarn\u00f3w por la contribuci\u00f3n al desarrollo y la promoci\u00f3n del turismo en el voivodato de Malopolska en 2007. \u00a0\u00a0\u00a0<\/p>\r\n<p><b>2006:<\/b><\/p>\r\n<p>Centro de Informaci\u00f3n de Tarn\u00f3w gan\u00f3 el segundo premio en la categor\u00eda \u00abel mejor centro de informaci\u00f3n tur\u00edstica en Polonia\u00bb en 2006.<\/p>\r\n<p>El Distintivo Honorario del Ministro de Econom\u00eda otorgado al director general de Centro de Informaci\u00f3n de Tarn\u00f3w Marcin Pa\u0142ach.<\/p>\r\n<p><b>2005:<\/b><\/p>\r\n<p>Nominaci\u00f3n para el Centro de Informaci\u00f3n de Tarn\u00f3w en la categor\u00eda \u00abel mejor centro de informaci\u00f3n tur\u00edstica en 2005\u00bb por la Organisaci\u00f3n Tur\u00edstica de Polonia. \u00a0<\/p>\r\n<p>Grand Prix para Tarn\u00f3w durante el \u00abGrande Descubrimiento de la regi\u00f3n de Malopolska\u00bb de la Organizaci\u00f3n Tur\u00edstica de Polonia, Voivodato de la regi\u00f3n de Malopolska, Organizaci\u00f3n Tur\u00edstica de la regi\u00f3n de Malopolska.<\/p>\r\n<p>23 Premio Europeo de Turismo otorgado al director general del Centro de Informaci\u00f3n de Tarn\u00f3w\u00a0 Marcin Pa\u0142ach por la contribuci\u00f3n al campo del turismo, la Federaci\u00f3n Europea de la Prensa Tur\u00edstica.<\/p>\r\n<p><b>2008:<\/b><\/p>\r\n<p>Centro de Informaci\u00f3n de Tarn\u00f3w gan\u00f3 el primer premio en la categor\u00eda: \u00abel mejor centro de informaci\u00f3n tur\u00edstica en Polonia\u00bb en 2008<\/p>\r\n<p><b>2010:<\/b><\/p>\r\n<p>Centro de Informaci\u00f3n de Tarn\u00f3w gan\u00f3 el primer premio en la categor\u00eda: \u00abel mejor centro de informaci\u00f3n tur\u00edstica en Polonia\u00bb en 2010<\/p>\r\n<p><b>2012<\/b><\/p>\r\n<p>Centro de Informaci\u00f3n de Tarn\u00f3w gan\u00f3 el primer premio en la categor\u00eda: \u00abel mejor centro de informaci\u00f3n tur\u00edstica en Polonia\u00bb en 2012<\/p>\r\n<p><b>2013<\/b><\/p>\r\n<p>Centro de Informaci\u00f3n de Tarn\u00f3w gan\u00f3 el primer premio en la categor\u00eda: \u00abel mejor centro de informaci\u00f3n tur\u00edstica en Polonia\u00bb en 2013<\/p>\r\n<p><b>2015<\/b><\/p>\r\n<p>Centro de Informaci\u00f3n de Tarn\u00f3w gan\u00f3 el primer premio en la categor\u00eda: \u00abel mejor centro de informaci\u00f3n tur\u00edstica en Polonia\u00bb en 2015<\/p>\r\n<p><b>2019<\/b><\/p>\r\n<p>Centro de Informaci\u00f3n de Tarn\u00f3w gan\u00f3 el primer premio en la categor\u00eda: \u00abel mejor centro de informaci\u00f3n tur\u00edstica en Polonia\u00bb en 2019<\/p>","protected":false},"excerpt":{"rendered":"Tarnowskie Centrum Informacji \u2013 Centro de Informaci\u00f3n de Tarn\u00f3w Rynek 7, 33-100 Tarn\u00f3w, Malopolska, Polonia Tel.: +48 14 688 90 90, 688 90 91 \u00a0Fax +48 14 688 90 92 [&hellip;]","protected":false},"author":1,"featured_media":0,"parent":0,"menu_order":606,"comment_status":"closed","ping_status":"closed","template":"","meta":{"_acf_changed":false,"footnotes":""},"tags":[],"class_list":["post-10132","page","type-page","status-publish","hentry"],"acf":{"old_object_id":"20729","old_parent_id":"65","old_url":"Sobre-nosotros","intro_text":"","show_children":"1","class":"folder","type":"page","in_menu":true,"show_date":false,"map":"","old_id":"","rooms_info":"","top_column":"","left_column":"","right_column":"","bottom_column":"","skip_import":false,"_menu_related_id":"96304"},"yoast_head":"<!-- This site is optimized with the Yoast SEO Premium plugin v25.4 (Yoast SEO v25.4) - https:\/\/yoast.com\/wordpress\/plugins\/seo\/ -->\n<title>Sobre nosotros - Tarnowskie Centrum Informacji<\/title>\n<meta name=\"robots\" content=\"index, follow, max-snippet:-1, max-image-preview:large, max-video-preview:-1\" \/>\n<link rel=\"canonical\" href=\"https:\/\/www.it.tarnow.pl\/es\/sobre-nosotros\/\" \/>\n<meta property=\"og:locale\" content=\"es_ES\" \/>\n<meta property=\"og:type\" content=\"article\" \/>\n<meta property=\"og:title\" content=\"Sobre nosotros\" \/>\n<meta property=\"og:description\" content=\"Tarnowskie Centrum Informacji \u2013 Centro de Informaci\u00f3n de Tarn\u00f3w Rynek 7, 33-100 Tarn\u00f3w, Malopolska, Polonia Tel.: +48 14 688 90 90, 688 90 91 \u00a0Fax +48 14 688 90 92 [&hellip;]\" \/>\n<meta property=\"og:url\" content=\"https:\/\/www.it.tarnow.pl\/es\/sobre-nosotros\/\" \/>\n<meta property=\"og:site_name\" content=\"Tarnowskie Centrum Informacji\" \/>\n<meta property=\"article:modified_time\" content=\"2023-07-02T10:01:00+00:00\" \/>\n<meta name=\"twitter:card\" content=\"summary_large_image\" \/>\n<meta name=\"twitter:label1\" content=\"Tiempo de lectura\" \/>\n\t<meta name=\"twitter:data1\" content=\"4 minutos\" \/>\n<script type=\"application\/ld+json\" class=\"yoast-schema-graph\">{\"@context\":\"https:\/\/schema.org\",\"@graph\":[{\"@type\":\"WebPage\",\"@id\":\"https:\/\/www.it.tarnow.pl\/es\/sobre-nosotros\/\",\"url\":\"https:\/\/www.it.tarnow.pl\/es\/sobre-nosotros\/\",\"name\":\"Sobre nosotros - Tarnowskie Centrum Informacji\",\"isPartOf\":{\"@id\":\"https:\/\/www.it.tarnow.pl\/#website\"},\"datePublished\":\"2015-10-29T11:40:08+00:00\",\"dateModified\":\"2023-07-02T10:01:00+00:00\",\"breadcrumb\":{\"@id\":\"https:\/\/www.it.tarnow.pl\/es\/sobre-nosotros\/#breadcrumb\"},\"inLanguage\":\"es\",\"potentialAction\":[{\"@type\":\"ReadAction\",\"target\":[\"https:\/\/www.it.tarnow.pl\/es\/sobre-nosotros\/\"]}]},{\"@type\":\"BreadcrumbList\",\"@id\":\"https:\/\/www.it.tarnow.pl\/es\/sobre-nosotros\/#breadcrumb\",\"itemListElement\":[{\"@type\":\"ListItem\",\"position\":1,\"name\":\"P\u00e1gina de inicio\",\"item\":\"https:\/\/www.it.tarnow.pl\/es\/\"},{\"@type\":\"ListItem\",\"position\":2,\"name\":\"Sobre nosotros\"}]},{\"@type\":\"WebSite\",\"@id\":\"https:\/\/www.it.tarnow.pl\/#website\",\"url\":\"https:\/\/www.it.tarnow.pl\/\",\"name\":\"Tarnowskie Centrum Informacji\",\"description\":\"Informacja turystyczna o Tarnowie i regionie tarnowskim.\",\"potentialAction\":[{\"@type\":\"SearchAction\",\"target\":{\"@type\":\"EntryPoint\",\"urlTemplate\":\"https:\/\/www.it.tarnow.pl\/?s={search_term_string}\"},\"query-input\":{\"@type\":\"PropertyValueSpecification\",\"valueRequired\":true,\"valueName\":\"search_term_string\"}}],\"inLanguage\":\"es\"}]}<\/script>\n<!-- \/ Yoast SEO Premium plugin. -->","yoast_head_json":{"title":"Sobre nosotros - Tarnowskie Centrum Informacji","robots":{"index":"index","follow":"follow","max-snippet":"max-snippet:-1","max-image-preview":"max-image-preview:large","max-video-preview":"max-video-preview:-1"},"canonical":"https:\/\/www.it.tarnow.pl\/es\/sobre-nosotros\/","og_locale":"es_ES","og_type":"article","og_title":"Sobre nosotros","og_description":"Tarnowskie Centrum Informacji \u2013 Centro de Informaci\u00f3n de Tarn\u00f3w Rynek 7, 33-100 Tarn\u00f3w, Malopolska, Polonia Tel.: +48 14 688 90 90, 688 90 91 \u00a0Fax +48 14 688 90 92 [&hellip;]","og_url":"https:\/\/www.it.tarnow.pl\/es\/sobre-nosotros\/","og_site_name":"Tarnowskie Centrum Informacji","article_modified_time":"2023-07-02T10:01:00+00:00","twitter_card":"summary_large_image","twitter_misc":{"Tiempo de lectura":"4 minutos"},"schema":{"@context":"https:\/\/schema.org","@graph":[{"@type":"WebPage","@id":"https:\/\/www.it.tarnow.pl\/es\/sobre-nosotros\/","url":"https:\/\/www.it.tarnow.pl\/es\/sobre-nosotros\/","name":"Sobre nosotros - Tarnowskie Centrum Informacji","isPartOf":{"@id":"https:\/\/www.it.tarnow.pl\/#website"},"datePublished":"2015-10-29T11:40:08+00:00","dateModified":"2023-07-02T10:01:00+00:00","breadcrumb":{"@id":"https:\/\/www.it.tarnow.pl\/es\/sobre-nosotros\/#breadcrumb"},"inLanguage":"es","potentialAction":[{"@type":"ReadAction","target":["https:\/\/www.it.tarnow.pl\/es\/sobre-nosotros\/"]}]},{"@type":"BreadcrumbList","@id":"https:\/\/www.it.tarnow.pl\/es\/sobre-nosotros\/#breadcrumb","itemListElement":[{"@type":"ListItem","position":1,"name":"P\u00e1gina de inicio","item":"https:\/\/www.it.tarnow.pl\/es\/"},{"@type":"ListItem","position":2,"name":"Sobre nosotros"}]},{"@type":"WebSite","@id":"https:\/\/www.it.tarnow.pl\/#website","url":"https:\/\/www.it.tarnow.pl\/","name":"Tarnowskie Centrum Informacji","description":"Informacja turystyczna o Tarnowie i regionie tarnowskim.","potentialAction":[{"@type":"SearchAction","target":{"@type":"EntryPoint","urlTemplate":"https:\/\/www.it.tarnow.pl\/?s={search_term_string}"},"query-input":{"@type":"PropertyValueSpecification","valueRequired":true,"valueName":"search_term_string"}}],"inLanguage":"es"}]}},"_links":{"self":[{"href":"https:\/\/www.it.tarnow.pl\/es\/wp-json\/wp\/v2\/pages\/10132","targetHints":{"allow":["GET"]}}],"collection":[{"href":"https:\/\/www.it.tarnow.pl\/es\/wp-json\/wp\/v2\/pages"}],"about":[{"href":"https:\/\/www.it.tarnow.pl\/es\/wp-json\/wp\/v2\/types\/page"}],"author":[{"embeddable":true,"href":"https:\/\/www.it.tarnow.pl\/es\/wp-json\/wp\/v2\/users\/1"}],"replies":[{"embeddable":true,"href":"https:\/\/www.it.tarnow.pl\/es\/wp-json\/wp\/v2\/comments?post=10132"}],"version-history":[{"count":0,"href":"https:\/\/www.it.tarnow.pl\/es\/wp-json\/wp\/v2\/pages\/10132\/revisions"}],"wp:attachment":[{"href":"https:\/\/www.it.tarnow.pl\/es\/wp-json\/wp\/v2\/media?parent=10132"}],"wp:term":[{"taxonomy":"post_tag","embeddable":true,"href":"https:\/\/www.it.tarnow.pl\/es\/wp-json\/wp\/v2\/tags?post=10132"}],"curies":[{"name":"wp","href":"https:\/\/api.w.org\/{rel}","templated":true}]}}