{"id":10131,"date":"2015-10-29T12:38:23","date_gmt":"2015-10-29T11:38:23","guid":{"rendered":"http:\/\/www.it.tarnow.pl\/restaurantes\/"},"modified":"2020-04-28T10:48:00","modified_gmt":"2020-04-28T08:48:00","slug":"restaurantes","status":"publish","type":"page","link":"https:\/\/www.it.tarnow.pl\/es\/restaurantes\/","title":{"rendered":"Restaurantes"},"content":{"rendered":"<p><b>Restaurantes y cafeter\u00edas de Tarn\u00f3w<\/b><\/p>\r\n<p><b><img loading=\"lazy\" decoding=\"async\" class=\"size-medium wp-image-77073 alignright\" src=\"http:\/\/www.it.tarnow.pl\/wp-content\/uploads\/2019\/02\/2015.10.23_Tatrzanska_DSC_1048_1-300x199.jpg\" alt=\"\" width=\"300\" height=\"199\" srcset=\"https:\/\/www.it.tarnow.pl\/wp-content\/uploads\/2019\/02\/2015.10.23_Tatrzanska_DSC_1048_1-300x199.jpg 300w, https:\/\/www.it.tarnow.pl\/wp-content\/uploads\/2019\/02\/2015.10.23_Tatrzanska_DSC_1048_1-768x508.jpg 768w, https:\/\/www.it.tarnow.pl\/wp-content\/uploads\/2019\/02\/2015.10.23_Tatrzanska_DSC_1048_1-1024x678.jpg 1024w, https:\/\/www.it.tarnow.pl\/wp-content\/uploads\/2019\/02\/2015.10.23_Tatrzanska_DSC_1048_1.jpg 1160w\" sizes=\"auto, (max-width: 300px) 100vw, 300px\" \/><\/b>Varias docenas de cafeter\u00edas, tabernas y restaurantes que est\u00e1n situadas en edificios hist\u00f3ricos y sus s\u00f3tanos tienen el ambiente inolvidable. A los gastr\u00f3nomos espera la cocina tradicional polaca y otras como india, italiana, china, rusa, h\u00fangara y gitana. En verano la Plaza Mayor se convierte en un gran restaurante al aire libre que est\u00e1 abierto hasta el \u00faltimo cliente \u2013 los restaurantes animan a descansar y probar las especialidades de la cocina local.<br \/>\r\nAl sentar en los restaurantes se puede escuchar los conciertos organizados en la Plaza Mayor y admirar la arquitectura de las casas renacentistas, del Ayuntamiento adornado por la attica y el hist\u00f3rico reloj iluminado por la noche.<\/p>\r\n<p>&nbsp;<\/p>\r\n<p><b><img loading=\"lazy\" decoding=\"async\" class=\"size-medium wp-image-77093 alignright\" src=\"http:\/\/www.it.tarnow.pl\/wp-content\/uploads\/2019\/02\/2015.10.23_Tatrzanska_DSC_1169_1-199x300.jpg\" alt=\"\" width=\"199\" height=\"300\" srcset=\"https:\/\/www.it.tarnow.pl\/wp-content\/uploads\/2019\/02\/2015.10.23_Tatrzanska_DSC_1169_1-199x300.jpg 199w, https:\/\/www.it.tarnow.pl\/wp-content\/uploads\/2019\/02\/2015.10.23_Tatrzanska_DSC_1169_1.jpg 509w\" sizes=\"auto, (max-width: 199px) 100vw, 199px\" \/>Tatrza\u0144ska<\/b><br \/>\r\nul. Krakowska 1, 33-100 Tarn\u00f3w, PL<br \/>\r\ntel.\/fax +48 14 622 46 36; +48 14 622 25 54<br \/>\r\ne-mail: <a href=\"mailto:kawiarnia@kudelski.pl\">kawiarnia@kudelski.pl<\/a> <br \/>\r\n<a href=\"http:\/\/www.kudelski.pl\">www.kudelski.pl<\/a><\/p>\r\n<p>Cocina: tradicional polaca y europea<br \/>\r\nOfrecemos: desayunos, comidas, cenas, catering, banquetes, fiestas ocasionales.<br \/>\r\nEdificio adaptado para minusv\u00e1lidos, aire acondcionado y wi-fi.<br \/>\r\nAceptamos tarjetas de cr\u00e9dito<br \/>\r\nMesas para 100 personas<br \/>\r\nHorario: todos los d\u00edas 9-22<br \/>\r\nAl restaurante llega mucha gente de cultura, pol\u00edtica, hombres de negocios. Localizado en el centro.<br \/>\r\nOcup\u00f3 dos veces el primer lugar en el concurso \u201cGrandes Descubrimientos de Ma\u0142opolska\u201d en 2007 y 2011.<\/p>\r\n<p>&nbsp;<\/p>\r\n<p><b>P\u00f3\u0142 na p\u00f3\u0142<\/b><br \/>\r\npl. Kazimierza Wielkiego. 2 (Pasa\u017c Tertila), 33-100 Tarn\u00f3w, PL<br \/>\r\ntel.: +48 14 627 82 78<br \/>\r\ne-mail: <a href=\"mailto:restauracjapnp@gmail.com\">restauracjapnp@gmail.com<\/a> <br \/>\r\n<a href=\"http:\/\/www.pasaz.tarnow.pl\">https:\/\/polnapol-tarnow.pl\/<\/a><\/p>\r\n<p>Cocina: tradicional polaca y europea<br \/>\r\nOfrecemos: desayunos, comidas, cenas, catering, banquetes, fiestas ocasionales y conferencias, almuerzos de negocios.<br \/>\r\nJefe de la cocina recomienda: exquisitos platos de pescados y carne<br \/>\r\nRestaurante de dos plantas con aire acondicionado<br \/>\r\nEdificio adaptado para minusv\u00e1lidos<br \/>\r\nAceptamos tarjetas de cr\u00e9dito<br \/>\r\nMesas para 22 0 personas, incluidos 140 sitios en la sala de conferencias<br \/>\r\nHorario: todos los d\u00edas 12-23<br \/>\r\nRestaurante est\u00e1 en el casco antiguo.<\/p>\r\n<p>&nbsp;<\/p>\r\n<p><b>U Jana<\/b><br \/>\r\nRynek 14, 33-100 Tarn\u00f3w, PL<br \/>\r\ntel.: +48 14 626 05 64<br \/>\r\ne-mail: <a href=\"mailto:recepcja@hotelujana.pl\">recepcja@hotelujana.pl<\/a> <br \/>\r\n<a href=\"http:\/\/www.hotelujana.pl\">www.hotelujana.pl<\/a><\/p>\r\n<p>Ofrecemos: edificio situado en el centro, restaurante, bar, patio, 2 salas de conferencias, apartamenos con vistas a la plaza mayor.<br \/>\r\nApartamentos\/camas: 12\/44<br \/>\r\nApartamentos: individuales, dobles y triples, con ba\u00f1os, radio, TVsat, wi-fi<br \/>\r\nAceptamos tarjetas de cr\u00e9dito<br \/>\r\nAparcamiento<br \/>\r\nPosibilidad de llevar animales<br \/>\r\nHotel est\u00e1 en el centro de la ciudad, en el edificio antiguo, abierto 24\/7. Ofrecemos grandes apartamentos con vistas a la plaza mayor, restaurante, 2 salas de conferencias para encuentros de negocios. Organizamos fiestas ocasionales, bodas, comuniones, simposios, fiestas de noche vieja y banquetes.<\/p>\r\n<p>&nbsp;<\/p>\r\n<p>Los restaurantes elegidos \u2013 para ver m\u00e1s informaci\u00f3n visita nuestra p\u00e1gina web en ingl\u00e9s<\/p>","protected":false},"excerpt":{"rendered":"Restaurantes y cafeter\u00edas de Tarn\u00f3w Varias docenas de cafeter\u00edas, tabernas y restaurantes que est\u00e1n situadas en edificios hist\u00f3ricos y sus s\u00f3tanos tienen el ambiente inolvidable. A los gastr\u00f3nomos espera la [&hellip;]","protected":false},"author":1,"featured_media":0,"parent":0,"menu_order":604,"comment_status":"closed","ping_status":"closed","template":"","meta":{"_acf_changed":false,"footnotes":""},"tags":[],"class_list":["post-10131","page","type-page","status-publish","hentry"],"acf":{"old_object_id":"20727","old_parent_id":"65","old_url":"Restaurantes","intro_text":"","show_children":"1","class":"folder","type":"single","in_menu":true,"show_date":false,"map":"","old_id":"","top_column":"","left_column":"","right_column":"","bottom_column":"","skip_import":false,"_menu_related_id":"96303","rooms_info":""},"yoast_head":"<!-- This site is optimized with the Yoast SEO Premium plugin v25.4 (Yoast SEO v25.4) - https:\/\/yoast.com\/wordpress\/plugins\/seo\/ -->\n<title>Restaurantes - Tarnowskie Centrum Informacji<\/title>\n<meta name=\"robots\" content=\"index, follow, max-snippet:-1, max-image-preview:large, max-video-preview:-1\" \/>\n<link rel=\"canonical\" href=\"https:\/\/www.it.tarnow.pl\/es\/restaurantes\/\" \/>\n<meta property=\"og:locale\" content=\"es_ES\" \/>\n<meta property=\"og:type\" content=\"article\" \/>\n<meta property=\"og:title\" content=\"Restaurantes\" \/>\n<meta property=\"og:description\" content=\"Restaurantes y cafeter\u00edas de Tarn\u00f3w Varias docenas de cafeter\u00edas, tabernas y restaurantes que est\u00e1n situadas en edificios hist\u00f3ricos y sus s\u00f3tanos tienen el ambiente inolvidable. A los gastr\u00f3nomos espera la [&hellip;]\" \/>\n<meta property=\"og:url\" content=\"https:\/\/www.it.tarnow.pl\/es\/restaurantes\/\" \/>\n<meta property=\"og:site_name\" content=\"Tarnowskie Centrum Informacji\" \/>\n<meta property=\"article:modified_time\" content=\"2020-04-28T08:48:00+00:00\" \/>\n<meta property=\"og:image\" content=\"http:\/\/www.it.tarnow.pl\/wp-content\/uploads\/2019\/02\/2015.10.23_Tatrzanska_DSC_1048_1-300x199.jpg\" \/>\n<meta name=\"twitter:card\" content=\"summary_large_image\" \/>\n<meta name=\"twitter:label1\" content=\"Tiempo de lectura\" \/>\n\t<meta name=\"twitter:data1\" content=\"2 minutos\" \/>\n<script type=\"application\/ld+json\" class=\"yoast-schema-graph\">{\"@context\":\"https:\/\/schema.org\",\"@graph\":[{\"@type\":\"WebPage\",\"@id\":\"https:\/\/www.it.tarnow.pl\/es\/restaurantes\/\",\"url\":\"https:\/\/www.it.tarnow.pl\/es\/restaurantes\/\",\"name\":\"Restaurantes - Tarnowskie Centrum Informacji\",\"isPartOf\":{\"@id\":\"https:\/\/www.it.tarnow.pl\/#website\"},\"primaryImageOfPage\":{\"@id\":\"https:\/\/www.it.tarnow.pl\/es\/restaurantes\/#primaryimage\"},\"image\":{\"@id\":\"https:\/\/www.it.tarnow.pl\/es\/restaurantes\/#primaryimage\"},\"thumbnailUrl\":\"http:\/\/www.it.tarnow.pl\/wp-content\/uploads\/2019\/02\/2015.10.23_Tatrzanska_DSC_1048_1-300x199.jpg\",\"datePublished\":\"2015-10-29T11:38:23+00:00\",\"dateModified\":\"2020-04-28T08:48:00+00:00\",\"breadcrumb\":{\"@id\":\"https:\/\/www.it.tarnow.pl\/es\/restaurantes\/#breadcrumb\"},\"inLanguage\":\"es\",\"potentialAction\":[{\"@type\":\"ReadAction\",\"target\":[\"https:\/\/www.it.tarnow.pl\/es\/restaurantes\/\"]}]},{\"@type\":\"ImageObject\",\"inLanguage\":\"es\",\"@id\":\"https:\/\/www.it.tarnow.pl\/es\/restaurantes\/#primaryimage\",\"url\":\"http:\/\/www.it.tarnow.pl\/wp-content\/uploads\/2019\/02\/2015.10.23_Tatrzanska_DSC_1048_1-300x199.jpg\",\"contentUrl\":\"http:\/\/www.it.tarnow.pl\/wp-content\/uploads\/2019\/02\/2015.10.23_Tatrzanska_DSC_1048_1-300x199.jpg\"},{\"@type\":\"BreadcrumbList\",\"@id\":\"https:\/\/www.it.tarnow.pl\/es\/restaurantes\/#breadcrumb\",\"itemListElement\":[{\"@type\":\"ListItem\",\"position\":1,\"name\":\"P\u00e1gina de inicio\",\"item\":\"https:\/\/www.it.tarnow.pl\/es\/\"},{\"@type\":\"ListItem\",\"position\":2,\"name\":\"Restaurantes\"}]},{\"@type\":\"WebSite\",\"@id\":\"https:\/\/www.it.tarnow.pl\/#website\",\"url\":\"https:\/\/www.it.tarnow.pl\/\",\"name\":\"Tarnowskie Centrum Informacji\",\"description\":\"Informacja turystyczna o Tarnowie i regionie tarnowskim.\",\"potentialAction\":[{\"@type\":\"SearchAction\",\"target\":{\"@type\":\"EntryPoint\",\"urlTemplate\":\"https:\/\/www.it.tarnow.pl\/?s={search_term_string}\"},\"query-input\":{\"@type\":\"PropertyValueSpecification\",\"valueRequired\":true,\"valueName\":\"search_term_string\"}}],\"inLanguage\":\"es\"}]}<\/script>\n<!-- \/ Yoast SEO Premium plugin. -->","yoast_head_json":{"title":"Restaurantes - Tarnowskie Centrum Informacji","robots":{"index":"index","follow":"follow","max-snippet":"max-snippet:-1","max-image-preview":"max-image-preview:large","max-video-preview":"max-video-preview:-1"},"canonical":"https:\/\/www.it.tarnow.pl\/es\/restaurantes\/","og_locale":"es_ES","og_type":"article","og_title":"Restaurantes","og_description":"Restaurantes y cafeter\u00edas de Tarn\u00f3w Varias docenas de cafeter\u00edas, tabernas y restaurantes que est\u00e1n situadas en edificios hist\u00f3ricos y sus s\u00f3tanos tienen el ambiente inolvidable. A los gastr\u00f3nomos espera la [&hellip;]","og_url":"https:\/\/www.it.tarnow.pl\/es\/restaurantes\/","og_site_name":"Tarnowskie Centrum Informacji","article_modified_time":"2020-04-28T08:48:00+00:00","og_image":[{"url":"http:\/\/www.it.tarnow.pl\/wp-content\/uploads\/2019\/02\/2015.10.23_Tatrzanska_DSC_1048_1-300x199.jpg","type":"","width":"","height":""}],"twitter_card":"summary_large_image","twitter_misc":{"Tiempo de lectura":"2 minutos"},"schema":{"@context":"https:\/\/schema.org","@graph":[{"@type":"WebPage","@id":"https:\/\/www.it.tarnow.pl\/es\/restaurantes\/","url":"https:\/\/www.it.tarnow.pl\/es\/restaurantes\/","name":"Restaurantes - Tarnowskie Centrum Informacji","isPartOf":{"@id":"https:\/\/www.it.tarnow.pl\/#website"},"primaryImageOfPage":{"@id":"https:\/\/www.it.tarnow.pl\/es\/restaurantes\/#primaryimage"},"image":{"@id":"https:\/\/www.it.tarnow.pl\/es\/restaurantes\/#primaryimage"},"thumbnailUrl":"http:\/\/www.it.tarnow.pl\/wp-content\/uploads\/2019\/02\/2015.10.23_Tatrzanska_DSC_1048_1-300x199.jpg","datePublished":"2015-10-29T11:38:23+00:00","dateModified":"2020-04-28T08:48:00+00:00","breadcrumb":{"@id":"https:\/\/www.it.tarnow.pl\/es\/restaurantes\/#breadcrumb"},"inLanguage":"es","potentialAction":[{"@type":"ReadAction","target":["https:\/\/www.it.tarnow.pl\/es\/restaurantes\/"]}]},{"@type":"ImageObject","inLanguage":"es","@id":"https:\/\/www.it.tarnow.pl\/es\/restaurantes\/#primaryimage","url":"http:\/\/www.it.tarnow.pl\/wp-content\/uploads\/2019\/02\/2015.10.23_Tatrzanska_DSC_1048_1-300x199.jpg","contentUrl":"http:\/\/www.it.tarnow.pl\/wp-content\/uploads\/2019\/02\/2015.10.23_Tatrzanska_DSC_1048_1-300x199.jpg"},{"@type":"BreadcrumbList","@id":"https:\/\/www.it.tarnow.pl\/es\/restaurantes\/#breadcrumb","itemListElement":[{"@type":"ListItem","position":1,"name":"P\u00e1gina de inicio","item":"https:\/\/www.it.tarnow.pl\/es\/"},{"@type":"ListItem","position":2,"name":"Restaurantes"}]},{"@type":"WebSite","@id":"https:\/\/www.it.tarnow.pl\/#website","url":"https:\/\/www.it.tarnow.pl\/","name":"Tarnowskie Centrum Informacji","description":"Informacja turystyczna o Tarnowie i regionie tarnowskim.","potentialAction":[{"@type":"SearchAction","target":{"@type":"EntryPoint","urlTemplate":"https:\/\/www.it.tarnow.pl\/?s={search_term_string}"},"query-input":{"@type":"PropertyValueSpecification","valueRequired":true,"valueName":"search_term_string"}}],"inLanguage":"es"}]}},"_links":{"self":[{"href":"https:\/\/www.it.tarnow.pl\/es\/wp-json\/wp\/v2\/pages\/10131","targetHints":{"allow":["GET"]}}],"collection":[{"href":"https:\/\/www.it.tarnow.pl\/es\/wp-json\/wp\/v2\/pages"}],"about":[{"href":"https:\/\/www.it.tarnow.pl\/es\/wp-json\/wp\/v2\/types\/page"}],"author":[{"embeddable":true,"href":"https:\/\/www.it.tarnow.pl\/es\/wp-json\/wp\/v2\/users\/1"}],"replies":[{"embeddable":true,"href":"https:\/\/www.it.tarnow.pl\/es\/wp-json\/wp\/v2\/comments?post=10131"}],"version-history":[{"count":0,"href":"https:\/\/www.it.tarnow.pl\/es\/wp-json\/wp\/v2\/pages\/10131\/revisions"}],"wp:attachment":[{"href":"https:\/\/www.it.tarnow.pl\/es\/wp-json\/wp\/v2\/media?parent=10131"}],"wp:term":[{"taxonomy":"post_tag","embeddable":true,"href":"https:\/\/www.it.tarnow.pl\/es\/wp-json\/wp\/v2\/tags?post=10131"}],"curies":[{"name":"wp","href":"https:\/\/api.w.org\/{rel}","templated":true}]}}