{"id":10130,"date":"2015-11-02T12:24:39","date_gmt":"2015-11-02T11:24:39","guid":{"rendered":"http:\/\/www.it.tarnow.pl\/hoteles-en-la-region-de-tarnow\/"},"modified":"2020-04-28T10:33:22","modified_gmt":"2020-04-28T08:33:22","slug":"hoteles-en-la-region-de-tarnow","status":"publish","type":"page","link":"https:\/\/www.it.tarnow.pl\/es\/hoteles-alojamiento\/hoteles-en-la-region-de-tarnow\/","title":{"rendered":"Hoteles en la regi\u00f3n de Tarn\u00f3w"},"content":{"rendered":"<p><b><b><img loading=\"lazy\" decoding=\"async\" class=\"alignright size-full wp-image-163255\" src=\"http:\/\/www.it.tarnow.pl\/wp-content\/uploads\/2019\/04\/dunajec-2014-02-6.jpg\" alt=\"\" width=\"130\" height=\"79\" \/>\u00ab <\/b>Dunajec<b>\u00a0\u00bb<\/b> Hotel***<\/b><br \/>\r\nul. Krakowska 85, 33-113 Tarn\u00f3w &#8211; Zg\u0142obice, PL<br \/>\r\ntel.: +48 14 674 11 11, tel.\/fax: +48 14 674 11 13<br \/>\r\ne-mail: <a href=\"mailto:hotel@hoteldunajec.pl\">hotel@hoteldunajec.pl<\/a> , <a href=\"http:\/\/www.hoteldunajec.pl\">www.hoteldunajec.pl<\/a><\/p>\r\n<p>Ofrecemos: 2 edificios unidos por el t\u00fanel de vidrio, restaurante, 3 salas de conferencias para 160 personas, internet DSL en el restaurante y en habitaciones.<br \/>\r\nEdificio adaptado para minusv\u00e1lidos<br \/>\r\nHabitaciones\/camas: 32\/49<br \/>\r\nHabitaciones individuales, dobles, triples, cuadruples y apartamentos<br \/>\r\nHabitaciones con ba\u00f1os, radio, TVsat, tel\u00e9fono, internet<br \/>\r\nAceptamos tarjetas de cr\u00e9dito<br \/>\r\nAparcamiento gratuito, no vigilado, con c\u00e1maras<br \/>\r\nPosibilidad de llevar animales<br \/>\r\nEl hotel tiene pista de tenis, est\u00e1 a la orilla del r\u00edo Dunajec, en la carretera E-40 Cracovia-Tarn\u00f3w, 10 km del centro de la ciudad.<\/p>\r\n<p>&nbsp;<\/p>\r\n<p><b>\u00ab\u00a0Kardamon\u00a0\u00bb Hotel***<\/b><br \/>\r\nc\/ Zbylitowskich 157<br \/>\r\n33-113 Zg\u0142obice<br \/>\r\ntel: (14) 652 06 05, m\u00f3vil: 723 666 190<br \/>\r\n<a href=\"http:\/\/www.hotel-kardamon.pl\">www.hotel-kardamon.pl<\/a> <br \/>\r\n<a href=\"mailto:biuro@hotel-kardamon.pl\">biuro@hotel-kardamon.pl<\/a> <br \/>\r\nOfrecemos\u00a0: restaurante, cafeter\u00eda, sala de conferencias,\u00a0 terreno de juego.<br \/>\r\nEl edificio adaptado a las necesidades de los min\u00fasvalidos.<br \/>\r\nN\u00famero de habitaciones\u00a0: 12<br \/>\r\nHabitaciones individuales, dobles, triples<br \/>\r\nHabitaciones con aire acondicionado, cuarto de ba\u00f1o, TV, tel\u00e9fono, internet.<br \/>\r\nAceptamos tarjetas de cr\u00e9dito.<br \/>\r\nAparcamiento\u00a0: vigilado, gratuito.<br \/>\r\nLa estancia para los ni\u00f1os menores de 4 a\u00f1os es gratuita. <br \/>\r\nEl hotel se encuentra cerca de\u00a0 la carretera nacional n<sup>o<\/sup> 94, 5 km del Casco Viejo de Tarn\u00f3w.<\/p>\r\n<p>&nbsp;<\/p>\r\n<div class=\"separator\">\u00a0<\/div>\r\n<p>&nbsp;<\/p>\r\n<p><a href=\"http:\/\/www.mibauldeblogs.com\/2017\/08\/donde-dormir-en-Tarnow.html\"><b>Dw\u00f3r Prezydencki<\/b>, hotel patrimonio de Polonia &#8211; www.mibauldeblogs.com<\/a><\/p>\r\n<p>ul. Dworska 1<br \/>\r\n33-113 Zg\u0142obice<\/p>\r\n<p>tel. +48 14 652 76 50<\/p>\r\n<p>&nbsp;<\/p>\r\n<div class=\"separator\">\u00a0<\/div>\r\n<p>&nbsp;<\/p>\r\n<p><b>\u00ab\u00a0TAURUS\u00a0\u00bb Hotel***<\/b><br \/>\r\nc\/ \u0141adna 5<br \/>\r\n33-100 Skrzysz\u00f3w<br \/>\r\ntel: (14) 674 80 80 ; (14) 691 09 99<br \/>\r\n<a href=\"http:\/\/www.stan-taurus.com.pl\">www.stan-taurus.com.pl<\/a> <br \/>\r\n<a href=\"mailto:hotelladna@stan-taurus.com.pl\">hotelladna@stan-taurus.com.pl<\/a> <br \/>\r\nOfrecemos\u00a0:\u00a0 restaurante, cafeter\u00eda, sala de conferencia.<br \/>\r\nEl edificio adaptado a las necesidades de los min\u00fasvalidos.<br \/>\r\nN\u00famero de habitaciones\/camas: 23\/47<br \/>\r\nHabitaciones: individuales, dobles, triples.<br \/>\r\nHabitaciones con aire acondicionado, cuarto de ba\u00f1o, TV, radio, internet <br \/>\r\nAceptamos tarjetas de cr\u00e9dito.<br \/>\r\nAparcamiento\u00a0: no vigilado, gratuito<br \/>\r\nEl hotel se encuentra 3 km del centro de Tarn\u00f3w y la estaci\u00f3n de trenes.<\/p>\r\n<p>&nbsp;<\/p>\r\n<p><b>\u00ab\u00a0Zabawa\u00a0\u00bb Hotel***<\/b><br \/>\r\nZabawa 9, 33-133 Wa\u0142 Ruda, Polonia<br \/>\r\ntel\/fax: +48 14 678 14 47, m\u00f3vil: +48 604 470 030<br \/>\r\n<a href=\"http:\/\/www.hotelzabawa.pl\/\">www.hotelzabawa.pl<\/a> <br \/>\r\n<a href=\"http:\/\/www.it.tarnow.pl\/index.php\/fre\/hotel@restauracjawesola.pl\">recepcja@hotelzabawa.pl<\/a> <br \/>\r\nOfrecemos: restaurante, sala de conferencia.<br \/>\r\nN\u00famero de camas\u00a0: 52<br \/>\r\nHabitaciones: twin<br \/>\r\nHabitaciones con cuarto de ba\u00f1o, Internet <br \/>\r\nAceptamos tarjetas de cr\u00e9dito.<br \/>\r\nAparcamiento\u00a0: vigilado, gratuito.<br \/>\r\nEl hotel se encuentra cerca de la carretera local 969 Niepo\u0142omice \u2013 \u017babno, 20 km de Tarn\u00f3w y 3 km de los grandes bosques ideales para las caminatas o las excurciones en bici. En vecinidad tambi\u00e9n est\u00e1 el santuario de la bendita Karolina Kozka y el museo del campo polaco.<\/p>\r\n<p>&nbsp;<\/p>\r\n<p><b>\u00ab\u00a0Weso\u0142a\u00a0\u00bb Hotel***<\/b><br \/>\r\nNowa Jastrz\u0105bka 92 A, 33-151 Nowa Jastrz\u0105bka, Polonia<br \/>\r\ntel\/fax: +48 14 678 62 14, m\u00f3vil: +48 784 987 118<br \/>\r\nfax: + 48 14 678 62 14<br \/>\r\n<a href=\"http:\/\/www.it.tarnow.pl\/index.php\/fre\/www.hotelwesola.pl\">www.hotelwesola.pl<\/a> \u00a0<a href=\"http:\/\/www.it.tarnow.pl\/index.php\/fre\/hotel@restauracjawesola.pl\">hotel@restauracjawesola.pl<\/a> <br \/>\r\nOfrecemos\u00a0: restaurante, solario, sauna, deportivo<br \/>\r\nN\u00famero de habitaciones\/camas\u00a0: 18\/30<br \/>\r\nHabitaciones\u00a0: individuales, dobles, twin, triples<br \/>\r\nHabitaciones con cuartos de ba\u00f1o, TV, internet, nevera, secador de pelo, caja fuerte.<br \/>\r\nEl hotel se encuentra 20 km de Tarn\u00f3w, cerca de la carretera local 984 Tarn\u00f3w-Mielec. Alrededor del hotel se hallan los bosques con los caminos ciclistas y el estanque donde se puede pescar. El hotel ofrece tambi\u00e9n los paseos en calesa y los servicios de la peluquer\u00eda<\/p>\r\n<p>&nbsp;<\/p>\r\n<p><b>\u00ab\u00a0Gospoda Szlachecka\u00a0\u00bb Hotel***<\/b><br \/>\r\nc\/ Niedomicka 43, 33-132 Niedomice, Polonia<br \/>\r\ntel: +48 14 645 75 72, m\u00f3vil: +48 607 989 897 fax: +48 14 645 71 91<br \/>\r\n<a href=\"http:\/\/www.it.tarnow.pl\/index.php\/fre\/www.gospodaszlachecka.pl\">www.gospodaszlachecka.pl<\/a> \u00a0<a href=\"mailto:gbpiotrowski@wp.pl\">gbpiotrowski@wp.pl<\/a> <br \/>\r\nOfrecemos: \u00a0restaurante.<br \/>\r\nN\u00famero de habitaciones\/camas: 13\/33<br \/>\r\nHabitaciones: doble, twin, triples y apartamentos.<br \/>\r\nHabitaciones: cuarto de ba\u00f1o, TV, tel\u00e9fono, internet.<br \/>\r\nAparcamiento: gratuito<\/p>\r\n<p>&nbsp;<\/p>\r\n<p><b>REGI\u00d3N DE BOCHNIA<\/b><\/p>\r\n<p><b>\u00ab\u00a0Sutoris\u00a0\u00bb Hotel**<\/b><br \/>\r\nc\/ Solna 2, 32-700 Bochnia, Polonia<br \/>\r\ntel: +48 14 612 36 66, m\u00f3vil: +48 509 802 503, fax: +48 14 615 36 68<br \/>\r\n<a href=\"http:\/\/kopalniasoli.pl\/\">www.kopalniasoli.pl\u00a0<\/a> \u00a0<a href=\"http:\/\/www.it.tarnow.pl\/index.php\/fre\/recepcja@kopalniasoli.pl\">recepcja@kopalniasoli.pl<\/a> <br \/>\r\nOfrecemos: restaurante, 2 salas de conferencia, sala de juego, cocina <br \/>\r\nEl edificio adaptado a las necesidades de los min\u00fasvalidos.<br \/>\r\nN\u00famero de habitaciones\/camas: 40\/102<br \/>\r\nHabitaciones: individuales, twin, triples y apartamentos.<br \/>\r\nHabitaciones con cuarto de ba\u00f1o, tel\u00e9fono, TV, internet<br \/>\r\nEl hotel se encuentra en el centro de la ciudad de Bochnia, cerca de la mina de sal donde se puede aprovechar del microclima con fines terap\u00e9uticos. All\u00ed tambi\u00e9n se halla el centro de la salud y bienestar.\u00a0<\/p>\r\n<p>&nbsp;<\/p>\r\n<p><b>\u00ab\u00a0Cold\u00a0\u00bb Hotel***<\/b><br \/>\r\nc\/ Storynka 5, 32-700 Bochnia, Polonia<br \/>\r\ntel: +48 14 612 28 02, fax: +48 14 612 28 03<br \/>\r\n<a href=\"http:\/\/www.it.tarnow.pl\/index.php\/fre\/www.hotel.cold.pl\">www.hotel.cold.pl<\/a> \u00a0<a href=\"http:\/\/www.it.tarnow.pl\/index.php\/fre\/hotel@cold.pl\">hotel@cold.pl<\/a> <br \/>\r\nOfrecemos: restaurante, cafeter\u00eda, 2 salas de conferencias, bowling.<br \/>\r\nN\u00famero de habitaciones\/camas: 19\/50.<br \/>\r\nHabitaciones: individuales, dobles, twin.<br \/>\r\nHabitaciones: cuarto de ba\u00f1o, TV, radio, tel\u00e9fono, internet, mini-bar.<br \/>\r\nAparcamiento: gratuito<br \/>\r\nEl hotel se encuentra 150 metros de la plaza y la mina \u00ab\u00a0Sutoris\u00a0\u00bb. Para los grupos organisados, ofrecemos excursiones dentro la mina, al castillo de Nowy Wi\u015bnicz, a Cracovia o en telesilla a Laskowa.<\/p>\r\n<p>&nbsp;<\/p>\r\n<p><b>\u00ab Bochnia\u00bb\u00a0Hotel&amp;Spa **<\/b><br \/>\r\nc\/ Ks. J. Poniatowskiego 24, 32-700 Bochnia, Polonia<br \/>\r\ntel: +48 14 615 30 00, fax: +48 14 615 30 99<br \/>\r\n<a href=\"http:\/\/www.it.tarnow.pl\/index.php\/fre\/www.bochniahotel.pl\">www.bochniahotel.pl<\/a> \u00a0<a href=\"mailto:recepcja@bochniahotel.pl\">recepcja@bochniahotel.pl<\/a> <br \/>\r\nOfrecemos\u00a0: \u00a0restaurante, 9 salas de conferencia, centro de la salud y bienestar<br \/>\r\nN\u00famero de habitaciones\/camas:88\/200.<br \/>\r\nHabitaciones: individuales, dobles, triples y apartamentos<br \/>\r\nHabitaciones con tel\u00e9fono, TV, internet, cuarto de ba\u00f1o<br \/>\r\nAceptamos animales.<br \/>\r\nEl hotel se halla en el centro de la ciudad cerca de la estaci\u00f3n de trenes. Organisamos tambi\u00e9n excursiones por la regi\u00f3n de Malopolska.<\/p>\r\n<p>&nbsp;<\/p>\r\n<p><b>\u00ab\u00a0Lech\u00a0\u00bb Hotel***<\/b><br \/>\r\nSiedlec 151, 32-744 \u0141apczyca, Polonia<br \/>\r\ntel: +48 14 611 77 84, fax: +48 14 611 70 50<br \/>\r\n<a href=\"http:\/\/www.hotel-lech.com.pl\">www.hotel-lech.com.pl<\/a> <a href=\"mailto:hotellech@hotel-lech.com.pl\">hotellech@hotel-lech.com.pl<\/a><\/p>\r\n<p>Ofrecemos: restaurante, 3 salas de conferencia, alquiler de bicicletas y coches<br \/>\r\nN\u00famero de habitaciones\/camas: 24\/90<br \/>\r\nHabitaciones: individuales, dobles o twin, triples y apartamentos.<br \/>\r\nHabitaciones con cuarto de ba\u00f1o, tel\u00e9fono, radio, TV, internet.<br \/>\r\nOrganisamos excursiones por la regi\u00f3n de Malopolska.<\/p>\r\n<p>&nbsp;<\/p>\r\n<p><b>REGI<\/b><b>\u00d3<\/b><b>N DE BRZESKO<\/b><\/p>\r\n<p><b>\u00ab\u00a0August\u00a0\u00bb Hotel***<\/b><\/p>\r\n<p>c\/ Mickiewicza 66, 32-800 Brzesko, Polonia<br \/>\r\ntel\/fax: +48 14 663 10 83<br \/>\r\n<a href=\"http:\/\/www.hotelaugust.pl\">www.hotelaugust.pl<\/a> <a href=\"mailto:hotel@hotelaugust.pl\">hotel@hotelaugust.pl<\/a><\/p>\r\n<p>Ofrecemos: restaurante, 4 salas de conferencias, sauna.<br \/>\r\nN\u00famero de habitaciones\/camas: 36\/78<br \/>\r\nHabitaciones: individuales, dobles y triples.<br \/>\r\nHabitaciones con cuarto de ba\u00f1o, internet, TV<br \/>\r\nAparcamiento: gratuito<br \/>\r\nEl hotel forma parte de la restaurante Okocim y tiene por el vecino el palacio de la familia Goetz. Cerca del hotel hay terrenos verdes para jugar, bowling y canchas de tenis.<\/p>\r\n<p>&nbsp;<\/p>\r\n<p><b>\u00ab\u00a0Planeta\u00a0\u00bb Hotel***<\/b><br \/>\r\nc\/ Pomianowska 2B, 32-800 Brzesko, Polonia<br \/>\r\ntel\/fax: +48 14 685 88 07, m\u00f3vil: +48 604 058 340<br \/>\r\n<a href=\"http:\/\/www.planetabrzesko.pl\">www.planetabrzesko.pl<\/a> \u00a0<a href=\"mailto:hotel@planetabrzesko.pl\">hotel@planetabrzesko.pl<\/a><\/p>\r\n<p>Ofrecemos: restaurante, cine, bowling.<br \/>\r\nN\u00famero de habitaciones\/camas: 24\/48.<br \/>\r\nHabitaciones: individuales, dobles.<br \/>\r\nHabiatciones con cuarto de ba\u00f1o, TV, internet.<\/p>\r\n<p>&nbsp;<\/p>\r\n<p><b>\u00ab\u00a0Tadeusz\u00a0\u00bb Hotel***<\/b><br \/>\r\nUszew 502, 32-864 Gnojnik, Polonia<br \/>\r\ntel: +48 14 685 88 45, m\u00f3vil: +48 535 666 569<br \/>\r\n<a href=\"http:\/\/www.hotel-tadeusz.pl\">www.hotel-tadeusz.pl<\/a> \u00a0<a href=\"mailto:biuro@hotel-tadeusz.pl\">biuro@hotel-tadeusz.pl<\/a><\/p>\r\n<p>Ofrecemos: restaurante, sala de conferencias<br \/>\r\nN\u00famero de habitaciones\/camas: 25\/51<br \/>\r\nHabitaciones: individuales, twin y triples <br \/>\r\nHabitaciones con cuarto de ba\u00f1o, internet<\/p>\r\n<p>&nbsp;<\/p>\r\n<p><b>REGI\u00d3N DE D\u0104BROWA TARNOWSKA<\/b><\/p>\r\n<p>\u00ab <b>Cristal Park \u00bb Hotel***<\/b><br \/>\r\nc\/ Sportowa 2 a, 33-120 D\u0105browa Tarnowska, Polonia<br \/>\r\ntel\/fax: +48 14 657 01 00, m\u00f3vil +48 661 278 666<br \/>\r\n<a href=\"http:\/\/www.cristalpark.pl\">www.cristalpark.pl<\/a><\/p>\r\n<p>Ofrecemos: restaurante, 3 salas de conferencias<br \/>\r\nEl edificio adaptado a las necesidades de los min\u00fasvalidos.<br \/>\r\nN\u00famero de habitaciones\/camas: 30\/90<br \/>\r\nHabitaciones: dobles o twin, apartamentos<br \/>\r\nHabitaciones con cuarto de ba\u00f1o, tel\u00e9fono, internet <br \/>\r\nAparcamiento: gratuito, vigilado<\/p>\r\n<p>&nbsp;<\/p>\r\n<p><b>REGI\u00d3N DE D\u0118BICA<\/b><\/p>\r\n<p><b>\u00ab\u00a0GRAND Chotowa\u00a0\u00bb Hotel***<\/b><br \/>\r\nChotowa 87c, 39-217 Grabiny, Polonia<br \/>\r\ntel\/fax: +48 14 670 65 00, m\u00f3vil: +48 601 847 346<br \/>\r\n<a href=\"http:\/\/www.grandchotowa.pl\">www.grandchotowa.pl<\/a> <a href=\"mailto:recepcja@grandchotowa.pl\">recepcja@grandchotowa.pl<\/a><\/p>\r\n<p>Ofrecemos: restaurante, 4 salas de conferencia, centro de la salud y bienestar, pesca de la trucha <br \/>\r\nN\u00famero de habitaciones: 25<br \/>\r\nHabitaciones: individuales, dobles y apartamentos<br \/>\r\nHabitaciones con cuarto de ba\u00f1o, tel\u00e9fono, TV, internet<br \/>\r\nAparcamiento: gratuito, vigilado<br \/>\r\nEl hotel est\u00e1 en el centro del bosque. Se puede alquiler los bungalows de 4-6 personas<\/p>\r\n<p>&nbsp;<\/p>\r\n<p><b>REGI\u00d3N DE GORLICE<\/b><\/p>\r\n<p><b>\u00ab\u00a0Grodzka\u00a0\u00bb Hotel*<\/b><br \/>\r\nc\/ Kazimierza Wielkiego 35, 38-340 Biecz, Polonia<br \/>\r\ntel\/fax: +48 13 447 11 21, m\u00f3vil +48 605 376 554<br \/>\r\n<a href=\"http:\/\/www.restauracjagrodzka.pl\">www.restauracjagrodzka.pl<\/a> <a href=\"mailto:rgrodzka@poczta.onet.pl\">rgrodzka@poczta.onet.pl<\/a><\/p>\r\n<p>Ofrecemos: restaurante<br \/>\r\nN\u00famero de habitaciones\/camas: 16\/24.<br \/>\r\nHabitaciones: individuales, dobles y apartamentos<br \/>\r\nHabitaciones con cuarto d eba\u00f1o, TV, internet <br \/>\r\nAparcamiento: gratuito, vigilado<\/p>\r\n<p style=\"text-align: center;\">\u00a0<\/p>\r\n<p><b>\u00ab\u00a0Mimoza\u00a0\u00bb Hotel**<\/b><br \/>\r\nLibusza 1, 38-306 Libusza, Polonia<br \/>\r\ntel\/fax: +48 13 447 51 94<br \/>\r\n<a href=\"http:\/\/www.mimoza.com.pl\">www.mimoza.com.pl<\/a> <a href=\"mailto:mimozalibusza@interia.pl\">mimozalibusza@interia.pl<\/a><\/p>\r\n<p>Ofrecemos: restaurante, sauna.<br \/>\r\nN\u00famero de habitaciones\/camas: 29\/50<br \/>\r\nHabitaciones: individuales, dobles, triples y apartamentos<br \/>\r\nHabitaciones: cuarto de ba\u00f1o, TV, internet<br \/>\r\nAparcamiento: gratuito, vigilado<\/p>\r\n<p>&nbsp;<\/p>\r\n<p><b>REGI\u00d3N DE NOWY S\u0104CZ<\/b><\/p>\r\n<p><b>\u00ab\u00a0Litwi\u0144ski\u00a0\u00bb Hotel**<\/b><br \/>\r\nT\u0119goborze 336, 33-312 T\u0119goborze, Polonia<br \/>\r\ntel\/fax: +48 18 444 90 25<br \/>\r\n<a href=\"http:\/\/www.hotel-litwinski.pl\">www.hotel-litwinski.pl<\/a> <a href=\"mailto:litwinski@hotel-litwinski.pl\">litwinski@hotel-litwinski.pl<\/a><\/p>\r\n<p>Ofrecemos: restaurante, 3 salas de conferencias, concha de tenis<br \/>\r\nN\u00famero de habitaciones\/camas: 31\/50.<br \/>\r\nHabitaciones: individuales, dobles, triples, cu\u00e1druples y apartamentos <br \/>\r\nHabitaciones con cuarto de ba\u00f1o, TV, radio, tel\u00e9fono, internet<br \/>\r\nAceptamos animales dom\u00e9sticos<br \/>\r\nEl hotel se encuentra cerca del lago de Ro\u017cn\u00f3w.<\/p>\r\n<p style=\"text-align: left;\">\u00a0<\/p>\r\n<p style=\"text-align: left;\">\u00a0<\/p>\r\n<p style=\"text-align: left;\">Consulta la p\u00e1gina web inglesa para m\u00e1s informacion<\/p>","protected":false},"excerpt":{"rendered":"\u00ab Dunajec\u00a0\u00bb Hotel*** ul. Krakowska 85, 33-113 Tarn\u00f3w &#8211; Zg\u0142obice, PL tel.: +48 14 674 11 11, tel.\/fax: +48 14 674 11 13 e-mail: hotel@hoteldunajec.pl , www.hoteldunajec.pl Ofrecemos: 2 edificios [&hellip;]","protected":false},"author":1,"featured_media":0,"parent":10128,"menu_order":666,"comment_status":"closed","ping_status":"closed","template":"","meta":{"_acf_changed":false,"footnotes":""},"tags":[],"class_list":["post-10130","page","type-page","status-publish","hentry"],"acf":{"old_object_id":"20743","old_parent_id":"20726","old_url":"Hoteles-Alojamiento\/Hoteles-en-la-region-de-Tarnow","intro_text":"","show_children":"1","class":"folder","type":"single","in_menu":true,"show_date":false,"map":"","old_id":"","rooms_info":"","top_column":"","left_column":"","right_column":"","bottom_column":"","skip_import":false,"_menu_related_id":"96302"},"yoast_head":"<!-- This site is optimized with the Yoast SEO Premium plugin v25.4 (Yoast SEO v25.4) - https:\/\/yoast.com\/wordpress\/plugins\/seo\/ -->\n<title>Hoteles en la regi\u00f3n de Tarn\u00f3w - Tarnowskie Centrum Informacji<\/title>\n<meta name=\"robots\" content=\"index, follow, max-snippet:-1, max-image-preview:large, max-video-preview:-1\" \/>\n<link rel=\"canonical\" href=\"https:\/\/www.it.tarnow.pl\/es\/hoteles-alojamiento\/hoteles-en-la-region-de-tarnow\/\" \/>\n<meta property=\"og:locale\" content=\"es_ES\" \/>\n<meta property=\"og:type\" content=\"article\" \/>\n<meta property=\"og:title\" content=\"Hoteles en la regi\u00f3n de Tarn\u00f3w\" \/>\n<meta property=\"og:description\" content=\"\u00ab Dunajec\u00a0\u00bb Hotel*** ul. Krakowska 85, 33-113 Tarn\u00f3w &#8211; Zg\u0142obice, PL tel.: +48 14 674 11 11, tel.\/fax: +48 14 674 11 13 e-mail: hotel@hoteldunajec.pl , www.hoteldunajec.pl Ofrecemos: 2 edificios [&hellip;]\" \/>\n<meta property=\"og:url\" content=\"https:\/\/www.it.tarnow.pl\/es\/hoteles-alojamiento\/hoteles-en-la-region-de-tarnow\/\" \/>\n<meta property=\"og:site_name\" content=\"Tarnowskie Centrum Informacji\" \/>\n<meta property=\"article:modified_time\" content=\"2020-04-28T08:33:22+00:00\" \/>\n<meta property=\"og:image\" content=\"http:\/\/www.it.tarnow.pl\/wp-content\/uploads\/2019\/04\/dunajec-2014-02-6.jpg\" \/>\n<meta name=\"twitter:card\" content=\"summary_large_image\" \/>\n<meta name=\"twitter:label1\" content=\"Tiempo de lectura\" \/>\n\t<meta name=\"twitter:data1\" content=\"7 minutos\" \/>\n<script type=\"application\/ld+json\" class=\"yoast-schema-graph\">{\"@context\":\"https:\/\/schema.org\",\"@graph\":[{\"@type\":\"WebPage\",\"@id\":\"https:\/\/www.it.tarnow.pl\/es\/hoteles-alojamiento\/hoteles-en-la-region-de-tarnow\/\",\"url\":\"https:\/\/www.it.tarnow.pl\/es\/hoteles-alojamiento\/hoteles-en-la-region-de-tarnow\/\",\"name\":\"Hoteles en la regi\u00f3n de Tarn\u00f3w - Tarnowskie Centrum Informacji\",\"isPartOf\":{\"@id\":\"https:\/\/www.it.tarnow.pl\/#website\"},\"primaryImageOfPage\":{\"@id\":\"https:\/\/www.it.tarnow.pl\/es\/hoteles-alojamiento\/hoteles-en-la-region-de-tarnow\/#primaryimage\"},\"image\":{\"@id\":\"https:\/\/www.it.tarnow.pl\/es\/hoteles-alojamiento\/hoteles-en-la-region-de-tarnow\/#primaryimage\"},\"thumbnailUrl\":\"http:\/\/www.it.tarnow.pl\/wp-content\/uploads\/2019\/04\/dunajec-2014-02-6.jpg\",\"datePublished\":\"2015-11-02T11:24:39+00:00\",\"dateModified\":\"2020-04-28T08:33:22+00:00\",\"breadcrumb\":{\"@id\":\"https:\/\/www.it.tarnow.pl\/es\/hoteles-alojamiento\/hoteles-en-la-region-de-tarnow\/#breadcrumb\"},\"inLanguage\":\"es\",\"potentialAction\":[{\"@type\":\"ReadAction\",\"target\":[\"https:\/\/www.it.tarnow.pl\/es\/hoteles-alojamiento\/hoteles-en-la-region-de-tarnow\/\"]}]},{\"@type\":\"ImageObject\",\"inLanguage\":\"es\",\"@id\":\"https:\/\/www.it.tarnow.pl\/es\/hoteles-alojamiento\/hoteles-en-la-region-de-tarnow\/#primaryimage\",\"url\":\"http:\/\/www.it.tarnow.pl\/wp-content\/uploads\/2019\/04\/dunajec-2014-02-6.jpg\",\"contentUrl\":\"http:\/\/www.it.tarnow.pl\/wp-content\/uploads\/2019\/04\/dunajec-2014-02-6.jpg\"},{\"@type\":\"BreadcrumbList\",\"@id\":\"https:\/\/www.it.tarnow.pl\/es\/hoteles-alojamiento\/hoteles-en-la-region-de-tarnow\/#breadcrumb\",\"itemListElement\":[{\"@type\":\"ListItem\",\"position\":1,\"name\":\"P\u00e1gina de inicio\",\"item\":\"https:\/\/www.it.tarnow.pl\/es\/\"},{\"@type\":\"ListItem\",\"position\":2,\"name\":\"Hoteles\/Alojamiento\",\"item\":\"https:\/\/www.it.tarnow.pl\/es\/hoteles-alojamiento\/\"},{\"@type\":\"ListItem\",\"position\":3,\"name\":\"Hoteles en la regi\u00f3n de Tarn\u00f3w\"}]},{\"@type\":\"WebSite\",\"@id\":\"https:\/\/www.it.tarnow.pl\/#website\",\"url\":\"https:\/\/www.it.tarnow.pl\/\",\"name\":\"Tarnowskie Centrum Informacji\",\"description\":\"Informacja turystyczna o Tarnowie i regionie tarnowskim.\",\"potentialAction\":[{\"@type\":\"SearchAction\",\"target\":{\"@type\":\"EntryPoint\",\"urlTemplate\":\"https:\/\/www.it.tarnow.pl\/?s={search_term_string}\"},\"query-input\":{\"@type\":\"PropertyValueSpecification\",\"valueRequired\":true,\"valueName\":\"search_term_string\"}}],\"inLanguage\":\"es\"}]}<\/script>\n<!-- \/ Yoast SEO Premium plugin. -->","yoast_head_json":{"title":"Hoteles en la regi\u00f3n de Tarn\u00f3w - Tarnowskie Centrum Informacji","robots":{"index":"index","follow":"follow","max-snippet":"max-snippet:-1","max-image-preview":"max-image-preview:large","max-video-preview":"max-video-preview:-1"},"canonical":"https:\/\/www.it.tarnow.pl\/es\/hoteles-alojamiento\/hoteles-en-la-region-de-tarnow\/","og_locale":"es_ES","og_type":"article","og_title":"Hoteles en la regi\u00f3n de Tarn\u00f3w","og_description":"\u00ab Dunajec\u00a0\u00bb Hotel*** ul. Krakowska 85, 33-113 Tarn\u00f3w &#8211; Zg\u0142obice, PL tel.: +48 14 674 11 11, tel.\/fax: +48 14 674 11 13 e-mail: hotel@hoteldunajec.pl , www.hoteldunajec.pl Ofrecemos: 2 edificios [&hellip;]","og_url":"https:\/\/www.it.tarnow.pl\/es\/hoteles-alojamiento\/hoteles-en-la-region-de-tarnow\/","og_site_name":"Tarnowskie Centrum Informacji","article_modified_time":"2020-04-28T08:33:22+00:00","og_image":[{"url":"http:\/\/www.it.tarnow.pl\/wp-content\/uploads\/2019\/04\/dunajec-2014-02-6.jpg","type":"","width":"","height":""}],"twitter_card":"summary_large_image","twitter_misc":{"Tiempo de lectura":"7 minutos"},"schema":{"@context":"https:\/\/schema.org","@graph":[{"@type":"WebPage","@id":"https:\/\/www.it.tarnow.pl\/es\/hoteles-alojamiento\/hoteles-en-la-region-de-tarnow\/","url":"https:\/\/www.it.tarnow.pl\/es\/hoteles-alojamiento\/hoteles-en-la-region-de-tarnow\/","name":"Hoteles en la regi\u00f3n de Tarn\u00f3w - Tarnowskie Centrum Informacji","isPartOf":{"@id":"https:\/\/www.it.tarnow.pl\/#website"},"primaryImageOfPage":{"@id":"https:\/\/www.it.tarnow.pl\/es\/hoteles-alojamiento\/hoteles-en-la-region-de-tarnow\/#primaryimage"},"image":{"@id":"https:\/\/www.it.tarnow.pl\/es\/hoteles-alojamiento\/hoteles-en-la-region-de-tarnow\/#primaryimage"},"thumbnailUrl":"http:\/\/www.it.tarnow.pl\/wp-content\/uploads\/2019\/04\/dunajec-2014-02-6.jpg","datePublished":"2015-11-02T11:24:39+00:00","dateModified":"2020-04-28T08:33:22+00:00","breadcrumb":{"@id":"https:\/\/www.it.tarnow.pl\/es\/hoteles-alojamiento\/hoteles-en-la-region-de-tarnow\/#breadcrumb"},"inLanguage":"es","potentialAction":[{"@type":"ReadAction","target":["https:\/\/www.it.tarnow.pl\/es\/hoteles-alojamiento\/hoteles-en-la-region-de-tarnow\/"]}]},{"@type":"ImageObject","inLanguage":"es","@id":"https:\/\/www.it.tarnow.pl\/es\/hoteles-alojamiento\/hoteles-en-la-region-de-tarnow\/#primaryimage","url":"http:\/\/www.it.tarnow.pl\/wp-content\/uploads\/2019\/04\/dunajec-2014-02-6.jpg","contentUrl":"http:\/\/www.it.tarnow.pl\/wp-content\/uploads\/2019\/04\/dunajec-2014-02-6.jpg"},{"@type":"BreadcrumbList","@id":"https:\/\/www.it.tarnow.pl\/es\/hoteles-alojamiento\/hoteles-en-la-region-de-tarnow\/#breadcrumb","itemListElement":[{"@type":"ListItem","position":1,"name":"P\u00e1gina de inicio","item":"https:\/\/www.it.tarnow.pl\/es\/"},{"@type":"ListItem","position":2,"name":"Hoteles\/Alojamiento","item":"https:\/\/www.it.tarnow.pl\/es\/hoteles-alojamiento\/"},{"@type":"ListItem","position":3,"name":"Hoteles en la regi\u00f3n de Tarn\u00f3w"}]},{"@type":"WebSite","@id":"https:\/\/www.it.tarnow.pl\/#website","url":"https:\/\/www.it.tarnow.pl\/","name":"Tarnowskie Centrum Informacji","description":"Informacja turystyczna o Tarnowie i regionie tarnowskim.","potentialAction":[{"@type":"SearchAction","target":{"@type":"EntryPoint","urlTemplate":"https:\/\/www.it.tarnow.pl\/?s={search_term_string}"},"query-input":{"@type":"PropertyValueSpecification","valueRequired":true,"valueName":"search_term_string"}}],"inLanguage":"es"}]}},"_links":{"self":[{"href":"https:\/\/www.it.tarnow.pl\/es\/wp-json\/wp\/v2\/pages\/10130","targetHints":{"allow":["GET"]}}],"collection":[{"href":"https:\/\/www.it.tarnow.pl\/es\/wp-json\/wp\/v2\/pages"}],"about":[{"href":"https:\/\/www.it.tarnow.pl\/es\/wp-json\/wp\/v2\/types\/page"}],"author":[{"embeddable":true,"href":"https:\/\/www.it.tarnow.pl\/es\/wp-json\/wp\/v2\/users\/1"}],"replies":[{"embeddable":true,"href":"https:\/\/www.it.tarnow.pl\/es\/wp-json\/wp\/v2\/comments?post=10130"}],"version-history":[{"count":0,"href":"https:\/\/www.it.tarnow.pl\/es\/wp-json\/wp\/v2\/pages\/10130\/revisions"}],"up":[{"embeddable":true,"href":"https:\/\/www.it.tarnow.pl\/es\/wp-json\/wp\/v2\/pages\/10128"}],"wp:attachment":[{"href":"https:\/\/www.it.tarnow.pl\/es\/wp-json\/wp\/v2\/media?parent=10130"}],"wp:term":[{"taxonomy":"post_tag","embeddable":true,"href":"https:\/\/www.it.tarnow.pl\/es\/wp-json\/wp\/v2\/tags?post=10130"}],"curies":[{"name":"wp","href":"https:\/\/api.w.org\/{rel}","templated":true}]}}