{"id":10129,"date":"2015-11-02T12:01:09","date_gmt":"2015-11-02T11:01:09","guid":{"rendered":"http:\/\/www.it.tarnow.pl\/hoteles-en-la-ciudad-de-tarnow\/"},"modified":"2026-03-23T10:15:55","modified_gmt":"2026-03-23T09:15:55","slug":"hoteles-en-la-ciudad-de-tarnow","status":"publish","type":"page","link":"https:\/\/www.it.tarnow.pl\/es\/hoteles-alojamiento\/hoteles-en-la-ciudad-de-tarnow\/","title":{"rendered":"Hoteles en la ciudad de Tarn\u00f3w"},"content":{"rendered":"<p><b><b><img loading=\"lazy\" decoding=\"async\" class=\"alignright size-full wp-image-163455\" src=\"http:\/\/www.it.tarnow.pl\/wp-content\/uploads\/2019\/04\/bristol-2014-03-6.jpg\" alt=\"\" width=\"130\" height=\"111\" \/>\u00ab <\/b>Bristol<b> \u00bb <\/b>Hotel **** &#8211; temporalmente cerrado<\/b><br \/>\r\nul. Krakowska 9, 33-100 Tarn\u00f3w, PL<br \/>\r\ntel.: +48 14 621 22 79, kom.: +48 880 477 477<br \/>\r\ne-mail: <a href=\"mailto:recepcja@hotelbristol.com.pl\">recepcja@hotelbristol.com.pl<\/a> , <a href=\"http:\/\/www.hotelbristol.com.pl\">www.hotelbristol.com.pl<\/a><\/p>\r\n<p>Ofrecemos: 2 restaurantes, salas de conferencias, sal\u00f3n de belleza, solario, gimnasio,<br \/>\r\njacuzzi, billar<br \/>\r\nHabitaciones\/camas: 17\/33<br \/>\r\nHabitaciones: individuales con aire acondicionado, dobles y apartamentos<br \/>\r\nHabitaciones con ba\u00f1os para hidromasajes, nevera, radio, TVsat, internet, tel\u00e9fono<br \/>\r\nAceptamos tarjetas de cr\u00e9dito<br \/>\r\nAparcamiento vigilado<br \/>\r\nPosibilidad de llevar animales<br \/>\r\nHotel est\u00e1 situado en la calle del centro. En 2006 recibi\u00f3 el t\u00edtulo \u201cMecenas Kultury Tarnowa\u201d otorgado por el presidente de Tarn\u00f3w.<\/p>\r\n<p>&nbsp;<\/p>\r\n<p><b><b><img loading=\"lazy\" decoding=\"async\" class=\"alignright size-full wp-image-163415\" src=\"http:\/\/www.it.tarnow.pl\/wp-content\/uploads\/2019\/04\/tarnovia1-6.jpg\" alt=\"\" width=\"130\" height=\"87\" \/>\u00ab <\/b>Tarnovia<b> \u00bb H<\/b>otel ***<\/b><br \/>\r\nul. Ko\u015bciuszki 10, 33-100 Tarn\u00f3w, PL<br \/>\r\ntel.: +48 14 630 03 50, +48 14 627 30 59, tel.\/fax: + 48 14 621 27 44<br \/>\r\ne-mail: <a href=\"mailto:recepcja@hotel.tarnovia.pl\">recepcja@hotel.tarnovia.pl<\/a> , <a href=\"http:\/\/www.hotel.tarnovia.pl\">www.hotel.tarnovia.pl<\/a><\/p>\r\n<p>Ofrecemos: restaurante moderno, 8 salas de conferencias, Lobby Bar, Business Corner, sauna, peluquer\u00eda, jard\u00edn.<br \/>\r\nEdificio adaptado para minusv\u00e1lidos<br \/>\r\nHabitaciones\/camas: 114\/199<br \/>\r\nHabitaciones: individuales, dobles y apartamentos<br \/>\r\nHabitaciones con ba\u00f1os, radio, TVsat, internet, tel\u00e9fono, aire acondicionado<br \/>\r\nAceptamos tarjetas de cr\u00e9dito<br \/>\r\nAparcamiento vigilado, garajes<br \/>\r\nPosibilidad de llevar animales<br \/>\r\nHotel est\u00e1 al lado de la estaci\u00f3n de ferrocarril y estaci\u00f3n de autobuses, cerca del casco antiguo, cine, piscina, teatro.<\/p>\r\n<p>&nbsp;<\/p>\r\n<p><b><img loading=\"lazy\" decoding=\"async\" class=\"alignright size-full wp-image-163111\" src=\"http:\/\/www.it.tarnow.pl\/wp-content\/uploads\/2019\/04\/Hotel-Gal-01-6.jpg\" alt=\"\" width=\"130\" height=\"87\" \/>\u00ab Gal \u00bb H\u00f4tel ***<\/b><br \/>\r\nc\/ Dworcowa 5<br \/>\r\n33-100 Tarn\u00f3w<br \/>\r\ntel: (14) 688 99 30 , m\u00f3vil : 530 040 856<br \/>\r\nfax. (14) 688 99 30\u00a0<br \/>\r\n<a href=\"http:\/\/www.hotelgaltarnow.pl\/\">www.hotelgaltarnow.pl<\/a> <br \/>\r\n<a href=\"mailto:recepcja@hotelgaltarnow.pl\">recepcja@hotelgaltarnow.pl<\/a><\/p>\r\n<p>Ofrecemos : sala de conferencias, acceso a la cocina<br \/>\r\nEl edificio adaptado a las necesidades de los min\u00fasvalidos.<br \/>\r\nN\u00famero de habitaciones\/ camas : 33\/60.<br \/>\r\nHabitaciones: individuales, dobles y triples<br \/>\r\nHabitaciones con aire acondicionado, TV, tel\u00e9fono, internet , balc\u00f3n o terraza<br \/>\r\nAceptamos tarjetas de cr\u00e9dito.<br \/>\r\nAparcamiento no vigilado, gratuito.<br \/>\r\nLa estancia gratuita para los ni\u00f1os menores de 4 a\u00f1os.<br \/>\r\nEl hotel se encuentra cerca de la Estaci\u00f3n de Trenes, el parque municipal, el centro comercial Tarnovia, 1,2 km del Casco Viejo.<\/p>\r\n<p><b>\u00a0<\/b><\/p>\r\n<p><b><img loading=\"lazy\" decoding=\"async\" class=\"alignright size-full wp-image-163391\" src=\"http:\/\/www.it.tarnow.pl\/wp-content\/uploads\/2019\/04\/Cristal-Park-Tarnow-05-6.jpg\" alt=\"\" width=\"130\" height=\"87\" \/>Cristal Park***Hotel<\/b><br \/>\r\nul. Traugutta 5, 33-101 Tarn\u00f3w \u2013 Mo\u015bcice, PL<br \/>\r\ntel.: +48 14 633 12 25, +48 14 633 12 27<br \/>\r\ne-mail: <a href=\"mailto:hotel@cristalpark.pl\">hotel@cristalpark.pl<\/a> , <a href=\"http:\/\/www.cristalpark.pl\">www.cristalpark.pl<\/a><\/p>\r\n<p>Ofrecemos: restaurante, 8 salas de conferencias, sauna, cueva solar, billar, sal\u00f3n de masaje, jard\u00edn.<br \/>\r\nEdificio adaptado para minusv\u00e1lidos<br \/>\r\nHabitaciones\/camas: 95\/188<br \/>\r\nHabitaciones: individuales, dobles y apartamentos con aire acondicionado.<br \/>\r\nHabitaciones con ba\u00f1os, radio, TVsat, internet, tel\u00e9fono y habitaciones con nevera, aire acondicionado, LCD TV<br \/>\r\nAceptamos tarjetas de cr\u00e9dito<br \/>\r\nAparcamiento vigilado, garajes<br \/>\r\nPosibilidad de llevar animales<br \/>\r\nEn los alrededores: cine, polideportivo (piscina, pistas de tenis, sala deportiva, estadio). Al lado del hotel Dw\u00f3r Modrzewiowy donde se organizan fiestas ocasionales, conferencias hasta 300 personas.<\/p>\r\n<p><b>\u00a0<\/b><\/p>\r\n<p><b><img loading=\"lazy\" decoding=\"async\" class=\"alignright size-full wp-image-163143\" src=\"http:\/\/www.it.tarnow.pl\/wp-content\/uploads\/2019\/04\/KANTORIA-widokM-6.jpg\" alt=\"\" width=\"130\" height=\"87\" \/>\u00ab Kantoria \u00bb H\u00f4tel ***<\/b><br \/>\r\nc\/ Pi\u0142sudskiego 28A<br \/>\r\n33-100 Tarn\u00f3w<br \/>\r\ntel: (14) 652 29 33 , m\u00f3vil: 502 562\u00a0005<br \/>\r\nfax. (14) 652 29 33 <br \/>\r\n<a href=\"http:\/\/www.kantoria.pl\">www.kantoria.pl<\/a> <br \/>\r\n<a href=\"mailto:recepcja@kantoria.pl\">recepcja@kantoria.pl<\/a><\/p>\r\n<p>Ofrecemos: restaurante, 3 salas de conferencias, terrenos de juego, table de ping-pong, terrenos de deporte.<br \/>\r\nEl edificio adaptado a las necesidades de los min\u00fasvalidos.<br \/>\r\nN\u00famero de habitaciones\/ camas: 12\/30.<br \/>\r\nHabitaciones: individuales, dobles, triples y apartamentos.<br \/>\r\nHabitaciones con cuarto de ba\u00f1o, TV, tel\u00e9fono, internet <br \/>\r\nAceptamos tarjetas de cr\u00e9dito. <br \/>\r\nAparcamiento: vigilado, pago.<br \/>\r\nLas rebajas para los ni\u00f1os menores de 4 a\u00f1os.<br \/>\r\nEl hotel se encuentra 1 km del Casco Viejo, cerca del parque de la ciudad, el parque acu\u00e1tico (sauna, solario), las canchas de tenis, el estadio (terreno de f\u00fatbol, baloncesto, voleibol)<\/p>\r\n<p>&nbsp;<\/p>\r\n<p><b><img loading=\"lazy\" decoding=\"async\" class=\"alignright wp-image-176741\" src=\"http:\/\/www.it.tarnow.pl\/wp-content\/uploads\/2019\/02\/Willa-Krzyska-1.jpg\" alt=\"\" width=\"130\" height=\"87\" \/>\u00abWilla Krzyska\u00bb Hotel ***<\/b><br \/>\r\nc\/ Krzyska 52b, 33-100 Tarn\u00f3w<br \/>\r\ntel.: + 48 14 620 11 34<br \/>\r\ne-mail:\u00a0<a href=\"mailto:recepcja@willakrzyska.pl\">recepcja@willakrzyska.pl<\/a> <br \/>\r\n<a class=\"target_blank\" href=\"http:\/\/www.willakrzyska.pl\/\">www.willakrzyska.pl<\/a><\/p>\r\n<p>El hotel recibi\u00f3 tres estrellas. <br \/>\r\nOfrecemos: restaurante, cafeter\u00edas, terrazas y jard\u00edn.<br \/>\r\nCocina con los or\u00edgenes en la cocina europea y \u00a0h\u00fangaro.<br \/>\r\nEl edificio adaptado a las necesidades de los min\u00fasvalidos.<br \/>\r\nHabitaciones con cuarto de ba\u00f1o, radio, TV sat, Internet, tel\u00e9fono.<br \/>\r\nAparcamiento: en el precio de habitaci\u00f3n, vigilado, garajes<br \/>\r\nAceptamos tarjetas de cr\u00e9dito. <br \/>\r\nEl hotel muy elegante, no se encuentra lejos del Casco Viejo, separado de la calle por el terreno verde<\/p>\r\n<p>&nbsp;<\/p>\r\n<p><b>\u00abU Jana\u00bb<\/b><br \/>\r\n\u00a0Rynek 14, 33-100 Tarn\u00f3w<br \/>\r\n\u00a0tel.: +48 14 626 05 64, +48 14 620 12 01<br \/>\r\n\u00a0e-mail:\u00a0<a href=\"mailto:recepcja@hotelujana.pl\">recepcja@hotelujana.pl<\/a> <br \/>\r\n<a class=\"target_blank\" href=\"http:\/\/www.hotelujana.pl\/\">www.hotelujana.pl<\/a><\/p>\r\n<p>Ofrecemos: restaurante (5 salas para 220 personas max), 2 salas de conferencias.<br \/>\r\nN\u00famero de apartamentos\/camas: 10\/40.<br \/>\r\nApartamentos: cada con dos dormitorios, cuarto de ba\u00f1o, nevera, radio, TV sat, Internet.<br \/>\r\nAceptamos tarjetas de cr\u00e9dito.<br \/>\r\nAparcamiento no vigilado, gratuito\u00a0 <br \/>\r\nAceptamos animales dom\u00e9sticos.\u00a0 <br \/>\r\nEl hotel se encuentra en el coraz\u00f3n de\u00a0 la ciudad y \u00abtodo est\u00e1 cerca de aqu\u00ed\u00bb.<\/p>\r\n<p>&nbsp;<\/p>\r\n<p><b><img loading=\"lazy\" decoding=\"async\" class=\"alignright wp-image-77032\" src=\"http:\/\/www.it.tarnow.pl\/wp-content\/uploads\/2019\/02\/2015.10.29_Pod_Debem_DSC_0970_1-kopia.jpg\" alt=\"\" width=\"130\" height=\"196\" srcset=\"https:\/\/www.it.tarnow.pl\/wp-content\/uploads\/2019\/02\/2015.10.29_Pod_Debem_DSC_0970_1-kopia.jpg 509w, https:\/\/www.it.tarnow.pl\/wp-content\/uploads\/2019\/02\/2015.10.29_Pod_Debem_DSC_0970_1-kopia-199x300.jpg 199w\" sizes=\"auto, (max-width: 130px) 100vw, 130px\" \/>\u00ab Pod D\u0119bem \u00bb H\u00f4tel ***<\/b><br \/>\r\nc\/ Heleny Marusarz 9B<br \/>\r\n33-100 Tarn\u00f3w<br \/>\r\ntel: (14) 626 00 88 , m\u00f3vil: 667 071 802<br \/>\r\nfax. (14) 626 95 93\u00a0<br \/>\r\n<a href=\"http:\/\/www.poddebem.tarnow.pl\">www.poddebem.tarnow.pl<\/a> <br \/>\r\n<a href=\"mailto:recepcja@hpd.pl\">recepcja@hpd.pl<\/a><\/p>\r\n<p>Ofrecemos: resetaurante, sala de conferencias.<br \/>\r\nEl edificio adaptado a las necesidades de los min\u00fasvalidos.<br \/>\r\nN\u00famero de habitaciones\/ camas: 24\/50.<br \/>\r\nHabitaciones: individuales, dobles y apartamentos.<br \/>\r\nHabitaciones con cuarto de ba\u00f1o, tel\u00e9fono, radio, TV, Internet, aire acondicionado.<br \/>\r\nAceptamos tarjetas de cr\u00e9dito.<br \/>\r\nAparcamiento no vigilado, gratuito.\u00a0 <br \/>\r\nAceptamos animales.<br \/>\r\nLa estancia es gratuita para los ni\u00f1os menores de 7 a\u00f1os.<br \/>\r\nEl hotel se encuentra 1km del centro de la ciudad y 4 km de la estaci\u00f3n de trenes.<\/p>\r\n<p>&nbsp;<\/p>\r\n<p><b><img loading=\"lazy\" decoding=\"async\" class=\"alignright size-full wp-image-163303\" src=\"http:\/\/www.it.tarnow.pl\/wp-content\/uploads\/2019\/04\/Camping-9.jpg\" alt=\"\" width=\"130\" height=\"77\" \/>Camping No 202 \u00abPod Jab\u0142oniami\u00bb<\/b>\u00a0***<br \/>\r\nc\/ Pi\u0142sudskiego 28 A, 33-100 Tarn\u00f3w<br \/>\r\ntel.: +48 14 621 51 24, +48 502 562 005<br \/>\r\ne-mail:\u00a0<a href=\"mailto:recepcja@camping.tarnow.pl\">recepcja@camping.tarnow.pl<\/a> <br \/>\r\n<a class=\"target_blank\" href=\"http:\/\/www.camping.tarnow.pl\/\">www.camping.tarnow.pl<\/a><\/p>\r\n<p>La \u00e1rea del camping: 1 ha.<br \/>\r\nOfrecemos: cocina, lavander\u00eda, sala de estar<br \/>\r\nAdaptado a las necesidades de los min\u00fasvalidos<br \/>\r\nN\u00famero de lugares: 18\/76.<br \/>\r\nNo aceptamos tarjetas de cr\u00e9dito.<br \/>\r\nAparcamiento adaptado para los autocares, vigilado, gratuito<br \/>\r\nAceptamos animales dom\u00e9sticos.\u00a0 <br \/>\r\nEl hotel se encuentra cerca de l parque municipal con el mausoleo de J. Bem y el terreno de deporte (canchas de tenis, piscina, estadio)<\/p>\r\n<p>&nbsp;<\/p>\r\n<p><b>\u00a0<\/b><b>\u00abB&amp;B Leliwa\u00bb<\/b><br \/>\r\nc\/ Esperantyst\u00f3w 34, 33-100 Tarn\u00f3w<br \/>\r\ntel. +48 14 69 28 179, +48 661 97 47 49<br \/>\r\ne-mail:\u00a0<a href=\"mailto:leliwa@physissrl.com\">leliwa@physissrl.com<\/a> <br \/>\r\n<a class=\"target_blank\" href=\"http:\/\/www.leliwa.pl.tl\/\">www.leliwa.pl.tl<\/a><\/p>\r\n<p>\u201eB&amp;B Leliwa\u201d es una casa monofamiliar situado en el monte de San Mart\u00edn, 2 km del centro de Tarn\u00f3w. <br \/>\r\nOfrecemos: 3 habitaciones para 2 o 3 personas, un apartamento (con 2 dormitorios, el cuarto de estar y la cocina con equipaje)<br \/>\r\nEl jard\u00edn peque\u00f1o con el lugar de juego para los ni\u00f1os. <br \/>\r\nUn garaje, alquiler de bicicletas.<br \/>\r\nEl precio de la habitaci\u00f3n inluye el desayuno. <br \/>\r\nLas rebajas para los ni\u00f1os: los ni\u00f1os\u00a0 de 0-2 a\u00f1os \u2013 gratutuito, los ni\u00f1os de 2-11 a\u00f1os -50%<\/p>\r\n<p>&nbsp;<\/p>\r\n<p>&nbsp;<\/p>\r\n<p>Consulta la p\u00e1gina web inglesa para m\u00e1s informaciones.<\/p>","protected":false},"excerpt":{"rendered":"\u00ab Bristol \u00bb Hotel **** &#8211; temporalmente cerrado ul. Krakowska 9, 33-100 Tarn\u00f3w, PL tel.: +48 14 621 22 79, kom.: +48 880 477 477 e-mail: recepcja@hotelbristol.com.pl , www.hotelbristol.com.pl Ofrecemos: [&hellip;]","protected":false},"author":1,"featured_media":0,"parent":10128,"menu_order":665,"comment_status":"closed","ping_status":"closed","template":"","meta":{"_acf_changed":false,"footnotes":""},"tags":[],"class_list":["post-10129","page","type-page","status-publish","hentry"],"acf":{"old_object_id":"20742","old_parent_id":"20726","old_url":"Hoteles-Alojamiento\/Hoteles-en-la-ciudad-de-Tarnow","intro_text":"","show_children":"1","class":"folder","type":"single","in_menu":true,"show_date":false,"map":"","old_id":"","rooms_info":"","top_column":"","left_column":"","right_column":"","bottom_column":"","skip_import":false,"_menu_related_id":"96301"},"yoast_head":"<!-- This site is optimized with the Yoast SEO Premium plugin v25.4 (Yoast SEO v25.4) - https:\/\/yoast.com\/wordpress\/plugins\/seo\/ -->\n<title>Hoteles en la ciudad de Tarn\u00f3w - Tarnowskie Centrum Informacji<\/title>\n<meta name=\"robots\" content=\"index, follow, max-snippet:-1, max-image-preview:large, max-video-preview:-1\" \/>\n<link rel=\"canonical\" href=\"https:\/\/www.it.tarnow.pl\/es\/hoteles-alojamiento\/hoteles-en-la-ciudad-de-tarnow\/\" \/>\n<meta property=\"og:locale\" content=\"es_ES\" \/>\n<meta property=\"og:type\" content=\"article\" \/>\n<meta property=\"og:title\" content=\"Hoteles en la ciudad de Tarn\u00f3w\" \/>\n<meta property=\"og:description\" content=\"\u00ab Bristol \u00bb Hotel **** &#8211; temporalmente cerrado ul. Krakowska 9, 33-100 Tarn\u00f3w, PL tel.: +48 14 621 22 79, kom.: +48 880 477 477 e-mail: recepcja@hotelbristol.com.pl , www.hotelbristol.com.pl Ofrecemos: [&hellip;]\" \/>\n<meta property=\"og:url\" content=\"https:\/\/www.it.tarnow.pl\/es\/hoteles-alojamiento\/hoteles-en-la-ciudad-de-tarnow\/\" \/>\n<meta property=\"og:site_name\" content=\"Tarnowskie Centrum Informacji\" \/>\n<meta property=\"article:modified_time\" content=\"2026-03-23T09:15:55+00:00\" \/>\n<meta property=\"og:image\" content=\"https:\/\/www.it.tarnow.pl\/wp-content\/uploads\/2019\/04\/bristol-2014-03-6.jpg\" \/>\n\t<meta property=\"og:image:width\" content=\"130\" \/>\n\t<meta property=\"og:image:height\" content=\"111\" \/>\n\t<meta property=\"og:image:type\" content=\"image\/jpeg\" \/>\n<meta name=\"twitter:card\" content=\"summary_large_image\" \/>\n<meta name=\"twitter:label1\" content=\"Tiempo de lectura\" \/>\n\t<meta name=\"twitter:data1\" content=\"5 minutos\" \/>\n<script type=\"application\/ld+json\" class=\"yoast-schema-graph\">{\"@context\":\"https:\/\/schema.org\",\"@graph\":[{\"@type\":\"WebPage\",\"@id\":\"https:\/\/www.it.tarnow.pl\/es\/hoteles-alojamiento\/hoteles-en-la-ciudad-de-tarnow\/\",\"url\":\"https:\/\/www.it.tarnow.pl\/es\/hoteles-alojamiento\/hoteles-en-la-ciudad-de-tarnow\/\",\"name\":\"Hoteles en la ciudad de Tarn\u00f3w - Tarnowskie Centrum Informacji\",\"isPartOf\":{\"@id\":\"https:\/\/www.it.tarnow.pl\/#website\"},\"primaryImageOfPage\":{\"@id\":\"https:\/\/www.it.tarnow.pl\/es\/hoteles-alojamiento\/hoteles-en-la-ciudad-de-tarnow\/#primaryimage\"},\"image\":{\"@id\":\"https:\/\/www.it.tarnow.pl\/es\/hoteles-alojamiento\/hoteles-en-la-ciudad-de-tarnow\/#primaryimage\"},\"thumbnailUrl\":\"http:\/\/www.it.tarnow.pl\/wp-content\/uploads\/2019\/04\/bristol-2014-03-6.jpg\",\"datePublished\":\"2015-11-02T11:01:09+00:00\",\"dateModified\":\"2026-03-23T09:15:55+00:00\",\"breadcrumb\":{\"@id\":\"https:\/\/www.it.tarnow.pl\/es\/hoteles-alojamiento\/hoteles-en-la-ciudad-de-tarnow\/#breadcrumb\"},\"inLanguage\":\"es\",\"potentialAction\":[{\"@type\":\"ReadAction\",\"target\":[\"https:\/\/www.it.tarnow.pl\/es\/hoteles-alojamiento\/hoteles-en-la-ciudad-de-tarnow\/\"]}]},{\"@type\":\"ImageObject\",\"inLanguage\":\"es\",\"@id\":\"https:\/\/www.it.tarnow.pl\/es\/hoteles-alojamiento\/hoteles-en-la-ciudad-de-tarnow\/#primaryimage\",\"url\":\"http:\/\/www.it.tarnow.pl\/wp-content\/uploads\/2019\/04\/bristol-2014-03-6.jpg\",\"contentUrl\":\"http:\/\/www.it.tarnow.pl\/wp-content\/uploads\/2019\/04\/bristol-2014-03-6.jpg\"},{\"@type\":\"BreadcrumbList\",\"@id\":\"https:\/\/www.it.tarnow.pl\/es\/hoteles-alojamiento\/hoteles-en-la-ciudad-de-tarnow\/#breadcrumb\",\"itemListElement\":[{\"@type\":\"ListItem\",\"position\":1,\"name\":\"P\u00e1gina de inicio\",\"item\":\"https:\/\/www.it.tarnow.pl\/es\/\"},{\"@type\":\"ListItem\",\"position\":2,\"name\":\"Hoteles\/Alojamiento\",\"item\":\"https:\/\/www.it.tarnow.pl\/es\/hoteles-alojamiento\/\"},{\"@type\":\"ListItem\",\"position\":3,\"name\":\"Hoteles en la ciudad de Tarn\u00f3w\"}]},{\"@type\":\"WebSite\",\"@id\":\"https:\/\/www.it.tarnow.pl\/#website\",\"url\":\"https:\/\/www.it.tarnow.pl\/\",\"name\":\"Tarnowskie Centrum Informacji\",\"description\":\"Informacja turystyczna o Tarnowie i regionie tarnowskim.\",\"potentialAction\":[{\"@type\":\"SearchAction\",\"target\":{\"@type\":\"EntryPoint\",\"urlTemplate\":\"https:\/\/www.it.tarnow.pl\/?s={search_term_string}\"},\"query-input\":{\"@type\":\"PropertyValueSpecification\",\"valueRequired\":true,\"valueName\":\"search_term_string\"}}],\"inLanguage\":\"es\"}]}<\/script>\n<!-- \/ Yoast SEO Premium plugin. -->","yoast_head_json":{"title":"Hoteles en la ciudad de Tarn\u00f3w - Tarnowskie Centrum Informacji","robots":{"index":"index","follow":"follow","max-snippet":"max-snippet:-1","max-image-preview":"max-image-preview:large","max-video-preview":"max-video-preview:-1"},"canonical":"https:\/\/www.it.tarnow.pl\/es\/hoteles-alojamiento\/hoteles-en-la-ciudad-de-tarnow\/","og_locale":"es_ES","og_type":"article","og_title":"Hoteles en la ciudad de Tarn\u00f3w","og_description":"\u00ab Bristol \u00bb Hotel **** &#8211; temporalmente cerrado ul. Krakowska 9, 33-100 Tarn\u00f3w, PL tel.: +48 14 621 22 79, kom.: +48 880 477 477 e-mail: recepcja@hotelbristol.com.pl , www.hotelbristol.com.pl Ofrecemos: [&hellip;]","og_url":"https:\/\/www.it.tarnow.pl\/es\/hoteles-alojamiento\/hoteles-en-la-ciudad-de-tarnow\/","og_site_name":"Tarnowskie Centrum Informacji","article_modified_time":"2026-03-23T09:15:55+00:00","og_image":[{"width":130,"height":111,"url":"https:\/\/www.it.tarnow.pl\/wp-content\/uploads\/2019\/04\/bristol-2014-03-6.jpg","type":"image\/jpeg"}],"twitter_card":"summary_large_image","twitter_misc":{"Tiempo de lectura":"5 minutos"},"schema":{"@context":"https:\/\/schema.org","@graph":[{"@type":"WebPage","@id":"https:\/\/www.it.tarnow.pl\/es\/hoteles-alojamiento\/hoteles-en-la-ciudad-de-tarnow\/","url":"https:\/\/www.it.tarnow.pl\/es\/hoteles-alojamiento\/hoteles-en-la-ciudad-de-tarnow\/","name":"Hoteles en la ciudad de Tarn\u00f3w - Tarnowskie Centrum Informacji","isPartOf":{"@id":"https:\/\/www.it.tarnow.pl\/#website"},"primaryImageOfPage":{"@id":"https:\/\/www.it.tarnow.pl\/es\/hoteles-alojamiento\/hoteles-en-la-ciudad-de-tarnow\/#primaryimage"},"image":{"@id":"https:\/\/www.it.tarnow.pl\/es\/hoteles-alojamiento\/hoteles-en-la-ciudad-de-tarnow\/#primaryimage"},"thumbnailUrl":"http:\/\/www.it.tarnow.pl\/wp-content\/uploads\/2019\/04\/bristol-2014-03-6.jpg","datePublished":"2015-11-02T11:01:09+00:00","dateModified":"2026-03-23T09:15:55+00:00","breadcrumb":{"@id":"https:\/\/www.it.tarnow.pl\/es\/hoteles-alojamiento\/hoteles-en-la-ciudad-de-tarnow\/#breadcrumb"},"inLanguage":"es","potentialAction":[{"@type":"ReadAction","target":["https:\/\/www.it.tarnow.pl\/es\/hoteles-alojamiento\/hoteles-en-la-ciudad-de-tarnow\/"]}]},{"@type":"ImageObject","inLanguage":"es","@id":"https:\/\/www.it.tarnow.pl\/es\/hoteles-alojamiento\/hoteles-en-la-ciudad-de-tarnow\/#primaryimage","url":"http:\/\/www.it.tarnow.pl\/wp-content\/uploads\/2019\/04\/bristol-2014-03-6.jpg","contentUrl":"http:\/\/www.it.tarnow.pl\/wp-content\/uploads\/2019\/04\/bristol-2014-03-6.jpg"},{"@type":"BreadcrumbList","@id":"https:\/\/www.it.tarnow.pl\/es\/hoteles-alojamiento\/hoteles-en-la-ciudad-de-tarnow\/#breadcrumb","itemListElement":[{"@type":"ListItem","position":1,"name":"P\u00e1gina de inicio","item":"https:\/\/www.it.tarnow.pl\/es\/"},{"@type":"ListItem","position":2,"name":"Hoteles\/Alojamiento","item":"https:\/\/www.it.tarnow.pl\/es\/hoteles-alojamiento\/"},{"@type":"ListItem","position":3,"name":"Hoteles en la ciudad de Tarn\u00f3w"}]},{"@type":"WebSite","@id":"https:\/\/www.it.tarnow.pl\/#website","url":"https:\/\/www.it.tarnow.pl\/","name":"Tarnowskie Centrum Informacji","description":"Informacja turystyczna o Tarnowie i regionie tarnowskim.","potentialAction":[{"@type":"SearchAction","target":{"@type":"EntryPoint","urlTemplate":"https:\/\/www.it.tarnow.pl\/?s={search_term_string}"},"query-input":{"@type":"PropertyValueSpecification","valueRequired":true,"valueName":"search_term_string"}}],"inLanguage":"es"}]}},"_links":{"self":[{"href":"https:\/\/www.it.tarnow.pl\/es\/wp-json\/wp\/v2\/pages\/10129","targetHints":{"allow":["GET"]}}],"collection":[{"href":"https:\/\/www.it.tarnow.pl\/es\/wp-json\/wp\/v2\/pages"}],"about":[{"href":"https:\/\/www.it.tarnow.pl\/es\/wp-json\/wp\/v2\/types\/page"}],"author":[{"embeddable":true,"href":"https:\/\/www.it.tarnow.pl\/es\/wp-json\/wp\/v2\/users\/1"}],"replies":[{"embeddable":true,"href":"https:\/\/www.it.tarnow.pl\/es\/wp-json\/wp\/v2\/comments?post=10129"}],"version-history":[{"count":1,"href":"https:\/\/www.it.tarnow.pl\/es\/wp-json\/wp\/v2\/pages\/10129\/revisions"}],"predecessor-version":[{"id":347139,"href":"https:\/\/www.it.tarnow.pl\/es\/wp-json\/wp\/v2\/pages\/10129\/revisions\/347139"}],"up":[{"embeddable":true,"href":"https:\/\/www.it.tarnow.pl\/es\/wp-json\/wp\/v2\/pages\/10128"}],"wp:attachment":[{"href":"https:\/\/www.it.tarnow.pl\/es\/wp-json\/wp\/v2\/media?parent=10129"}],"wp:term":[{"taxonomy":"post_tag","embeddable":true,"href":"https:\/\/www.it.tarnow.pl\/es\/wp-json\/wp\/v2\/tags?post=10129"}],"curies":[{"name":"wp","href":"https:\/\/api.w.org\/{rel}","templated":true}]}}