{"id":10127,"date":"2015-10-29T12:36:35","date_gmt":"2015-10-29T11:36:35","guid":{"rendered":"http:\/\/www.it.tarnow.pl\/transporte\/"},"modified":"2022-04-13T11:55:17","modified_gmt":"2022-04-13T09:55:17","slug":"transporte","status":"publish","type":"page","link":"https:\/\/www.it.tarnow.pl\/es\/transporte\/","title":{"rendered":"Transporte"},"content":{"rendered":"<p>Aeropuerto para los aviones ligeros \u2013 c\/ Lotnicza, Tarn\u00f3w<\/p>\r\n<p>&nbsp;<\/p>\r\n<p><a href=\"http:\/\/www.it.tarnow.pl\/wp-content\/uploads\/2019\/02\/dworzec-panorama-02_2_1m.jpg\"><img loading=\"lazy\" decoding=\"async\" class=\"aligncenter size-full wp-image-30506\" src=\"http:\/\/www.it.tarnow.pl\/wp-content\/uploads\/2019\/02\/dworzec-panorama-02_2_1m.jpg\" alt=\"\" width=\"3283\" height=\"800\" srcset=\"https:\/\/www.it.tarnow.pl\/wp-content\/uploads\/2019\/02\/dworzec-panorama-02_2_1m.jpg 3283w, https:\/\/www.it.tarnow.pl\/wp-content\/uploads\/2019\/02\/dworzec-panorama-02_2_1m-300x73.jpg 300w, https:\/\/www.it.tarnow.pl\/wp-content\/uploads\/2019\/02\/dworzec-panorama-02_2_1m-768x187.jpg 768w, https:\/\/www.it.tarnow.pl\/wp-content\/uploads\/2019\/02\/dworzec-panorama-02_2_1m-1024x250.jpg 1024w\" sizes=\"auto, (max-width: 3283px) 100vw, 3283px\" \/><\/a><\/p>\r\n<p>&nbsp;<\/p>\r\n<p><a href=\"http:\/\/www.lotnisko-balice.pl\/\"><b>Cracovia \u2013 Balice<\/b><\/a><\/p>\r\n<p>&nbsp;<\/p>\r\n<p>&nbsp;<\/p>\r\n<p><img loading=\"lazy\" decoding=\"async\" width=\"407\" height=\"407\" class=\"size-original aligncenter wp-image-30525\" src=\"http:\/\/www.it.tarnow.pl\/wp-content\/uploads\/2019\/02\/mapka-EIP_reference.jpg\" alt=\"\" srcset=\"https:\/\/www.it.tarnow.pl\/wp-content\/uploads\/2019\/02\/mapka-EIP_reference.jpg 407w, https:\/\/www.it.tarnow.pl\/wp-content\/uploads\/2019\/02\/mapka-EIP_reference-250x250.jpg 250w, https:\/\/www.it.tarnow.pl\/wp-content\/uploads\/2019\/02\/mapka-EIP_reference-400x400.jpg 400w, https:\/\/www.it.tarnow.pl\/wp-content\/uploads\/2019\/02\/mapka-EIP_reference-300x300.jpg 300w, https:\/\/www.it.tarnow.pl\/wp-content\/uploads\/2019\/02\/mapka-EIP_reference-150x150.jpg 150w\" sizes=\"auto, (max-width: 407px) 100vw, 407px\" \/><\/p>\r\n<p>&nbsp;<\/p>\r\n<p><a href=\"http:\/\/www.krakowairport.pl\/en\/passenger,c70\/transport-parking,c76\/how-to-get-to-krakow-airport,c77\/\">Descripci\u00f3n detallada como llegar al aeropuerto Cracovia &#8211; Balice<\/a><\/p>\r\n<p>&nbsp;<\/p>\r\n<p><a href=\"https:\/\/www.rzeszowairport.pl\/en\"><b>Rzesz\u00f3w \u2013 Jasionka<\/b><\/a><\/p>\r\n<p>&nbsp;<\/p>\r\n<p><a href=\"https:\/\/www.rzeszowairport.pl\/en\/passenger\/access-to-the-airport\/public-bus\">Descripci\u00f3n detallada como llegar al aeropuerto Rzesz\u00f3w \u2013 Jesionka.<\/a><\/p>\r\n<p><a href=\"http:\/\/ec.europa.eu\/transport\/passenger-rights\/pl\/index.html\">Derechos de los pasajeros\u00a0 &#8211; Comisi\u00f3n Europea<\/a><\/p>\r\n<p>&nbsp;<\/p>\r\n<p>&nbsp;<\/p>\r\n<p><b>En coche<\/b><\/p>\r\n<p><img loading=\"lazy\" decoding=\"async\" class=\"aligncenter size-full wp-image-188351\" src=\"http:\/\/www.it.tarnow.pl\/wp-content\/uploads\/2020\/04\/drogi.jpg\" alt=\"\" width=\"1500\" height=\"579\" \/><\/p>\r\n<p>Tarn\u00f3w est\u00e1 ubicado a 80 km al Este de Cracovia por la carretera internacional no 94 y por la autopista A4. Las personas que viajan desde el sud o del norte de la Polonia pueden llegar a Tarn\u00f3w siguiendo la carretera no\u00a0 73.<\/p>\r\n<p>Las distancias de Tarn\u00f3w<\/p>\r\n<p>El aeropurto \u00a8Cracovia-Balice\u00a8 &#8211; 90km<\/p>\r\n<p>Cracovia \u2013 80km<\/p>\r\n<p>Wieliczka \u2013 70km<\/p>\r\n<p>Varsovia \u2013 298km<\/p>\r\n<p>Zakopane \u2013 155km<\/p>\r\n<p>Breslavia \u2013 350km<\/p>\r\n<p>Czestochowa \u2013 200km<\/p>\r\n<p>&nbsp;<\/p>\r\n<p>Si viajas por Polonia inscr\u00edbete en el Sistema de Cobro Electr\u00f3nico de cuotas que funciona en ciertos partes de autopistas. Cada conductor que viaja por la red de los caminos en un coche o un veh\u00edculo del peso m\u00e1ximo 2,5 toneladas y el autob\u00fas (sin relacion con el peso total maximo) es comprometido a usar el sistema de pago <a href=\"http:\/\/www.viatoll.pl\/en\/home\">ViaTOLL<\/a> .<\/p>\r\n<p>Atenci\u00f3n: El sistema ViaTOLL tambi\u00e9n incluye las autocaravanas y las casas rodantes.<\/p>","protected":false},"excerpt":{"rendered":"Aeropuerto para los aviones ligeros \u2013 c\/ Lotnicza, Tarn\u00f3w &nbsp; &nbsp; Cracovia \u2013 Balice &nbsp; &nbsp; &nbsp; Descripci\u00f3n detallada como llegar al aeropuerto Cracovia &#8211; Balice &nbsp; Rzesz\u00f3w \u2013 Jasionka [&hellip;]","protected":false},"author":1,"featured_media":0,"parent":0,"menu_order":599,"comment_status":"closed","ping_status":"closed","template":"","meta":{"_acf_changed":false,"footnotes":""},"tags":[],"class_list":["post-10127","page","type-page","status-publish","hentry"],"acf":{"old_object_id":"20725","old_parent_id":"65","old_url":"Transporte","intro_text":"","show_children":"1","class":"folder","type":"single","in_menu":true,"show_date":false,"map":"","old_id":"","rooms_info":"","top_column":"","left_column":"","right_column":"","bottom_column":"","skip_import":false,"_menu_related_id":"96306"},"yoast_head":"<!-- This site is optimized with the Yoast SEO Premium plugin v25.4 (Yoast SEO v25.4) - https:\/\/yoast.com\/wordpress\/plugins\/seo\/ -->\n<title>Transporte - Tarnowskie Centrum Informacji<\/title>\n<meta name=\"robots\" content=\"index, follow, max-snippet:-1, max-image-preview:large, max-video-preview:-1\" \/>\n<link rel=\"canonical\" href=\"https:\/\/www.it.tarnow.pl\/es\/transporte\/\" \/>\n<meta property=\"og:locale\" content=\"es_ES\" \/>\n<meta property=\"og:type\" content=\"article\" \/>\n<meta property=\"og:title\" content=\"Transporte\" \/>\n<meta property=\"og:description\" content=\"Aeropuerto para los aviones ligeros \u2013 c\/ Lotnicza, Tarn\u00f3w &nbsp; &nbsp; Cracovia \u2013 Balice &nbsp; &nbsp; &nbsp; Descripci\u00f3n detallada como llegar al aeropuerto Cracovia &#8211; Balice &nbsp; Rzesz\u00f3w \u2013 Jasionka [&hellip;]\" \/>\n<meta property=\"og:url\" content=\"https:\/\/www.it.tarnow.pl\/es\/transporte\/\" \/>\n<meta property=\"og:site_name\" content=\"Tarnowskie Centrum Informacji\" \/>\n<meta property=\"article:modified_time\" content=\"2022-04-13T09:55:17+00:00\" \/>\n<meta property=\"og:image\" content=\"http:\/\/www.it.tarnow.pl\/wp-content\/uploads\/2019\/02\/dworzec-panorama-02_2_1m.jpg\" \/>\n<meta name=\"twitter:card\" content=\"summary_large_image\" \/>\n<meta name=\"twitter:label1\" content=\"Tiempo de lectura\" \/>\n\t<meta name=\"twitter:data1\" content=\"1 minuto\" \/>\n<script type=\"application\/ld+json\" class=\"yoast-schema-graph\">{\"@context\":\"https:\/\/schema.org\",\"@graph\":[{\"@type\":\"WebPage\",\"@id\":\"https:\/\/www.it.tarnow.pl\/es\/transporte\/\",\"url\":\"https:\/\/www.it.tarnow.pl\/es\/transporte\/\",\"name\":\"Transporte - Tarnowskie Centrum Informacji\",\"isPartOf\":{\"@id\":\"https:\/\/www.it.tarnow.pl\/#website\"},\"primaryImageOfPage\":{\"@id\":\"https:\/\/www.it.tarnow.pl\/es\/transporte\/#primaryimage\"},\"image\":{\"@id\":\"https:\/\/www.it.tarnow.pl\/es\/transporte\/#primaryimage\"},\"thumbnailUrl\":\"http:\/\/www.it.tarnow.pl\/wp-content\/uploads\/2019\/02\/dworzec-panorama-02_2_1m.jpg\",\"datePublished\":\"2015-10-29T11:36:35+00:00\",\"dateModified\":\"2022-04-13T09:55:17+00:00\",\"breadcrumb\":{\"@id\":\"https:\/\/www.it.tarnow.pl\/es\/transporte\/#breadcrumb\"},\"inLanguage\":\"es\",\"potentialAction\":[{\"@type\":\"ReadAction\",\"target\":[\"https:\/\/www.it.tarnow.pl\/es\/transporte\/\"]}]},{\"@type\":\"ImageObject\",\"inLanguage\":\"es\",\"@id\":\"https:\/\/www.it.tarnow.pl\/es\/transporte\/#primaryimage\",\"url\":\"http:\/\/www.it.tarnow.pl\/wp-content\/uploads\/2019\/02\/dworzec-panorama-02_2_1m.jpg\",\"contentUrl\":\"http:\/\/www.it.tarnow.pl\/wp-content\/uploads\/2019\/02\/dworzec-panorama-02_2_1m.jpg\"},{\"@type\":\"BreadcrumbList\",\"@id\":\"https:\/\/www.it.tarnow.pl\/es\/transporte\/#breadcrumb\",\"itemListElement\":[{\"@type\":\"ListItem\",\"position\":1,\"name\":\"P\u00e1gina de inicio\",\"item\":\"https:\/\/www.it.tarnow.pl\/es\/\"},{\"@type\":\"ListItem\",\"position\":2,\"name\":\"Transporte\"}]},{\"@type\":\"WebSite\",\"@id\":\"https:\/\/www.it.tarnow.pl\/#website\",\"url\":\"https:\/\/www.it.tarnow.pl\/\",\"name\":\"Tarnowskie Centrum Informacji\",\"description\":\"Informacja turystyczna o Tarnowie i regionie tarnowskim.\",\"potentialAction\":[{\"@type\":\"SearchAction\",\"target\":{\"@type\":\"EntryPoint\",\"urlTemplate\":\"https:\/\/www.it.tarnow.pl\/?s={search_term_string}\"},\"query-input\":{\"@type\":\"PropertyValueSpecification\",\"valueRequired\":true,\"valueName\":\"search_term_string\"}}],\"inLanguage\":\"es\"}]}<\/script>\n<!-- \/ Yoast SEO Premium plugin. -->","yoast_head_json":{"title":"Transporte - Tarnowskie Centrum Informacji","robots":{"index":"index","follow":"follow","max-snippet":"max-snippet:-1","max-image-preview":"max-image-preview:large","max-video-preview":"max-video-preview:-1"},"canonical":"https:\/\/www.it.tarnow.pl\/es\/transporte\/","og_locale":"es_ES","og_type":"article","og_title":"Transporte","og_description":"Aeropuerto para los aviones ligeros \u2013 c\/ Lotnicza, Tarn\u00f3w &nbsp; &nbsp; Cracovia \u2013 Balice &nbsp; &nbsp; &nbsp; Descripci\u00f3n detallada como llegar al aeropuerto Cracovia &#8211; Balice &nbsp; Rzesz\u00f3w \u2013 Jasionka [&hellip;]","og_url":"https:\/\/www.it.tarnow.pl\/es\/transporte\/","og_site_name":"Tarnowskie Centrum Informacji","article_modified_time":"2022-04-13T09:55:17+00:00","og_image":[{"url":"http:\/\/www.it.tarnow.pl\/wp-content\/uploads\/2019\/02\/dworzec-panorama-02_2_1m.jpg","type":"","width":"","height":""}],"twitter_card":"summary_large_image","twitter_misc":{"Tiempo de lectura":"1 minuto"},"schema":{"@context":"https:\/\/schema.org","@graph":[{"@type":"WebPage","@id":"https:\/\/www.it.tarnow.pl\/es\/transporte\/","url":"https:\/\/www.it.tarnow.pl\/es\/transporte\/","name":"Transporte - Tarnowskie Centrum Informacji","isPartOf":{"@id":"https:\/\/www.it.tarnow.pl\/#website"},"primaryImageOfPage":{"@id":"https:\/\/www.it.tarnow.pl\/es\/transporte\/#primaryimage"},"image":{"@id":"https:\/\/www.it.tarnow.pl\/es\/transporte\/#primaryimage"},"thumbnailUrl":"http:\/\/www.it.tarnow.pl\/wp-content\/uploads\/2019\/02\/dworzec-panorama-02_2_1m.jpg","datePublished":"2015-10-29T11:36:35+00:00","dateModified":"2022-04-13T09:55:17+00:00","breadcrumb":{"@id":"https:\/\/www.it.tarnow.pl\/es\/transporte\/#breadcrumb"},"inLanguage":"es","potentialAction":[{"@type":"ReadAction","target":["https:\/\/www.it.tarnow.pl\/es\/transporte\/"]}]},{"@type":"ImageObject","inLanguage":"es","@id":"https:\/\/www.it.tarnow.pl\/es\/transporte\/#primaryimage","url":"http:\/\/www.it.tarnow.pl\/wp-content\/uploads\/2019\/02\/dworzec-panorama-02_2_1m.jpg","contentUrl":"http:\/\/www.it.tarnow.pl\/wp-content\/uploads\/2019\/02\/dworzec-panorama-02_2_1m.jpg"},{"@type":"BreadcrumbList","@id":"https:\/\/www.it.tarnow.pl\/es\/transporte\/#breadcrumb","itemListElement":[{"@type":"ListItem","position":1,"name":"P\u00e1gina de inicio","item":"https:\/\/www.it.tarnow.pl\/es\/"},{"@type":"ListItem","position":2,"name":"Transporte"}]},{"@type":"WebSite","@id":"https:\/\/www.it.tarnow.pl\/#website","url":"https:\/\/www.it.tarnow.pl\/","name":"Tarnowskie Centrum Informacji","description":"Informacja turystyczna o Tarnowie i regionie tarnowskim.","potentialAction":[{"@type":"SearchAction","target":{"@type":"EntryPoint","urlTemplate":"https:\/\/www.it.tarnow.pl\/?s={search_term_string}"},"query-input":{"@type":"PropertyValueSpecification","valueRequired":true,"valueName":"search_term_string"}}],"inLanguage":"es"}]}},"_links":{"self":[{"href":"https:\/\/www.it.tarnow.pl\/es\/wp-json\/wp\/v2\/pages\/10127","targetHints":{"allow":["GET"]}}],"collection":[{"href":"https:\/\/www.it.tarnow.pl\/es\/wp-json\/wp\/v2\/pages"}],"about":[{"href":"https:\/\/www.it.tarnow.pl\/es\/wp-json\/wp\/v2\/types\/page"}],"author":[{"embeddable":true,"href":"https:\/\/www.it.tarnow.pl\/es\/wp-json\/wp\/v2\/users\/1"}],"replies":[{"embeddable":true,"href":"https:\/\/www.it.tarnow.pl\/es\/wp-json\/wp\/v2\/comments?post=10127"}],"version-history":[{"count":0,"href":"https:\/\/www.it.tarnow.pl\/es\/wp-json\/wp\/v2\/pages\/10127\/revisions"}],"wp:attachment":[{"href":"https:\/\/www.it.tarnow.pl\/es\/wp-json\/wp\/v2\/media?parent=10127"}],"wp:term":[{"taxonomy":"post_tag","embeddable":true,"href":"https:\/\/www.it.tarnow.pl\/es\/wp-json\/wp\/v2\/tags?post=10127"}],"curies":[{"name":"wp","href":"https:\/\/api.w.org\/{rel}","templated":true}]}}