{"id":10126,"date":"2015-10-29T12:43:28","date_gmt":"2015-10-29T11:43:28","guid":{"rendered":"http:\/\/www.it.tarnow.pl\/folletos-pdf\/"},"modified":"2025-11-24T14:29:08","modified_gmt":"2025-11-24T13:29:08","slug":"folletos-pdf","status":"publish","type":"page","link":"https:\/\/www.it.tarnow.pl\/es\/atracciones\/folletos-pdf\/","title":{"rendered":"Folletos (.pdf)"},"content":{"rendered":"<div class=\"class-file\"><a href=\"http:\/\/www.it.tarnow.pl\/wp-content\/uploads\/2019\/02\/Tarnow-y-su-region.pdf\">Tarn\u00f3w y su regi\u00f3n<\/a><\/div>\r\n<p>Mapa de la ciudad vieja<\/p>\r\n<div class=\"class-file\"><a href=\"https:\/\/www.it.tarnow.pl\/wp-content\/uploads\/2025\/11\/mapa-stare-miasto-2025-05-www1.pdf\">Mapa tarnowskiej star\u00f3wki<\/a><\/div>\r\n<p>Mapa de la ciudad (centro)<\/p>\r\n<div class=\"class-file\"><a href=\"https:\/\/www.it.tarnow.pl\/wp-content\/uploads\/2025\/11\/mapa-stare-miasto-2025-03-REWERS-www1.pdf\">Mapa centrum Tarnowa<\/a><\/div>","protected":false},"excerpt":{"rendered":"Tarn\u00f3w y su regi\u00f3n Mapa de la ciudad vieja Mapa tarnowskiej star\u00f3wki Mapa de la ciudad (centro) Mapa centrum Tarnowa","protected":false},"author":1,"featured_media":0,"parent":10108,"menu_order":508,"comment_status":"closed","ping_status":"closed","template":"","meta":{"_acf_changed":false,"footnotes":""},"tags":[],"class_list":["post-10126","page","type-page","status-publish","hentry"],"acf":{"intro_text":"","in_menu":true,"show_date":false,"map":""},"yoast_head":"<!-- This site is optimized with the Yoast SEO Premium plugin v25.4 (Yoast SEO v25.4) - https:\/\/yoast.com\/wordpress\/plugins\/seo\/ -->\n<title>Folletos (.pdf) - Tarnowskie Centrum Informacji<\/title>\n<meta name=\"robots\" content=\"index, follow, max-snippet:-1, max-image-preview:large, max-video-preview:-1\" \/>\n<link rel=\"canonical\" href=\"https:\/\/www.it.tarnow.pl\/es\/atracciones\/folletos-pdf\/\" \/>\n<meta property=\"og:locale\" content=\"es_ES\" \/>\n<meta property=\"og:type\" content=\"article\" \/>\n<meta property=\"og:title\" content=\"Folletos (.pdf)\" \/>\n<meta property=\"og:description\" content=\"Tarn\u00f3w y su regi\u00f3n Mapa de la ciudad vieja Mapa tarnowskiej star\u00f3wki Mapa de la ciudad (centro) Mapa centrum Tarnowa\" \/>\n<meta property=\"og:url\" content=\"https:\/\/www.it.tarnow.pl\/es\/atracciones\/folletos-pdf\/\" \/>\n<meta property=\"og:site_name\" content=\"Tarnowskie Centrum Informacji\" \/>\n<meta property=\"article:modified_time\" content=\"2025-11-24T13:29:08+00:00\" \/>\n<meta name=\"twitter:card\" content=\"summary_large_image\" \/>\n<meta name=\"twitter:label1\" content=\"Tiempo de lectura\" \/>\n\t<meta name=\"twitter:data1\" content=\"1 minuto\" \/>\n<script type=\"application\/ld+json\" class=\"yoast-schema-graph\">{\"@context\":\"https:\/\/schema.org\",\"@graph\":[{\"@type\":\"WebPage\",\"@id\":\"https:\/\/www.it.tarnow.pl\/es\/atracciones\/folletos-pdf\/\",\"url\":\"https:\/\/www.it.tarnow.pl\/es\/atracciones\/folletos-pdf\/\",\"name\":\"Folletos (.pdf) - Tarnowskie Centrum Informacji\",\"isPartOf\":{\"@id\":\"https:\/\/www.it.tarnow.pl\/#website\"},\"datePublished\":\"2015-10-29T11:43:28+00:00\",\"dateModified\":\"2025-11-24T13:29:08+00:00\",\"breadcrumb\":{\"@id\":\"https:\/\/www.it.tarnow.pl\/es\/atracciones\/folletos-pdf\/#breadcrumb\"},\"inLanguage\":\"es\",\"potentialAction\":[{\"@type\":\"ReadAction\",\"target\":[\"https:\/\/www.it.tarnow.pl\/es\/atracciones\/folletos-pdf\/\"]}]},{\"@type\":\"BreadcrumbList\",\"@id\":\"https:\/\/www.it.tarnow.pl\/es\/atracciones\/folletos-pdf\/#breadcrumb\",\"itemListElement\":[{\"@type\":\"ListItem\",\"position\":1,\"name\":\"P\u00e1gina de inicio\",\"item\":\"https:\/\/www.it.tarnow.pl\/es\/\"},{\"@type\":\"ListItem\",\"position\":2,\"name\":\"Atracciones\",\"item\":\"https:\/\/www.it.tarnow.pl\/es\/atracciones\/\"},{\"@type\":\"ListItem\",\"position\":3,\"name\":\"Folletos (.pdf)\"}]},{\"@type\":\"WebSite\",\"@id\":\"https:\/\/www.it.tarnow.pl\/#website\",\"url\":\"https:\/\/www.it.tarnow.pl\/\",\"name\":\"Tarnowskie Centrum Informacji\",\"description\":\"Informacja turystyczna o Tarnowie i regionie tarnowskim.\",\"potentialAction\":[{\"@type\":\"SearchAction\",\"target\":{\"@type\":\"EntryPoint\",\"urlTemplate\":\"https:\/\/www.it.tarnow.pl\/?s={search_term_string}\"},\"query-input\":{\"@type\":\"PropertyValueSpecification\",\"valueRequired\":true,\"valueName\":\"search_term_string\"}}],\"inLanguage\":\"es\"}]}<\/script>\n<!-- \/ Yoast SEO Premium plugin. -->","yoast_head_json":{"title":"Folletos (.pdf) - Tarnowskie Centrum Informacji","robots":{"index":"index","follow":"follow","max-snippet":"max-snippet:-1","max-image-preview":"max-image-preview:large","max-video-preview":"max-video-preview:-1"},"canonical":"https:\/\/www.it.tarnow.pl\/es\/atracciones\/folletos-pdf\/","og_locale":"es_ES","og_type":"article","og_title":"Folletos (.pdf)","og_description":"Tarn\u00f3w y su regi\u00f3n Mapa de la ciudad vieja Mapa tarnowskiej star\u00f3wki Mapa de la ciudad (centro) Mapa centrum Tarnowa","og_url":"https:\/\/www.it.tarnow.pl\/es\/atracciones\/folletos-pdf\/","og_site_name":"Tarnowskie Centrum Informacji","article_modified_time":"2025-11-24T13:29:08+00:00","twitter_card":"summary_large_image","twitter_misc":{"Tiempo de lectura":"1 minuto"},"schema":{"@context":"https:\/\/schema.org","@graph":[{"@type":"WebPage","@id":"https:\/\/www.it.tarnow.pl\/es\/atracciones\/folletos-pdf\/","url":"https:\/\/www.it.tarnow.pl\/es\/atracciones\/folletos-pdf\/","name":"Folletos (.pdf) - Tarnowskie Centrum Informacji","isPartOf":{"@id":"https:\/\/www.it.tarnow.pl\/#website"},"datePublished":"2015-10-29T11:43:28+00:00","dateModified":"2025-11-24T13:29:08+00:00","breadcrumb":{"@id":"https:\/\/www.it.tarnow.pl\/es\/atracciones\/folletos-pdf\/#breadcrumb"},"inLanguage":"es","potentialAction":[{"@type":"ReadAction","target":["https:\/\/www.it.tarnow.pl\/es\/atracciones\/folletos-pdf\/"]}]},{"@type":"BreadcrumbList","@id":"https:\/\/www.it.tarnow.pl\/es\/atracciones\/folletos-pdf\/#breadcrumb","itemListElement":[{"@type":"ListItem","position":1,"name":"P\u00e1gina de inicio","item":"https:\/\/www.it.tarnow.pl\/es\/"},{"@type":"ListItem","position":2,"name":"Atracciones","item":"https:\/\/www.it.tarnow.pl\/es\/atracciones\/"},{"@type":"ListItem","position":3,"name":"Folletos (.pdf)"}]},{"@type":"WebSite","@id":"https:\/\/www.it.tarnow.pl\/#website","url":"https:\/\/www.it.tarnow.pl\/","name":"Tarnowskie Centrum Informacji","description":"Informacja turystyczna o Tarnowie i regionie tarnowskim.","potentialAction":[{"@type":"SearchAction","target":{"@type":"EntryPoint","urlTemplate":"https:\/\/www.it.tarnow.pl\/?s={search_term_string}"},"query-input":{"@type":"PropertyValueSpecification","valueRequired":true,"valueName":"search_term_string"}}],"inLanguage":"es"}]}},"_links":{"self":[{"href":"https:\/\/www.it.tarnow.pl\/es\/wp-json\/wp\/v2\/pages\/10126","targetHints":{"allow":["GET"]}}],"collection":[{"href":"https:\/\/www.it.tarnow.pl\/es\/wp-json\/wp\/v2\/pages"}],"about":[{"href":"https:\/\/www.it.tarnow.pl\/es\/wp-json\/wp\/v2\/types\/page"}],"author":[{"embeddable":true,"href":"https:\/\/www.it.tarnow.pl\/es\/wp-json\/wp\/v2\/users\/1"}],"replies":[{"embeddable":true,"href":"https:\/\/www.it.tarnow.pl\/es\/wp-json\/wp\/v2\/comments?post=10126"}],"version-history":[{"count":2,"href":"https:\/\/www.it.tarnow.pl\/es\/wp-json\/wp\/v2\/pages\/10126\/revisions"}],"predecessor-version":[{"id":336471,"href":"https:\/\/www.it.tarnow.pl\/es\/wp-json\/wp\/v2\/pages\/10126\/revisions\/336471"}],"up":[{"embeddable":true,"href":"https:\/\/www.it.tarnow.pl\/es\/wp-json\/wp\/v2\/pages\/10108"}],"wp:attachment":[{"href":"https:\/\/www.it.tarnow.pl\/es\/wp-json\/wp\/v2\/media?parent=10126"}],"wp:term":[{"taxonomy":"post_tag","embeddable":true,"href":"https:\/\/www.it.tarnow.pl\/es\/wp-json\/wp\/v2\/tags?post=10126"}],"curies":[{"name":"wp","href":"https:\/\/api.w.org\/{rel}","templated":true}]}}