{"id":10125,"date":"2015-11-05T15:07:31","date_gmt":"2015-11-05T14:07:31","guid":{"rendered":"http:\/\/www.it.tarnow.pl\/los-recuerdos\/"},"modified":"2019-04-03T15:21:14","modified_gmt":"2019-04-03T13:21:14","slug":"los-recuerdos","status":"publish","type":"page","link":"https:\/\/www.it.tarnow.pl\/es\/atracciones\/los-recuerdos\/","title":{"rendered":"Los recuerdos"},"content":{"rendered":"<img loading=\"lazy\" decoding=\"async\" width=\"267\" height=\"400\" class=\"size-medium alignright wp-image-26274\" src=\"http:\/\/www.it.tarnow.pl\/wp-content\/uploads\/2019\/02\/korale-cieplo-tarnow-267x400.jpg\" alt=\"\" srcset=\"https:\/\/www.it.tarnow.pl\/wp-content\/uploads\/2019\/02\/korale-cieplo-tarnow-267x400.jpg 267w, https:\/\/www.it.tarnow.pl\/wp-content\/uploads\/2019\/02\/korale-cieplo-tarnow-200x300.jpg 200w, https:\/\/www.it.tarnow.pl\/wp-content\/uploads\/2019\/02\/korale-cieplo-tarnow.jpg 300w\" sizes=\"auto, (max-width: 267px) 100vw, 267px\" \/><p>Seg\u00fan dec\u00eda el gran cronista polaco Jan D\u0142ugosz el nombre de la ciudad viene de los arbustos de endiro que crec\u00edan en las laderas de la monta\u00f1a de San Mart\u00edn. El fundador de la ciudad Spycymir construy\u00f3 su castillo entre los arbustos de endiro que est\u00e1n creciendo all\u00ed hasta hoy d\u00eda y desde hace unos a\u00f1os tambi\u00e9n en una de las plazas del centro. En los s\u00f3tanos de su castillo reposaban botellas de vino u otras bebidas hechas de esta planta.<\/p>\n<p>Hoy se puede comprar en las tiendas el licor o el t\u00e9 de tarnina que se llama Tarnin\u00f3wka y es un buen recuerdo.<br>Otro tipo de recuerdo de Tarn\u00f3w de gran valor art\u00edstico es el huevo calado hecho a mano por una artista local Dorota Pacanowska.<br>El huevo presenta escudo de la ciudad (www.tojajo.pl). La artista barrena un hueco con el taladro dent\u00edstico en un huevo de gallina, avestruz o pato haciendo ornamento de flores o mariposas o geom\u00e9trico.<\/p>\n<p>Tanto los huevos como Tarnin\u00f3wka recibieron premios en el concurso de recuerdos locales. Adem\u00e1s los huevos ocuparon segundo puesto en el concurso de recuerdos de Pascuas en 2014.<\/p>\n<p>Tarn\u00f3w es el lugar m\u00e1s caluroso de Polonia pues vale la pena comprarse un calentador que emite el calor de 50-60 grados durante 20 minutos, que hace de \u00e9l un regalo ideal para deportistas, turistas, viajeros, cazadores, pescadores y motociclistas.<\/p>\n<p>Tambi\u00e9n merecen atenci\u00f3n los productos de las f\u00e1bricas de cristales y los corales de tarnina o el delicioso pan.<\/p>","protected":false},"excerpt":{"rendered":"Seg\u00fan dec\u00eda el gran cronista polaco Jan D\u0142ugosz el nombre de la ciudad viene de los arbustos de endiro que crec\u00edan en las laderas de la monta\u00f1a de San Mart\u00edn. [&hellip;]","protected":false},"author":1,"featured_media":0,"parent":10108,"menu_order":497,"comment_status":"closed","ping_status":"closed","template":"","meta":{"_acf_changed":false,"footnotes":""},"tags":[],"class_list":["post-10125","page","type-page","status-publish","hentry"],"acf":{"in_menu":null,"show_date":null,"intro_text":"","map":null},"yoast_head":"<!-- This site is optimized with the Yoast SEO Premium plugin v25.4 (Yoast SEO v25.4) - https:\/\/yoast.com\/wordpress\/plugins\/seo\/ -->\n<title>Los recuerdos - Tarnowskie Centrum Informacji<\/title>\n<meta name=\"robots\" content=\"index, follow, max-snippet:-1, max-image-preview:large, max-video-preview:-1\" \/>\n<link rel=\"canonical\" href=\"https:\/\/www.it.tarnow.pl\/es\/atracciones\/los-recuerdos\/\" \/>\n<meta property=\"og:locale\" content=\"es_ES\" \/>\n<meta property=\"og:type\" content=\"article\" \/>\n<meta property=\"og:title\" content=\"Los recuerdos\" \/>\n<meta property=\"og:description\" content=\"Seg\u00fan dec\u00eda el gran cronista polaco Jan D\u0142ugosz el nombre de la ciudad viene de los arbustos de endiro que crec\u00edan en las laderas de la monta\u00f1a de San Mart\u00edn. [&hellip;]\" \/>\n<meta property=\"og:url\" content=\"https:\/\/www.it.tarnow.pl\/es\/atracciones\/los-recuerdos\/\" \/>\n<meta property=\"og:site_name\" content=\"Tarnowskie Centrum Informacji\" \/>\n<meta property=\"article:modified_time\" content=\"2019-04-03T13:21:14+00:00\" \/>\n<meta property=\"og:image\" content=\"http:\/\/www.it.tarnow.pl\/wp-content\/uploads\/2019\/02\/korale-cieplo-tarnow-267x400.jpg\" \/>\n<meta name=\"twitter:card\" content=\"summary_large_image\" \/>\n<meta name=\"twitter:label1\" content=\"Tiempo de lectura\" \/>\n\t<meta name=\"twitter:data1\" content=\"1 minuto\" \/>\n<script type=\"application\/ld+json\" class=\"yoast-schema-graph\">{\"@context\":\"https:\/\/schema.org\",\"@graph\":[{\"@type\":\"WebPage\",\"@id\":\"https:\/\/www.it.tarnow.pl\/es\/atracciones\/los-recuerdos\/\",\"url\":\"https:\/\/www.it.tarnow.pl\/es\/atracciones\/los-recuerdos\/\",\"name\":\"Los recuerdos - Tarnowskie Centrum Informacji\",\"isPartOf\":{\"@id\":\"https:\/\/www.it.tarnow.pl\/#website\"},\"primaryImageOfPage\":{\"@id\":\"https:\/\/www.it.tarnow.pl\/es\/atracciones\/los-recuerdos\/#primaryimage\"},\"image\":{\"@id\":\"https:\/\/www.it.tarnow.pl\/es\/atracciones\/los-recuerdos\/#primaryimage\"},\"thumbnailUrl\":\"http:\/\/www.it.tarnow.pl\/wp-content\/uploads\/2019\/02\/korale-cieplo-tarnow-267x400.jpg\",\"datePublished\":\"2015-11-05T14:07:31+00:00\",\"dateModified\":\"2019-04-03T13:21:14+00:00\",\"breadcrumb\":{\"@id\":\"https:\/\/www.it.tarnow.pl\/es\/atracciones\/los-recuerdos\/#breadcrumb\"},\"inLanguage\":\"es\",\"potentialAction\":[{\"@type\":\"ReadAction\",\"target\":[\"https:\/\/www.it.tarnow.pl\/es\/atracciones\/los-recuerdos\/\"]}]},{\"@type\":\"ImageObject\",\"inLanguage\":\"es\",\"@id\":\"https:\/\/www.it.tarnow.pl\/es\/atracciones\/los-recuerdos\/#primaryimage\",\"url\":\"http:\/\/www.it.tarnow.pl\/wp-content\/uploads\/2019\/02\/korale-cieplo-tarnow-267x400.jpg\",\"contentUrl\":\"http:\/\/www.it.tarnow.pl\/wp-content\/uploads\/2019\/02\/korale-cieplo-tarnow-267x400.jpg\"},{\"@type\":\"BreadcrumbList\",\"@id\":\"https:\/\/www.it.tarnow.pl\/es\/atracciones\/los-recuerdos\/#breadcrumb\",\"itemListElement\":[{\"@type\":\"ListItem\",\"position\":1,\"name\":\"P\u00e1gina de inicio\",\"item\":\"https:\/\/www.it.tarnow.pl\/es\/\"},{\"@type\":\"ListItem\",\"position\":2,\"name\":\"Atracciones\",\"item\":\"https:\/\/www.it.tarnow.pl\/es\/atracciones\/\"},{\"@type\":\"ListItem\",\"position\":3,\"name\":\"Los recuerdos\"}]},{\"@type\":\"WebSite\",\"@id\":\"https:\/\/www.it.tarnow.pl\/#website\",\"url\":\"https:\/\/www.it.tarnow.pl\/\",\"name\":\"Tarnowskie Centrum Informacji\",\"description\":\"Informacja turystyczna o Tarnowie i regionie tarnowskim.\",\"potentialAction\":[{\"@type\":\"SearchAction\",\"target\":{\"@type\":\"EntryPoint\",\"urlTemplate\":\"https:\/\/www.it.tarnow.pl\/?s={search_term_string}\"},\"query-input\":{\"@type\":\"PropertyValueSpecification\",\"valueRequired\":true,\"valueName\":\"search_term_string\"}}],\"inLanguage\":\"es\"}]}<\/script>\n<!-- \/ Yoast SEO Premium plugin. -->","yoast_head_json":{"title":"Los recuerdos - Tarnowskie Centrum Informacji","robots":{"index":"index","follow":"follow","max-snippet":"max-snippet:-1","max-image-preview":"max-image-preview:large","max-video-preview":"max-video-preview:-1"},"canonical":"https:\/\/www.it.tarnow.pl\/es\/atracciones\/los-recuerdos\/","og_locale":"es_ES","og_type":"article","og_title":"Los recuerdos","og_description":"Seg\u00fan dec\u00eda el gran cronista polaco Jan D\u0142ugosz el nombre de la ciudad viene de los arbustos de endiro que crec\u00edan en las laderas de la monta\u00f1a de San Mart\u00edn. [&hellip;]","og_url":"https:\/\/www.it.tarnow.pl\/es\/atracciones\/los-recuerdos\/","og_site_name":"Tarnowskie Centrum Informacji","article_modified_time":"2019-04-03T13:21:14+00:00","og_image":[{"url":"http:\/\/www.it.tarnow.pl\/wp-content\/uploads\/2019\/02\/korale-cieplo-tarnow-267x400.jpg","type":"","width":"","height":""}],"twitter_card":"summary_large_image","twitter_misc":{"Tiempo de lectura":"1 minuto"},"schema":{"@context":"https:\/\/schema.org","@graph":[{"@type":"WebPage","@id":"https:\/\/www.it.tarnow.pl\/es\/atracciones\/los-recuerdos\/","url":"https:\/\/www.it.tarnow.pl\/es\/atracciones\/los-recuerdos\/","name":"Los recuerdos - Tarnowskie Centrum Informacji","isPartOf":{"@id":"https:\/\/www.it.tarnow.pl\/#website"},"primaryImageOfPage":{"@id":"https:\/\/www.it.tarnow.pl\/es\/atracciones\/los-recuerdos\/#primaryimage"},"image":{"@id":"https:\/\/www.it.tarnow.pl\/es\/atracciones\/los-recuerdos\/#primaryimage"},"thumbnailUrl":"http:\/\/www.it.tarnow.pl\/wp-content\/uploads\/2019\/02\/korale-cieplo-tarnow-267x400.jpg","datePublished":"2015-11-05T14:07:31+00:00","dateModified":"2019-04-03T13:21:14+00:00","breadcrumb":{"@id":"https:\/\/www.it.tarnow.pl\/es\/atracciones\/los-recuerdos\/#breadcrumb"},"inLanguage":"es","potentialAction":[{"@type":"ReadAction","target":["https:\/\/www.it.tarnow.pl\/es\/atracciones\/los-recuerdos\/"]}]},{"@type":"ImageObject","inLanguage":"es","@id":"https:\/\/www.it.tarnow.pl\/es\/atracciones\/los-recuerdos\/#primaryimage","url":"http:\/\/www.it.tarnow.pl\/wp-content\/uploads\/2019\/02\/korale-cieplo-tarnow-267x400.jpg","contentUrl":"http:\/\/www.it.tarnow.pl\/wp-content\/uploads\/2019\/02\/korale-cieplo-tarnow-267x400.jpg"},{"@type":"BreadcrumbList","@id":"https:\/\/www.it.tarnow.pl\/es\/atracciones\/los-recuerdos\/#breadcrumb","itemListElement":[{"@type":"ListItem","position":1,"name":"P\u00e1gina de inicio","item":"https:\/\/www.it.tarnow.pl\/es\/"},{"@type":"ListItem","position":2,"name":"Atracciones","item":"https:\/\/www.it.tarnow.pl\/es\/atracciones\/"},{"@type":"ListItem","position":3,"name":"Los recuerdos"}]},{"@type":"WebSite","@id":"https:\/\/www.it.tarnow.pl\/#website","url":"https:\/\/www.it.tarnow.pl\/","name":"Tarnowskie Centrum Informacji","description":"Informacja turystyczna o Tarnowie i regionie tarnowskim.","potentialAction":[{"@type":"SearchAction","target":{"@type":"EntryPoint","urlTemplate":"https:\/\/www.it.tarnow.pl\/?s={search_term_string}"},"query-input":{"@type":"PropertyValueSpecification","valueRequired":true,"valueName":"search_term_string"}}],"inLanguage":"es"}]}},"_links":{"self":[{"href":"https:\/\/www.it.tarnow.pl\/es\/wp-json\/wp\/v2\/pages\/10125","targetHints":{"allow":["GET"]}}],"collection":[{"href":"https:\/\/www.it.tarnow.pl\/es\/wp-json\/wp\/v2\/pages"}],"about":[{"href":"https:\/\/www.it.tarnow.pl\/es\/wp-json\/wp\/v2\/types\/page"}],"author":[{"embeddable":true,"href":"https:\/\/www.it.tarnow.pl\/es\/wp-json\/wp\/v2\/users\/1"}],"replies":[{"embeddable":true,"href":"https:\/\/www.it.tarnow.pl\/es\/wp-json\/wp\/v2\/comments?post=10125"}],"version-history":[{"count":0,"href":"https:\/\/www.it.tarnow.pl\/es\/wp-json\/wp\/v2\/pages\/10125\/revisions"}],"up":[{"embeddable":true,"href":"https:\/\/www.it.tarnow.pl\/es\/wp-json\/wp\/v2\/pages\/10108"}],"wp:attachment":[{"href":"https:\/\/www.it.tarnow.pl\/es\/wp-json\/wp\/v2\/media?parent=10125"}],"wp:term":[{"taxonomy":"post_tag","embeddable":true,"href":"https:\/\/www.it.tarnow.pl\/es\/wp-json\/wp\/v2\/tags?post=10125"}],"curies":[{"name":"wp","href":"https:\/\/api.w.org\/{rel}","templated":true}]}}