{"id":10124,"date":"2015-11-03T09:10:50","date_gmt":"2015-11-03T08:10:50","guid":{"rendered":"http:\/\/www.it.tarnow.pl\/turismo-activo\/"},"modified":"2019-04-03T15:21:14","modified_gmt":"2019-04-03T13:21:14","slug":"turismo-activo","status":"publish","type":"page","link":"https:\/\/www.it.tarnow.pl\/es\/atracciones\/turismo-activo\/","title":{"rendered":"Turismo activo"},"content":{"rendered":"<img loading=\"lazy\" decoding=\"async\" width=\"400\" height=\"267\" class=\"size-medium alignright wp-image-25356\" src=\"http:\/\/www.it.tarnow.pl\/wp-content\/uploads\/2019\/02\/rowery-3-400x267.jpg\" alt=\"\" srcset=\"https:\/\/www.it.tarnow.pl\/wp-content\/uploads\/2019\/02\/rowery-3-400x267.jpg 400w, https:\/\/www.it.tarnow.pl\/wp-content\/uploads\/2019\/02\/rowery-3-300x200.jpg 300w, https:\/\/www.it.tarnow.pl\/wp-content\/uploads\/2019\/02\/rowery-3.jpg 625w\" sizes=\"auto, (max-width: 400px) 100vw, 400px\" \/><p>La regi\u00f3n de Tarn\u00f3w es un sitio ideal para los que prefieren pasar el tiempo de forma activa. El relieve del terreno facilita practicar todo tipo de deportes. En todas partes el terreno atraviesan los senderos y las pistas ciclistas o de equitaci\u00f3n. Los viajeros cansados pueden descansar en una de las chozas de pastores en monta\u00f1as Brzanka o Jamna. Hay tambi\u00e9n lagos Ro\u017cnowskie y Czchowskie de los que se puede disfrutar si hace buen tiempo. En la regi\u00f3n hay 25 pistas ciclistas de longitud 630 km. Entre ellos hay v\u00edas en monta\u00f1as (16 de los que 5 empiezan en Tarn\u00f3w) o en llanuras (9 de los que 5 empiezan en Tarn\u00f3w). En la ciudad de Tarn\u00f3w hay 50 km de pistas ciclistas.<\/p> <img loading=\"lazy\" decoding=\"async\" width=\"260\" height=\"400\" class=\"size-medium alignright wp-image-25366\" src=\"http:\/\/www.it.tarnow.pl\/wp-content\/uploads\/2019\/02\/konie-1-260x400.jpg\" alt=\"\" srcset=\"https:\/\/www.it.tarnow.pl\/wp-content\/uploads\/2019\/02\/konie-1-260x400.jpg 260w, https:\/\/www.it.tarnow.pl\/wp-content\/uploads\/2019\/02\/konie-1-195x300.jpg 195w, https:\/\/www.it.tarnow.pl\/wp-content\/uploads\/2019\/02\/konie-1.jpg 357w\" sizes=\"auto, (max-width: 260px) 100vw, 260px\" \/><p>Seg\u00fan una de las revistas polacas Tarn\u00f3w es una ciudad polaca m\u00e1s adecuada para la salud del hombre. La opini\u00f3n est\u00e1 basada en la oferta deportiva y del ocio.<\/p>\n<p>Tarn\u00f3w tiene una oferta variada para todos a quienes les gusta pasar el tiempo de forma activa. Los ni\u00f1os pueden visitar centros de juegos \u201cPromienny Zamek\u201d y \u201cSimba\u201d. Otros pueden disfrutar de la pista de gokarts, quads o la pared de escalada m\u00e1s alta del pa\u00eds. Adem\u00e1s hay parques de paintball o de skateboard. Los que prefieren nadar ir\u00e1n a piscinas o en invierno al patinadero que ofrece alquiler de patines.<\/p>\n<p>La ciudad ofrece tambi\u00e9n el aeropuerto deportivo y pista de speedway donde en los a\u00f1os 2004, 2005 y 20012 el equipo de Tarn\u00f3w Jask\u00f3\u0142ki Unia Tarn\u00f3w gan\u00f3 el t\u00edtulo de campe\u00f3n por equipos. El estadio tiene iluminaci\u00f3n artificial que facilita organizar por la tarde eventos no s\u00f3lo deportivos.<\/p>\n<p>\u00a0<\/p>","protected":false},"excerpt":{"rendered":"La regi\u00f3n de Tarn\u00f3w es un sitio ideal para los que prefieren pasar el tiempo de forma activa. El relieve del terreno facilita practicar todo tipo de deportes. En todas [&hellip;]","protected":false},"author":1,"featured_media":0,"parent":10108,"menu_order":484,"comment_status":"closed","ping_status":"closed","template":"","meta":{"_acf_changed":false,"footnotes":""},"tags":[],"class_list":["post-10124","page","type-page","status-publish","hentry"],"acf":{"in_menu":null,"show_date":null,"intro_text":"<img class=\"size-medium alignleft wp-image-25356\" src=\"http:\/\/www.it.tarnow.pl\/wp-content\/uploads\/2019\/02\/rowery-3-400x267.jpg\" alt=\"\"><p>La regi\u00f3n de Tarn\u00f3w es un sitio ideal para los que prefieren pasar el tiempo de forma activa. El relieve del terreno facilita practicar todo tipo de deportes. En todas partes el terreno atraviesan los senderos y las pistas ciclistas o de equitaci\u00f3n. Los viajeros cansados pueden descansar en una de las chozas de pastores en monta\u00f1as Brzanka o Jamna.<\/p>","map":null},"yoast_head":"<!-- This site is optimized with the Yoast SEO Premium plugin v25.4 (Yoast SEO v25.4) - https:\/\/yoast.com\/wordpress\/plugins\/seo\/ -->\n<title>Turismo activo - Tarnowskie Centrum Informacji<\/title>\n<meta name=\"robots\" content=\"index, follow, max-snippet:-1, max-image-preview:large, max-video-preview:-1\" \/>\n<link rel=\"canonical\" href=\"https:\/\/www.it.tarnow.pl\/es\/atracciones\/turismo-activo\/\" \/>\n<meta property=\"og:locale\" content=\"es_ES\" \/>\n<meta property=\"og:type\" content=\"article\" \/>\n<meta property=\"og:title\" content=\"Turismo activo\" \/>\n<meta property=\"og:description\" content=\"La regi\u00f3n de Tarn\u00f3w es un sitio ideal para los que prefieren pasar el tiempo de forma activa. El relieve del terreno facilita practicar todo tipo de deportes. En todas [&hellip;]\" \/>\n<meta property=\"og:url\" content=\"https:\/\/www.it.tarnow.pl\/es\/atracciones\/turismo-activo\/\" \/>\n<meta property=\"og:site_name\" content=\"Tarnowskie Centrum Informacji\" \/>\n<meta property=\"article:modified_time\" content=\"2019-04-03T13:21:14+00:00\" \/>\n<meta property=\"og:image\" content=\"http:\/\/www.it.tarnow.pl\/wp-content\/uploads\/2019\/02\/rowery-3-400x267.jpg\" \/>\n<meta name=\"twitter:card\" content=\"summary_large_image\" \/>\n<meta name=\"twitter:label1\" content=\"Tiempo de lectura\" \/>\n\t<meta name=\"twitter:data1\" content=\"1 minuto\" \/>\n<script type=\"application\/ld+json\" class=\"yoast-schema-graph\">{\"@context\":\"https:\/\/schema.org\",\"@graph\":[{\"@type\":\"WebPage\",\"@id\":\"https:\/\/www.it.tarnow.pl\/es\/atracciones\/turismo-activo\/\",\"url\":\"https:\/\/www.it.tarnow.pl\/es\/atracciones\/turismo-activo\/\",\"name\":\"Turismo activo - Tarnowskie Centrum Informacji\",\"isPartOf\":{\"@id\":\"https:\/\/www.it.tarnow.pl\/#website\"},\"primaryImageOfPage\":{\"@id\":\"https:\/\/www.it.tarnow.pl\/es\/atracciones\/turismo-activo\/#primaryimage\"},\"image\":{\"@id\":\"https:\/\/www.it.tarnow.pl\/es\/atracciones\/turismo-activo\/#primaryimage\"},\"thumbnailUrl\":\"http:\/\/www.it.tarnow.pl\/wp-content\/uploads\/2019\/02\/rowery-3-400x267.jpg\",\"datePublished\":\"2015-11-03T08:10:50+00:00\",\"dateModified\":\"2019-04-03T13:21:14+00:00\",\"breadcrumb\":{\"@id\":\"https:\/\/www.it.tarnow.pl\/es\/atracciones\/turismo-activo\/#breadcrumb\"},\"inLanguage\":\"es\",\"potentialAction\":[{\"@type\":\"ReadAction\",\"target\":[\"https:\/\/www.it.tarnow.pl\/es\/atracciones\/turismo-activo\/\"]}]},{\"@type\":\"ImageObject\",\"inLanguage\":\"es\",\"@id\":\"https:\/\/www.it.tarnow.pl\/es\/atracciones\/turismo-activo\/#primaryimage\",\"url\":\"http:\/\/www.it.tarnow.pl\/wp-content\/uploads\/2019\/02\/rowery-3-400x267.jpg\",\"contentUrl\":\"http:\/\/www.it.tarnow.pl\/wp-content\/uploads\/2019\/02\/rowery-3-400x267.jpg\"},{\"@type\":\"BreadcrumbList\",\"@id\":\"https:\/\/www.it.tarnow.pl\/es\/atracciones\/turismo-activo\/#breadcrumb\",\"itemListElement\":[{\"@type\":\"ListItem\",\"position\":1,\"name\":\"P\u00e1gina de inicio\",\"item\":\"https:\/\/www.it.tarnow.pl\/es\/\"},{\"@type\":\"ListItem\",\"position\":2,\"name\":\"Atracciones\",\"item\":\"https:\/\/www.it.tarnow.pl\/es\/atracciones\/\"},{\"@type\":\"ListItem\",\"position\":3,\"name\":\"Turismo activo\"}]},{\"@type\":\"WebSite\",\"@id\":\"https:\/\/www.it.tarnow.pl\/#website\",\"url\":\"https:\/\/www.it.tarnow.pl\/\",\"name\":\"Tarnowskie Centrum Informacji\",\"description\":\"Informacja turystyczna o Tarnowie i regionie tarnowskim.\",\"potentialAction\":[{\"@type\":\"SearchAction\",\"target\":{\"@type\":\"EntryPoint\",\"urlTemplate\":\"https:\/\/www.it.tarnow.pl\/?s={search_term_string}\"},\"query-input\":{\"@type\":\"PropertyValueSpecification\",\"valueRequired\":true,\"valueName\":\"search_term_string\"}}],\"inLanguage\":\"es\"}]}<\/script>\n<!-- \/ Yoast SEO Premium plugin. -->","yoast_head_json":{"title":"Turismo activo - Tarnowskie Centrum Informacji","robots":{"index":"index","follow":"follow","max-snippet":"max-snippet:-1","max-image-preview":"max-image-preview:large","max-video-preview":"max-video-preview:-1"},"canonical":"https:\/\/www.it.tarnow.pl\/es\/atracciones\/turismo-activo\/","og_locale":"es_ES","og_type":"article","og_title":"Turismo activo","og_description":"La regi\u00f3n de Tarn\u00f3w es un sitio ideal para los que prefieren pasar el tiempo de forma activa. El relieve del terreno facilita practicar todo tipo de deportes. En todas [&hellip;]","og_url":"https:\/\/www.it.tarnow.pl\/es\/atracciones\/turismo-activo\/","og_site_name":"Tarnowskie Centrum Informacji","article_modified_time":"2019-04-03T13:21:14+00:00","og_image":[{"url":"http:\/\/www.it.tarnow.pl\/wp-content\/uploads\/2019\/02\/rowery-3-400x267.jpg","type":"","width":"","height":""}],"twitter_card":"summary_large_image","twitter_misc":{"Tiempo de lectura":"1 minuto"},"schema":{"@context":"https:\/\/schema.org","@graph":[{"@type":"WebPage","@id":"https:\/\/www.it.tarnow.pl\/es\/atracciones\/turismo-activo\/","url":"https:\/\/www.it.tarnow.pl\/es\/atracciones\/turismo-activo\/","name":"Turismo activo - Tarnowskie Centrum Informacji","isPartOf":{"@id":"https:\/\/www.it.tarnow.pl\/#website"},"primaryImageOfPage":{"@id":"https:\/\/www.it.tarnow.pl\/es\/atracciones\/turismo-activo\/#primaryimage"},"image":{"@id":"https:\/\/www.it.tarnow.pl\/es\/atracciones\/turismo-activo\/#primaryimage"},"thumbnailUrl":"http:\/\/www.it.tarnow.pl\/wp-content\/uploads\/2019\/02\/rowery-3-400x267.jpg","datePublished":"2015-11-03T08:10:50+00:00","dateModified":"2019-04-03T13:21:14+00:00","breadcrumb":{"@id":"https:\/\/www.it.tarnow.pl\/es\/atracciones\/turismo-activo\/#breadcrumb"},"inLanguage":"es","potentialAction":[{"@type":"ReadAction","target":["https:\/\/www.it.tarnow.pl\/es\/atracciones\/turismo-activo\/"]}]},{"@type":"ImageObject","inLanguage":"es","@id":"https:\/\/www.it.tarnow.pl\/es\/atracciones\/turismo-activo\/#primaryimage","url":"http:\/\/www.it.tarnow.pl\/wp-content\/uploads\/2019\/02\/rowery-3-400x267.jpg","contentUrl":"http:\/\/www.it.tarnow.pl\/wp-content\/uploads\/2019\/02\/rowery-3-400x267.jpg"},{"@type":"BreadcrumbList","@id":"https:\/\/www.it.tarnow.pl\/es\/atracciones\/turismo-activo\/#breadcrumb","itemListElement":[{"@type":"ListItem","position":1,"name":"P\u00e1gina de inicio","item":"https:\/\/www.it.tarnow.pl\/es\/"},{"@type":"ListItem","position":2,"name":"Atracciones","item":"https:\/\/www.it.tarnow.pl\/es\/atracciones\/"},{"@type":"ListItem","position":3,"name":"Turismo activo"}]},{"@type":"WebSite","@id":"https:\/\/www.it.tarnow.pl\/#website","url":"https:\/\/www.it.tarnow.pl\/","name":"Tarnowskie Centrum Informacji","description":"Informacja turystyczna o Tarnowie i regionie tarnowskim.","potentialAction":[{"@type":"SearchAction","target":{"@type":"EntryPoint","urlTemplate":"https:\/\/www.it.tarnow.pl\/?s={search_term_string}"},"query-input":{"@type":"PropertyValueSpecification","valueRequired":true,"valueName":"search_term_string"}}],"inLanguage":"es"}]}},"_links":{"self":[{"href":"https:\/\/www.it.tarnow.pl\/es\/wp-json\/wp\/v2\/pages\/10124","targetHints":{"allow":["GET"]}}],"collection":[{"href":"https:\/\/www.it.tarnow.pl\/es\/wp-json\/wp\/v2\/pages"}],"about":[{"href":"https:\/\/www.it.tarnow.pl\/es\/wp-json\/wp\/v2\/types\/page"}],"author":[{"embeddable":true,"href":"https:\/\/www.it.tarnow.pl\/es\/wp-json\/wp\/v2\/users\/1"}],"replies":[{"embeddable":true,"href":"https:\/\/www.it.tarnow.pl\/es\/wp-json\/wp\/v2\/comments?post=10124"}],"version-history":[{"count":0,"href":"https:\/\/www.it.tarnow.pl\/es\/wp-json\/wp\/v2\/pages\/10124\/revisions"}],"up":[{"embeddable":true,"href":"https:\/\/www.it.tarnow.pl\/es\/wp-json\/wp\/v2\/pages\/10108"}],"wp:attachment":[{"href":"https:\/\/www.it.tarnow.pl\/es\/wp-json\/wp\/v2\/media?parent=10124"}],"wp:term":[{"taxonomy":"post_tag","embeddable":true,"href":"https:\/\/www.it.tarnow.pl\/es\/wp-json\/wp\/v2\/tags?post=10124"}],"curies":[{"name":"wp","href":"https:\/\/api.w.org\/{rel}","templated":true}]}}