{"id":10123,"date":"2015-11-03T09:09:27","date_gmt":"2015-11-03T08:09:27","guid":{"rendered":"http:\/\/www.it.tarnow.pl\/instituciones-culturales\/"},"modified":"2021-11-17T14:27:01","modified_gmt":"2021-11-17T13:27:01","slug":"instituciones-culturales","status":"publish","type":"page","link":"https:\/\/www.it.tarnow.pl\/es\/atracciones\/instituciones-culturales\/","title":{"rendered":"Instituciones culturales"},"content":{"rendered":"<p><img loading=\"lazy\" decoding=\"async\" class=\"alignleft size-medium wp-image-187278\" src=\"http:\/\/www.it.tarnow.pl\/wp-content\/uploads\/2020\/04\/Pa\u0142ac-BWA-Park-Strzelecki-Tarn\u00f3w-2-400x267.jpg\" alt=\"\" width=\"400\" height=\"267\" \/>En Tarn\u00f3w hay muchas instituciones de cultura. Galeria Miejska BWA se encuentra en el palacio neog\u00f3tico en el parque de la ciudad y presenta el arte moderno, los cl\u00e1sicos del arte moderno polaco, fen\u00f3menos del arte polaco de los \u00faltimos a\u00f1os y de los artistas locales. La galer\u00eda cada a\u00f1o organiza 30 exposiciones no s\u00f3lo en Polonia pero tambi\u00e9n en el extranjero. En el barrio Mo\u015bcice est\u00e1 Centro de Arte Mo\u015bcice que dispone de una sala de espect\u00e1culos m\u00e1s grande de la regi\u00f3n y de 2 cines. Desde hace 50 a\u00f1os funciona en el Centro el grupo de folclore local \u015awierczkowiacy.<\/p>\r\n<p>En Tarn\u00f3w funcionan 2 coros, femenino Puellae Orantes y masculino Pueri Cantores Tarnovienses que ganaron muchos premios en varios concursos nacionales e internacionales.<\/p>\r\n<p><img loading=\"lazy\" decoding=\"async\" class=\"alignleft wp-image-71869 size-medium\" src=\"http:\/\/www.it.tarnow.pl\/wp-content\/uploads\/2018\/12\/Lus\u0142awice-DSC01480-300x200.jpg\" alt=\"\" width=\"300\" height=\"200\" srcset=\"https:\/\/www.it.tarnow.pl\/wp-content\/uploads\/2018\/12\/Lus\u0142awice-DSC01480-300x200.jpg 300w, https:\/\/www.it.tarnow.pl\/wp-content\/uploads\/2018\/12\/Lus\u0142awice-DSC01480-768x511.jpg 768w, https:\/\/www.it.tarnow.pl\/wp-content\/uploads\/2018\/12\/Lus\u0142awice-DSC01480-1024x682.jpg 1024w, https:\/\/www.it.tarnow.pl\/wp-content\/uploads\/2018\/12\/Lus\u0142awice-DSC01480.jpg 1280w\" sizes=\"auto, (max-width: 300px) 100vw, 300px\" \/><\/p>\r\n<p>A pocos kil\u00f3metros de Tarn\u00f3w, en Lus\u0142awice, se encuentra Centro Europeo de M\u00fasica, fundado por el compositor famoso Krzysztof Penderecki. El Centroayuda a desarrollar talentos vocales, instrumentales y dirigentes de orquestas atrav\u00e9s de Cursos de Maestros.<\/p>\r\n<p>En Tarn\u00f3w podemos admirar colecciones de 2 grandes museos: Dioc\u00e9sano, el m\u00e1s antiguo de Polonia, fundado en 1888 y museo de la regi\u00f3n con varias sucursales.<\/p>\r\n<p>&nbsp;<\/p>","protected":false},"excerpt":{"rendered":"En Tarn\u00f3w hay muchas instituciones de cultura. Galeria Miejska BWA se encuentra en el palacio neog\u00f3tico en el parque de la ciudad y presenta el arte moderno, los cl\u00e1sicos del [&hellip;]","protected":false},"author":1,"featured_media":0,"parent":10108,"menu_order":472,"comment_status":"closed","ping_status":"closed","template":"","meta":{"_acf_changed":false,"footnotes":""},"tags":[],"class_list":["post-10123","page","type-page","status-publish","hentry"],"acf":{"old_object_id":"20757","old_parent_id":"20889","old_url":"Atracciones\/Instituciones-culturales","intro_text":"","show_children":"1","class":"folder","type":"single","in_menu":true,"show_date":false,"map":"","old_id":"","rooms_info":"","top_column":"","left_column":"","right_column":"","bottom_column":"","skip_import":false,"_menu_related_id":"96290"},"yoast_head":"<!-- This site is optimized with the Yoast SEO Premium plugin v25.4 (Yoast SEO v25.4) - https:\/\/yoast.com\/wordpress\/plugins\/seo\/ -->\n<title>Instituciones culturales - Tarnowskie Centrum Informacji<\/title>\n<meta name=\"robots\" content=\"index, follow, max-snippet:-1, max-image-preview:large, max-video-preview:-1\" \/>\n<link rel=\"canonical\" href=\"https:\/\/www.it.tarnow.pl\/es\/atracciones\/instituciones-culturales\/\" \/>\n<meta property=\"og:locale\" content=\"es_ES\" \/>\n<meta property=\"og:type\" content=\"article\" \/>\n<meta property=\"og:title\" content=\"Instituciones culturales\" \/>\n<meta property=\"og:description\" content=\"En Tarn\u00f3w hay muchas instituciones de cultura. Galeria Miejska BWA se encuentra en el palacio neog\u00f3tico en el parque de la ciudad y presenta el arte moderno, los cl\u00e1sicos del [&hellip;]\" \/>\n<meta property=\"og:url\" content=\"https:\/\/www.it.tarnow.pl\/es\/atracciones\/instituciones-culturales\/\" \/>\n<meta property=\"og:site_name\" content=\"Tarnowskie Centrum Informacji\" \/>\n<meta property=\"article:modified_time\" content=\"2021-11-17T13:27:01+00:00\" \/>\n<meta name=\"twitter:card\" content=\"summary_large_image\" \/>\n<meta name=\"twitter:label1\" content=\"Tiempo de lectura\" \/>\n\t<meta name=\"twitter:data1\" content=\"1 minuto\" \/>\n<script type=\"application\/ld+json\" class=\"yoast-schema-graph\">{\"@context\":\"https:\/\/schema.org\",\"@graph\":[{\"@type\":\"WebPage\",\"@id\":\"https:\/\/www.it.tarnow.pl\/es\/atracciones\/instituciones-culturales\/\",\"url\":\"https:\/\/www.it.tarnow.pl\/es\/atracciones\/instituciones-culturales\/\",\"name\":\"Instituciones culturales - Tarnowskie Centrum Informacji\",\"isPartOf\":{\"@id\":\"https:\/\/www.it.tarnow.pl\/#website\"},\"datePublished\":\"2015-11-03T08:09:27+00:00\",\"dateModified\":\"2021-11-17T13:27:01+00:00\",\"breadcrumb\":{\"@id\":\"https:\/\/www.it.tarnow.pl\/es\/atracciones\/instituciones-culturales\/#breadcrumb\"},\"inLanguage\":\"es\",\"potentialAction\":[{\"@type\":\"ReadAction\",\"target\":[\"https:\/\/www.it.tarnow.pl\/es\/atracciones\/instituciones-culturales\/\"]}]},{\"@type\":\"BreadcrumbList\",\"@id\":\"https:\/\/www.it.tarnow.pl\/es\/atracciones\/instituciones-culturales\/#breadcrumb\",\"itemListElement\":[{\"@type\":\"ListItem\",\"position\":1,\"name\":\"P\u00e1gina de inicio\",\"item\":\"https:\/\/www.it.tarnow.pl\/es\/\"},{\"@type\":\"ListItem\",\"position\":2,\"name\":\"Atracciones\",\"item\":\"https:\/\/www.it.tarnow.pl\/es\/atracciones\/\"},{\"@type\":\"ListItem\",\"position\":3,\"name\":\"Instituciones culturales\"}]},{\"@type\":\"WebSite\",\"@id\":\"https:\/\/www.it.tarnow.pl\/#website\",\"url\":\"https:\/\/www.it.tarnow.pl\/\",\"name\":\"Tarnowskie Centrum Informacji\",\"description\":\"Informacja turystyczna o Tarnowie i regionie tarnowskim.\",\"potentialAction\":[{\"@type\":\"SearchAction\",\"target\":{\"@type\":\"EntryPoint\",\"urlTemplate\":\"https:\/\/www.it.tarnow.pl\/?s={search_term_string}\"},\"query-input\":{\"@type\":\"PropertyValueSpecification\",\"valueRequired\":true,\"valueName\":\"search_term_string\"}}],\"inLanguage\":\"es\"}]}<\/script>\n<!-- \/ Yoast SEO Premium plugin. -->","yoast_head_json":{"title":"Instituciones culturales - Tarnowskie Centrum Informacji","robots":{"index":"index","follow":"follow","max-snippet":"max-snippet:-1","max-image-preview":"max-image-preview:large","max-video-preview":"max-video-preview:-1"},"canonical":"https:\/\/www.it.tarnow.pl\/es\/atracciones\/instituciones-culturales\/","og_locale":"es_ES","og_type":"article","og_title":"Instituciones culturales","og_description":"En Tarn\u00f3w hay muchas instituciones de cultura. Galeria Miejska BWA se encuentra en el palacio neog\u00f3tico en el parque de la ciudad y presenta el arte moderno, los cl\u00e1sicos del [&hellip;]","og_url":"https:\/\/www.it.tarnow.pl\/es\/atracciones\/instituciones-culturales\/","og_site_name":"Tarnowskie Centrum Informacji","article_modified_time":"2021-11-17T13:27:01+00:00","twitter_card":"summary_large_image","twitter_misc":{"Tiempo de lectura":"1 minuto"},"schema":{"@context":"https:\/\/schema.org","@graph":[{"@type":"WebPage","@id":"https:\/\/www.it.tarnow.pl\/es\/atracciones\/instituciones-culturales\/","url":"https:\/\/www.it.tarnow.pl\/es\/atracciones\/instituciones-culturales\/","name":"Instituciones culturales - Tarnowskie Centrum Informacji","isPartOf":{"@id":"https:\/\/www.it.tarnow.pl\/#website"},"datePublished":"2015-11-03T08:09:27+00:00","dateModified":"2021-11-17T13:27:01+00:00","breadcrumb":{"@id":"https:\/\/www.it.tarnow.pl\/es\/atracciones\/instituciones-culturales\/#breadcrumb"},"inLanguage":"es","potentialAction":[{"@type":"ReadAction","target":["https:\/\/www.it.tarnow.pl\/es\/atracciones\/instituciones-culturales\/"]}]},{"@type":"BreadcrumbList","@id":"https:\/\/www.it.tarnow.pl\/es\/atracciones\/instituciones-culturales\/#breadcrumb","itemListElement":[{"@type":"ListItem","position":1,"name":"P\u00e1gina de inicio","item":"https:\/\/www.it.tarnow.pl\/es\/"},{"@type":"ListItem","position":2,"name":"Atracciones","item":"https:\/\/www.it.tarnow.pl\/es\/atracciones\/"},{"@type":"ListItem","position":3,"name":"Instituciones culturales"}]},{"@type":"WebSite","@id":"https:\/\/www.it.tarnow.pl\/#website","url":"https:\/\/www.it.tarnow.pl\/","name":"Tarnowskie Centrum Informacji","description":"Informacja turystyczna o Tarnowie i regionie tarnowskim.","potentialAction":[{"@type":"SearchAction","target":{"@type":"EntryPoint","urlTemplate":"https:\/\/www.it.tarnow.pl\/?s={search_term_string}"},"query-input":{"@type":"PropertyValueSpecification","valueRequired":true,"valueName":"search_term_string"}}],"inLanguage":"es"}]}},"_links":{"self":[{"href":"https:\/\/www.it.tarnow.pl\/es\/wp-json\/wp\/v2\/pages\/10123","targetHints":{"allow":["GET"]}}],"collection":[{"href":"https:\/\/www.it.tarnow.pl\/es\/wp-json\/wp\/v2\/pages"}],"about":[{"href":"https:\/\/www.it.tarnow.pl\/es\/wp-json\/wp\/v2\/types\/page"}],"author":[{"embeddable":true,"href":"https:\/\/www.it.tarnow.pl\/es\/wp-json\/wp\/v2\/users\/1"}],"replies":[{"embeddable":true,"href":"https:\/\/www.it.tarnow.pl\/es\/wp-json\/wp\/v2\/comments?post=10123"}],"version-history":[{"count":0,"href":"https:\/\/www.it.tarnow.pl\/es\/wp-json\/wp\/v2\/pages\/10123\/revisions"}],"up":[{"embeddable":true,"href":"https:\/\/www.it.tarnow.pl\/es\/wp-json\/wp\/v2\/pages\/10108"}],"wp:attachment":[{"href":"https:\/\/www.it.tarnow.pl\/es\/wp-json\/wp\/v2\/media?parent=10123"}],"wp:term":[{"taxonomy":"post_tag","embeddable":true,"href":"https:\/\/www.it.tarnow.pl\/es\/wp-json\/wp\/v2\/tags?post=10123"}],"curies":[{"name":"wp","href":"https:\/\/api.w.org\/{rel}","templated":true}]}}