{"id":10122,"date":"2015-11-03T09:08:23","date_gmt":"2015-11-03T08:08:23","guid":{"rendered":"http:\/\/www.it.tarnow.pl\/acontecimientos-culturales\/"},"modified":"2019-04-03T15:21:13","modified_gmt":"2019-04-03T13:21:13","slug":"acontecimientos-culturales","status":"publish","type":"page","link":"https:\/\/www.it.tarnow.pl\/es\/atracciones\/acontecimientos-culturales\/","title":{"rendered":"Acontecimientos culturales"},"content":{"rendered":"<img loading=\"lazy\" decoding=\"async\" width=\"400\" height=\"259\" class=\"size-medium alignright wp-image-26280\" src=\"http:\/\/www.it.tarnow.pl\/wp-content\/uploads\/2019\/02\/F-Muzyki-Odnalezionej-01-400x259.jpg\" alt=\"\" srcset=\"https:\/\/www.it.tarnow.pl\/wp-content\/uploads\/2019\/02\/F-Muzyki-Odnalezionej-01-400x259.jpg 400w, https:\/\/www.it.tarnow.pl\/wp-content\/uploads\/2019\/02\/F-Muzyki-Odnalezionej-01-300x194.jpg 300w, https:\/\/www.it.tarnow.pl\/wp-content\/uploads\/2019\/02\/F-Muzyki-Odnalezionej-01.jpg 635w\" sizes=\"auto, (max-width: 400px) 100vw, 400px\" \/><p>En el mapa de los acontecimientos culturales de Polonia Tarn\u00f3w ocupa un lugar especial. Los puntos m\u00e1s importantes del calendario cultural son: Festival de M\u00fasica Descubierta, Festival de M\u00fasica de C\u00e1mara \u201cBravo Maestro\u201d, el ciclo de conciertos de verano \u201cLos encuentros en casa de Paderewski\u201d.<\/p> <img loading=\"lazy\" decoding=\"async\" width=\"400\" height=\"259\" class=\"size-medium alignright wp-image-26290\" src=\"http:\/\/www.it.tarnow.pl\/wp-content\/uploads\/2019\/02\/TNF-01-400x259.jpg\" alt=\"\" srcset=\"https:\/\/www.it.tarnow.pl\/wp-content\/uploads\/2019\/02\/TNF-01-400x259.jpg 400w, https:\/\/www.it.tarnow.pl\/wp-content\/uploads\/2019\/02\/TNF-01-300x194.jpg 300w, https:\/\/www.it.tarnow.pl\/wp-content\/uploads\/2019\/02\/TNF-01.jpg 635w\" sizes=\"auto, (max-width: 400px) 100vw, 400px\" \/><p>Festival de cine \u201cTarnowska Nagroda Filmowa\u201d es el segundo festival de este tipo de Polonia (despu\u00e9s de \u00e9l de Gdynia) y no es el \u00fanico. El otro se llama \u201cVitae Valor\u201d y tambi\u00e9n tiene mucho inter\u00e9s.<\/p> <img loading=\"lazy\" decoding=\"async\" width=\"400\" height=\"259\" class=\"size-medium alignright wp-image-26295\" src=\"http:\/\/www.it.tarnow.pl\/wp-content\/uploads\/2019\/02\/Zderzenia-01-400x259.jpg\" alt=\"\" srcset=\"https:\/\/www.it.tarnow.pl\/wp-content\/uploads\/2019\/02\/Zderzenia-01-400x259.jpg 400w, https:\/\/www.it.tarnow.pl\/wp-content\/uploads\/2019\/02\/Zderzenia-01-300x194.jpg 300w, https:\/\/www.it.tarnow.pl\/wp-content\/uploads\/2019\/02\/Zderzenia-01.jpg 635w\" sizes=\"auto, (max-width: 400px) 100vw, 400px\" \/><p>El acontecimiento m\u00e1s importante de teatro es Talia \u2013 Festival de Comedias. Cada a\u00f1o a principios de octubre Tarn\u00f3w se convierte en la capital de comedias. En los \u00faltimos a\u00f1os esta revisi\u00f3n de comedias del mundo baj\u00f3 del escenario teatral y entr\u00f3 en las calles y restaurantes de la ciudad.<\/p>\n<p>Otros eventos importantes son: \u201cD\u00edas de Tarn\u00f3w\u201d \u2013 fiesta de la ciudad organizada cada dos a\u00f1os que presenta el folclore local. Los conciertos anuales \u201cZde(a)rzenia\u201d, conciertos de la m\u00fasica jud\u00eda klezmer en Bima y D\u00edas de Memoria de Jud\u00edos de Galicia, organizados a la memoria de miles de jud\u00edos matados por los nazis en 1942 en el bosque Buczyna.<\/p>","protected":false},"excerpt":{"rendered":"En el mapa de los acontecimientos culturales de Polonia Tarn\u00f3w ocupa un lugar especial. Los puntos m\u00e1s importantes del calendario cultural son: Festival de M\u00fasica Descubierta, Festival de M\u00fasica de [&hellip;]","protected":false},"author":1,"featured_media":0,"parent":10108,"menu_order":456,"comment_status":"closed","ping_status":"closed","template":"","meta":{"_acf_changed":false,"footnotes":""},"tags":[],"class_list":["post-10122","page","type-page","status-publish","hentry"],"acf":{"in_menu":null,"show_date":null,"intro_text":"<img class=\"size-medium alignleft wp-image-26295\" src=\"http:\/\/www.it.tarnow.pl\/wp-content\/uploads\/2019\/02\/Zderzenia-01-400x259.jpg\" alt=\"\"><p>Festival de M\u00fasica Descubierta, Festival de M\u00fasica de C\u00e1mara \u201cBravo Maestro\u201d, Festival de cine \u201cTarnowska Nagroda Filmowa\u201d, Talia \u2013 Festival de Comedias, \u201cD\u00edas de Tarn\u00f3w\u201d \u2013 fiesta de la ciudad organizada cada dos a\u00f1os que presenta el folclore local.<\/p>","map":null},"yoast_head":"<!-- This site is optimized with the Yoast SEO Premium plugin v25.4 (Yoast SEO v25.4) - https:\/\/yoast.com\/wordpress\/plugins\/seo\/ -->\n<title>Acontecimientos culturales - Tarnowskie Centrum Informacji<\/title>\n<meta name=\"robots\" content=\"index, follow, max-snippet:-1, max-image-preview:large, max-video-preview:-1\" \/>\n<link rel=\"canonical\" href=\"https:\/\/www.it.tarnow.pl\/es\/atracciones\/acontecimientos-culturales\/\" \/>\n<meta property=\"og:locale\" content=\"es_ES\" \/>\n<meta property=\"og:type\" content=\"article\" \/>\n<meta property=\"og:title\" content=\"Acontecimientos culturales\" \/>\n<meta property=\"og:description\" content=\"En el mapa de los acontecimientos culturales de Polonia Tarn\u00f3w ocupa un lugar especial. Los puntos m\u00e1s importantes del calendario cultural son: Festival de M\u00fasica Descubierta, Festival de M\u00fasica de [&hellip;]\" \/>\n<meta property=\"og:url\" content=\"https:\/\/www.it.tarnow.pl\/es\/atracciones\/acontecimientos-culturales\/\" \/>\n<meta property=\"og:site_name\" content=\"Tarnowskie Centrum Informacji\" \/>\n<meta property=\"article:modified_time\" content=\"2019-04-03T13:21:13+00:00\" \/>\n<meta property=\"og:image\" content=\"http:\/\/www.it.tarnow.pl\/wp-content\/uploads\/2019\/02\/F-Muzyki-Odnalezionej-01-400x259.jpg\" \/>\n<meta name=\"twitter:card\" content=\"summary_large_image\" \/>\n<meta name=\"twitter:label1\" content=\"Tiempo de lectura\" \/>\n\t<meta name=\"twitter:data1\" content=\"1 minuto\" \/>\n<script type=\"application\/ld+json\" class=\"yoast-schema-graph\">{\"@context\":\"https:\/\/schema.org\",\"@graph\":[{\"@type\":\"WebPage\",\"@id\":\"https:\/\/www.it.tarnow.pl\/es\/atracciones\/acontecimientos-culturales\/\",\"url\":\"https:\/\/www.it.tarnow.pl\/es\/atracciones\/acontecimientos-culturales\/\",\"name\":\"Acontecimientos culturales - Tarnowskie Centrum Informacji\",\"isPartOf\":{\"@id\":\"https:\/\/www.it.tarnow.pl\/#website\"},\"primaryImageOfPage\":{\"@id\":\"https:\/\/www.it.tarnow.pl\/es\/atracciones\/acontecimientos-culturales\/#primaryimage\"},\"image\":{\"@id\":\"https:\/\/www.it.tarnow.pl\/es\/atracciones\/acontecimientos-culturales\/#primaryimage\"},\"thumbnailUrl\":\"http:\/\/www.it.tarnow.pl\/wp-content\/uploads\/2019\/02\/F-Muzyki-Odnalezionej-01-400x259.jpg\",\"datePublished\":\"2015-11-03T08:08:23+00:00\",\"dateModified\":\"2019-04-03T13:21:13+00:00\",\"breadcrumb\":{\"@id\":\"https:\/\/www.it.tarnow.pl\/es\/atracciones\/acontecimientos-culturales\/#breadcrumb\"},\"inLanguage\":\"es\",\"potentialAction\":[{\"@type\":\"ReadAction\",\"target\":[\"https:\/\/www.it.tarnow.pl\/es\/atracciones\/acontecimientos-culturales\/\"]}]},{\"@type\":\"ImageObject\",\"inLanguage\":\"es\",\"@id\":\"https:\/\/www.it.tarnow.pl\/es\/atracciones\/acontecimientos-culturales\/#primaryimage\",\"url\":\"http:\/\/www.it.tarnow.pl\/wp-content\/uploads\/2019\/02\/F-Muzyki-Odnalezionej-01-400x259.jpg\",\"contentUrl\":\"http:\/\/www.it.tarnow.pl\/wp-content\/uploads\/2019\/02\/F-Muzyki-Odnalezionej-01-400x259.jpg\"},{\"@type\":\"BreadcrumbList\",\"@id\":\"https:\/\/www.it.tarnow.pl\/es\/atracciones\/acontecimientos-culturales\/#breadcrumb\",\"itemListElement\":[{\"@type\":\"ListItem\",\"position\":1,\"name\":\"P\u00e1gina de inicio\",\"item\":\"https:\/\/www.it.tarnow.pl\/es\/\"},{\"@type\":\"ListItem\",\"position\":2,\"name\":\"Atracciones\",\"item\":\"https:\/\/www.it.tarnow.pl\/es\/atracciones\/\"},{\"@type\":\"ListItem\",\"position\":3,\"name\":\"Acontecimientos culturales\"}]},{\"@type\":\"WebSite\",\"@id\":\"https:\/\/www.it.tarnow.pl\/#website\",\"url\":\"https:\/\/www.it.tarnow.pl\/\",\"name\":\"Tarnowskie Centrum Informacji\",\"description\":\"Informacja turystyczna o Tarnowie i regionie tarnowskim.\",\"potentialAction\":[{\"@type\":\"SearchAction\",\"target\":{\"@type\":\"EntryPoint\",\"urlTemplate\":\"https:\/\/www.it.tarnow.pl\/?s={search_term_string}\"},\"query-input\":{\"@type\":\"PropertyValueSpecification\",\"valueRequired\":true,\"valueName\":\"search_term_string\"}}],\"inLanguage\":\"es\"}]}<\/script>\n<!-- \/ Yoast SEO Premium plugin. -->","yoast_head_json":{"title":"Acontecimientos culturales - Tarnowskie Centrum Informacji","robots":{"index":"index","follow":"follow","max-snippet":"max-snippet:-1","max-image-preview":"max-image-preview:large","max-video-preview":"max-video-preview:-1"},"canonical":"https:\/\/www.it.tarnow.pl\/es\/atracciones\/acontecimientos-culturales\/","og_locale":"es_ES","og_type":"article","og_title":"Acontecimientos culturales","og_description":"En el mapa de los acontecimientos culturales de Polonia Tarn\u00f3w ocupa un lugar especial. Los puntos m\u00e1s importantes del calendario cultural son: Festival de M\u00fasica Descubierta, Festival de M\u00fasica de [&hellip;]","og_url":"https:\/\/www.it.tarnow.pl\/es\/atracciones\/acontecimientos-culturales\/","og_site_name":"Tarnowskie Centrum Informacji","article_modified_time":"2019-04-03T13:21:13+00:00","og_image":[{"url":"http:\/\/www.it.tarnow.pl\/wp-content\/uploads\/2019\/02\/F-Muzyki-Odnalezionej-01-400x259.jpg","type":"","width":"","height":""}],"twitter_card":"summary_large_image","twitter_misc":{"Tiempo de lectura":"1 minuto"},"schema":{"@context":"https:\/\/schema.org","@graph":[{"@type":"WebPage","@id":"https:\/\/www.it.tarnow.pl\/es\/atracciones\/acontecimientos-culturales\/","url":"https:\/\/www.it.tarnow.pl\/es\/atracciones\/acontecimientos-culturales\/","name":"Acontecimientos culturales - Tarnowskie Centrum Informacji","isPartOf":{"@id":"https:\/\/www.it.tarnow.pl\/#website"},"primaryImageOfPage":{"@id":"https:\/\/www.it.tarnow.pl\/es\/atracciones\/acontecimientos-culturales\/#primaryimage"},"image":{"@id":"https:\/\/www.it.tarnow.pl\/es\/atracciones\/acontecimientos-culturales\/#primaryimage"},"thumbnailUrl":"http:\/\/www.it.tarnow.pl\/wp-content\/uploads\/2019\/02\/F-Muzyki-Odnalezionej-01-400x259.jpg","datePublished":"2015-11-03T08:08:23+00:00","dateModified":"2019-04-03T13:21:13+00:00","breadcrumb":{"@id":"https:\/\/www.it.tarnow.pl\/es\/atracciones\/acontecimientos-culturales\/#breadcrumb"},"inLanguage":"es","potentialAction":[{"@type":"ReadAction","target":["https:\/\/www.it.tarnow.pl\/es\/atracciones\/acontecimientos-culturales\/"]}]},{"@type":"ImageObject","inLanguage":"es","@id":"https:\/\/www.it.tarnow.pl\/es\/atracciones\/acontecimientos-culturales\/#primaryimage","url":"http:\/\/www.it.tarnow.pl\/wp-content\/uploads\/2019\/02\/F-Muzyki-Odnalezionej-01-400x259.jpg","contentUrl":"http:\/\/www.it.tarnow.pl\/wp-content\/uploads\/2019\/02\/F-Muzyki-Odnalezionej-01-400x259.jpg"},{"@type":"BreadcrumbList","@id":"https:\/\/www.it.tarnow.pl\/es\/atracciones\/acontecimientos-culturales\/#breadcrumb","itemListElement":[{"@type":"ListItem","position":1,"name":"P\u00e1gina de inicio","item":"https:\/\/www.it.tarnow.pl\/es\/"},{"@type":"ListItem","position":2,"name":"Atracciones","item":"https:\/\/www.it.tarnow.pl\/es\/atracciones\/"},{"@type":"ListItem","position":3,"name":"Acontecimientos culturales"}]},{"@type":"WebSite","@id":"https:\/\/www.it.tarnow.pl\/#website","url":"https:\/\/www.it.tarnow.pl\/","name":"Tarnowskie Centrum Informacji","description":"Informacja turystyczna o Tarnowie i regionie tarnowskim.","potentialAction":[{"@type":"SearchAction","target":{"@type":"EntryPoint","urlTemplate":"https:\/\/www.it.tarnow.pl\/?s={search_term_string}"},"query-input":{"@type":"PropertyValueSpecification","valueRequired":true,"valueName":"search_term_string"}}],"inLanguage":"es"}]}},"_links":{"self":[{"href":"https:\/\/www.it.tarnow.pl\/es\/wp-json\/wp\/v2\/pages\/10122","targetHints":{"allow":["GET"]}}],"collection":[{"href":"https:\/\/www.it.tarnow.pl\/es\/wp-json\/wp\/v2\/pages"}],"about":[{"href":"https:\/\/www.it.tarnow.pl\/es\/wp-json\/wp\/v2\/types\/page"}],"author":[{"embeddable":true,"href":"https:\/\/www.it.tarnow.pl\/es\/wp-json\/wp\/v2\/users\/1"}],"replies":[{"embeddable":true,"href":"https:\/\/www.it.tarnow.pl\/es\/wp-json\/wp\/v2\/comments?post=10122"}],"version-history":[{"count":0,"href":"https:\/\/www.it.tarnow.pl\/es\/wp-json\/wp\/v2\/pages\/10122\/revisions"}],"up":[{"embeddable":true,"href":"https:\/\/www.it.tarnow.pl\/es\/wp-json\/wp\/v2\/pages\/10108"}],"wp:attachment":[{"href":"https:\/\/www.it.tarnow.pl\/es\/wp-json\/wp\/v2\/media?parent=10122"}],"wp:term":[{"taxonomy":"post_tag","embeddable":true,"href":"https:\/\/www.it.tarnow.pl\/es\/wp-json\/wp\/v2\/tags?post=10122"}],"curies":[{"name":"wp","href":"https:\/\/api.w.org\/{rel}","templated":true}]}}