{"id":10121,"date":"2015-11-03T09:07:11","date_gmt":"2015-11-03T08:07:11","guid":{"rendered":"http:\/\/www.it.tarnow.pl\/turismo-de-familia\/"},"modified":"2019-04-03T15:21:12","modified_gmt":"2019-04-03T13:21:12","slug":"turismo-de-familia","status":"publish","type":"page","link":"https:\/\/www.it.tarnow.pl\/es\/atracciones\/turismo-de-familia\/","title":{"rendered":"Turismo de familia"},"content":{"rendered":"<img loading=\"lazy\" decoding=\"async\" width=\"400\" height=\"300\" class=\"size-medium alignright wp-image-25495\" src=\"http:\/\/www.it.tarnow.pl\/wp-content\/uploads\/2019\/02\/slon-400x300.jpg\" alt=\"\" srcset=\"https:\/\/www.it.tarnow.pl\/wp-content\/uploads\/2019\/02\/slon.jpg 400w, https:\/\/www.it.tarnow.pl\/wp-content\/uploads\/2019\/02\/slon-300x225.jpg 300w\" sizes=\"auto, (max-width: 400px) 100vw, 400px\" \/><p>Tarn\u00f3w se hace cada vez m\u00e1s popular entre las personas que buscan nuevos sitios de descanso para toda la familia. La ciudad ofrece muchas atracciones a gente de cada edad. El paseo por el casco antiguo renacentista ser\u00e1 tan fascinante como la vista de la panorama de la ciudad desde la torre del Ayuntamiento donde el turista tiene posibilidad de ver el mecanismo eficiente del reloj m\u00e1s viejo del pa\u00eds.<\/p> <img loading=\"lazy\" decoding=\"async\" width=\"400\" height=\"266\" class=\"size-medium alignright wp-image-21152\" src=\"http:\/\/www.it.tarnow.pl\/wp-content\/uploads\/2019\/02\/fontanna-uklad-sloneczny-13-400x266.jpg\" alt=\"\" srcset=\"https:\/\/www.it.tarnow.pl\/wp-content\/uploads\/2019\/02\/fontanna-uklad-sloneczny-13-400x266.jpg 400w, https:\/\/www.it.tarnow.pl\/wp-content\/uploads\/2019\/02\/fontanna-uklad-sloneczny-13-300x200.jpg 300w, https:\/\/www.it.tarnow.pl\/wp-content\/uploads\/2019\/02\/fontanna-uklad-sloneczny-13.jpg 643w\" sizes=\"auto, (max-width: 400px) 100vw, 400px\" \/><p>Una de las atracciones para las familias con ni\u00f1os es la exposici\u00f3n de carros de gitanos en el museo etnogr\u00e1fico y la posibilidad de escalar la monta\u00f1a de San Mart\u00edn, la parte de los C\u00e1rpatas situada m\u00e1s al norte. Una vez all\u00ed el turista puede visitar ruinas del castillo y admirar la panorama de la ciudad. Para las familias que prefieren el descanso activo Tarn\u00f3w ofrece gran variedad de parques de atracciones. Entre ellos parque de cuerdas, parque acu\u00e1tico, centros de juegos, boleras, paredes de escaladas y pistas de gokarts.<\/p>\n<p>En invierno se puede usar los patinaderos y\u00a0estaciones de esqu\u00ed cercanas a la ciudad.<\/p>\n<p>Los padres con ni\u00f1os pueden pasear por las callejuelas y rincones de la ciudad m\u00e1s calurosa de Polonia. Por el camino encontrar\u00e1n el elefante de muchos colores, el misterioso rinc\u00f3n del rey \u0141okietek, la fuente educativa que presenta el sistema solar, el parque Strzelecki donde est\u00e1 el mausoleo del general J\u00f3zef Bem rodeado con la albufera con los cisnes y patos. En este parque los ni\u00f1os pueden jugar en el patio de recreo m\u00e1s grande de la ciudad.<\/p> <img loading=\"lazy\" decoding=\"async\" width=\"400\" height=\"300\" class=\"size-medium alignright wp-image-25505\" src=\"http:\/\/www.it.tarnow.pl\/wp-content\/uploads\/2019\/02\/Szczucin-Muzeum-Drogownictwa-400x300.jpg\" alt=\"\" srcset=\"https:\/\/www.it.tarnow.pl\/wp-content\/uploads\/2019\/02\/Szczucin-Muzeum-Drogownictwa-400x300.jpg 400w, https:\/\/www.it.tarnow.pl\/wp-content\/uploads\/2019\/02\/Szczucin-Muzeum-Drogownictwa-768x576.jpg 768w, https:\/\/www.it.tarnow.pl\/wp-content\/uploads\/2019\/02\/Szczucin-Muzeum-Drogownictwa-650x488.jpg 650w, https:\/\/www.it.tarnow.pl\/wp-content\/uploads\/2019\/02\/Szczucin-Muzeum-Drogownictwa-300x225.jpg 300w, https:\/\/www.it.tarnow.pl\/wp-content\/uploads\/2019\/02\/Szczucin-Muzeum-Drogownictwa.jpg 1024w\" sizes=\"auto, (max-width: 400px) 100vw, 400px\" \/><p>Fuera de la ciudad vale la pena ver Museo de Ferrocarriles en Szczucin, Museo de Mu\u00f1ecas en Pilzno y Lipiny, Ciudad de Piedra en Ci\u0119\u017ckowice y muchos castillos y rutas de naturaleza.<\/p> <img loading=\"lazy\" decoding=\"async\" width=\"400\" height=\"300\" class=\"size-medium alignleft wp-image-25510\" src=\"http:\/\/www.it.tarnow.pl\/wp-content\/uploads\/2019\/02\/lipiny-400x300.jpg\" alt=\"\" srcset=\"https:\/\/www.it.tarnow.pl\/wp-content\/uploads\/2019\/02\/lipiny-400x300.jpg 400w, https:\/\/www.it.tarnow.pl\/wp-content\/uploads\/2019\/02\/lipiny-650x488.jpg 650w, https:\/\/www.it.tarnow.pl\/wp-content\/uploads\/2019\/02\/lipiny-300x225.jpg 300w, https:\/\/www.it.tarnow.pl\/wp-content\/uploads\/2019\/02\/lipiny.jpg 700w\" sizes=\"auto, (max-width: 400px) 100vw, 400px\" \/>","protected":false},"excerpt":{"rendered":"Tarn\u00f3w se hace cada vez m\u00e1s popular entre las personas que buscan nuevos sitios de descanso para toda la familia. La ciudad ofrece muchas atracciones a gente de cada edad. [&hellip;]","protected":false},"author":1,"featured_media":0,"parent":10108,"menu_order":437,"comment_status":"closed","ping_status":"closed","template":"","meta":{"_acf_changed":false,"footnotes":""},"tags":[],"class_list":["post-10121","page","type-page","status-publish","hentry"],"acf":{"in_menu":null,"show_date":null,"intro_text":"<img class=\"size-medium alignleft wp-image-25495\" src=\"http:\/\/www.it.tarnow.pl\/wp-content\/uploads\/2019\/02\/slon-400x300.jpg\" alt=\"\"><p>Tarn\u00f3w se hace cada vez m\u00e1s popular entre las personas que buscan nuevos sitios de descanso para toda la familia. La ciudad ofrece muchas atracciones a gente de cada edad. El paseo por el casco antiguo renacentista ser\u00e1 tan fascinante como la vista de la panorama de la ciudad desde la torre del Ayuntamiento donde el turista tiene posibilidad de ver el mecanismo eficiente del reloj m\u00e1s viejo del pa\u00eds.<\/p>","map":null},"yoast_head":"<!-- This site is optimized with the Yoast SEO Premium plugin v25.4 (Yoast SEO v25.4) - https:\/\/yoast.com\/wordpress\/plugins\/seo\/ -->\n<title>Turismo de familia - Tarnowskie Centrum Informacji<\/title>\n<meta name=\"robots\" content=\"index, follow, max-snippet:-1, max-image-preview:large, max-video-preview:-1\" \/>\n<link rel=\"canonical\" href=\"https:\/\/www.it.tarnow.pl\/es\/atracciones\/turismo-de-familia\/\" \/>\n<meta property=\"og:locale\" content=\"es_ES\" \/>\n<meta property=\"og:type\" content=\"article\" \/>\n<meta property=\"og:title\" content=\"Turismo de familia\" \/>\n<meta property=\"og:description\" content=\"Tarn\u00f3w se hace cada vez m\u00e1s popular entre las personas que buscan nuevos sitios de descanso para toda la familia. La ciudad ofrece muchas atracciones a gente de cada edad. [&hellip;]\" \/>\n<meta property=\"og:url\" content=\"https:\/\/www.it.tarnow.pl\/es\/atracciones\/turismo-de-familia\/\" \/>\n<meta property=\"og:site_name\" content=\"Tarnowskie Centrum Informacji\" \/>\n<meta property=\"article:modified_time\" content=\"2019-04-03T13:21:12+00:00\" \/>\n<meta property=\"og:image\" content=\"http:\/\/www.it.tarnow.pl\/wp-content\/uploads\/2019\/02\/slon-400x300.jpg\" \/>\n<meta name=\"twitter:card\" content=\"summary_large_image\" \/>\n<meta name=\"twitter:label1\" content=\"Tiempo de lectura\" \/>\n\t<meta name=\"twitter:data1\" content=\"2 minutos\" \/>\n<script type=\"application\/ld+json\" class=\"yoast-schema-graph\">{\"@context\":\"https:\/\/schema.org\",\"@graph\":[{\"@type\":\"WebPage\",\"@id\":\"https:\/\/www.it.tarnow.pl\/es\/atracciones\/turismo-de-familia\/\",\"url\":\"https:\/\/www.it.tarnow.pl\/es\/atracciones\/turismo-de-familia\/\",\"name\":\"Turismo de familia - Tarnowskie Centrum Informacji\",\"isPartOf\":{\"@id\":\"https:\/\/www.it.tarnow.pl\/#website\"},\"primaryImageOfPage\":{\"@id\":\"https:\/\/www.it.tarnow.pl\/es\/atracciones\/turismo-de-familia\/#primaryimage\"},\"image\":{\"@id\":\"https:\/\/www.it.tarnow.pl\/es\/atracciones\/turismo-de-familia\/#primaryimage\"},\"thumbnailUrl\":\"http:\/\/www.it.tarnow.pl\/wp-content\/uploads\/2019\/02\/slon-400x300.jpg\",\"datePublished\":\"2015-11-03T08:07:11+00:00\",\"dateModified\":\"2019-04-03T13:21:12+00:00\",\"breadcrumb\":{\"@id\":\"https:\/\/www.it.tarnow.pl\/es\/atracciones\/turismo-de-familia\/#breadcrumb\"},\"inLanguage\":\"es\",\"potentialAction\":[{\"@type\":\"ReadAction\",\"target\":[\"https:\/\/www.it.tarnow.pl\/es\/atracciones\/turismo-de-familia\/\"]}]},{\"@type\":\"ImageObject\",\"inLanguage\":\"es\",\"@id\":\"https:\/\/www.it.tarnow.pl\/es\/atracciones\/turismo-de-familia\/#primaryimage\",\"url\":\"http:\/\/www.it.tarnow.pl\/wp-content\/uploads\/2019\/02\/slon-400x300.jpg\",\"contentUrl\":\"http:\/\/www.it.tarnow.pl\/wp-content\/uploads\/2019\/02\/slon-400x300.jpg\"},{\"@type\":\"BreadcrumbList\",\"@id\":\"https:\/\/www.it.tarnow.pl\/es\/atracciones\/turismo-de-familia\/#breadcrumb\",\"itemListElement\":[{\"@type\":\"ListItem\",\"position\":1,\"name\":\"P\u00e1gina de inicio\",\"item\":\"https:\/\/www.it.tarnow.pl\/es\/\"},{\"@type\":\"ListItem\",\"position\":2,\"name\":\"Atracciones\",\"item\":\"https:\/\/www.it.tarnow.pl\/es\/atracciones\/\"},{\"@type\":\"ListItem\",\"position\":3,\"name\":\"Turismo de familia\"}]},{\"@type\":\"WebSite\",\"@id\":\"https:\/\/www.it.tarnow.pl\/#website\",\"url\":\"https:\/\/www.it.tarnow.pl\/\",\"name\":\"Tarnowskie Centrum Informacji\",\"description\":\"Informacja turystyczna o Tarnowie i regionie tarnowskim.\",\"potentialAction\":[{\"@type\":\"SearchAction\",\"target\":{\"@type\":\"EntryPoint\",\"urlTemplate\":\"https:\/\/www.it.tarnow.pl\/?s={search_term_string}\"},\"query-input\":{\"@type\":\"PropertyValueSpecification\",\"valueRequired\":true,\"valueName\":\"search_term_string\"}}],\"inLanguage\":\"es\"}]}<\/script>\n<!-- \/ Yoast SEO Premium plugin. -->","yoast_head_json":{"title":"Turismo de familia - Tarnowskie Centrum Informacji","robots":{"index":"index","follow":"follow","max-snippet":"max-snippet:-1","max-image-preview":"max-image-preview:large","max-video-preview":"max-video-preview:-1"},"canonical":"https:\/\/www.it.tarnow.pl\/es\/atracciones\/turismo-de-familia\/","og_locale":"es_ES","og_type":"article","og_title":"Turismo de familia","og_description":"Tarn\u00f3w se hace cada vez m\u00e1s popular entre las personas que buscan nuevos sitios de descanso para toda la familia. La ciudad ofrece muchas atracciones a gente de cada edad. [&hellip;]","og_url":"https:\/\/www.it.tarnow.pl\/es\/atracciones\/turismo-de-familia\/","og_site_name":"Tarnowskie Centrum Informacji","article_modified_time":"2019-04-03T13:21:12+00:00","og_image":[{"url":"http:\/\/www.it.tarnow.pl\/wp-content\/uploads\/2019\/02\/slon-400x300.jpg","type":"","width":"","height":""}],"twitter_card":"summary_large_image","twitter_misc":{"Tiempo de lectura":"2 minutos"},"schema":{"@context":"https:\/\/schema.org","@graph":[{"@type":"WebPage","@id":"https:\/\/www.it.tarnow.pl\/es\/atracciones\/turismo-de-familia\/","url":"https:\/\/www.it.tarnow.pl\/es\/atracciones\/turismo-de-familia\/","name":"Turismo de familia - Tarnowskie Centrum Informacji","isPartOf":{"@id":"https:\/\/www.it.tarnow.pl\/#website"},"primaryImageOfPage":{"@id":"https:\/\/www.it.tarnow.pl\/es\/atracciones\/turismo-de-familia\/#primaryimage"},"image":{"@id":"https:\/\/www.it.tarnow.pl\/es\/atracciones\/turismo-de-familia\/#primaryimage"},"thumbnailUrl":"http:\/\/www.it.tarnow.pl\/wp-content\/uploads\/2019\/02\/slon-400x300.jpg","datePublished":"2015-11-03T08:07:11+00:00","dateModified":"2019-04-03T13:21:12+00:00","breadcrumb":{"@id":"https:\/\/www.it.tarnow.pl\/es\/atracciones\/turismo-de-familia\/#breadcrumb"},"inLanguage":"es","potentialAction":[{"@type":"ReadAction","target":["https:\/\/www.it.tarnow.pl\/es\/atracciones\/turismo-de-familia\/"]}]},{"@type":"ImageObject","inLanguage":"es","@id":"https:\/\/www.it.tarnow.pl\/es\/atracciones\/turismo-de-familia\/#primaryimage","url":"http:\/\/www.it.tarnow.pl\/wp-content\/uploads\/2019\/02\/slon-400x300.jpg","contentUrl":"http:\/\/www.it.tarnow.pl\/wp-content\/uploads\/2019\/02\/slon-400x300.jpg"},{"@type":"BreadcrumbList","@id":"https:\/\/www.it.tarnow.pl\/es\/atracciones\/turismo-de-familia\/#breadcrumb","itemListElement":[{"@type":"ListItem","position":1,"name":"P\u00e1gina de inicio","item":"https:\/\/www.it.tarnow.pl\/es\/"},{"@type":"ListItem","position":2,"name":"Atracciones","item":"https:\/\/www.it.tarnow.pl\/es\/atracciones\/"},{"@type":"ListItem","position":3,"name":"Turismo de familia"}]},{"@type":"WebSite","@id":"https:\/\/www.it.tarnow.pl\/#website","url":"https:\/\/www.it.tarnow.pl\/","name":"Tarnowskie Centrum Informacji","description":"Informacja turystyczna o Tarnowie i regionie tarnowskim.","potentialAction":[{"@type":"SearchAction","target":{"@type":"EntryPoint","urlTemplate":"https:\/\/www.it.tarnow.pl\/?s={search_term_string}"},"query-input":{"@type":"PropertyValueSpecification","valueRequired":true,"valueName":"search_term_string"}}],"inLanguage":"es"}]}},"_links":{"self":[{"href":"https:\/\/www.it.tarnow.pl\/es\/wp-json\/wp\/v2\/pages\/10121","targetHints":{"allow":["GET"]}}],"collection":[{"href":"https:\/\/www.it.tarnow.pl\/es\/wp-json\/wp\/v2\/pages"}],"about":[{"href":"https:\/\/www.it.tarnow.pl\/es\/wp-json\/wp\/v2\/types\/page"}],"author":[{"embeddable":true,"href":"https:\/\/www.it.tarnow.pl\/es\/wp-json\/wp\/v2\/users\/1"}],"replies":[{"embeddable":true,"href":"https:\/\/www.it.tarnow.pl\/es\/wp-json\/wp\/v2\/comments?post=10121"}],"version-history":[{"count":0,"href":"https:\/\/www.it.tarnow.pl\/es\/wp-json\/wp\/v2\/pages\/10121\/revisions"}],"up":[{"embeddable":true,"href":"https:\/\/www.it.tarnow.pl\/es\/wp-json\/wp\/v2\/pages\/10108"}],"wp:attachment":[{"href":"https:\/\/www.it.tarnow.pl\/es\/wp-json\/wp\/v2\/media?parent=10121"}],"wp:term":[{"taxonomy":"post_tag","embeddable":true,"href":"https:\/\/www.it.tarnow.pl\/es\/wp-json\/wp\/v2\/tags?post=10121"}],"curies":[{"name":"wp","href":"https:\/\/api.w.org\/{rel}","templated":true}]}}