{"id":10119,"date":"2015-11-02T15:30:44","date_gmt":"2015-11-02T14:30:44","guid":{"rendered":"http:\/\/www.it.tarnow.pl\/moscice-un-barrio-jardin-moderno\/"},"modified":"2019-04-03T15:21:10","modified_gmt":"2019-04-03T13:21:10","slug":"moscice-un-barrio-jardin-moderno","status":"publish","type":"page","link":"https:\/\/www.it.tarnow.pl\/es\/atracciones\/moscice-un-barrio-jardin-moderno\/","title":{"rendered":"Mo\u015bcice, un barrio-jard\u00edn moderno"},"content":{"rendered":"<img loading=\"lazy\" decoding=\"async\" width=\"400\" height=\"266\" class=\"size-medium alignright wp-image-21841\" src=\"http:\/\/www.it.tarnow.pl\/wp-content\/uploads\/2019\/02\/Moscice-Dom-Chemika-400x266.jpg\" alt=\"\" srcset=\"https:\/\/www.it.tarnow.pl\/wp-content\/uploads\/2019\/02\/Moscice-Dom-Chemika-400x266.jpg 400w, https:\/\/www.it.tarnow.pl\/wp-content\/uploads\/2019\/02\/Moscice-Dom-Chemika-300x200.jpg 300w, https:\/\/www.it.tarnow.pl\/wp-content\/uploads\/2019\/02\/Moscice-Dom-Chemika.jpg 643w\" sizes=\"auto, (max-width: 400px) 100vw, 400px\" \/><p>El barrio que se construy\u00f3 al lado de la f\u00e1brica que existe hasta hoy (Empresa de Productos de Nitr\u00f3geno). Mo\u015bcice es un barrio modernista. Los arquitectos querr\u00edan establecer un lugar ideal para la gente que trabajaba en la f\u00e1brica de entonces. Hab\u00eda de ser un barrio-jard\u00edn con muchos parques, jardines y plantas. <\/p> <img loading=\"lazy\" decoding=\"async\" width=\"400\" height=\"168\" class=\"size-medium alignright wp-image-22412\" src=\"http:\/\/www.it.tarnow.pl\/wp-content\/uploads\/2019\/02\/Moscice-106-400x168.jpg\" alt=\"\" srcset=\"https:\/\/www.it.tarnow.pl\/wp-content\/uploads\/2019\/02\/Moscice-106-400x168.jpg 400w, https:\/\/www.it.tarnow.pl\/wp-content\/uploads\/2019\/02\/Moscice-106-300x126.jpg 300w, https:\/\/www.it.tarnow.pl\/wp-content\/uploads\/2019\/02\/Moscice-106.jpg 643w\" sizes=\"auto, (max-width: 400px) 100vw, 400px\" \/><p>El plano del barrio ten\u00eda forma de la letra T y una de sus partes es la calle Kwiatkowskiego que separa el terreno de la f\u00e1brica de la urbanizaci\u00f3n. Las casas est\u00e1n situadas al lado de las avenidas con \u00e1rboles cuyos nombres han dado nombre a esas calles: G\u0142ogowa, Jarz\u0119binowa, Lipowa, Kasztanowa, Topolowa, Bia\u0142ych Klon\u00f3w, Czerwonych Klon\u00f3w, Jesionowa. La urbanizaci\u00f3n de Mo\u015bcice est\u00e1 en el registro de monumentos desde 1979.<\/p>","protected":false},"excerpt":{"rendered":"El barrio que se construy\u00f3 al lado de la f\u00e1brica que existe hasta hoy (Empresa de Productos de Nitr\u00f3geno). Mo\u015bcice es un barrio modernista. Los arquitectos querr\u00edan establecer un lugar [&hellip;]","protected":false},"author":1,"featured_media":0,"parent":10108,"menu_order":388,"comment_status":"closed","ping_status":"closed","template":"","meta":{"_acf_changed":false,"footnotes":""},"tags":[],"class_list":["post-10119","page","type-page","status-publish","hentry"],"acf":{"in_menu":null,"show_date":null,"intro_text":"","map":null},"yoast_head":"<!-- This site is optimized with the Yoast SEO Premium plugin v25.4 (Yoast SEO v25.4) - https:\/\/yoast.com\/wordpress\/plugins\/seo\/ -->\n<title>Mo\u015bcice, un barrio-jard\u00edn moderno - Tarnowskie Centrum Informacji<\/title>\n<meta name=\"robots\" content=\"index, follow, max-snippet:-1, max-image-preview:large, max-video-preview:-1\" \/>\n<link rel=\"canonical\" href=\"https:\/\/www.it.tarnow.pl\/es\/atracciones\/moscice-un-barrio-jardin-moderno\/\" \/>\n<meta property=\"og:locale\" content=\"es_ES\" \/>\n<meta property=\"og:type\" content=\"article\" \/>\n<meta property=\"og:title\" content=\"Mo\u015bcice, un barrio-jard\u00edn moderno\" \/>\n<meta property=\"og:description\" content=\"El barrio que se construy\u00f3 al lado de la f\u00e1brica que existe hasta hoy (Empresa de Productos de Nitr\u00f3geno). Mo\u015bcice es un barrio modernista. Los arquitectos querr\u00edan establecer un lugar [&hellip;]\" \/>\n<meta property=\"og:url\" content=\"https:\/\/www.it.tarnow.pl\/es\/atracciones\/moscice-un-barrio-jardin-moderno\/\" \/>\n<meta property=\"og:site_name\" content=\"Tarnowskie Centrum Informacji\" \/>\n<meta property=\"article:modified_time\" content=\"2019-04-03T13:21:10+00:00\" \/>\n<meta property=\"og:image\" content=\"http:\/\/www.it.tarnow.pl\/wp-content\/uploads\/2019\/02\/Moscice-Dom-Chemika-400x266.jpg\" \/>\n<meta name=\"twitter:card\" content=\"summary_large_image\" \/>\n<meta name=\"twitter:label1\" content=\"Tiempo de lectura\" \/>\n\t<meta name=\"twitter:data1\" content=\"1 minuto\" \/>\n<script type=\"application\/ld+json\" class=\"yoast-schema-graph\">{\"@context\":\"https:\/\/schema.org\",\"@graph\":[{\"@type\":\"WebPage\",\"@id\":\"https:\/\/www.it.tarnow.pl\/es\/atracciones\/moscice-un-barrio-jardin-moderno\/\",\"url\":\"https:\/\/www.it.tarnow.pl\/es\/atracciones\/moscice-un-barrio-jardin-moderno\/\",\"name\":\"Mo\u015bcice, un barrio-jard\u00edn moderno - Tarnowskie Centrum Informacji\",\"isPartOf\":{\"@id\":\"https:\/\/www.it.tarnow.pl\/#website\"},\"primaryImageOfPage\":{\"@id\":\"https:\/\/www.it.tarnow.pl\/es\/atracciones\/moscice-un-barrio-jardin-moderno\/#primaryimage\"},\"image\":{\"@id\":\"https:\/\/www.it.tarnow.pl\/es\/atracciones\/moscice-un-barrio-jardin-moderno\/#primaryimage\"},\"thumbnailUrl\":\"http:\/\/www.it.tarnow.pl\/wp-content\/uploads\/2019\/02\/Moscice-Dom-Chemika-400x266.jpg\",\"datePublished\":\"2015-11-02T14:30:44+00:00\",\"dateModified\":\"2019-04-03T13:21:10+00:00\",\"breadcrumb\":{\"@id\":\"https:\/\/www.it.tarnow.pl\/es\/atracciones\/moscice-un-barrio-jardin-moderno\/#breadcrumb\"},\"inLanguage\":\"es\",\"potentialAction\":[{\"@type\":\"ReadAction\",\"target\":[\"https:\/\/www.it.tarnow.pl\/es\/atracciones\/moscice-un-barrio-jardin-moderno\/\"]}]},{\"@type\":\"ImageObject\",\"inLanguage\":\"es\",\"@id\":\"https:\/\/www.it.tarnow.pl\/es\/atracciones\/moscice-un-barrio-jardin-moderno\/#primaryimage\",\"url\":\"http:\/\/www.it.tarnow.pl\/wp-content\/uploads\/2019\/02\/Moscice-Dom-Chemika-400x266.jpg\",\"contentUrl\":\"http:\/\/www.it.tarnow.pl\/wp-content\/uploads\/2019\/02\/Moscice-Dom-Chemika-400x266.jpg\"},{\"@type\":\"BreadcrumbList\",\"@id\":\"https:\/\/www.it.tarnow.pl\/es\/atracciones\/moscice-un-barrio-jardin-moderno\/#breadcrumb\",\"itemListElement\":[{\"@type\":\"ListItem\",\"position\":1,\"name\":\"P\u00e1gina de inicio\",\"item\":\"https:\/\/www.it.tarnow.pl\/es\/\"},{\"@type\":\"ListItem\",\"position\":2,\"name\":\"Atracciones\",\"item\":\"https:\/\/www.it.tarnow.pl\/es\/atracciones\/\"},{\"@type\":\"ListItem\",\"position\":3,\"name\":\"Mo\u015bcice, un barrio-jard\u00edn moderno\"}]},{\"@type\":\"WebSite\",\"@id\":\"https:\/\/www.it.tarnow.pl\/#website\",\"url\":\"https:\/\/www.it.tarnow.pl\/\",\"name\":\"Tarnowskie Centrum Informacji\",\"description\":\"Informacja turystyczna o Tarnowie i regionie tarnowskim.\",\"potentialAction\":[{\"@type\":\"SearchAction\",\"target\":{\"@type\":\"EntryPoint\",\"urlTemplate\":\"https:\/\/www.it.tarnow.pl\/?s={search_term_string}\"},\"query-input\":{\"@type\":\"PropertyValueSpecification\",\"valueRequired\":true,\"valueName\":\"search_term_string\"}}],\"inLanguage\":\"es\"}]}<\/script>\n<!-- \/ Yoast SEO Premium plugin. -->","yoast_head_json":{"title":"Mo\u015bcice, un barrio-jard\u00edn moderno - Tarnowskie Centrum Informacji","robots":{"index":"index","follow":"follow","max-snippet":"max-snippet:-1","max-image-preview":"max-image-preview:large","max-video-preview":"max-video-preview:-1"},"canonical":"https:\/\/www.it.tarnow.pl\/es\/atracciones\/moscice-un-barrio-jardin-moderno\/","og_locale":"es_ES","og_type":"article","og_title":"Mo\u015bcice, un barrio-jard\u00edn moderno","og_description":"El barrio que se construy\u00f3 al lado de la f\u00e1brica que existe hasta hoy (Empresa de Productos de Nitr\u00f3geno). Mo\u015bcice es un barrio modernista. Los arquitectos querr\u00edan establecer un lugar [&hellip;]","og_url":"https:\/\/www.it.tarnow.pl\/es\/atracciones\/moscice-un-barrio-jardin-moderno\/","og_site_name":"Tarnowskie Centrum Informacji","article_modified_time":"2019-04-03T13:21:10+00:00","og_image":[{"url":"http:\/\/www.it.tarnow.pl\/wp-content\/uploads\/2019\/02\/Moscice-Dom-Chemika-400x266.jpg","type":"","width":"","height":""}],"twitter_card":"summary_large_image","twitter_misc":{"Tiempo de lectura":"1 minuto"},"schema":{"@context":"https:\/\/schema.org","@graph":[{"@type":"WebPage","@id":"https:\/\/www.it.tarnow.pl\/es\/atracciones\/moscice-un-barrio-jardin-moderno\/","url":"https:\/\/www.it.tarnow.pl\/es\/atracciones\/moscice-un-barrio-jardin-moderno\/","name":"Mo\u015bcice, un barrio-jard\u00edn moderno - Tarnowskie Centrum Informacji","isPartOf":{"@id":"https:\/\/www.it.tarnow.pl\/#website"},"primaryImageOfPage":{"@id":"https:\/\/www.it.tarnow.pl\/es\/atracciones\/moscice-un-barrio-jardin-moderno\/#primaryimage"},"image":{"@id":"https:\/\/www.it.tarnow.pl\/es\/atracciones\/moscice-un-barrio-jardin-moderno\/#primaryimage"},"thumbnailUrl":"http:\/\/www.it.tarnow.pl\/wp-content\/uploads\/2019\/02\/Moscice-Dom-Chemika-400x266.jpg","datePublished":"2015-11-02T14:30:44+00:00","dateModified":"2019-04-03T13:21:10+00:00","breadcrumb":{"@id":"https:\/\/www.it.tarnow.pl\/es\/atracciones\/moscice-un-barrio-jardin-moderno\/#breadcrumb"},"inLanguage":"es","potentialAction":[{"@type":"ReadAction","target":["https:\/\/www.it.tarnow.pl\/es\/atracciones\/moscice-un-barrio-jardin-moderno\/"]}]},{"@type":"ImageObject","inLanguage":"es","@id":"https:\/\/www.it.tarnow.pl\/es\/atracciones\/moscice-un-barrio-jardin-moderno\/#primaryimage","url":"http:\/\/www.it.tarnow.pl\/wp-content\/uploads\/2019\/02\/Moscice-Dom-Chemika-400x266.jpg","contentUrl":"http:\/\/www.it.tarnow.pl\/wp-content\/uploads\/2019\/02\/Moscice-Dom-Chemika-400x266.jpg"},{"@type":"BreadcrumbList","@id":"https:\/\/www.it.tarnow.pl\/es\/atracciones\/moscice-un-barrio-jardin-moderno\/#breadcrumb","itemListElement":[{"@type":"ListItem","position":1,"name":"P\u00e1gina de inicio","item":"https:\/\/www.it.tarnow.pl\/es\/"},{"@type":"ListItem","position":2,"name":"Atracciones","item":"https:\/\/www.it.tarnow.pl\/es\/atracciones\/"},{"@type":"ListItem","position":3,"name":"Mo\u015bcice, un barrio-jard\u00edn moderno"}]},{"@type":"WebSite","@id":"https:\/\/www.it.tarnow.pl\/#website","url":"https:\/\/www.it.tarnow.pl\/","name":"Tarnowskie Centrum Informacji","description":"Informacja turystyczna o Tarnowie i regionie tarnowskim.","potentialAction":[{"@type":"SearchAction","target":{"@type":"EntryPoint","urlTemplate":"https:\/\/www.it.tarnow.pl\/?s={search_term_string}"},"query-input":{"@type":"PropertyValueSpecification","valueRequired":true,"valueName":"search_term_string"}}],"inLanguage":"es"}]}},"_links":{"self":[{"href":"https:\/\/www.it.tarnow.pl\/es\/wp-json\/wp\/v2\/pages\/10119","targetHints":{"allow":["GET"]}}],"collection":[{"href":"https:\/\/www.it.tarnow.pl\/es\/wp-json\/wp\/v2\/pages"}],"about":[{"href":"https:\/\/www.it.tarnow.pl\/es\/wp-json\/wp\/v2\/types\/page"}],"author":[{"embeddable":true,"href":"https:\/\/www.it.tarnow.pl\/es\/wp-json\/wp\/v2\/users\/1"}],"replies":[{"embeddable":true,"href":"https:\/\/www.it.tarnow.pl\/es\/wp-json\/wp\/v2\/comments?post=10119"}],"version-history":[{"count":0,"href":"https:\/\/www.it.tarnow.pl\/es\/wp-json\/wp\/v2\/pages\/10119\/revisions"}],"up":[{"embeddable":true,"href":"https:\/\/www.it.tarnow.pl\/es\/wp-json\/wp\/v2\/pages\/10108"}],"wp:attachment":[{"href":"https:\/\/www.it.tarnow.pl\/es\/wp-json\/wp\/v2\/media?parent=10119"}],"wp:term":[{"taxonomy":"post_tag","embeddable":true,"href":"https:\/\/www.it.tarnow.pl\/es\/wp-json\/wp\/v2\/tags?post=10119"}],"curies":[{"name":"wp","href":"https:\/\/api.w.org\/{rel}","templated":true}]}}