{"id":10118,"date":"2015-11-02T15:41:10","date_gmt":"2015-11-02T14:41:10","guid":{"rendered":"http:\/\/www.it.tarnow.pl\/el-encanto-de-los-pueblos-peqeunos\/"},"modified":"2019-04-03T15:21:09","modified_gmt":"2019-04-03T13:21:09","slug":"el-encanto-de-los-pueblos-peqeunos","status":"publish","type":"page","link":"https:\/\/www.it.tarnow.pl\/es\/atracciones\/el-encanto-de-los-pueblos-peqeunos\/","title":{"rendered":"El encanto de los pueblos peqeu\u00f1os"},"content":{"rendered":"<img loading=\"lazy\" decoding=\"async\" width=\"400\" height=\"300\" class=\"size-medium alignright wp-image-25708\" src=\"http:\/\/www.it.tarnow.pl\/wp-content\/uploads\/2019\/02\/Lipnica-Murowana-Rynek-1-400x300.jpg\" alt=\"\" srcset=\"https:\/\/www.it.tarnow.pl\/wp-content\/uploads\/2019\/02\/Lipnica-Murowana-Rynek-1-400x300.jpg 400w, https:\/\/www.it.tarnow.pl\/wp-content\/uploads\/2019\/02\/Lipnica-Murowana-Rynek-1-768x576.jpg 768w, https:\/\/www.it.tarnow.pl\/wp-content\/uploads\/2019\/02\/Lipnica-Murowana-Rynek-1-650x488.jpg 650w, https:\/\/www.it.tarnow.pl\/wp-content\/uploads\/2019\/02\/Lipnica-Murowana-Rynek-1-300x225.jpg 300w, https:\/\/www.it.tarnow.pl\/wp-content\/uploads\/2019\/02\/Lipnica-Murowana-Rynek-1.jpg 1024w\" sizes=\"auto, (max-width: 400px) 100vw, 400px\" \/><p>Los pueblos m\u00e1s famosos Ci\u0119\u017ckowice, Czch\u00f3w, Lipnica Murowana, Nowy Wi\u015bnicz, Tuch\u00f3w, Wojnicz y Zakliczyn tienen algo en com\u00fan, todos son encantadores y tranquilos. La mayor\u00eda de ellos es del siglo XIV y hasta hoy guarda la forma de la ciudad medieval, que significa plazas mayores rodeadas de casas con p\u00f3rticos de madera. Hay all\u00ed iglesias y museos que presentan historia y cultura local.<\/p>\n<p>En Ci\u0119\u017ckowice a pesar de la plaza mayor hay que ver reserva natural \u201cLa ciudad de piedra\u201d y la residencia del compositor y primer ministro de la II Republica Polaca Jan Paderewski en K\u0105\u015bna Dolna.<\/p> <img loading=\"lazy\" decoding=\"async\" width=\"400\" height=\"300\" class=\"size-medium alignright wp-image-25659\" src=\"http:\/\/www.it.tarnow.pl\/wp-content\/uploads\/2019\/02\/Ciezkowice-2-400x300.jpg\" alt=\"\" srcset=\"https:\/\/www.it.tarnow.pl\/wp-content\/uploads\/2019\/02\/Ciezkowice-2-400x300.jpg 400w, https:\/\/www.it.tarnow.pl\/wp-content\/uploads\/2019\/02\/Ciezkowice-2-768x576.jpg 768w, https:\/\/www.it.tarnow.pl\/wp-content\/uploads\/2019\/02\/Ciezkowice-2-650x488.jpg 650w, https:\/\/www.it.tarnow.pl\/wp-content\/uploads\/2019\/02\/Ciezkowice-2-300x225.jpg 300w, https:\/\/www.it.tarnow.pl\/wp-content\/uploads\/2019\/02\/Ciezkowice-2.jpg 1024w\" sizes=\"auto, (max-width: 400px) 100vw, 400px\" \/><p>En Czch\u00f3w merece la pena ver la iglesia del Nacimiento de Santa Mar\u00eda, una de las iglesias de piedra m\u00e1s antiguas de la regi\u00f3n, un baptisterio del a\u00f1o 1506.<\/p>\n<p>Lipnica Murowana es famosa por sus palmeras de Pascuas que alcanzan la altura de 35 metros.<\/p>\n<p>Al monasterio de Tuch\u00f3w llegan cada a\u00f1o miles de peregrinos. Los ni\u00f1os visitan con gusto el bel\u00e9n m\u00f3vil y el museo de misiones de Africa, Am\u00e9rica y Oceania.<\/p>\n<p>Wojnicz, el pueblo m\u00e1s antiguo de la regi\u00f3n, invita a visitar las murallas y la iglesia de madera del siglo XV.<br>En Zakliczyn se puede probar los platos de la verdura t\u00edpica, jud\u00eda, especialmente durante la fiesta de jud\u00eda en septiembre. All\u00ed tambi\u00e9n se encuentran las casas construidas de manera muy original con nueve pilares que sostienen el tejado.<\/p>","protected":false},"excerpt":{"rendered":"Los pueblos m\u00e1s famosos Ci\u0119\u017ckowice, Czch\u00f3w, Lipnica Murowana, Nowy Wi\u015bnicz, Tuch\u00f3w, Wojnicz y Zakliczyn tienen algo en com\u00fan, todos son encantadores y tranquilos. La mayor\u00eda de ellos es del siglo [&hellip;]","protected":false},"author":1,"featured_media":0,"parent":10108,"menu_order":360,"comment_status":"closed","ping_status":"closed","template":"","meta":{"_acf_changed":false,"footnotes":""},"tags":[],"class_list":["post-10118","page","type-page","status-publish","hentry"],"acf":{"in_menu":null,"show_date":null,"intro_text":"<img class=\"size-medium alignleft wp-image-25708\" src=\"http:\/\/www.it.tarnow.pl\/wp-content\/uploads\/2019\/02\/Lipnica-Murowana-Rynek-1-400x300.jpg\" alt=\"\"><p>Los pueblos m\u00e1s famosos Ci\u0119\u017ckowice, Czch\u00f3w, Lipnica Murowana, Nowy Wi\u015bnicz, Tuch\u00f3w, Wojnicz y Zakliczyn tienen algo en com\u00fan, todos son encantadores y tranquilos. La mayor\u00eda de ellos es del siglo XIV y hasta hoy guarda la forma de la ciudad medieval, que significa plazas mayores rodeadas de casas con p\u00f3rticos de madera. Hay all\u00ed iglesias y museos que presentan historia y cultura local.<\/p>","map":null},"yoast_head":"<!-- This site is optimized with the Yoast SEO Premium plugin v25.4 (Yoast SEO v25.4) - https:\/\/yoast.com\/wordpress\/plugins\/seo\/ -->\n<title>El encanto de los pueblos peqeu\u00f1os - Tarnowskie Centrum Informacji<\/title>\n<meta name=\"robots\" content=\"index, follow, max-snippet:-1, max-image-preview:large, max-video-preview:-1\" \/>\n<link rel=\"canonical\" href=\"https:\/\/www.it.tarnow.pl\/es\/atracciones\/el-encanto-de-los-pueblos-peqeunos\/\" \/>\n<meta property=\"og:locale\" content=\"es_ES\" \/>\n<meta property=\"og:type\" content=\"article\" \/>\n<meta property=\"og:title\" content=\"El encanto de los pueblos peqeu\u00f1os\" \/>\n<meta property=\"og:description\" content=\"Los pueblos m\u00e1s famosos Ci\u0119\u017ckowice, Czch\u00f3w, Lipnica Murowana, Nowy Wi\u015bnicz, Tuch\u00f3w, Wojnicz y Zakliczyn tienen algo en com\u00fan, todos son encantadores y tranquilos. La mayor\u00eda de ellos es del siglo [&hellip;]\" \/>\n<meta property=\"og:url\" content=\"https:\/\/www.it.tarnow.pl\/es\/atracciones\/el-encanto-de-los-pueblos-peqeunos\/\" \/>\n<meta property=\"og:site_name\" content=\"Tarnowskie Centrum Informacji\" \/>\n<meta property=\"article:modified_time\" content=\"2019-04-03T13:21:09+00:00\" \/>\n<meta property=\"og:image\" content=\"http:\/\/www.it.tarnow.pl\/wp-content\/uploads\/2019\/02\/Lipnica-Murowana-Rynek-1-400x300.jpg\" \/>\n<meta name=\"twitter:card\" content=\"summary_large_image\" \/>\n<meta name=\"twitter:label1\" content=\"Tiempo de lectura\" \/>\n\t<meta name=\"twitter:data1\" content=\"1 minuto\" \/>\n<script type=\"application\/ld+json\" class=\"yoast-schema-graph\">{\"@context\":\"https:\/\/schema.org\",\"@graph\":[{\"@type\":\"WebPage\",\"@id\":\"https:\/\/www.it.tarnow.pl\/es\/atracciones\/el-encanto-de-los-pueblos-peqeunos\/\",\"url\":\"https:\/\/www.it.tarnow.pl\/es\/atracciones\/el-encanto-de-los-pueblos-peqeunos\/\",\"name\":\"El encanto de los pueblos peqeu\u00f1os - Tarnowskie Centrum Informacji\",\"isPartOf\":{\"@id\":\"https:\/\/www.it.tarnow.pl\/#website\"},\"primaryImageOfPage\":{\"@id\":\"https:\/\/www.it.tarnow.pl\/es\/atracciones\/el-encanto-de-los-pueblos-peqeunos\/#primaryimage\"},\"image\":{\"@id\":\"https:\/\/www.it.tarnow.pl\/es\/atracciones\/el-encanto-de-los-pueblos-peqeunos\/#primaryimage\"},\"thumbnailUrl\":\"http:\/\/www.it.tarnow.pl\/wp-content\/uploads\/2019\/02\/Lipnica-Murowana-Rynek-1-400x300.jpg\",\"datePublished\":\"2015-11-02T14:41:10+00:00\",\"dateModified\":\"2019-04-03T13:21:09+00:00\",\"breadcrumb\":{\"@id\":\"https:\/\/www.it.tarnow.pl\/es\/atracciones\/el-encanto-de-los-pueblos-peqeunos\/#breadcrumb\"},\"inLanguage\":\"es\",\"potentialAction\":[{\"@type\":\"ReadAction\",\"target\":[\"https:\/\/www.it.tarnow.pl\/es\/atracciones\/el-encanto-de-los-pueblos-peqeunos\/\"]}]},{\"@type\":\"ImageObject\",\"inLanguage\":\"es\",\"@id\":\"https:\/\/www.it.tarnow.pl\/es\/atracciones\/el-encanto-de-los-pueblos-peqeunos\/#primaryimage\",\"url\":\"http:\/\/www.it.tarnow.pl\/wp-content\/uploads\/2019\/02\/Lipnica-Murowana-Rynek-1-400x300.jpg\",\"contentUrl\":\"http:\/\/www.it.tarnow.pl\/wp-content\/uploads\/2019\/02\/Lipnica-Murowana-Rynek-1-400x300.jpg\"},{\"@type\":\"BreadcrumbList\",\"@id\":\"https:\/\/www.it.tarnow.pl\/es\/atracciones\/el-encanto-de-los-pueblos-peqeunos\/#breadcrumb\",\"itemListElement\":[{\"@type\":\"ListItem\",\"position\":1,\"name\":\"P\u00e1gina de inicio\",\"item\":\"https:\/\/www.it.tarnow.pl\/es\/\"},{\"@type\":\"ListItem\",\"position\":2,\"name\":\"Atracciones\",\"item\":\"https:\/\/www.it.tarnow.pl\/es\/atracciones\/\"},{\"@type\":\"ListItem\",\"position\":3,\"name\":\"El encanto de los pueblos peqeu\u00f1os\"}]},{\"@type\":\"WebSite\",\"@id\":\"https:\/\/www.it.tarnow.pl\/#website\",\"url\":\"https:\/\/www.it.tarnow.pl\/\",\"name\":\"Tarnowskie Centrum Informacji\",\"description\":\"Informacja turystyczna o Tarnowie i regionie tarnowskim.\",\"potentialAction\":[{\"@type\":\"SearchAction\",\"target\":{\"@type\":\"EntryPoint\",\"urlTemplate\":\"https:\/\/www.it.tarnow.pl\/?s={search_term_string}\"},\"query-input\":{\"@type\":\"PropertyValueSpecification\",\"valueRequired\":true,\"valueName\":\"search_term_string\"}}],\"inLanguage\":\"es\"}]}<\/script>\n<!-- \/ Yoast SEO Premium plugin. -->","yoast_head_json":{"title":"El encanto de los pueblos peqeu\u00f1os - Tarnowskie Centrum Informacji","robots":{"index":"index","follow":"follow","max-snippet":"max-snippet:-1","max-image-preview":"max-image-preview:large","max-video-preview":"max-video-preview:-1"},"canonical":"https:\/\/www.it.tarnow.pl\/es\/atracciones\/el-encanto-de-los-pueblos-peqeunos\/","og_locale":"es_ES","og_type":"article","og_title":"El encanto de los pueblos peqeu\u00f1os","og_description":"Los pueblos m\u00e1s famosos Ci\u0119\u017ckowice, Czch\u00f3w, Lipnica Murowana, Nowy Wi\u015bnicz, Tuch\u00f3w, Wojnicz y Zakliczyn tienen algo en com\u00fan, todos son encantadores y tranquilos. La mayor\u00eda de ellos es del siglo [&hellip;]","og_url":"https:\/\/www.it.tarnow.pl\/es\/atracciones\/el-encanto-de-los-pueblos-peqeunos\/","og_site_name":"Tarnowskie Centrum Informacji","article_modified_time":"2019-04-03T13:21:09+00:00","og_image":[{"url":"http:\/\/www.it.tarnow.pl\/wp-content\/uploads\/2019\/02\/Lipnica-Murowana-Rynek-1-400x300.jpg","type":"","width":"","height":""}],"twitter_card":"summary_large_image","twitter_misc":{"Tiempo de lectura":"1 minuto"},"schema":{"@context":"https:\/\/schema.org","@graph":[{"@type":"WebPage","@id":"https:\/\/www.it.tarnow.pl\/es\/atracciones\/el-encanto-de-los-pueblos-peqeunos\/","url":"https:\/\/www.it.tarnow.pl\/es\/atracciones\/el-encanto-de-los-pueblos-peqeunos\/","name":"El encanto de los pueblos peqeu\u00f1os - Tarnowskie Centrum Informacji","isPartOf":{"@id":"https:\/\/www.it.tarnow.pl\/#website"},"primaryImageOfPage":{"@id":"https:\/\/www.it.tarnow.pl\/es\/atracciones\/el-encanto-de-los-pueblos-peqeunos\/#primaryimage"},"image":{"@id":"https:\/\/www.it.tarnow.pl\/es\/atracciones\/el-encanto-de-los-pueblos-peqeunos\/#primaryimage"},"thumbnailUrl":"http:\/\/www.it.tarnow.pl\/wp-content\/uploads\/2019\/02\/Lipnica-Murowana-Rynek-1-400x300.jpg","datePublished":"2015-11-02T14:41:10+00:00","dateModified":"2019-04-03T13:21:09+00:00","breadcrumb":{"@id":"https:\/\/www.it.tarnow.pl\/es\/atracciones\/el-encanto-de-los-pueblos-peqeunos\/#breadcrumb"},"inLanguage":"es","potentialAction":[{"@type":"ReadAction","target":["https:\/\/www.it.tarnow.pl\/es\/atracciones\/el-encanto-de-los-pueblos-peqeunos\/"]}]},{"@type":"ImageObject","inLanguage":"es","@id":"https:\/\/www.it.tarnow.pl\/es\/atracciones\/el-encanto-de-los-pueblos-peqeunos\/#primaryimage","url":"http:\/\/www.it.tarnow.pl\/wp-content\/uploads\/2019\/02\/Lipnica-Murowana-Rynek-1-400x300.jpg","contentUrl":"http:\/\/www.it.tarnow.pl\/wp-content\/uploads\/2019\/02\/Lipnica-Murowana-Rynek-1-400x300.jpg"},{"@type":"BreadcrumbList","@id":"https:\/\/www.it.tarnow.pl\/es\/atracciones\/el-encanto-de-los-pueblos-peqeunos\/#breadcrumb","itemListElement":[{"@type":"ListItem","position":1,"name":"P\u00e1gina de inicio","item":"https:\/\/www.it.tarnow.pl\/es\/"},{"@type":"ListItem","position":2,"name":"Atracciones","item":"https:\/\/www.it.tarnow.pl\/es\/atracciones\/"},{"@type":"ListItem","position":3,"name":"El encanto de los pueblos peqeu\u00f1os"}]},{"@type":"WebSite","@id":"https:\/\/www.it.tarnow.pl\/#website","url":"https:\/\/www.it.tarnow.pl\/","name":"Tarnowskie Centrum Informacji","description":"Informacja turystyczna o Tarnowie i regionie tarnowskim.","potentialAction":[{"@type":"SearchAction","target":{"@type":"EntryPoint","urlTemplate":"https:\/\/www.it.tarnow.pl\/?s={search_term_string}"},"query-input":{"@type":"PropertyValueSpecification","valueRequired":true,"valueName":"search_term_string"}}],"inLanguage":"es"}]}},"_links":{"self":[{"href":"https:\/\/www.it.tarnow.pl\/es\/wp-json\/wp\/v2\/pages\/10118","targetHints":{"allow":["GET"]}}],"collection":[{"href":"https:\/\/www.it.tarnow.pl\/es\/wp-json\/wp\/v2\/pages"}],"about":[{"href":"https:\/\/www.it.tarnow.pl\/es\/wp-json\/wp\/v2\/types\/page"}],"author":[{"embeddable":true,"href":"https:\/\/www.it.tarnow.pl\/es\/wp-json\/wp\/v2\/users\/1"}],"replies":[{"embeddable":true,"href":"https:\/\/www.it.tarnow.pl\/es\/wp-json\/wp\/v2\/comments?post=10118"}],"version-history":[{"count":0,"href":"https:\/\/www.it.tarnow.pl\/es\/wp-json\/wp\/v2\/pages\/10118\/revisions"}],"up":[{"embeddable":true,"href":"https:\/\/www.it.tarnow.pl\/es\/wp-json\/wp\/v2\/pages\/10108"}],"wp:attachment":[{"href":"https:\/\/www.it.tarnow.pl\/es\/wp-json\/wp\/v2\/media?parent=10118"}],"wp:term":[{"taxonomy":"post_tag","embeddable":true,"href":"https:\/\/www.it.tarnow.pl\/es\/wp-json\/wp\/v2\/tags?post=10118"}],"curies":[{"name":"wp","href":"https:\/\/api.w.org\/{rel}","templated":true}]}}