{"id":10117,"date":"2015-11-02T15:38:53","date_gmt":"2015-11-02T14:38:53","guid":{"rendered":"http:\/\/www.it.tarnow.pl\/siguiendo-los-pasos-de-juan-pablo-ii\/"},"modified":"2019-04-03T15:21:08","modified_gmt":"2019-04-03T13:21:08","slug":"siguiendo-los-pasos-de-juan-pablo-ii","status":"publish","type":"page","link":"https:\/\/www.it.tarnow.pl\/es\/atracciones\/siguiendo-los-pasos-de-juan-pablo-ii\/","title":{"rendered":"Siguiendo los pasos de Juan Pablo II"},"content":{"rendered":"<img loading=\"lazy\" decoding=\"async\" width=\"210\" height=\"280\" class=\"size-medium alignright wp-image-35905\" src=\"http:\/\/www.it.tarnow.pl\/wp-content\/uploads\/2019\/02\/pmn_jpII-1.jpg\" alt=\"\"><p>Karol Wojty\u0142a, el papa Juan Pablo II\u00a0visit\u00f3 Tarn\u00f3w muchas veces cuando todav\u00eda era obispo y metropolitano de Krak\u00f3w. Estuvo aqu\u00ed en septiembre de 1978 y en junio de 1987. En el palacio de obispos en la calle Mo\u015bcickiego est\u00e1 la segunda ventana del papa y la \u00fanica fuera de Krak\u00f3w. El 9 de junio de 1987 de esta ventana el papa se\u00a0dirigi\u00f3 hacia el p\u00fablico. Un d\u00eda despu\u00e9s en presencia de dos milliones de fieles Juan Pablo II beatific\u00f3 a Karolina K\u00f3zka, una m\u00e1rtir polaca. Hoy en este lugar se encuentra la iglesia con recuerdos: el trono, el altar y el cuadro del proceso de beatificaci\u00f3n de Karolina K\u00f3zka. Delante de la catedral de Tarn\u00f3w se puede admirar el primer monumento al papa, hecho en el a\u00f1o 1981.<\/p>","protected":false},"excerpt":{"rendered":"Karol Wojty\u0142a, el papa Juan Pablo II\u00a0visit\u00f3 Tarn\u00f3w muchas veces cuando todav\u00eda era obispo y metropolitano de Krak\u00f3w. Estuvo aqu\u00ed en septiembre de 1978 y en junio de 1987. En [&hellip;]","protected":false},"author":1,"featured_media":0,"parent":10108,"menu_order":336,"comment_status":"closed","ping_status":"closed","template":"","meta":{"_acf_changed":false,"footnotes":""},"tags":[],"class_list":["post-10117","page","type-page","status-publish","hentry"],"acf":{"in_menu":null,"show_date":null,"intro_text":"","map":null},"yoast_head":"<!-- This site is optimized with the Yoast SEO Premium plugin v25.4 (Yoast SEO v25.4) - https:\/\/yoast.com\/wordpress\/plugins\/seo\/ -->\n<title>Siguiendo los pasos de Juan Pablo II - Tarnowskie Centrum Informacji<\/title>\n<meta name=\"robots\" content=\"index, follow, max-snippet:-1, max-image-preview:large, max-video-preview:-1\" \/>\n<link rel=\"canonical\" href=\"https:\/\/www.it.tarnow.pl\/es\/atracciones\/siguiendo-los-pasos-de-juan-pablo-ii\/\" \/>\n<meta property=\"og:locale\" content=\"es_ES\" \/>\n<meta property=\"og:type\" content=\"article\" \/>\n<meta property=\"og:title\" content=\"Siguiendo los pasos de Juan Pablo II\" \/>\n<meta property=\"og:description\" content=\"Karol Wojty\u0142a, el papa Juan Pablo II\u00a0visit\u00f3 Tarn\u00f3w muchas veces cuando todav\u00eda era obispo y metropolitano de Krak\u00f3w. Estuvo aqu\u00ed en septiembre de 1978 y en junio de 1987. En [&hellip;]\" \/>\n<meta property=\"og:url\" content=\"https:\/\/www.it.tarnow.pl\/es\/atracciones\/siguiendo-los-pasos-de-juan-pablo-ii\/\" \/>\n<meta property=\"og:site_name\" content=\"Tarnowskie Centrum Informacji\" \/>\n<meta property=\"article:modified_time\" content=\"2019-04-03T13:21:08+00:00\" \/>\n<meta property=\"og:image\" content=\"http:\/\/www.it.tarnow.pl\/wp-content\/uploads\/2019\/02\/pmn_jpII-1.jpg\" \/>\n<meta name=\"twitter:card\" content=\"summary_large_image\" \/>\n<meta name=\"twitter:label1\" content=\"Tiempo de lectura\" \/>\n\t<meta name=\"twitter:data1\" content=\"1 minuto\" \/>\n<script type=\"application\/ld+json\" class=\"yoast-schema-graph\">{\"@context\":\"https:\/\/schema.org\",\"@graph\":[{\"@type\":\"WebPage\",\"@id\":\"https:\/\/www.it.tarnow.pl\/es\/atracciones\/siguiendo-los-pasos-de-juan-pablo-ii\/\",\"url\":\"https:\/\/www.it.tarnow.pl\/es\/atracciones\/siguiendo-los-pasos-de-juan-pablo-ii\/\",\"name\":\"Siguiendo los pasos de Juan Pablo II - Tarnowskie Centrum Informacji\",\"isPartOf\":{\"@id\":\"https:\/\/www.it.tarnow.pl\/#website\"},\"primaryImageOfPage\":{\"@id\":\"https:\/\/www.it.tarnow.pl\/es\/atracciones\/siguiendo-los-pasos-de-juan-pablo-ii\/#primaryimage\"},\"image\":{\"@id\":\"https:\/\/www.it.tarnow.pl\/es\/atracciones\/siguiendo-los-pasos-de-juan-pablo-ii\/#primaryimage\"},\"thumbnailUrl\":\"http:\/\/www.it.tarnow.pl\/wp-content\/uploads\/2019\/02\/pmn_jpII-1.jpg\",\"datePublished\":\"2015-11-02T14:38:53+00:00\",\"dateModified\":\"2019-04-03T13:21:08+00:00\",\"breadcrumb\":{\"@id\":\"https:\/\/www.it.tarnow.pl\/es\/atracciones\/siguiendo-los-pasos-de-juan-pablo-ii\/#breadcrumb\"},\"inLanguage\":\"es\",\"potentialAction\":[{\"@type\":\"ReadAction\",\"target\":[\"https:\/\/www.it.tarnow.pl\/es\/atracciones\/siguiendo-los-pasos-de-juan-pablo-ii\/\"]}]},{\"@type\":\"ImageObject\",\"inLanguage\":\"es\",\"@id\":\"https:\/\/www.it.tarnow.pl\/es\/atracciones\/siguiendo-los-pasos-de-juan-pablo-ii\/#primaryimage\",\"url\":\"http:\/\/www.it.tarnow.pl\/wp-content\/uploads\/2019\/02\/pmn_jpII-1.jpg\",\"contentUrl\":\"http:\/\/www.it.tarnow.pl\/wp-content\/uploads\/2019\/02\/pmn_jpII-1.jpg\"},{\"@type\":\"BreadcrumbList\",\"@id\":\"https:\/\/www.it.tarnow.pl\/es\/atracciones\/siguiendo-los-pasos-de-juan-pablo-ii\/#breadcrumb\",\"itemListElement\":[{\"@type\":\"ListItem\",\"position\":1,\"name\":\"P\u00e1gina de inicio\",\"item\":\"https:\/\/www.it.tarnow.pl\/es\/\"},{\"@type\":\"ListItem\",\"position\":2,\"name\":\"Atracciones\",\"item\":\"https:\/\/www.it.tarnow.pl\/es\/atracciones\/\"},{\"@type\":\"ListItem\",\"position\":3,\"name\":\"Siguiendo los pasos de Juan Pablo II\"}]},{\"@type\":\"WebSite\",\"@id\":\"https:\/\/www.it.tarnow.pl\/#website\",\"url\":\"https:\/\/www.it.tarnow.pl\/\",\"name\":\"Tarnowskie Centrum Informacji\",\"description\":\"Informacja turystyczna o Tarnowie i regionie tarnowskim.\",\"potentialAction\":[{\"@type\":\"SearchAction\",\"target\":{\"@type\":\"EntryPoint\",\"urlTemplate\":\"https:\/\/www.it.tarnow.pl\/?s={search_term_string}\"},\"query-input\":{\"@type\":\"PropertyValueSpecification\",\"valueRequired\":true,\"valueName\":\"search_term_string\"}}],\"inLanguage\":\"es\"}]}<\/script>\n<!-- \/ Yoast SEO Premium plugin. -->","yoast_head_json":{"title":"Siguiendo los pasos de Juan Pablo II - Tarnowskie Centrum Informacji","robots":{"index":"index","follow":"follow","max-snippet":"max-snippet:-1","max-image-preview":"max-image-preview:large","max-video-preview":"max-video-preview:-1"},"canonical":"https:\/\/www.it.tarnow.pl\/es\/atracciones\/siguiendo-los-pasos-de-juan-pablo-ii\/","og_locale":"es_ES","og_type":"article","og_title":"Siguiendo los pasos de Juan Pablo II","og_description":"Karol Wojty\u0142a, el papa Juan Pablo II\u00a0visit\u00f3 Tarn\u00f3w muchas veces cuando todav\u00eda era obispo y metropolitano de Krak\u00f3w. Estuvo aqu\u00ed en septiembre de 1978 y en junio de 1987. En [&hellip;]","og_url":"https:\/\/www.it.tarnow.pl\/es\/atracciones\/siguiendo-los-pasos-de-juan-pablo-ii\/","og_site_name":"Tarnowskie Centrum Informacji","article_modified_time":"2019-04-03T13:21:08+00:00","og_image":[{"url":"http:\/\/www.it.tarnow.pl\/wp-content\/uploads\/2019\/02\/pmn_jpII-1.jpg","type":"","width":"","height":""}],"twitter_card":"summary_large_image","twitter_misc":{"Tiempo de lectura":"1 minuto"},"schema":{"@context":"https:\/\/schema.org","@graph":[{"@type":"WebPage","@id":"https:\/\/www.it.tarnow.pl\/es\/atracciones\/siguiendo-los-pasos-de-juan-pablo-ii\/","url":"https:\/\/www.it.tarnow.pl\/es\/atracciones\/siguiendo-los-pasos-de-juan-pablo-ii\/","name":"Siguiendo los pasos de Juan Pablo II - Tarnowskie Centrum Informacji","isPartOf":{"@id":"https:\/\/www.it.tarnow.pl\/#website"},"primaryImageOfPage":{"@id":"https:\/\/www.it.tarnow.pl\/es\/atracciones\/siguiendo-los-pasos-de-juan-pablo-ii\/#primaryimage"},"image":{"@id":"https:\/\/www.it.tarnow.pl\/es\/atracciones\/siguiendo-los-pasos-de-juan-pablo-ii\/#primaryimage"},"thumbnailUrl":"http:\/\/www.it.tarnow.pl\/wp-content\/uploads\/2019\/02\/pmn_jpII-1.jpg","datePublished":"2015-11-02T14:38:53+00:00","dateModified":"2019-04-03T13:21:08+00:00","breadcrumb":{"@id":"https:\/\/www.it.tarnow.pl\/es\/atracciones\/siguiendo-los-pasos-de-juan-pablo-ii\/#breadcrumb"},"inLanguage":"es","potentialAction":[{"@type":"ReadAction","target":["https:\/\/www.it.tarnow.pl\/es\/atracciones\/siguiendo-los-pasos-de-juan-pablo-ii\/"]}]},{"@type":"ImageObject","inLanguage":"es","@id":"https:\/\/www.it.tarnow.pl\/es\/atracciones\/siguiendo-los-pasos-de-juan-pablo-ii\/#primaryimage","url":"http:\/\/www.it.tarnow.pl\/wp-content\/uploads\/2019\/02\/pmn_jpII-1.jpg","contentUrl":"http:\/\/www.it.tarnow.pl\/wp-content\/uploads\/2019\/02\/pmn_jpII-1.jpg"},{"@type":"BreadcrumbList","@id":"https:\/\/www.it.tarnow.pl\/es\/atracciones\/siguiendo-los-pasos-de-juan-pablo-ii\/#breadcrumb","itemListElement":[{"@type":"ListItem","position":1,"name":"P\u00e1gina de inicio","item":"https:\/\/www.it.tarnow.pl\/es\/"},{"@type":"ListItem","position":2,"name":"Atracciones","item":"https:\/\/www.it.tarnow.pl\/es\/atracciones\/"},{"@type":"ListItem","position":3,"name":"Siguiendo los pasos de Juan Pablo II"}]},{"@type":"WebSite","@id":"https:\/\/www.it.tarnow.pl\/#website","url":"https:\/\/www.it.tarnow.pl\/","name":"Tarnowskie Centrum Informacji","description":"Informacja turystyczna o Tarnowie i regionie tarnowskim.","potentialAction":[{"@type":"SearchAction","target":{"@type":"EntryPoint","urlTemplate":"https:\/\/www.it.tarnow.pl\/?s={search_term_string}"},"query-input":{"@type":"PropertyValueSpecification","valueRequired":true,"valueName":"search_term_string"}}],"inLanguage":"es"}]}},"_links":{"self":[{"href":"https:\/\/www.it.tarnow.pl\/es\/wp-json\/wp\/v2\/pages\/10117","targetHints":{"allow":["GET"]}}],"collection":[{"href":"https:\/\/www.it.tarnow.pl\/es\/wp-json\/wp\/v2\/pages"}],"about":[{"href":"https:\/\/www.it.tarnow.pl\/es\/wp-json\/wp\/v2\/types\/page"}],"author":[{"embeddable":true,"href":"https:\/\/www.it.tarnow.pl\/es\/wp-json\/wp\/v2\/users\/1"}],"replies":[{"embeddable":true,"href":"https:\/\/www.it.tarnow.pl\/es\/wp-json\/wp\/v2\/comments?post=10117"}],"version-history":[{"count":0,"href":"https:\/\/www.it.tarnow.pl\/es\/wp-json\/wp\/v2\/pages\/10117\/revisions"}],"up":[{"embeddable":true,"href":"https:\/\/www.it.tarnow.pl\/es\/wp-json\/wp\/v2\/pages\/10108"}],"wp:attachment":[{"href":"https:\/\/www.it.tarnow.pl\/es\/wp-json\/wp\/v2\/media?parent=10117"}],"wp:term":[{"taxonomy":"post_tag","embeddable":true,"href":"https:\/\/www.it.tarnow.pl\/es\/wp-json\/wp\/v2\/tags?post=10117"}],"curies":[{"name":"wp","href":"https:\/\/api.w.org\/{rel}","templated":true}]}}