{"id":10116,"date":"2015-11-02T15:29:05","date_gmt":"2015-11-02T14:29:05","guid":{"rendered":"http:\/\/www.it.tarnow.pl\/turismo-religioso\/"},"modified":"2019-04-03T15:21:08","modified_gmt":"2019-04-03T13:21:08","slug":"turismo-religioso","status":"publish","type":"page","link":"https:\/\/www.it.tarnow.pl\/es\/atracciones\/turismo-religioso\/","title":{"rendered":"Turismo religioso"},"content":{"rendered":"<img loading=\"lazy\" decoding=\"async\" width=\"400\" height=\"300\" class=\"size-medium alignright wp-image-21469\" src=\"http:\/\/www.it.tarnow.pl\/wp-content\/uploads\/2019\/02\/TARNOW-Muzeum-Diecezjalne-1-400x300.jpg\" alt=\"\" srcset=\"https:\/\/www.it.tarnow.pl\/wp-content\/uploads\/2019\/02\/TARNOW-Muzeum-Diecezjalne-1-400x300.jpg 400w, https:\/\/www.it.tarnow.pl\/wp-content\/uploads\/2019\/02\/TARNOW-Muzeum-Diecezjalne-1-768x576.jpg 768w, https:\/\/www.it.tarnow.pl\/wp-content\/uploads\/2019\/02\/TARNOW-Muzeum-Diecezjalne-1-650x488.jpg 650w, https:\/\/www.it.tarnow.pl\/wp-content\/uploads\/2019\/02\/TARNOW-Muzeum-Diecezjalne-1-300x225.jpg 300w, https:\/\/www.it.tarnow.pl\/wp-content\/uploads\/2019\/02\/TARNOW-Muzeum-Diecezjalne-1.jpg 1024w\" sizes=\"auto, (max-width: 400px) 100vw, 400px\" \/><p>Museo Diocesano, el m\u00e1s antiguo de Polonia, El Seminario m\u00e1s grande de Europa, los misioneros m\u00e1s numerosos del mundo que est\u00e1n en cada rinc\u00f3n del globo \u2013 son los rasgos caracter\u00edsticos de la di\u00f3cesis de Tarn\u00f3w. Aqu\u00ed hay muchos lugares de culto religioso, especialmente de Virgen Mar\u00eda. Entre ellos el m\u00e1s conocido es el santuario de Tuch\u00f3w, donde cada a\u00f1o peregrinan miles de personas. El papa Juan Pablo II durante su visita en Tarn\u00f3w el 9 de junio de 1987 dijo: \u201cNo sab\u00e9is c\u00f3mo me gustaba visitar Tarn\u00f3w\u201d. La regi\u00f3n de Tarn\u00f3w es muy importante en el mapa sacral del mundo.<\/p>\n<p>La catedral llamada tambi\u00e9n bas\u00edlica menor es el monumento m\u00e1s conocido de Tarn\u00f3w. La iglesia recuerda los mediados del siglo XIV cuando localizaron la ciudad. Para los amantes de la historia del arte una gran atracci\u00f3n son\u00a0las l\u00e1pidas sepulclares. Especialmente el m\u00e1s monumental de atam\u00e1n Jan Tarnowski y el de su esposa Barbara T\u0119czy\u0144ska \u2013que son obras maestras del renacimiento.<\/p> <img loading=\"lazy\" decoding=\"async\" width=\"250\" height=\"250\" class=\"size-small alignright wp-image-21541\" src=\"http:\/\/www.it.tarnow.pl\/wp-content\/uploads\/2019\/02\/TARNOW-Bazylika-katedralna-12-250x250.jpg\" alt=\"\" srcset=\"https:\/\/www.it.tarnow.pl\/wp-content\/uploads\/2019\/02\/TARNOW-Bazylika-katedralna-12-250x250.jpg 250w, https:\/\/www.it.tarnow.pl\/wp-content\/uploads\/2019\/02\/TARNOW-Bazylika-katedralna-12-150x150.jpg 150w\" sizes=\"auto, (max-width: 250px) 100vw, 250px\" \/><p>En la catedral hay obras de grandes maestros como Bart\u0142omiej Berecci, Jan Maria Padovano, Jan Pfister. Los epitafios, los monumentos o el presbiterio elegante son monumentos de gran valor y s\u00f3lo el ignorante no aproveche la ocasi\u00f3n de conocerlos. Se puede tambi\u00e9n visitar las criptas y el tesoro que contiene obras liturgicas y l\u00e1icas de varias \u00e9pocas.<\/p>\n<p>Detr\u00e1s de la catedral encontramos una de las callejuelas m\u00e1s bellas y m\u00e1s antiguas de Tarn\u00f3w \u2013 Dom Miko\u0142ajowski del a\u00f1o 1524 donde actualmente tiene su sede el Museo Diocesano. El museo contiene obras extraordinarias: esculturas g\u00f3ticas, tejados, cuadros pintados en vidrio.<\/p> <img loading=\"lazy\" decoding=\"async\" width=\"250\" height=\"250\" class=\"size-small alignleft wp-image-25602\" src=\"http:\/\/www.it.tarnow.pl\/wp-content\/uploads\/2019\/02\/Zabawa-sanktuarium-2012-MP-1-_1-250x250.jpg\" alt=\"\" srcset=\"https:\/\/www.it.tarnow.pl\/wp-content\/uploads\/2019\/02\/Zabawa-sanktuarium-2012-MP-1-_1-250x250.jpg 250w, https:\/\/www.it.tarnow.pl\/wp-content\/uploads\/2019\/02\/Zabawa-sanktuarium-2012-MP-1-_1-150x150.jpg 150w\" sizes=\"auto, (max-width: 250px) 100vw, 250px\" \/><p>Zabawa \u2013 es el santuario de Karolina K\u00f3zka que fue beatificada por Juan Pablo II en 1987. A los 16 a\u00f1os de edad fue matada por un soldado ruso en defensa de su inocencia. En su pueblo natal se conserva su casa convertida en museo, la iglesia donde fue bautizada y all\u00ed yacen sus restos.<\/p> <img loading=\"lazy\" decoding=\"async\" width=\"250\" height=\"250\" class=\"size-small alignright wp-image-25582\" src=\"http:\/\/www.it.tarnow.pl\/wp-content\/uploads\/2019\/02\/100_6107_1-Jamna-sanktuarium-250x250.jpg\" alt=\"\" srcset=\"https:\/\/www.it.tarnow.pl\/wp-content\/uploads\/2019\/02\/100_6107_1-Jamna-sanktuarium-250x250.jpg 250w, https:\/\/www.it.tarnow.pl\/wp-content\/uploads\/2019\/02\/100_6107_1-Jamna-sanktuarium-150x150.jpg 150w\" sizes=\"auto, (max-width: 250px) 100vw, 250px\" \/><p>Jamna \u2013 es el santuario de Virgen Mar\u00eda de la Esperanza, fue construida por el dominico Jan G\u00f3ra. All\u00ed est\u00e1 el centro de sacerdocio de los estudiantes. El 15 de agosto se organiza la romer\u00eda con el alegre entierro de Virgen Mar\u00eda.<\/p>","protected":false},"excerpt":{"rendered":"Museo Diocesano, el m\u00e1s antiguo de Polonia, El Seminario m\u00e1s grande de Europa, los misioneros m\u00e1s numerosos del mundo que est\u00e1n en cada rinc\u00f3n del globo \u2013 son los rasgos [&hellip;]","protected":false},"author":1,"featured_media":0,"parent":10108,"menu_order":305,"comment_status":"closed","ping_status":"closed","template":"","meta":{"_acf_changed":false,"footnotes":""},"tags":[],"class_list":["post-10116","page","type-page","status-publish","hentry"],"acf":{"in_menu":null,"show_date":null,"intro_text":"<img class=\"size-medium alignleft wp-image-21469\" src=\"http:\/\/www.it.tarnow.pl\/wp-content\/uploads\/2019\/02\/TARNOW-Muzeum-Diecezjalne-1-400x300.jpg\" alt=\"\"><p>Museo Diocesano, el m\u00e1s antiguo de Polonia, El Seminario m\u00e1s grande de Europa, los misioneros m\u00e1s numerosos del mundo que est\u00e1n en cada rinc\u00f3n del globo \u2013 son los rasgos caracter\u00edsticos de la di\u00f3cesis de Tarn\u00f3w. Aqu\u00ed hay muchos lugares de culto religioso, especialmente de Virgen Mar\u00eda. Entre ellos el m\u00e1s conocido es el santuario de Tuch\u00f3w, donde cada a\u00f1o peregrinan miles de personas.<\/p>","map":null},"yoast_head":"<!-- This site is optimized with the Yoast SEO Premium plugin v25.4 (Yoast SEO v25.4) - https:\/\/yoast.com\/wordpress\/plugins\/seo\/ -->\n<title>Turismo religioso - Tarnowskie Centrum Informacji<\/title>\n<meta name=\"robots\" content=\"index, follow, max-snippet:-1, max-image-preview:large, max-video-preview:-1\" \/>\n<link rel=\"canonical\" href=\"https:\/\/www.it.tarnow.pl\/es\/atracciones\/turismo-religioso\/\" \/>\n<meta property=\"og:locale\" content=\"es_ES\" \/>\n<meta property=\"og:type\" content=\"article\" \/>\n<meta property=\"og:title\" content=\"Turismo religioso\" \/>\n<meta property=\"og:description\" content=\"Museo Diocesano, el m\u00e1s antiguo de Polonia, El Seminario m\u00e1s grande de Europa, los misioneros m\u00e1s numerosos del mundo que est\u00e1n en cada rinc\u00f3n del globo \u2013 son los rasgos [&hellip;]\" \/>\n<meta property=\"og:url\" content=\"https:\/\/www.it.tarnow.pl\/es\/atracciones\/turismo-religioso\/\" \/>\n<meta property=\"og:site_name\" content=\"Tarnowskie Centrum Informacji\" \/>\n<meta property=\"article:modified_time\" content=\"2019-04-03T13:21:08+00:00\" \/>\n<meta property=\"og:image\" content=\"http:\/\/www.it.tarnow.pl\/wp-content\/uploads\/2019\/02\/TARNOW-Muzeum-Diecezjalne-1-400x300.jpg\" \/>\n<meta name=\"twitter:card\" content=\"summary_large_image\" \/>\n<meta name=\"twitter:label1\" content=\"Tiempo de lectura\" \/>\n\t<meta name=\"twitter:data1\" content=\"2 minutos\" \/>\n<script type=\"application\/ld+json\" class=\"yoast-schema-graph\">{\"@context\":\"https:\/\/schema.org\",\"@graph\":[{\"@type\":\"WebPage\",\"@id\":\"https:\/\/www.it.tarnow.pl\/es\/atracciones\/turismo-religioso\/\",\"url\":\"https:\/\/www.it.tarnow.pl\/es\/atracciones\/turismo-religioso\/\",\"name\":\"Turismo religioso - Tarnowskie Centrum Informacji\",\"isPartOf\":{\"@id\":\"https:\/\/www.it.tarnow.pl\/#website\"},\"primaryImageOfPage\":{\"@id\":\"https:\/\/www.it.tarnow.pl\/es\/atracciones\/turismo-religioso\/#primaryimage\"},\"image\":{\"@id\":\"https:\/\/www.it.tarnow.pl\/es\/atracciones\/turismo-religioso\/#primaryimage\"},\"thumbnailUrl\":\"http:\/\/www.it.tarnow.pl\/wp-content\/uploads\/2019\/02\/TARNOW-Muzeum-Diecezjalne-1-400x300.jpg\",\"datePublished\":\"2015-11-02T14:29:05+00:00\",\"dateModified\":\"2019-04-03T13:21:08+00:00\",\"breadcrumb\":{\"@id\":\"https:\/\/www.it.tarnow.pl\/es\/atracciones\/turismo-religioso\/#breadcrumb\"},\"inLanguage\":\"es\",\"potentialAction\":[{\"@type\":\"ReadAction\",\"target\":[\"https:\/\/www.it.tarnow.pl\/es\/atracciones\/turismo-religioso\/\"]}]},{\"@type\":\"ImageObject\",\"inLanguage\":\"es\",\"@id\":\"https:\/\/www.it.tarnow.pl\/es\/atracciones\/turismo-religioso\/#primaryimage\",\"url\":\"http:\/\/www.it.tarnow.pl\/wp-content\/uploads\/2019\/02\/TARNOW-Muzeum-Diecezjalne-1-400x300.jpg\",\"contentUrl\":\"http:\/\/www.it.tarnow.pl\/wp-content\/uploads\/2019\/02\/TARNOW-Muzeum-Diecezjalne-1-400x300.jpg\"},{\"@type\":\"BreadcrumbList\",\"@id\":\"https:\/\/www.it.tarnow.pl\/es\/atracciones\/turismo-religioso\/#breadcrumb\",\"itemListElement\":[{\"@type\":\"ListItem\",\"position\":1,\"name\":\"P\u00e1gina de inicio\",\"item\":\"https:\/\/www.it.tarnow.pl\/es\/\"},{\"@type\":\"ListItem\",\"position\":2,\"name\":\"Atracciones\",\"item\":\"https:\/\/www.it.tarnow.pl\/es\/atracciones\/\"},{\"@type\":\"ListItem\",\"position\":3,\"name\":\"Turismo religioso\"}]},{\"@type\":\"WebSite\",\"@id\":\"https:\/\/www.it.tarnow.pl\/#website\",\"url\":\"https:\/\/www.it.tarnow.pl\/\",\"name\":\"Tarnowskie Centrum Informacji\",\"description\":\"Informacja turystyczna o Tarnowie i regionie tarnowskim.\",\"potentialAction\":[{\"@type\":\"SearchAction\",\"target\":{\"@type\":\"EntryPoint\",\"urlTemplate\":\"https:\/\/www.it.tarnow.pl\/?s={search_term_string}\"},\"query-input\":{\"@type\":\"PropertyValueSpecification\",\"valueRequired\":true,\"valueName\":\"search_term_string\"}}],\"inLanguage\":\"es\"}]}<\/script>\n<!-- \/ Yoast SEO Premium plugin. -->","yoast_head_json":{"title":"Turismo religioso - Tarnowskie Centrum Informacji","robots":{"index":"index","follow":"follow","max-snippet":"max-snippet:-1","max-image-preview":"max-image-preview:large","max-video-preview":"max-video-preview:-1"},"canonical":"https:\/\/www.it.tarnow.pl\/es\/atracciones\/turismo-religioso\/","og_locale":"es_ES","og_type":"article","og_title":"Turismo religioso","og_description":"Museo Diocesano, el m\u00e1s antiguo de Polonia, El Seminario m\u00e1s grande de Europa, los misioneros m\u00e1s numerosos del mundo que est\u00e1n en cada rinc\u00f3n del globo \u2013 son los rasgos [&hellip;]","og_url":"https:\/\/www.it.tarnow.pl\/es\/atracciones\/turismo-religioso\/","og_site_name":"Tarnowskie Centrum Informacji","article_modified_time":"2019-04-03T13:21:08+00:00","og_image":[{"url":"http:\/\/www.it.tarnow.pl\/wp-content\/uploads\/2019\/02\/TARNOW-Muzeum-Diecezjalne-1-400x300.jpg","type":"","width":"","height":""}],"twitter_card":"summary_large_image","twitter_misc":{"Tiempo de lectura":"2 minutos"},"schema":{"@context":"https:\/\/schema.org","@graph":[{"@type":"WebPage","@id":"https:\/\/www.it.tarnow.pl\/es\/atracciones\/turismo-religioso\/","url":"https:\/\/www.it.tarnow.pl\/es\/atracciones\/turismo-religioso\/","name":"Turismo religioso - Tarnowskie Centrum Informacji","isPartOf":{"@id":"https:\/\/www.it.tarnow.pl\/#website"},"primaryImageOfPage":{"@id":"https:\/\/www.it.tarnow.pl\/es\/atracciones\/turismo-religioso\/#primaryimage"},"image":{"@id":"https:\/\/www.it.tarnow.pl\/es\/atracciones\/turismo-religioso\/#primaryimage"},"thumbnailUrl":"http:\/\/www.it.tarnow.pl\/wp-content\/uploads\/2019\/02\/TARNOW-Muzeum-Diecezjalne-1-400x300.jpg","datePublished":"2015-11-02T14:29:05+00:00","dateModified":"2019-04-03T13:21:08+00:00","breadcrumb":{"@id":"https:\/\/www.it.tarnow.pl\/es\/atracciones\/turismo-religioso\/#breadcrumb"},"inLanguage":"es","potentialAction":[{"@type":"ReadAction","target":["https:\/\/www.it.tarnow.pl\/es\/atracciones\/turismo-religioso\/"]}]},{"@type":"ImageObject","inLanguage":"es","@id":"https:\/\/www.it.tarnow.pl\/es\/atracciones\/turismo-religioso\/#primaryimage","url":"http:\/\/www.it.tarnow.pl\/wp-content\/uploads\/2019\/02\/TARNOW-Muzeum-Diecezjalne-1-400x300.jpg","contentUrl":"http:\/\/www.it.tarnow.pl\/wp-content\/uploads\/2019\/02\/TARNOW-Muzeum-Diecezjalne-1-400x300.jpg"},{"@type":"BreadcrumbList","@id":"https:\/\/www.it.tarnow.pl\/es\/atracciones\/turismo-religioso\/#breadcrumb","itemListElement":[{"@type":"ListItem","position":1,"name":"P\u00e1gina de inicio","item":"https:\/\/www.it.tarnow.pl\/es\/"},{"@type":"ListItem","position":2,"name":"Atracciones","item":"https:\/\/www.it.tarnow.pl\/es\/atracciones\/"},{"@type":"ListItem","position":3,"name":"Turismo religioso"}]},{"@type":"WebSite","@id":"https:\/\/www.it.tarnow.pl\/#website","url":"https:\/\/www.it.tarnow.pl\/","name":"Tarnowskie Centrum Informacji","description":"Informacja turystyczna o Tarnowie i regionie tarnowskim.","potentialAction":[{"@type":"SearchAction","target":{"@type":"EntryPoint","urlTemplate":"https:\/\/www.it.tarnow.pl\/?s={search_term_string}"},"query-input":{"@type":"PropertyValueSpecification","valueRequired":true,"valueName":"search_term_string"}}],"inLanguage":"es"}]}},"_links":{"self":[{"href":"https:\/\/www.it.tarnow.pl\/es\/wp-json\/wp\/v2\/pages\/10116","targetHints":{"allow":["GET"]}}],"collection":[{"href":"https:\/\/www.it.tarnow.pl\/es\/wp-json\/wp\/v2\/pages"}],"about":[{"href":"https:\/\/www.it.tarnow.pl\/es\/wp-json\/wp\/v2\/types\/page"}],"author":[{"embeddable":true,"href":"https:\/\/www.it.tarnow.pl\/es\/wp-json\/wp\/v2\/users\/1"}],"replies":[{"embeddable":true,"href":"https:\/\/www.it.tarnow.pl\/es\/wp-json\/wp\/v2\/comments?post=10116"}],"version-history":[{"count":0,"href":"https:\/\/www.it.tarnow.pl\/es\/wp-json\/wp\/v2\/pages\/10116\/revisions"}],"up":[{"embeddable":true,"href":"https:\/\/www.it.tarnow.pl\/es\/wp-json\/wp\/v2\/pages\/10108"}],"wp:attachment":[{"href":"https:\/\/www.it.tarnow.pl\/es\/wp-json\/wp\/v2\/media?parent=10116"}],"wp:term":[{"taxonomy":"post_tag","embeddable":true,"href":"https:\/\/www.it.tarnow.pl\/es\/wp-json\/wp\/v2\/tags?post=10116"}],"curies":[{"name":"wp","href":"https:\/\/api.w.org\/{rel}","templated":true}]}}