{"id":10115,"date":"2015-11-03T09:06:10","date_gmt":"2015-11-03T08:06:10","guid":{"rendered":"http:\/\/www.it.tarnow.pl\/la-mina-de-sal-en-bochnia-otra-dimension-de-visita\/"},"modified":"2019-04-03T15:21:06","modified_gmt":"2019-04-03T13:21:06","slug":"la-mina-de-sal-en-bochnia-otra-dimension-de-visita","status":"publish","type":"page","link":"https:\/\/www.it.tarnow.pl\/es\/atracciones\/la-mina-de-sal-en-bochnia-otra-dimension-de-visita\/","title":{"rendered":"La mina de sal en Bochnia \u2013 otra dimensi\u00f3n de visita"},"content":{"rendered":"<img loading=\"lazy\" decoding=\"async\" width=\"202\" height=\"300\" class=\"size-medium alignright wp-image-36039\" src=\"http:\/\/www.it.tarnow.pl\/wp-content\/uploads\/2019\/02\/kopalnia-bochnia-2014-02-1-202x300.jpg\" alt=\"\"><p>La ciudad de Bochnia invita a hacer un extraordinario viaje en el tiempo. La ciudad est\u00e1 situada a medio camino entre Tarn\u00f3w y Krak\u00f3w. All\u00ed est\u00e1 la mina de sal m\u00e1s antigua de Polonia que despu\u00e9s de ocho siglos de explotaci\u00f3n fascina con las capillas talladas en las rocas de sal y originales esculturas de sal. Hoy en d\u00eda la visita a la mina tiene otra dimensi\u00f3n que antes, gracias a la exposici\u00f3n subterr\u00e1nea multimedia. Con ella los visitantes descubren las historias fascinantes que cuentan los mismos reyes polacos o un fantasma del cisterciense. Los turistas pueden conocer las t\u00e9cnicas mineras o fuerzas subterr\u00e1neas con las que lucharon los mineros hace siglos.<\/p> <img loading=\"lazy\" decoding=\"async\" width=\"300\" height=\"185\" class=\"size-medium alignright wp-image-36049\" src=\"http:\/\/www.it.tarnow.pl\/wp-content\/uploads\/2019\/02\/kopalnia-bochnia-2014-01-1-300x185.jpg\" alt=\"\"><p>La mina de sal no es s\u00f3lo un lugar ordinario para visitar es tambi\u00e9n balneario. Al lado del pozo del siglo XIII est\u00e1 el hotel Sutoris y un centro de regeneraci\u00f3n biol\u00f3gica que se especializa en curaciones de subterranoterapia. El clima de las c\u00e1maras de sal ayuda a curar enfermedades del sistema respiratorio y varios tipos de alergias. Los ba\u00f1istas pueden visitar la mina sin salir fuera.<br><a href=\"http:\/\/www.kopalnia-soli-bochnia.pl\">www.kopalnia-soli-bochnia.pl<\/a>\n<\/p> <img loading=\"lazy\" decoding=\"async\" width=\"150\" height=\"150\" class=\"size-small alignleft wp-image-36044\" src=\"http:\/\/www.it.tarnow.pl\/wp-content\/uploads\/2019\/02\/kopalnia-bochnia-2014-03-1-150x150.jpg\" alt=\"\">","protected":false},"excerpt":{"rendered":"La ciudad de Bochnia invita a hacer un extraordinario viaje en el tiempo. La ciudad est\u00e1 situada a medio camino entre Tarn\u00f3w y Krak\u00f3w. All\u00ed est\u00e1 la mina de sal [&hellip;]","protected":false},"author":1,"featured_media":0,"parent":10108,"menu_order":273,"comment_status":"closed","ping_status":"closed","template":"","meta":{"_acf_changed":false,"footnotes":""},"tags":[],"class_list":["post-10115","page","type-page","status-publish","hentry"],"acf":{"in_menu":null,"show_date":null,"intro_text":"<img class=\"size-small alignleft wp-image-36039\" src=\"http:\/\/www.it.tarnow.pl\/wp-content\/uploads\/2019\/02\/kopalnia-bochnia-2014-02-1-150x150.jpg\" alt=\"\"><p>La ciudad de Bochnia invita a hacer un extraordinario viaje en el tiempo. La ciudad est\u00e1 situada a medio camino entre Tarn\u00f3w y Krak\u00f3w. All\u00ed est\u00e1 la mina de sal m\u00e1s antigua de Polonia que despu\u00e9s de ocho siglos de explotaci\u00f3n fascina con las capillas talladas en las rocas de sal y originales esculturas de sal. Hoy en d\u00eda la visita a la mina tiene otra dimensi\u00f3n que antes, gracias a la exposici\u00f3n subterr\u00e1nea multimedia.<\/p>","map":null},"yoast_head":"<!-- This site is optimized with the Yoast SEO Premium plugin v25.4 (Yoast SEO v25.4) - https:\/\/yoast.com\/wordpress\/plugins\/seo\/ -->\n<title>La mina de sal en Bochnia \u2013 otra dimensi\u00f3n de visita - Tarnowskie Centrum Informacji<\/title>\n<meta name=\"robots\" content=\"index, follow, max-snippet:-1, max-image-preview:large, max-video-preview:-1\" \/>\n<link rel=\"canonical\" href=\"https:\/\/www.it.tarnow.pl\/es\/atracciones\/la-mina-de-sal-en-bochnia-otra-dimension-de-visita\/\" \/>\n<meta property=\"og:locale\" content=\"es_ES\" \/>\n<meta property=\"og:type\" content=\"article\" \/>\n<meta property=\"og:title\" content=\"La mina de sal en Bochnia \u2013 otra dimensi\u00f3n de visita\" \/>\n<meta property=\"og:description\" content=\"La ciudad de Bochnia invita a hacer un extraordinario viaje en el tiempo. La ciudad est\u00e1 situada a medio camino entre Tarn\u00f3w y Krak\u00f3w. All\u00ed est\u00e1 la mina de sal [&hellip;]\" \/>\n<meta property=\"og:url\" content=\"https:\/\/www.it.tarnow.pl\/es\/atracciones\/la-mina-de-sal-en-bochnia-otra-dimension-de-visita\/\" \/>\n<meta property=\"og:site_name\" content=\"Tarnowskie Centrum Informacji\" \/>\n<meta property=\"article:modified_time\" content=\"2019-04-03T13:21:06+00:00\" \/>\n<meta property=\"og:image\" content=\"http:\/\/www.it.tarnow.pl\/wp-content\/uploads\/2019\/02\/kopalnia-bochnia-2014-02-1-202x300.jpg\" \/>\n<meta name=\"twitter:card\" content=\"summary_large_image\" \/>\n<meta name=\"twitter:label1\" content=\"Tiempo de lectura\" \/>\n\t<meta name=\"twitter:data1\" content=\"1 minuto\" \/>\n<script type=\"application\/ld+json\" class=\"yoast-schema-graph\">{\"@context\":\"https:\/\/schema.org\",\"@graph\":[{\"@type\":\"WebPage\",\"@id\":\"https:\/\/www.it.tarnow.pl\/es\/atracciones\/la-mina-de-sal-en-bochnia-otra-dimension-de-visita\/\",\"url\":\"https:\/\/www.it.tarnow.pl\/es\/atracciones\/la-mina-de-sal-en-bochnia-otra-dimension-de-visita\/\",\"name\":\"La mina de sal en Bochnia \u2013 otra dimensi\u00f3n de visita - Tarnowskie Centrum Informacji\",\"isPartOf\":{\"@id\":\"https:\/\/www.it.tarnow.pl\/#website\"},\"primaryImageOfPage\":{\"@id\":\"https:\/\/www.it.tarnow.pl\/es\/atracciones\/la-mina-de-sal-en-bochnia-otra-dimension-de-visita\/#primaryimage\"},\"image\":{\"@id\":\"https:\/\/www.it.tarnow.pl\/es\/atracciones\/la-mina-de-sal-en-bochnia-otra-dimension-de-visita\/#primaryimage\"},\"thumbnailUrl\":\"http:\/\/www.it.tarnow.pl\/wp-content\/uploads\/2019\/02\/kopalnia-bochnia-2014-02-1-202x300.jpg\",\"datePublished\":\"2015-11-03T08:06:10+00:00\",\"dateModified\":\"2019-04-03T13:21:06+00:00\",\"breadcrumb\":{\"@id\":\"https:\/\/www.it.tarnow.pl\/es\/atracciones\/la-mina-de-sal-en-bochnia-otra-dimension-de-visita\/#breadcrumb\"},\"inLanguage\":\"es\",\"potentialAction\":[{\"@type\":\"ReadAction\",\"target\":[\"https:\/\/www.it.tarnow.pl\/es\/atracciones\/la-mina-de-sal-en-bochnia-otra-dimension-de-visita\/\"]}]},{\"@type\":\"ImageObject\",\"inLanguage\":\"es\",\"@id\":\"https:\/\/www.it.tarnow.pl\/es\/atracciones\/la-mina-de-sal-en-bochnia-otra-dimension-de-visita\/#primaryimage\",\"url\":\"http:\/\/www.it.tarnow.pl\/wp-content\/uploads\/2019\/02\/kopalnia-bochnia-2014-02-1-202x300.jpg\",\"contentUrl\":\"http:\/\/www.it.tarnow.pl\/wp-content\/uploads\/2019\/02\/kopalnia-bochnia-2014-02-1-202x300.jpg\"},{\"@type\":\"BreadcrumbList\",\"@id\":\"https:\/\/www.it.tarnow.pl\/es\/atracciones\/la-mina-de-sal-en-bochnia-otra-dimension-de-visita\/#breadcrumb\",\"itemListElement\":[{\"@type\":\"ListItem\",\"position\":1,\"name\":\"P\u00e1gina de inicio\",\"item\":\"https:\/\/www.it.tarnow.pl\/es\/\"},{\"@type\":\"ListItem\",\"position\":2,\"name\":\"Atracciones\",\"item\":\"https:\/\/www.it.tarnow.pl\/es\/atracciones\/\"},{\"@type\":\"ListItem\",\"position\":3,\"name\":\"La mina de sal en Bochnia \u2013 otra dimensi\u00f3n de visita\"}]},{\"@type\":\"WebSite\",\"@id\":\"https:\/\/www.it.tarnow.pl\/#website\",\"url\":\"https:\/\/www.it.tarnow.pl\/\",\"name\":\"Tarnowskie Centrum Informacji\",\"description\":\"Informacja turystyczna o Tarnowie i regionie tarnowskim.\",\"potentialAction\":[{\"@type\":\"SearchAction\",\"target\":{\"@type\":\"EntryPoint\",\"urlTemplate\":\"https:\/\/www.it.tarnow.pl\/?s={search_term_string}\"},\"query-input\":{\"@type\":\"PropertyValueSpecification\",\"valueRequired\":true,\"valueName\":\"search_term_string\"}}],\"inLanguage\":\"es\"}]}<\/script>\n<!-- \/ Yoast SEO Premium plugin. -->","yoast_head_json":{"title":"La mina de sal en Bochnia \u2013 otra dimensi\u00f3n de visita - Tarnowskie Centrum Informacji","robots":{"index":"index","follow":"follow","max-snippet":"max-snippet:-1","max-image-preview":"max-image-preview:large","max-video-preview":"max-video-preview:-1"},"canonical":"https:\/\/www.it.tarnow.pl\/es\/atracciones\/la-mina-de-sal-en-bochnia-otra-dimension-de-visita\/","og_locale":"es_ES","og_type":"article","og_title":"La mina de sal en Bochnia \u2013 otra dimensi\u00f3n de visita","og_description":"La ciudad de Bochnia invita a hacer un extraordinario viaje en el tiempo. La ciudad est\u00e1 situada a medio camino entre Tarn\u00f3w y Krak\u00f3w. All\u00ed est\u00e1 la mina de sal [&hellip;]","og_url":"https:\/\/www.it.tarnow.pl\/es\/atracciones\/la-mina-de-sal-en-bochnia-otra-dimension-de-visita\/","og_site_name":"Tarnowskie Centrum Informacji","article_modified_time":"2019-04-03T13:21:06+00:00","og_image":[{"url":"http:\/\/www.it.tarnow.pl\/wp-content\/uploads\/2019\/02\/kopalnia-bochnia-2014-02-1-202x300.jpg","type":"","width":"","height":""}],"twitter_card":"summary_large_image","twitter_misc":{"Tiempo de lectura":"1 minuto"},"schema":{"@context":"https:\/\/schema.org","@graph":[{"@type":"WebPage","@id":"https:\/\/www.it.tarnow.pl\/es\/atracciones\/la-mina-de-sal-en-bochnia-otra-dimension-de-visita\/","url":"https:\/\/www.it.tarnow.pl\/es\/atracciones\/la-mina-de-sal-en-bochnia-otra-dimension-de-visita\/","name":"La mina de sal en Bochnia \u2013 otra dimensi\u00f3n de visita - Tarnowskie Centrum Informacji","isPartOf":{"@id":"https:\/\/www.it.tarnow.pl\/#website"},"primaryImageOfPage":{"@id":"https:\/\/www.it.tarnow.pl\/es\/atracciones\/la-mina-de-sal-en-bochnia-otra-dimension-de-visita\/#primaryimage"},"image":{"@id":"https:\/\/www.it.tarnow.pl\/es\/atracciones\/la-mina-de-sal-en-bochnia-otra-dimension-de-visita\/#primaryimage"},"thumbnailUrl":"http:\/\/www.it.tarnow.pl\/wp-content\/uploads\/2019\/02\/kopalnia-bochnia-2014-02-1-202x300.jpg","datePublished":"2015-11-03T08:06:10+00:00","dateModified":"2019-04-03T13:21:06+00:00","breadcrumb":{"@id":"https:\/\/www.it.tarnow.pl\/es\/atracciones\/la-mina-de-sal-en-bochnia-otra-dimension-de-visita\/#breadcrumb"},"inLanguage":"es","potentialAction":[{"@type":"ReadAction","target":["https:\/\/www.it.tarnow.pl\/es\/atracciones\/la-mina-de-sal-en-bochnia-otra-dimension-de-visita\/"]}]},{"@type":"ImageObject","inLanguage":"es","@id":"https:\/\/www.it.tarnow.pl\/es\/atracciones\/la-mina-de-sal-en-bochnia-otra-dimension-de-visita\/#primaryimage","url":"http:\/\/www.it.tarnow.pl\/wp-content\/uploads\/2019\/02\/kopalnia-bochnia-2014-02-1-202x300.jpg","contentUrl":"http:\/\/www.it.tarnow.pl\/wp-content\/uploads\/2019\/02\/kopalnia-bochnia-2014-02-1-202x300.jpg"},{"@type":"BreadcrumbList","@id":"https:\/\/www.it.tarnow.pl\/es\/atracciones\/la-mina-de-sal-en-bochnia-otra-dimension-de-visita\/#breadcrumb","itemListElement":[{"@type":"ListItem","position":1,"name":"P\u00e1gina de inicio","item":"https:\/\/www.it.tarnow.pl\/es\/"},{"@type":"ListItem","position":2,"name":"Atracciones","item":"https:\/\/www.it.tarnow.pl\/es\/atracciones\/"},{"@type":"ListItem","position":3,"name":"La mina de sal en Bochnia \u2013 otra dimensi\u00f3n de visita"}]},{"@type":"WebSite","@id":"https:\/\/www.it.tarnow.pl\/#website","url":"https:\/\/www.it.tarnow.pl\/","name":"Tarnowskie Centrum Informacji","description":"Informacja turystyczna o Tarnowie i regionie tarnowskim.","potentialAction":[{"@type":"SearchAction","target":{"@type":"EntryPoint","urlTemplate":"https:\/\/www.it.tarnow.pl\/?s={search_term_string}"},"query-input":{"@type":"PropertyValueSpecification","valueRequired":true,"valueName":"search_term_string"}}],"inLanguage":"es"}]}},"_links":{"self":[{"href":"https:\/\/www.it.tarnow.pl\/es\/wp-json\/wp\/v2\/pages\/10115","targetHints":{"allow":["GET"]}}],"collection":[{"href":"https:\/\/www.it.tarnow.pl\/es\/wp-json\/wp\/v2\/pages"}],"about":[{"href":"https:\/\/www.it.tarnow.pl\/es\/wp-json\/wp\/v2\/types\/page"}],"author":[{"embeddable":true,"href":"https:\/\/www.it.tarnow.pl\/es\/wp-json\/wp\/v2\/users\/1"}],"replies":[{"embeddable":true,"href":"https:\/\/www.it.tarnow.pl\/es\/wp-json\/wp\/v2\/comments?post=10115"}],"version-history":[{"count":0,"href":"https:\/\/www.it.tarnow.pl\/es\/wp-json\/wp\/v2\/pages\/10115\/revisions"}],"up":[{"embeddable":true,"href":"https:\/\/www.it.tarnow.pl\/es\/wp-json\/wp\/v2\/pages\/10108"}],"wp:attachment":[{"href":"https:\/\/www.it.tarnow.pl\/es\/wp-json\/wp\/v2\/media?parent=10115"}],"wp:term":[{"taxonomy":"post_tag","embeddable":true,"href":"https:\/\/www.it.tarnow.pl\/es\/wp-json\/wp\/v2\/tags?post=10115"}],"curies":[{"name":"wp","href":"https:\/\/api.w.org\/{rel}","templated":true}]}}