{"id":10114,"date":"2015-11-03T09:04:08","date_gmt":"2015-11-03T08:04:08","guid":{"rendered":"http:\/\/www.it.tarnow.pl\/etnografia-y-folclore\/"},"modified":"2019-04-03T15:21:05","modified_gmt":"2019-04-03T13:21:05","slug":"etnografia-y-folclore","status":"publish","type":"page","link":"https:\/\/www.it.tarnow.pl\/es\/atracciones\/etnografia-y-folclore\/","title":{"rendered":"Etnograf\u00eda y folclore"},"content":{"rendered":"<img loading=\"lazy\" decoding=\"async\" width=\"400\" height=\"300\" class=\"size-medium alignright wp-image-21106\" src=\"http:\/\/www.it.tarnow.pl\/wp-content\/uploads\/2019\/02\/Zalipie-Malowana-Wies-4-400x300.jpg\" alt=\"\" srcset=\"https:\/\/www.it.tarnow.pl\/wp-content\/uploads\/2019\/02\/Zalipie-Malowana-Wies-4-400x300.jpg 400w, https:\/\/www.it.tarnow.pl\/wp-content\/uploads\/2019\/02\/Zalipie-Malowana-Wies-4-768x576.jpg 768w, https:\/\/www.it.tarnow.pl\/wp-content\/uploads\/2019\/02\/Zalipie-Malowana-Wies-4-650x488.jpg 650w, https:\/\/www.it.tarnow.pl\/wp-content\/uploads\/2019\/02\/Zalipie-Malowana-Wies-4-300x225.jpg 300w, https:\/\/www.it.tarnow.pl\/wp-content\/uploads\/2019\/02\/Zalipie-Malowana-Wies-4.jpg 1024w\" sizes=\"auto, (max-width: 400px) 100vw, 400px\" \/><p>La regi\u00f3n de Tarn\u00f3w est\u00e1 llena de lugares exepcionales y encantadores, por eso hay mucha gente que regresa a esta parte de Polonia. El mundo de tradici\u00f3n y artesan\u00eda locales no son ya dominios de los mayores. Actualmente los j\u00f3venes que buscan su identidad vuelven muchas veces al patrimonio cultural de su tierra. Los trajes regionales, el idioma local junto con las costumbres actualmente est\u00e1n de moda.<\/p> <img loading=\"lazy\" decoding=\"async\" width=\"400\" height=\"300\" class=\"size-medium alignright wp-image-21628\" src=\"http:\/\/www.it.tarnow.pl\/wp-content\/uploads\/2019\/02\/TARNOW-Muzeum-Etnograficzne-2-400x300.jpg\" alt=\"\" srcset=\"https:\/\/www.it.tarnow.pl\/wp-content\/uploads\/2019\/02\/TARNOW-Muzeum-Etnograficzne-2-400x300.jpg 400w, https:\/\/www.it.tarnow.pl\/wp-content\/uploads\/2019\/02\/TARNOW-Muzeum-Etnograficzne-2-768x576.jpg 768w, https:\/\/www.it.tarnow.pl\/wp-content\/uploads\/2019\/02\/TARNOW-Muzeum-Etnograficzne-2-650x488.jpg 650w, https:\/\/www.it.tarnow.pl\/wp-content\/uploads\/2019\/02\/TARNOW-Muzeum-Etnograficzne-2-300x225.jpg 300w, https:\/\/www.it.tarnow.pl\/wp-content\/uploads\/2019\/02\/TARNOW-Muzeum-Etnograficzne-2.jpg 1024w\" sizes=\"auto, (max-width: 400px) 100vw, 400px\" \/><p>El Museo Etnogr\u00e1fico de Tarn\u00f3w est\u00e1 localizado en un mes\u00f3n antiguo y guarda la colecci\u00f3n de cultura y tradici\u00f3n gitana, que es la \u00fanica en Europa. En la exposici\u00f3n se puede admirar trajes y herramientas. Lo que merece la atenci\u00f3n particular es la colecci\u00f3n de los carros de gitanos que se presentan en el patio del museo.<\/p> <img loading=\"lazy\" decoding=\"async\" width=\"120\" height=\"162\" class=\"size-reference alignleft wp-image-35695\" src=\"http:\/\/www.it.tarnow.pl\/wp-content\/uploads\/2019\/02\/Lipnica_Easter_Palm_Contest_small.jpg\" alt=\"\"><p>Lipnica Murowana es una peque\u00f1a ciudad medieval que tiene fama especial por causa del concurso de las palmeras de Pascuas. Las palmeras alcanzan cada a\u00f1o hasta 35 metros de altura.<\/p>\n<p>Zalipie, el \u00fanico \u201cpueblo pintado\u201d de Polonia. En Zalipie hay cerca de 30 casas con corrales cos las paredes pintadas de ornamentos florales t\u00edpicos del pueblo. En el corral de Felicja Cury\u0142owa, que hoy es la parte del museo regional de Tarn\u00f3w, podemos admirar todo el interior de la casa decorado de forma t\u00edpica.<\/p> <img loading=\"lazy\" decoding=\"async\" width=\"400\" height=\"300\" class=\"size-medium alignright wp-image-22480\" src=\"http:\/\/www.it.tarnow.pl\/wp-content\/uploads\/2019\/02\/Zalipie-Malowana-Wies-7-400x300.jpg\" alt=\"\" srcset=\"https:\/\/www.it.tarnow.pl\/wp-content\/uploads\/2019\/02\/Zalipie-Malowana-Wies-7-400x300.jpg 400w, https:\/\/www.it.tarnow.pl\/wp-content\/uploads\/2019\/02\/Zalipie-Malowana-Wies-7-768x576.jpg 768w, https:\/\/www.it.tarnow.pl\/wp-content\/uploads\/2019\/02\/Zalipie-Malowana-Wies-7-650x488.jpg 650w, https:\/\/www.it.tarnow.pl\/wp-content\/uploads\/2019\/02\/Zalipie-Malowana-Wies-7-300x225.jpg 300w, https:\/\/www.it.tarnow.pl\/wp-content\/uploads\/2019\/02\/Zalipie-Malowana-Wies-7.jpg 1024w\" sizes=\"auto, (max-width: 400px) 100vw, 400px\" \/><p>Hay casi 200 granjas agrotur\u00edsticas en los alrededrores de Tarn\u00f3w que ofrecen espl\u00e9ndidas vacaciones. La hospitalidad, cocina tradicional, alta cualidad de servicios y bajos precios animan no s\u00f3lo a los polacos a descansar en el campo sino que hay cada vez m\u00e1s extranjeros que deciden pasar el tiempo aqu\u00ed. La recogida de setas, la pesca, la equitaci\u00f3n y paseos son lo que ofrecen los granjeros. En cambio en invierno se puede ir en cortejos de trineos y usar varios telesqu\u00eds.<\/p>\n<p>\u00a0<\/p>\n<p>V\u00e9ase tambi\u00e9n:<\/p>\n<p><a href=\"http:\/\/nomadesdigitais.com\/nesta-vila-polonesa-todas-as-casas-sao-pintadas-com-desenhos-de-flores-coloridas\/\">Nesta vila polonesa, todas as casas s\u00e3o pintadas com desenhos de flores coloridas &#8211; nomadesdigitais.com<\/a>\n<\/p>","protected":false},"excerpt":{"rendered":"La regi\u00f3n de Tarn\u00f3w est\u00e1 llena de lugares exepcionales y encantadores, por eso hay mucha gente que regresa a esta parte de Polonia. El mundo de tradici\u00f3n y artesan\u00eda locales [&hellip;]","protected":false},"author":1,"featured_media":0,"parent":10108,"menu_order":248,"comment_status":"closed","ping_status":"closed","template":"","meta":{"_acf_changed":false,"footnotes":""},"tags":[],"class_list":["post-10114","page","type-page","status-publish","hentry"],"acf":{"in_menu":null,"show_date":null,"intro_text":"<img class=\"size-medium alignleft wp-image-21106\" src=\"http:\/\/www.it.tarnow.pl\/wp-content\/uploads\/2019\/02\/Zalipie-Malowana-Wies-4-400x300.jpg\" alt=\"\"><p>La regi\u00f3n de Tarn\u00f3w est\u00e1 llena de lugares exepcionales y encantadores, por eso hay mucha gente que regresa a esta parte de Polonia. El mundo de tradici\u00f3n y artesan\u00eda locales no son ya dominios de los mayores. Actualmente los j\u00f3venes que buscan su identidad vuelven muchas veces al patrimonio cultural de su tierra. Los trajes regionales, el idioma local junto con las costumbres actualmente est\u00e1n de moda.<\/p>","map":null},"yoast_head":"<!-- This site is optimized with the Yoast SEO Premium plugin v25.4 (Yoast SEO v25.4) - https:\/\/yoast.com\/wordpress\/plugins\/seo\/ -->\n<title>Etnograf\u00eda y folclore - Tarnowskie Centrum Informacji<\/title>\n<meta name=\"robots\" content=\"index, follow, max-snippet:-1, max-image-preview:large, max-video-preview:-1\" \/>\n<link rel=\"canonical\" href=\"https:\/\/www.it.tarnow.pl\/es\/atracciones\/etnografia-y-folclore\/\" \/>\n<meta property=\"og:locale\" content=\"es_ES\" \/>\n<meta property=\"og:type\" content=\"article\" \/>\n<meta property=\"og:title\" content=\"Etnograf\u00eda y folclore\" \/>\n<meta property=\"og:description\" content=\"La regi\u00f3n de Tarn\u00f3w est\u00e1 llena de lugares exepcionales y encantadores, por eso hay mucha gente que regresa a esta parte de Polonia. El mundo de tradici\u00f3n y artesan\u00eda locales [&hellip;]\" \/>\n<meta property=\"og:url\" content=\"https:\/\/www.it.tarnow.pl\/es\/atracciones\/etnografia-y-folclore\/\" \/>\n<meta property=\"og:site_name\" content=\"Tarnowskie Centrum Informacji\" \/>\n<meta property=\"article:modified_time\" content=\"2019-04-03T13:21:05+00:00\" \/>\n<meta property=\"og:image\" content=\"http:\/\/www.it.tarnow.pl\/wp-content\/uploads\/2019\/02\/Zalipie-Malowana-Wies-4-400x300.jpg\" \/>\n<meta name=\"twitter:card\" content=\"summary_large_image\" \/>\n<meta name=\"twitter:label1\" content=\"Tiempo de lectura\" \/>\n\t<meta name=\"twitter:data1\" content=\"2 minutos\" \/>\n<script type=\"application\/ld+json\" class=\"yoast-schema-graph\">{\"@context\":\"https:\/\/schema.org\",\"@graph\":[{\"@type\":\"WebPage\",\"@id\":\"https:\/\/www.it.tarnow.pl\/es\/atracciones\/etnografia-y-folclore\/\",\"url\":\"https:\/\/www.it.tarnow.pl\/es\/atracciones\/etnografia-y-folclore\/\",\"name\":\"Etnograf\u00eda y folclore - Tarnowskie Centrum Informacji\",\"isPartOf\":{\"@id\":\"https:\/\/www.it.tarnow.pl\/#website\"},\"primaryImageOfPage\":{\"@id\":\"https:\/\/www.it.tarnow.pl\/es\/atracciones\/etnografia-y-folclore\/#primaryimage\"},\"image\":{\"@id\":\"https:\/\/www.it.tarnow.pl\/es\/atracciones\/etnografia-y-folclore\/#primaryimage\"},\"thumbnailUrl\":\"http:\/\/www.it.tarnow.pl\/wp-content\/uploads\/2019\/02\/Zalipie-Malowana-Wies-4-400x300.jpg\",\"datePublished\":\"2015-11-03T08:04:08+00:00\",\"dateModified\":\"2019-04-03T13:21:05+00:00\",\"breadcrumb\":{\"@id\":\"https:\/\/www.it.tarnow.pl\/es\/atracciones\/etnografia-y-folclore\/#breadcrumb\"},\"inLanguage\":\"es\",\"potentialAction\":[{\"@type\":\"ReadAction\",\"target\":[\"https:\/\/www.it.tarnow.pl\/es\/atracciones\/etnografia-y-folclore\/\"]}]},{\"@type\":\"ImageObject\",\"inLanguage\":\"es\",\"@id\":\"https:\/\/www.it.tarnow.pl\/es\/atracciones\/etnografia-y-folclore\/#primaryimage\",\"url\":\"http:\/\/www.it.tarnow.pl\/wp-content\/uploads\/2019\/02\/Zalipie-Malowana-Wies-4-400x300.jpg\",\"contentUrl\":\"http:\/\/www.it.tarnow.pl\/wp-content\/uploads\/2019\/02\/Zalipie-Malowana-Wies-4-400x300.jpg\"},{\"@type\":\"BreadcrumbList\",\"@id\":\"https:\/\/www.it.tarnow.pl\/es\/atracciones\/etnografia-y-folclore\/#breadcrumb\",\"itemListElement\":[{\"@type\":\"ListItem\",\"position\":1,\"name\":\"P\u00e1gina de inicio\",\"item\":\"https:\/\/www.it.tarnow.pl\/es\/\"},{\"@type\":\"ListItem\",\"position\":2,\"name\":\"Atracciones\",\"item\":\"https:\/\/www.it.tarnow.pl\/es\/atracciones\/\"},{\"@type\":\"ListItem\",\"position\":3,\"name\":\"Etnograf\u00eda y folclore\"}]},{\"@type\":\"WebSite\",\"@id\":\"https:\/\/www.it.tarnow.pl\/#website\",\"url\":\"https:\/\/www.it.tarnow.pl\/\",\"name\":\"Tarnowskie Centrum Informacji\",\"description\":\"Informacja turystyczna o Tarnowie i regionie tarnowskim.\",\"potentialAction\":[{\"@type\":\"SearchAction\",\"target\":{\"@type\":\"EntryPoint\",\"urlTemplate\":\"https:\/\/www.it.tarnow.pl\/?s={search_term_string}\"},\"query-input\":{\"@type\":\"PropertyValueSpecification\",\"valueRequired\":true,\"valueName\":\"search_term_string\"}}],\"inLanguage\":\"es\"}]}<\/script>\n<!-- \/ Yoast SEO Premium plugin. -->","yoast_head_json":{"title":"Etnograf\u00eda y folclore - Tarnowskie Centrum Informacji","robots":{"index":"index","follow":"follow","max-snippet":"max-snippet:-1","max-image-preview":"max-image-preview:large","max-video-preview":"max-video-preview:-1"},"canonical":"https:\/\/www.it.tarnow.pl\/es\/atracciones\/etnografia-y-folclore\/","og_locale":"es_ES","og_type":"article","og_title":"Etnograf\u00eda y folclore","og_description":"La regi\u00f3n de Tarn\u00f3w est\u00e1 llena de lugares exepcionales y encantadores, por eso hay mucha gente que regresa a esta parte de Polonia. El mundo de tradici\u00f3n y artesan\u00eda locales [&hellip;]","og_url":"https:\/\/www.it.tarnow.pl\/es\/atracciones\/etnografia-y-folclore\/","og_site_name":"Tarnowskie Centrum Informacji","article_modified_time":"2019-04-03T13:21:05+00:00","og_image":[{"url":"http:\/\/www.it.tarnow.pl\/wp-content\/uploads\/2019\/02\/Zalipie-Malowana-Wies-4-400x300.jpg","type":"","width":"","height":""}],"twitter_card":"summary_large_image","twitter_misc":{"Tiempo de lectura":"2 minutos"},"schema":{"@context":"https:\/\/schema.org","@graph":[{"@type":"WebPage","@id":"https:\/\/www.it.tarnow.pl\/es\/atracciones\/etnografia-y-folclore\/","url":"https:\/\/www.it.tarnow.pl\/es\/atracciones\/etnografia-y-folclore\/","name":"Etnograf\u00eda y folclore - Tarnowskie Centrum Informacji","isPartOf":{"@id":"https:\/\/www.it.tarnow.pl\/#website"},"primaryImageOfPage":{"@id":"https:\/\/www.it.tarnow.pl\/es\/atracciones\/etnografia-y-folclore\/#primaryimage"},"image":{"@id":"https:\/\/www.it.tarnow.pl\/es\/atracciones\/etnografia-y-folclore\/#primaryimage"},"thumbnailUrl":"http:\/\/www.it.tarnow.pl\/wp-content\/uploads\/2019\/02\/Zalipie-Malowana-Wies-4-400x300.jpg","datePublished":"2015-11-03T08:04:08+00:00","dateModified":"2019-04-03T13:21:05+00:00","breadcrumb":{"@id":"https:\/\/www.it.tarnow.pl\/es\/atracciones\/etnografia-y-folclore\/#breadcrumb"},"inLanguage":"es","potentialAction":[{"@type":"ReadAction","target":["https:\/\/www.it.tarnow.pl\/es\/atracciones\/etnografia-y-folclore\/"]}]},{"@type":"ImageObject","inLanguage":"es","@id":"https:\/\/www.it.tarnow.pl\/es\/atracciones\/etnografia-y-folclore\/#primaryimage","url":"http:\/\/www.it.tarnow.pl\/wp-content\/uploads\/2019\/02\/Zalipie-Malowana-Wies-4-400x300.jpg","contentUrl":"http:\/\/www.it.tarnow.pl\/wp-content\/uploads\/2019\/02\/Zalipie-Malowana-Wies-4-400x300.jpg"},{"@type":"BreadcrumbList","@id":"https:\/\/www.it.tarnow.pl\/es\/atracciones\/etnografia-y-folclore\/#breadcrumb","itemListElement":[{"@type":"ListItem","position":1,"name":"P\u00e1gina de inicio","item":"https:\/\/www.it.tarnow.pl\/es\/"},{"@type":"ListItem","position":2,"name":"Atracciones","item":"https:\/\/www.it.tarnow.pl\/es\/atracciones\/"},{"@type":"ListItem","position":3,"name":"Etnograf\u00eda y folclore"}]},{"@type":"WebSite","@id":"https:\/\/www.it.tarnow.pl\/#website","url":"https:\/\/www.it.tarnow.pl\/","name":"Tarnowskie Centrum Informacji","description":"Informacja turystyczna o Tarnowie i regionie tarnowskim.","potentialAction":[{"@type":"SearchAction","target":{"@type":"EntryPoint","urlTemplate":"https:\/\/www.it.tarnow.pl\/?s={search_term_string}"},"query-input":{"@type":"PropertyValueSpecification","valueRequired":true,"valueName":"search_term_string"}}],"inLanguage":"es"}]}},"_links":{"self":[{"href":"https:\/\/www.it.tarnow.pl\/es\/wp-json\/wp\/v2\/pages\/10114","targetHints":{"allow":["GET"]}}],"collection":[{"href":"https:\/\/www.it.tarnow.pl\/es\/wp-json\/wp\/v2\/pages"}],"about":[{"href":"https:\/\/www.it.tarnow.pl\/es\/wp-json\/wp\/v2\/types\/page"}],"author":[{"embeddable":true,"href":"https:\/\/www.it.tarnow.pl\/es\/wp-json\/wp\/v2\/users\/1"}],"replies":[{"embeddable":true,"href":"https:\/\/www.it.tarnow.pl\/es\/wp-json\/wp\/v2\/comments?post=10114"}],"version-history":[{"count":0,"href":"https:\/\/www.it.tarnow.pl\/es\/wp-json\/wp\/v2\/pages\/10114\/revisions"}],"up":[{"embeddable":true,"href":"https:\/\/www.it.tarnow.pl\/es\/wp-json\/wp\/v2\/pages\/10108"}],"wp:attachment":[{"href":"https:\/\/www.it.tarnow.pl\/es\/wp-json\/wp\/v2\/media?parent=10114"}],"wp:term":[{"taxonomy":"post_tag","embeddable":true,"href":"https:\/\/www.it.tarnow.pl\/es\/wp-json\/wp\/v2\/tags?post=10114"}],"curies":[{"name":"wp","href":"https:\/\/api.w.org\/{rel}","templated":true}]}}