{"id":10112,"date":"2015-11-02T15:36:48","date_gmt":"2015-11-02T14:36:48","guid":{"rendered":"http:\/\/www.it.tarnow.pl\/las-iglesias-de-madera\/"},"modified":"2019-04-03T15:21:03","modified_gmt":"2019-04-03T13:21:03","slug":"las-iglesias-de-madera","status":"publish","type":"page","link":"https:\/\/www.it.tarnow.pl\/es\/atracciones\/las-iglesias-de-madera\/","title":{"rendered":"Las iglesias de madera"},"content":{"rendered":"<img loading=\"lazy\" decoding=\"async\" width=\"250\" height=\"250\" class=\"size-small alignright wp-image-24497\" src=\"http:\/\/www.it.tarnow.pl\/wp-content\/uploads\/2019\/02\/Kosciol-pw.-sw.-Jana-Chrzciciela-w-Rzepienniku-Biskupim-2-250x250.jpg\" alt=\"\" srcset=\"https:\/\/www.it.tarnow.pl\/wp-content\/uploads\/2019\/02\/Kosciol-pw.-sw.-Jana-Chrzciciela-w-Rzepienniku-Biskupim-2-250x250.jpg 250w, https:\/\/www.it.tarnow.pl\/wp-content\/uploads\/2019\/02\/Kosciol-pw.-sw.-Jana-Chrzciciela-w-Rzepienniku-Biskupim-2-150x150.jpg 150w\" sizes=\"auto, (max-width: 250px) 100vw, 250px\" \/><p>La arquitectura de madera de Ma\u0142opolska es muy rica y atractiva. De madera fueron hechas las casas, residencias, tabernas e iglesias. Los edificios m\u00e1s antiguos proceden del siglo XV. El grupo m\u00e1s numeroso son las iglesias.<\/p>\n<p>Hasta hoy d\u00eda se han mantenido unas docenas de iglesias de madera, s\u00edmbolos de la tradici\u00f3n y religi\u00f3n. Las m\u00e1s antiguas son del siglo XV y m\u00e1s modernas de los a\u00f1os 20 del siglo XX. En la mayor\u00eda son edificios con tejados altos cubiertos de tejas de madera o de chapa. Muchos tienen torres en el oeste y p\u00f3rticos donde se refugiaron los peregrinos.<\/p> <img loading=\"lazy\" decoding=\"async\" width=\"400\" height=\"300\" class=\"size-medium alignright wp-image-25617\" src=\"http:\/\/www.it.tarnow.pl\/wp-content\/uploads\/2019\/02\/Lipnica-Murowana-Kosciol-p.w.-Sw.-Leonarda-1-400x300.jpg\" alt=\"\" srcset=\"https:\/\/www.it.tarnow.pl\/wp-content\/uploads\/2019\/02\/Lipnica-Murowana-Kosciol-p.w.-Sw.-Leonarda-1-400x300.jpg 400w, https:\/\/www.it.tarnow.pl\/wp-content\/uploads\/2019\/02\/Lipnica-Murowana-Kosciol-p.w.-Sw.-Leonarda-1-768x576.jpg 768w, https:\/\/www.it.tarnow.pl\/wp-content\/uploads\/2019\/02\/Lipnica-Murowana-Kosciol-p.w.-Sw.-Leonarda-1-650x488.jpg 650w, https:\/\/www.it.tarnow.pl\/wp-content\/uploads\/2019\/02\/Lipnica-Murowana-Kosciol-p.w.-Sw.-Leonarda-1-300x225.jpg 300w, https:\/\/www.it.tarnow.pl\/wp-content\/uploads\/2019\/02\/Lipnica-Murowana-Kosciol-p.w.-Sw.-Leonarda-1.jpg 1024w\" sizes=\"auto, (max-width: 400px) 100vw, 400px\" \/><p>Lipnica Murowana \u2013 iglesia de San Leonardo del siglo XV, el interior adornado con pinturas de siglos XVI y XVIII. Es una de las iglesias medievales m\u00e1s interesantes y bien conservadas, inscrita en el registro del Patrimonio de la Humanidad de UNESCO.<\/p> <img loading=\"lazy\" decoding=\"async\" width=\"400\" height=\"300\" class=\"size-medium alignright wp-image-21413\" src=\"http:\/\/www.it.tarnow.pl\/wp-content\/uploads\/2019\/02\/TARNOW-Kosciol-p.w.-Matki-Bozej-Szkaplerznej-2-400x300.jpg\" alt=\"\" srcset=\"https:\/\/www.it.tarnow.pl\/wp-content\/uploads\/2019\/02\/TARNOW-Kosciol-p.w.-Matki-Bozej-Szkaplerznej-2-400x300.jpg 400w, https:\/\/www.it.tarnow.pl\/wp-content\/uploads\/2019\/02\/TARNOW-Kosciol-p.w.-Matki-Bozej-Szkaplerznej-2-768x576.jpg 768w, https:\/\/www.it.tarnow.pl\/wp-content\/uploads\/2019\/02\/TARNOW-Kosciol-p.w.-Matki-Bozej-Szkaplerznej-2-650x488.jpg 650w, https:\/\/www.it.tarnow.pl\/wp-content\/uploads\/2019\/02\/TARNOW-Kosciol-p.w.-Matki-Bozej-Szkaplerznej-2-300x225.jpg 300w, https:\/\/www.it.tarnow.pl\/wp-content\/uploads\/2019\/02\/TARNOW-Kosciol-p.w.-Matki-Bozej-Szkaplerznej-2.jpg 1024w\" sizes=\"auto, (max-width: 400px) 100vw, 400px\" \/><p>Tarn\u00f3w \u2013 iglesia de Santa Mar\u00eda, g\u00f3tica, consagrada en 1440. En el altar est\u00e1 el cuadro de Virgen Mar\u00eda con el Ni\u00f1o del siglo XVI.<\/p> <img loading=\"lazy\" decoding=\"async\" width=\"400\" height=\"300\" class=\"size-medium alignleft wp-image-21593\" src=\"http:\/\/www.it.tarnow.pl\/wp-content\/uploads\/2019\/02\/Zawada-Kosciol-p.w.-sw.-Marcina-1-400x300.jpg\" alt=\"\" srcset=\"https:\/\/www.it.tarnow.pl\/wp-content\/uploads\/2019\/02\/Zawada-Kosciol-p.w.-sw.-Marcina-1-400x300.jpg 400w, https:\/\/www.it.tarnow.pl\/wp-content\/uploads\/2019\/02\/Zawada-Kosciol-p.w.-sw.-Marcina-1-768x576.jpg 768w, https:\/\/www.it.tarnow.pl\/wp-content\/uploads\/2019\/02\/Zawada-Kosciol-p.w.-sw.-Marcina-1-650x488.jpg 650w, https:\/\/www.it.tarnow.pl\/wp-content\/uploads\/2019\/02\/Zawada-Kosciol-p.w.-sw.-Marcina-1-300x225.jpg 300w, https:\/\/www.it.tarnow.pl\/wp-content\/uploads\/2019\/02\/Zawada-Kosciol-p.w.-sw.-Marcina-1.jpg 1024w\" sizes=\"auto, (max-width: 400px) 100vw, 400px\" \/><p>Tarn\u00f3w \u2013 Zawada, iglesia de San Mart\u00edn del siglo XV con portales y herrajes g\u00f3ticos.<\/p> <img loading=\"lazy\" decoding=\"async\" width=\"400\" height=\"300\" class=\"size-medium alignright wp-image-21095\" src=\"http:\/\/www.it.tarnow.pl\/wp-content\/uploads\/2019\/02\/Skrzyszow-Kosciol-p.w.-sw.-Stanislawa-Biskupa-2-400x300.jpg\" alt=\"\" srcset=\"https:\/\/www.it.tarnow.pl\/wp-content\/uploads\/2019\/02\/Skrzyszow-Kosciol-p.w.-sw.-Stanislawa-Biskupa-2-400x300.jpg 400w, https:\/\/www.it.tarnow.pl\/wp-content\/uploads\/2019\/02\/Skrzyszow-Kosciol-p.w.-sw.-Stanislawa-Biskupa-2-768x576.jpg 768w, https:\/\/www.it.tarnow.pl\/wp-content\/uploads\/2019\/02\/Skrzyszow-Kosciol-p.w.-sw.-Stanislawa-Biskupa-2-650x488.jpg 650w, https:\/\/www.it.tarnow.pl\/wp-content\/uploads\/2019\/02\/Skrzyszow-Kosciol-p.w.-sw.-Stanislawa-Biskupa-2-300x225.jpg 300w, https:\/\/www.it.tarnow.pl\/wp-content\/uploads\/2019\/02\/Skrzyszow-Kosciol-p.w.-sw.-Stanislawa-Biskupa-2.jpg 1024w\" sizes=\"auto, (max-width: 400px) 100vw, 400px\" \/><p>Skrzysz\u00f3w \u2013 iglesia de San Estanislao, construida en 1517 por Jan Amor Tarnowski y el carpintero Jan z Czchowa. Es una de las iglesias de madera m\u00e1s grandes y la m\u00e1s bella.<\/p>\n<p>Jastrz\u0119bia (Ci\u0119\u017ckowice) \u2013 iglesia de San Bartolomeo del siglo XVI. Tiene altares barrocos, cuadros, esculturas y pila bautismal de renacimiento. En el campanario est\u00e1 la campana g\u00f3tica del siglo XV\/XVI.<\/p>","protected":false},"excerpt":{"rendered":"La arquitectura de madera de Ma\u0142opolska es muy rica y atractiva. De madera fueron hechas las casas, residencias, tabernas e iglesias. Los edificios m\u00e1s antiguos proceden del siglo XV. El [&hellip;]","protected":false},"author":1,"featured_media":0,"parent":10108,"menu_order":188,"comment_status":"closed","ping_status":"closed","template":"","meta":{"_acf_changed":false,"footnotes":""},"tags":[],"class_list":["post-10112","page","type-page","status-publish","hentry"],"acf":{"in_menu":null,"show_date":null,"intro_text":"<img class=\"size-medium alignleft wp-image-21413\" src=\"http:\/\/www.it.tarnow.pl\/wp-content\/uploads\/2019\/02\/TARNOW-Kosciol-p.w.-Matki-Bozej-Szkaplerznej-2-400x300.jpg\" alt=\"\"><p>La arquitectura de madera de Ma\u0142opolska es muy rica y atractiva. De madera fueron hechas las casas, residencias, tabernas e iglesias. Los edificios m\u00e1s antiguos proceden del siglo XV. El grupo m\u00e1s numeroso son las iglesias.<\/p>\n<p>Hasta hoy d\u00eda se han mantenido unas docenas de iglesias de madera, s\u00edmbolos de la tradici\u00f3n y religi\u00f3n. Las m\u00e1s antiguas son del siglo XV y m\u00e1s modernas de los a\u00f1os 20 del siglo XX. En la mayor\u00eda son edificios con tejados altos cubiertos de tejas de madera o de chapa. Muchos tienen torres en el oeste y p\u00f3rticos donde se refugiaron los peregrinos.<\/p>","map":null},"yoast_head":"<!-- This site is optimized with the Yoast SEO Premium plugin v25.4 (Yoast SEO v25.4) - https:\/\/yoast.com\/wordpress\/plugins\/seo\/ -->\n<title>Las iglesias de madera - Tarnowskie Centrum Informacji<\/title>\n<meta name=\"robots\" content=\"index, follow, max-snippet:-1, max-image-preview:large, max-video-preview:-1\" \/>\n<link rel=\"canonical\" href=\"https:\/\/www.it.tarnow.pl\/es\/atracciones\/las-iglesias-de-madera\/\" \/>\n<meta property=\"og:locale\" content=\"es_ES\" \/>\n<meta property=\"og:type\" content=\"article\" \/>\n<meta property=\"og:title\" content=\"Las iglesias de madera\" \/>\n<meta property=\"og:description\" content=\"La arquitectura de madera de Ma\u0142opolska es muy rica y atractiva. De madera fueron hechas las casas, residencias, tabernas e iglesias. Los edificios m\u00e1s antiguos proceden del siglo XV. El [&hellip;]\" \/>\n<meta property=\"og:url\" content=\"https:\/\/www.it.tarnow.pl\/es\/atracciones\/las-iglesias-de-madera\/\" \/>\n<meta property=\"og:site_name\" content=\"Tarnowskie Centrum Informacji\" \/>\n<meta property=\"article:modified_time\" content=\"2019-04-03T13:21:03+00:00\" \/>\n<meta property=\"og:image\" content=\"http:\/\/www.it.tarnow.pl\/wp-content\/uploads\/2019\/02\/Kosciol-pw.-sw.-Jana-Chrzciciela-w-Rzepienniku-Biskupim-2-250x250.jpg\" \/>\n<meta name=\"twitter:card\" content=\"summary_large_image\" \/>\n<meta name=\"twitter:label1\" content=\"Tiempo de lectura\" \/>\n\t<meta name=\"twitter:data1\" content=\"1 minuto\" \/>\n<script type=\"application\/ld+json\" class=\"yoast-schema-graph\">{\"@context\":\"https:\/\/schema.org\",\"@graph\":[{\"@type\":\"WebPage\",\"@id\":\"https:\/\/www.it.tarnow.pl\/es\/atracciones\/las-iglesias-de-madera\/\",\"url\":\"https:\/\/www.it.tarnow.pl\/es\/atracciones\/las-iglesias-de-madera\/\",\"name\":\"Las iglesias de madera - Tarnowskie Centrum Informacji\",\"isPartOf\":{\"@id\":\"https:\/\/www.it.tarnow.pl\/#website\"},\"primaryImageOfPage\":{\"@id\":\"https:\/\/www.it.tarnow.pl\/es\/atracciones\/las-iglesias-de-madera\/#primaryimage\"},\"image\":{\"@id\":\"https:\/\/www.it.tarnow.pl\/es\/atracciones\/las-iglesias-de-madera\/#primaryimage\"},\"thumbnailUrl\":\"http:\/\/www.it.tarnow.pl\/wp-content\/uploads\/2019\/02\/Kosciol-pw.-sw.-Jana-Chrzciciela-w-Rzepienniku-Biskupim-2-250x250.jpg\",\"datePublished\":\"2015-11-02T14:36:48+00:00\",\"dateModified\":\"2019-04-03T13:21:03+00:00\",\"breadcrumb\":{\"@id\":\"https:\/\/www.it.tarnow.pl\/es\/atracciones\/las-iglesias-de-madera\/#breadcrumb\"},\"inLanguage\":\"es\",\"potentialAction\":[{\"@type\":\"ReadAction\",\"target\":[\"https:\/\/www.it.tarnow.pl\/es\/atracciones\/las-iglesias-de-madera\/\"]}]},{\"@type\":\"ImageObject\",\"inLanguage\":\"es\",\"@id\":\"https:\/\/www.it.tarnow.pl\/es\/atracciones\/las-iglesias-de-madera\/#primaryimage\",\"url\":\"http:\/\/www.it.tarnow.pl\/wp-content\/uploads\/2019\/02\/Kosciol-pw.-sw.-Jana-Chrzciciela-w-Rzepienniku-Biskupim-2-250x250.jpg\",\"contentUrl\":\"http:\/\/www.it.tarnow.pl\/wp-content\/uploads\/2019\/02\/Kosciol-pw.-sw.-Jana-Chrzciciela-w-Rzepienniku-Biskupim-2-250x250.jpg\"},{\"@type\":\"BreadcrumbList\",\"@id\":\"https:\/\/www.it.tarnow.pl\/es\/atracciones\/las-iglesias-de-madera\/#breadcrumb\",\"itemListElement\":[{\"@type\":\"ListItem\",\"position\":1,\"name\":\"P\u00e1gina de inicio\",\"item\":\"https:\/\/www.it.tarnow.pl\/es\/\"},{\"@type\":\"ListItem\",\"position\":2,\"name\":\"Atracciones\",\"item\":\"https:\/\/www.it.tarnow.pl\/es\/atracciones\/\"},{\"@type\":\"ListItem\",\"position\":3,\"name\":\"Las iglesias de madera\"}]},{\"@type\":\"WebSite\",\"@id\":\"https:\/\/www.it.tarnow.pl\/#website\",\"url\":\"https:\/\/www.it.tarnow.pl\/\",\"name\":\"Tarnowskie Centrum Informacji\",\"description\":\"Informacja turystyczna o Tarnowie i regionie tarnowskim.\",\"potentialAction\":[{\"@type\":\"SearchAction\",\"target\":{\"@type\":\"EntryPoint\",\"urlTemplate\":\"https:\/\/www.it.tarnow.pl\/?s={search_term_string}\"},\"query-input\":{\"@type\":\"PropertyValueSpecification\",\"valueRequired\":true,\"valueName\":\"search_term_string\"}}],\"inLanguage\":\"es\"}]}<\/script>\n<!-- \/ Yoast SEO Premium plugin. -->","yoast_head_json":{"title":"Las iglesias de madera - Tarnowskie Centrum Informacji","robots":{"index":"index","follow":"follow","max-snippet":"max-snippet:-1","max-image-preview":"max-image-preview:large","max-video-preview":"max-video-preview:-1"},"canonical":"https:\/\/www.it.tarnow.pl\/es\/atracciones\/las-iglesias-de-madera\/","og_locale":"es_ES","og_type":"article","og_title":"Las iglesias de madera","og_description":"La arquitectura de madera de Ma\u0142opolska es muy rica y atractiva. De madera fueron hechas las casas, residencias, tabernas e iglesias. Los edificios m\u00e1s antiguos proceden del siglo XV. El [&hellip;]","og_url":"https:\/\/www.it.tarnow.pl\/es\/atracciones\/las-iglesias-de-madera\/","og_site_name":"Tarnowskie Centrum Informacji","article_modified_time":"2019-04-03T13:21:03+00:00","og_image":[{"url":"http:\/\/www.it.tarnow.pl\/wp-content\/uploads\/2019\/02\/Kosciol-pw.-sw.-Jana-Chrzciciela-w-Rzepienniku-Biskupim-2-250x250.jpg","type":"","width":"","height":""}],"twitter_card":"summary_large_image","twitter_misc":{"Tiempo de lectura":"1 minuto"},"schema":{"@context":"https:\/\/schema.org","@graph":[{"@type":"WebPage","@id":"https:\/\/www.it.tarnow.pl\/es\/atracciones\/las-iglesias-de-madera\/","url":"https:\/\/www.it.tarnow.pl\/es\/atracciones\/las-iglesias-de-madera\/","name":"Las iglesias de madera - Tarnowskie Centrum Informacji","isPartOf":{"@id":"https:\/\/www.it.tarnow.pl\/#website"},"primaryImageOfPage":{"@id":"https:\/\/www.it.tarnow.pl\/es\/atracciones\/las-iglesias-de-madera\/#primaryimage"},"image":{"@id":"https:\/\/www.it.tarnow.pl\/es\/atracciones\/las-iglesias-de-madera\/#primaryimage"},"thumbnailUrl":"http:\/\/www.it.tarnow.pl\/wp-content\/uploads\/2019\/02\/Kosciol-pw.-sw.-Jana-Chrzciciela-w-Rzepienniku-Biskupim-2-250x250.jpg","datePublished":"2015-11-02T14:36:48+00:00","dateModified":"2019-04-03T13:21:03+00:00","breadcrumb":{"@id":"https:\/\/www.it.tarnow.pl\/es\/atracciones\/las-iglesias-de-madera\/#breadcrumb"},"inLanguage":"es","potentialAction":[{"@type":"ReadAction","target":["https:\/\/www.it.tarnow.pl\/es\/atracciones\/las-iglesias-de-madera\/"]}]},{"@type":"ImageObject","inLanguage":"es","@id":"https:\/\/www.it.tarnow.pl\/es\/atracciones\/las-iglesias-de-madera\/#primaryimage","url":"http:\/\/www.it.tarnow.pl\/wp-content\/uploads\/2019\/02\/Kosciol-pw.-sw.-Jana-Chrzciciela-w-Rzepienniku-Biskupim-2-250x250.jpg","contentUrl":"http:\/\/www.it.tarnow.pl\/wp-content\/uploads\/2019\/02\/Kosciol-pw.-sw.-Jana-Chrzciciela-w-Rzepienniku-Biskupim-2-250x250.jpg"},{"@type":"BreadcrumbList","@id":"https:\/\/www.it.tarnow.pl\/es\/atracciones\/las-iglesias-de-madera\/#breadcrumb","itemListElement":[{"@type":"ListItem","position":1,"name":"P\u00e1gina de inicio","item":"https:\/\/www.it.tarnow.pl\/es\/"},{"@type":"ListItem","position":2,"name":"Atracciones","item":"https:\/\/www.it.tarnow.pl\/es\/atracciones\/"},{"@type":"ListItem","position":3,"name":"Las iglesias de madera"}]},{"@type":"WebSite","@id":"https:\/\/www.it.tarnow.pl\/#website","url":"https:\/\/www.it.tarnow.pl\/","name":"Tarnowskie Centrum Informacji","description":"Informacja turystyczna o Tarnowie i regionie tarnowskim.","potentialAction":[{"@type":"SearchAction","target":{"@type":"EntryPoint","urlTemplate":"https:\/\/www.it.tarnow.pl\/?s={search_term_string}"},"query-input":{"@type":"PropertyValueSpecification","valueRequired":true,"valueName":"search_term_string"}}],"inLanguage":"es"}]}},"_links":{"self":[{"href":"https:\/\/www.it.tarnow.pl\/es\/wp-json\/wp\/v2\/pages\/10112","targetHints":{"allow":["GET"]}}],"collection":[{"href":"https:\/\/www.it.tarnow.pl\/es\/wp-json\/wp\/v2\/pages"}],"about":[{"href":"https:\/\/www.it.tarnow.pl\/es\/wp-json\/wp\/v2\/types\/page"}],"author":[{"embeddable":true,"href":"https:\/\/www.it.tarnow.pl\/es\/wp-json\/wp\/v2\/users\/1"}],"replies":[{"embeddable":true,"href":"https:\/\/www.it.tarnow.pl\/es\/wp-json\/wp\/v2\/comments?post=10112"}],"version-history":[{"count":0,"href":"https:\/\/www.it.tarnow.pl\/es\/wp-json\/wp\/v2\/pages\/10112\/revisions"}],"up":[{"embeddable":true,"href":"https:\/\/www.it.tarnow.pl\/es\/wp-json\/wp\/v2\/pages\/10108"}],"wp:attachment":[{"href":"https:\/\/www.it.tarnow.pl\/es\/wp-json\/wp\/v2\/media?parent=10112"}],"wp:term":[{"taxonomy":"post_tag","embeddable":true,"href":"https:\/\/www.it.tarnow.pl\/es\/wp-json\/wp\/v2\/tags?post=10112"}],"curies":[{"name":"wp","href":"https:\/\/api.w.org\/{rel}","templated":true}]}}