{"id":10111,"date":"2015-11-02T15:22:22","date_gmt":"2015-11-02T14:22:22","guid":{"rendered":"http:\/\/www.it.tarnow.pl\/tarnow-13\/"},"modified":"2021-11-17T14:16:29","modified_gmt":"2021-11-17T13:16:29","slug":"tarnow-13","status":"publish","type":"page","link":"https:\/\/www.it.tarnow.pl\/es\/atracciones\/tarnow-13\/","title":{"rendered":"Tarn\u00f3w"},"content":{"rendered":"<p><b>La ruta del Edison polaco \u2013 Jan Szczepanik<\/b><\/p>\r\n<p><img loading=\"lazy\" decoding=\"async\" width=\"400\" height=\"205\" class=\"size-medium alignright wp-image-21140\" src=\"http:\/\/www.it.tarnow.pl\/wp-content\/uploads\/2019\/02\/szczepanik-2012-400x205.jpg\" alt=\"\" srcset=\"https:\/\/www.it.tarnow.pl\/wp-content\/uploads\/2019\/02\/szczepanik-2012-400x205.jpg 400w, https:\/\/www.it.tarnow.pl\/wp-content\/uploads\/2019\/02\/szczepanik-2012-300x153.jpg 300w, https:\/\/www.it.tarnow.pl\/wp-content\/uploads\/2019\/02\/szczepanik-2012.jpg 643w\" sizes=\"auto, (max-width: 400px) 100vw, 400px\" \/><\/p>\r\n<p>Con la historia de Tarn\u00f3w est\u00e1 tambi\u00e9n relacionada la vida del inventor universal Jan Szczepanik. Precursor de la fotograf\u00eda y pel\u00edculas en color, televisi\u00f3n. Era tembi\u00e9n precursor de la industria textil, construy\u00f3 el primer chaleco antibalas. Naci\u00f3 el 13 de junio de 1872 en la regi\u00f3n de Przemy\u015bl, trabaj\u00f3 en Berl\u00edn y Dresde, muri\u00f3 el 8 de noviembre de 1926, fue enterrado en Tarn\u00f3w.<\/p>\r\n<p>Visitando Tarn\u00f3w vale la pena ver su casa natal en la calle Szopena 11 y Sowi\u0144skiego 11. En esas casas Szczepanik trabajaba para descubrir las fotos en color. En el Museo Regional se puede ver el tapiz m\u00e1s grande hecho seg\u00fan m\u00e9todo de Szczepanik para celebrar el 50 aniversario del gobierno del emperador Francisco Josef I.<\/p>\r\n<p>Jan Szczepanik adquiri\u00f3 mucha fama con el atentado fracasado que sufri\u00f3 el rey espa\u00f1ol Alfonso XIII. La carroza real fue hecha del material antibalas que invent\u00f3 Szczepanik y la bomba que alguien hab\u00eda tirado hacia ella no hizo da\u00f1o al rey aunque lesion\u00f3 a muchos transe\u00fantes. El rey Alfonso XIII condecor\u00f3 al inventor polaco con la medalla de Isabel Cat\u00f3lica el 2 de junio de 1902.<\/p>\r\n<p>&nbsp;<\/p>\r\n<p><b>Gabriel Morvay \u2013 el catal\u00e1n de Tarn\u00f3w<\/b><\/p>\r\n<p>El pintor Gabriel Stanis\u0142aw Morvay naci\u00f3 el 16 de Julio de 1934 en Tarn\u00f3w y muri\u00f3 el 16 de septiembre de 1988 en Sabadell, en Catalu\u00f1a. Termin\u00f3 la Academia de Bellas Artes en Varsovia. A los 24 a\u00f1os escap\u00f3 del pa\u00eds comunista a Par\u00eds, luego viaj\u00f3 por Europa durante mucho tiempo, par\u00e1ndose en Roma, en Sabadell en Espa\u00f1a y en Casalmaggiore en el norte de Italia. En Barcelona cre\u00f3 el grupo Gallot y con \u00e9l organiz\u00f3 en 1960 en Barcelona muchos eventos art\u00edsticos bajo el t\u00edtulo \u201epintura en acci\u00f3n\u201d. Tuvo exposiciones en Par\u00eds, Roma, Luxemburgo, Sabadell. Es autor de los cuentos \u201cLa Chambre de Pauline\u201d.<\/p>\r\n<p>Las dos ciudades, una donde naci\u00f3 y otra donde muri\u00f3, rendieron homenaje a la memoria de Gabriel Morvay. En Tarn\u00f3w en la calle Urszula\u0144ska 27 donde vivi\u00f3 unos a\u00f1os est\u00e1 la placa de memoria que hizo una artista italiana Giovanna Barozzi. En Sabadell una de las plazas lleva su nombre: Plaza de Gabriel Morvay.<\/p>\r\n<p>&nbsp;<\/p>\r\n<p><b>La ruta del renacimiento de Tarn\u00f3w<\/b><\/p>\r\n<p><img loading=\"lazy\" decoding=\"async\" class=\"wp-image-187478 size-medium alignright\" src=\"http:\/\/www.it.tarnow.pl\/wp-content\/uploads\/2020\/04\/Rynek-Ratusz-Tarn\u00f3w-6-400x267.jpg\" alt=\"\" width=\"400\" height=\"267\" \/><\/p>\r\n<p>\u201cLa perla del renacimiento\u201d \u2013 as\u00ed dicen del casco antiguo de Tarn\u00f3w los expertos en arte. Tarn\u00f3w en la \u00e9poca del renacimiento era una de las ciudades m\u00e1s bellas de Polonia. La bonita iglesia parroquial, maravilloso ayuntamiento, ricas casas de la burgues\u00eda policromas por fuera \u2013 todo esto le daba a la ciudad la apariencia impresionante. A principios del siglo XVI en Tarn\u00f3w viv\u00edan unos 1200 habitantes. La ciudad ten\u00eda las murallas defensivas, conductos de agua y alcantarillado. Los habitantes ricos se dedicaban a la artesan\u00eda y al comercio. En aquel tiempo el propietario de la ciudad era hetm\u00e1n Jan Tarnowski, excelente pol\u00edtico y hombre sabio. Viv\u00eda en el castillo situado en la monta\u00f1a de San Mart\u00edn, alejada del centro de la ciudad a 2 km. En los a\u00f1os veinte del siglo XVI la ciudad fue rodeada por nuevas murallas reconstruidas en los a\u00f1os sesenta del siglo pasado y que se pueden ver actualmente.<\/p>\r\n<p>Hoy podemos caminar por las callejuelas de Tarn\u00f3w y admirar las casas renacentistas en la Plaza Mayor, Dom Miko\u0142ajowski, el Ayuntamiento, los monumentos sepulcrales en la Catedral y las ruinas del maravilloso castillo de la familia de los Tarnowski.<\/p>\r\n<p><img loading=\"lazy\" decoding=\"async\" width=\"637\" height=\"326\" class=\"size-original aligncenter wp-image-21253\" src=\"http:\/\/www.it.tarnow.pl\/wp-content\/uploads\/2019\/02\/IMG_1294_www.jpg\" alt=\"\" srcset=\"https:\/\/www.it.tarnow.pl\/wp-content\/uploads\/2019\/02\/IMG_1294_www.jpg 637w, https:\/\/www.it.tarnow.pl\/wp-content\/uploads\/2019\/02\/IMG_1294_www-400x205.jpg 400w, https:\/\/www.it.tarnow.pl\/wp-content\/uploads\/2019\/02\/IMG_1294_www-300x154.jpg 300w\" sizes=\"auto, (max-width: 637px) 100vw, 637px\" \/><\/p>\r\n<p>&nbsp;<\/p>\r\n<p><b>La ruta de los jud\u00edos de Tarn\u00f3w<\/b><\/p>\r\n<p><img loading=\"lazy\" decoding=\"async\" class=\"wp-image-186590 size-medium alignright\" src=\"http:\/\/www.it.tarnow.pl\/wp-content\/uploads\/2020\/04\/Bima-Tarn\u00f3w-8-400x267.jpg\" alt=\"\" width=\"400\" height=\"267\" \/><\/p>\r\n<p>En 1939 en Tarn\u00f3w viv\u00edan 56 mil habitantes, de los que 25 mil eran jud\u00edos (45% de los habitantes de la ciudad). Tarn\u00f3w era la cuarta ciudad de la antigua Galicia en cuanto al n\u00famero de los jud\u00edos (tras Lvov, Cracovia y Stanis\u0142aw\u00f3w). Hay muchos monumentos jud\u00edos en la ciudad. Antes de la Segunda Guerra Mundial los jud\u00edos viv\u00edan en la parte este de Tarn\u00f3w. Merece la pena pasear por la calle \u017bydowska, que empieza en la Plaza Mayor y que junto con la calle Wekslarska forma parte m\u00e1s antigua del barrio habitado por los jud\u00edos. En esa calle entre 11 y 19 de junio del 1942 murieron unos tres mil jud\u00edos, matados por los nazis. En la calle Goldhammera se encontraban importantes instituciones jud\u00edas como la sociedad de cr\u00e9ditos, el hotel, la sede de la comunidad religiosa, la casa de oraciones. Actualmente se pueden ver aqu\u00ed letreros en yiddish y en polaco que presentan nombres de las comidas de los restaurantes. En Tarn\u00f3w se puede tambi\u00e9n visitar Mykwa, Molino de Szancer (primero en Galicia molino de s\u00e9mola), Bima \u2013 que son residuos de la m\u00e1s antigua sinagoga de ladrillo, construida en Tarn\u00f3w en 1661. En la ciudad se encuentra tambi\u00e9n el cementerio jud\u00edo \u2013 uno de los m\u00e1s grandes y m\u00e1s antiguos del Sur de Polonia. El cementerio fue fundado en el siglo XVI (primera informaci\u00f3n es del a\u00f1o 1581), el cementerio cubre la \u00e1rea de 3,20 hect\u00e1reas con 6 mil sepulcros.<\/p>\r\n<p>&nbsp;<\/p>\r\n<p><b>Estaci\u00f3n de ferrocarril<\/b><\/p>\r\n<p><img loading=\"lazy\" decoding=\"async\" class=\"alignright wp-image-21503\" src=\"http:\/\/www.it.tarnow.pl\/wp-content\/uploads\/2019\/02\/Dworzec-PKP-9-300x154.jpg\" alt=\"Dworzec kolejowy w Tarnowie\" width=\"400\" height=\"205\" \/><\/p>\r\n<p>El edificio de la estaci\u00f3n de ferrocarril es secesionista y monumental, fue construido entre 1906-1910 y en dise\u00f1o se parece a la estaci\u00f3n de Lvov. Fue reconstruido fundamentalmente en 2010. El interior del edificio se parece a los interiores de los hoteles de esta \u00e9poca. Durante a\u00f1os la estaci\u00f3n fue testigo de importantes acontecimientos. En 1914 de aqu\u00ed salieron primeros legionarios que luego lucharon por la independencia del pa\u00eds bajo el mando del mariscal J\u00f3zef Pi\u0142sudski. En 1929 llegaron aqu\u00ed los restos del general J\u00f3zef Bem. El 28 de agosto de 1939 estall\u00f3 una bomba puesta por un atentador alem\u00e1n que mat\u00f3 a 20 personas, 53 fueron heridas. El 14 de junio de 1940 de una de las calles cercanas, de Kochanowski, sali\u00f3 el primer transporte de los presos a campo de concentraci\u00f3n en Auschwitz. Actualmente es la estaci\u00f3n m\u00e1s grande del este de Polonia y quiz\u00e1s la m\u00e1s bonita de Europa.<\/p>\r\n<p>&nbsp;<\/p>\r\n<div class=\"separator\">\u00a0<\/div>\r\n<p>&nbsp;<\/p>\r\n<p><a href=\"http:\/\/www.mibauldeblogs.com\/2017\/09\/que-ver-en-Tarnow.html\">Qu\u00e9 ver en Tarn\u00f3w, la perla del renacimiento polaco &#8211; www.mibauldeblogs.com<\/a><\/p>\r\n<p>&nbsp;<\/p>\r\n<p><a href=\"http:\/\/www.mibauldeblogs.com\/2017\/06\/recorrido-ruta-por-polonia.html\">Recorrido por Polonia\u00a0&#8211; www.mibauldeblogs.com<\/a><\/p>","protected":false},"excerpt":{"rendered":"La ruta del Edison polaco \u2013 Jan Szczepanik Con la historia de Tarn\u00f3w est\u00e1 tambi\u00e9n relacionada la vida del inventor universal Jan Szczepanik. Precursor de la fotograf\u00eda y pel\u00edculas en [&hellip;]","protected":false},"author":1,"featured_media":0,"parent":10108,"menu_order":157,"comment_status":"closed","ping_status":"closed","template":"","meta":{"_acf_changed":false,"footnotes":""},"tags":[],"class_list":["post-10111","page","type-page","status-publish","hentry"],"acf":{"old_object_id":"20746","old_parent_id":"20889","old_url":"Atracciones\/Tarnow","intro_text":"<p><img loading=\"lazy\" decoding=\"async\" class=\"wp-image-205348 size-medium alignleft\" src=\"http:\/\/www.it.tarnow.pl\/wp-content\/uploads\/2021\/06\/Tarn\u00f3w-Rynek-1-400x267.jpg\" alt=\"\" width=\"400\" height=\"267\" \/><\/p>\n<p><b>La ruta del Edison polaco \u2013 Jan Szczepanik<\/b><\/p>\n<p>Con la historia de Tarn\u00f3w est\u00e1 tambi\u00e9n relacionada la vida del inventor universal Jan Szczepanik.<\/p>\n<p><b>Gabriel Morvay \u2013 el catal\u00e1n de Tarn\u00f3w<\/b><\/p>\n<p>En Barcelona cre\u00f3 el grupo Gallot y con \u00e9l organiz\u00f3 en 1960 en Barcelona muchos eventos art\u00edsticos bajo el t\u00edtulo \u201epintura en acci\u00f3n\u201d. Tuvo exposiciones en Par\u00eds, Roma, Luxemburgo, Sabadell.<\/p>\n<p><b>La ruta del renacimiento de Tarn\u00f3w<\/b><\/p>\n<p>\u201cLa perla del renacimiento\u201d \u2013 as\u00ed dicen del casco antiguo de Tarn\u00f3w los expertos en arte. Tarn\u00f3w en la \u00e9poca del renacimiento era una de las ciudades m\u00e1s bellas de Polonia.<\/p>\n<p><b>La ruta de los jud\u00edos de Tarn\u00f3w<\/b><\/p>\n<p>En 1939 en Tarn\u00f3w viv\u00edan 56 mil habitantes, de los que 25 mil eran jud\u00edos (45% de los habitantes de la ciudad). Hay muchos monumentos jud\u00edos en la ciudad.<\/p>\n","show_children":"1","class":"folder","type":"single","in_menu":true,"map":"","old_id":"","top_column":"","left_column":"","right_column":"","bottom_column":"","skip_import":false,"_menu_related_id":"96296","show_date":false,"rooms_info":""},"yoast_head":"<!-- This site is optimized with the Yoast SEO Premium plugin v25.4 (Yoast SEO v25.4) - https:\/\/yoast.com\/wordpress\/plugins\/seo\/ -->\n<title>Tarn\u00f3w - Tarnowskie Centrum Informacji<\/title>\n<meta name=\"robots\" content=\"index, follow, max-snippet:-1, max-image-preview:large, max-video-preview:-1\" \/>\n<link rel=\"canonical\" href=\"https:\/\/www.it.tarnow.pl\/es\/atracciones\/tarnow-13\/\" \/>\n<meta property=\"og:locale\" content=\"es_ES\" \/>\n<meta property=\"og:type\" content=\"article\" \/>\n<meta property=\"og:title\" content=\"Tarn\u00f3w\" \/>\n<meta property=\"og:description\" content=\"La ruta del Edison polaco \u2013 Jan Szczepanik Con la historia de Tarn\u00f3w est\u00e1 tambi\u00e9n relacionada la vida del inventor universal Jan Szczepanik. Precursor de la fotograf\u00eda y pel\u00edculas en [&hellip;]\" \/>\n<meta property=\"og:url\" content=\"https:\/\/www.it.tarnow.pl\/es\/atracciones\/tarnow-13\/\" \/>\n<meta property=\"og:site_name\" content=\"Tarnowskie Centrum Informacji\" \/>\n<meta property=\"article:modified_time\" content=\"2021-11-17T13:16:29+00:00\" \/>\n<meta property=\"og:image\" content=\"http:\/\/www.it.tarnow.pl\/wp-content\/uploads\/2019\/02\/szczepanik-2012-400x205.jpg\" \/>\n<meta name=\"twitter:card\" content=\"summary_large_image\" \/>\n<meta name=\"twitter:label1\" content=\"Tiempo de lectura\" \/>\n\t<meta name=\"twitter:data1\" content=\"5 minutos\" \/>\n<script type=\"application\/ld+json\" class=\"yoast-schema-graph\">{\"@context\":\"https:\/\/schema.org\",\"@graph\":[{\"@type\":\"WebPage\",\"@id\":\"https:\/\/www.it.tarnow.pl\/es\/atracciones\/tarnow-13\/\",\"url\":\"https:\/\/www.it.tarnow.pl\/es\/atracciones\/tarnow-13\/\",\"name\":\"Tarn\u00f3w - Tarnowskie Centrum Informacji\",\"isPartOf\":{\"@id\":\"https:\/\/www.it.tarnow.pl\/#website\"},\"primaryImageOfPage\":{\"@id\":\"https:\/\/www.it.tarnow.pl\/es\/atracciones\/tarnow-13\/#primaryimage\"},\"image\":{\"@id\":\"https:\/\/www.it.tarnow.pl\/es\/atracciones\/tarnow-13\/#primaryimage\"},\"thumbnailUrl\":\"http:\/\/www.it.tarnow.pl\/wp-content\/uploads\/2019\/02\/szczepanik-2012-400x205.jpg\",\"datePublished\":\"2015-11-02T14:22:22+00:00\",\"dateModified\":\"2021-11-17T13:16:29+00:00\",\"breadcrumb\":{\"@id\":\"https:\/\/www.it.tarnow.pl\/es\/atracciones\/tarnow-13\/#breadcrumb\"},\"inLanguage\":\"es\",\"potentialAction\":[{\"@type\":\"ReadAction\",\"target\":[\"https:\/\/www.it.tarnow.pl\/es\/atracciones\/tarnow-13\/\"]}]},{\"@type\":\"ImageObject\",\"inLanguage\":\"es\",\"@id\":\"https:\/\/www.it.tarnow.pl\/es\/atracciones\/tarnow-13\/#primaryimage\",\"url\":\"http:\/\/www.it.tarnow.pl\/wp-content\/uploads\/2019\/02\/szczepanik-2012-400x205.jpg\",\"contentUrl\":\"http:\/\/www.it.tarnow.pl\/wp-content\/uploads\/2019\/02\/szczepanik-2012-400x205.jpg\"},{\"@type\":\"BreadcrumbList\",\"@id\":\"https:\/\/www.it.tarnow.pl\/es\/atracciones\/tarnow-13\/#breadcrumb\",\"itemListElement\":[{\"@type\":\"ListItem\",\"position\":1,\"name\":\"P\u00e1gina de inicio\",\"item\":\"https:\/\/www.it.tarnow.pl\/es\/\"},{\"@type\":\"ListItem\",\"position\":2,\"name\":\"Atracciones\",\"item\":\"https:\/\/www.it.tarnow.pl\/es\/atracciones\/\"},{\"@type\":\"ListItem\",\"position\":3,\"name\":\"Tarn\u00f3w\"}]},{\"@type\":\"WebSite\",\"@id\":\"https:\/\/www.it.tarnow.pl\/#website\",\"url\":\"https:\/\/www.it.tarnow.pl\/\",\"name\":\"Tarnowskie Centrum Informacji\",\"description\":\"Informacja turystyczna o Tarnowie i regionie tarnowskim.\",\"potentialAction\":[{\"@type\":\"SearchAction\",\"target\":{\"@type\":\"EntryPoint\",\"urlTemplate\":\"https:\/\/www.it.tarnow.pl\/?s={search_term_string}\"},\"query-input\":{\"@type\":\"PropertyValueSpecification\",\"valueRequired\":true,\"valueName\":\"search_term_string\"}}],\"inLanguage\":\"es\"}]}<\/script>\n<!-- \/ Yoast SEO Premium plugin. -->","yoast_head_json":{"title":"Tarn\u00f3w - Tarnowskie Centrum Informacji","robots":{"index":"index","follow":"follow","max-snippet":"max-snippet:-1","max-image-preview":"max-image-preview:large","max-video-preview":"max-video-preview:-1"},"canonical":"https:\/\/www.it.tarnow.pl\/es\/atracciones\/tarnow-13\/","og_locale":"es_ES","og_type":"article","og_title":"Tarn\u00f3w","og_description":"La ruta del Edison polaco \u2013 Jan Szczepanik Con la historia de Tarn\u00f3w est\u00e1 tambi\u00e9n relacionada la vida del inventor universal Jan Szczepanik. Precursor de la fotograf\u00eda y pel\u00edculas en [&hellip;]","og_url":"https:\/\/www.it.tarnow.pl\/es\/atracciones\/tarnow-13\/","og_site_name":"Tarnowskie Centrum Informacji","article_modified_time":"2021-11-17T13:16:29+00:00","og_image":[{"url":"http:\/\/www.it.tarnow.pl\/wp-content\/uploads\/2019\/02\/szczepanik-2012-400x205.jpg","type":"","width":"","height":""}],"twitter_card":"summary_large_image","twitter_misc":{"Tiempo de lectura":"5 minutos"},"schema":{"@context":"https:\/\/schema.org","@graph":[{"@type":"WebPage","@id":"https:\/\/www.it.tarnow.pl\/es\/atracciones\/tarnow-13\/","url":"https:\/\/www.it.tarnow.pl\/es\/atracciones\/tarnow-13\/","name":"Tarn\u00f3w - Tarnowskie Centrum Informacji","isPartOf":{"@id":"https:\/\/www.it.tarnow.pl\/#website"},"primaryImageOfPage":{"@id":"https:\/\/www.it.tarnow.pl\/es\/atracciones\/tarnow-13\/#primaryimage"},"image":{"@id":"https:\/\/www.it.tarnow.pl\/es\/atracciones\/tarnow-13\/#primaryimage"},"thumbnailUrl":"http:\/\/www.it.tarnow.pl\/wp-content\/uploads\/2019\/02\/szczepanik-2012-400x205.jpg","datePublished":"2015-11-02T14:22:22+00:00","dateModified":"2021-11-17T13:16:29+00:00","breadcrumb":{"@id":"https:\/\/www.it.tarnow.pl\/es\/atracciones\/tarnow-13\/#breadcrumb"},"inLanguage":"es","potentialAction":[{"@type":"ReadAction","target":["https:\/\/www.it.tarnow.pl\/es\/atracciones\/tarnow-13\/"]}]},{"@type":"ImageObject","inLanguage":"es","@id":"https:\/\/www.it.tarnow.pl\/es\/atracciones\/tarnow-13\/#primaryimage","url":"http:\/\/www.it.tarnow.pl\/wp-content\/uploads\/2019\/02\/szczepanik-2012-400x205.jpg","contentUrl":"http:\/\/www.it.tarnow.pl\/wp-content\/uploads\/2019\/02\/szczepanik-2012-400x205.jpg"},{"@type":"BreadcrumbList","@id":"https:\/\/www.it.tarnow.pl\/es\/atracciones\/tarnow-13\/#breadcrumb","itemListElement":[{"@type":"ListItem","position":1,"name":"P\u00e1gina de inicio","item":"https:\/\/www.it.tarnow.pl\/es\/"},{"@type":"ListItem","position":2,"name":"Atracciones","item":"https:\/\/www.it.tarnow.pl\/es\/atracciones\/"},{"@type":"ListItem","position":3,"name":"Tarn\u00f3w"}]},{"@type":"WebSite","@id":"https:\/\/www.it.tarnow.pl\/#website","url":"https:\/\/www.it.tarnow.pl\/","name":"Tarnowskie Centrum Informacji","description":"Informacja turystyczna o Tarnowie i regionie tarnowskim.","potentialAction":[{"@type":"SearchAction","target":{"@type":"EntryPoint","urlTemplate":"https:\/\/www.it.tarnow.pl\/?s={search_term_string}"},"query-input":{"@type":"PropertyValueSpecification","valueRequired":true,"valueName":"search_term_string"}}],"inLanguage":"es"}]}},"_links":{"self":[{"href":"https:\/\/www.it.tarnow.pl\/es\/wp-json\/wp\/v2\/pages\/10111","targetHints":{"allow":["GET"]}}],"collection":[{"href":"https:\/\/www.it.tarnow.pl\/es\/wp-json\/wp\/v2\/pages"}],"about":[{"href":"https:\/\/www.it.tarnow.pl\/es\/wp-json\/wp\/v2\/types\/page"}],"author":[{"embeddable":true,"href":"https:\/\/www.it.tarnow.pl\/es\/wp-json\/wp\/v2\/users\/1"}],"replies":[{"embeddable":true,"href":"https:\/\/www.it.tarnow.pl\/es\/wp-json\/wp\/v2\/comments?post=10111"}],"version-history":[{"count":0,"href":"https:\/\/www.it.tarnow.pl\/es\/wp-json\/wp\/v2\/pages\/10111\/revisions"}],"up":[{"embeddable":true,"href":"https:\/\/www.it.tarnow.pl\/es\/wp-json\/wp\/v2\/pages\/10108"}],"wp:attachment":[{"href":"https:\/\/www.it.tarnow.pl\/es\/wp-json\/wp\/v2\/media?parent=10111"}],"wp:term":[{"taxonomy":"post_tag","embeddable":true,"href":"https:\/\/www.it.tarnow.pl\/es\/wp-json\/wp\/v2\/tags?post=10111"}],"curies":[{"name":"wp","href":"https:\/\/api.w.org\/{rel}","templated":true}]}}