{"id":10110,"date":"2015-11-02T15:07:50","date_gmt":"2015-11-02T14:07:50","guid":{"rendered":"http:\/\/www.it.tarnow.pl\/sabias-que\/"},"modified":"2021-11-17T14:08:27","modified_gmt":"2021-11-17T13:08:27","slug":"sabias-que","status":"publish","type":"page","link":"https:\/\/www.it.tarnow.pl\/es\/atracciones\/sabias-que\/","title":{"rendered":"\u00bfSab\u00edas que\u2026?"},"content":{"rendered":"<p><b>Tarn\u00f3w es el lugar m\u00e1s caluroso de Polonia.<\/b><br \/>\r\nLa temperatura media anual de muchos a\u00f1os alcanza 8,8 grados y es la m\u00e1s alta de Polonia. El periodo de vegetaci\u00f3n dura 210-230 d\u00edas y es el m\u00e1s largo de Polonia.<\/p>\r\n<p>&nbsp;<\/p>\r\n<p><img loading=\"lazy\" decoding=\"async\" width=\"300\" height=\"400\" class=\"size-medium alignright wp-image-21464\" src=\"http:\/\/www.it.tarnow.pl\/wp-content\/uploads\/2019\/02\/TARNOW-Bazylika-katedralna-04-300x400.jpg\" alt=\"\" srcset=\"https:\/\/www.it.tarnow.pl\/wp-content\/uploads\/2019\/02\/TARNOW-Bazylika-katedralna-04-300x400.jpg 300w, https:\/\/www.it.tarnow.pl\/wp-content\/uploads\/2019\/02\/TARNOW-Bazylika-katedralna-04.jpg 768w, https:\/\/www.it.tarnow.pl\/wp-content\/uploads\/2019\/02\/TARNOW-Bazylika-katedralna-04-488x650.jpg 488w, https:\/\/www.it.tarnow.pl\/wp-content\/uploads\/2019\/02\/TARNOW-Bazylika-katedralna-04-225x300.jpg 225w\" sizes=\"auto, (max-width: 300px) 100vw, 300px\" \/><\/p>\r\n<p><b>Las obras de escultura m\u00e1s grandes de Europa se encuentran en Tarn\u00f3w.<\/b><br \/>\r\nLos sepulcrales monumentales, de g\u00f3tico y renacimiento, de varios metros de altura que pertenecen a dos familias Tarnowski y Ostrogski, est\u00e1n en la bas\u00edlica de Tarn\u00f3w.<\/p>\r\n<p>&nbsp;<\/p>\r\n<p><b>En Tarn\u00f3w empiezan los C\u00e1rpatos.<\/b><br \/>\r\nLa monta\u00f1a de San Mart\u00edn es la parte do los C\u00e1rpatos y est\u00e1 situada m\u00e1s al Norte. La monta\u00f1a est\u00e1 en el territorio administrativo de la ciudad.<\/p>\r\n<p>&nbsp;<\/p>\r\n<p><b>Tarn\u00f3w es la capital polaca de comedia.<\/b><br \/>\r\nDesde hace m\u00e1s de 10 a\u00f1os el teatro de Tarn\u00f3w organiza cada a\u00f1o en octubre Festival de Comedia \u201cTalia\u201d. El p\u00fablico se divierte viendo los actores polacos y extranjeros que salen del escenario y bajan a las calles y restaurantes de la ciudad.<\/p>\r\n<p>&nbsp;<\/p>\r\n<p><img loading=\"lazy\" decoding=\"async\" class=\"wp-image-187870 size-medium alignright\" src=\"http:\/\/www.it.tarnow.pl\/wp-content\/uploads\/2020\/04\/Rynek-Ratusz-Tarn\u00f3w-55-267x400.jpg\" alt=\"\" width=\"267\" height=\"400\" \/><\/p>\r\n<p><b>Tarn\u00f3w tiene el mayor n\u00famero de monumentos en el Sur de Polonia.<\/b><br \/>\r\nTarn\u00f3w es la segunda ciudad (despu\u00e9s de Cracovia) que tiene el conjunto de monumentos hist\u00f3ricos m\u00e1s grande del Sur de Polonia. Aqu\u00ed est\u00e1n varias docenas de edificios hist\u00f3ricos g\u00f3ticos, renacentistas y barrocos. El casco antiguo de Tarn\u00f3w guarda la misma forma que la del a\u00f1o 1330. En el centro est\u00e1 la Plaza Mayor que tiene dos calles en cada esquina.<\/p>\r\n<p>&nbsp;<\/p>\r\n<p><b>Tarn\u00f3w es una ciudad multicultural.<\/b><br \/>\r\nDurante siglos en la ciudad viv\u00edan polacos, jud\u00edos, alemanes, ucranios, escoceses, gitanos y austr\u00edacos. Cada de estas nacionalidades ha dejado sus huellas en la historia de la ciudad.<\/p>\r\n<p>&nbsp;<\/p>\r\n<p><b>Tarn\u00f3w y m\u00e1gia de los n\u00fameros.<\/b><br \/>\r\nEl n\u00famero 72 tiene la importancia particular. La plaza mayor de la ciudad tiene 72 \u00e1reas de superficie, el superficie de toda la ciudad mide 72 km cuadrados, la torre de la catedral tiene 72 metros de alto.<\/p>","protected":false},"excerpt":{"rendered":"Tarn\u00f3w es el lugar m\u00e1s caluroso de Polonia. La temperatura media anual de muchos a\u00f1os alcanza 8,8 grados y es la m\u00e1s alta de Polonia. El periodo de vegetaci\u00f3n dura [&hellip;]","protected":false},"author":1,"featured_media":0,"parent":10108,"menu_order":123,"comment_status":"closed","ping_status":"closed","template":"","meta":{"_acf_changed":false,"footnotes":""},"tags":[],"class_list":["post-10110","page","type-page","status-publish","hentry"],"acf":{"old_object_id":"20745","old_parent_id":"20889","old_url":"Atracciones\/Sabias-que","intro_text":"","show_children":"1","class":"folder","type":"single","in_menu":true,"show_date":false,"map":"","old_id":"","rooms_info":"","top_column":"","left_column":"","right_column":"","bottom_column":"","skip_import":false,"_menu_related_id":"96282"},"yoast_head":"<!-- This site is optimized with the Yoast SEO Premium plugin v25.4 (Yoast SEO v25.4) - https:\/\/yoast.com\/wordpress\/plugins\/seo\/ -->\n<title>\u00bfSab\u00edas que\u2026? - Tarnowskie Centrum Informacji<\/title>\n<meta name=\"robots\" content=\"index, follow, max-snippet:-1, max-image-preview:large, max-video-preview:-1\" \/>\n<link rel=\"canonical\" href=\"https:\/\/www.it.tarnow.pl\/es\/atracciones\/sabias-que\/\" \/>\n<meta property=\"og:locale\" content=\"es_ES\" \/>\n<meta property=\"og:type\" content=\"article\" \/>\n<meta property=\"og:title\" content=\"\u00bfSab\u00edas que\u2026?\" \/>\n<meta property=\"og:description\" content=\"Tarn\u00f3w es el lugar m\u00e1s caluroso de Polonia. La temperatura media anual de muchos a\u00f1os alcanza 8,8 grados y es la m\u00e1s alta de Polonia. El periodo de vegetaci\u00f3n dura [&hellip;]\" \/>\n<meta property=\"og:url\" content=\"https:\/\/www.it.tarnow.pl\/es\/atracciones\/sabias-que\/\" \/>\n<meta property=\"og:site_name\" content=\"Tarnowskie Centrum Informacji\" \/>\n<meta property=\"article:modified_time\" content=\"2021-11-17T13:08:27+00:00\" \/>\n<meta property=\"og:image\" content=\"http:\/\/www.it.tarnow.pl\/wp-content\/uploads\/2019\/02\/TARNOW-Bazylika-katedralna-04-300x400.jpg\" \/>\n<meta name=\"twitter:card\" content=\"summary_large_image\" \/>\n<meta name=\"twitter:label1\" content=\"Tiempo de lectura\" \/>\n\t<meta name=\"twitter:data1\" content=\"2 minutos\" \/>\n<script type=\"application\/ld+json\" class=\"yoast-schema-graph\">{\"@context\":\"https:\/\/schema.org\",\"@graph\":[{\"@type\":\"WebPage\",\"@id\":\"https:\/\/www.it.tarnow.pl\/es\/atracciones\/sabias-que\/\",\"url\":\"https:\/\/www.it.tarnow.pl\/es\/atracciones\/sabias-que\/\",\"name\":\"\u00bfSab\u00edas que\u2026? - Tarnowskie Centrum Informacji\",\"isPartOf\":{\"@id\":\"https:\/\/www.it.tarnow.pl\/#website\"},\"primaryImageOfPage\":{\"@id\":\"https:\/\/www.it.tarnow.pl\/es\/atracciones\/sabias-que\/#primaryimage\"},\"image\":{\"@id\":\"https:\/\/www.it.tarnow.pl\/es\/atracciones\/sabias-que\/#primaryimage\"},\"thumbnailUrl\":\"http:\/\/www.it.tarnow.pl\/wp-content\/uploads\/2019\/02\/TARNOW-Bazylika-katedralna-04-300x400.jpg\",\"datePublished\":\"2015-11-02T14:07:50+00:00\",\"dateModified\":\"2021-11-17T13:08:27+00:00\",\"breadcrumb\":{\"@id\":\"https:\/\/www.it.tarnow.pl\/es\/atracciones\/sabias-que\/#breadcrumb\"},\"inLanguage\":\"es\",\"potentialAction\":[{\"@type\":\"ReadAction\",\"target\":[\"https:\/\/www.it.tarnow.pl\/es\/atracciones\/sabias-que\/\"]}]},{\"@type\":\"ImageObject\",\"inLanguage\":\"es\",\"@id\":\"https:\/\/www.it.tarnow.pl\/es\/atracciones\/sabias-que\/#primaryimage\",\"url\":\"http:\/\/www.it.tarnow.pl\/wp-content\/uploads\/2019\/02\/TARNOW-Bazylika-katedralna-04-300x400.jpg\",\"contentUrl\":\"http:\/\/www.it.tarnow.pl\/wp-content\/uploads\/2019\/02\/TARNOW-Bazylika-katedralna-04-300x400.jpg\"},{\"@type\":\"BreadcrumbList\",\"@id\":\"https:\/\/www.it.tarnow.pl\/es\/atracciones\/sabias-que\/#breadcrumb\",\"itemListElement\":[{\"@type\":\"ListItem\",\"position\":1,\"name\":\"P\u00e1gina de inicio\",\"item\":\"https:\/\/www.it.tarnow.pl\/es\/\"},{\"@type\":\"ListItem\",\"position\":2,\"name\":\"Atracciones\",\"item\":\"https:\/\/www.it.tarnow.pl\/es\/atracciones\/\"},{\"@type\":\"ListItem\",\"position\":3,\"name\":\"\u00bfSab\u00edas que\u2026?\"}]},{\"@type\":\"WebSite\",\"@id\":\"https:\/\/www.it.tarnow.pl\/#website\",\"url\":\"https:\/\/www.it.tarnow.pl\/\",\"name\":\"Tarnowskie Centrum Informacji\",\"description\":\"Informacja turystyczna o Tarnowie i regionie tarnowskim.\",\"potentialAction\":[{\"@type\":\"SearchAction\",\"target\":{\"@type\":\"EntryPoint\",\"urlTemplate\":\"https:\/\/www.it.tarnow.pl\/?s={search_term_string}\"},\"query-input\":{\"@type\":\"PropertyValueSpecification\",\"valueRequired\":true,\"valueName\":\"search_term_string\"}}],\"inLanguage\":\"es\"}]}<\/script>\n<!-- \/ Yoast SEO Premium plugin. -->","yoast_head_json":{"title":"\u00bfSab\u00edas que\u2026? - Tarnowskie Centrum Informacji","robots":{"index":"index","follow":"follow","max-snippet":"max-snippet:-1","max-image-preview":"max-image-preview:large","max-video-preview":"max-video-preview:-1"},"canonical":"https:\/\/www.it.tarnow.pl\/es\/atracciones\/sabias-que\/","og_locale":"es_ES","og_type":"article","og_title":"\u00bfSab\u00edas que\u2026?","og_description":"Tarn\u00f3w es el lugar m\u00e1s caluroso de Polonia. La temperatura media anual de muchos a\u00f1os alcanza 8,8 grados y es la m\u00e1s alta de Polonia. El periodo de vegetaci\u00f3n dura [&hellip;]","og_url":"https:\/\/www.it.tarnow.pl\/es\/atracciones\/sabias-que\/","og_site_name":"Tarnowskie Centrum Informacji","article_modified_time":"2021-11-17T13:08:27+00:00","og_image":[{"url":"http:\/\/www.it.tarnow.pl\/wp-content\/uploads\/2019\/02\/TARNOW-Bazylika-katedralna-04-300x400.jpg","type":"","width":"","height":""}],"twitter_card":"summary_large_image","twitter_misc":{"Tiempo de lectura":"2 minutos"},"schema":{"@context":"https:\/\/schema.org","@graph":[{"@type":"WebPage","@id":"https:\/\/www.it.tarnow.pl\/es\/atracciones\/sabias-que\/","url":"https:\/\/www.it.tarnow.pl\/es\/atracciones\/sabias-que\/","name":"\u00bfSab\u00edas que\u2026? - Tarnowskie Centrum Informacji","isPartOf":{"@id":"https:\/\/www.it.tarnow.pl\/#website"},"primaryImageOfPage":{"@id":"https:\/\/www.it.tarnow.pl\/es\/atracciones\/sabias-que\/#primaryimage"},"image":{"@id":"https:\/\/www.it.tarnow.pl\/es\/atracciones\/sabias-que\/#primaryimage"},"thumbnailUrl":"http:\/\/www.it.tarnow.pl\/wp-content\/uploads\/2019\/02\/TARNOW-Bazylika-katedralna-04-300x400.jpg","datePublished":"2015-11-02T14:07:50+00:00","dateModified":"2021-11-17T13:08:27+00:00","breadcrumb":{"@id":"https:\/\/www.it.tarnow.pl\/es\/atracciones\/sabias-que\/#breadcrumb"},"inLanguage":"es","potentialAction":[{"@type":"ReadAction","target":["https:\/\/www.it.tarnow.pl\/es\/atracciones\/sabias-que\/"]}]},{"@type":"ImageObject","inLanguage":"es","@id":"https:\/\/www.it.tarnow.pl\/es\/atracciones\/sabias-que\/#primaryimage","url":"http:\/\/www.it.tarnow.pl\/wp-content\/uploads\/2019\/02\/TARNOW-Bazylika-katedralna-04-300x400.jpg","contentUrl":"http:\/\/www.it.tarnow.pl\/wp-content\/uploads\/2019\/02\/TARNOW-Bazylika-katedralna-04-300x400.jpg"},{"@type":"BreadcrumbList","@id":"https:\/\/www.it.tarnow.pl\/es\/atracciones\/sabias-que\/#breadcrumb","itemListElement":[{"@type":"ListItem","position":1,"name":"P\u00e1gina de inicio","item":"https:\/\/www.it.tarnow.pl\/es\/"},{"@type":"ListItem","position":2,"name":"Atracciones","item":"https:\/\/www.it.tarnow.pl\/es\/atracciones\/"},{"@type":"ListItem","position":3,"name":"\u00bfSab\u00edas que\u2026?"}]},{"@type":"WebSite","@id":"https:\/\/www.it.tarnow.pl\/#website","url":"https:\/\/www.it.tarnow.pl\/","name":"Tarnowskie Centrum Informacji","description":"Informacja turystyczna o Tarnowie i regionie tarnowskim.","potentialAction":[{"@type":"SearchAction","target":{"@type":"EntryPoint","urlTemplate":"https:\/\/www.it.tarnow.pl\/?s={search_term_string}"},"query-input":{"@type":"PropertyValueSpecification","valueRequired":true,"valueName":"search_term_string"}}],"inLanguage":"es"}]}},"_links":{"self":[{"href":"https:\/\/www.it.tarnow.pl\/es\/wp-json\/wp\/v2\/pages\/10110","targetHints":{"allow":["GET"]}}],"collection":[{"href":"https:\/\/www.it.tarnow.pl\/es\/wp-json\/wp\/v2\/pages"}],"about":[{"href":"https:\/\/www.it.tarnow.pl\/es\/wp-json\/wp\/v2\/types\/page"}],"author":[{"embeddable":true,"href":"https:\/\/www.it.tarnow.pl\/es\/wp-json\/wp\/v2\/users\/1"}],"replies":[{"embeddable":true,"href":"https:\/\/www.it.tarnow.pl\/es\/wp-json\/wp\/v2\/comments?post=10110"}],"version-history":[{"count":0,"href":"https:\/\/www.it.tarnow.pl\/es\/wp-json\/wp\/v2\/pages\/10110\/revisions"}],"up":[{"embeddable":true,"href":"https:\/\/www.it.tarnow.pl\/es\/wp-json\/wp\/v2\/pages\/10108"}],"wp:attachment":[{"href":"https:\/\/www.it.tarnow.pl\/es\/wp-json\/wp\/v2\/media?parent=10110"}],"wp:term":[{"taxonomy":"post_tag","embeddable":true,"href":"https:\/\/www.it.tarnow.pl\/es\/wp-json\/wp\/v2\/tags?post=10110"}],"curies":[{"name":"wp","href":"https:\/\/api.w.org\/{rel}","templated":true}]}}