{"id":10108,"date":"2015-11-05T08:32:35","date_gmt":"2015-11-05T07:32:35","guid":{"rendered":"http:\/\/www.it.tarnow.pl\/atracciones\/"},"modified":"2019-04-03T15:20:58","modified_gmt":"2019-04-03T13:20:58","slug":"atracciones","status":"publish","type":"page","link":"https:\/\/www.it.tarnow.pl\/es\/atracciones\/","title":{"rendered":"Atracciones"},"content":{"rendered":"<div class=\"class-view-folder\"><p class=\"title\"><a href=\"https:\/\/www.it.tarnow.pl\/es\/atracciones\/tarnow-13\/\">Tarn\u00f3w<\/a><\/p><p class=\"text\"><p><img loading=\"lazy\" decoding=\"async\" class=\"wp-image-205348 size-medium alignleft\" src=\"http:\/\/www.it.tarnow.pl\/wp-content\/uploads\/2021\/06\/Tarn\u00f3w-Rynek-1-400x267.jpg\" alt=\"\" width=\"400\" height=\"267\" \/><\/p>\n<p><b>La ruta del Edison polaco \u2013 Jan Szczepanik<\/b><\/p>\n<p>Con la historia de Tarn\u00f3w est\u00e1 tambi\u00e9n relacionada la vida del inventor universal Jan Szczepanik.<\/p>\n<p><b>Gabriel Morvay \u2013 el catal\u00e1n de Tarn\u00f3w<\/b><\/p>\n<p>En Barcelona cre\u00f3 el grupo Gallot y con \u00e9l organiz\u00f3 en 1960 en Barcelona muchos eventos art\u00edsticos bajo el t\u00edtulo \u201epintura en acci\u00f3n\u201d. Tuvo exposiciones en Par\u00eds, Roma, Luxemburgo, Sabadell.<\/p>\n<p><b>La ruta del renacimiento de Tarn\u00f3w<\/b><\/p>\n<p>\u201cLa perla del renacimiento\u201d \u2013 as\u00ed dicen del casco antiguo de Tarn\u00f3w los expertos en arte. Tarn\u00f3w en la \u00e9poca del renacimiento era una de las ciudades m\u00e1s bellas de Polonia.<\/p>\n<p><b>La ruta de los jud\u00edos de Tarn\u00f3w<\/b><\/p>\n<p>En 1939 en Tarn\u00f3w viv\u00edan 56 mil habitantes, de los que 25 mil eran jud\u00edos (45% de los habitantes de la ciudad). Hay muchos monumentos jud\u00edos en la ciudad.<\/p>\n<\/p><\/div>  \n<div class=\"class-view-folder\"><p class=\"title\"><a href=\"https:\/\/www.it.tarnow.pl\/es\/atracciones\/las-iglesias-de-madera\/\">Las iglesias de madera<\/a><\/p><p class=\"text\"><img loading=\"lazy\" decoding=\"async\" width=\"400\" height=\"300\" class=\"size-medium alignleft wp-image-21413\" src=\"http:\/\/www.it.tarnow.pl\/wp-content\/uploads\/2019\/02\/TARNOW-Kosciol-p.w.-Matki-Bozej-Szkaplerznej-2-400x300.jpg\" alt=\"\" srcset=\"https:\/\/www.it.tarnow.pl\/wp-content\/uploads\/2019\/02\/TARNOW-Kosciol-p.w.-Matki-Bozej-Szkaplerznej-2-400x300.jpg 400w, https:\/\/www.it.tarnow.pl\/wp-content\/uploads\/2019\/02\/TARNOW-Kosciol-p.w.-Matki-Bozej-Szkaplerznej-2-768x576.jpg 768w, https:\/\/www.it.tarnow.pl\/wp-content\/uploads\/2019\/02\/TARNOW-Kosciol-p.w.-Matki-Bozej-Szkaplerznej-2-650x488.jpg 650w, https:\/\/www.it.tarnow.pl\/wp-content\/uploads\/2019\/02\/TARNOW-Kosciol-p.w.-Matki-Bozej-Szkaplerznej-2-300x225.jpg 300w, https:\/\/www.it.tarnow.pl\/wp-content\/uploads\/2019\/02\/TARNOW-Kosciol-p.w.-Matki-Bozej-Szkaplerznej-2.jpg 1024w\" sizes=\"auto, (max-width: 400px) 100vw, 400px\" \/><p>La arquitectura de madera de Ma\u0142opolska es muy rica y atractiva. De madera fueron hechas las casas, residencias, tabernas e iglesias. Los edificios m\u00e1s antiguos proceden del siglo XV. El grupo m\u00e1s numeroso son las iglesias.<\/p>\n<p>Hasta hoy d\u00eda se han mantenido unas docenas de iglesias de madera, s\u00edmbolos de la tradici\u00f3n y religi\u00f3n. Las m\u00e1s antiguas son del siglo XV y m\u00e1s modernas de los a\u00f1os 20 del siglo XX. En la mayor\u00eda son edificios con tejados altos cubiertos de tejas de madera o de chapa. Muchos tienen torres en el oeste y p\u00f3rticos donde se refugiaron los peregrinos.<\/p><\/p><\/div>  \n<div class=\"class-view-folder\"><p class=\"title\"><a href=\"https:\/\/www.it.tarnow.pl\/es\/atracciones\/etnografia-y-folclore\/\">Etnograf\u00eda y folclore<\/a><\/p><p class=\"text\"><img loading=\"lazy\" decoding=\"async\" width=\"400\" height=\"300\" class=\"size-medium alignleft wp-image-21106\" src=\"http:\/\/www.it.tarnow.pl\/wp-content\/uploads\/2019\/02\/Zalipie-Malowana-Wies-4-400x300.jpg\" alt=\"\" srcset=\"https:\/\/www.it.tarnow.pl\/wp-content\/uploads\/2019\/02\/Zalipie-Malowana-Wies-4-400x300.jpg 400w, https:\/\/www.it.tarnow.pl\/wp-content\/uploads\/2019\/02\/Zalipie-Malowana-Wies-4-768x576.jpg 768w, https:\/\/www.it.tarnow.pl\/wp-content\/uploads\/2019\/02\/Zalipie-Malowana-Wies-4-650x488.jpg 650w, https:\/\/www.it.tarnow.pl\/wp-content\/uploads\/2019\/02\/Zalipie-Malowana-Wies-4-300x225.jpg 300w, https:\/\/www.it.tarnow.pl\/wp-content\/uploads\/2019\/02\/Zalipie-Malowana-Wies-4.jpg 1024w\" sizes=\"auto, (max-width: 400px) 100vw, 400px\" \/><p>La regi\u00f3n de Tarn\u00f3w est\u00e1 llena de lugares exepcionales y encantadores, por eso hay mucha gente que regresa a esta parte de Polonia. El mundo de tradici\u00f3n y artesan\u00eda locales no son ya dominios de los mayores. Actualmente los j\u00f3venes que buscan su identidad vuelven muchas veces al patrimonio cultural de su tierra. Los trajes regionales, el idioma local junto con las costumbres actualmente est\u00e1n de moda.<\/p><\/p><\/div>  \n<div class=\"class-view-folder\"><p class=\"title\"><a href=\"https:\/\/www.it.tarnow.pl\/es\/atracciones\/la-mina-de-sal-en-bochnia-otra-dimension-de-visita\/\">La mina de sal en Bochnia \u2013 otra dimensi\u00f3n de visita<\/a><\/p><p class=\"text\"><img loading=\"lazy\" decoding=\"async\" width=\"150\" height=\"150\" class=\"size-small alignleft wp-image-36039\" src=\"http:\/\/www.it.tarnow.pl\/wp-content\/uploads\/2019\/02\/kopalnia-bochnia-2014-02-1-150x150.jpg\" alt=\"\"><p>La ciudad de Bochnia invita a hacer un extraordinario viaje en el tiempo. La ciudad est\u00e1 situada a medio camino entre Tarn\u00f3w y Krak\u00f3w. All\u00ed est\u00e1 la mina de sal m\u00e1s antigua de Polonia que despu\u00e9s de ocho siglos de explotaci\u00f3n fascina con las capillas talladas en las rocas de sal y originales esculturas de sal. Hoy en d\u00eda la visita a la mina tiene otra dimensi\u00f3n que antes, gracias a la exposici\u00f3n subterr\u00e1nea multimedia.<\/p><\/p><\/div>  \n<div class=\"class-view-folder\"><p class=\"title\"><a href=\"https:\/\/www.it.tarnow.pl\/es\/atracciones\/castillos\/\">Castillos<\/a><\/p><p class=\"text\"><img loading=\"lazy\" decoding=\"async\" width=\"400\" height=\"300\" class=\"size-medium alignleft wp-image-21117\" src=\"http:\/\/www.it.tarnow.pl\/wp-content\/uploads\/2019\/02\/Nowy-Wisnicz-Zamek-4-400x300.jpg\" alt=\"\" srcset=\"https:\/\/www.it.tarnow.pl\/wp-content\/uploads\/2019\/02\/Nowy-Wisnicz-Zamek-4-400x300.jpg 400w, https:\/\/www.it.tarnow.pl\/wp-content\/uploads\/2019\/02\/Nowy-Wisnicz-Zamek-4-768x576.jpg 768w, https:\/\/www.it.tarnow.pl\/wp-content\/uploads\/2019\/02\/Nowy-Wisnicz-Zamek-4-650x488.jpg 650w, https:\/\/www.it.tarnow.pl\/wp-content\/uploads\/2019\/02\/Nowy-Wisnicz-Zamek-4-300x225.jpg 300w, https:\/\/www.it.tarnow.pl\/wp-content\/uploads\/2019\/02\/Nowy-Wisnicz-Zamek-4.jpg 1024w\" sizes=\"auto, (max-width: 400px) 100vw, 400px\" \/><p>Los primeros castillos en Polonia se construyeron en los tiempos de formaci\u00f3n de fronteras del pa\u00eds y cuando aparecieron las primeras dinast\u00edas caballerescas. Por la regi\u00f3n de Tarn\u00f3w pasaron grandes rutas comerciales, protegidas por los guardias de castillos fortificados.<\/p><\/p><\/div>  \n<div class=\"class-view-folder\"><p class=\"title\"><a href=\"https:\/\/www.it.tarnow.pl\/es\/atracciones\/turismo-religioso\/\">Turismo religioso<\/a><\/p><p class=\"text\"><img loading=\"lazy\" decoding=\"async\" width=\"400\" height=\"300\" class=\"size-medium alignleft wp-image-21469\" src=\"http:\/\/www.it.tarnow.pl\/wp-content\/uploads\/2019\/02\/TARNOW-Muzeum-Diecezjalne-1-400x300.jpg\" alt=\"\" srcset=\"https:\/\/www.it.tarnow.pl\/wp-content\/uploads\/2019\/02\/TARNOW-Muzeum-Diecezjalne-1-400x300.jpg 400w, https:\/\/www.it.tarnow.pl\/wp-content\/uploads\/2019\/02\/TARNOW-Muzeum-Diecezjalne-1-768x576.jpg 768w, https:\/\/www.it.tarnow.pl\/wp-content\/uploads\/2019\/02\/TARNOW-Muzeum-Diecezjalne-1-650x488.jpg 650w, https:\/\/www.it.tarnow.pl\/wp-content\/uploads\/2019\/02\/TARNOW-Muzeum-Diecezjalne-1-300x225.jpg 300w, https:\/\/www.it.tarnow.pl\/wp-content\/uploads\/2019\/02\/TARNOW-Muzeum-Diecezjalne-1.jpg 1024w\" sizes=\"auto, (max-width: 400px) 100vw, 400px\" \/><p>Museo Diocesano, el m\u00e1s antiguo de Polonia, El Seminario m\u00e1s grande de Europa, los misioneros m\u00e1s numerosos del mundo que est\u00e1n en cada rinc\u00f3n del globo \u2013 son los rasgos caracter\u00edsticos de la di\u00f3cesis de Tarn\u00f3w. Aqu\u00ed hay muchos lugares de culto religioso, especialmente de Virgen Mar\u00eda. Entre ellos el m\u00e1s conocido es el santuario de Tuch\u00f3w, donde cada a\u00f1o peregrinan miles de personas.<\/p><\/p><\/div>  \n<div class=\"class-view-folder\"><p class=\"title\"><a href=\"https:\/\/www.it.tarnow.pl\/es\/atracciones\/acontecimientos-culturales\/\">Acontecimientos culturales<\/a><\/p><p class=\"text\"><img loading=\"lazy\" decoding=\"async\" width=\"400\" height=\"259\" class=\"size-medium alignleft wp-image-26295\" src=\"http:\/\/www.it.tarnow.pl\/wp-content\/uploads\/2019\/02\/Zderzenia-01-400x259.jpg\" alt=\"\" srcset=\"https:\/\/www.it.tarnow.pl\/wp-content\/uploads\/2019\/02\/Zderzenia-01-400x259.jpg 400w, https:\/\/www.it.tarnow.pl\/wp-content\/uploads\/2019\/02\/Zderzenia-01-300x194.jpg 300w, https:\/\/www.it.tarnow.pl\/wp-content\/uploads\/2019\/02\/Zderzenia-01.jpg 635w\" sizes=\"auto, (max-width: 400px) 100vw, 400px\" \/><p>Festival de M\u00fasica Descubierta, Festival de M\u00fasica de C\u00e1mara \u201cBravo Maestro\u201d, Festival de cine \u201cTarnowska Nagroda Filmowa\u201d, Talia \u2013 Festival de Comedias, \u201cD\u00edas de Tarn\u00f3w\u201d \u2013 fiesta de la ciudad organizada cada dos a\u00f1os que presenta el folclore local.<\/p><\/p><\/div>  \n<div class=\"class-view-folder\"><p class=\"title\"><a href=\"https:\/\/www.it.tarnow.pl\/es\/atracciones\/turismo-activo\/\">Turismo activo<\/a><\/p><p class=\"text\"><img loading=\"lazy\" decoding=\"async\" width=\"400\" height=\"267\" class=\"size-medium alignleft wp-image-25356\" src=\"http:\/\/www.it.tarnow.pl\/wp-content\/uploads\/2019\/02\/rowery-3-400x267.jpg\" alt=\"\" srcset=\"https:\/\/www.it.tarnow.pl\/wp-content\/uploads\/2019\/02\/rowery-3-400x267.jpg 400w, https:\/\/www.it.tarnow.pl\/wp-content\/uploads\/2019\/02\/rowery-3-300x200.jpg 300w, https:\/\/www.it.tarnow.pl\/wp-content\/uploads\/2019\/02\/rowery-3.jpg 625w\" sizes=\"auto, (max-width: 400px) 100vw, 400px\" \/><p>La regi\u00f3n de Tarn\u00f3w es un sitio ideal para los que prefieren pasar el tiempo de forma activa. El relieve del terreno facilita practicar todo tipo de deportes. En todas partes el terreno atraviesan los senderos y las pistas ciclistas o de equitaci\u00f3n. Los viajeros cansados pueden descansar en una de las chozas de pastores en monta\u00f1as Brzanka o Jamna.<\/p><\/p><\/div>","protected":false},"excerpt":{"rendered":"","protected":false},"author":1,"featured_media":0,"parent":0,"menu_order":597,"comment_status":"closed","ping_status":"closed","template":"","meta":{"_acf_changed":false,"footnotes":""},"tags":[],"class_list":["post-10108","page","type-page","status-publish","hentry"],"acf":{"in_menu":null,"show_date":null,"intro_text":"","map":null},"yoast_head":"<!-- This site is optimized with the Yoast SEO Premium plugin v25.4 (Yoast SEO v25.4) - https:\/\/yoast.com\/wordpress\/plugins\/seo\/ -->\n<title>Atracciones - Tarnowskie Centrum Informacji<\/title>\n<meta name=\"robots\" content=\"index, follow, max-snippet:-1, max-image-preview:large, max-video-preview:-1\" \/>\n<link rel=\"canonical\" href=\"https:\/\/www.it.tarnow.pl\/es\/atracciones\/\" \/>\n<meta property=\"og:locale\" content=\"es_ES\" \/>\n<meta property=\"og:type\" content=\"article\" \/>\n<meta property=\"og:title\" content=\"Atracciones\" \/>\n<meta property=\"og:url\" content=\"https:\/\/www.it.tarnow.pl\/es\/atracciones\/\" \/>\n<meta property=\"og:site_name\" content=\"Tarnowskie Centrum Informacji\" \/>\n<meta property=\"article:modified_time\" content=\"2019-04-03T13:20:58+00:00\" \/>\n<meta name=\"twitter:card\" content=\"summary_large_image\" \/>\n<script type=\"application\/ld+json\" class=\"yoast-schema-graph\">{\"@context\":\"https:\/\/schema.org\",\"@graph\":[{\"@type\":\"WebPage\",\"@id\":\"https:\/\/www.it.tarnow.pl\/es\/atracciones\/\",\"url\":\"https:\/\/www.it.tarnow.pl\/es\/atracciones\/\",\"name\":\"Atracciones - Tarnowskie Centrum Informacji\",\"isPartOf\":{\"@id\":\"https:\/\/www.it.tarnow.pl\/#website\"},\"datePublished\":\"2015-11-05T07:32:35+00:00\",\"dateModified\":\"2019-04-03T13:20:58+00:00\",\"breadcrumb\":{\"@id\":\"https:\/\/www.it.tarnow.pl\/es\/atracciones\/#breadcrumb\"},\"inLanguage\":\"es\",\"potentialAction\":[{\"@type\":\"ReadAction\",\"target\":[\"https:\/\/www.it.tarnow.pl\/es\/atracciones\/\"]}]},{\"@type\":\"BreadcrumbList\",\"@id\":\"https:\/\/www.it.tarnow.pl\/es\/atracciones\/#breadcrumb\",\"itemListElement\":[{\"@type\":\"ListItem\",\"position\":1,\"name\":\"P\u00e1gina de inicio\",\"item\":\"https:\/\/www.it.tarnow.pl\/es\/\"},{\"@type\":\"ListItem\",\"position\":2,\"name\":\"Atracciones\"}]},{\"@type\":\"WebSite\",\"@id\":\"https:\/\/www.it.tarnow.pl\/#website\",\"url\":\"https:\/\/www.it.tarnow.pl\/\",\"name\":\"Tarnowskie Centrum Informacji\",\"description\":\"Informacja turystyczna o Tarnowie i regionie tarnowskim.\",\"potentialAction\":[{\"@type\":\"SearchAction\",\"target\":{\"@type\":\"EntryPoint\",\"urlTemplate\":\"https:\/\/www.it.tarnow.pl\/?s={search_term_string}\"},\"query-input\":{\"@type\":\"PropertyValueSpecification\",\"valueRequired\":true,\"valueName\":\"search_term_string\"}}],\"inLanguage\":\"es\"}]}<\/script>\n<!-- \/ Yoast SEO Premium plugin. -->","yoast_head_json":{"title":"Atracciones - Tarnowskie Centrum Informacji","robots":{"index":"index","follow":"follow","max-snippet":"max-snippet:-1","max-image-preview":"max-image-preview:large","max-video-preview":"max-video-preview:-1"},"canonical":"https:\/\/www.it.tarnow.pl\/es\/atracciones\/","og_locale":"es_ES","og_type":"article","og_title":"Atracciones","og_url":"https:\/\/www.it.tarnow.pl\/es\/atracciones\/","og_site_name":"Tarnowskie Centrum Informacji","article_modified_time":"2019-04-03T13:20:58+00:00","twitter_card":"summary_large_image","schema":{"@context":"https:\/\/schema.org","@graph":[{"@type":"WebPage","@id":"https:\/\/www.it.tarnow.pl\/es\/atracciones\/","url":"https:\/\/www.it.tarnow.pl\/es\/atracciones\/","name":"Atracciones - Tarnowskie Centrum Informacji","isPartOf":{"@id":"https:\/\/www.it.tarnow.pl\/#website"},"datePublished":"2015-11-05T07:32:35+00:00","dateModified":"2019-04-03T13:20:58+00:00","breadcrumb":{"@id":"https:\/\/www.it.tarnow.pl\/es\/atracciones\/#breadcrumb"},"inLanguage":"es","potentialAction":[{"@type":"ReadAction","target":["https:\/\/www.it.tarnow.pl\/es\/atracciones\/"]}]},{"@type":"BreadcrumbList","@id":"https:\/\/www.it.tarnow.pl\/es\/atracciones\/#breadcrumb","itemListElement":[{"@type":"ListItem","position":1,"name":"P\u00e1gina de inicio","item":"https:\/\/www.it.tarnow.pl\/es\/"},{"@type":"ListItem","position":2,"name":"Atracciones"}]},{"@type":"WebSite","@id":"https:\/\/www.it.tarnow.pl\/#website","url":"https:\/\/www.it.tarnow.pl\/","name":"Tarnowskie Centrum Informacji","description":"Informacja turystyczna o Tarnowie i regionie tarnowskim.","potentialAction":[{"@type":"SearchAction","target":{"@type":"EntryPoint","urlTemplate":"https:\/\/www.it.tarnow.pl\/?s={search_term_string}"},"query-input":{"@type":"PropertyValueSpecification","valueRequired":true,"valueName":"search_term_string"}}],"inLanguage":"es"}]}},"_links":{"self":[{"href":"https:\/\/www.it.tarnow.pl\/es\/wp-json\/wp\/v2\/pages\/10108","targetHints":{"allow":["GET"]}}],"collection":[{"href":"https:\/\/www.it.tarnow.pl\/es\/wp-json\/wp\/v2\/pages"}],"about":[{"href":"https:\/\/www.it.tarnow.pl\/es\/wp-json\/wp\/v2\/types\/page"}],"author":[{"embeddable":true,"href":"https:\/\/www.it.tarnow.pl\/es\/wp-json\/wp\/v2\/users\/1"}],"replies":[{"embeddable":true,"href":"https:\/\/www.it.tarnow.pl\/es\/wp-json\/wp\/v2\/comments?post=10108"}],"version-history":[{"count":0,"href":"https:\/\/www.it.tarnow.pl\/es\/wp-json\/wp\/v2\/pages\/10108\/revisions"}],"wp:attachment":[{"href":"https:\/\/www.it.tarnow.pl\/es\/wp-json\/wp\/v2\/media?parent=10108"}],"wp:term":[{"taxonomy":"post_tag","embeddable":true,"href":"https:\/\/www.it.tarnow.pl\/es\/wp-json\/wp\/v2\/tags?post=10108"}],"curies":[{"name":"wp","href":"https:\/\/api.w.org\/{rel}","templated":true}]}}