{"id":9791,"date":"2010-06-24T13:51:49","date_gmt":"2010-06-24T11:51:49","guid":{"rendered":"http:\/\/www.it.tarnow.pl\/malopolska-tourist-information-system\/"},"modified":"2022-05-05T14:45:35","modified_gmt":"2022-05-05T12:45:35","slug":"malopolska-tourist-information-system","status":"publish","type":"page","link":"https:\/\/www.it.tarnow.pl\/en\/about-us\/malopolska-tourist-information-system\/","title":{"rendered":"Malopolska Tourist Information System"},"content":{"rendered":"<p><img decoding=\"async\" class=\"size-medium alignright wp-image-35233\" src=\"http:\/\/www.it.tarnow.pl\/wp-content\/uploads\/2019\/02\/logo-msit.png\" alt=\"\" \/><\/p>\r\n<p>Tarn\u00f3w City, through its award-winning Tourist Information Centre, is now a part of Ma\u0142opolska Tourist Information System.<\/p>\r\n<p>Tarn\u00f3w Tourist Information Centre is one of six sub-regional centers in Ma\u0142opolska. We serve the area of boche\u0144ski, brzeski, d\u0105browski and tarnowski land districts and the city of Tarn\u00f3w.<\/p>\r\n<p>&nbsp;<\/p>\r\n<p><img loading=\"lazy\" decoding=\"async\" width=\"500\" height=\"364\" class=\"size-original aligncenter wp-image-35634\" src=\"http:\/\/www.it.tarnow.pl\/wp-content\/uploads\/2019\/02\/mapka_MSIT.jpg\" alt=\"\" srcset=\"https:\/\/www.it.tarnow.pl\/wp-content\/uploads\/2019\/02\/mapka_MSIT.jpg 500w, https:\/\/www.it.tarnow.pl\/wp-content\/uploads\/2019\/02\/mapka_MSIT-300x218.jpg 300w, https:\/\/www.it.tarnow.pl\/wp-content\/uploads\/2019\/02\/mapka_MSIT-400x291.jpg 400w\" sizes=\"auto, (max-width: 500px) 100vw, 500px\" \/><\/p>\r\n<p>&nbsp;<\/p>\r\n<p>Official website of the MSIT <a class=\"target_blank\" href=\"http:\/\/www.visitmalopolska.pl\">www.visitmalopolska.pl<\/a><\/p>","protected":false},"excerpt":{"rendered":"Tarn\u00f3w City, through its award-winning Tourist Information Centre, is now a part of Ma\u0142opolska Tourist Information System. Tarn\u00f3w Tourist Information Centre is one of six sub-regional centers in Ma\u0142opolska. We [&hellip;]","protected":false},"author":1,"featured_media":0,"parent":9787,"menu_order":701,"comment_status":"closed","ping_status":"closed","template":"","meta":{"_acf_changed":false,"footnotes":""},"tags":[],"class_list":["post-9791","page","type-page","status-publish","hentry"],"acf":{"old_object_id":"4578","old_parent_id":"216","old_url":"About-us\/Malopolska-Tourist-Information-System","intro_text":"","show_children":"1","class":"folder","type":"single","in_menu":true,"show_date":false,"map":"","old_id":"","rooms_info":"","top_column":"","left_column":"","right_column":"","bottom_column":"","skip_import":false,"_menu_related_id":"96141"},"yoast_head":"<!-- This site is optimized with the Yoast SEO Premium plugin v25.4 (Yoast SEO v25.4) - https:\/\/yoast.com\/wordpress\/plugins\/seo\/ -->\n<title>Malopolska Tourist Information System - Tarnowskie Centrum Informacji<\/title>\n<meta name=\"robots\" content=\"index, follow, max-snippet:-1, max-image-preview:large, max-video-preview:-1\" \/>\n<link rel=\"canonical\" href=\"https:\/\/www.it.tarnow.pl\/en\/about-us\/malopolska-tourist-information-system\/\" \/>\n<meta property=\"og:locale\" content=\"en_US\" \/>\n<meta property=\"og:type\" content=\"article\" \/>\n<meta property=\"og:title\" content=\"Malopolska Tourist Information System\" \/>\n<meta property=\"og:description\" content=\"Tarn\u00f3w City, through its award-winning Tourist Information Centre, is now a part of Ma\u0142opolska Tourist Information System. Tarn\u00f3w Tourist Information Centre is one of six sub-regional centers in Ma\u0142opolska. We [&hellip;]\" \/>\n<meta property=\"og:url\" content=\"https:\/\/www.it.tarnow.pl\/en\/about-us\/malopolska-tourist-information-system\/\" \/>\n<meta property=\"og:site_name\" content=\"Tarnowskie Centrum Informacji\" \/>\n<meta property=\"article:modified_time\" content=\"2022-05-05T12:45:35+00:00\" \/>\n<meta property=\"og:image\" content=\"http:\/\/www.it.tarnow.pl\/wp-content\/uploads\/2019\/02\/logo-msit.png\" \/>\n<meta name=\"twitter:card\" content=\"summary_large_image\" \/>\n<script type=\"application\/ld+json\" class=\"yoast-schema-graph\">{\"@context\":\"https:\/\/schema.org\",\"@graph\":[{\"@type\":\"WebPage\",\"@id\":\"https:\/\/www.it.tarnow.pl\/en\/about-us\/malopolska-tourist-information-system\/\",\"url\":\"https:\/\/www.it.tarnow.pl\/en\/about-us\/malopolska-tourist-information-system\/\",\"name\":\"Malopolska Tourist Information System - Tarnowskie Centrum Informacji\",\"isPartOf\":{\"@id\":\"https:\/\/www.it.tarnow.pl\/#website\"},\"primaryImageOfPage\":{\"@id\":\"https:\/\/www.it.tarnow.pl\/en\/about-us\/malopolska-tourist-information-system\/#primaryimage\"},\"image\":{\"@id\":\"https:\/\/www.it.tarnow.pl\/en\/about-us\/malopolska-tourist-information-system\/#primaryimage\"},\"thumbnailUrl\":\"http:\/\/www.it.tarnow.pl\/wp-content\/uploads\/2019\/02\/logo-msit.png\",\"datePublished\":\"2010-06-24T11:51:49+00:00\",\"dateModified\":\"2022-05-05T12:45:35+00:00\",\"breadcrumb\":{\"@id\":\"https:\/\/www.it.tarnow.pl\/en\/about-us\/malopolska-tourist-information-system\/#breadcrumb\"},\"inLanguage\":\"en-US\",\"potentialAction\":[{\"@type\":\"ReadAction\",\"target\":[\"https:\/\/www.it.tarnow.pl\/en\/about-us\/malopolska-tourist-information-system\/\"]}]},{\"@type\":\"ImageObject\",\"inLanguage\":\"en-US\",\"@id\":\"https:\/\/www.it.tarnow.pl\/en\/about-us\/malopolska-tourist-information-system\/#primaryimage\",\"url\":\"http:\/\/www.it.tarnow.pl\/wp-content\/uploads\/2019\/02\/logo-msit.png\",\"contentUrl\":\"http:\/\/www.it.tarnow.pl\/wp-content\/uploads\/2019\/02\/logo-msit.png\"},{\"@type\":\"BreadcrumbList\",\"@id\":\"https:\/\/www.it.tarnow.pl\/en\/about-us\/malopolska-tourist-information-system\/#breadcrumb\",\"itemListElement\":[{\"@type\":\"ListItem\",\"position\":1,\"name\":\"Home page\",\"item\":\"https:\/\/www.it.tarnow.pl\/en\/\"},{\"@type\":\"ListItem\",\"position\":2,\"name\":\"About us\",\"item\":\"https:\/\/www.it.tarnow.pl\/en\/about-us\/\"},{\"@type\":\"ListItem\",\"position\":3,\"name\":\"Malopolska Tourist Information System\"}]},{\"@type\":\"WebSite\",\"@id\":\"https:\/\/www.it.tarnow.pl\/#website\",\"url\":\"https:\/\/www.it.tarnow.pl\/\",\"name\":\"Tarnowskie Centrum Informacji\",\"description\":\"Informacja turystyczna o Tarnowie i regionie tarnowskim.\",\"potentialAction\":[{\"@type\":\"SearchAction\",\"target\":{\"@type\":\"EntryPoint\",\"urlTemplate\":\"https:\/\/www.it.tarnow.pl\/?s={search_term_string}\"},\"query-input\":{\"@type\":\"PropertyValueSpecification\",\"valueRequired\":true,\"valueName\":\"search_term_string\"}}],\"inLanguage\":\"en-US\"}]}<\/script>\n<!-- \/ Yoast SEO Premium plugin. -->","yoast_head_json":{"title":"Malopolska Tourist Information System - Tarnowskie Centrum Informacji","robots":{"index":"index","follow":"follow","max-snippet":"max-snippet:-1","max-image-preview":"max-image-preview:large","max-video-preview":"max-video-preview:-1"},"canonical":"https:\/\/www.it.tarnow.pl\/en\/about-us\/malopolska-tourist-information-system\/","og_locale":"en_US","og_type":"article","og_title":"Malopolska Tourist Information System","og_description":"Tarn\u00f3w City, through its award-winning Tourist Information Centre, is now a part of Ma\u0142opolska Tourist Information System. Tarn\u00f3w Tourist Information Centre is one of six sub-regional centers in Ma\u0142opolska. We [&hellip;]","og_url":"https:\/\/www.it.tarnow.pl\/en\/about-us\/malopolska-tourist-information-system\/","og_site_name":"Tarnowskie Centrum Informacji","article_modified_time":"2022-05-05T12:45:35+00:00","og_image":[{"url":"http:\/\/www.it.tarnow.pl\/wp-content\/uploads\/2019\/02\/logo-msit.png","type":"","width":"","height":""}],"twitter_card":"summary_large_image","schema":{"@context":"https:\/\/schema.org","@graph":[{"@type":"WebPage","@id":"https:\/\/www.it.tarnow.pl\/en\/about-us\/malopolska-tourist-information-system\/","url":"https:\/\/www.it.tarnow.pl\/en\/about-us\/malopolska-tourist-information-system\/","name":"Malopolska Tourist Information System - Tarnowskie Centrum Informacji","isPartOf":{"@id":"https:\/\/www.it.tarnow.pl\/#website"},"primaryImageOfPage":{"@id":"https:\/\/www.it.tarnow.pl\/en\/about-us\/malopolska-tourist-information-system\/#primaryimage"},"image":{"@id":"https:\/\/www.it.tarnow.pl\/en\/about-us\/malopolska-tourist-information-system\/#primaryimage"},"thumbnailUrl":"http:\/\/www.it.tarnow.pl\/wp-content\/uploads\/2019\/02\/logo-msit.png","datePublished":"2010-06-24T11:51:49+00:00","dateModified":"2022-05-05T12:45:35+00:00","breadcrumb":{"@id":"https:\/\/www.it.tarnow.pl\/en\/about-us\/malopolska-tourist-information-system\/#breadcrumb"},"inLanguage":"en-US","potentialAction":[{"@type":"ReadAction","target":["https:\/\/www.it.tarnow.pl\/en\/about-us\/malopolska-tourist-information-system\/"]}]},{"@type":"ImageObject","inLanguage":"en-US","@id":"https:\/\/www.it.tarnow.pl\/en\/about-us\/malopolska-tourist-information-system\/#primaryimage","url":"http:\/\/www.it.tarnow.pl\/wp-content\/uploads\/2019\/02\/logo-msit.png","contentUrl":"http:\/\/www.it.tarnow.pl\/wp-content\/uploads\/2019\/02\/logo-msit.png"},{"@type":"BreadcrumbList","@id":"https:\/\/www.it.tarnow.pl\/en\/about-us\/malopolska-tourist-information-system\/#breadcrumb","itemListElement":[{"@type":"ListItem","position":1,"name":"Home page","item":"https:\/\/www.it.tarnow.pl\/en\/"},{"@type":"ListItem","position":2,"name":"About us","item":"https:\/\/www.it.tarnow.pl\/en\/about-us\/"},{"@type":"ListItem","position":3,"name":"Malopolska Tourist Information System"}]},{"@type":"WebSite","@id":"https:\/\/www.it.tarnow.pl\/#website","url":"https:\/\/www.it.tarnow.pl\/","name":"Tarnowskie Centrum Informacji","description":"Informacja turystyczna o Tarnowie i regionie tarnowskim.","potentialAction":[{"@type":"SearchAction","target":{"@type":"EntryPoint","urlTemplate":"https:\/\/www.it.tarnow.pl\/?s={search_term_string}"},"query-input":{"@type":"PropertyValueSpecification","valueRequired":true,"valueName":"search_term_string"}}],"inLanguage":"en-US"}]}},"_links":{"self":[{"href":"https:\/\/www.it.tarnow.pl\/en\/wp-json\/wp\/v2\/pages\/9791","targetHints":{"allow":["GET"]}}],"collection":[{"href":"https:\/\/www.it.tarnow.pl\/en\/wp-json\/wp\/v2\/pages"}],"about":[{"href":"https:\/\/www.it.tarnow.pl\/en\/wp-json\/wp\/v2\/types\/page"}],"author":[{"embeddable":true,"href":"https:\/\/www.it.tarnow.pl\/en\/wp-json\/wp\/v2\/users\/1"}],"replies":[{"embeddable":true,"href":"https:\/\/www.it.tarnow.pl\/en\/wp-json\/wp\/v2\/comments?post=9791"}],"version-history":[{"count":0,"href":"https:\/\/www.it.tarnow.pl\/en\/wp-json\/wp\/v2\/pages\/9791\/revisions"}],"up":[{"embeddable":true,"href":"https:\/\/www.it.tarnow.pl\/en\/wp-json\/wp\/v2\/pages\/9787"}],"wp:attachment":[{"href":"https:\/\/www.it.tarnow.pl\/en\/wp-json\/wp\/v2\/media?parent=9791"}],"wp:term":[{"taxonomy":"post_tag","embeddable":true,"href":"https:\/\/www.it.tarnow.pl\/en\/wp-json\/wp\/v2\/tags?post=9791"}],"curies":[{"name":"wp","href":"https:\/\/api.w.org\/{rel}","templated":true}]}}