{"id":9789,"date":"2010-06-22T09:00:44","date_gmt":"2010-06-22T07:00:44","guid":{"rendered":"http:\/\/www.it.tarnow.pl\/statistics\/"},"modified":"2021-03-24T15:46:31","modified_gmt":"2021-03-24T14:46:31","slug":"statistics","status":"publish","type":"page","link":"https:\/\/www.it.tarnow.pl\/en\/about-us\/statistics\/","title":{"rendered":"Statistics"},"content":{"rendered":"<div class=\"table-responsive\">\r\n<table class=\" table-bordered table-hover table\" style=\"width: 100%;\" border=\"0\" summary=\"121\" width=\"100%\" cellspacing=\"0\" cellpadding=\"2\">\r\n<tbody>\r\n<tr>\r\n<th style=\"vertical-align: middle;\" colspan=\"7\" scope=\"col\" valign=\"middle\">\r\n<h3 style=\"text-align: center;\">Tourist\u00a0traffic in Tarn\u00f3w<\/h3>\r\n<\/th>\r\n<\/tr>\r\n<tr>\r\n<th style=\"vertical-align: middle; text-align: center;\" rowspan=\"3\" scope=\"col\" valign=\"middle\">Year<\/th>\r\n<th style=\"vertical-align: middle; text-align: center;\" colspan=\"2\" scope=\"col\" valign=\"middle\">Visitors<\/th>\r\n<th style=\"vertical-align: middle; text-align: center;\" colspan=\"4\" scope=\"col\" valign=\"middle\">Overnight stays<\/th>\r\n<\/tr>\r\n<tr>\r\n<th style=\"vertical-align: middle; text-align: center;\" rowspan=\"2\" scope=\"col\" valign=\"middle\">total<\/th>\r\n<th style=\"text-align: center; vertical-align: middle;\" rowspan=\"2\" valign=\"top\">foreign<\/th>\r\n<th style=\"vertical-align: top; text-align: center;\" colspan=\"2\" valign=\"top\">tourists<\/th>\r\n<th style=\"vertical-align: top; text-align: center;\" colspan=\"2\" valign=\"top\">nights spent<\/th>\r\n<\/tr>\r\n<tr>\r\n<th style=\"vertical-align: top; text-align: center;\" valign=\"top\">total<\/th>\r\n<th style=\"vertical-align: top; text-align: center;\" valign=\"top\">foreign<\/th>\r\n<th style=\"vertical-align: top; text-align: center;\" valign=\"top\">total<\/th>\r\n<th style=\"vertical-align: top; text-align: center;\" valign=\"top\">foreign<\/th>\r\n<\/tr>\r\n<tr>\r\n<td style=\"vertical-align: top;\" valign=\"top\">\r\n<h2 style=\"text-align: center;\">2005<\/h2>\r\n<\/td>\r\n<td style=\"vertical-align: top;\" valign=\"top\">400 000<\/td>\r\n<td style=\"vertical-align: top;\" valign=\"top\">\u00a060 000<\/td>\r\n<td style=\"vertical-align: top;\" valign=\"top\">40 000<\/td>\r\n<td style=\"vertical-align: top;\" valign=\"top\">12 000<\/td>\r\n<td style=\"vertical-align: top;\" valign=\"top\">80 000<\/td>\r\n<td style=\"vertical-align: top;\" valign=\"top\">22 400<\/td>\r\n<\/tr>\r\n<tr>\r\n<td style=\"vertical-align: top;\" valign=\"top\">\r\n<h2 style=\"text-align: center;\">2006<\/h2>\r\n<\/td>\r\n<td style=\"vertical-align: top;\" valign=\"top\">450 000<\/td>\r\n<td style=\"vertical-align: top;\" valign=\"top\">\u00a080 000<\/td>\r\n<td style=\"vertical-align: top;\" valign=\"top\">50 000<\/td>\r\n<td style=\"vertical-align: top;\" valign=\"top\">12 500<\/td>\r\n<td style=\"vertical-align: top;\" valign=\"top\">98 000<\/td>\r\n<td style=\"vertical-align: top;\" valign=\"top\">25 000<\/td>\r\n<\/tr>\r\n<tr>\r\n<td style=\"vertical-align: top;\" valign=\"top\">\r\n<h2 style=\"text-align: center;\">2007<\/h2>\r\n<\/td>\r\n<td style=\"vertical-align: top;\" valign=\"top\">500 000<\/td>\r\n<td style=\"vertical-align: top;\" valign=\"top\">100 000<\/td>\r\n<td style=\"vertical-align: top;\" valign=\"top\">52 500<\/td>\r\n<td style=\"vertical-align: top;\" valign=\"top\">13 500<\/td>\r\n<td style=\"vertical-align: top;\" valign=\"top\">100 000<\/td>\r\n<td style=\"vertical-align: top;\" valign=\"top\">23 000<\/td>\r\n<\/tr>\r\n<tr>\r\n<td style=\"vertical-align: top;\" valign=\"top\">\r\n<h2 style=\"text-align: center;\">2008<\/h2>\r\n<\/td>\r\n<td style=\"vertical-align: top;\" valign=\"top\">475 000<\/td>\r\n<td style=\"vertical-align: top;\" valign=\"top\">95 000<\/td>\r\n<td style=\"vertical-align: top;\" valign=\"top\">60 000<\/td>\r\n<td style=\"vertical-align: top;\" valign=\"top\">12 400<\/td>\r\n<td style=\"vertical-align: top;\" valign=\"top\">105 000<\/td>\r\n<td style=\"vertical-align: top;\" valign=\"top\">23 000<\/td>\r\n<\/tr>\r\n<tr>\r\n<td style=\"vertical-align: top;\" valign=\"top\">\r\n<h2 style=\"text-align: center;\">2009<\/h2>\r\n<\/td>\r\n<td style=\"vertical-align: top;\" valign=\"top\">475 000<\/td>\r\n<td style=\"vertical-align: top;\" valign=\"top\">82 000<\/td>\r\n<td style=\"vertical-align: top;\" valign=\"top\">60 000<\/td>\r\n<td style=\"vertical-align: top;\" valign=\"top\">9 900<\/td>\r\n<td style=\"vertical-align: top;\" valign=\"top\">110 000<\/td>\r\n<td style=\"vertical-align: top;\" valign=\"top\">20 000<\/td>\r\n<\/tr>\r\n<tr>\r\n<td style=\"vertical-align: top;\" valign=\"top\">\r\n<h2 style=\"text-align: center;\">2010<\/h2>\r\n<\/td>\r\n<td style=\"vertical-align: top;\" valign=\"top\">500 000<\/td>\r\n<td style=\"vertical-align: top;\" valign=\"top\">85 000<\/td>\r\n<td style=\"vertical-align: top;\" valign=\"top\">62 750<\/td>\r\n<td style=\"vertical-align: top;\" valign=\"top\">10 250<\/td>\r\n<td style=\"vertical-align: top;\" valign=\"top\">110 000<\/td>\r\n<td style=\"vertical-align: top;\" valign=\"top\">20 000<\/td>\r\n<\/tr>\r\n<tr>\r\n<td style=\"vertical-align: top;\" valign=\"top\">\r\n<h2 style=\"text-align: center;\">2011<\/h2>\r\n<\/td>\r\n<td style=\"vertical-align: top;\" valign=\"top\">500 000<\/td>\r\n<td style=\"vertical-align: top;\" valign=\"top\">70 000<\/td>\r\n<td style=\"vertical-align: top;\" valign=\"top\">64 300<\/td>\r\n<td style=\"vertical-align: top;\" valign=\"top\">8 900<\/td>\r\n<td style=\"vertical-align: top;\" valign=\"top\">115 000<\/td>\r\n<td style=\"vertical-align: top;\" valign=\"top\">18 600<\/td>\r\n<\/tr>\r\n<tr>\r\n<td style=\"vertical-align: top;\" valign=\"top\">\r\n<h2 style=\"text-align: center;\">2012<\/h2>\r\n<\/td>\r\n<td style=\"vertical-align: top;\" valign=\"top\">505 000<\/td>\r\n<td style=\"vertical-align: top;\" valign=\"top\">70 000<\/td>\r\n<td style=\"vertical-align: top;\" valign=\"top\">65 000<\/td>\r\n<td style=\"vertical-align: top;\" valign=\"top\">9 000<\/td>\r\n<td style=\"vertical-align: top;\" valign=\"top\">115 000<\/td>\r\n<td style=\"vertical-align: top;\" valign=\"top\">19 000<\/td>\r\n<\/tr>\r\n<tr>\r\n<td style=\"vertical-align: top;\" valign=\"top\">\r\n<h2 style=\"text-align: center;\">2013<\/h2>\r\n<\/td>\r\n<td style=\"vertical-align: top;\" valign=\"top\">510 000<\/td>\r\n<td style=\"vertical-align: top;\" valign=\"top\">70 000<\/td>\r\n<td style=\"vertical-align: top;\" valign=\"top\">61 000<\/td>\r\n<td style=\"vertical-align: top;\" valign=\"top\">9 000<\/td>\r\n<td style=\"vertical-align: top;\" valign=\"top\">110 000<\/td>\r\n<td style=\"vertical-align: top;\" valign=\"top\">17 400<\/td>\r\n<\/tr>\r\n<tr>\r\n<td style=\"vertical-align: top;\" valign=\"top\">\r\n<h2 style=\"text-align: center;\">2014<\/h2>\r\n<\/td>\r\n<td style=\"vertical-align: top;\" valign=\"top\">520 000<\/td>\r\n<td style=\"vertical-align: top;\" valign=\"top\">95 000<\/td>\r\n<td style=\"vertical-align: top;\" valign=\"top\">65 000<\/td>\r\n<td style=\"vertical-align: top;\" valign=\"top\">12 000<\/td>\r\n<td style=\"vertical-align: top;\" valign=\"top\">109 000<\/td>\r\n<td style=\"vertical-align: top;\" valign=\"top\">22 000<\/td>\r\n<\/tr>\r\n<tr>\r\n<td style=\"vertical-align: top;\" valign=\"top\">\r\n<h2 style=\"text-align: center;\">2015<\/h2>\r\n<\/td>\r\n<td style=\"vertical-align: top;\" valign=\"top\">520 000<\/td>\r\n<td style=\"vertical-align: top;\" valign=\"top\">93 000<\/td>\r\n<td style=\"vertical-align: top;\" valign=\"top\">63 000<\/td>\r\n<td style=\"vertical-align: top;\" valign=\"top\">11 500\u00a0<\/td>\r\n<td style=\"vertical-align: top;\" valign=\"top\">120 000<\/td>\r\n<td style=\"vertical-align: top;\" valign=\"top\">21 500<\/td>\r\n<\/tr>\r\n<tr>\r\n<td style=\"vertical-align: top;\">\r\n<h2 style=\"text-align: center;\">2016<\/h2>\r\n<\/td>\r\n<td style=\"vertical-align: top;\">550 000<\/td>\r\n<td style=\"vertical-align: top;\">100 000<\/td>\r\n<td style=\"vertical-align: top;\">72 000<\/td>\r\n<td style=\"vertical-align: top;\">14 000<\/td>\r\n<td style=\"vertical-align: top;\">130 000<\/td>\r\n<td style=\"vertical-align: top;\">26 000<\/td>\r\n<\/tr>\r\n<tr>\r\n<td style=\"vertical-align: top;\">\r\n<h2 style=\"text-align: center;\">2017<\/h2>\r\n<\/td>\r\n<td style=\"vertical-align: top;\">500 000<\/td>\r\n<td style=\"vertical-align: top;\">85 000<\/td>\r\n<td style=\"vertical-align: top;\">73 000<\/td>\r\n<td style=\"vertical-align: top;\">12 000<\/td>\r\n<td style=\"vertical-align: top;\">130 000<\/td>\r\n<td style=\"vertical-align: top;\">23 500<\/td>\r\n<\/tr>\r\n<tr>\r\n<td style=\"vertical-align: top;\">\r\n<h2 style=\"text-align: center;\">2018<\/h2>\r\n<\/td>\r\n<td style=\"vertical-align: top;\">520 000<\/td>\r\n<td style=\"vertical-align: top;\">90 000<\/td>\r\n<td style=\"vertical-align: top;\">85 000<\/td>\r\n<td style=\"vertical-align: top;\">15 000<\/td>\r\n<td style=\"vertical-align: top;\">140 000<\/td>\r\n<td style=\"vertical-align: top;\">23 500<\/td>\r\n<\/tr>\r\n<tr>\r\n<td style=\"vertical-align: top;\">\r\n<h2 style=\"text-align: center;\">\u00a0<\/h2>\r\n<\/td>\r\n<td style=\"vertical-align: top;\">\u00a0<\/td>\r\n<td style=\"vertical-align: top;\">\u00a0<\/td>\r\n<td style=\"vertical-align: top;\">\u00a0<\/td>\r\n<td style=\"vertical-align: top;\">\u00a0<\/td>\r\n<td style=\"vertical-align: top;\">\u00a0<\/td>\r\n<td style=\"vertical-align: top;\">\u00a0<\/td>\r\n<\/tr>\r\n<tr>\r\n<td style=\"vertical-align: top;\" valign=\"top\">\u00a0<\/td>\r\n<td style=\"vertical-align: top;\" valign=\"top\">\u00a0<\/td>\r\n<td style=\"vertical-align: top;\" valign=\"top\">\u00a0<\/td>\r\n<td style=\"vertical-align: top;\" valign=\"top\">\u00a0<\/td>\r\n<td style=\"vertical-align: top;\" valign=\"top\">\u00a0<\/td>\r\n<td style=\"vertical-align: top;\" valign=\"top\">\u00a0<\/td>\r\n<td style=\"vertical-align: top;\" valign=\"top\">\u00a0<\/td>\r\n<\/tr>\r\n<\/tbody>\r\n<\/table>\r\n<\/div>\r\n<p>&nbsp;<\/p>\r\n<p>\u00a0 <br \/>\r\n\u00a0<i>\u00a0Source: Estimates by Tarnowskie Centrum Informacji (Tarn\u00f3w Tourist Information Centre) based on the data provided by local tourism facilities (museums, attractions, accommodation), statistics of the Statistical Office in Krak\u00f3w, branch in Tarn\u00f3w and the results of tourism research in Ma\u0142opolska by the Office of the Marshal of Ma\u0142opolska.\u00a0<\/i><\/p>","protected":false},"excerpt":{"rendered":"Tourist\u00a0traffic in Tarn\u00f3w Year Visitors Overnight stays total foreign tourists nights spent total foreign total foreign 2005 400 000 \u00a060 000 40 000 12 000 80 000 22 400 2006 [&hellip;]","protected":false},"author":1,"featured_media":0,"parent":9787,"menu_order":783,"comment_status":"closed","ping_status":"closed","template":"","meta":{"_acf_changed":false,"footnotes":""},"tags":[],"class_list":["post-9789","page","type-page","status-publish","hentry"],"acf":{"old_object_id":"4523","old_parent_id":"216","old_url":"About-us\/Statistics","intro_text":"","show_children":"1","class":"folder","type":"single","in_menu":true,"show_date":false,"map":"","old_id":"","rooms_info":"","top_column":"","left_column":"","right_column":"","bottom_column":"","skip_import":false,"_menu_related_id":"96142"},"yoast_head":"<!-- This site is optimized with the Yoast SEO Premium plugin v25.4 (Yoast SEO v25.4) - https:\/\/yoast.com\/wordpress\/plugins\/seo\/ -->\n<title>Statistics - Tarnowskie Centrum Informacji<\/title>\n<meta name=\"robots\" content=\"index, follow, max-snippet:-1, max-image-preview:large, max-video-preview:-1\" \/>\n<link rel=\"canonical\" href=\"https:\/\/www.it.tarnow.pl\/en\/about-us\/statistics\/\" \/>\n<meta property=\"og:locale\" content=\"en_US\" \/>\n<meta property=\"og:type\" content=\"article\" \/>\n<meta property=\"og:title\" content=\"Statistics\" \/>\n<meta property=\"og:description\" content=\"Tourist\u00a0traffic in Tarn\u00f3w Year Visitors Overnight stays total foreign tourists nights spent total foreign total foreign 2005 400 000 \u00a060 000 40 000 12 000 80 000 22 400 2006 [&hellip;]\" \/>\n<meta property=\"og:url\" content=\"https:\/\/www.it.tarnow.pl\/en\/about-us\/statistics\/\" \/>\n<meta property=\"og:site_name\" content=\"Tarnowskie Centrum Informacji\" \/>\n<meta property=\"article:modified_time\" content=\"2021-03-24T14:46:31+00:00\" \/>\n<meta name=\"twitter:card\" content=\"summary_large_image\" \/>\n<script type=\"application\/ld+json\" class=\"yoast-schema-graph\">{\"@context\":\"https:\/\/schema.org\",\"@graph\":[{\"@type\":\"WebPage\",\"@id\":\"https:\/\/www.it.tarnow.pl\/en\/about-us\/statistics\/\",\"url\":\"https:\/\/www.it.tarnow.pl\/en\/about-us\/statistics\/\",\"name\":\"Statistics - Tarnowskie Centrum Informacji\",\"isPartOf\":{\"@id\":\"https:\/\/www.it.tarnow.pl\/#website\"},\"datePublished\":\"2010-06-22T07:00:44+00:00\",\"dateModified\":\"2021-03-24T14:46:31+00:00\",\"breadcrumb\":{\"@id\":\"https:\/\/www.it.tarnow.pl\/en\/about-us\/statistics\/#breadcrumb\"},\"inLanguage\":\"en-US\",\"potentialAction\":[{\"@type\":\"ReadAction\",\"target\":[\"https:\/\/www.it.tarnow.pl\/en\/about-us\/statistics\/\"]}]},{\"@type\":\"BreadcrumbList\",\"@id\":\"https:\/\/www.it.tarnow.pl\/en\/about-us\/statistics\/#breadcrumb\",\"itemListElement\":[{\"@type\":\"ListItem\",\"position\":1,\"name\":\"Home page\",\"item\":\"https:\/\/www.it.tarnow.pl\/en\/\"},{\"@type\":\"ListItem\",\"position\":2,\"name\":\"About us\",\"item\":\"https:\/\/www.it.tarnow.pl\/en\/about-us\/\"},{\"@type\":\"ListItem\",\"position\":3,\"name\":\"Statistics\"}]},{\"@type\":\"WebSite\",\"@id\":\"https:\/\/www.it.tarnow.pl\/#website\",\"url\":\"https:\/\/www.it.tarnow.pl\/\",\"name\":\"Tarnowskie Centrum Informacji\",\"description\":\"Informacja turystyczna o Tarnowie i regionie tarnowskim.\",\"potentialAction\":[{\"@type\":\"SearchAction\",\"target\":{\"@type\":\"EntryPoint\",\"urlTemplate\":\"https:\/\/www.it.tarnow.pl\/?s={search_term_string}\"},\"query-input\":{\"@type\":\"PropertyValueSpecification\",\"valueRequired\":true,\"valueName\":\"search_term_string\"}}],\"inLanguage\":\"en-US\"}]}<\/script>\n<!-- \/ Yoast SEO Premium plugin. -->","yoast_head_json":{"title":"Statistics - Tarnowskie Centrum Informacji","robots":{"index":"index","follow":"follow","max-snippet":"max-snippet:-1","max-image-preview":"max-image-preview:large","max-video-preview":"max-video-preview:-1"},"canonical":"https:\/\/www.it.tarnow.pl\/en\/about-us\/statistics\/","og_locale":"en_US","og_type":"article","og_title":"Statistics","og_description":"Tourist\u00a0traffic in Tarn\u00f3w Year Visitors Overnight stays total foreign tourists nights spent total foreign total foreign 2005 400 000 \u00a060 000 40 000 12 000 80 000 22 400 2006 [&hellip;]","og_url":"https:\/\/www.it.tarnow.pl\/en\/about-us\/statistics\/","og_site_name":"Tarnowskie Centrum Informacji","article_modified_time":"2021-03-24T14:46:31+00:00","twitter_card":"summary_large_image","schema":{"@context":"https:\/\/schema.org","@graph":[{"@type":"WebPage","@id":"https:\/\/www.it.tarnow.pl\/en\/about-us\/statistics\/","url":"https:\/\/www.it.tarnow.pl\/en\/about-us\/statistics\/","name":"Statistics - Tarnowskie Centrum Informacji","isPartOf":{"@id":"https:\/\/www.it.tarnow.pl\/#website"},"datePublished":"2010-06-22T07:00:44+00:00","dateModified":"2021-03-24T14:46:31+00:00","breadcrumb":{"@id":"https:\/\/www.it.tarnow.pl\/en\/about-us\/statistics\/#breadcrumb"},"inLanguage":"en-US","potentialAction":[{"@type":"ReadAction","target":["https:\/\/www.it.tarnow.pl\/en\/about-us\/statistics\/"]}]},{"@type":"BreadcrumbList","@id":"https:\/\/www.it.tarnow.pl\/en\/about-us\/statistics\/#breadcrumb","itemListElement":[{"@type":"ListItem","position":1,"name":"Home page","item":"https:\/\/www.it.tarnow.pl\/en\/"},{"@type":"ListItem","position":2,"name":"About us","item":"https:\/\/www.it.tarnow.pl\/en\/about-us\/"},{"@type":"ListItem","position":3,"name":"Statistics"}]},{"@type":"WebSite","@id":"https:\/\/www.it.tarnow.pl\/#website","url":"https:\/\/www.it.tarnow.pl\/","name":"Tarnowskie Centrum Informacji","description":"Informacja turystyczna o Tarnowie i regionie tarnowskim.","potentialAction":[{"@type":"SearchAction","target":{"@type":"EntryPoint","urlTemplate":"https:\/\/www.it.tarnow.pl\/?s={search_term_string}"},"query-input":{"@type":"PropertyValueSpecification","valueRequired":true,"valueName":"search_term_string"}}],"inLanguage":"en-US"}]}},"_links":{"self":[{"href":"https:\/\/www.it.tarnow.pl\/en\/wp-json\/wp\/v2\/pages\/9789","targetHints":{"allow":["GET"]}}],"collection":[{"href":"https:\/\/www.it.tarnow.pl\/en\/wp-json\/wp\/v2\/pages"}],"about":[{"href":"https:\/\/www.it.tarnow.pl\/en\/wp-json\/wp\/v2\/types\/page"}],"author":[{"embeddable":true,"href":"https:\/\/www.it.tarnow.pl\/en\/wp-json\/wp\/v2\/users\/1"}],"replies":[{"embeddable":true,"href":"https:\/\/www.it.tarnow.pl\/en\/wp-json\/wp\/v2\/comments?post=9789"}],"version-history":[{"count":0,"href":"https:\/\/www.it.tarnow.pl\/en\/wp-json\/wp\/v2\/pages\/9789\/revisions"}],"up":[{"embeddable":true,"href":"https:\/\/www.it.tarnow.pl\/en\/wp-json\/wp\/v2\/pages\/9787"}],"wp:attachment":[{"href":"https:\/\/www.it.tarnow.pl\/en\/wp-json\/wp\/v2\/media?parent=9789"}],"wp:term":[{"taxonomy":"post_tag","embeddable":true,"href":"https:\/\/www.it.tarnow.pl\/en\/wp-json\/wp\/v2\/tags?post=9789"}],"curies":[{"name":"wp","href":"https:\/\/api.w.org\/{rel}","templated":true}]}}