{"id":9785,"date":"2010-07-19T20:02:17","date_gmt":"2010-07-19T18:02:17","guid":{"rendered":"http:\/\/www.it.tarnow.pl\/tourist-information-in-tarnow-region\/"},"modified":"2019-04-03T15:16:37","modified_gmt":"2019-04-03T13:16:37","slug":"tourist-information-in-tarnow-region","status":"publish","type":"page","link":"https:\/\/www.it.tarnow.pl\/en\/info\/tourist-information-in-tarnow-region\/","title":{"rendered":"Tourist information in Tarn\u00f3w region"},"content":{"rendered":"<p>\u00a0<b>TARN\u00d3W<\/b><br><b>Tarnowskie Centrum Informacji ****<\/b><a href=\"http:\/\/www.visitmalopolska.pl\/Strony\/main\/main.aspx\" class=\"target_blank\"><\/a><a href=\"http:\/\/www.visitmalopolska.pl\/Strony\/main\/main.aspx\" class=\"target_blank\"><img loading=\"lazy\" decoding=\"async\" width=\"71\" height=\"36\" class=\"size-small wp-image-97317\" src=\"http:\/\/www.it.tarnow.pl\/wp-content\/uploads\/2019\/02\/ikona_msit.png\" alt=\"\"><\/a>\n <br>33-100 Tarn\u00f3w, Rynek 7<br>phone: +48 14 688 90 90; fax: +48 14 688 90 92<br>mobile: +48 698 633 421<br>e-mail: <a href=\"mailto:centrum@tarnow.travel\">centrum@tarnow.travel<\/a>\n <br><a href=\"http:\/\/www.tarnow.travel\/\" class=\"target_blank\">www.tarnow.travel<\/a>\n<\/p>\n<p>Open:<br>May-September: Monday till Friday: 8 a.m. &#8211; 8 p.m. <br>\u00a0\u00a0\u00a0\u00a0\u00a0\u00a0\u00a0\u00a0\u00a0\u00a0\u00a0\u00a0\u00a0\u00a0\u00a0\u00a0\u00a0\u00a0\u00a0\u00a0\u00a0\u00a0 Saturday and Sunday: 9 a.m. &#8211; 5 p.m.<br>\u00a0<br>October-April:\u00a0\u00a0\u00a0 Monday till Friday: 8 a.m. &#8211; 6 p.m. <br>\u00a0\u00a0\u00a0\u00a0\u00a0\u00a0\u00a0\u00a0\u00a0\u00a0\u00a0\u00a0\u00a0\u00a0\u00a0\u00a0\u00a0\u00a0\u00a0\u00a0\u00a0\u00a0 Saturday and Sunday: 9 a.m. &#8211; 5 p.m.<\/p>\n<p>\u00a0<\/p>\n<p><b>D\u0105browa Tarnowska***<\/b><a href=\"http:\/\/www.visitmalopolska.pl\/Strony\/main\/main.aspx\" class=\"target_blank\"><\/a><a href=\"http:\/\/www.visitmalopolska.pl\/Strony\/main\/main.aspx\" class=\"target_blank\"><img loading=\"lazy\" decoding=\"async\" width=\"71\" height=\"36\" class=\"size-small wp-image-97317\" src=\"http:\/\/www.it.tarnow.pl\/wp-content\/uploads\/2019\/02\/ikona_msit.png\" alt=\"\"><\/a>\n<br><b>1.<\/b> O\u015brodek Spotkania Kultur (renovated building of Great Synagogue)<br>33-200 D\u0105browa Tarnowska, ul.Berka Joselewicza 6<br>phone: +48 14\u00a0657 00 09<br>e-mail: <a href=\"mailto:ddk0@op.pl\">ddk0@op.pl<\/a>\n<br><a href=\"http:\/\/www.oskdabrowa.pl\" class=\"target_blank\">www.oskdabrowa.pl<\/a>\n<\/p>\n<p><b>2.<\/b> Miejska Biblioteka Publiczna<br>33-200 D\u0105browa Tarnowska, ul. Polna 13<br>phone: +48 14 657 00 07<br>e-mail: <a href=\"mailto:it.dabrowa-tarnowska@msit.malopolska.pl\">it.dabrowa-tarnowska@msit.malopolska.pl<\/a>\n<br><a href=\"https:\/\/www.facebook.com\/MSITDabrowaTarnowska\" class=\"target_blank\">facebook.com\/MSITDabrowaTarnowska<\/a>\n<\/p>\n<p>\u00a0<\/p>\n<p><b>Tuch\u00f3w **<\/b><a href=\"http:\/\/www.visitmalopolska.pl\/Strony\/main\/main.aspx\" class=\"target_blank\"><\/a><a href=\"http:\/\/www.visitmalopolska.pl\/Strony\/main\/main.aspx\" class=\"target_blank\"><img loading=\"lazy\" decoding=\"async\" width=\"71\" height=\"36\" class=\"size-small wp-image-97317\" src=\"http:\/\/www.it.tarnow.pl\/wp-content\/uploads\/2019\/02\/ikona_msit.png\" alt=\"\"><\/a>\n<br>Dom Kultury<br>33-170 Tuch\u00f3w, ul. Chopina 10<br>phone: +48 14 652 54 36 <br>e-mail: <a href=\"mailto:it.tuchow@msit.malopolska.pl\">it.tuchow@msit.malopolska.pl<\/a>\n<br><a href=\"https:\/\/www.facebook.com\/it.tuchow?fref=ts\" class=\"target_blank\">facebook.com\/it.tuchow<\/a>\n<\/p>\n<p>\u00a0<\/p>\n<p><b>Bochnia**<\/b><a href=\"http:\/\/www.visitmalopolska.pl\/Strony\/main\/main.aspx\" class=\"target_blank\"><\/a><a href=\"http:\/\/www.visitmalopolska.pl\/Strony\/main\/main.aspx\" class=\"target_blank\"><img loading=\"lazy\" decoding=\"async\" width=\"71\" height=\"36\" class=\"size-small wp-image-97317\" src=\"http:\/\/www.it.tarnow.pl\/wp-content\/uploads\/2019\/02\/ikona_msit.png\" alt=\"\"><\/a>\n<br>Uzdrowisko Kopalnia Soli Bochnia (Salt Mine) <br>32-700 Bochnia, ul. Solna 2<br>phone: +48 14 615 36 36<br>e-mail: <a href=\"mailto:it.bochnia@msit.malopolska.pl\">it.bochnia@msit.malopolska.pl <\/a>\n<br><a href=\"http:\/\/bochnia.eu\/en\/tourism.html\" class=\"target_blank\">http:\/\/bochnia.eu<\/a>\n<\/p>\n<p>\u00a0<\/p>\n<p><b>Ci\u0119\u017ckowice<\/b><br>Centrum Kultury i Promocji Gminy Ci\u0119\u017ckowice (Town Hall)<br>33-190 Ci\u0119\u017ckowice, Rynek-Ratusz 1<br>phone: +48 14 651 00 32<br>e-mail: <a href=\"mailto:ckultury@ciezkowice.pl\">ckultury@ciezkowice.pl<\/a>\n<br><a href=\"http:\/\/www.ciezkowice.pl\/?jezyk_strony=2\" class=\"target_blank\">www.ciezkowice.pl<\/a>\n<\/p>\n<p>\u00a0<\/p>\n<p><b>Zakliczyn<\/b><br>Zakliczy\u0144skie Centrum Kultury<br>32-840 Zakliczyn, Rynek 1<br>phone: +48 14 628 33 30<br>e-mail: <a href=\"mailto:dyrektor.zck@op.pl\">dyrektor.zck@op.pl<\/a>\n<br><a href=\"http:\/\/www.zakliczyninfo.pl\/\" class=\"target_blank\">www.zakliczyninfo.pl<\/a>\n<\/p>\n<p>\u00a0<\/p>\n<p><b>\u017begocina<\/b><br>Centrum Kultury, Sportu i Turystyki w \u017begocinie<br>32-731 \u017begocina 378<br>phone: +48 14 613 20 35<br><a href=\"http:\/\/www.cksit.w.interia.pl\/\" class=\"target_blank\">www.cksit.w.interia.pl<\/a>\n<\/p>\n<p>\u00a0<\/p>\n<p><b>Information about Ci\u0119\u017ckowice, Ple\u015bna, Wojnicz and Zakliczyn<\/b><br>LGD Dunajec-Bia\u0142a<br>32-840 Zakliczyn, ul. Browarki 7<br>phone: +48 14 665 37 37; +48 600 130 106<br>e-mail: <a href=\"mailto:biuro@dunajecbiala.pl\">biuro@dunajecbiala.pl<\/a>\n<br><a href=\"http:\/\/www.dunajecbiala.pl\/\" class=\"target_blank\">www.dunajecbiala.pl<\/a>\n<\/p>","protected":false},"excerpt":{"rendered":"\u00a0TARN\u00d3WTarnowskie Centrum Informacji **** 33-100 Tarn\u00f3w, Rynek 7phone: +48 14 688 90 90; fax: +48 14 688 90 92mobile: +48 698 633 421e-mail: centrum@tarnow.travel www.tarnow.travel Open:May-September: Monday till Friday: 8 [&hellip;]","protected":false},"author":17,"featured_media":0,"parent":9775,"menu_order":835,"comment_status":"closed","ping_status":"closed","template":"","meta":{"_acf_changed":false,"footnotes":""},"tags":[],"class_list":["post-9785","page","type-page","status-publish","hentry"],"acf":{"in_menu":null,"show_date":null,"intro_text":"","map":null},"yoast_head":"<!-- This site is optimized with the Yoast SEO Premium plugin v25.4 (Yoast SEO v25.4) - https:\/\/yoast.com\/wordpress\/plugins\/seo\/ -->\n<title>Tourist information in Tarn\u00f3w region - Tarnowskie Centrum Informacji<\/title>\n<meta name=\"robots\" content=\"index, follow, max-snippet:-1, max-image-preview:large, max-video-preview:-1\" \/>\n<link rel=\"canonical\" href=\"https:\/\/www.it.tarnow.pl\/en\/info\/tourist-information-in-tarnow-region\/\" \/>\n<meta property=\"og:locale\" content=\"en_US\" \/>\n<meta property=\"og:type\" content=\"article\" \/>\n<meta property=\"og:title\" content=\"Tourist information in Tarn\u00f3w region\" \/>\n<meta property=\"og:description\" content=\"\u00a0TARN\u00d3WTarnowskie Centrum Informacji **** 33-100 Tarn\u00f3w, Rynek 7phone: +48 14 688 90 90; fax: +48 14 688 90 92mobile: +48 698 633 421e-mail: centrum@tarnow.travel www.tarnow.travel Open:May-September: Monday till Friday: 8 [&hellip;]\" \/>\n<meta property=\"og:url\" content=\"https:\/\/www.it.tarnow.pl\/en\/info\/tourist-information-in-tarnow-region\/\" \/>\n<meta property=\"og:site_name\" content=\"Tarnowskie Centrum Informacji\" \/>\n<meta property=\"article:modified_time\" content=\"2019-04-03T13:16:37+00:00\" \/>\n<meta property=\"og:image\" content=\"http:\/\/www.it.tarnow.pl\/wp-content\/uploads\/2019\/02\/ikona_msit.png\" \/>\n<meta name=\"twitter:card\" content=\"summary_large_image\" \/>\n<meta name=\"twitter:label1\" content=\"Est. reading time\" \/>\n\t<meta name=\"twitter:data1\" content=\"1 minute\" \/>\n<script type=\"application\/ld+json\" class=\"yoast-schema-graph\">{\"@context\":\"https:\/\/schema.org\",\"@graph\":[{\"@type\":\"WebPage\",\"@id\":\"https:\/\/www.it.tarnow.pl\/en\/info\/tourist-information-in-tarnow-region\/\",\"url\":\"https:\/\/www.it.tarnow.pl\/en\/info\/tourist-information-in-tarnow-region\/\",\"name\":\"Tourist information in Tarn\u00f3w region - Tarnowskie Centrum Informacji\",\"isPartOf\":{\"@id\":\"https:\/\/www.it.tarnow.pl\/#website\"},\"primaryImageOfPage\":{\"@id\":\"https:\/\/www.it.tarnow.pl\/en\/info\/tourist-information-in-tarnow-region\/#primaryimage\"},\"image\":{\"@id\":\"https:\/\/www.it.tarnow.pl\/en\/info\/tourist-information-in-tarnow-region\/#primaryimage\"},\"thumbnailUrl\":\"http:\/\/www.it.tarnow.pl\/wp-content\/uploads\/2019\/02\/ikona_msit.png\",\"datePublished\":\"2010-07-19T18:02:17+00:00\",\"dateModified\":\"2019-04-03T13:16:37+00:00\",\"breadcrumb\":{\"@id\":\"https:\/\/www.it.tarnow.pl\/en\/info\/tourist-information-in-tarnow-region\/#breadcrumb\"},\"inLanguage\":\"en-US\",\"potentialAction\":[{\"@type\":\"ReadAction\",\"target\":[\"https:\/\/www.it.tarnow.pl\/en\/info\/tourist-information-in-tarnow-region\/\"]}]},{\"@type\":\"ImageObject\",\"inLanguage\":\"en-US\",\"@id\":\"https:\/\/www.it.tarnow.pl\/en\/info\/tourist-information-in-tarnow-region\/#primaryimage\",\"url\":\"http:\/\/www.it.tarnow.pl\/wp-content\/uploads\/2019\/02\/ikona_msit.png\",\"contentUrl\":\"http:\/\/www.it.tarnow.pl\/wp-content\/uploads\/2019\/02\/ikona_msit.png\"},{\"@type\":\"BreadcrumbList\",\"@id\":\"https:\/\/www.it.tarnow.pl\/en\/info\/tourist-information-in-tarnow-region\/#breadcrumb\",\"itemListElement\":[{\"@type\":\"ListItem\",\"position\":1,\"name\":\"Home page\",\"item\":\"https:\/\/www.it.tarnow.pl\/en\/\"},{\"@type\":\"ListItem\",\"position\":2,\"name\":\"Info\",\"item\":\"https:\/\/www.it.tarnow.pl\/en\/info\/\"},{\"@type\":\"ListItem\",\"position\":3,\"name\":\"Tourist information in Tarn\u00f3w region\"}]},{\"@type\":\"WebSite\",\"@id\":\"https:\/\/www.it.tarnow.pl\/#website\",\"url\":\"https:\/\/www.it.tarnow.pl\/\",\"name\":\"Tarnowskie Centrum Informacji\",\"description\":\"Informacja turystyczna o Tarnowie i regionie tarnowskim.\",\"potentialAction\":[{\"@type\":\"SearchAction\",\"target\":{\"@type\":\"EntryPoint\",\"urlTemplate\":\"https:\/\/www.it.tarnow.pl\/?s={search_term_string}\"},\"query-input\":{\"@type\":\"PropertyValueSpecification\",\"valueRequired\":true,\"valueName\":\"search_term_string\"}}],\"inLanguage\":\"en-US\"}]}<\/script>\n<!-- \/ Yoast SEO Premium plugin. -->","yoast_head_json":{"title":"Tourist information in Tarn\u00f3w region - Tarnowskie Centrum Informacji","robots":{"index":"index","follow":"follow","max-snippet":"max-snippet:-1","max-image-preview":"max-image-preview:large","max-video-preview":"max-video-preview:-1"},"canonical":"https:\/\/www.it.tarnow.pl\/en\/info\/tourist-information-in-tarnow-region\/","og_locale":"en_US","og_type":"article","og_title":"Tourist information in Tarn\u00f3w region","og_description":"\u00a0TARN\u00d3WTarnowskie Centrum Informacji **** 33-100 Tarn\u00f3w, Rynek 7phone: +48 14 688 90 90; fax: +48 14 688 90 92mobile: +48 698 633 421e-mail: centrum@tarnow.travel www.tarnow.travel Open:May-September: Monday till Friday: 8 [&hellip;]","og_url":"https:\/\/www.it.tarnow.pl\/en\/info\/tourist-information-in-tarnow-region\/","og_site_name":"Tarnowskie Centrum Informacji","article_modified_time":"2019-04-03T13:16:37+00:00","og_image":[{"url":"http:\/\/www.it.tarnow.pl\/wp-content\/uploads\/2019\/02\/ikona_msit.png","type":"","width":"","height":""}],"twitter_card":"summary_large_image","twitter_misc":{"Est. reading time":"1 minute"},"schema":{"@context":"https:\/\/schema.org","@graph":[{"@type":"WebPage","@id":"https:\/\/www.it.tarnow.pl\/en\/info\/tourist-information-in-tarnow-region\/","url":"https:\/\/www.it.tarnow.pl\/en\/info\/tourist-information-in-tarnow-region\/","name":"Tourist information in Tarn\u00f3w region - Tarnowskie Centrum Informacji","isPartOf":{"@id":"https:\/\/www.it.tarnow.pl\/#website"},"primaryImageOfPage":{"@id":"https:\/\/www.it.tarnow.pl\/en\/info\/tourist-information-in-tarnow-region\/#primaryimage"},"image":{"@id":"https:\/\/www.it.tarnow.pl\/en\/info\/tourist-information-in-tarnow-region\/#primaryimage"},"thumbnailUrl":"http:\/\/www.it.tarnow.pl\/wp-content\/uploads\/2019\/02\/ikona_msit.png","datePublished":"2010-07-19T18:02:17+00:00","dateModified":"2019-04-03T13:16:37+00:00","breadcrumb":{"@id":"https:\/\/www.it.tarnow.pl\/en\/info\/tourist-information-in-tarnow-region\/#breadcrumb"},"inLanguage":"en-US","potentialAction":[{"@type":"ReadAction","target":["https:\/\/www.it.tarnow.pl\/en\/info\/tourist-information-in-tarnow-region\/"]}]},{"@type":"ImageObject","inLanguage":"en-US","@id":"https:\/\/www.it.tarnow.pl\/en\/info\/tourist-information-in-tarnow-region\/#primaryimage","url":"http:\/\/www.it.tarnow.pl\/wp-content\/uploads\/2019\/02\/ikona_msit.png","contentUrl":"http:\/\/www.it.tarnow.pl\/wp-content\/uploads\/2019\/02\/ikona_msit.png"},{"@type":"BreadcrumbList","@id":"https:\/\/www.it.tarnow.pl\/en\/info\/tourist-information-in-tarnow-region\/#breadcrumb","itemListElement":[{"@type":"ListItem","position":1,"name":"Home page","item":"https:\/\/www.it.tarnow.pl\/en\/"},{"@type":"ListItem","position":2,"name":"Info","item":"https:\/\/www.it.tarnow.pl\/en\/info\/"},{"@type":"ListItem","position":3,"name":"Tourist information in Tarn\u00f3w region"}]},{"@type":"WebSite","@id":"https:\/\/www.it.tarnow.pl\/#website","url":"https:\/\/www.it.tarnow.pl\/","name":"Tarnowskie Centrum Informacji","description":"Informacja turystyczna o Tarnowie i regionie tarnowskim.","potentialAction":[{"@type":"SearchAction","target":{"@type":"EntryPoint","urlTemplate":"https:\/\/www.it.tarnow.pl\/?s={search_term_string}"},"query-input":{"@type":"PropertyValueSpecification","valueRequired":true,"valueName":"search_term_string"}}],"inLanguage":"en-US"}]}},"_links":{"self":[{"href":"https:\/\/www.it.tarnow.pl\/en\/wp-json\/wp\/v2\/pages\/9785","targetHints":{"allow":["GET"]}}],"collection":[{"href":"https:\/\/www.it.tarnow.pl\/en\/wp-json\/wp\/v2\/pages"}],"about":[{"href":"https:\/\/www.it.tarnow.pl\/en\/wp-json\/wp\/v2\/types\/page"}],"author":[{"embeddable":true,"href":"https:\/\/www.it.tarnow.pl\/en\/wp-json\/wp\/v2\/users\/17"}],"replies":[{"embeddable":true,"href":"https:\/\/www.it.tarnow.pl\/en\/wp-json\/wp\/v2\/comments?post=9785"}],"version-history":[{"count":0,"href":"https:\/\/www.it.tarnow.pl\/en\/wp-json\/wp\/v2\/pages\/9785\/revisions"}],"up":[{"embeddable":true,"href":"https:\/\/www.it.tarnow.pl\/en\/wp-json\/wp\/v2\/pages\/9775"}],"wp:attachment":[{"href":"https:\/\/www.it.tarnow.pl\/en\/wp-json\/wp\/v2\/media?parent=9785"}],"wp:term":[{"taxonomy":"post_tag","embeddable":true,"href":"https:\/\/www.it.tarnow.pl\/en\/wp-json\/wp\/v2\/tags?post=9785"}],"curies":[{"name":"wp","href":"https:\/\/api.w.org\/{rel}","templated":true}]}}