{"id":9782,"date":"2010-06-22T08:40:01","date_gmt":"2010-06-22T06:40:01","guid":{"rendered":"http:\/\/www.it.tarnow.pl\/vital-records\/"},"modified":"2022-04-26T09:25:24","modified_gmt":"2022-04-26T07:25:24","slug":"vital-records","status":"publish","type":"page","link":"https:\/\/www.it.tarnow.pl\/en\/info\/vital-records\/","title":{"rendered":"Vital records"},"content":{"rendered":"<p><b>Archiwum Pa\u0144stwowe (State Archive)<\/b> maintains vital records that are over 100 years old. <br \/>\r\nFor any information, send an e-mail to <a href=\"mailto:tarnow@archiwum.krakow.pl\">tarnow@archiwum.krakow.pl<\/a> . Both \u2013 Polish and English are accepted.<\/p>\r\n<p>\u00a0Archiwum Pa\u0144stwowe w Krakowie. Oddzia\u0142 w Tarnowie<br \/>\r\n\u00a0ul. Chemiczna 16<br \/>\r\n\u00a033-101 Tarn\u00f3w<br \/>\r\n\u00a0POLAND<br \/>\r\n\u00a0phone: +48 14 633 06 21<br \/>\r\n\u00a0<a class=\"target_blank\" href=\"http:\/\/www.archiwum.krakow.pl\/menueng.php\">www.archiwum.krakow.pl<\/a><\/p>\r\n<p>&nbsp;<\/p>\r\n<p><b>Urz\u0105d Stanu Cywilnego in Tarn\u00f3w (Office of Vital Records)<\/b> maintains vital records for the city of Tarn\u00f3w and gmina Tarn\u00f3w (for localities: Bia\u0142a, B\u0142onie, Jod\u0142\u00f3wka-Wa\u0142ki, Koszyce Ma\u0142e, Koszyce Wielkie, L\u0119kawka, Nowodworze, Por\u0119ba Radlna, Radlna, Tarnowiec, Wola Rz\u0119dzi\u0144ska, Zawada and Zbylitowska G\u00f3ra). The only accepted way of applying for any document is through traditional mail, written in Polish.<\/p>\r\n<p>\u00a0\u00a0Urz\u0105d Stanu Cywilnego (seat of the Tarn\u00f3w city office)<br \/>\r\n\u00a0ul. Nowa 4 (until the end of January 2020: ul. Gumniska 30)<br \/>\r\n\u00a033-100 Tarn\u00f3w<br \/>\r\n<br \/>\r\n\u00a0POLAND<br \/>\r\n\u00a0phone: +48 14 688 90 85; +48 14 688 90 86<\/p>\r\n<p>&nbsp;<\/p>\r\n<p><b>Archiwum Diecezjalne (Diocese Archives)<\/b> in Tarn\u00f3w maintains records from parish churches of Tarn\u00f3w Diocese dated from 1784.<\/p>\r\n<p>\u00a0Archiwum Diecezjalne w Tarnowie <br \/>\r\n\u00a0ul. Katedralna 3<br \/>\r\n\u00a033-100 Tarn\u00f3w<br \/>\r\n\u00a0POLAND<br \/>\r\n\u00a0phone: + 48 14 622 34 23; +48 14 626 21 23<br \/>\r\n\u00a0<a href=\"mailto:arch-diec@diecezja.tarnow.pl\">arch-diec@diecezja.tarnow.pl<\/a> <br \/>\r\n\u00a0<a class=\"target_blank\" href=\"http:\/\/www.archiwum.diecezja.tarnow.pl\">www.archiwum.diecezja.tarnow.pl<\/a><\/p>\r\n<p>&nbsp;<\/p>\r\n<p><strong>Search the Archives<\/strong> is a website, the purpose of which is to make available on the Internet descriptions and scans of archival materials from state archives and other institutions. Thanks to this, you can use many collections without leaving your home. Access is completely available to all \u2014 no login or payment fee is required.<\/p>\r\n<p><a href=\"https:\/\/www.szukajwarchiwach.gov.pl\/en\/strona_glowna\">www.szukajwarchiwach.gov.pl\u00a0<\/a><\/p>","protected":false},"excerpt":{"rendered":"Archiwum Pa\u0144stwowe (State Archive) maintains vital records that are over 100 years old. For any information, send an e-mail to tarnow@archiwum.krakow.pl . Both \u2013 Polish and English are accepted. \u00a0Archiwum [&hellip;]","protected":false},"author":1,"featured_media":0,"parent":9775,"menu_order":843,"comment_status":"closed","ping_status":"closed","template":"","meta":{"_acf_changed":false,"footnotes":""},"tags":[],"class_list":["post-9782","page","type-page","status-publish","hentry"],"acf":{"old_object_id":"4521","old_parent_id":"215","old_url":"Info\/Vital-records","intro_text":"","show_children":"1","class":"folder","type":"single","in_menu":true,"show_date":false,"map":"","old_id":"","top_column":"","left_column":"","right_column":"","bottom_column":"","skip_import":false,"_menu_related_id":"96174","rooms_info":""},"yoast_head":"<!-- This site is optimized with the Yoast SEO Premium plugin v25.4 (Yoast SEO v25.4) - https:\/\/yoast.com\/wordpress\/plugins\/seo\/ -->\n<title>Vital records - Tarnowskie Centrum Informacji<\/title>\n<meta name=\"robots\" content=\"index, follow, max-snippet:-1, max-image-preview:large, max-video-preview:-1\" \/>\n<link rel=\"canonical\" href=\"https:\/\/www.it.tarnow.pl\/en\/info\/vital-records\/\" \/>\n<meta property=\"og:locale\" content=\"en_US\" \/>\n<meta property=\"og:type\" content=\"article\" \/>\n<meta property=\"og:title\" content=\"Vital records\" \/>\n<meta property=\"og:description\" content=\"Archiwum Pa\u0144stwowe (State Archive) maintains vital records that are over 100 years old. For any information, send an e-mail to tarnow@archiwum.krakow.pl . Both \u2013 Polish and English are accepted. \u00a0Archiwum [&hellip;]\" \/>\n<meta property=\"og:url\" content=\"https:\/\/www.it.tarnow.pl\/en\/info\/vital-records\/\" \/>\n<meta property=\"og:site_name\" content=\"Tarnowskie Centrum Informacji\" \/>\n<meta property=\"article:modified_time\" content=\"2022-04-26T07:25:24+00:00\" \/>\n<meta name=\"twitter:card\" content=\"summary_large_image\" \/>\n<meta name=\"twitter:label1\" content=\"Est. reading time\" \/>\n\t<meta name=\"twitter:data1\" content=\"1 minute\" \/>\n<script type=\"application\/ld+json\" class=\"yoast-schema-graph\">{\"@context\":\"https:\/\/schema.org\",\"@graph\":[{\"@type\":\"WebPage\",\"@id\":\"https:\/\/www.it.tarnow.pl\/en\/info\/vital-records\/\",\"url\":\"https:\/\/www.it.tarnow.pl\/en\/info\/vital-records\/\",\"name\":\"Vital records - Tarnowskie Centrum Informacji\",\"isPartOf\":{\"@id\":\"https:\/\/www.it.tarnow.pl\/#website\"},\"datePublished\":\"2010-06-22T06:40:01+00:00\",\"dateModified\":\"2022-04-26T07:25:24+00:00\",\"breadcrumb\":{\"@id\":\"https:\/\/www.it.tarnow.pl\/en\/info\/vital-records\/#breadcrumb\"},\"inLanguage\":\"en-US\",\"potentialAction\":[{\"@type\":\"ReadAction\",\"target\":[\"https:\/\/www.it.tarnow.pl\/en\/info\/vital-records\/\"]}]},{\"@type\":\"BreadcrumbList\",\"@id\":\"https:\/\/www.it.tarnow.pl\/en\/info\/vital-records\/#breadcrumb\",\"itemListElement\":[{\"@type\":\"ListItem\",\"position\":1,\"name\":\"Home page\",\"item\":\"https:\/\/www.it.tarnow.pl\/en\/\"},{\"@type\":\"ListItem\",\"position\":2,\"name\":\"Info\",\"item\":\"https:\/\/www.it.tarnow.pl\/en\/info\/\"},{\"@type\":\"ListItem\",\"position\":3,\"name\":\"Vital records\"}]},{\"@type\":\"WebSite\",\"@id\":\"https:\/\/www.it.tarnow.pl\/#website\",\"url\":\"https:\/\/www.it.tarnow.pl\/\",\"name\":\"Tarnowskie Centrum Informacji\",\"description\":\"Informacja turystyczna o Tarnowie i regionie tarnowskim.\",\"potentialAction\":[{\"@type\":\"SearchAction\",\"target\":{\"@type\":\"EntryPoint\",\"urlTemplate\":\"https:\/\/www.it.tarnow.pl\/?s={search_term_string}\"},\"query-input\":{\"@type\":\"PropertyValueSpecification\",\"valueRequired\":true,\"valueName\":\"search_term_string\"}}],\"inLanguage\":\"en-US\"}]}<\/script>\n<!-- \/ Yoast SEO Premium plugin. -->","yoast_head_json":{"title":"Vital records - Tarnowskie Centrum Informacji","robots":{"index":"index","follow":"follow","max-snippet":"max-snippet:-1","max-image-preview":"max-image-preview:large","max-video-preview":"max-video-preview:-1"},"canonical":"https:\/\/www.it.tarnow.pl\/en\/info\/vital-records\/","og_locale":"en_US","og_type":"article","og_title":"Vital records","og_description":"Archiwum Pa\u0144stwowe (State Archive) maintains vital records that are over 100 years old. For any information, send an e-mail to tarnow@archiwum.krakow.pl . Both \u2013 Polish and English are accepted. \u00a0Archiwum [&hellip;]","og_url":"https:\/\/www.it.tarnow.pl\/en\/info\/vital-records\/","og_site_name":"Tarnowskie Centrum Informacji","article_modified_time":"2022-04-26T07:25:24+00:00","twitter_card":"summary_large_image","twitter_misc":{"Est. reading time":"1 minute"},"schema":{"@context":"https:\/\/schema.org","@graph":[{"@type":"WebPage","@id":"https:\/\/www.it.tarnow.pl\/en\/info\/vital-records\/","url":"https:\/\/www.it.tarnow.pl\/en\/info\/vital-records\/","name":"Vital records - Tarnowskie Centrum Informacji","isPartOf":{"@id":"https:\/\/www.it.tarnow.pl\/#website"},"datePublished":"2010-06-22T06:40:01+00:00","dateModified":"2022-04-26T07:25:24+00:00","breadcrumb":{"@id":"https:\/\/www.it.tarnow.pl\/en\/info\/vital-records\/#breadcrumb"},"inLanguage":"en-US","potentialAction":[{"@type":"ReadAction","target":["https:\/\/www.it.tarnow.pl\/en\/info\/vital-records\/"]}]},{"@type":"BreadcrumbList","@id":"https:\/\/www.it.tarnow.pl\/en\/info\/vital-records\/#breadcrumb","itemListElement":[{"@type":"ListItem","position":1,"name":"Home page","item":"https:\/\/www.it.tarnow.pl\/en\/"},{"@type":"ListItem","position":2,"name":"Info","item":"https:\/\/www.it.tarnow.pl\/en\/info\/"},{"@type":"ListItem","position":3,"name":"Vital records"}]},{"@type":"WebSite","@id":"https:\/\/www.it.tarnow.pl\/#website","url":"https:\/\/www.it.tarnow.pl\/","name":"Tarnowskie Centrum Informacji","description":"Informacja turystyczna o Tarnowie i regionie tarnowskim.","potentialAction":[{"@type":"SearchAction","target":{"@type":"EntryPoint","urlTemplate":"https:\/\/www.it.tarnow.pl\/?s={search_term_string}"},"query-input":{"@type":"PropertyValueSpecification","valueRequired":true,"valueName":"search_term_string"}}],"inLanguage":"en-US"}]}},"_links":{"self":[{"href":"https:\/\/www.it.tarnow.pl\/en\/wp-json\/wp\/v2\/pages\/9782","targetHints":{"allow":["GET"]}}],"collection":[{"href":"https:\/\/www.it.tarnow.pl\/en\/wp-json\/wp\/v2\/pages"}],"about":[{"href":"https:\/\/www.it.tarnow.pl\/en\/wp-json\/wp\/v2\/types\/page"}],"author":[{"embeddable":true,"href":"https:\/\/www.it.tarnow.pl\/en\/wp-json\/wp\/v2\/users\/1"}],"replies":[{"embeddable":true,"href":"https:\/\/www.it.tarnow.pl\/en\/wp-json\/wp\/v2\/comments?post=9782"}],"version-history":[{"count":0,"href":"https:\/\/www.it.tarnow.pl\/en\/wp-json\/wp\/v2\/pages\/9782\/revisions"}],"up":[{"embeddable":true,"href":"https:\/\/www.it.tarnow.pl\/en\/wp-json\/wp\/v2\/pages\/9775"}],"wp:attachment":[{"href":"https:\/\/www.it.tarnow.pl\/en\/wp-json\/wp\/v2\/media?parent=9782"}],"wp:term":[{"taxonomy":"post_tag","embeddable":true,"href":"https:\/\/www.it.tarnow.pl\/en\/wp-json\/wp\/v2\/tags?post=9782"}],"curies":[{"name":"wp","href":"https:\/\/api.w.org\/{rel}","templated":true}]}}