{"id":9780,"date":"2010-06-22T08:34:04","date_gmt":"2010-06-22T06:34:04","guid":{"rendered":"http:\/\/www.it.tarnow.pl\/medical-assistance\/"},"modified":"2019-04-03T15:16:26","modified_gmt":"2019-04-03T13:16:26","slug":"medical-assistance","status":"publish","type":"page","link":"https:\/\/www.it.tarnow.pl\/en\/info\/medical-assistance\/","title":{"rendered":"Medical assistance"},"content":{"rendered":"<p>Please, refer to <a href=\"http:\/\/www.poland.travel\/en\/useful-information\/in-an-emergency\" class=\"target_blank\">www.poland.travel<\/a>\n for detailed information on health care system in Poland.<\/p>\n<p>Keep in mind that in Poland <b>the emergency number is <b>112<\/b><\/b>.<\/p>\n<p>\u00a0<\/p>\n<p>There are two hospitals in Tarn\u00f3w:<\/p>\n<p><b>Szpital Wojew\u00f3dzki im. \u015bw. \u0141ukasza SP ZOZ (EMERGENCY)<\/b> <br>ul. Lwowska 178 a, 33-100 Tarn\u00f3w <br>phone: +48 14 631 50 00, +48 14 631 56 05<\/p>\n<p><a href=\"http:\/\/www.lukasz.med.pl\/\" class=\"target_blank\">www.lukasz.med.pl<\/a>\n<\/p>\n<p>\u00a0<\/p>\n<p><b>Specjalistyczny Szpital im. E. Szczeklika SP ZOZ<\/b><br>ul. Szpitalna 13, 33-100 Tarn\u00f3w <br>tel.: +48 14 631 01 00, +48 14 631 03 72<\/p>\n<p><a href=\"http:\/\/www.ssz.tar.pl\/\" class=\"target_blank\">www.ssz.tar.pl<\/a>\n<\/p>\n<p>\u00a0<\/p>\n<p><b>24\/7 medical assistance is provided by the following doctor&#8217;s offices:<\/b><\/p>\n<p>\u00a0<\/p>\n<p><b>Miejska Przychodnia Lekarska Nr 4<\/b> N ZOZ Sp. z o.o. <br>Os.25-lecia PRL 3 a<br>phone: +48 14 688 81 85<\/p>\n<p><b>Centrum Medyczne KOL &#8211; MED<\/b> SP ZOZ<br>Plac Dworcowy 6 <br>phone: +48 14 688 60 99<\/p>\n<p><b>Mo\u015bcickie Centrum Medyczne<\/b> Sp z o. o. <br>ul. Kwiatkowskiego 15 <br>phone: +48 14 688 05 55, +48 14 688 05 84 (after 6:00 p.m.)<\/p>\n<p>\u00a0<\/p>\n<p><b>24-hour pharmacies in Tarn\u00f3w:<\/b><br>ul. Lwowska 22<br>pl. Dworcowy 1<br>ul. Garbarska 31a <br>\u00a0<\/p>\n<p>Please, refer to our Polish site for complete list of health care institutions in Tarn\u00f3w: <a href=\"http:\/\/www.it.tarnow.pl\/przydatne-informacje\/apteki-szpitale\/\" class=\"target_blank\">www.tarnow.travel<\/a>\n<\/p>","protected":false},"excerpt":{"rendered":"Please, refer to www.poland.travel for detailed information on health care system in Poland. Keep in mind that in Poland the emergency number is 112. \u00a0 There are two hospitals in [&hellip;]","protected":false},"author":1,"featured_media":0,"parent":9775,"menu_order":715,"comment_status":"closed","ping_status":"closed","template":"","meta":{"_acf_changed":false,"footnotes":""},"tags":[],"class_list":["post-9780","page","type-page","status-publish","hentry"],"acf":{"in_menu":null,"show_date":null,"intro_text":"","map":null},"yoast_head":"<!-- This site is optimized with the Yoast SEO Premium plugin v25.4 (Yoast SEO v25.4) - https:\/\/yoast.com\/wordpress\/plugins\/seo\/ -->\n<title>Medical assistance - Tarnowskie Centrum Informacji<\/title>\n<meta name=\"robots\" content=\"index, follow, max-snippet:-1, max-image-preview:large, max-video-preview:-1\" \/>\n<link rel=\"canonical\" href=\"https:\/\/www.it.tarnow.pl\/en\/info\/medical-assistance\/\" \/>\n<meta property=\"og:locale\" content=\"en_US\" \/>\n<meta property=\"og:type\" content=\"article\" \/>\n<meta property=\"og:title\" content=\"Medical assistance\" \/>\n<meta property=\"og:description\" content=\"Please, refer to www.poland.travel for detailed information on health care system in Poland. Keep in mind that in Poland the emergency number is 112. \u00a0 There are two hospitals in [&hellip;]\" \/>\n<meta property=\"og:url\" content=\"https:\/\/www.it.tarnow.pl\/en\/info\/medical-assistance\/\" \/>\n<meta property=\"og:site_name\" content=\"Tarnowskie Centrum Informacji\" \/>\n<meta property=\"article:modified_time\" content=\"2019-04-03T13:16:26+00:00\" \/>\n<meta name=\"twitter:card\" content=\"summary_large_image\" \/>\n<meta name=\"twitter:label1\" content=\"Est. reading time\" \/>\n\t<meta name=\"twitter:data1\" content=\"1 minute\" \/>\n<script type=\"application\/ld+json\" class=\"yoast-schema-graph\">{\"@context\":\"https:\/\/schema.org\",\"@graph\":[{\"@type\":\"WebPage\",\"@id\":\"https:\/\/www.it.tarnow.pl\/en\/info\/medical-assistance\/\",\"url\":\"https:\/\/www.it.tarnow.pl\/en\/info\/medical-assistance\/\",\"name\":\"Medical assistance - Tarnowskie Centrum Informacji\",\"isPartOf\":{\"@id\":\"https:\/\/www.it.tarnow.pl\/#website\"},\"datePublished\":\"2010-06-22T06:34:04+00:00\",\"dateModified\":\"2019-04-03T13:16:26+00:00\",\"breadcrumb\":{\"@id\":\"https:\/\/www.it.tarnow.pl\/en\/info\/medical-assistance\/#breadcrumb\"},\"inLanguage\":\"en-US\",\"potentialAction\":[{\"@type\":\"ReadAction\",\"target\":[\"https:\/\/www.it.tarnow.pl\/en\/info\/medical-assistance\/\"]}]},{\"@type\":\"BreadcrumbList\",\"@id\":\"https:\/\/www.it.tarnow.pl\/en\/info\/medical-assistance\/#breadcrumb\",\"itemListElement\":[{\"@type\":\"ListItem\",\"position\":1,\"name\":\"Home page\",\"item\":\"https:\/\/www.it.tarnow.pl\/en\/\"},{\"@type\":\"ListItem\",\"position\":2,\"name\":\"Info\",\"item\":\"https:\/\/www.it.tarnow.pl\/en\/info\/\"},{\"@type\":\"ListItem\",\"position\":3,\"name\":\"Medical assistance\"}]},{\"@type\":\"WebSite\",\"@id\":\"https:\/\/www.it.tarnow.pl\/#website\",\"url\":\"https:\/\/www.it.tarnow.pl\/\",\"name\":\"Tarnowskie Centrum Informacji\",\"description\":\"Informacja turystyczna o Tarnowie i regionie tarnowskim.\",\"potentialAction\":[{\"@type\":\"SearchAction\",\"target\":{\"@type\":\"EntryPoint\",\"urlTemplate\":\"https:\/\/www.it.tarnow.pl\/?s={search_term_string}\"},\"query-input\":{\"@type\":\"PropertyValueSpecification\",\"valueRequired\":true,\"valueName\":\"search_term_string\"}}],\"inLanguage\":\"en-US\"}]}<\/script>\n<!-- \/ Yoast SEO Premium plugin. -->","yoast_head_json":{"title":"Medical assistance - Tarnowskie Centrum Informacji","robots":{"index":"index","follow":"follow","max-snippet":"max-snippet:-1","max-image-preview":"max-image-preview:large","max-video-preview":"max-video-preview:-1"},"canonical":"https:\/\/www.it.tarnow.pl\/en\/info\/medical-assistance\/","og_locale":"en_US","og_type":"article","og_title":"Medical assistance","og_description":"Please, refer to www.poland.travel for detailed information on health care system in Poland. Keep in mind that in Poland the emergency number is 112. \u00a0 There are two hospitals in [&hellip;]","og_url":"https:\/\/www.it.tarnow.pl\/en\/info\/medical-assistance\/","og_site_name":"Tarnowskie Centrum Informacji","article_modified_time":"2019-04-03T13:16:26+00:00","twitter_card":"summary_large_image","twitter_misc":{"Est. reading time":"1 minute"},"schema":{"@context":"https:\/\/schema.org","@graph":[{"@type":"WebPage","@id":"https:\/\/www.it.tarnow.pl\/en\/info\/medical-assistance\/","url":"https:\/\/www.it.tarnow.pl\/en\/info\/medical-assistance\/","name":"Medical assistance - Tarnowskie Centrum Informacji","isPartOf":{"@id":"https:\/\/www.it.tarnow.pl\/#website"},"datePublished":"2010-06-22T06:34:04+00:00","dateModified":"2019-04-03T13:16:26+00:00","breadcrumb":{"@id":"https:\/\/www.it.tarnow.pl\/en\/info\/medical-assistance\/#breadcrumb"},"inLanguage":"en-US","potentialAction":[{"@type":"ReadAction","target":["https:\/\/www.it.tarnow.pl\/en\/info\/medical-assistance\/"]}]},{"@type":"BreadcrumbList","@id":"https:\/\/www.it.tarnow.pl\/en\/info\/medical-assistance\/#breadcrumb","itemListElement":[{"@type":"ListItem","position":1,"name":"Home page","item":"https:\/\/www.it.tarnow.pl\/en\/"},{"@type":"ListItem","position":2,"name":"Info","item":"https:\/\/www.it.tarnow.pl\/en\/info\/"},{"@type":"ListItem","position":3,"name":"Medical assistance"}]},{"@type":"WebSite","@id":"https:\/\/www.it.tarnow.pl\/#website","url":"https:\/\/www.it.tarnow.pl\/","name":"Tarnowskie Centrum Informacji","description":"Informacja turystyczna o Tarnowie i regionie tarnowskim.","potentialAction":[{"@type":"SearchAction","target":{"@type":"EntryPoint","urlTemplate":"https:\/\/www.it.tarnow.pl\/?s={search_term_string}"},"query-input":{"@type":"PropertyValueSpecification","valueRequired":true,"valueName":"search_term_string"}}],"inLanguage":"en-US"}]}},"_links":{"self":[{"href":"https:\/\/www.it.tarnow.pl\/en\/wp-json\/wp\/v2\/pages\/9780","targetHints":{"allow":["GET"]}}],"collection":[{"href":"https:\/\/www.it.tarnow.pl\/en\/wp-json\/wp\/v2\/pages"}],"about":[{"href":"https:\/\/www.it.tarnow.pl\/en\/wp-json\/wp\/v2\/types\/page"}],"author":[{"embeddable":true,"href":"https:\/\/www.it.tarnow.pl\/en\/wp-json\/wp\/v2\/users\/1"}],"replies":[{"embeddable":true,"href":"https:\/\/www.it.tarnow.pl\/en\/wp-json\/wp\/v2\/comments?post=9780"}],"version-history":[{"count":0,"href":"https:\/\/www.it.tarnow.pl\/en\/wp-json\/wp\/v2\/pages\/9780\/revisions"}],"up":[{"embeddable":true,"href":"https:\/\/www.it.tarnow.pl\/en\/wp-json\/wp\/v2\/pages\/9775"}],"wp:attachment":[{"href":"https:\/\/www.it.tarnow.pl\/en\/wp-json\/wp\/v2\/media?parent=9780"}],"wp:term":[{"taxonomy":"post_tag","embeddable":true,"href":"https:\/\/www.it.tarnow.pl\/en\/wp-json\/wp\/v2\/tags?post=9780"}],"curies":[{"name":"wp","href":"https:\/\/api.w.org\/{rel}","templated":true}]}}