{"id":9773,"date":"2010-06-21T10:29:34","date_gmt":"2010-06-21T08:29:34","guid":{"rendered":"http:\/\/www.it.tarnow.pl\/cafes-and-pubs\/"},"modified":"2026-01-16T11:52:34","modified_gmt":"2026-01-16T10:52:34","slug":"cafes-and-pubs","status":"publish","type":"page","link":"https:\/\/www.it.tarnow.pl\/en\/restaurants\/cafes-and-pubs\/","title":{"rendered":"Cafes and pubs"},"content":{"rendered":"<p>&nbsp;<\/p>\r\n<p><b>Galeria Cafe<\/b><br \/>\r\n33-100 Tarn\u00f3w, Rynek 4<br \/>\r\nphone: + 48 728 598 699<br \/>\r\n<a href=\"http:\/\/www.facebook.com\/CafeGaleriaTarnow\/\">facebook.com<\/a> <br \/>\r\nupdated: January 2026\u00a0<\/p>\r\n<p>&nbsp;<\/p>\r\n<p><strong>SOFA Cafe<br \/>\r\n<\/strong>33-100 Tarn\u00f3w, ul. Wa\u0142owa 15<br \/>\r\nphone: +48 535 700 408<br \/>\r\n<a href=\"https:\/\/sofatarnow.pl\/\">sofatarnow.pl<\/a><br \/>\r\nupdated: January 2026\u00a0<\/p>\r\n<p>&nbsp;<\/p>\r\n<p><strong>FILI\u017bANKA Cafe<\/strong><br \/>\r\n33-100 Tarn\u00f3w, ul. Bernardy\u0144ska 4<br \/>\r\nphone: <span class=\"x193iq5w xeuugli x13faqbe x1vvkbs x1xmvt09 x1lliihq x1s928wv xhkezso x1gmr53x x1cpjm7i x1fgarty x1943h6x xudqn12 x3x7a5m x6prxxf xvq8zen xo1l8bm xzsf02u x1yc453h\" dir=\"auto\">881 556 643<\/span><br \/>\r\n<a href=\"https:\/\/www.facebook.com\/filizankatarnow?locale=pl_PL\">facebook.com<\/a> \u00a0 <a href=\"mailto:filizankakawiarnia@gmail.com\"><span class=\"x193iq5w xeuugli x13faqbe x1vvkbs x1xmvt09 x1lliihq x1s928wv xhkezso x1gmr53x x1cpjm7i x1fgarty x1943h6x xudqn12 x3x7a5m x6prxxf xvq8zen xo1l8bm xzsf02u x1yc453h\" dir=\"auto\">filizankakawiarnia@gmail.com<\/span><\/a><br \/>\r\nupdated: January 2026\u00a0\u00a0<\/p>\r\n<p>&nbsp;<\/p>\r\n<p><strong>HYBRYDA Cafe<\/strong> <br \/>\r\n33-100 Tarn\u00f3w, Rynek 22<br \/>\r\nphone\/fax: +48 14 627 22 82<br \/>\r\n<a href=\"https:\/\/www.facebook.com\/Hybrydakursy\/\">facebook.com<\/a> <br \/>\r\nupdated: January 2026\u00a0<\/p>\r\n<p>&nbsp;<\/p>\r\n<p><strong>PORTA SEI Caffe and wine lounge<\/strong><br \/>\r\n33-100 Tarn\u00f3w, ul. Sowi\u0144skiego 13<br \/>\r\nphone: + 48 14 656 30 76<br \/>\r\n<a href=\"https:\/\/www.facebook.com\/portasei\">facebook.com<\/a><br \/>\r\nupdated: January 2026\u00a0<\/p>\r\n<p>&nbsp;<\/p>\r\n<p><b>TRAMWAJ Cafe<\/b><br \/>\r\n33-100 Tarn\u00f3w, Plac Sobieskiego 1<br \/>\r\nphone: +48 503 372 329<br \/>\r\n<a class=\"target_blank\" href=\"https:\/\/www.facebook.com\/CafeTramwaj\">facebook.com<\/a> <br \/>\r\nupdated: January 2026\u00a0<\/p>\r\n<p>&nbsp;<\/p>\r\n<p><strong>AMFITEATR Cafe<\/strong><br \/>\r\n33-100 Tarn\u00f3w, ul. Kopernika 2<br \/>\r\n<a href=\"http:\/\/www.facebook.com\/AmfiteatrCafe\/\">facebook.com<\/a><br \/>\r\nupdated: January 2026\u00a0<\/p>\r\n<p>&nbsp;<\/p>\r\n<p><strong>LawenLove Cafe<br \/>\r\n<\/strong>33-100 Tarn\u00f3w, ul. Piekarska 4<br \/>\r\nmobile: +14 511 450 212<br \/>\r\n<a href=\"https:\/\/www.facebook.com\/Lawendove\">facebook.com<\/a><br \/>\r\nupdated: January 2026\u00a0<\/p>\r\n<p>&nbsp;<\/p>\r\n<p><b>LEPRIKON Irish Pub<\/b> <br \/>\r\n33-100 Tarn\u00f3w, Rynek 16<br \/>\r\nphone: +48 607 800 507<br \/>\r\n<a href=\"https:\/\/www.leprikonirish.com\/\">leprikonirish.com<\/a> \u00a0 <a href=\"mailto:leprikonpub@gmail.com\"><span class=\"x193iq5w xeuugli x13faqbe x1vvkbs x1xmvt09 x1lliihq x1s928wv xhkezso x1gmr53x x1cpjm7i x1fgarty x1943h6x xudqn12 x3x7a5m x6prxxf xvq8zen xo1l8bm xzsf02u x1yc453h\" dir=\"auto\">leprikonpub@gmail.com<\/span>\u00a0<\/a> <br \/>\r\nCuisine: Irish, Polish<br \/>\r\nupdated: January 2026\u00a0<\/p>\r\n<p>&nbsp;<\/p>\r\n<p><b>Chili Pub<\/b><br \/>\r\nRynek 16, 33-100 Tarn\u00f3w<br \/>\r\nphone: +48 575 070 800<br \/>\r\n<a href=\"http:\/\/www.facebook.com\/tarnow.chilipub\">facebook.com<\/a> \u00a0 <a href=\"mailto:vidro@gmail.com\">v<span class=\"x193iq5w xeuugli x13faqbe x1vvkbs x1xmvt09 x1lliihq x1s928wv xhkezso x1gmr53x x1cpjm7i x1fgarty x1943h6x xudqn12 x3x7a5m x6prxxf xvq8zen xo1l8bm xzsf02u x1yc453h\" dir=\"auto\">idro@gmail.com<\/span><\/a> <br \/>\r\nupdated:January 2026\u00a0<\/p>\r\n<p>&nbsp;<\/p>\r\n<p><b>PIWIARNIA WARKA<\/b> <b>Pub<\/b><br \/>\r\n33-100 Tarn\u00f3w, Rynek 2<br \/>\r\nphone: +48 14 648 30 30<br \/>\r\n<a href=\"https:\/\/warkatarnow.pl\/\">warkatarnow.pl<\/a><br \/>\r\nCuisine: traditional Polish, world, vegetarian<br \/>\r\nupdated: January 2026\u00a0<\/p>\r\n<p>&nbsp;<\/p>\r\n<p><b>POD ARKADAMI Pub<\/b>\u00a0<br \/>\r\n33-100 Tarn\u00f3w, ul. Wekslarska 2<br \/>\r\nphone: +48 14 688 90 50<br \/>\r\n<a href=\"https:\/\/www.facebook.com\/pod.arkadami.tarnow\/\">facebook.com<\/a> \u00a0 <a href=\"mailto:ygor@poczta.fm\"><span class=\"x193iq5w xeuugli x13faqbe x1vvkbs x1xmvt09 x1lliihq x1s928wv xhkezso x1gmr53x x1cpjm7i x1fgarty x1943h6x xudqn12 x3x7a5m x6prxxf xvq8zen xo1l8bm xzsf02u x1yc453h\" dir=\"auto\">ygor@poczta.fm<\/span><\/a><br \/>\r\nupdated: January 2026\u00a0<\/p>\r\n<p>&nbsp;<\/p>\r\n<p><b>\u015ar\u00f3dmie\u015bcie Pub<\/b><br \/>\r\n33-100 Tarn\u00f3w, Plac Kazimierza Wielkiego 2<br \/>\r\nphone: 604 872 318, 600 745 057<br \/>\r\n<a href=\"http:\/\/www.srodmiesciepub.pl\/\">srodmiesciepub.pl<\/a> \u00a0 <a href=\"mailto:kontakt@srodmiesciepub.pl\">kontakt@srodmiesciepub.pl<\/a> <br \/>\r\nCuisine: world<br \/>\r\nupdated: January 2026\u00a0<\/p>\r\n<p>&nbsp;<\/p>\r\n<p><b>BILA Billiards Club<\/b><br \/>\r\n33-100 Tarn\u00f3w, Urszula\u0144ska 5<br \/>\r\nphone: +48 14 655 60 10 <br \/>\r\n<a href=\"https:\/\/www.facebook.com\/BilaKlubBilardowy\/?locale=pl_PL\">facebook.com<\/a><br \/>\r\nupdated: January 2026\u00a0<\/p>\r\n<p>&nbsp;<\/p>\r\n<p><b>PRZEPRASZAM Student&#8217;s Club<\/b><br \/>\r\n33-100 Tarn\u00f3w, ul. Rynek 17<br \/>\r\nphone: +48 14 626 32 82<br \/>\r\n<a href=\"https:\/\/www.facebook.com\/pubprzepraszam\/\">facebook.com<\/a><br \/>\r\nupdated: January 2026\u00a0<\/p>","protected":false},"excerpt":{"rendered":"&nbsp; Galeria Cafe 33-100 Tarn\u00f3w, Rynek 4 phone: + 48 728 598 699 facebook.com updated: January 2026\u00a0 &nbsp; SOFA Cafe 33-100 Tarn\u00f3w, ul. Wa\u0142owa 15 phone: +48 535 700 408 [&hellip;]","protected":false},"author":1,"featured_media":0,"parent":9771,"menu_order":627,"comment_status":"closed","ping_status":"closed","template":"","meta":{"_acf_changed":false,"footnotes":""},"tags":[],"class_list":["post-9773","page","type-page","status-publish","hentry"],"acf":{"old_object_id":"4509","old_parent_id":"214","old_url":"Restaurants\/Cafes-and-pubs","intro_text":"<p>There are tens of cafes, pubs and restaurants in the Old Town that create city\u2019s specific atmosphere. In the summertime Tarn\u00f3w\u2019s market square turns into one huge caf\u00e9 garden covered with umbrellas. At that time of year falling in love with or in Tarn\u00f3w is dangerously easy. Surrounded by beauty of the renaissance old town, filled with the sounds of live music and entertained by the street-artists one realizes the real meaning of \u201cunique Tarn\u00f3w atmosphere\u201c.<\/p>\n<p>&nbsp;<\/p>\n<p>&nbsp;<\/p>\n<p>&nbsp;<\/p>\n","show_children":"1","class":"folder","type":"single","in_menu":true,"show_date":false,"map":"","old_id":"","rooms_info":"","top_column":"","left_column":"","right_column":"","bottom_column":"","skip_import":false,"_menu_related_id":"96177"},"yoast_head":"<!-- This site is optimized with the Yoast SEO Premium plugin v25.4 (Yoast SEO v25.4) - https:\/\/yoast.com\/wordpress\/plugins\/seo\/ -->\n<title>Cafes and pubs - Tarnowskie Centrum Informacji<\/title>\n<meta name=\"robots\" content=\"index, follow, max-snippet:-1, max-image-preview:large, max-video-preview:-1\" \/>\n<link rel=\"canonical\" href=\"https:\/\/www.it.tarnow.pl\/en\/restaurants\/cafes-and-pubs\/\" \/>\n<meta property=\"og:locale\" content=\"en_US\" \/>\n<meta property=\"og:type\" content=\"article\" \/>\n<meta property=\"og:title\" content=\"Cafes and pubs\" \/>\n<meta property=\"og:description\" content=\"&nbsp; Galeria Cafe 33-100 Tarn\u00f3w, Rynek 4 phone: + 48 728 598 699 facebook.com updated: January 2026\u00a0 &nbsp; SOFA Cafe 33-100 Tarn\u00f3w, ul. Wa\u0142owa 15 phone: +48 535 700 408 [&hellip;]\" \/>\n<meta property=\"og:url\" content=\"https:\/\/www.it.tarnow.pl\/en\/restaurants\/cafes-and-pubs\/\" \/>\n<meta property=\"og:site_name\" content=\"Tarnowskie Centrum Informacji\" \/>\n<meta property=\"article:modified_time\" content=\"2026-01-16T10:52:34+00:00\" \/>\n<meta name=\"twitter:card\" content=\"summary_large_image\" \/>\n<meta name=\"twitter:label1\" content=\"Est. reading time\" \/>\n\t<meta name=\"twitter:data1\" content=\"2 minutes\" \/>\n<script type=\"application\/ld+json\" class=\"yoast-schema-graph\">{\"@context\":\"https:\/\/schema.org\",\"@graph\":[{\"@type\":\"WebPage\",\"@id\":\"https:\/\/www.it.tarnow.pl\/en\/restaurants\/cafes-and-pubs\/\",\"url\":\"https:\/\/www.it.tarnow.pl\/en\/restaurants\/cafes-and-pubs\/\",\"name\":\"Cafes and pubs - Tarnowskie Centrum Informacji\",\"isPartOf\":{\"@id\":\"https:\/\/www.it.tarnow.pl\/#website\"},\"datePublished\":\"2010-06-21T08:29:34+00:00\",\"dateModified\":\"2026-01-16T10:52:34+00:00\",\"breadcrumb\":{\"@id\":\"https:\/\/www.it.tarnow.pl\/en\/restaurants\/cafes-and-pubs\/#breadcrumb\"},\"inLanguage\":\"en-US\",\"potentialAction\":[{\"@type\":\"ReadAction\",\"target\":[\"https:\/\/www.it.tarnow.pl\/en\/restaurants\/cafes-and-pubs\/\"]}]},{\"@type\":\"BreadcrumbList\",\"@id\":\"https:\/\/www.it.tarnow.pl\/en\/restaurants\/cafes-and-pubs\/#breadcrumb\",\"itemListElement\":[{\"@type\":\"ListItem\",\"position\":1,\"name\":\"Home page\",\"item\":\"https:\/\/www.it.tarnow.pl\/en\/\"},{\"@type\":\"ListItem\",\"position\":2,\"name\":\"Restaurants\",\"item\":\"https:\/\/www.it.tarnow.pl\/en\/restaurants\/\"},{\"@type\":\"ListItem\",\"position\":3,\"name\":\"Cafes and pubs\"}]},{\"@type\":\"WebSite\",\"@id\":\"https:\/\/www.it.tarnow.pl\/#website\",\"url\":\"https:\/\/www.it.tarnow.pl\/\",\"name\":\"Tarnowskie Centrum Informacji\",\"description\":\"Informacja turystyczna o Tarnowie i regionie tarnowskim.\",\"potentialAction\":[{\"@type\":\"SearchAction\",\"target\":{\"@type\":\"EntryPoint\",\"urlTemplate\":\"https:\/\/www.it.tarnow.pl\/?s={search_term_string}\"},\"query-input\":{\"@type\":\"PropertyValueSpecification\",\"valueRequired\":true,\"valueName\":\"search_term_string\"}}],\"inLanguage\":\"en-US\"}]}<\/script>\n<!-- \/ Yoast SEO Premium plugin. -->","yoast_head_json":{"title":"Cafes and pubs - Tarnowskie Centrum Informacji","robots":{"index":"index","follow":"follow","max-snippet":"max-snippet:-1","max-image-preview":"max-image-preview:large","max-video-preview":"max-video-preview:-1"},"canonical":"https:\/\/www.it.tarnow.pl\/en\/restaurants\/cafes-and-pubs\/","og_locale":"en_US","og_type":"article","og_title":"Cafes and pubs","og_description":"&nbsp; Galeria Cafe 33-100 Tarn\u00f3w, Rynek 4 phone: + 48 728 598 699 facebook.com updated: January 2026\u00a0 &nbsp; SOFA Cafe 33-100 Tarn\u00f3w, ul. Wa\u0142owa 15 phone: +48 535 700 408 [&hellip;]","og_url":"https:\/\/www.it.tarnow.pl\/en\/restaurants\/cafes-and-pubs\/","og_site_name":"Tarnowskie Centrum Informacji","article_modified_time":"2026-01-16T10:52:34+00:00","twitter_card":"summary_large_image","twitter_misc":{"Est. reading time":"2 minutes"},"schema":{"@context":"https:\/\/schema.org","@graph":[{"@type":"WebPage","@id":"https:\/\/www.it.tarnow.pl\/en\/restaurants\/cafes-and-pubs\/","url":"https:\/\/www.it.tarnow.pl\/en\/restaurants\/cafes-and-pubs\/","name":"Cafes and pubs - Tarnowskie Centrum Informacji","isPartOf":{"@id":"https:\/\/www.it.tarnow.pl\/#website"},"datePublished":"2010-06-21T08:29:34+00:00","dateModified":"2026-01-16T10:52:34+00:00","breadcrumb":{"@id":"https:\/\/www.it.tarnow.pl\/en\/restaurants\/cafes-and-pubs\/#breadcrumb"},"inLanguage":"en-US","potentialAction":[{"@type":"ReadAction","target":["https:\/\/www.it.tarnow.pl\/en\/restaurants\/cafes-and-pubs\/"]}]},{"@type":"BreadcrumbList","@id":"https:\/\/www.it.tarnow.pl\/en\/restaurants\/cafes-and-pubs\/#breadcrumb","itemListElement":[{"@type":"ListItem","position":1,"name":"Home page","item":"https:\/\/www.it.tarnow.pl\/en\/"},{"@type":"ListItem","position":2,"name":"Restaurants","item":"https:\/\/www.it.tarnow.pl\/en\/restaurants\/"},{"@type":"ListItem","position":3,"name":"Cafes and pubs"}]},{"@type":"WebSite","@id":"https:\/\/www.it.tarnow.pl\/#website","url":"https:\/\/www.it.tarnow.pl\/","name":"Tarnowskie Centrum Informacji","description":"Informacja turystyczna o Tarnowie i regionie tarnowskim.","potentialAction":[{"@type":"SearchAction","target":{"@type":"EntryPoint","urlTemplate":"https:\/\/www.it.tarnow.pl\/?s={search_term_string}"},"query-input":{"@type":"PropertyValueSpecification","valueRequired":true,"valueName":"search_term_string"}}],"inLanguage":"en-US"}]}},"_links":{"self":[{"href":"https:\/\/www.it.tarnow.pl\/en\/wp-json\/wp\/v2\/pages\/9773","targetHints":{"allow":["GET"]}}],"collection":[{"href":"https:\/\/www.it.tarnow.pl\/en\/wp-json\/wp\/v2\/pages"}],"about":[{"href":"https:\/\/www.it.tarnow.pl\/en\/wp-json\/wp\/v2\/types\/page"}],"author":[{"embeddable":true,"href":"https:\/\/www.it.tarnow.pl\/en\/wp-json\/wp\/v2\/users\/1"}],"replies":[{"embeddable":true,"href":"https:\/\/www.it.tarnow.pl\/en\/wp-json\/wp\/v2\/comments?post=9773"}],"version-history":[{"count":15,"href":"https:\/\/www.it.tarnow.pl\/en\/wp-json\/wp\/v2\/pages\/9773\/revisions"}],"predecessor-version":[{"id":340266,"href":"https:\/\/www.it.tarnow.pl\/en\/wp-json\/wp\/v2\/pages\/9773\/revisions\/340266"}],"up":[{"embeddable":true,"href":"https:\/\/www.it.tarnow.pl\/en\/wp-json\/wp\/v2\/pages\/9771"}],"wp:attachment":[{"href":"https:\/\/www.it.tarnow.pl\/en\/wp-json\/wp\/v2\/media?parent=9773"}],"wp:term":[{"taxonomy":"post_tag","embeddable":true,"href":"https:\/\/www.it.tarnow.pl\/en\/wp-json\/wp\/v2\/tags?post=9773"}],"curies":[{"name":"wp","href":"https:\/\/api.w.org\/{rel}","templated":true}]}}