{"id":9769,"date":"2010-06-21T09:46:37","date_gmt":"2010-06-21T07:46:37","guid":{"rendered":"http:\/\/www.it.tarnow.pl\/tarnow-region\/"},"modified":"2026-01-16T11:28:36","modified_gmt":"2026-01-16T10:28:36","slug":"tarnow-region","status":"publish","type":"page","link":"https:\/\/www.it.tarnow.pl\/en\/accommodation\/campsites\/tarnow-region\/","title":{"rendered":"Tarn\u00f3w region"},"content":{"rendered":"<p><b>K\u0105pielisko Chorwacja<\/b><br \/>\r\nJurk\u00f3w &#8211; Kamieniec<br \/>\r\n32-860 Czch\u00f3w<br \/>\r\n<a class=\"target_blank\" href=\"http:\/\/www.kapieliskochorwacja.pl\">kapieliskochorwacja.pl<\/a> \u00a0<br \/>\r\ntel: +48 601 550 561<br \/>\r\n<i>updated: January 2026\u00a0<\/i><\/p>\r\n<p><span style=\"text-decoration: underline;\">For tenting only. Bungalows and static caravans on site.<\/span><\/p>","protected":false},"excerpt":{"rendered":"K\u0105pielisko Chorwacja Jurk\u00f3w &#8211; Kamieniec 32-860 Czch\u00f3w kapieliskochorwacja.pl \u00a0 tel: +48 601 550 561 updated: January 2026\u00a0 For tenting only. Bungalows and static caravans on site.","protected":false},"author":1,"featured_media":0,"parent":9767,"menu_order":829,"comment_status":"closed","ping_status":"closed","template":"","meta":{"_acf_changed":false,"footnotes":""},"tags":[],"class_list":["post-9769","page","type-page","status-publish","hentry"],"acf":{"old_object_id":"4504","old_parent_id":"4502","old_url":"Accommodation\/Campsites\/Tarnow-region","intro_text":"","show_children":"1","class":"folder","type":"single","in_menu":true,"show_date":false,"map":"","old_id":"","rooms_info":"","top_column":"","left_column":"","right_column":"","bottom_column":"","skip_import":false,"_menu_related_id":"96147"},"yoast_head":"<!-- This site is optimized with the Yoast SEO Premium plugin v25.4 (Yoast SEO v25.4) - https:\/\/yoast.com\/wordpress\/plugins\/seo\/ -->\n<title>Tarn\u00f3w region - Tarnowskie Centrum Informacji<\/title>\n<meta name=\"robots\" content=\"index, follow, max-snippet:-1, max-image-preview:large, max-video-preview:-1\" \/>\n<link rel=\"canonical\" href=\"https:\/\/www.it.tarnow.pl\/en\/accommodation\/campsites\/tarnow-region\/\" \/>\n<meta property=\"og:locale\" content=\"en_US\" \/>\n<meta property=\"og:type\" content=\"article\" \/>\n<meta property=\"og:title\" content=\"Tarn\u00f3w region\" \/>\n<meta property=\"og:description\" content=\"K\u0105pielisko Chorwacja Jurk\u00f3w &#8211; Kamieniec 32-860 Czch\u00f3w kapieliskochorwacja.pl \u00a0 tel: +48 601 550 561 updated: January 2026\u00a0 For tenting only. Bungalows and static caravans on site.\" \/>\n<meta property=\"og:url\" content=\"https:\/\/www.it.tarnow.pl\/en\/accommodation\/campsites\/tarnow-region\/\" \/>\n<meta property=\"og:site_name\" content=\"Tarnowskie Centrum Informacji\" \/>\n<meta property=\"article:modified_time\" content=\"2026-01-16T10:28:36+00:00\" \/>\n<meta name=\"twitter:card\" content=\"summary_large_image\" \/>\n<meta name=\"twitter:label1\" content=\"Est. reading time\" \/>\n\t<meta name=\"twitter:data1\" content=\"1 minute\" \/>\n<script type=\"application\/ld+json\" class=\"yoast-schema-graph\">{\"@context\":\"https:\/\/schema.org\",\"@graph\":[{\"@type\":\"WebPage\",\"@id\":\"https:\/\/www.it.tarnow.pl\/en\/accommodation\/campsites\/tarnow-region\/\",\"url\":\"https:\/\/www.it.tarnow.pl\/en\/accommodation\/campsites\/tarnow-region\/\",\"name\":\"Tarn\u00f3w region - Tarnowskie Centrum Informacji\",\"isPartOf\":{\"@id\":\"https:\/\/www.it.tarnow.pl\/#website\"},\"datePublished\":\"2010-06-21T07:46:37+00:00\",\"dateModified\":\"2026-01-16T10:28:36+00:00\",\"breadcrumb\":{\"@id\":\"https:\/\/www.it.tarnow.pl\/en\/accommodation\/campsites\/tarnow-region\/#breadcrumb\"},\"inLanguage\":\"en-US\",\"potentialAction\":[{\"@type\":\"ReadAction\",\"target\":[\"https:\/\/www.it.tarnow.pl\/en\/accommodation\/campsites\/tarnow-region\/\"]}]},{\"@type\":\"BreadcrumbList\",\"@id\":\"https:\/\/www.it.tarnow.pl\/en\/accommodation\/campsites\/tarnow-region\/#breadcrumb\",\"itemListElement\":[{\"@type\":\"ListItem\",\"position\":1,\"name\":\"Home page\",\"item\":\"https:\/\/www.it.tarnow.pl\/en\/\"},{\"@type\":\"ListItem\",\"position\":2,\"name\":\"Accommodation\",\"item\":\"https:\/\/www.it.tarnow.pl\/en\/accommodation\/\"},{\"@type\":\"ListItem\",\"position\":3,\"name\":\"Campsites\",\"item\":\"https:\/\/www.it.tarnow.pl\/en\/accommodation\/campsites\/\"},{\"@type\":\"ListItem\",\"position\":4,\"name\":\"Tarn\u00f3w region\"}]},{\"@type\":\"WebSite\",\"@id\":\"https:\/\/www.it.tarnow.pl\/#website\",\"url\":\"https:\/\/www.it.tarnow.pl\/\",\"name\":\"Tarnowskie Centrum Informacji\",\"description\":\"Informacja turystyczna o Tarnowie i regionie tarnowskim.\",\"potentialAction\":[{\"@type\":\"SearchAction\",\"target\":{\"@type\":\"EntryPoint\",\"urlTemplate\":\"https:\/\/www.it.tarnow.pl\/?s={search_term_string}\"},\"query-input\":{\"@type\":\"PropertyValueSpecification\",\"valueRequired\":true,\"valueName\":\"search_term_string\"}}],\"inLanguage\":\"en-US\"}]}<\/script>\n<!-- \/ Yoast SEO Premium plugin. -->","yoast_head_json":{"title":"Tarn\u00f3w region - Tarnowskie Centrum Informacji","robots":{"index":"index","follow":"follow","max-snippet":"max-snippet:-1","max-image-preview":"max-image-preview:large","max-video-preview":"max-video-preview:-1"},"canonical":"https:\/\/www.it.tarnow.pl\/en\/accommodation\/campsites\/tarnow-region\/","og_locale":"en_US","og_type":"article","og_title":"Tarn\u00f3w region","og_description":"K\u0105pielisko Chorwacja Jurk\u00f3w &#8211; Kamieniec 32-860 Czch\u00f3w kapieliskochorwacja.pl \u00a0 tel: +48 601 550 561 updated: January 2026\u00a0 For tenting only. Bungalows and static caravans on site.","og_url":"https:\/\/www.it.tarnow.pl\/en\/accommodation\/campsites\/tarnow-region\/","og_site_name":"Tarnowskie Centrum Informacji","article_modified_time":"2026-01-16T10:28:36+00:00","twitter_card":"summary_large_image","twitter_misc":{"Est. reading time":"1 minute"},"schema":{"@context":"https:\/\/schema.org","@graph":[{"@type":"WebPage","@id":"https:\/\/www.it.tarnow.pl\/en\/accommodation\/campsites\/tarnow-region\/","url":"https:\/\/www.it.tarnow.pl\/en\/accommodation\/campsites\/tarnow-region\/","name":"Tarn\u00f3w region - Tarnowskie Centrum Informacji","isPartOf":{"@id":"https:\/\/www.it.tarnow.pl\/#website"},"datePublished":"2010-06-21T07:46:37+00:00","dateModified":"2026-01-16T10:28:36+00:00","breadcrumb":{"@id":"https:\/\/www.it.tarnow.pl\/en\/accommodation\/campsites\/tarnow-region\/#breadcrumb"},"inLanguage":"en-US","potentialAction":[{"@type":"ReadAction","target":["https:\/\/www.it.tarnow.pl\/en\/accommodation\/campsites\/tarnow-region\/"]}]},{"@type":"BreadcrumbList","@id":"https:\/\/www.it.tarnow.pl\/en\/accommodation\/campsites\/tarnow-region\/#breadcrumb","itemListElement":[{"@type":"ListItem","position":1,"name":"Home page","item":"https:\/\/www.it.tarnow.pl\/en\/"},{"@type":"ListItem","position":2,"name":"Accommodation","item":"https:\/\/www.it.tarnow.pl\/en\/accommodation\/"},{"@type":"ListItem","position":3,"name":"Campsites","item":"https:\/\/www.it.tarnow.pl\/en\/accommodation\/campsites\/"},{"@type":"ListItem","position":4,"name":"Tarn\u00f3w region"}]},{"@type":"WebSite","@id":"https:\/\/www.it.tarnow.pl\/#website","url":"https:\/\/www.it.tarnow.pl\/","name":"Tarnowskie Centrum Informacji","description":"Informacja turystyczna o Tarnowie i regionie tarnowskim.","potentialAction":[{"@type":"SearchAction","target":{"@type":"EntryPoint","urlTemplate":"https:\/\/www.it.tarnow.pl\/?s={search_term_string}"},"query-input":{"@type":"PropertyValueSpecification","valueRequired":true,"valueName":"search_term_string"}}],"inLanguage":"en-US"}]}},"_links":{"self":[{"href":"https:\/\/www.it.tarnow.pl\/en\/wp-json\/wp\/v2\/pages\/9769","targetHints":{"allow":["GET"]}}],"collection":[{"href":"https:\/\/www.it.tarnow.pl\/en\/wp-json\/wp\/v2\/pages"}],"about":[{"href":"https:\/\/www.it.tarnow.pl\/en\/wp-json\/wp\/v2\/types\/page"}],"author":[{"embeddable":true,"href":"https:\/\/www.it.tarnow.pl\/en\/wp-json\/wp\/v2\/users\/1"}],"replies":[{"embeddable":true,"href":"https:\/\/www.it.tarnow.pl\/en\/wp-json\/wp\/v2\/comments?post=9769"}],"version-history":[{"count":3,"href":"https:\/\/www.it.tarnow.pl\/en\/wp-json\/wp\/v2\/pages\/9769\/revisions"}],"predecessor-version":[{"id":340251,"href":"https:\/\/www.it.tarnow.pl\/en\/wp-json\/wp\/v2\/pages\/9769\/revisions\/340251"}],"up":[{"embeddable":true,"href":"https:\/\/www.it.tarnow.pl\/en\/wp-json\/wp\/v2\/pages\/9767"}],"wp:attachment":[{"href":"https:\/\/www.it.tarnow.pl\/en\/wp-json\/wp\/v2\/media?parent=9769"}],"wp:term":[{"taxonomy":"post_tag","embeddable":true,"href":"https:\/\/www.it.tarnow.pl\/en\/wp-json\/wp\/v2\/tags?post=9769"}],"curies":[{"name":"wp","href":"https:\/\/api.w.org\/{rel}","templated":true}]}}