{"id":9766,"date":"2010-06-21T09:00:32","date_gmt":"2010-06-21T07:00:32","guid":{"rendered":"http:\/\/www.it.tarnow.pl\/tarnow-region\/"},"modified":"2026-01-16T11:24:35","modified_gmt":"2026-01-16T10:24:35","slug":"tarnow-region","status":"publish","type":"page","link":"https:\/\/www.it.tarnow.pl\/en\/accommodation\/hostels-and-dormitories\/tarnow-region\/","title":{"rendered":"Tarn\u00f3w region"},"content":{"rendered":"<p>&nbsp;<\/p>\r\n<h3>DISTRICT TARN\u00d3W<\/h3>\r\n<p>&nbsp;<\/p>\r\n<p><strong>Bac\u00f3wka Brzanka<\/strong><br \/>\r\nJod\u0142\u00f3wka Tuchowska 125, 33-173 Jod\u0142\u00f3wka Tuchowska <br \/>\r\nphone: +48 14 652 68 02 <br \/>\r\n<a href=\"https:\/\/brzanka.pl\/\">brzanka.pl<\/a> \u00a0\u00a0<a href=\"mailto:recepcja@brzanka.pl\">recepcja@brzanka.pl<\/a> <br \/>\r\n<em>updated: January 2026<\/em><\/p>\r\n<p>&nbsp;<\/p>\r\n<p><strong>Schronisko &#8220;Bac\u00f3wka na Jamnej&#8221;<\/strong><br \/>\r\nJamna 46, 32-842 Pale\u015bnica <br \/>\r\nmobile: +48 517 340 735, +48 512 189 600<br \/>\r\n<a href=\"http:\/\/bacowkajamna.pl\/\">bacowkajamna.pl<\/a> \u00a0\u00a0<a href=\"mailto:kontakt@bacowkajamna.pl\">kontakt@bacowkajamna.pl<\/a><br \/>\r\n<em>updated: January 2026<\/em><\/p>\r\n<p>&nbsp;<\/p>\r\n<p><strong>Szkolne Schronisko M\u0142odzie\u017cowe <\/strong><br \/>\r\nul. \u015aw. Andrzeja 6, 33-190 Ci\u0119\u017ckowice <br \/>\r\nphone: +48 668 708 069 <br \/>\r\n<a href=\"http:\/\/www.schronisko.ciezkowice.com\/\">schronisko.ciezkowice.com<\/a> \u00a0 <a href=\"mailto:kp.ssmciezkowice@interia.pl\">kp.ssmciezkowice@interia.pl<\/a> <br \/>\r\n<em>updated: January 2026<\/em><\/p>\r\n<p>&nbsp;<\/p>\r\n<p>&nbsp;<\/p>\r\n<h3>DISTRICT BOCHNIA<\/h3>\r\n<p>&nbsp;<\/p>\r\n<p><strong>Dom Pielgrzyma w Bochni<\/strong> <br \/>\r\nul. Stasiaka 10, 32-700 Bochnia <br \/>\r\nphone: +48 14 612 21 95<br \/>\r\n<a href=\"mailto:bursa.bochnia@gmail.com\">bursa.bochnia@gmail.com<\/a> <br \/>\r\n<em>updated: January 2026<\/em><\/p>\r\n<p>&nbsp;<\/p>\r\n<p><strong>Szkolne Schronisko M\u0142odzie\u017cowe<\/strong> * <br \/>\r\nRozdziele 194, 32-731 \u017begocina <br \/>\r\nphone\/fax: +48 14 613 30 87, mobile: +48 504 864 631<br \/>\r\n<a href=\"http:\/\/www.schronisko.rozdziele.pl\/\">schronisko.rozdziele.pl<\/a> \u00a0 <a href=\"mailto:schronisko@rozdziele.pl\">schronisko@rozdziele.pl<\/a> <br \/>\r\n<em>updated: January 2026\u00a0<\/em><\/p>\r\n<p>&nbsp;<\/p>\r\n<p>&nbsp;<\/p>\r\n<h3>DISTRIC BRZESKO<\/h3>\r\n<p>&nbsp;<\/p>\r\n<p><strong>Szkolne Schronisko M\u0142odzie\u017cowe<\/strong><br \/>\r\nul. Piastowska 2b, 32-800 Brzesko <br \/>\r\nphone\/fax: +48 14 663 00 63, +48 14 652 03 40<br \/>\r\n<a href=\"http:\/\/www.ssm-brzesko.pl\/\">ssm-brzesko.pl<\/a> \u00a0 <a href=\"http:\/\/www.ssm-brzesko.pl\/\">recepcja@ssm-brzesko.pl\u00a0<\/a> <br \/>\r\n<em>updated: January 2026<\/em><\/p>\r\n<p>&nbsp;<\/p>\r\n<p>&nbsp;<\/p>\r\n<h3>DISTRICT D\u0118BICA<\/h3>\r\n<p>&nbsp;<\/p>\r\n<p><strong>Szkolne Schronisko M\u0142odzie\u017cowe &#8220;Rozdzielnia Wiatr\u00f3w&#8221;<\/strong> <br \/>\r\nG\u0142obikowa 81 c, 39-210 D\u0119bica <br \/>\r\nphone\/fax: +48 14 681 67 69, mobile: +48 606 182 439 <br \/>\r\n<a href=\"https:\/\/globikowa.ugdebica.pl\/szkolne-schronisko-mlodziezowe\">globikowa.republika.pl<\/a> \u00a0\u00a0<a href=\"mailto:wadas@wp.pl\">wadas@wp.pl<\/a> <br \/>\r\n<em>updated: January 2026\u00a0<\/em><\/p>\r\n<p>&nbsp;<\/p>\r\n<p>&nbsp;<\/p>\r\n<h3>DISTRICT D\u0104BROWA TARNOWSKA<\/h3>\r\n<p>&nbsp;<\/p>\r\n<p><strong>Szkolne Schronisko M\u0142odzie\u017cowe<\/strong><br \/>\r\nul. Pi\u0142sudskiego 44, 33-200 D\u0105browa Tarnowska<br \/>\r\nphone: +48 14 642 23 94<br \/>\r\n<a href=\"https:\/\/lo-dabrowa-tarnowska.pl\/\">lo-dabrowa-tarnowska.pl<\/a> \u00a0 <a href=\"mailto:1lo.dabrowa@gmail.com\">1lo.dabrowa@gmail.com<\/a><br \/>\r\n<em>updated: January 2026\u00a0<\/em><\/p>\r\n<p>&nbsp;<\/p>\r\n<p>&nbsp;<\/p>\r\n<h3>DISTRICT GORLICE<\/h3>\r\n<p>&nbsp;<\/p>\r\n<p><strong>Szkolne Schronisko M\u0142odzie\u017cowe<\/strong><br \/>\r\nul. Parkowa 1, 38-340 Biecz<br \/>\r\nphone\/fax: +48 13 447 10 14<br \/>\r\n<a href=\"https:\/\/www.pzpobiecz.pl\/\">pzpobiecz.pl<\/a> \u00a0\u00a0<a href=\"mailto:ssmbiecz@pzpobiecz.pl\">ssmbiecz@pzpobiecz.pl<\/a> <br \/>\r\n<em>updated: January 2026\u00a0<\/em><\/p>\r\n<p>&nbsp;<\/p>\r\n<p><strong>Szkolne Schronisko M\u0142odzie\u017cowe<\/strong><br \/>\r\nBobowa 131, 38-350 Bobowa<br \/>\r\nphone: +48 18 35 14 010<br \/>\r\n<a href=\"https:\/\/zsz.bobowa.pl\/\">zsz.bobowa.pl<\/a> \u00a0\u00a0 <a href=\"mailto:sekretariat@zsz.bobowa.pl\">sekretariat@zsz.bobowa.pl<\/a> <br \/>\r\n<em>updated: January 2026\u00a0<\/em><\/p>","protected":false},"excerpt":{"rendered":"&nbsp; DISTRICT TARN\u00d3W &nbsp; Bac\u00f3wka Brzanka Jod\u0142\u00f3wka Tuchowska 125, 33-173 Jod\u0142\u00f3wka Tuchowska phone: +48 14 652 68 02 brzanka.pl \u00a0\u00a0recepcja@brzanka.pl updated: January 2026 &nbsp; Schronisko &#8220;Bac\u00f3wka na Jamnej&#8221; Jamna 46, [&hellip;]","protected":false},"author":1,"featured_media":0,"parent":9764,"menu_order":828,"comment_status":"closed","ping_status":"closed","template":"","meta":{"_acf_changed":false,"footnotes":""},"tags":[],"class_list":["post-9766","page","type-page","status-publish","hentry"],"acf":{"old_object_id":"4498","old_parent_id":"4496","old_url":"Accommodation\/Hostels-and-dormitories\/Tarnow-region","intro_text":"","show_children":"1","class":"folder","type":"single","in_menu":true,"show_date":false,"map":"","old_id":"","rooms_info":"","top_column":"","left_column":"","right_column":"","bottom_column":"","skip_import":false,"_menu_related_id":"96150"},"yoast_head":"<!-- This site is optimized with the Yoast SEO Premium plugin v25.4 (Yoast SEO v25.4) - https:\/\/yoast.com\/wordpress\/plugins\/seo\/ -->\n<title>Tarn\u00f3w region - Tarnowskie Centrum Informacji<\/title>\n<meta name=\"robots\" content=\"index, follow, max-snippet:-1, max-image-preview:large, max-video-preview:-1\" \/>\n<link rel=\"canonical\" href=\"https:\/\/www.it.tarnow.pl\/en\/accommodation\/hostels-and-dormitories\/tarnow-region\/\" \/>\n<meta property=\"og:locale\" content=\"en_US\" \/>\n<meta property=\"og:type\" content=\"article\" \/>\n<meta property=\"og:title\" content=\"Tarn\u00f3w region\" \/>\n<meta property=\"og:description\" content=\"&nbsp; DISTRICT TARN\u00d3W &nbsp; Bac\u00f3wka Brzanka Jod\u0142\u00f3wka Tuchowska 125, 33-173 Jod\u0142\u00f3wka Tuchowska phone: +48 14 652 68 02 brzanka.pl \u00a0\u00a0recepcja@brzanka.pl updated: January 2026 &nbsp; Schronisko &#8220;Bac\u00f3wka na Jamnej&#8221; Jamna 46, [&hellip;]\" \/>\n<meta property=\"og:url\" content=\"https:\/\/www.it.tarnow.pl\/en\/accommodation\/hostels-and-dormitories\/tarnow-region\/\" \/>\n<meta property=\"og:site_name\" content=\"Tarnowskie Centrum Informacji\" \/>\n<meta property=\"article:modified_time\" content=\"2026-01-16T10:24:35+00:00\" \/>\n<meta name=\"twitter:card\" content=\"summary_large_image\" \/>\n<meta name=\"twitter:label1\" content=\"Est. reading time\" \/>\n\t<meta name=\"twitter:data1\" content=\"2 minutes\" \/>\n<script type=\"application\/ld+json\" class=\"yoast-schema-graph\">{\"@context\":\"https:\/\/schema.org\",\"@graph\":[{\"@type\":\"WebPage\",\"@id\":\"https:\/\/www.it.tarnow.pl\/en\/accommodation\/hostels-and-dormitories\/tarnow-region\/\",\"url\":\"https:\/\/www.it.tarnow.pl\/en\/accommodation\/hostels-and-dormitories\/tarnow-region\/\",\"name\":\"Tarn\u00f3w region - Tarnowskie Centrum Informacji\",\"isPartOf\":{\"@id\":\"https:\/\/www.it.tarnow.pl\/#website\"},\"datePublished\":\"2010-06-21T07:00:32+00:00\",\"dateModified\":\"2026-01-16T10:24:35+00:00\",\"breadcrumb\":{\"@id\":\"https:\/\/www.it.tarnow.pl\/en\/accommodation\/hostels-and-dormitories\/tarnow-region\/#breadcrumb\"},\"inLanguage\":\"en-US\",\"potentialAction\":[{\"@type\":\"ReadAction\",\"target\":[\"https:\/\/www.it.tarnow.pl\/en\/accommodation\/hostels-and-dormitories\/tarnow-region\/\"]}]},{\"@type\":\"BreadcrumbList\",\"@id\":\"https:\/\/www.it.tarnow.pl\/en\/accommodation\/hostels-and-dormitories\/tarnow-region\/#breadcrumb\",\"itemListElement\":[{\"@type\":\"ListItem\",\"position\":1,\"name\":\"Home page\",\"item\":\"https:\/\/www.it.tarnow.pl\/en\/\"},{\"@type\":\"ListItem\",\"position\":2,\"name\":\"Accommodation\",\"item\":\"https:\/\/www.it.tarnow.pl\/en\/accommodation\/\"},{\"@type\":\"ListItem\",\"position\":3,\"name\":\"Hostels and dormitories\",\"item\":\"https:\/\/www.it.tarnow.pl\/en\/accommodation\/hostels-and-dormitories\/\"},{\"@type\":\"ListItem\",\"position\":4,\"name\":\"Tarn\u00f3w region\"}]},{\"@type\":\"WebSite\",\"@id\":\"https:\/\/www.it.tarnow.pl\/#website\",\"url\":\"https:\/\/www.it.tarnow.pl\/\",\"name\":\"Tarnowskie Centrum Informacji\",\"description\":\"Informacja turystyczna o Tarnowie i regionie tarnowskim.\",\"potentialAction\":[{\"@type\":\"SearchAction\",\"target\":{\"@type\":\"EntryPoint\",\"urlTemplate\":\"https:\/\/www.it.tarnow.pl\/?s={search_term_string}\"},\"query-input\":{\"@type\":\"PropertyValueSpecification\",\"valueRequired\":true,\"valueName\":\"search_term_string\"}}],\"inLanguage\":\"en-US\"}]}<\/script>\n<!-- \/ Yoast SEO Premium plugin. -->","yoast_head_json":{"title":"Tarn\u00f3w region - Tarnowskie Centrum Informacji","robots":{"index":"index","follow":"follow","max-snippet":"max-snippet:-1","max-image-preview":"max-image-preview:large","max-video-preview":"max-video-preview:-1"},"canonical":"https:\/\/www.it.tarnow.pl\/en\/accommodation\/hostels-and-dormitories\/tarnow-region\/","og_locale":"en_US","og_type":"article","og_title":"Tarn\u00f3w region","og_description":"&nbsp; DISTRICT TARN\u00d3W &nbsp; Bac\u00f3wka Brzanka Jod\u0142\u00f3wka Tuchowska 125, 33-173 Jod\u0142\u00f3wka Tuchowska phone: +48 14 652 68 02 brzanka.pl \u00a0\u00a0recepcja@brzanka.pl updated: January 2026 &nbsp; Schronisko &#8220;Bac\u00f3wka na Jamnej&#8221; Jamna 46, [&hellip;]","og_url":"https:\/\/www.it.tarnow.pl\/en\/accommodation\/hostels-and-dormitories\/tarnow-region\/","og_site_name":"Tarnowskie Centrum Informacji","article_modified_time":"2026-01-16T10:24:35+00:00","twitter_card":"summary_large_image","twitter_misc":{"Est. reading time":"2 minutes"},"schema":{"@context":"https:\/\/schema.org","@graph":[{"@type":"WebPage","@id":"https:\/\/www.it.tarnow.pl\/en\/accommodation\/hostels-and-dormitories\/tarnow-region\/","url":"https:\/\/www.it.tarnow.pl\/en\/accommodation\/hostels-and-dormitories\/tarnow-region\/","name":"Tarn\u00f3w region - Tarnowskie Centrum Informacji","isPartOf":{"@id":"https:\/\/www.it.tarnow.pl\/#website"},"datePublished":"2010-06-21T07:00:32+00:00","dateModified":"2026-01-16T10:24:35+00:00","breadcrumb":{"@id":"https:\/\/www.it.tarnow.pl\/en\/accommodation\/hostels-and-dormitories\/tarnow-region\/#breadcrumb"},"inLanguage":"en-US","potentialAction":[{"@type":"ReadAction","target":["https:\/\/www.it.tarnow.pl\/en\/accommodation\/hostels-and-dormitories\/tarnow-region\/"]}]},{"@type":"BreadcrumbList","@id":"https:\/\/www.it.tarnow.pl\/en\/accommodation\/hostels-and-dormitories\/tarnow-region\/#breadcrumb","itemListElement":[{"@type":"ListItem","position":1,"name":"Home page","item":"https:\/\/www.it.tarnow.pl\/en\/"},{"@type":"ListItem","position":2,"name":"Accommodation","item":"https:\/\/www.it.tarnow.pl\/en\/accommodation\/"},{"@type":"ListItem","position":3,"name":"Hostels and dormitories","item":"https:\/\/www.it.tarnow.pl\/en\/accommodation\/hostels-and-dormitories\/"},{"@type":"ListItem","position":4,"name":"Tarn\u00f3w region"}]},{"@type":"WebSite","@id":"https:\/\/www.it.tarnow.pl\/#website","url":"https:\/\/www.it.tarnow.pl\/","name":"Tarnowskie Centrum Informacji","description":"Informacja turystyczna o Tarnowie i regionie tarnowskim.","potentialAction":[{"@type":"SearchAction","target":{"@type":"EntryPoint","urlTemplate":"https:\/\/www.it.tarnow.pl\/?s={search_term_string}"},"query-input":{"@type":"PropertyValueSpecification","valueRequired":true,"valueName":"search_term_string"}}],"inLanguage":"en-US"}]}},"_links":{"self":[{"href":"https:\/\/www.it.tarnow.pl\/en\/wp-json\/wp\/v2\/pages\/9766","targetHints":{"allow":["GET"]}}],"collection":[{"href":"https:\/\/www.it.tarnow.pl\/en\/wp-json\/wp\/v2\/pages"}],"about":[{"href":"https:\/\/www.it.tarnow.pl\/en\/wp-json\/wp\/v2\/types\/page"}],"author":[{"embeddable":true,"href":"https:\/\/www.it.tarnow.pl\/en\/wp-json\/wp\/v2\/users\/1"}],"replies":[{"embeddable":true,"href":"https:\/\/www.it.tarnow.pl\/en\/wp-json\/wp\/v2\/comments?post=9766"}],"version-history":[{"count":6,"href":"https:\/\/www.it.tarnow.pl\/en\/wp-json\/wp\/v2\/pages\/9766\/revisions"}],"predecessor-version":[{"id":340249,"href":"https:\/\/www.it.tarnow.pl\/en\/wp-json\/wp\/v2\/pages\/9766\/revisions\/340249"}],"up":[{"embeddable":true,"href":"https:\/\/www.it.tarnow.pl\/en\/wp-json\/wp\/v2\/pages\/9764"}],"wp:attachment":[{"href":"https:\/\/www.it.tarnow.pl\/en\/wp-json\/wp\/v2\/media?parent=9766"}],"wp:term":[{"taxonomy":"post_tag","embeddable":true,"href":"https:\/\/www.it.tarnow.pl\/en\/wp-json\/wp\/v2\/tags?post=9766"}],"curies":[{"name":"wp","href":"https:\/\/api.w.org\/{rel}","templated":true}]}}