{"id":9765,"date":"2010-06-21T08:58:08","date_gmt":"2010-06-21T06:58:08","guid":{"rendered":"http:\/\/www.it.tarnow.pl\/tarnow-city\/"},"modified":"2026-01-16T11:19:10","modified_gmt":"2026-01-16T10:19:10","slug":"tarnow-city","status":"publish","type":"page","link":"https:\/\/www.it.tarnow.pl\/en\/accommodation\/hostels-and-dormitories\/tarnow-city\/","title":{"rendered":"Tarn\u00f3w city"},"content":{"rendered":"<p>&nbsp;<\/p>\r\n<div>\r\n<table style=\"border-collapse: collapse; width: 100%; height: 809px;\">\r\n<tbody>\r\n<tr style=\"height: 208px;\">\r\n<td style=\"width: 100%; height: 208px;\"><strong>OHP <\/strong><br \/>\r\nul. Mo\u015bcickiego 27, 33-100 Tarn\u00f3w <br \/>\r\nphone\/fax: +48 14 627 38 79<br \/>\r\n<a href=\"http:\/\/www.ckiw-tarnow.ohp.pl\/\">ckiw-tarnow.ohp.pl<\/a> \u00a0\u00a0<a href=\"mailto:rezerwacje@ckiw-tarnow.ohp.pl\">rezerwacje@ckiw-tarnow.ohp.pl<\/a><br \/>\r\n<em>updated: January 2026\u00a0<\/em><\/td>\r\n<\/tr>\r\n<tr style=\"height: 203px;\">\r\n<td style=\"width: 100%; height: 203px;\">\r\n<div><strong>Dom Studenta<\/strong><br \/>\r\nul. S\u0142owackiego 7, 33-100 Tarn\u00f3w <br \/>\r\nphone\/fax: +48 14 631 69 01<\/div>\r\n<div><a href=\"https:\/\/anstar.edu.pl\/jednostki\/dom-studenta\/\">anstar.edu.pl\/jednostki\/dom-studenta\/<\/a><br \/>\r\n<em>updated: January 2026<\/em><\/div>\r\n<\/td>\r\n<\/tr>\r\n<tr style=\"height: 206px;\">\r\n<td style=\"width: 100%; height: 206px;\"><strong>Dom Studenta &#8220;Karabela&#8221;<\/strong><br \/>\r\nal. Piaskowa 10, 33-100 Tarn\u00f3w <br \/>\r\nphone\/fax: +48 14 627 38 99 mobile: 515 575 409<br \/>\r\n<a href=\"http:\/\/www.karabela-malopolska.timi.pl\/\">karabela-malopolska.timi.pl<\/a> \u00a0 <a href=\"mailto:pw-karabela@wp.pl\">pw-karabela@wp.pl<\/a><br \/>\r\n<em>updated: January 2026<\/em><\/td>\r\n<\/tr>\r\n<tr style=\"height: 192px;\">\r\n<td style=\"width: 100%; height: 192px;\"><strong>Inka Hostel<\/strong><br \/>\r\nul. Dobrza\u0144skiego 6, 33-100 Tarn\u00f3w<br \/>\r\nphone\/fax: +48 14 626 72 12; mobile: +48 605 960 750<br \/>\r\n<a href=\"http:\/\/www.hostel-inka.pl\/\">hostel-inka.pl<\/a> \u00a0\u00a0<a href=\"mailto:kontakt@hostel-inka.pl\">kontakt@hostel-inka.pl<\/a><br \/>\r\n<em>updated: January 2026\u00a0<\/em><\/td>\r\n<\/tr>\r\n<\/tbody>\r\n<\/table>\r\n<\/div>\r\n<div><\/div>","protected":false},"excerpt":{"rendered":"&nbsp; OHP ul. Mo\u015bcickiego 27, 33-100 Tarn\u00f3w phone\/fax: +48 14 627 38 79 ckiw-tarnow.ohp.pl \u00a0\u00a0rezerwacje@ckiw-tarnow.ohp.pl updated: January 2026\u00a0 Dom Studenta ul. S\u0142owackiego 7, 33-100 Tarn\u00f3w phone\/fax: +48 14 631 69 [&hellip;]","protected":false},"author":1,"featured_media":0,"parent":9764,"menu_order":822,"comment_status":"closed","ping_status":"closed","template":"","meta":{"_acf_changed":false,"footnotes":""},"tags":[],"class_list":["post-9765","page","type-page","status-publish","hentry"],"acf":{"old_object_id":"4497","old_parent_id":"4496","old_url":"Accommodation\/Hostels-and-dormitories\/Tarnow-city","intro_text":"","show_children":"1","class":"folder","type":"single","in_menu":true,"show_date":false,"map":"","old_id":"","rooms_info":"","top_column":"","left_column":"","right_column":"","bottom_column":"","skip_import":false,"_menu_related_id":"96149"},"yoast_head":"<!-- This site is optimized with the Yoast SEO Premium plugin v25.4 (Yoast SEO v25.4) - https:\/\/yoast.com\/wordpress\/plugins\/seo\/ -->\n<title>Tarn\u00f3w city - Tarnowskie Centrum Informacji<\/title>\n<meta name=\"robots\" content=\"index, follow, max-snippet:-1, max-image-preview:large, max-video-preview:-1\" \/>\n<link rel=\"canonical\" href=\"https:\/\/www.it.tarnow.pl\/en\/accommodation\/hostels-and-dormitories\/tarnow-city\/\" \/>\n<meta property=\"og:locale\" content=\"en_US\" \/>\n<meta property=\"og:type\" content=\"article\" \/>\n<meta property=\"og:title\" content=\"Tarn\u00f3w city\" \/>\n<meta property=\"og:description\" content=\"&nbsp; OHP ul. Mo\u015bcickiego 27, 33-100 Tarn\u00f3w phone\/fax: +48 14 627 38 79 ckiw-tarnow.ohp.pl \u00a0\u00a0rezerwacje@ckiw-tarnow.ohp.pl updated: January 2026\u00a0 Dom Studenta ul. S\u0142owackiego 7, 33-100 Tarn\u00f3w phone\/fax: +48 14 631 69 [&hellip;]\" \/>\n<meta property=\"og:url\" content=\"https:\/\/www.it.tarnow.pl\/en\/accommodation\/hostels-and-dormitories\/tarnow-city\/\" \/>\n<meta property=\"og:site_name\" content=\"Tarnowskie Centrum Informacji\" \/>\n<meta property=\"article:modified_time\" content=\"2026-01-16T10:19:10+00:00\" \/>\n<meta name=\"twitter:card\" content=\"summary_large_image\" \/>\n<meta name=\"twitter:label1\" content=\"Est. reading time\" \/>\n\t<meta name=\"twitter:data1\" content=\"1 minute\" \/>\n<script type=\"application\/ld+json\" class=\"yoast-schema-graph\">{\"@context\":\"https:\/\/schema.org\",\"@graph\":[{\"@type\":\"WebPage\",\"@id\":\"https:\/\/www.it.tarnow.pl\/en\/accommodation\/hostels-and-dormitories\/tarnow-city\/\",\"url\":\"https:\/\/www.it.tarnow.pl\/en\/accommodation\/hostels-and-dormitories\/tarnow-city\/\",\"name\":\"Tarn\u00f3w city - Tarnowskie Centrum Informacji\",\"isPartOf\":{\"@id\":\"https:\/\/www.it.tarnow.pl\/#website\"},\"datePublished\":\"2010-06-21T06:58:08+00:00\",\"dateModified\":\"2026-01-16T10:19:10+00:00\",\"breadcrumb\":{\"@id\":\"https:\/\/www.it.tarnow.pl\/en\/accommodation\/hostels-and-dormitories\/tarnow-city\/#breadcrumb\"},\"inLanguage\":\"en-US\",\"potentialAction\":[{\"@type\":\"ReadAction\",\"target\":[\"https:\/\/www.it.tarnow.pl\/en\/accommodation\/hostels-and-dormitories\/tarnow-city\/\"]}]},{\"@type\":\"BreadcrumbList\",\"@id\":\"https:\/\/www.it.tarnow.pl\/en\/accommodation\/hostels-and-dormitories\/tarnow-city\/#breadcrumb\",\"itemListElement\":[{\"@type\":\"ListItem\",\"position\":1,\"name\":\"Home page\",\"item\":\"https:\/\/www.it.tarnow.pl\/en\/\"},{\"@type\":\"ListItem\",\"position\":2,\"name\":\"Accommodation\",\"item\":\"https:\/\/www.it.tarnow.pl\/en\/accommodation\/\"},{\"@type\":\"ListItem\",\"position\":3,\"name\":\"Hostels and dormitories\",\"item\":\"https:\/\/www.it.tarnow.pl\/en\/accommodation\/hostels-and-dormitories\/\"},{\"@type\":\"ListItem\",\"position\":4,\"name\":\"Tarn\u00f3w city\"}]},{\"@type\":\"WebSite\",\"@id\":\"https:\/\/www.it.tarnow.pl\/#website\",\"url\":\"https:\/\/www.it.tarnow.pl\/\",\"name\":\"Tarnowskie Centrum Informacji\",\"description\":\"Informacja turystyczna o Tarnowie i regionie tarnowskim.\",\"potentialAction\":[{\"@type\":\"SearchAction\",\"target\":{\"@type\":\"EntryPoint\",\"urlTemplate\":\"https:\/\/www.it.tarnow.pl\/?s={search_term_string}\"},\"query-input\":{\"@type\":\"PropertyValueSpecification\",\"valueRequired\":true,\"valueName\":\"search_term_string\"}}],\"inLanguage\":\"en-US\"}]}<\/script>\n<!-- \/ Yoast SEO Premium plugin. -->","yoast_head_json":{"title":"Tarn\u00f3w city - Tarnowskie Centrum Informacji","robots":{"index":"index","follow":"follow","max-snippet":"max-snippet:-1","max-image-preview":"max-image-preview:large","max-video-preview":"max-video-preview:-1"},"canonical":"https:\/\/www.it.tarnow.pl\/en\/accommodation\/hostels-and-dormitories\/tarnow-city\/","og_locale":"en_US","og_type":"article","og_title":"Tarn\u00f3w city","og_description":"&nbsp; OHP ul. Mo\u015bcickiego 27, 33-100 Tarn\u00f3w phone\/fax: +48 14 627 38 79 ckiw-tarnow.ohp.pl \u00a0\u00a0rezerwacje@ckiw-tarnow.ohp.pl updated: January 2026\u00a0 Dom Studenta ul. S\u0142owackiego 7, 33-100 Tarn\u00f3w phone\/fax: +48 14 631 69 [&hellip;]","og_url":"https:\/\/www.it.tarnow.pl\/en\/accommodation\/hostels-and-dormitories\/tarnow-city\/","og_site_name":"Tarnowskie Centrum Informacji","article_modified_time":"2026-01-16T10:19:10+00:00","twitter_card":"summary_large_image","twitter_misc":{"Est. reading time":"1 minute"},"schema":{"@context":"https:\/\/schema.org","@graph":[{"@type":"WebPage","@id":"https:\/\/www.it.tarnow.pl\/en\/accommodation\/hostels-and-dormitories\/tarnow-city\/","url":"https:\/\/www.it.tarnow.pl\/en\/accommodation\/hostels-and-dormitories\/tarnow-city\/","name":"Tarn\u00f3w city - Tarnowskie Centrum Informacji","isPartOf":{"@id":"https:\/\/www.it.tarnow.pl\/#website"},"datePublished":"2010-06-21T06:58:08+00:00","dateModified":"2026-01-16T10:19:10+00:00","breadcrumb":{"@id":"https:\/\/www.it.tarnow.pl\/en\/accommodation\/hostels-and-dormitories\/tarnow-city\/#breadcrumb"},"inLanguage":"en-US","potentialAction":[{"@type":"ReadAction","target":["https:\/\/www.it.tarnow.pl\/en\/accommodation\/hostels-and-dormitories\/tarnow-city\/"]}]},{"@type":"BreadcrumbList","@id":"https:\/\/www.it.tarnow.pl\/en\/accommodation\/hostels-and-dormitories\/tarnow-city\/#breadcrumb","itemListElement":[{"@type":"ListItem","position":1,"name":"Home page","item":"https:\/\/www.it.tarnow.pl\/en\/"},{"@type":"ListItem","position":2,"name":"Accommodation","item":"https:\/\/www.it.tarnow.pl\/en\/accommodation\/"},{"@type":"ListItem","position":3,"name":"Hostels and dormitories","item":"https:\/\/www.it.tarnow.pl\/en\/accommodation\/hostels-and-dormitories\/"},{"@type":"ListItem","position":4,"name":"Tarn\u00f3w city"}]},{"@type":"WebSite","@id":"https:\/\/www.it.tarnow.pl\/#website","url":"https:\/\/www.it.tarnow.pl\/","name":"Tarnowskie Centrum Informacji","description":"Informacja turystyczna o Tarnowie i regionie tarnowskim.","potentialAction":[{"@type":"SearchAction","target":{"@type":"EntryPoint","urlTemplate":"https:\/\/www.it.tarnow.pl\/?s={search_term_string}"},"query-input":{"@type":"PropertyValueSpecification","valueRequired":true,"valueName":"search_term_string"}}],"inLanguage":"en-US"}]}},"_links":{"self":[{"href":"https:\/\/www.it.tarnow.pl\/en\/wp-json\/wp\/v2\/pages\/9765","targetHints":{"allow":["GET"]}}],"collection":[{"href":"https:\/\/www.it.tarnow.pl\/en\/wp-json\/wp\/v2\/pages"}],"about":[{"href":"https:\/\/www.it.tarnow.pl\/en\/wp-json\/wp\/v2\/types\/page"}],"author":[{"embeddable":true,"href":"https:\/\/www.it.tarnow.pl\/en\/wp-json\/wp\/v2\/users\/1"}],"replies":[{"embeddable":true,"href":"https:\/\/www.it.tarnow.pl\/en\/wp-json\/wp\/v2\/comments?post=9765"}],"version-history":[{"count":6,"href":"https:\/\/www.it.tarnow.pl\/en\/wp-json\/wp\/v2\/pages\/9765\/revisions"}],"predecessor-version":[{"id":340247,"href":"https:\/\/www.it.tarnow.pl\/en\/wp-json\/wp\/v2\/pages\/9765\/revisions\/340247"}],"up":[{"embeddable":true,"href":"https:\/\/www.it.tarnow.pl\/en\/wp-json\/wp\/v2\/pages\/9764"}],"wp:attachment":[{"href":"https:\/\/www.it.tarnow.pl\/en\/wp-json\/wp\/v2\/media?parent=9765"}],"wp:term":[{"taxonomy":"post_tag","embeddable":true,"href":"https:\/\/www.it.tarnow.pl\/en\/wp-json\/wp\/v2\/tags?post=9765"}],"curies":[{"name":"wp","href":"https:\/\/api.w.org\/{rel}","templated":true}]}}