{"id":9763,"date":"2010-06-21T08:55:25","date_gmt":"2010-06-21T06:55:25","guid":{"rendered":"http:\/\/www.it.tarnow.pl\/tarnow-region\/"},"modified":"2026-01-16T11:14:39","modified_gmt":"2026-01-16T10:14:39","slug":"tarnow-region","status":"publish","type":"page","link":"https:\/\/www.it.tarnow.pl\/en\/accommodation\/pensions-and-guest-rooms\/tarnow-region\/","title":{"rendered":"Tarn\u00f3w region"},"content":{"rendered":"<div class=\"table-responsive\"><\/div>\r\n<div><\/div>\r\n<h3>DISTRICT TARN\u00d3W<\/h3>\r\n<p>&nbsp;<\/p>\r\n<p><strong>Paderewski Manor House<\/strong><br \/>\r\nK\u0105\u015bna Dolna 17, 33-190 K\u0105\u015bna Dolna <br \/>\r\nphone\/fax: +48 14 651 02 08<br \/>\r\n<a href=\"https:\/\/centrumpaderewskiego.pl\/\">centrumpaderewskiego.pl<\/a> \u00a0\u00a0<a href=\"mailto:noclegi@centrumpaderewskiego.pl\">noclegi@centrumpaderewskiego.pl<\/a> <br \/>\r\nupdated: January 2026\u00a0<\/p>\r\n<p>&nbsp;<\/p>\r\n<p><strong>Bistuszowa Manor House<\/strong><br \/>\r\nBistuszowa 6, 33-160 Ryglice <br \/>\r\nphone: +48 14 654 02 84, cellphone: +48 609 090 438 <br \/>\r\n\u00a0<a href=\"http:\/\/www.dworbistuszowa.pl\/index.php?lang=en\">dworbistuszowa.pl<\/a> \u00a0 <a href=\"mailto:awos@op.pl\">awos74@op.pl<\/a> <br \/>\r\n\u00a0updated: January 2026\u00a0<\/p>\r\n<p>&nbsp;<\/p>\r\n<p><strong>&#8220;U Martusiowej&#8221; <\/strong><br \/>\r\nul. Krynicka 33, 33-190 Ci\u0119\u017ckowice<br \/>\r\nphone: +48 14 651 00 52 <br \/>\r\n<a href=\"https:\/\/meteor-turystyka.pl\/umartusiowej,ciezkowice.html\">meteor-turystyka.pl<\/a><br \/>\r\nupdated: January 2026\u00a0<\/p>\r\n<p>&nbsp;<\/p>\r\n<p><strong>Dom Rekolekcyjny przy Domu Zakonnym Ksi\u0119\u017cy Sercan\u00f3w<\/strong><br \/>\r\nul. G\u0142\u00f3wna 45, 33-111 Koszyce Wielkie <br \/>\r\nphone: +48 14 510 975 709<br \/>\r\n<a href=\"http:\/\/www.domrekolekcyjnykoszyce.pl\">domrekolekcyjnykoszyce.pl<\/a> \u00a0 <a href=\"mailto:koszyce.scj@scj.pl\">koszyce.scj@scj.pl<\/a> \u00a0\u00a0<br \/>\r\nupdated: January 2026\u00a0<\/p>\r\n<p>&nbsp;<\/p>\r\n<p><strong>Dom Pielgrzyma w Tuchowie<\/strong><br \/>\r\nul. ks.Wa\u0142\u0119gi 16, 33-170 Tuch\u00f3w <br \/>\r\nphone: +48 14 632 72 00 <br \/>\r\nupdated: January\u00a0 2026\u00a0<\/p>\r\n<p>&nbsp;<\/p>\r\n<p><strong>Western Riding Center &#8220;Furioso&#8221;<\/strong><br \/>\r\nStare \u017bukowice 1, 33-151 Nowa Jastrz\u0105bka <br \/>\r\nphone\/fax: +48 14 678 68 15, mobile: +48 603 678 999 <br \/>\r\n\u00a0<a href=\"http:\/\/www.furioso.com.pl\/\">furioso.com.pl<\/a> \u00a0 <a href=\"mailto:furiosowestern@poczta.onet.pl\">furiosowestern@poczta.onet.pl<\/a> \u00a0<br \/>\r\n\u00a0updated: January 2026\u00a0<\/p>\r\n<p>&nbsp;<\/p>\r\n<p><strong>Ranczo &#8220;Palomino&#8221;<\/strong><br \/>\r\nStare \u017bukowice 3A, 33-151 Nowa Jastrz\u0105bka <br \/>\r\nphone +48 14 678 68 13, mobile: +48 602 491 343 <br \/>\r\n<a href=\"https:\/\/www.facebook.com\/RanczoPalomino\/\">facebook.com<\/a> \u00a0 <a href=\"mailto:jola@lubera.pl\">jola@lubera.pl<\/a> <br \/>\r\nupdated: January 2026\u00a0<\/p>\r\n<p>&nbsp;<\/p>\r\n<p><strong>Bac\u00f3wka Jamna<\/strong><br \/>\r\nJamna 14, 32-842 Pale\u015bnica<br \/>\r\nmobile: +48 517 340 735, +48 512 189 600<br \/>\r\n<a href=\"http:\/\/www.bacowkajamna.pl\">bacowkajamna.pl<\/a>\u00a0 \u00a0 <a href=\"http:\/\/www.facebook.com\/BacowkaJamna\/\">facebook.com<\/a> \u00a0 <a href=\"mailto:kontakt@bacowkajamna.pl\">kontakt@bacowkajamna.pl<\/a> <br \/>\r\nupdated: January 2026\u00a0<\/p>\r\n<p>&nbsp;<\/p>\r\n<p><strong>O\u015brodek Jazdy Konnej &#8220;Roleski Ranch&#8221;<\/strong><br \/>\r\nStare \u017bukowice 1A, 33-151 Nowa Jastrz\u0105bka <br \/>\r\ncellphone: +48 606 300 388, fax: +48 14 678 67 00 <br \/>\r\n<a href=\"http:\/\/www.roleskiranch.com\">roleskiranch.com<\/a> \u00a0\u00a0<a href=\"mailto:restauracja@roleski.pl\">restauracja@roleski.pl<\/a> \u00a0\u00a0<br \/>\r\nupdated: January 2026\u00a0<\/p>\r\n<p>&nbsp;<\/p>\r\n<p><strong>Diecezjalny Dom Rekolekcyjny<\/strong><br \/>\r\nul. Rekolekcyjna 13, 33-190 Ci\u0119\u017ckowice <br \/>\r\nphone: +48 14 651 00 13, mobile: +48 503 154 047<br \/>\r\n<a href=\"http:\/\/www.dom.rek.diecezja.tarnow.pl\/\">dom.rek.diecezja.tarnow.pl<\/a> \u00a0\u00a0<a href=\"mailto:dom_rek@diecezja.tarnow.pl\">dom_rek@diecezja.tarnow.pl<\/a> <br \/>\r\nupdated: January 2026\u00a0<\/p>\r\n<p>&nbsp;<\/p>\r\n<p>&nbsp;<\/p>\r\n<h3>DISTRICT BOCHNIA<\/h3>\r\n<p>&nbsp;<\/p>\r\n<p><strong>Dom Pielgrzyma<\/strong><br \/>\r\nul. Stasiaka 10, 32-700 Bochnia <br \/>\r\nphone: +48 14 612 21 95\u00a0<br \/>\r\n<a href=\"https:\/\/www.facebook.com\/dom.pielgrzyma.bursa.bochnia\/\">facebook.com<\/a> \u00a0\u00a0<a href=\"mailto:bursa.bochnia@gmail.com\">bursa.bochnia@gmail.com<\/a><br \/>\r\nupdated: January 2026\u00a0<\/p>\r\n<p>&nbsp;<\/p>\r\n<p><strong>Centrum Kultury Sportu i Turystyki w \u017begocinie<\/strong><br \/>\r\n\u017begocina 378, 32-731 \u017begocina <br \/>\r\nphone: +48 14 613 20 35, fax: +48 14 613 20 08, mobile: +48 606 884\u00a0322<br \/>\r\n<a href=\"http:\/\/cksitzegocina.pl\/\">cksitzegocina.pl<\/a>\u00a0 \u00a0<a href=\"mailto:cksit@zegocina.pl\">cksit@zegocina.pl<\/a> <br \/>\r\nupdated: January 2026\u00a0<\/p>\r\n<p>&nbsp;<\/p>\r\n<p><strong>Wiejski Dom Kultury &#8220;Kasztan&#8221;<\/strong><br \/>\r\nLipnica Dolna, 32-724 Lipnica Murowana <br \/>\r\nphone: +48 14 68 52 108<br \/>\r\n<a href=\"https:\/\/kulturalipnica.pl\/oferta-gdk\/wiejski-dom-ludowy-kasztan-w-lipnicy-dolnej\/\">kulturalipnica.pl<\/a> \u00a0\u00a0<a href=\"mailto:gdk@kulturalipnica.pl\">gdk@kulturalipnica.pl<\/a> <br \/>\r\nupdated: January 2026\u00a0<\/p>\r\n<p>&nbsp;<\/p>\r\n<p><strong>O\u015brodek Edukacji w Bor\u00f3wnej<\/strong><br \/>\r\nBor\u00f3wna, 32-724 Lipnica Murowana <br \/>\r\nphone: +48 14 685 21 08<br \/>\r\n<a href=\"http:\/\/oeeborowna.pl\/\">borowna.xt.pl<\/a> \u00a0 <a href=\"mailto:gdk@kulturalipnica.pl\">gdk@kulturalipnica.pl<\/a> <br \/>\r\nupdated: January 2026\u00a0<\/p>\r\n<p>&nbsp;<\/p>\r\n<p>&nbsp;<\/p>\r\n<h3>DISTRICT BRZESKO<\/h3>\r\n<p>&nbsp;<\/p>\r\n<p><strong>Bac\u00f3wka &#8220;Bia\u0142y Jele\u0144&#8221;<\/strong><br \/>\r\nIwkowa 586, 32-861 Iwkowa<br \/>\r\nphone\/fax: +48 14 684 44 40, mobile: +48 605 555 077<br \/>\r\n<a href=\"http:\/\/www.bacowka.com.pl\">bacowka.com.pl<\/a> \u00a0\u00a0<a href=\"mailto:bacowka@bacowka.com.pl\">bacowka@bacowka.com.pl<\/a><br \/>\r\nupdated: January 2026\u00a0<\/p>\r\n<p>&nbsp;<\/p>\r\n<p><strong>O\u015brodek Piaski Dru\u017ck\u00f3w (temporarily closed)<\/strong><br \/>\r\nPiaski Dru\u017ck\u00f3w, 32-860 Czch\u00f3w <br \/>\r\nmobile:+48 572 596 865<br \/>\r\n<a href=\"http:\/\/www.piaskidruzkow.zhp.pl\/dojazd.php\">osrodek-piaski.pl<\/a> \u00a0 <a href=\"mailto:%20piaskidruzkow@fundacja.malopolska.pl\">piaskidruzkow@fundacja.malopolska.pl<\/a> <br \/>\r\nupdated: January 2026\u00a0<\/p>\r\n<p>&nbsp;<\/p>\r\n<p><strong>Pensjonat Zacisze **<\/strong><br \/>\r\nul. Kwa\u015bni\u00f3wka 23 32-860 Czch\u00f3w, pow. brzeski<br \/>\r\nmobile: +48 604 265 885<br \/>\r\n<a href=\"http:\/\/www.zaciszeczchow.pl\">zaciszeczchow.pl<\/a>\u00a0 <a href=\"mailto:pensjonat@zaciszeczchow.pl\">pensjonat@zaciszeczchow.pl<\/a> <br \/>\r\nupdated: January 2026\u00a0<\/p>\r\n<p>&nbsp;<\/p>\r\n<p>&nbsp;<\/p>\r\n<h3>DISTRICT D\u0104BROWA TARNOWSKA<\/h3>\r\n<p>&nbsp;<\/p>\r\n<p><strong>&#8220;U Batora&#8221;<\/strong><br \/>\r\nZazamcze 3 a, 33-200 D\u0105browa Tarnowska <br \/>\r\nphone: +48 14 642 20 58 <br \/>\r\nupdated: January 2026\u00a0<\/p>\r\n<p>&nbsp;<\/p>\r\n<p>&nbsp;<\/p>\r\n<h3>DISTRICT D\u0118BICA<\/h3>\r\n<p>&nbsp;<\/p>\r\n<p><strong>Bia\u0142a Przysta\u0144<\/strong><br \/>\r\nul. \u0141\u0119ki Dolne 194B, 39-221 \u0141\u0119ki Dolne<br \/>\r\ntel. (14) 676 36 51<br \/>\r\n<a href=\"http:\/\/www.bialaprzystan.pl\">bialaprzystan.pl<\/a> \u00a0<a href=\"http:\/\/www.bialaprzystan.pl\"> biuro@bialaprzystan.pl<\/a> <br \/>\r\nupdated: January 2026<\/p>\r\n<p>&nbsp;<\/p>\r\n<p><strong>O\u015brodek Szkoleniowo-Wypoczynkowy &#8220;Grand Chotowa&#8221;<\/strong> <br \/>\r\nChotowa 87, 39-217 Grabiny <br \/>\r\nphone: +48 14 670 65 00, fax: +48 14 676 29 82, mobile: +48 512 121 972 <br \/>\r\n<a href=\"http:\/\/grandchotowa.pl\/\">grandchotowa.pl<\/a> \u00a0\u00a0<a href=\"mailto:recepcja@grandchotowa.pl\">recepcja@grandchotowa.pl<\/a> <br \/>\r\nupdated: January 2026\u00a0<\/p>\r\n<p>&nbsp;<\/p>\r\n<p>&nbsp;<\/p>\r\n<h3>DISTRICT GORLICE<\/h3>\r\n<p>&nbsp;<\/p>\r\n<p><strong>ZNP ZG Filia OUPiS Gorlice<\/strong><br \/>\r\nul. Wr\u00f3blewskiego 10, 38-300 Gorlice <br \/>\r\nphone: +48 18 353 56 32, mobile: +48 725 450 799<br \/>\r\n<a href=\"mailto:gorlice@znp.edu.pl\">gorlice@znp.edu.pl<\/a> <br \/>\r\nupdated: January 2026\u00a0<\/p>\r\n<p>&nbsp;<\/p>\r\n<p><strong>Dw\u00f3r Karwacjan\u00f3w\u00a0<\/strong><br \/>\r\nul. Wr\u00f3blewskiego 10A, 38-300 Gorlice <br \/>\r\nphone: +48 18 353 56 18<br \/>\r\n<a href=\"http:\/\/www.muzeum.gorlice.pl\/dla-zwiedzajcych\/pokoje-goscinne-hotel-w-gorlicach\">gorlice.art.pl<\/a> \u00a0\u00a0<a href=\"mailto:galeria@gorlice.art.pl\">galeria@gorlice.art.pl<\/a> <br \/>\r\nupdated: January 2026\u00a0<\/p>\r\n<p>&nbsp;<\/p>\r\n<h3>\u00a0<\/h3>\r\n<h3>DISTRICT NOWY S\u0104CZ<\/h3>\r\n<p>&nbsp;<\/p>\r\n<p><strong>Dom Wczasowy &#8220;Stalownik&#8221;<\/strong><br \/>\r\nBartkowa 264, 33-318 Gr\u00f3dek n\/Dunajcem <br \/>\r\nphone: +48 18 440 13 03 , mobile: +48 663 401 355<br \/>\r\n<a href=\"http:\/\/www.stalownik.com.pl\/\">stalownik.com.pl<\/a> \u00a0 <a href=\"mailto:stalownik264@gmail.com\">stalownik264@gmail.com<\/a> <br \/>\r\nupdated: January 2026\u00a0<\/p>\r\n<p>&nbsp;<\/p>\r\n<p><strong>Lemon Resort Spa<\/strong><br \/>\r\nul. Gr\u00f3dek nad Dunajcem 38, 33-318 Gr\u00f3dek nad Dunajcem<br \/>\r\ntel. (18) 440 58 00<br \/>\r\n<a href=\"http:\/\/www.lemonresort.pl\">lemonresort.pl<\/a> \u00a0 <a href=\"mailto:recepcja@lemonresort.pl\">recepcja@lemonresort.pl<\/a> <br \/>\r\nupdated: January 2026<\/p>\r\n<p>&nbsp;<\/p>\r\n<p><strong>Cztery Pliszki<\/strong><br \/>\r\nul. Gr\u00f3dek nad Dunajcem 53, 31-118 Gr\u00f3dek nad Dunajcem<br \/>\r\ntel. (18) 440 10 17 , mobile: +48 509 547 706<br \/>\r\n<a href=\"http:\/\/www.4pliszki.pl\">4pliszki.pl<\/a> \u00a0\u00a0<a href=\"mailto:kontakt@4pliszki.pl\">kontakt@4pliszki.pl<\/a> <br \/>\r\nupdated: January 2026<\/p>\r\n<p>&nbsp;<\/p>\r\n<p><strong>Centrum Formacyjno Rekolekcyjne Diecezji Tarnowskiej ARKA<\/strong><br \/>\r\nGr\u00f3dek n\/Dunajcem 153, 33-318 Gr\u00f3dek n\/Dunajcem <br \/>\r\nphone: +48 18 440 13 00, fax: +48 18 440 12 02, mobile:+48 605 088 112 <br \/>\r\n<a href=\"http:\/\/www.cfr-arka.pl\/\">cfr-arka.pl<\/a> \u00a0 <a href=\"mailto:info@cfr-arka.pl\">info@cfr-arka.pl<\/a> <br \/>\r\nupdated: January 2026<\/p>\r\n<p>&nbsp;<\/p>\r\n<p><strong>O\u015brodek Szkolenia \u017beglarskiego i rekreacji wodnej YC PTTK &#8220;Beskid&#8221;<\/strong><br \/>\r\nZnamirowice 23, 33-312 T\u0119goborze<br \/>\r\nphone: +48 18 444 91 00, cellphone: +48 502 769 770<br \/>\r\n<a href=\"http:\/\/www.znamirowice.pl\">znamirowice.pl<\/a> \u00a0 <a href=\"mailto:znamirowice@onet.pl\">znamirowice@onet.pl<\/a> <br \/>\r\nupdated: January 2026<\/p>\r\n<p>&nbsp;<\/p>","protected":false},"excerpt":{"rendered":"DISTRICT TARN\u00d3W &nbsp; Paderewski Manor House K\u0105\u015bna Dolna 17, 33-190 K\u0105\u015bna Dolna phone\/fax: +48 14 651 02 08 centrumpaderewskiego.pl \u00a0\u00a0noclegi@centrumpaderewskiego.pl updated: January 2026\u00a0 &nbsp; Bistuszowa Manor House Bistuszowa 6, 33-160 [&hellip;]","protected":false},"author":1,"featured_media":0,"parent":9761,"menu_order":827,"comment_status":"closed","ping_status":"closed","template":"","meta":{"_acf_changed":false,"footnotes":""},"tags":[],"class_list":["post-9763","page","type-page","status-publish","hentry"],"acf":{"old_object_id":"4495","old_parent_id":"4493","old_url":"Accommodation\/Pensions-and-guest-rooms\/Tarnow-region","intro_text":"","show_children":"1","class":"folder","type":"single","in_menu":true,"show_date":false,"map":"","old_id":"","rooms_info":"","top_column":"","left_column":"","right_column":"","bottom_column":"","skip_import":false,"_menu_related_id":"96159"},"yoast_head":"<!-- This site is optimized with the Yoast SEO Premium plugin v25.4 (Yoast SEO v25.4) - https:\/\/yoast.com\/wordpress\/plugins\/seo\/ -->\n<title>Tarn\u00f3w region - Tarnowskie Centrum Informacji<\/title>\n<meta name=\"robots\" content=\"index, follow, max-snippet:-1, max-image-preview:large, max-video-preview:-1\" \/>\n<link rel=\"canonical\" href=\"https:\/\/www.it.tarnow.pl\/en\/accommodation\/pensions-and-guest-rooms\/tarnow-region\/\" \/>\n<meta property=\"og:locale\" content=\"en_US\" \/>\n<meta property=\"og:type\" content=\"article\" \/>\n<meta property=\"og:title\" content=\"Tarn\u00f3w region\" \/>\n<meta property=\"og:description\" content=\"DISTRICT TARN\u00d3W &nbsp; Paderewski Manor House K\u0105\u015bna Dolna 17, 33-190 K\u0105\u015bna Dolna phone\/fax: +48 14 651 02 08 centrumpaderewskiego.pl \u00a0\u00a0noclegi@centrumpaderewskiego.pl updated: January 2026\u00a0 &nbsp; Bistuszowa Manor House Bistuszowa 6, 33-160 [&hellip;]\" \/>\n<meta property=\"og:url\" content=\"https:\/\/www.it.tarnow.pl\/en\/accommodation\/pensions-and-guest-rooms\/tarnow-region\/\" \/>\n<meta property=\"og:site_name\" content=\"Tarnowskie Centrum Informacji\" \/>\n<meta property=\"article:modified_time\" content=\"2026-01-16T10:14:39+00:00\" \/>\n<meta name=\"twitter:card\" content=\"summary_large_image\" \/>\n<meta name=\"twitter:label1\" content=\"Est. reading time\" \/>\n\t<meta name=\"twitter:data1\" content=\"4 minutes\" \/>\n<script type=\"application\/ld+json\" class=\"yoast-schema-graph\">{\"@context\":\"https:\/\/schema.org\",\"@graph\":[{\"@type\":\"WebPage\",\"@id\":\"https:\/\/www.it.tarnow.pl\/en\/accommodation\/pensions-and-guest-rooms\/tarnow-region\/\",\"url\":\"https:\/\/www.it.tarnow.pl\/en\/accommodation\/pensions-and-guest-rooms\/tarnow-region\/\",\"name\":\"Tarn\u00f3w region - Tarnowskie Centrum Informacji\",\"isPartOf\":{\"@id\":\"https:\/\/www.it.tarnow.pl\/#website\"},\"datePublished\":\"2010-06-21T06:55:25+00:00\",\"dateModified\":\"2026-01-16T10:14:39+00:00\",\"breadcrumb\":{\"@id\":\"https:\/\/www.it.tarnow.pl\/en\/accommodation\/pensions-and-guest-rooms\/tarnow-region\/#breadcrumb\"},\"inLanguage\":\"en-US\",\"potentialAction\":[{\"@type\":\"ReadAction\",\"target\":[\"https:\/\/www.it.tarnow.pl\/en\/accommodation\/pensions-and-guest-rooms\/tarnow-region\/\"]}]},{\"@type\":\"BreadcrumbList\",\"@id\":\"https:\/\/www.it.tarnow.pl\/en\/accommodation\/pensions-and-guest-rooms\/tarnow-region\/#breadcrumb\",\"itemListElement\":[{\"@type\":\"ListItem\",\"position\":1,\"name\":\"Home page\",\"item\":\"https:\/\/www.it.tarnow.pl\/en\/\"},{\"@type\":\"ListItem\",\"position\":2,\"name\":\"Accommodation\",\"item\":\"https:\/\/www.it.tarnow.pl\/en\/accommodation\/\"},{\"@type\":\"ListItem\",\"position\":3,\"name\":\"Pensions and guest rooms\",\"item\":\"https:\/\/www.it.tarnow.pl\/en\/accommodation\/pensions-and-guest-rooms\/\"},{\"@type\":\"ListItem\",\"position\":4,\"name\":\"Tarn\u00f3w region\"}]},{\"@type\":\"WebSite\",\"@id\":\"https:\/\/www.it.tarnow.pl\/#website\",\"url\":\"https:\/\/www.it.tarnow.pl\/\",\"name\":\"Tarnowskie Centrum Informacji\",\"description\":\"Informacja turystyczna o Tarnowie i regionie tarnowskim.\",\"potentialAction\":[{\"@type\":\"SearchAction\",\"target\":{\"@type\":\"EntryPoint\",\"urlTemplate\":\"https:\/\/www.it.tarnow.pl\/?s={search_term_string}\"},\"query-input\":{\"@type\":\"PropertyValueSpecification\",\"valueRequired\":true,\"valueName\":\"search_term_string\"}}],\"inLanguage\":\"en-US\"}]}<\/script>\n<!-- \/ Yoast SEO Premium plugin. -->","yoast_head_json":{"title":"Tarn\u00f3w region - Tarnowskie Centrum Informacji","robots":{"index":"index","follow":"follow","max-snippet":"max-snippet:-1","max-image-preview":"max-image-preview:large","max-video-preview":"max-video-preview:-1"},"canonical":"https:\/\/www.it.tarnow.pl\/en\/accommodation\/pensions-and-guest-rooms\/tarnow-region\/","og_locale":"en_US","og_type":"article","og_title":"Tarn\u00f3w region","og_description":"DISTRICT TARN\u00d3W &nbsp; Paderewski Manor House K\u0105\u015bna Dolna 17, 33-190 K\u0105\u015bna Dolna phone\/fax: +48 14 651 02 08 centrumpaderewskiego.pl \u00a0\u00a0noclegi@centrumpaderewskiego.pl updated: January 2026\u00a0 &nbsp; Bistuszowa Manor House Bistuszowa 6, 33-160 [&hellip;]","og_url":"https:\/\/www.it.tarnow.pl\/en\/accommodation\/pensions-and-guest-rooms\/tarnow-region\/","og_site_name":"Tarnowskie Centrum Informacji","article_modified_time":"2026-01-16T10:14:39+00:00","twitter_card":"summary_large_image","twitter_misc":{"Est. reading time":"4 minutes"},"schema":{"@context":"https:\/\/schema.org","@graph":[{"@type":"WebPage","@id":"https:\/\/www.it.tarnow.pl\/en\/accommodation\/pensions-and-guest-rooms\/tarnow-region\/","url":"https:\/\/www.it.tarnow.pl\/en\/accommodation\/pensions-and-guest-rooms\/tarnow-region\/","name":"Tarn\u00f3w region - Tarnowskie Centrum Informacji","isPartOf":{"@id":"https:\/\/www.it.tarnow.pl\/#website"},"datePublished":"2010-06-21T06:55:25+00:00","dateModified":"2026-01-16T10:14:39+00:00","breadcrumb":{"@id":"https:\/\/www.it.tarnow.pl\/en\/accommodation\/pensions-and-guest-rooms\/tarnow-region\/#breadcrumb"},"inLanguage":"en-US","potentialAction":[{"@type":"ReadAction","target":["https:\/\/www.it.tarnow.pl\/en\/accommodation\/pensions-and-guest-rooms\/tarnow-region\/"]}]},{"@type":"BreadcrumbList","@id":"https:\/\/www.it.tarnow.pl\/en\/accommodation\/pensions-and-guest-rooms\/tarnow-region\/#breadcrumb","itemListElement":[{"@type":"ListItem","position":1,"name":"Home page","item":"https:\/\/www.it.tarnow.pl\/en\/"},{"@type":"ListItem","position":2,"name":"Accommodation","item":"https:\/\/www.it.tarnow.pl\/en\/accommodation\/"},{"@type":"ListItem","position":3,"name":"Pensions and guest rooms","item":"https:\/\/www.it.tarnow.pl\/en\/accommodation\/pensions-and-guest-rooms\/"},{"@type":"ListItem","position":4,"name":"Tarn\u00f3w region"}]},{"@type":"WebSite","@id":"https:\/\/www.it.tarnow.pl\/#website","url":"https:\/\/www.it.tarnow.pl\/","name":"Tarnowskie Centrum Informacji","description":"Informacja turystyczna o Tarnowie i regionie tarnowskim.","potentialAction":[{"@type":"SearchAction","target":{"@type":"EntryPoint","urlTemplate":"https:\/\/www.it.tarnow.pl\/?s={search_term_string}"},"query-input":{"@type":"PropertyValueSpecification","valueRequired":true,"valueName":"search_term_string"}}],"inLanguage":"en-US"}]}},"_links":{"self":[{"href":"https:\/\/www.it.tarnow.pl\/en\/wp-json\/wp\/v2\/pages\/9763","targetHints":{"allow":["GET"]}}],"collection":[{"href":"https:\/\/www.it.tarnow.pl\/en\/wp-json\/wp\/v2\/pages"}],"about":[{"href":"https:\/\/www.it.tarnow.pl\/en\/wp-json\/wp\/v2\/types\/page"}],"author":[{"embeddable":true,"href":"https:\/\/www.it.tarnow.pl\/en\/wp-json\/wp\/v2\/users\/1"}],"replies":[{"embeddable":true,"href":"https:\/\/www.it.tarnow.pl\/en\/wp-json\/wp\/v2\/comments?post=9763"}],"version-history":[{"count":12,"href":"https:\/\/www.it.tarnow.pl\/en\/wp-json\/wp\/v2\/pages\/9763\/revisions"}],"predecessor-version":[{"id":340244,"href":"https:\/\/www.it.tarnow.pl\/en\/wp-json\/wp\/v2\/pages\/9763\/revisions\/340244"}],"up":[{"embeddable":true,"href":"https:\/\/www.it.tarnow.pl\/en\/wp-json\/wp\/v2\/pages\/9761"}],"wp:attachment":[{"href":"https:\/\/www.it.tarnow.pl\/en\/wp-json\/wp\/v2\/media?parent=9763"}],"wp:term":[{"taxonomy":"post_tag","embeddable":true,"href":"https:\/\/www.it.tarnow.pl\/en\/wp-json\/wp\/v2\/tags?post=9763"}],"curies":[{"name":"wp","href":"https:\/\/api.w.org\/{rel}","templated":true}]}}