{"id":9760,"date":"2010-06-21T09:17:23","date_gmt":"2010-06-21T07:17:23","guid":{"rendered":"http:\/\/www.it.tarnow.pl\/tarnow-region\/"},"modified":"2026-01-16T10:48:21","modified_gmt":"2026-01-16T09:48:21","slug":"tarnow-region","status":"publish","type":"page","link":"https:\/\/www.it.tarnow.pl\/en\/accommodation\/motels-and-inns\/tarnow-region\/","title":{"rendered":"Tarn\u00f3w region"},"content":{"rendered":"<p>&nbsp;<\/p>\r\n<h3>DISTRICT TARN\u00d3W<\/h3>\r\n<p>&nbsp;<\/p>\r\n<p><strong>Zajazd Relax<\/strong> <br \/>\r\n\u00a0ul. Jana Bro\u0144ka 6, 33-190 Ci\u0119\u017ckowice <br \/>\r\n\u00a0phone: +48 14 651 02 80, mobile: +48 607 542 276 <br \/>\r\n<a href=\"http:\/\/www.zajazdrelax.pl\/\">zajazdrelax.pl<\/a> \u00a0 <a href=\"mailto:zajazdrelax@zajazdrelax.pl\">zajazdrelax@zajazdrelax.pl<\/a> <br \/>\r\n<em>updated: January 2026\u00a0<\/em><\/p>\r\n<p>&nbsp;<\/p>\r\n<h3>DISTRICT D\u0104BROWA TARNOWSKA<\/h3>\r\n<p>&nbsp;<\/p>\r\n<p><b>Zajazd Partynia<\/b><br \/>\r\nPartynia 15,\u00a039-310 Radomy\u015bl Wielki<br \/>\r\nphone: +48 14 692 51 81, mobile:+48 694 475 603<br \/>\r\n<a class=\"target_blank\" href=\"http:\/\/www.zajazdpartynia.pl\/\">zajazdpartynia.pl\u00a0<\/a> \u00a0\u00a0<a href=\"mailto:zajazd@zajazdpartynia.pl\">zajazd@zajazdpartynia.pl<\/a> <br \/>\r\n<em>updated: January 2026\u00a0<\/em><\/p>\r\n<p>&nbsp;<\/p>\r\n<p>&nbsp;<\/p>\r\n<h3>DISTRICT BOCHNIA<\/h3>\r\n<p>&nbsp;<\/p>\r\n<p><strong>Mi\u015b Motel ***<\/strong><br \/>\r\n\u0141azy 707, 32-765 Rzezawa<br \/>\r\nphone\/fax: +48 14 611 26 98, mobile: +48 692 066 942<br \/>\r\n<a href=\"https:\/\/meteor-turystyka.pl\/mis-lazy,lazy.html\">meteor-turystyka.pl<\/a>\u00a0\u00a0 <a href=\"mailto:motelmis@op.pl\">motelmis@op.pl<\/a> <br \/>\r\n<em>updated: January 2026\u00a0<\/em><\/p>\r\n<p>&nbsp;<\/p>\r\n<p>&nbsp;<\/p>\r\n<h3>DISTRICT BRZESKO<\/h3>\r\n<p>&nbsp;<\/p>\r\n<p><strong>Zajazd &#8220;Zyga&#8221;<\/strong><br \/>\r\nIwkowa 575, 32-861 Iwkowa <br \/>\r\nphone\/fax: +48 14 684 44 72, mobile: +48 693 021 886<br \/>\r\n<a href=\"mailto:biuro@zajazdzyga.com\">biuro@zajazdzyga.com<\/a> <br \/>\r\n<em>updated: January 2026\u00a0<\/em><\/p>\r\n<p>&nbsp;<\/p>\r\n<p><strong>Zajazd &#8220;Por\u0105bka&#8221;<\/strong> <br \/>\r\n\u00a0Por\u0105bka Uszewska 63, 32-854 Por\u0105bka Uszewska <br \/>\r\n\u00a0mobile: +48 603 034 713 <br \/>\r\n<a href=\"http:\/\/www.zajazdporabka.pl\/\">zajazdporabka.com.pl<\/a>\u00a0\u00a0 <a href=\"mailto:zajazd@zajazdporabka.com.pl\">biuro@zajazdporabka.pl<\/a> <br \/>\r\n<em>updated: January 2026\u00a0<\/em><\/p>\r\n<p>&nbsp;<\/p>\r\n<h3>DISTRICT D\u0118BICA<\/h3>\r\n<p>&nbsp;<\/p>\r\n<p><strong>Motel &#8220;Taurus&#8221; Pilzno<\/strong><br \/>\r\nul. Bujnowskiego 60 39-220 Pilzno<br \/>\r\ntel. (14) 625 88 28 <br \/>\r\n<a href=\"http:\/\/www.stan-taurus.com.pl\/motel-taurus-strzegocice.html\">stan-taurus.com.pl<\/a> \u00a0 <a href=\"mailto:barstrzegocice@stan-taurus.com.pl\">barstrzegocice@stan-taurus.com.pl<\/a><br \/>\r\n<em>updated: January 2026\u00a0<\/em><\/p>\r\n<p>&nbsp;<\/p>\r\n<p>&nbsp;<\/p>\r\n<h3>DISTRICT GORLICE<\/h3>\r\n<p>&nbsp;<\/p>\r\n<p><strong>\u201ePod kogutkiem\u201d Motel<\/strong><br \/>\r\nul. Str\u00f3\u017cowska 115, 38-300 Gorlice <br \/>\r\nphone\/fax: +48 18 352 28 00, +48 18 540 46 11, mobile: +48 604 435 469, +48 696 450 769 <br \/>\r\n<a href=\"https:\/\/kogutek.gorlice.pl\/\">kogutek.gorlice.pl<\/a> \u00a0 <a href=\"mailto:kogutek@kogutek.gorlice.pl\">kogutek@kogutek.gorlice.pl<\/a> <br \/>\r\n<em>updated: January 2026\u00a0<\/em><\/p>\r\n<p>&nbsp;<\/p>\r\n<p><strong>Zajazd Ostoja<\/strong><br \/>\r\nul. Grunwaldzka 78, 38-350 Bobowa<br \/>\r\nphone\/fax: +48 18 351 41 69, mobile: +48 602 440 123<br \/>\r\n<a href=\"https:\/\/ostoja.com.pl\/\">ostoja.com.pl<\/a> \u00a0\u00a0<a href=\"mailto:kontakt@zajazdostoja.pl\">kontakt@zajazdostoja.pl<\/a> <br \/>\r\n<em>updated: January 2026\u00a0<\/em><\/p>","protected":false},"excerpt":{"rendered":"&nbsp; DISTRICT TARN\u00d3W &nbsp; Zajazd Relax \u00a0ul. Jana Bro\u0144ka 6, 33-190 Ci\u0119\u017ckowice \u00a0phone: +48 14 651 02 80, mobile: +48 607 542 276 zajazdrelax.pl \u00a0 zajazdrelax@zajazdrelax.pl updated: January 2026\u00a0 &nbsp; [&hellip;]","protected":false},"author":1,"featured_media":0,"parent":9758,"menu_order":826,"comment_status":"closed","ping_status":"closed","template":"","meta":{"_acf_changed":false,"footnotes":""},"tags":[],"class_list":["post-9760","page","type-page","status-publish","hentry"],"acf":{"old_object_id":"4501","old_parent_id":"4499","old_url":"Accommodation\/Motels-and-Inns\/Tarnow-region","intro_text":"","show_children":"1","class":"folder","type":"single","in_menu":true,"show_date":false,"map":"","old_id":"","top_column":"","left_column":"","right_column":"","bottom_column":"","skip_import":false,"_menu_related_id":"96156","rooms_info":""},"yoast_head":"<!-- This site is optimized with the Yoast SEO Premium plugin v25.4 (Yoast SEO v25.4) - https:\/\/yoast.com\/wordpress\/plugins\/seo\/ -->\n<title>Tarn\u00f3w region - Tarnowskie Centrum Informacji<\/title>\n<meta name=\"robots\" content=\"index, follow, max-snippet:-1, max-image-preview:large, max-video-preview:-1\" \/>\n<link rel=\"canonical\" href=\"https:\/\/www.it.tarnow.pl\/en\/accommodation\/motels-and-inns\/tarnow-region\/\" \/>\n<meta property=\"og:locale\" content=\"en_US\" \/>\n<meta property=\"og:type\" content=\"article\" \/>\n<meta property=\"og:title\" content=\"Tarn\u00f3w region\" \/>\n<meta property=\"og:description\" content=\"&nbsp; DISTRICT TARN\u00d3W &nbsp; Zajazd Relax \u00a0ul. Jana Bro\u0144ka 6, 33-190 Ci\u0119\u017ckowice \u00a0phone: +48 14 651 02 80, mobile: +48 607 542 276 zajazdrelax.pl \u00a0 zajazdrelax@zajazdrelax.pl updated: January 2026\u00a0 &nbsp; [&hellip;]\" \/>\n<meta property=\"og:url\" content=\"https:\/\/www.it.tarnow.pl\/en\/accommodation\/motels-and-inns\/tarnow-region\/\" \/>\n<meta property=\"og:site_name\" content=\"Tarnowskie Centrum Informacji\" \/>\n<meta property=\"article:modified_time\" content=\"2026-01-16T09:48:21+00:00\" \/>\n<meta name=\"twitter:card\" content=\"summary_large_image\" \/>\n<meta name=\"twitter:label1\" content=\"Est. reading time\" \/>\n\t<meta name=\"twitter:data1\" content=\"2 minutes\" \/>\n<script type=\"application\/ld+json\" class=\"yoast-schema-graph\">{\"@context\":\"https:\/\/schema.org\",\"@graph\":[{\"@type\":\"WebPage\",\"@id\":\"https:\/\/www.it.tarnow.pl\/en\/accommodation\/motels-and-inns\/tarnow-region\/\",\"url\":\"https:\/\/www.it.tarnow.pl\/en\/accommodation\/motels-and-inns\/tarnow-region\/\",\"name\":\"Tarn\u00f3w region - Tarnowskie Centrum Informacji\",\"isPartOf\":{\"@id\":\"https:\/\/www.it.tarnow.pl\/#website\"},\"datePublished\":\"2010-06-21T07:17:23+00:00\",\"dateModified\":\"2026-01-16T09:48:21+00:00\",\"breadcrumb\":{\"@id\":\"https:\/\/www.it.tarnow.pl\/en\/accommodation\/motels-and-inns\/tarnow-region\/#breadcrumb\"},\"inLanguage\":\"en-US\",\"potentialAction\":[{\"@type\":\"ReadAction\",\"target\":[\"https:\/\/www.it.tarnow.pl\/en\/accommodation\/motels-and-inns\/tarnow-region\/\"]}]},{\"@type\":\"BreadcrumbList\",\"@id\":\"https:\/\/www.it.tarnow.pl\/en\/accommodation\/motels-and-inns\/tarnow-region\/#breadcrumb\",\"itemListElement\":[{\"@type\":\"ListItem\",\"position\":1,\"name\":\"Home page\",\"item\":\"https:\/\/www.it.tarnow.pl\/en\/\"},{\"@type\":\"ListItem\",\"position\":2,\"name\":\"Accommodation\",\"item\":\"https:\/\/www.it.tarnow.pl\/en\/accommodation\/\"},{\"@type\":\"ListItem\",\"position\":3,\"name\":\"Motels and Inns\",\"item\":\"https:\/\/www.it.tarnow.pl\/en\/accommodation\/motels-and-inns\/\"},{\"@type\":\"ListItem\",\"position\":4,\"name\":\"Tarn\u00f3w region\"}]},{\"@type\":\"WebSite\",\"@id\":\"https:\/\/www.it.tarnow.pl\/#website\",\"url\":\"https:\/\/www.it.tarnow.pl\/\",\"name\":\"Tarnowskie Centrum Informacji\",\"description\":\"Informacja turystyczna o Tarnowie i regionie tarnowskim.\",\"potentialAction\":[{\"@type\":\"SearchAction\",\"target\":{\"@type\":\"EntryPoint\",\"urlTemplate\":\"https:\/\/www.it.tarnow.pl\/?s={search_term_string}\"},\"query-input\":{\"@type\":\"PropertyValueSpecification\",\"valueRequired\":true,\"valueName\":\"search_term_string\"}}],\"inLanguage\":\"en-US\"}]}<\/script>\n<!-- \/ Yoast SEO Premium plugin. -->","yoast_head_json":{"title":"Tarn\u00f3w region - Tarnowskie Centrum Informacji","robots":{"index":"index","follow":"follow","max-snippet":"max-snippet:-1","max-image-preview":"max-image-preview:large","max-video-preview":"max-video-preview:-1"},"canonical":"https:\/\/www.it.tarnow.pl\/en\/accommodation\/motels-and-inns\/tarnow-region\/","og_locale":"en_US","og_type":"article","og_title":"Tarn\u00f3w region","og_description":"&nbsp; DISTRICT TARN\u00d3W &nbsp; Zajazd Relax \u00a0ul. Jana Bro\u0144ka 6, 33-190 Ci\u0119\u017ckowice \u00a0phone: +48 14 651 02 80, mobile: +48 607 542 276 zajazdrelax.pl \u00a0 zajazdrelax@zajazdrelax.pl updated: January 2026\u00a0 &nbsp; [&hellip;]","og_url":"https:\/\/www.it.tarnow.pl\/en\/accommodation\/motels-and-inns\/tarnow-region\/","og_site_name":"Tarnowskie Centrum Informacji","article_modified_time":"2026-01-16T09:48:21+00:00","twitter_card":"summary_large_image","twitter_misc":{"Est. reading time":"2 minutes"},"schema":{"@context":"https:\/\/schema.org","@graph":[{"@type":"WebPage","@id":"https:\/\/www.it.tarnow.pl\/en\/accommodation\/motels-and-inns\/tarnow-region\/","url":"https:\/\/www.it.tarnow.pl\/en\/accommodation\/motels-and-inns\/tarnow-region\/","name":"Tarn\u00f3w region - Tarnowskie Centrum Informacji","isPartOf":{"@id":"https:\/\/www.it.tarnow.pl\/#website"},"datePublished":"2010-06-21T07:17:23+00:00","dateModified":"2026-01-16T09:48:21+00:00","breadcrumb":{"@id":"https:\/\/www.it.tarnow.pl\/en\/accommodation\/motels-and-inns\/tarnow-region\/#breadcrumb"},"inLanguage":"en-US","potentialAction":[{"@type":"ReadAction","target":["https:\/\/www.it.tarnow.pl\/en\/accommodation\/motels-and-inns\/tarnow-region\/"]}]},{"@type":"BreadcrumbList","@id":"https:\/\/www.it.tarnow.pl\/en\/accommodation\/motels-and-inns\/tarnow-region\/#breadcrumb","itemListElement":[{"@type":"ListItem","position":1,"name":"Home page","item":"https:\/\/www.it.tarnow.pl\/en\/"},{"@type":"ListItem","position":2,"name":"Accommodation","item":"https:\/\/www.it.tarnow.pl\/en\/accommodation\/"},{"@type":"ListItem","position":3,"name":"Motels and Inns","item":"https:\/\/www.it.tarnow.pl\/en\/accommodation\/motels-and-inns\/"},{"@type":"ListItem","position":4,"name":"Tarn\u00f3w region"}]},{"@type":"WebSite","@id":"https:\/\/www.it.tarnow.pl\/#website","url":"https:\/\/www.it.tarnow.pl\/","name":"Tarnowskie Centrum Informacji","description":"Informacja turystyczna o Tarnowie i regionie tarnowskim.","potentialAction":[{"@type":"SearchAction","target":{"@type":"EntryPoint","urlTemplate":"https:\/\/www.it.tarnow.pl\/?s={search_term_string}"},"query-input":{"@type":"PropertyValueSpecification","valueRequired":true,"valueName":"search_term_string"}}],"inLanguage":"en-US"}]}},"_links":{"self":[{"href":"https:\/\/www.it.tarnow.pl\/en\/wp-json\/wp\/v2\/pages\/9760","targetHints":{"allow":["GET"]}}],"collection":[{"href":"https:\/\/www.it.tarnow.pl\/en\/wp-json\/wp\/v2\/pages"}],"about":[{"href":"https:\/\/www.it.tarnow.pl\/en\/wp-json\/wp\/v2\/types\/page"}],"author":[{"embeddable":true,"href":"https:\/\/www.it.tarnow.pl\/en\/wp-json\/wp\/v2\/users\/1"}],"replies":[{"embeddable":true,"href":"https:\/\/www.it.tarnow.pl\/en\/wp-json\/wp\/v2\/comments?post=9760"}],"version-history":[{"count":10,"href":"https:\/\/www.it.tarnow.pl\/en\/wp-json\/wp\/v2\/pages\/9760\/revisions"}],"predecessor-version":[{"id":340229,"href":"https:\/\/www.it.tarnow.pl\/en\/wp-json\/wp\/v2\/pages\/9760\/revisions\/340229"}],"up":[{"embeddable":true,"href":"https:\/\/www.it.tarnow.pl\/en\/wp-json\/wp\/v2\/pages\/9758"}],"wp:attachment":[{"href":"https:\/\/www.it.tarnow.pl\/en\/wp-json\/wp\/v2\/media?parent=9760"}],"wp:term":[{"taxonomy":"post_tag","embeddable":true,"href":"https:\/\/www.it.tarnow.pl\/en\/wp-json\/wp\/v2\/tags?post=9760"}],"curies":[{"name":"wp","href":"https:\/\/api.w.org\/{rel}","templated":true}]}}