{"id":9757,"date":"2010-06-21T08:43:42","date_gmt":"2010-06-21T06:43:42","guid":{"rendered":"http:\/\/www.it.tarnow.pl\/tarnow-region\/"},"modified":"2026-01-16T10:30:24","modified_gmt":"2026-01-16T09:30:24","slug":"tarnow-region","status":"publish","type":"page","link":"https:\/\/www.it.tarnow.pl\/en\/accommodation\/hotels\/tarnow-region\/","title":{"rendered":"Tarn\u00f3w region"},"content":{"rendered":"<p>&nbsp;<\/p>\r\n<h3><strong>DISTRICT TARN\u00d3W<\/strong><\/h3>\r\n<p>&nbsp;<\/p>\r\n<p><strong>Dunajec<\/strong> <strong>Hotel <\/strong>***<br \/>\r\nul. Krakowska 85, 33-113 Zg\u0142obice, Poland<br \/>\r\nphone\/fax: +48 14 674 30 96 <br \/>\r\n<a href=\"https:\/\/hoteldunajec.pl\/hotel\">hoteldunajec.pl<\/a> \u00a0\u00a0<a href=\"mailto:recepcja@hoteldunajec.pl\">recepcja@hoteldunajec.pl<\/a><br \/>\r\n<em>updated: January 2026<\/em><\/p>\r\n<p>&nbsp;<\/p>\r\n<p><strong>Dw\u00f3r Prezydencki Boutique Hotel&amp;Spa *****<\/strong><br \/>\r\nul. Dworska 1, 33-113 Zg\u0142obice, Poland<br \/>\r\nphone: +48 14 652 76 50, mobile: +48 781 666 676<br \/>\r\n<a href=\"http:\/\/dwor-prezydencki.pl\/\">dwor-prezydencki.pl<\/a> \u00a0 <a href=\"mailto:hotel@dwor-prezydencki.pl\">hotel@dwor-prezydencki.pl<\/a><br \/>\r\n<em>updated: January 2026\u00a0<\/em><\/p>\r\n<p>&nbsp;<\/p>\r\n<p><strong>Zabawa<\/strong> <strong>Hotel <\/strong>***<br \/>\r\nZabawa 9, 33-133 Wa\u0142 Ruda, Poland<br \/>\r\nphone\/fax: +48 14 678 14 47, mobile: +48 600 180 964 <br \/>\r\n<a href=\"http:\/\/www.hotelzabawa.pl\/\">hotelzabawa.pl<\/a> \u00a0\u00a0<a href=\"mailto:recepcja@hotelzabawa.pl\">recepcja@hotelzabawa.pl<\/a><br \/>\r\n<em>updated:January 2026\u00a0<\/em><\/p>\r\n<p>&nbsp;<\/p>\r\n<p><strong>Weso\u0142a Hotel***<\/strong><br \/>\r\nNowa Jastrz\u0105bka 92 A, 33-151 Nowa Jastrz\u0105bka, Poland<br \/>\r\nphone\/fax: +48 14 678 62 14, mobile: +48 784 987 118<br \/>\r\n<a href=\"http:\/\/www.hotelwesola.pl\/\">hotelwesola.pl<\/a> \u00a0\u00a0<a href=\"mailto:hotel@restauracjawesola.pl\">hotel@restauracjawesola.pl<\/a><br \/>\r\n<em>updated: January 2026\u00a0<\/em><\/p>\r\n<p>&nbsp;<\/p>\r\n<p><strong>Kardamon Hotel ***<\/strong><br \/>\r\nul. Zbylitowskich 157, 33-113 Zg\u0142obice, Poland<br \/>\r\nphone: +48 14 652 06 05, mobile: +48 538 812 525<br \/>\r\n<a href=\"http:\/\/www.hotel-kardamon.pl\/\">hotel-kardamon.pl<\/a> \u00a0 <a href=\"mailto:biuro@hotel-kardamon.pl\">biuro@hotel-kardamon.pl<\/a><br \/>\r\n<em>updated:January 2026\u00a0<\/em><\/p>\r\n<p>&nbsp;<\/p>\r\n<p><strong>Taurus Hotel **<\/strong><br \/>\r\n\u0141adna 5, 33-156 Skrzysz\u00f3w, Poland<br \/>\r\nphone: +48 14 674 80 80, +48 691 09 99<br \/>\r\n<a href=\"http:\/\/www.stan-taurus.com.pl\/\">stan-taurus.com.pl<\/a> \u00a0\u00a0<a href=\"mailto:barladna@stan-taurus.com.pl\">barladna@stan-taurus.com.pl<\/a><br \/>\r\n<em>updated: January 2026\u00a0<\/em><\/p>\r\n<p>&nbsp;<\/p>\r\n<p><strong>Gospoda Szlachecka Hotel ***<\/strong><br \/>\r\nul. Niedomicka 43, 33-132 Niedomice, Poland<br \/>\r\nphone: +48 14 645 75 72, fax: +48 14 645 71 91, mobile: +48 731 110 610<br \/>\r\n<a href=\"https:\/\/bit.ly\/2FMr29Q\">facebook.com<\/a> \u00a0 <a href=\"mailto:gbpiotrowski@wp.pl\">gbpiotrowski@wp.pl<\/a><br \/>\r\n<em>updated:January 2026<\/em><\/p>\r\n<p>&nbsp;<\/p>\r\n<p>&nbsp;<\/p>\r\n<h3>DISTRICT BOCHNIA<\/h3>\r\n<p>&nbsp;<\/p>\r\n<p><strong>Pod Kamieniem Hotel<\/strong> *** <br \/>\r\n\u00a0Lipnica G\u00f3rna 304, 32-724 Lipnica Murowana, Poland <br \/>\r\n\u00a0mobile: +48 14 685 24 80<br \/>\r\n<a href=\"http:\/\/www.hotel-lipnica.pl\/\">hotel-lipnica.pl<\/a> \u00a0 <a href=\"mailto:biuro@hotel-lipnica.pl\">biuro@hotel-lipnica.pl<\/a><br \/>\r\n<em>updated:January 2026\u00a0<\/em><\/p>\r\n<p>&nbsp;<\/p>\r\n<p><strong>Zalesie Hotel<\/strong> *** <strong>and Restaurant<\/strong> <br \/>\r\nul. D\u0105browskiego 1 A, 32-700 Bochnia, Poland <br \/>\r\nphone +48 14 611 90 04, +48 14 611 60 77<br \/>\r\n<a href=\"https:\/\/hotelzalesie.pl\/\">hotelzalesie.pl<\/a><br \/>\r\n<em>updated: January 2026\u00a0<\/em><\/p>\r\n<p>&nbsp;<\/p>\r\n<p><strong>Panorama Hotel<\/strong> ***<br \/>\r\n\u00a0Stary Wi\u015bnicz 508, 32-720 Nowy Wi\u015bnicz, Poland<br \/>\r\n\u00a0phone +48 14 610 92 30, mobile: +48 607 769 094<br \/>\r\n<a href=\"http:\/\/www.panorama-wisnicz.pl\/\">panorama-wisnicz.pl<\/a> \u00a0 <a href=\"mailto:biuro@panorama-wisnicz.pl\">biuro@panorama-wisnicz.pl<\/a><br \/>\r\n<em>updated: January 2026\u00a0<\/em><\/p>\r\n<p>&nbsp;<\/p>\r\n<p><strong>Hotel Kasztel ***<\/strong><br \/>\r\nul. Brzeska 51, 32-765 Rzezawa, Poland<br \/>\r\nmobile: +48 609 345 545<br \/>\r\n<a href=\"http:\/\/www.hotelkasztel.pl\/\">hotelkasztel.pl<\/a> \u00a0\u00a0<a href=\"mailto:biuro@hotelkasztel.pl\">biuro@hotelkasztel.pl<\/a><br \/>\r\n<em>updated:January 2026\u00a0<\/em><\/p>\r\n<p>&nbsp;<\/p>\r\n<p>&nbsp;<\/p>\r\n<h3>DISTRICT BOCHNIA<\/h3>\r\n<p>&nbsp;<\/p>\r\n<p><strong>August Hotel<\/strong> *** <br \/>\r\n\u00a0ul. Mickiewicza 66, 32-800 Brzesko, Poland <br \/>\r\n\u00a0phone\/fax: +48 14 663 10 83 <br \/>\r\n<a href=\"https:\/\/hotelaugust.pl\/\">hotelaugust.pl<\/a> \u00a0\u00a0<a href=\"mailto:hotel@hotelaugust.pl\">hotel@hotelaugust.pl<\/a><br \/>\r\n<em>updated: January 2026<\/em><\/p>\r\n<p>&nbsp;<\/p>\r\n<p><strong>Mark 1 Hotel<\/strong> *** <br \/>\r\n\u00a0ul. Mickiewicza 29, 32-800 Brzesko, Poland <br \/>\r\n\u00a0phone\/fax: +48 14 663 59 00, mobile: +48 655 431 213<br \/>\r\n\u00a0<a href=\"https:\/\/www.mark1.pl\/\">mark1.pl<\/a> \u00a0 <a href=\"mailto:recepcja@mark1.pl\">recepcja@mark1.pl<\/a><br \/>\r\n<em>updated: January 2026<\/em><\/p>\r\n<p>&nbsp;<\/p>\r\n<p><strong>Jaga Hotel<\/strong> *** <br \/>\r\n\u00a0ul. Marii Konopnickiej 9, 32-800 Brzesko, Poland <br \/>\r\n\u00a0phone\/fax: +48 14 684 94 01, mobile: +48 607 279 779<br \/>\r\n<a href=\"https:\/\/www.hoteljaga.pl\/\">hoteljaga.pl<\/a> \u00a0\u00a0<a href=\"mailto:hoteljaga@hoteljaga.pl\">info@hoteljaga.pl<\/a><br \/>\r\n<em>updated: January 2026\u00a0<\/em><\/p>\r\n<p>&nbsp;<\/p>\r\n<p><strong>Hotel &#8220;Agawa&#8221; ***<\/strong><br \/>\r\nWola D\u0119bi\u0144ska 278, 32-852 Wola D\u0119bi\u0144ska, Poland<br \/>\r\nphone\/fax: +48 14 665 83 17<br \/>\r\n<a href=\"https:\/\/www.facebook.com\/agawadebno\/?locale=pl_PL\">facebook.com<\/a><br \/>\r\n<em>updated: January 2026<\/em><\/p>\r\n<p>&nbsp;<\/p>\r\n<p><strong>Planeta Hotel ***<\/strong><br \/>\r\nul. Pomianowska 2B, 32-800 Brzesko, Poland<br \/>\r\nphone\/fax: +48 14 685 88 04<br \/>\r\n<a href=\"http:\/\/hotel.planetabrzesko.com.pl\/about-us\/\">planetabrzesko.pl<\/a> \u00a0 <a href=\"mailto:hotel@planetabrzesko.pl\">hotel@planetabrzesko.pl<\/a><br \/>\r\n<em>updated:January 2026\u00a0<\/em><\/p>\r\n<p>&nbsp;<\/p>\r\n<p><strong>Tadeusz Hotel ***<\/strong><br \/>\r\nUszew 502, 32-864 Gnojnik, Poland<br \/>\r\nphone: +48 14 685 88 45<br \/>\r\n<a href=\"http:\/\/www.hotel-tadeusz.pl\/\">hotel-tadeusz.pl<\/a> \u00a0 <a href=\"mailto:biuro@hotel-tadeusz.pl\">biuro@hotel-tadeusz.pl<\/a><br \/>\r\n<em>updated:January 2026<\/em><\/p>\r\n<p>&nbsp;<\/p>\r\n<p><strong>\u0141aziska Hotel ***<\/strong><br \/>\r\nul. Kolonia 4, 32-860 Czch\u00f3w, Poland<br \/>\r\nphone: +48 723 110 110<br \/>\r\n<a href=\"http:\/\/www.hotellaziska.com.pl\/\">hotellaziska.com.pl<\/a> \u00a0 <a href=\"mailto:hotellaziska@gmail.com\">hotellaziska@gmail.com<\/a><br \/>\r\n<em>updated: January 2026\u00a0<\/em><\/p>\r\n<p>&nbsp;<\/p>\r\n<h3>DISTRICT D\u0104BROWA TARNOWSKA<\/h3>\r\n<p>&nbsp;<\/p>\r\n<p><strong>Cristal Park Hotel ***<\/strong> <br \/>\r\nul. Sportowa 2a, 33-200 D\u0105browa Tarnowska, Poland<br \/>\r\nphone\/fax: +48 14 657 01 00, mobile: +48 669 845 666<br \/>\r\n<a href=\"http:\/\/www.cristalpark.pl\/\">cristalpark.pl<\/a> \u00a0\u00a0<a href=\"mailto:hotel.dt@cristalpark.pl\">hotel.dt@cristalpark.pl<\/a><br \/>\r\n<em>updated:January 2026<\/em><\/p>\r\n<p>&nbsp;<\/p>\r\n<p>&nbsp;<\/p>\r\n<h3>DISTRICT D\u0118BICA<\/h3>\r\n<p>&nbsp;<\/p>\r\n<p><strong>Sezam Hotel<\/strong> *** <br \/>\r\nMachowa 178, 39-220 Pilzno, Poland <br \/>\r\nphone\/fax: +48 14 672 45 11, +48 731 632 597<br \/>\r\n<a href=\"http:\/\/machowa.sezam-hotel.pl\/\">sezam-hotel.pl<\/a> \u00a0\u00a0<a href=\"mailto:machowa@sezam-hotel.pl\">machowa@sezam-hotel.pl<\/a><br \/>\r\n<em>updated:January 2026<\/em><\/p>\r\n<p>&nbsp;<\/p>\r\n<p><strong>GRAND Chotowa<\/strong> <strong>Spa &amp; Resort ***<\/strong><br \/>\r\nChotowa 87c, 39-217 Grabiny, Poland <br \/>\r\nphone\/fax: +48 14 670 65 00, mobile: +48 512 121 972<br \/>\r\n<a href=\"http:\/\/grandchotowa.pl\/\">grandchotowa.pl<\/a> \u00a0 <a href=\"mailto:recepcja@grandchotowa.pl\">recepcja@grandchotowa.pl<\/a><br \/>\r\n<em>updated:January 2026\u00a0<\/em><\/p>\r\n<p>&nbsp;<\/p>\r\n<p><strong>Hotel &#8220;Dolina Pstr\u0105ga&#8221; ***<\/strong><br \/>\r\nMachowa 7a, 39-220 Machowa, Poland<br \/>\r\nphone: +48 14 627 00 28; +48 14 627 00 29, mobile; +48 733 280 800 <br \/>\r\n<a href=\"http:\/\/www.dolinapstraga.pl\">dolinapstraga.pl<\/a> \u00a0 <a href=\"mailto:karczma@dolinapstraga.pl\">karczma@dolinapstraga.pl<\/a><br \/>\r\n<em>updated:January 2026\u00a0<\/em><\/p>\r\n<p>&nbsp;<\/p>\r\n<p>&nbsp;<\/p>\r\n<h3>DISTRICT GORLICE<\/h3>\r\n<p>&nbsp;<\/p>\r\n<p><strong>Grodzka Hotel ** <\/strong>and Restaurant<br \/>\r\nul. Kazimierza Wielkiego 35, 38-340 Biecz, Poland <br \/>\r\nphone\/fax: +48 13 447 11 21<br \/>\r\n<a href=\"http:\/\/www.restauracjagrodzka.pl\">restauracjagrodzka.pl<\/a> \u00a0 <a href=\"mailto:rgrodzka@poczta.onet.pl\">rgrodzka@poczta.onet.pl<\/a><br \/>\r\n<em>updated: January 2026<\/em><\/p>\r\n<p>&nbsp;<\/p>\r\n<p>&nbsp;<\/p>\r\n<h3>DISTRICT NOWY S\u0104CZ<\/h3>\r\n<p>&nbsp;<\/p>\r\n<p><strong>Litwi\u0144ski Hotel<\/strong> ***\u00a0<br \/>\r\nT\u0119goborze 336, 33-312 T\u0119goborze, Poland <br \/>\r\nphone\/fax: +48 18 444 90 25, +48 18 444 90 24<br \/>\r\n<a href=\"http:\/\/www.hotel-litwinski.pl\/hotel\/\">hotel-litwinski.pl<\/a> \u00a0 <a href=\"mailto:hotel@litwiniski.pl\">hotel@litwiniski.pl<\/a><br \/>\r\n<em>updated:January 2026\u00a0<\/em><\/p>\r\n<p>&nbsp;<\/p>\r\n<p><strong>Heron Hotel <\/strong>*****<br \/>\r\nul. Sienna 104, 33-318 Gr\u00f3dek nad Dunajcem<br \/>\r\ntel. (18) 888 85 01<br \/>\r\n<a href=\"http:\/\/www.heron-hotel.com\">heron-hotel.com<\/a> \u00a0 <a href=\"mailto:recepcja@heron-hotel.com\">recepcja@heron-hotel.com<\/a><br \/>\r\n<em>update:January 2026\u00a0<\/em><\/p>\r\n<p>&nbsp;<\/p>","protected":false},"excerpt":{"rendered":"&nbsp; DISTRICT TARN\u00d3W &nbsp; Dunajec Hotel *** ul. Krakowska 85, 33-113 Zg\u0142obice, Poland phone\/fax: +48 14 674 30 96 hoteldunajec.pl \u00a0\u00a0recepcja@hoteldunajec.pl updated: January 2026 &nbsp; Dw\u00f3r Prezydencki Boutique Hotel&amp;Spa ***** [&hellip;]","protected":false},"author":1,"featured_media":0,"parent":9755,"menu_order":825,"comment_status":"closed","ping_status":"closed","template":"","meta":{"_acf_changed":false,"footnotes":""},"tags":[],"class_list":["post-9757","page","type-page","status-publish","hentry"],"acf":{"old_object_id":"4492","old_parent_id":"4490","old_url":"Accommodation\/Hotels\/Tarnow-region","intro_text":"","show_children":"1","class":"folder","type":"single","in_menu":true,"show_date":false,"map":"","old_id":"","rooms_info":"","top_column":"","left_column":"","right_column":"","bottom_column":"","skip_import":false,"_menu_related_id":"96153"},"yoast_head":"<!-- This site is optimized with the Yoast SEO Premium plugin v25.4 (Yoast SEO v25.4) - https:\/\/yoast.com\/wordpress\/plugins\/seo\/ -->\n<title>Tarn\u00f3w region - Tarnowskie Centrum Informacji<\/title>\n<meta name=\"robots\" content=\"index, follow, max-snippet:-1, max-image-preview:large, max-video-preview:-1\" \/>\n<link rel=\"canonical\" href=\"https:\/\/www.it.tarnow.pl\/en\/accommodation\/hotels\/tarnow-region\/\" \/>\n<meta property=\"og:locale\" content=\"en_US\" \/>\n<meta property=\"og:type\" content=\"article\" \/>\n<meta property=\"og:title\" content=\"Tarn\u00f3w region\" \/>\n<meta property=\"og:description\" content=\"&nbsp; DISTRICT TARN\u00d3W &nbsp; Dunajec Hotel *** ul. Krakowska 85, 33-113 Zg\u0142obice, Poland phone\/fax: +48 14 674 30 96 hoteldunajec.pl \u00a0\u00a0recepcja@hoteldunajec.pl updated: January 2026 &nbsp; Dw\u00f3r Prezydencki Boutique Hotel&amp;Spa ***** [&hellip;]\" \/>\n<meta property=\"og:url\" content=\"https:\/\/www.it.tarnow.pl\/en\/accommodation\/hotels\/tarnow-region\/\" \/>\n<meta property=\"og:site_name\" content=\"Tarnowskie Centrum Informacji\" \/>\n<meta property=\"article:modified_time\" content=\"2026-01-16T09:30:24+00:00\" \/>\n<meta name=\"twitter:card\" content=\"summary_large_image\" \/>\n<meta name=\"twitter:label1\" content=\"Est. reading time\" \/>\n\t<meta name=\"twitter:data1\" content=\"5 minutes\" \/>\n<script type=\"application\/ld+json\" class=\"yoast-schema-graph\">{\"@context\":\"https:\/\/schema.org\",\"@graph\":[{\"@type\":\"WebPage\",\"@id\":\"https:\/\/www.it.tarnow.pl\/en\/accommodation\/hotels\/tarnow-region\/\",\"url\":\"https:\/\/www.it.tarnow.pl\/en\/accommodation\/hotels\/tarnow-region\/\",\"name\":\"Tarn\u00f3w region - Tarnowskie Centrum Informacji\",\"isPartOf\":{\"@id\":\"https:\/\/www.it.tarnow.pl\/#website\"},\"datePublished\":\"2010-06-21T06:43:42+00:00\",\"dateModified\":\"2026-01-16T09:30:24+00:00\",\"breadcrumb\":{\"@id\":\"https:\/\/www.it.tarnow.pl\/en\/accommodation\/hotels\/tarnow-region\/#breadcrumb\"},\"inLanguage\":\"en-US\",\"potentialAction\":[{\"@type\":\"ReadAction\",\"target\":[\"https:\/\/www.it.tarnow.pl\/en\/accommodation\/hotels\/tarnow-region\/\"]}]},{\"@type\":\"BreadcrumbList\",\"@id\":\"https:\/\/www.it.tarnow.pl\/en\/accommodation\/hotels\/tarnow-region\/#breadcrumb\",\"itemListElement\":[{\"@type\":\"ListItem\",\"position\":1,\"name\":\"Home page\",\"item\":\"https:\/\/www.it.tarnow.pl\/en\/\"},{\"@type\":\"ListItem\",\"position\":2,\"name\":\"Accommodation\",\"item\":\"https:\/\/www.it.tarnow.pl\/en\/accommodation\/\"},{\"@type\":\"ListItem\",\"position\":3,\"name\":\"Hotels\",\"item\":\"https:\/\/www.it.tarnow.pl\/en\/accommodation\/hotels\/\"},{\"@type\":\"ListItem\",\"position\":4,\"name\":\"Tarn\u00f3w region\"}]},{\"@type\":\"WebSite\",\"@id\":\"https:\/\/www.it.tarnow.pl\/#website\",\"url\":\"https:\/\/www.it.tarnow.pl\/\",\"name\":\"Tarnowskie Centrum Informacji\",\"description\":\"Informacja turystyczna o Tarnowie i regionie tarnowskim.\",\"potentialAction\":[{\"@type\":\"SearchAction\",\"target\":{\"@type\":\"EntryPoint\",\"urlTemplate\":\"https:\/\/www.it.tarnow.pl\/?s={search_term_string}\"},\"query-input\":{\"@type\":\"PropertyValueSpecification\",\"valueRequired\":true,\"valueName\":\"search_term_string\"}}],\"inLanguage\":\"en-US\"}]}<\/script>\n<!-- \/ Yoast SEO Premium plugin. -->","yoast_head_json":{"title":"Tarn\u00f3w region - Tarnowskie Centrum Informacji","robots":{"index":"index","follow":"follow","max-snippet":"max-snippet:-1","max-image-preview":"max-image-preview:large","max-video-preview":"max-video-preview:-1"},"canonical":"https:\/\/www.it.tarnow.pl\/en\/accommodation\/hotels\/tarnow-region\/","og_locale":"en_US","og_type":"article","og_title":"Tarn\u00f3w region","og_description":"&nbsp; DISTRICT TARN\u00d3W &nbsp; Dunajec Hotel *** ul. Krakowska 85, 33-113 Zg\u0142obice, Poland phone\/fax: +48 14 674 30 96 hoteldunajec.pl \u00a0\u00a0recepcja@hoteldunajec.pl updated: January 2026 &nbsp; Dw\u00f3r Prezydencki Boutique Hotel&amp;Spa ***** [&hellip;]","og_url":"https:\/\/www.it.tarnow.pl\/en\/accommodation\/hotels\/tarnow-region\/","og_site_name":"Tarnowskie Centrum Informacji","article_modified_time":"2026-01-16T09:30:24+00:00","twitter_card":"summary_large_image","twitter_misc":{"Est. reading time":"5 minutes"},"schema":{"@context":"https:\/\/schema.org","@graph":[{"@type":"WebPage","@id":"https:\/\/www.it.tarnow.pl\/en\/accommodation\/hotels\/tarnow-region\/","url":"https:\/\/www.it.tarnow.pl\/en\/accommodation\/hotels\/tarnow-region\/","name":"Tarn\u00f3w region - Tarnowskie Centrum Informacji","isPartOf":{"@id":"https:\/\/www.it.tarnow.pl\/#website"},"datePublished":"2010-06-21T06:43:42+00:00","dateModified":"2026-01-16T09:30:24+00:00","breadcrumb":{"@id":"https:\/\/www.it.tarnow.pl\/en\/accommodation\/hotels\/tarnow-region\/#breadcrumb"},"inLanguage":"en-US","potentialAction":[{"@type":"ReadAction","target":["https:\/\/www.it.tarnow.pl\/en\/accommodation\/hotels\/tarnow-region\/"]}]},{"@type":"BreadcrumbList","@id":"https:\/\/www.it.tarnow.pl\/en\/accommodation\/hotels\/tarnow-region\/#breadcrumb","itemListElement":[{"@type":"ListItem","position":1,"name":"Home page","item":"https:\/\/www.it.tarnow.pl\/en\/"},{"@type":"ListItem","position":2,"name":"Accommodation","item":"https:\/\/www.it.tarnow.pl\/en\/accommodation\/"},{"@type":"ListItem","position":3,"name":"Hotels","item":"https:\/\/www.it.tarnow.pl\/en\/accommodation\/hotels\/"},{"@type":"ListItem","position":4,"name":"Tarn\u00f3w region"}]},{"@type":"WebSite","@id":"https:\/\/www.it.tarnow.pl\/#website","url":"https:\/\/www.it.tarnow.pl\/","name":"Tarnowskie Centrum Informacji","description":"Informacja turystyczna o Tarnowie i regionie tarnowskim.","potentialAction":[{"@type":"SearchAction","target":{"@type":"EntryPoint","urlTemplate":"https:\/\/www.it.tarnow.pl\/?s={search_term_string}"},"query-input":{"@type":"PropertyValueSpecification","valueRequired":true,"valueName":"search_term_string"}}],"inLanguage":"en-US"}]}},"_links":{"self":[{"href":"https:\/\/www.it.tarnow.pl\/en\/wp-json\/wp\/v2\/pages\/9757","targetHints":{"allow":["GET"]}}],"collection":[{"href":"https:\/\/www.it.tarnow.pl\/en\/wp-json\/wp\/v2\/pages"}],"about":[{"href":"https:\/\/www.it.tarnow.pl\/en\/wp-json\/wp\/v2\/types\/page"}],"author":[{"embeddable":true,"href":"https:\/\/www.it.tarnow.pl\/en\/wp-json\/wp\/v2\/users\/1"}],"replies":[{"embeddable":true,"href":"https:\/\/www.it.tarnow.pl\/en\/wp-json\/wp\/v2\/comments?post=9757"}],"version-history":[{"count":18,"href":"https:\/\/www.it.tarnow.pl\/en\/wp-json\/wp\/v2\/pages\/9757\/revisions"}],"predecessor-version":[{"id":340208,"href":"https:\/\/www.it.tarnow.pl\/en\/wp-json\/wp\/v2\/pages\/9757\/revisions\/340208"}],"up":[{"embeddable":true,"href":"https:\/\/www.it.tarnow.pl\/en\/wp-json\/wp\/v2\/pages\/9755"}],"wp:attachment":[{"href":"https:\/\/www.it.tarnow.pl\/en\/wp-json\/wp\/v2\/media?parent=9757"}],"wp:term":[{"taxonomy":"post_tag","embeddable":true,"href":"https:\/\/www.it.tarnow.pl\/en\/wp-json\/wp\/v2\/tags?post=9757"}],"curies":[{"name":"wp","href":"https:\/\/api.w.org\/{rel}","templated":true}]}}