{"id":9753,"date":"2011-06-06T19:12:30","date_gmt":"2011-06-06T17:12:30","guid":{"rendered":"http:\/\/www.it.tarnow.pl\/coach-parking-and-pr\/"},"modified":"2026-03-18T10:30:58","modified_gmt":"2026-03-18T09:30:58","slug":"coach-parking-and-pr","status":"publish","type":"page","link":"https:\/\/www.it.tarnow.pl\/en\/getting-here\/coach-parking-and-pr\/","title":{"rendered":"Coach parking and P&#038;R"},"content":{"rendered":"<p><iframe loading=\"lazy\" src=\"https:\/\/mapsengine.google.com\/map\/embed?mid=zBQFYyJ7D-_A.kCqO5NJro9Yg\" width=\"648\" height=\"480\"><\/iframe><\/p>\r\n<p>&nbsp;<\/p>\r\n<p>The City of Tarn\u00f3w has reserved several on street parking spaces exclusively for tourist coaches. The parking spaces are free and conveniently located in the direct neighborhood of the Old Town. Individual tourists can also park their vehicles in two P&amp;R facilities.<\/p>\r\n<p>&nbsp;<\/p>\r\n<div class=\"table-responsive\">\r\n<table class=\"table-comparison table-bordered table-hover table\" style=\"width: 100%;\" border=\"0\" summary=\"123\" width=\"100%\" cellspacing=\"0\" cellpadding=\"2\">\r\n<tbody>\r\n<tr>\r\n<td style=\"vertical-align: top;\" valign=\"top\" width=\"58%\">ul. Goldhammera (on-street, immediately off ul. Mickiewicza)<\/td>\r\n<td style=\"vertical-align: top;\" valign=\"top\" width=\"42%\">GPS 50\u00b000&#8217;55.9&#8243;N 20\u00b059&#8217;22.7&#8243;E<\/td>\r\n<\/tr>\r\n<tr>\r\n<td style=\"vertical-align: top;\" valign=\"top\" width=\"58%\">ul. Lwowska (on-street, along north side of Plac Drzewny square)<\/td>\r\n<td style=\"vertical-align: top;\" valign=\"top\" width=\"42%\">GPS 50\u00b000&#8217;47.1&#8243;N 20\u00b059&#8217;34.5&#8243;E<\/td>\r\n<\/tr>\r\n<tr>\r\n<td style=\"vertical-align: top;\" valign=\"top\" width=\"58%\">ul. ks. J. Marsza\u0142ka (former Kap\u0142an\u00f3wka marketplace, the whole site) suitable for coaches and Park &amp; Ride<\/td>\r\n<td style=\"vertical-align: top;\" valign=\"top\" width=\"42%\">GPS 50\u00b001&#8217;12.1&#8243;N 20\u00b059&#8217;33.3&#8243;E<\/td>\r\n<\/tr>\r\n<tr>\r\n<td style=\"vertical-align: top;\" valign=\"top\" width=\"58%\">ul. Ko\u015bciuszki 10 (Tarnovia Hotel, paid. Visit <a class=\"target_blank\" href=\"http:\/\/www.hotel.tarnovia.pl\">www.hotel.tarnovia.pl<\/a> for details)<\/td>\r\n<td style=\"vertical-align: top;\" valign=\"top\" width=\"42%\">GPS 50\u00b000&#8217;33.8&#8243;N 20\u00b058&#8217;26.7&#8243;E<\/td>\r\n<\/tr>\r\n<tr>\r\n<td style=\"vertical-align: top;\" valign=\"top\" width=\"58%\">ul. Do Huty Park &amp; Ride (multi-storey car park, 3 zl\/24 h)<\/td>\r\n<td style=\"vertical-align: top;\" valign=\"top\" width=\"42%\">GPS 50\u00b000&#8217;15.2&#8243;N 20\u00b058&#8217;26.5&#8243;E<\/td>\r\n<\/tr>\r\n<\/tbody>\r\n<\/table>\r\n<\/div>\r\n<p>Should you have any questions, please feel free to <a class=\"target_blank\" href=\"http:\/\/www.it.tarnow.pl\/en\/about-us\/\">contact us<\/a><\/p>","protected":false},"excerpt":{"rendered":"&nbsp; The City of Tarn\u00f3w has reserved several on street parking spaces exclusively for tourist coaches. The parking spaces are free and conveniently located in the direct neighborhood of the [&hellip;]","protected":false},"author":1,"featured_media":0,"parent":9751,"menu_order":639,"comment_status":"closed","ping_status":"closed","template":"","meta":{"_acf_changed":false,"footnotes":""},"tags":[],"class_list":["post-9753","page","type-page","status-publish","hentry"],"acf":{"old_object_id":"7835","old_parent_id":"212","old_url":"Getting-here\/Coach-parking-and-P-R","intro_text":"","show_children":"1","class":"folder","type":"single","in_menu":true,"show_date":false,"map":"","old_id":"","top_column":"","left_column":"","right_column":"","bottom_column":"","skip_import":false,"_menu_related_id":"96161"},"yoast_head":"<!-- This site is optimized with the Yoast SEO Premium plugin v25.4 (Yoast SEO v25.4) - https:\/\/yoast.com\/wordpress\/plugins\/seo\/ -->\n<title>Coach parking and P&amp;R - Tarnowskie Centrum Informacji<\/title>\n<meta name=\"robots\" content=\"index, follow, max-snippet:-1, max-image-preview:large, max-video-preview:-1\" \/>\n<link rel=\"canonical\" href=\"https:\/\/www.it.tarnow.pl\/en\/getting-here\/coach-parking-and-pr\/\" \/>\n<meta property=\"og:locale\" content=\"en_US\" \/>\n<meta property=\"og:type\" content=\"article\" \/>\n<meta property=\"og:title\" content=\"Coach parking and P&amp;R\" \/>\n<meta property=\"og:description\" content=\"&nbsp; The City of Tarn\u00f3w has reserved several on street parking spaces exclusively for tourist coaches. The parking spaces are free and conveniently located in the direct neighborhood of the [&hellip;]\" \/>\n<meta property=\"og:url\" content=\"https:\/\/www.it.tarnow.pl\/en\/getting-here\/coach-parking-and-pr\/\" \/>\n<meta property=\"og:site_name\" content=\"Tarnowskie Centrum Informacji\" \/>\n<meta property=\"article:modified_time\" content=\"2026-03-18T09:30:58+00:00\" \/>\n<meta name=\"twitter:card\" content=\"summary_large_image\" \/>\n<meta name=\"twitter:label1\" content=\"Est. reading time\" \/>\n\t<meta name=\"twitter:data1\" content=\"1 minute\" \/>\n<script type=\"application\/ld+json\" class=\"yoast-schema-graph\">{\"@context\":\"https:\/\/schema.org\",\"@graph\":[{\"@type\":\"WebPage\",\"@id\":\"https:\/\/www.it.tarnow.pl\/en\/getting-here\/coach-parking-and-pr\/\",\"url\":\"https:\/\/www.it.tarnow.pl\/en\/getting-here\/coach-parking-and-pr\/\",\"name\":\"Coach parking and P&R - Tarnowskie Centrum Informacji\",\"isPartOf\":{\"@id\":\"https:\/\/www.it.tarnow.pl\/#website\"},\"datePublished\":\"2011-06-06T17:12:30+00:00\",\"dateModified\":\"2026-03-18T09:30:58+00:00\",\"breadcrumb\":{\"@id\":\"https:\/\/www.it.tarnow.pl\/en\/getting-here\/coach-parking-and-pr\/#breadcrumb\"},\"inLanguage\":\"en-US\",\"potentialAction\":[{\"@type\":\"ReadAction\",\"target\":[\"https:\/\/www.it.tarnow.pl\/en\/getting-here\/coach-parking-and-pr\/\"]}]},{\"@type\":\"BreadcrumbList\",\"@id\":\"https:\/\/www.it.tarnow.pl\/en\/getting-here\/coach-parking-and-pr\/#breadcrumb\",\"itemListElement\":[{\"@type\":\"ListItem\",\"position\":1,\"name\":\"Home page\",\"item\":\"https:\/\/www.it.tarnow.pl\/en\/\"},{\"@type\":\"ListItem\",\"position\":2,\"name\":\"Getting here\",\"item\":\"https:\/\/www.it.tarnow.pl\/en\/getting-here\/\"},{\"@type\":\"ListItem\",\"position\":3,\"name\":\"Coach parking and P&#038;R\"}]},{\"@type\":\"WebSite\",\"@id\":\"https:\/\/www.it.tarnow.pl\/#website\",\"url\":\"https:\/\/www.it.tarnow.pl\/\",\"name\":\"Tarnowskie Centrum Informacji\",\"description\":\"Informacja turystyczna o Tarnowie i regionie tarnowskim.\",\"potentialAction\":[{\"@type\":\"SearchAction\",\"target\":{\"@type\":\"EntryPoint\",\"urlTemplate\":\"https:\/\/www.it.tarnow.pl\/?s={search_term_string}\"},\"query-input\":{\"@type\":\"PropertyValueSpecification\",\"valueRequired\":true,\"valueName\":\"search_term_string\"}}],\"inLanguage\":\"en-US\"}]}<\/script>\n<!-- \/ Yoast SEO Premium plugin. -->","yoast_head_json":{"title":"Coach parking and P&R - Tarnowskie Centrum Informacji","robots":{"index":"index","follow":"follow","max-snippet":"max-snippet:-1","max-image-preview":"max-image-preview:large","max-video-preview":"max-video-preview:-1"},"canonical":"https:\/\/www.it.tarnow.pl\/en\/getting-here\/coach-parking-and-pr\/","og_locale":"en_US","og_type":"article","og_title":"Coach parking and P&R","og_description":"&nbsp; The City of Tarn\u00f3w has reserved several on street parking spaces exclusively for tourist coaches. The parking spaces are free and conveniently located in the direct neighborhood of the [&hellip;]","og_url":"https:\/\/www.it.tarnow.pl\/en\/getting-here\/coach-parking-and-pr\/","og_site_name":"Tarnowskie Centrum Informacji","article_modified_time":"2026-03-18T09:30:58+00:00","twitter_card":"summary_large_image","twitter_misc":{"Est. reading time":"1 minute"},"schema":{"@context":"https:\/\/schema.org","@graph":[{"@type":"WebPage","@id":"https:\/\/www.it.tarnow.pl\/en\/getting-here\/coach-parking-and-pr\/","url":"https:\/\/www.it.tarnow.pl\/en\/getting-here\/coach-parking-and-pr\/","name":"Coach parking and P&R - Tarnowskie Centrum Informacji","isPartOf":{"@id":"https:\/\/www.it.tarnow.pl\/#website"},"datePublished":"2011-06-06T17:12:30+00:00","dateModified":"2026-03-18T09:30:58+00:00","breadcrumb":{"@id":"https:\/\/www.it.tarnow.pl\/en\/getting-here\/coach-parking-and-pr\/#breadcrumb"},"inLanguage":"en-US","potentialAction":[{"@type":"ReadAction","target":["https:\/\/www.it.tarnow.pl\/en\/getting-here\/coach-parking-and-pr\/"]}]},{"@type":"BreadcrumbList","@id":"https:\/\/www.it.tarnow.pl\/en\/getting-here\/coach-parking-and-pr\/#breadcrumb","itemListElement":[{"@type":"ListItem","position":1,"name":"Home page","item":"https:\/\/www.it.tarnow.pl\/en\/"},{"@type":"ListItem","position":2,"name":"Getting here","item":"https:\/\/www.it.tarnow.pl\/en\/getting-here\/"},{"@type":"ListItem","position":3,"name":"Coach parking and P&#038;R"}]},{"@type":"WebSite","@id":"https:\/\/www.it.tarnow.pl\/#website","url":"https:\/\/www.it.tarnow.pl\/","name":"Tarnowskie Centrum Informacji","description":"Informacja turystyczna o Tarnowie i regionie tarnowskim.","potentialAction":[{"@type":"SearchAction","target":{"@type":"EntryPoint","urlTemplate":"https:\/\/www.it.tarnow.pl\/?s={search_term_string}"},"query-input":{"@type":"PropertyValueSpecification","valueRequired":true,"valueName":"search_term_string"}}],"inLanguage":"en-US"}]}},"_links":{"self":[{"href":"https:\/\/www.it.tarnow.pl\/en\/wp-json\/wp\/v2\/pages\/9753","targetHints":{"allow":["GET"]}}],"collection":[{"href":"https:\/\/www.it.tarnow.pl\/en\/wp-json\/wp\/v2\/pages"}],"about":[{"href":"https:\/\/www.it.tarnow.pl\/en\/wp-json\/wp\/v2\/types\/page"}],"author":[{"embeddable":true,"href":"https:\/\/www.it.tarnow.pl\/en\/wp-json\/wp\/v2\/users\/1"}],"replies":[{"embeddable":true,"href":"https:\/\/www.it.tarnow.pl\/en\/wp-json\/wp\/v2\/comments?post=9753"}],"version-history":[{"count":1,"href":"https:\/\/www.it.tarnow.pl\/en\/wp-json\/wp\/v2\/pages\/9753\/revisions"}],"predecessor-version":[{"id":346882,"href":"https:\/\/www.it.tarnow.pl\/en\/wp-json\/wp\/v2\/pages\/9753\/revisions\/346882"}],"up":[{"embeddable":true,"href":"https:\/\/www.it.tarnow.pl\/en\/wp-json\/wp\/v2\/pages\/9751"}],"wp:attachment":[{"href":"https:\/\/www.it.tarnow.pl\/en\/wp-json\/wp\/v2\/media?parent=9753"}],"wp:term":[{"taxonomy":"post_tag","embeddable":true,"href":"https:\/\/www.it.tarnow.pl\/en\/wp-json\/wp\/v2\/tags?post=9753"}],"curies":[{"name":"wp","href":"https:\/\/api.w.org\/{rel}","templated":true}]}}