{"id":9751,"date":"2009-11-30T10:57:51","date_gmt":"2009-11-30T09:57:51","guid":{"rendered":"http:\/\/www.it.tarnow.pl\/getting-here\/"},"modified":"2024-10-25T09:50:01","modified_gmt":"2024-10-25T07:50:01","slug":"getting-here","status":"publish","type":"page","link":"https:\/\/www.it.tarnow.pl\/en\/getting-here\/","title":{"rendered":"Getting here"},"content":{"rendered":"<p><a href=\"#plane\">\u2192 by plane<\/a><\/p>\r\n<p><a href=\"#car\">\u2192 by car<\/a><\/p>\r\n<p><a href=\"#train\">\u2192 train &amp; coach<\/a><\/p>\r\n<p><img loading=\"lazy\" decoding=\"async\" class=\"aligncenter wp-image-37069\" src=\"http:\/\/www.it.tarnow.pl\/wp-content\/uploads\/2019\/02\/dworzec-panorama-02_2_1m_reference.jpg\" alt=\"\" width=\"900\" height=\"219\" \/><\/p>\r\n<p>&nbsp;<\/p>\r\n<p>&nbsp;<\/p>\r\n<p><a id=\"plane\" name=\"plane\"><\/a><\/p>\r\n<h2>\u00a0<b>BY PLANE:<\/b><\/h2>\r\n<p>Local airstrip (for small aircrafts): Tarnow, ul. Lotnicza<\/p>\r\n<p><a href=\"https:\/\/www.facebook.com\/aeroklub.tarnow\/\" target=\"_blank\" rel=\"noopener noreferrer\">www.facebook.com\/aeroklub.tarnow\/<\/a><\/p>\r\n<p>&nbsp;<\/p>\r\n<p>The nearest international airports:<\/p>\r\n<p>&nbsp;<\/p>\r\n<p><b>KRAKOW AIRPORT<\/b> &#8211; 90 km<br \/>\r\n<a class=\"target_blank\" href=\"http:\/\/www.krakowairport.pl\/en\">www.krakowairport.pl<\/a><\/p>\r\n<p>You need to <a class=\"target_blank\" href=\"http:\/\/www.krakowairport.pl\/en\/passenger,c70\/transport,c313\/how-to-get-to-krakow-airport,c314\/\">get to Krakow<\/a> first and then continue by <a href=\"#train\">train or coach<\/a> .<\/p>\r\n<p>&nbsp;<\/p>\r\n<p><b>RZESZ\u00d3W INTERNATIONAL AIRPORT<\/b> &#8211; 90 km<br \/>\r\n<a class=\"target_blank\" href=\"http:\/\/www.rzeszowairport.pl\/en\">www.rzeszowairport.pl<\/a><\/p>\r\n<p>Getting to Tarn\u00f3w:<\/p>\r\n<p>There are no direct connections to Tarn\u00f3w, therefore you need to <a class=\"target_blank\" href=\"http:\/\/www.rzeszowairport.pl\/en\/passenger\/access-to-the-airport\/public-bus\">get to Rzeszow<\/a> first, and then continue by <a href=\"#train\">train or coach<\/a> .<\/p>\r\n<p>&nbsp;<\/p>\r\n<p>Visit Flightnetwork for the best\u00a0<a class=\"target_blank\" href=\"https:\/\/www.flightnetwork.com\/destinations\/Krakow.shtml\">flight options to Krakow\u00a0<\/a><\/p>\r\n<p><a class=\"target_blank\" href=\"https:\/\/www.flightnetwork.com\/destinations\/Krakow.shtml\"><img loading=\"lazy\" decoding=\"async\" width=\"400\" height=\"157\" class=\"size-original aligncenter wp-image-156247\" src=\"http:\/\/www.it.tarnow.pl\/wp-content\/uploads\/2019\/03\/FN-logo-web.jpg\" alt=\"\" srcset=\"https:\/\/www.it.tarnow.pl\/wp-content\/uploads\/2019\/03\/FN-logo-web.jpg 400w, https:\/\/www.it.tarnow.pl\/wp-content\/uploads\/2019\/03\/FN-logo-web-300x118.jpg 300w\" sizes=\"auto, (max-width: 400px) 100vw, 400px\" \/><\/a><\/p>\r\n<p>&nbsp;<\/p>\r\n<p><a id=\"car\" name=\"car\"><\/a><\/p>\r\n<h2><b>BY CAR:<\/b><\/h2>\r\n<p>Tarn\u00f3w is located 80 kilometers East from Krakow, along A4 Motorway. Traveling from south or north of Poland take the route 73.<\/p>\r\n<p>\u00a0Distances to Tarn\u00f3w from:<br \/>\r\n\u00a0Krakow Airport: 90 km<br \/>\r\n\u00a0Krak\u00f3w (Cracow): 80 km<br \/>\r\n\u00a0Wieliczka: 70 km<br \/>\r\n\u00a0Warszawa (Warsaw): 298 km<br \/>\r\n\u00a0Cz\u0119stochowa: 200 km<br \/>\r\n\u00a0Rzesz\u00f3w International Airport: 90 km<br \/>\r\n\u00a0Rzesz\u00f3w: 80 km<\/p>\r\n<p>&nbsp;<\/p>\r\n<p>In Poland there is a toll on motorways (A1, A2, A4 and A8). These tolls are collected using two systems:<\/p>\r\n<ul>\r\n\t<li>open system: The tolls are collected at toll booths situated on motorways. The toll depends on the type of vehicle.<\/li>\r\n\t<li>closed system (e-TOLL system): The tolls are collected at toll booths situated on access roads, on junction roads and additionally on the final sections of motorways. The toll depends on type of vehicle and distance covered.<\/li>\r\n<\/ul>\r\n<h1 class=\"pt-0 pb-4 d-none d-sm-block\"><span style=\"font-size: 14pt;\">About e-TOLL<\/span><\/h1>\r\n<div class=\"row\">\r\n<div class=\"umb-grid\">\r\n<div class=\"grid-section\">\r\n<div>\r\n<div class=\"row clearfix\">\r\n<div class=\"col-md-12 column\">\r\n<div>\r\n<p>e-TOLL is an advanced solution developed, implemented, maintained and monitored by the Head of the National Revenue Administration, with the toll collection functionality for vehicles driven on toll sections of roads in Poland under the management of the General Directorate of National Roads and Motorways.<\/p>\r\n<p>It is based on the Global Navigation Satellite System for user position location with the use of virtual gates.<\/p>\r\n<p>Every user of a vehicle with maximum authorised weight exceeding 3.5 tonnes can choose the most convenient method of transmission of location data to the system: via a free application installed on their mobile device; via an external location system, factory mounted in their vehicle (ELS); or using On-Board Units (OBU).<\/p>\r\n<p>System users can use the free app for paying electronic toll and for handling the obligations of sensitive goods carriers in SENT-GEO.<\/p>\r\n<p>Access to the location data transmission devices is based on an open on-board unit (OBU) and external location system (ELS) distribution and sales model, with an extensive choice of legal options, e.g. involving a deposit, sale, or rental. Hence, an OBU or an ELS can be obtained on free market terms. More: <a href=\"https:\/\/etoll.gov.pl\/en\/\">https:\/\/etoll.gov.pl\/en\/<\/a><\/p>\r\n<\/div>\r\n<\/div>\r\n<\/div>\r\n<\/div>\r\n<\/div>\r\n<\/div>\r\n<\/div>\r\n<p>&nbsp;<\/p>\r\n<p>&nbsp;<\/p>\r\n<p><b>Controlled\/Restricted Parking Zone<\/b> <br \/>\r\n\u00a0The center of Tarn\u00f3w is an area where all on-street parking is controlled. To park your car within the zone you need to pay and display. The zone is limited by the following streets:<br \/>\r\n\u00a0Narutowicza \u2013 Konarskiego \u2013 D\u0105browskiego &#8211; Ko\u0142\u0142\u0105taja \u2013 Mostow &#8211; Lwowska &#8211; Starod\u0105browska \u2013 S\u0142oneczna \u2013 Sitko \u2013 S\u0142owackiego &#8211; Nowy \u015awiat \u2013 Solidarno\u015bci \u2013 Szujskiego \u2013 Szkotnik &#8211; Mo\u015bcickiego \u2013 Pu\u0142askiego \u2013 Krakowska.<br \/>\r\nThe pay and display applies also to Dworcowa (near train &amp; coach stations) and Ko\u015bciuszki streets (from Pu\u0142askiego street to Reymonta street).<\/p>\r\n<p>&nbsp;<\/p>\r\n<p>The pay and display machines accept coins and credit\/debit cards (Chip &amp; Pin or contact-less card). Tickets are valid for a given time. Overnight parking (from 6 p.m. until 8 a.m.), weekends and holidays are free of charge.<\/p>\r\n<p>&nbsp;<\/p>\r\n<p>The following charges apply:<\/p>\r\n<ul>\r\n\t<li>60 minutes: 3,90 z\u0142<\/li>\r\n\t<li>two hours: 8,50 z\u0142<\/li>\r\n\t<li>three hours: 13,90 z\u0142<\/li>\r\n\t<li>every hour over 3: 3,90 z\u0142<\/li>\r\n<\/ul>\r\n<p>Up date: 24<sup>th<\/sup> October 2024<\/p>\r\n<p>&nbsp;<\/p>\r\n<p><b>Park &amp; Ride<\/b><\/p>\r\n<p>1. ul. Do Huty (south of the Tarn\u00f3w Train Station). The P&amp;R is connected to the concourse and platforms by pedestrian tunnel. Parking fee is 7 z\u0142\/24h.\u00a0<\/p>\r\n<p>2. ul. ks. J. Marsza\u0142ka (north of the city center, free).\u00a0<\/p>\r\n<p><a class=\"target_blank\" href=\"http:\/\/www.it.tarnow.pl\/en\/getting-here\/coach-parking-and-pr\/\">check the location<\/a> <br \/>\r\n\u00a0<\/p>\r\n<p><a id=\"train\" name=\"train\"><\/a><\/p>\r\n<h2><b>BY TRAIN &amp; COACH:<\/b><\/h2>\r\n<div class=\"separator\">\u00a0<\/div>\r\n<p>&nbsp;<\/p>\r\n<p><img loading=\"lazy\" decoding=\"async\" width=\"400\" height=\"205\" class=\"size-medium alignright wp-image-21499\" src=\"http:\/\/www.it.tarnow.pl\/wp-content\/uploads\/2019\/02\/Dworzec-PKP-9-400x205.jpg\" alt=\"\" srcset=\"https:\/\/www.it.tarnow.pl\/wp-content\/uploads\/2019\/02\/Dworzec-PKP-9-400x205.jpg 400w, https:\/\/www.it.tarnow.pl\/wp-content\/uploads\/2019\/02\/Dworzec-PKP-9-300x154.jpg 300w, https:\/\/www.it.tarnow.pl\/wp-content\/uploads\/2019\/02\/Dworzec-PKP-9.jpg 643w\" sizes=\"auto, (max-width: 400px) 100vw, 400px\" \/><\/p>\r\n<p>Tarn\u00f3w is easy to reach by public transport from across Poland. There are regular rail services to most of the major cities, including Krakow and Warszawa.<\/p>\r\n<p>Average travel times for services from Tarnow:<\/p>\r\n<p>to Warszawa \u2013 from 3:08 h (Express InterCity trains) to\u00a05:00 h (trains and coaches)<br \/>\r\nto Krakow \u2013 from 0:48 h (Express InterCity trains) to 1:15 h (trains SKA 3) and 1:25 (coaches)<br \/>\r\nto Rzeszow &#8211; 1:20 h (trains); 1:25 (coaches)<\/p>\r\n<p>&nbsp;<\/p>\r\n<p><b>Online timetables in English:<\/b><\/p>\r\n<p><a class=\"target_blank\" href=\"http:\/\/rozklad-pkp.pl\/en\">www.pkp.pl<\/a> (trains only)<\/p>\r\n<p><a class=\"target_blank\" href=\"http:\/\/www.portalpasazera.pl\/en\">www.portalpasazera.pl<\/a> \u00a0(trains only)<\/p>\r\n<p><a class=\"target_blank\" href=\"http:\/\/en.e-podroznik.pl\/public\/index.do?\">www.e-podroznik.pl<\/a> (trains and coaches)<\/p>\r\n<p>&nbsp;<\/p>\r\n<p>To check all your bus and rail options from across Poland and the rest of Europe, visit <a class=\"target_blank\" href=\"http:\/\/www.goeuro.com\">GoEuro<\/a> .<\/p>\r\n<p>&nbsp;<\/p>\r\n<p>The fastest railway connections to Krakow, Warsaw and the Tr\u00f3jmiasto (Tricity: Gda\u0144sk, Gdynia, Sopot).<\/p>\r\n<p><img loading=\"lazy\" decoding=\"async\" width=\"407\" height=\"407\" class=\"size-original aligncenter wp-image-30525\" src=\"http:\/\/www.it.tarnow.pl\/wp-content\/uploads\/2019\/02\/mapka-EIP_reference.jpg\" alt=\"\" srcset=\"https:\/\/www.it.tarnow.pl\/wp-content\/uploads\/2019\/02\/mapka-EIP_reference.jpg 407w, https:\/\/www.it.tarnow.pl\/wp-content\/uploads\/2019\/02\/mapka-EIP_reference-250x250.jpg 250w, https:\/\/www.it.tarnow.pl\/wp-content\/uploads\/2019\/02\/mapka-EIP_reference-400x400.jpg 400w, https:\/\/www.it.tarnow.pl\/wp-content\/uploads\/2019\/02\/mapka-EIP_reference-300x300.jpg 300w, https:\/\/www.it.tarnow.pl\/wp-content\/uploads\/2019\/02\/mapka-EIP_reference-150x150.jpg 150w\" sizes=\"auto, (max-width: 407px) 100vw, 407px\" \/><\/p>\r\n<p>&nbsp;<\/p>\r\n<div class=\"separator\">\u00a0<\/div>\r\n<p>&nbsp;<\/p>\r\n<p>\u2192 <a class=\"target_blank\" href=\"http:\/\/europa.eu\/youreurope\/citizens\/travel\/passenger-rights\/index_en.htm\">Passenger Rights in Europe <\/a><\/p>","protected":false},"excerpt":{"rendered":"\u2192 by plane \u2192 by car \u2192 train &amp; coach &nbsp; &nbsp; \u00a0BY PLANE: Local airstrip (for small aircrafts): Tarnow, ul. Lotnicza www.facebook.com\/aeroklub.tarnow\/ &nbsp; The nearest international airports: &nbsp; KRAKOW [&hellip;]","protected":false},"author":1,"featured_media":0,"parent":0,"menu_order":306,"comment_status":"closed","ping_status":"closed","template":"","meta":{"_acf_changed":false,"footnotes":""},"tags":[],"class_list":["post-9751","page","type-page","status-publish","hentry"],"acf":{"old_object_id":"212","old_parent_id":"65","old_url":"Getting-here","intro_text":"","show_children":"1","class":"folder","type":"page","in_menu":true,"show_date":false,"map":"","old_id":"","top_column":"","left_column":"","right_column":"","bottom_column":"","skip_import":false,"_menu_related_id":"96160","rooms_info":""},"yoast_head":"<!-- This site is optimized with the Yoast SEO Premium plugin v25.4 (Yoast SEO v25.4) - https:\/\/yoast.com\/wordpress\/plugins\/seo\/ -->\n<title>Getting here - Tarnowskie Centrum Informacji<\/title>\n<meta name=\"robots\" content=\"index, follow, max-snippet:-1, max-image-preview:large, max-video-preview:-1\" \/>\n<link rel=\"canonical\" href=\"https:\/\/www.it.tarnow.pl\/en\/getting-here\/\" \/>\n<meta property=\"og:locale\" content=\"en_US\" \/>\n<meta property=\"og:type\" content=\"article\" \/>\n<meta property=\"og:title\" content=\"Getting here\" \/>\n<meta property=\"og:description\" content=\"\u2192 by plane \u2192 by car \u2192 train &amp; coach &nbsp; &nbsp; \u00a0BY PLANE: Local airstrip (for small aircrafts): Tarnow, ul. Lotnicza www.facebook.com\/aeroklub.tarnow\/ &nbsp; The nearest international airports: &nbsp; KRAKOW [&hellip;]\" \/>\n<meta property=\"og:url\" content=\"https:\/\/www.it.tarnow.pl\/en\/getting-here\/\" \/>\n<meta property=\"og:site_name\" content=\"Tarnowskie Centrum Informacji\" \/>\n<meta property=\"article:modified_time\" content=\"2024-10-25T07:50:01+00:00\" \/>\n<meta property=\"og:image\" content=\"http:\/\/www.it.tarnow.pl\/wp-content\/uploads\/2019\/02\/dworzec-panorama-02_2_1m_reference.jpg\" \/>\n<meta name=\"twitter:card\" content=\"summary_large_image\" \/>\n<meta name=\"twitter:label1\" content=\"Est. reading time\" \/>\n\t<meta name=\"twitter:data1\" content=\"6 minutes\" \/>\n<script type=\"application\/ld+json\" class=\"yoast-schema-graph\">{\"@context\":\"https:\/\/schema.org\",\"@graph\":[{\"@type\":\"WebPage\",\"@id\":\"https:\/\/www.it.tarnow.pl\/en\/getting-here\/\",\"url\":\"https:\/\/www.it.tarnow.pl\/en\/getting-here\/\",\"name\":\"Getting here - Tarnowskie Centrum Informacji\",\"isPartOf\":{\"@id\":\"https:\/\/www.it.tarnow.pl\/#website\"},\"primaryImageOfPage\":{\"@id\":\"https:\/\/www.it.tarnow.pl\/en\/getting-here\/#primaryimage\"},\"image\":{\"@id\":\"https:\/\/www.it.tarnow.pl\/en\/getting-here\/#primaryimage\"},\"thumbnailUrl\":\"http:\/\/www.it.tarnow.pl\/wp-content\/uploads\/2019\/02\/dworzec-panorama-02_2_1m_reference.jpg\",\"datePublished\":\"2009-11-30T09:57:51+00:00\",\"dateModified\":\"2024-10-25T07:50:01+00:00\",\"breadcrumb\":{\"@id\":\"https:\/\/www.it.tarnow.pl\/en\/getting-here\/#breadcrumb\"},\"inLanguage\":\"en-US\",\"potentialAction\":[{\"@type\":\"ReadAction\",\"target\":[\"https:\/\/www.it.tarnow.pl\/en\/getting-here\/\"]}]},{\"@type\":\"ImageObject\",\"inLanguage\":\"en-US\",\"@id\":\"https:\/\/www.it.tarnow.pl\/en\/getting-here\/#primaryimage\",\"url\":\"http:\/\/www.it.tarnow.pl\/wp-content\/uploads\/2019\/02\/dworzec-panorama-02_2_1m_reference.jpg\",\"contentUrl\":\"http:\/\/www.it.tarnow.pl\/wp-content\/uploads\/2019\/02\/dworzec-panorama-02_2_1m_reference.jpg\"},{\"@type\":\"BreadcrumbList\",\"@id\":\"https:\/\/www.it.tarnow.pl\/en\/getting-here\/#breadcrumb\",\"itemListElement\":[{\"@type\":\"ListItem\",\"position\":1,\"name\":\"Home page\",\"item\":\"https:\/\/www.it.tarnow.pl\/en\/\"},{\"@type\":\"ListItem\",\"position\":2,\"name\":\"Getting here\"}]},{\"@type\":\"WebSite\",\"@id\":\"https:\/\/www.it.tarnow.pl\/#website\",\"url\":\"https:\/\/www.it.tarnow.pl\/\",\"name\":\"Tarnowskie Centrum Informacji\",\"description\":\"Informacja turystyczna o Tarnowie i regionie tarnowskim.\",\"potentialAction\":[{\"@type\":\"SearchAction\",\"target\":{\"@type\":\"EntryPoint\",\"urlTemplate\":\"https:\/\/www.it.tarnow.pl\/?s={search_term_string}\"},\"query-input\":{\"@type\":\"PropertyValueSpecification\",\"valueRequired\":true,\"valueName\":\"search_term_string\"}}],\"inLanguage\":\"en-US\"}]}<\/script>\n<!-- \/ Yoast SEO Premium plugin. -->","yoast_head_json":{"title":"Getting here - Tarnowskie Centrum Informacji","robots":{"index":"index","follow":"follow","max-snippet":"max-snippet:-1","max-image-preview":"max-image-preview:large","max-video-preview":"max-video-preview:-1"},"canonical":"https:\/\/www.it.tarnow.pl\/en\/getting-here\/","og_locale":"en_US","og_type":"article","og_title":"Getting here","og_description":"\u2192 by plane \u2192 by car \u2192 train &amp; coach &nbsp; &nbsp; \u00a0BY PLANE: Local airstrip (for small aircrafts): Tarnow, ul. Lotnicza www.facebook.com\/aeroklub.tarnow\/ &nbsp; The nearest international airports: &nbsp; KRAKOW [&hellip;]","og_url":"https:\/\/www.it.tarnow.pl\/en\/getting-here\/","og_site_name":"Tarnowskie Centrum Informacji","article_modified_time":"2024-10-25T07:50:01+00:00","og_image":[{"url":"http:\/\/www.it.tarnow.pl\/wp-content\/uploads\/2019\/02\/dworzec-panorama-02_2_1m_reference.jpg","type":"","width":"","height":""}],"twitter_card":"summary_large_image","twitter_misc":{"Est. reading time":"6 minutes"},"schema":{"@context":"https:\/\/schema.org","@graph":[{"@type":"WebPage","@id":"https:\/\/www.it.tarnow.pl\/en\/getting-here\/","url":"https:\/\/www.it.tarnow.pl\/en\/getting-here\/","name":"Getting here - Tarnowskie Centrum Informacji","isPartOf":{"@id":"https:\/\/www.it.tarnow.pl\/#website"},"primaryImageOfPage":{"@id":"https:\/\/www.it.tarnow.pl\/en\/getting-here\/#primaryimage"},"image":{"@id":"https:\/\/www.it.tarnow.pl\/en\/getting-here\/#primaryimage"},"thumbnailUrl":"http:\/\/www.it.tarnow.pl\/wp-content\/uploads\/2019\/02\/dworzec-panorama-02_2_1m_reference.jpg","datePublished":"2009-11-30T09:57:51+00:00","dateModified":"2024-10-25T07:50:01+00:00","breadcrumb":{"@id":"https:\/\/www.it.tarnow.pl\/en\/getting-here\/#breadcrumb"},"inLanguage":"en-US","potentialAction":[{"@type":"ReadAction","target":["https:\/\/www.it.tarnow.pl\/en\/getting-here\/"]}]},{"@type":"ImageObject","inLanguage":"en-US","@id":"https:\/\/www.it.tarnow.pl\/en\/getting-here\/#primaryimage","url":"http:\/\/www.it.tarnow.pl\/wp-content\/uploads\/2019\/02\/dworzec-panorama-02_2_1m_reference.jpg","contentUrl":"http:\/\/www.it.tarnow.pl\/wp-content\/uploads\/2019\/02\/dworzec-panorama-02_2_1m_reference.jpg"},{"@type":"BreadcrumbList","@id":"https:\/\/www.it.tarnow.pl\/en\/getting-here\/#breadcrumb","itemListElement":[{"@type":"ListItem","position":1,"name":"Home page","item":"https:\/\/www.it.tarnow.pl\/en\/"},{"@type":"ListItem","position":2,"name":"Getting here"}]},{"@type":"WebSite","@id":"https:\/\/www.it.tarnow.pl\/#website","url":"https:\/\/www.it.tarnow.pl\/","name":"Tarnowskie Centrum Informacji","description":"Informacja turystyczna o Tarnowie i regionie tarnowskim.","potentialAction":[{"@type":"SearchAction","target":{"@type":"EntryPoint","urlTemplate":"https:\/\/www.it.tarnow.pl\/?s={search_term_string}"},"query-input":{"@type":"PropertyValueSpecification","valueRequired":true,"valueName":"search_term_string"}}],"inLanguage":"en-US"}]}},"_links":{"self":[{"href":"https:\/\/www.it.tarnow.pl\/en\/wp-json\/wp\/v2\/pages\/9751","targetHints":{"allow":["GET"]}}],"collection":[{"href":"https:\/\/www.it.tarnow.pl\/en\/wp-json\/wp\/v2\/pages"}],"about":[{"href":"https:\/\/www.it.tarnow.pl\/en\/wp-json\/wp\/v2\/types\/page"}],"author":[{"embeddable":true,"href":"https:\/\/www.it.tarnow.pl\/en\/wp-json\/wp\/v2\/users\/1"}],"replies":[{"embeddable":true,"href":"https:\/\/www.it.tarnow.pl\/en\/wp-json\/wp\/v2\/comments?post=9751"}],"version-history":[{"count":2,"href":"https:\/\/www.it.tarnow.pl\/en\/wp-json\/wp\/v2\/pages\/9751\/revisions"}],"predecessor-version":[{"id":295736,"href":"https:\/\/www.it.tarnow.pl\/en\/wp-json\/wp\/v2\/pages\/9751\/revisions\/295736"}],"wp:attachment":[{"href":"https:\/\/www.it.tarnow.pl\/en\/wp-json\/wp\/v2\/media?parent=9751"}],"wp:term":[{"taxonomy":"post_tag","embeddable":true,"href":"https:\/\/www.it.tarnow.pl\/en\/wp-json\/wp\/v2\/tags?post=9751"}],"curies":[{"name":"wp","href":"https:\/\/api.w.org\/{rel}","templated":true}]}}