{"id":9618,"date":"2010-06-17T10:25:28","date_gmt":"2010-06-17T08:25:28","guid":{"rendered":"http:\/\/www.it.tarnow.pl\/wierzchoslawice-witos-the-birthplace-of-agrarian-movement-water-and-woods\/"},"modified":"2019-04-03T15:15:16","modified_gmt":"2019-04-03T13:15:16","slug":"wierzchoslawice-witos-the-birthplace-of-agrarian-movement-water-and-woods","status":"publish","type":"page","link":"https:\/\/www.it.tarnow.pl\/en\/worth-seeing\/other-interesting-places-in-tarnow-region\/wierzchoslawice-witos-the-birthplace-of-agrarian-movement-water-and-woods\/","title":{"rendered":"Wierzchos\u0142awice (Witos, the birthplace of agrarian movement, water and woods)"},"content":{"rendered":"<p>Location: <\/p>\n<p> County: Tarnowski<br> Commune: Wierzchos\u0142awice <\/p>\n<p> Distance from Tarn\u00f3w: 10 km (Wierzchos\u0142awice), 12 km (Dwudniaki)<br> Driving directions from Tarn\u00f3w: Tarn\u00f3w \u2013 Wierzchos\u0142awice\/Dwudniaki (through: Chysz\u00f3w i Mo\u015bcie) <\/p>\n<p>\u00a0<\/p>\n<p>All of the following attractions are located within Wierzchos\u0142awice commune, on the west bank of Dunajec river, just 10 km west from Tarn\u00f3w:<br><b>Dwudniaki<\/b> \u2013 one of the most popular vacation spot with water activities near Tarn\u00f3w; <br><b>Rad\u0142\u00f3w<\/b> woods surrounding Dwudniaki \u2013 one of the most popular places for mushroom picking;<br><b>Three-kilometer-long walking path<\/b> through the forests between Wierzchos\u0142awice and Dwudniaki \u2013 one of the most popular walking paths in Tarn\u00f3w region;<br><b>The birthplace of Wincenty Witos<\/b> \u2013 one of the most popular pre-war politicians. <\/p>\n<p> Wierzchos\u0142awice is considered the birthplace of Polish agrarian movement. Wincenty Witos was born there in 1874 and buried after his death in 1945. He was a leader of Agrarian Movement and prime minister of The Second Republic of Poland for 3 terms. Every year at the beginning of November members of Polish Peasants Party organize &#8220;Zaduszki witosowe\u201d to keep alive the memory of Witos. It is organized in Wincenty Witos\u2019 Museum, the branch of Tarn\u00f3w Regional Museum, which comprises his family house from 1814 (Witos was born there) and a farm (consisting of a house, stable, two barns and a cellar) which was built by him between 1905 and 1913. Ethnographic exhibits from peasant\u2019s homesteads in Wierzchos\u0142awice, presenting living conditions of the 19th century village, are gathered in the \u201cold house\u201d. The \u201cnew house\u201d is equipped with original furniture and authentic documents. The stable was turned into memorial room presenting Witos\u2019 biography. The exhibition of agrarian organizations\u2019 flags is held in the granary. The most valuable exhibit is a 1928 PSL (Polish People\u2019s Party) flag from its Tarn\u00f3w branch. The authentic barn is equipped with tools that were used by Witos. <\/p>\n<p>\u00a0<\/p>\n<p>More information at: <a href=\"http:\/\/www.wierzchoslawice.pl\/\" class=\"target_blank\">www.wierzchoslawice.pl<\/a>\n and <a href=\"http:\/\/www.muzeum.tarnow.pl\/\" class=\"target_blank\">www.muzeum.tarnow.pl<\/a>\n (Polish only)<\/p>","protected":false},"excerpt":{"rendered":"Location: County: Tarnowski Commune: Wierzchos\u0142awice Distance from Tarn\u00f3w: 10 km (Wierzchos\u0142awice), 12 km (Dwudniaki) Driving directions from Tarn\u00f3w: Tarn\u00f3w \u2013 Wierzchos\u0142awice\/Dwudniaki (through: Chysz\u00f3w i Mo\u015bcie) \u00a0 All of the following [&hellip;]","protected":false},"author":1,"featured_media":0,"parent":9608,"menu_order":845,"comment_status":"closed","ping_status":"closed","template":"","meta":{"_acf_changed":false,"footnotes":""},"tags":[],"class_list":["post-9618","page","type-page","status-publish","hentry"],"acf":{"in_menu":null,"show_date":null,"intro_text":"<p><b>Dwudniaki<\/b> \u2013 one of the most popular vacation spot with water activities near Tarn\u00f3w; <br><b>Rad\u0142\u00f3w<\/b> woods surrounding Dwudniaki \u2013 one of the most popular places for mushroom picking;<br><b>Three-kilometer-long walking path<\/b> through the forests between Wierzchos\u0142awice and Dwudniaki \u2013 one of the most popular walking paths in Tarn\u00f3w region;<br><b>The birthplace of Wincenty Witos<\/b> \u2013 one of the most popular pre-war politicians.<\/p>","map":{"lat":"50.020135","lng":"20.853252","address":"","zoom":12}},"yoast_head":"<!-- This site is optimized with the Yoast SEO Premium plugin v25.4 (Yoast SEO v25.4) - https:\/\/yoast.com\/wordpress\/plugins\/seo\/ -->\n<title>Wierzchos\u0142awice (Witos, the birthplace of agrarian movement, water and woods) - Tarnowskie Centrum Informacji<\/title>\n<meta name=\"robots\" content=\"index, follow, max-snippet:-1, max-image-preview:large, max-video-preview:-1\" \/>\n<link rel=\"canonical\" href=\"https:\/\/www.it.tarnow.pl\/en\/worth-seeing\/other-interesting-places-in-tarnow-region\/wierzchoslawice-witos-the-birthplace-of-agrarian-movement-water-and-woods\/\" \/>\n<meta property=\"og:locale\" content=\"en_US\" \/>\n<meta property=\"og:type\" content=\"article\" \/>\n<meta property=\"og:title\" content=\"Wierzchos\u0142awice (Witos, the birthplace of agrarian movement, water and woods)\" \/>\n<meta property=\"og:description\" content=\"Location: County: Tarnowski Commune: Wierzchos\u0142awice Distance from Tarn\u00f3w: 10 km (Wierzchos\u0142awice), 12 km (Dwudniaki) Driving directions from Tarn\u00f3w: Tarn\u00f3w \u2013 Wierzchos\u0142awice\/Dwudniaki (through: Chysz\u00f3w i Mo\u015bcie) \u00a0 All of the following [&hellip;]\" \/>\n<meta property=\"og:url\" content=\"https:\/\/www.it.tarnow.pl\/en\/worth-seeing\/other-interesting-places-in-tarnow-region\/wierzchoslawice-witos-the-birthplace-of-agrarian-movement-water-and-woods\/\" \/>\n<meta property=\"og:site_name\" content=\"Tarnowskie Centrum Informacji\" \/>\n<meta property=\"article:modified_time\" content=\"2019-04-03T13:15:16+00:00\" \/>\n<meta name=\"twitter:card\" content=\"summary_large_image\" \/>\n<meta name=\"twitter:label1\" content=\"Est. reading time\" \/>\n\t<meta name=\"twitter:data1\" content=\"2 minutes\" \/>\n<script type=\"application\/ld+json\" class=\"yoast-schema-graph\">{\"@context\":\"https:\/\/schema.org\",\"@graph\":[{\"@type\":\"WebPage\",\"@id\":\"https:\/\/www.it.tarnow.pl\/en\/worth-seeing\/other-interesting-places-in-tarnow-region\/wierzchoslawice-witos-the-birthplace-of-agrarian-movement-water-and-woods\/\",\"url\":\"https:\/\/www.it.tarnow.pl\/en\/worth-seeing\/other-interesting-places-in-tarnow-region\/wierzchoslawice-witos-the-birthplace-of-agrarian-movement-water-and-woods\/\",\"name\":\"Wierzchos\u0142awice (Witos, the birthplace of agrarian movement, water and woods) - Tarnowskie Centrum Informacji\",\"isPartOf\":{\"@id\":\"https:\/\/www.it.tarnow.pl\/#website\"},\"datePublished\":\"2010-06-17T08:25:28+00:00\",\"dateModified\":\"2019-04-03T13:15:16+00:00\",\"breadcrumb\":{\"@id\":\"https:\/\/www.it.tarnow.pl\/en\/worth-seeing\/other-interesting-places-in-tarnow-region\/wierzchoslawice-witos-the-birthplace-of-agrarian-movement-water-and-woods\/#breadcrumb\"},\"inLanguage\":\"en-US\",\"potentialAction\":[{\"@type\":\"ReadAction\",\"target\":[\"https:\/\/www.it.tarnow.pl\/en\/worth-seeing\/other-interesting-places-in-tarnow-region\/wierzchoslawice-witos-the-birthplace-of-agrarian-movement-water-and-woods\/\"]}]},{\"@type\":\"BreadcrumbList\",\"@id\":\"https:\/\/www.it.tarnow.pl\/en\/worth-seeing\/other-interesting-places-in-tarnow-region\/wierzchoslawice-witos-the-birthplace-of-agrarian-movement-water-and-woods\/#breadcrumb\",\"itemListElement\":[{\"@type\":\"ListItem\",\"position\":1,\"name\":\"Home page\",\"item\":\"https:\/\/www.it.tarnow.pl\/en\/\"},{\"@type\":\"ListItem\",\"position\":2,\"name\":\"Worth seeing\",\"item\":\"https:\/\/www.it.tarnow.pl\/en\/worth-seeing\/\"},{\"@type\":\"ListItem\",\"position\":3,\"name\":\"Other interesting places in Tarnow region\",\"item\":\"https:\/\/www.it.tarnow.pl\/en\/worth-seeing\/other-interesting-places-in-tarnow-region\/\"},{\"@type\":\"ListItem\",\"position\":4,\"name\":\"Wierzchos\u0142awice (Witos, the birthplace of agrarian movement, water and woods)\"}]},{\"@type\":\"WebSite\",\"@id\":\"https:\/\/www.it.tarnow.pl\/#website\",\"url\":\"https:\/\/www.it.tarnow.pl\/\",\"name\":\"Tarnowskie Centrum Informacji\",\"description\":\"Informacja turystyczna o Tarnowie i regionie tarnowskim.\",\"potentialAction\":[{\"@type\":\"SearchAction\",\"target\":{\"@type\":\"EntryPoint\",\"urlTemplate\":\"https:\/\/www.it.tarnow.pl\/?s={search_term_string}\"},\"query-input\":{\"@type\":\"PropertyValueSpecification\",\"valueRequired\":true,\"valueName\":\"search_term_string\"}}],\"inLanguage\":\"en-US\"}]}<\/script>\n<!-- \/ Yoast SEO Premium plugin. -->","yoast_head_json":{"title":"Wierzchos\u0142awice (Witos, the birthplace of agrarian movement, water and woods) - Tarnowskie Centrum Informacji","robots":{"index":"index","follow":"follow","max-snippet":"max-snippet:-1","max-image-preview":"max-image-preview:large","max-video-preview":"max-video-preview:-1"},"canonical":"https:\/\/www.it.tarnow.pl\/en\/worth-seeing\/other-interesting-places-in-tarnow-region\/wierzchoslawice-witos-the-birthplace-of-agrarian-movement-water-and-woods\/","og_locale":"en_US","og_type":"article","og_title":"Wierzchos\u0142awice (Witos, the birthplace of agrarian movement, water and woods)","og_description":"Location: County: Tarnowski Commune: Wierzchos\u0142awice Distance from Tarn\u00f3w: 10 km (Wierzchos\u0142awice), 12 km (Dwudniaki) Driving directions from Tarn\u00f3w: Tarn\u00f3w \u2013 Wierzchos\u0142awice\/Dwudniaki (through: Chysz\u00f3w i Mo\u015bcie) \u00a0 All of the following [&hellip;]","og_url":"https:\/\/www.it.tarnow.pl\/en\/worth-seeing\/other-interesting-places-in-tarnow-region\/wierzchoslawice-witos-the-birthplace-of-agrarian-movement-water-and-woods\/","og_site_name":"Tarnowskie Centrum Informacji","article_modified_time":"2019-04-03T13:15:16+00:00","twitter_card":"summary_large_image","twitter_misc":{"Est. reading time":"2 minutes"},"schema":{"@context":"https:\/\/schema.org","@graph":[{"@type":"WebPage","@id":"https:\/\/www.it.tarnow.pl\/en\/worth-seeing\/other-interesting-places-in-tarnow-region\/wierzchoslawice-witos-the-birthplace-of-agrarian-movement-water-and-woods\/","url":"https:\/\/www.it.tarnow.pl\/en\/worth-seeing\/other-interesting-places-in-tarnow-region\/wierzchoslawice-witos-the-birthplace-of-agrarian-movement-water-and-woods\/","name":"Wierzchos\u0142awice (Witos, the birthplace of agrarian movement, water and woods) - Tarnowskie Centrum Informacji","isPartOf":{"@id":"https:\/\/www.it.tarnow.pl\/#website"},"datePublished":"2010-06-17T08:25:28+00:00","dateModified":"2019-04-03T13:15:16+00:00","breadcrumb":{"@id":"https:\/\/www.it.tarnow.pl\/en\/worth-seeing\/other-interesting-places-in-tarnow-region\/wierzchoslawice-witos-the-birthplace-of-agrarian-movement-water-and-woods\/#breadcrumb"},"inLanguage":"en-US","potentialAction":[{"@type":"ReadAction","target":["https:\/\/www.it.tarnow.pl\/en\/worth-seeing\/other-interesting-places-in-tarnow-region\/wierzchoslawice-witos-the-birthplace-of-agrarian-movement-water-and-woods\/"]}]},{"@type":"BreadcrumbList","@id":"https:\/\/www.it.tarnow.pl\/en\/worth-seeing\/other-interesting-places-in-tarnow-region\/wierzchoslawice-witos-the-birthplace-of-agrarian-movement-water-and-woods\/#breadcrumb","itemListElement":[{"@type":"ListItem","position":1,"name":"Home page","item":"https:\/\/www.it.tarnow.pl\/en\/"},{"@type":"ListItem","position":2,"name":"Worth seeing","item":"https:\/\/www.it.tarnow.pl\/en\/worth-seeing\/"},{"@type":"ListItem","position":3,"name":"Other interesting places in Tarnow region","item":"https:\/\/www.it.tarnow.pl\/en\/worth-seeing\/other-interesting-places-in-tarnow-region\/"},{"@type":"ListItem","position":4,"name":"Wierzchos\u0142awice (Witos, the birthplace of agrarian movement, water and woods)"}]},{"@type":"WebSite","@id":"https:\/\/www.it.tarnow.pl\/#website","url":"https:\/\/www.it.tarnow.pl\/","name":"Tarnowskie Centrum Informacji","description":"Informacja turystyczna o Tarnowie i regionie tarnowskim.","potentialAction":[{"@type":"SearchAction","target":{"@type":"EntryPoint","urlTemplate":"https:\/\/www.it.tarnow.pl\/?s={search_term_string}"},"query-input":{"@type":"PropertyValueSpecification","valueRequired":true,"valueName":"search_term_string"}}],"inLanguage":"en-US"}]}},"_links":{"self":[{"href":"https:\/\/www.it.tarnow.pl\/en\/wp-json\/wp\/v2\/pages\/9618","targetHints":{"allow":["GET"]}}],"collection":[{"href":"https:\/\/www.it.tarnow.pl\/en\/wp-json\/wp\/v2\/pages"}],"about":[{"href":"https:\/\/www.it.tarnow.pl\/en\/wp-json\/wp\/v2\/types\/page"}],"author":[{"embeddable":true,"href":"https:\/\/www.it.tarnow.pl\/en\/wp-json\/wp\/v2\/users\/1"}],"replies":[{"embeddable":true,"href":"https:\/\/www.it.tarnow.pl\/en\/wp-json\/wp\/v2\/comments?post=9618"}],"version-history":[{"count":0,"href":"https:\/\/www.it.tarnow.pl\/en\/wp-json\/wp\/v2\/pages\/9618\/revisions"}],"up":[{"embeddable":true,"href":"https:\/\/www.it.tarnow.pl\/en\/wp-json\/wp\/v2\/pages\/9608"}],"wp:attachment":[{"href":"https:\/\/www.it.tarnow.pl\/en\/wp-json\/wp\/v2\/media?parent=9618"}],"wp:term":[{"taxonomy":"post_tag","embeddable":true,"href":"https:\/\/www.it.tarnow.pl\/en\/wp-json\/wp\/v2\/tags?post=9618"}],"curies":[{"name":"wp","href":"https:\/\/api.w.org\/{rel}","templated":true}]}}