{"id":9616,"date":"2010-06-17T09:39:55","date_gmt":"2010-06-17T07:39:55","guid":{"rendered":"http:\/\/www.it.tarnow.pl\/smarzowa-home-town-of-jakub-szela\/"},"modified":"2019-04-03T15:15:16","modified_gmt":"2019-04-03T13:15:16","slug":"smarzowa-home-town-of-jakub-szela","status":"publish","type":"page","link":"https:\/\/www.it.tarnow.pl\/en\/worth-seeing\/other-interesting-places-in-tarnow-region\/smarzowa-home-town-of-jakub-szela\/","title":{"rendered":"Smar\u017cowa (Home town of Jakub Szela)"},"content":{"rendered":"<p>Location: <\/p>\n<p> Province: Podkarpacie<br> District: D\u0119bica<br> Parish: Brzostek <\/p>\n<p> Distance from Tarn\u00f3w: 40 km<br> Driving directions from Tarn\u00f3w: Tarn\u00f3w \u2013 Pilzno (National Road No. 4\/73, towards Rzesz\u00f3w) \u2013 Kamienica Dolna (National Road No. 73, towards Jas\u0142o) \u2013 Gorzejowa \u2013 Smar\u017cowa <\/p>\n<p>\u00a0<\/p>\n<p>Smar\u017cowa is the birthplace of Jakub Szela (born in 1787), who was the leader of the peasant rebellion in 1846. He was a rural wheeler and owner of a small farm. Szela gained authority through his unbreakable attitude in the conflict with Bogusz family (he was representing the whole village). In 1832 he spent 7 weeks in custody in Lvov. He was also persecuted by heirs. Szela paid them back for humiliations on 20th of February 1846. He took part in carnage of Bogusz family in Kamienica Dolna, Siedliska (one can still find graves of the victims there) and in Smar\u017cowa. A few days after the slaughter Jakub Szela became a local peasant leader. He tried to establish order and strengthen his position. Roads to Smar\u017cowa were watched by peasant guards. Szela had his own officer in which he issued passes and safe conducts. Peasants from distant regions came to him for pieces of advice. He tried to lead actions turned against corvee. Szela sent a petition to Lvov to do away with the corvee. The petition was signed by 50 village representatives on 1st April 1846. He lost his faith in success of his action as a result of unfavourable attitude of the authority. On 20th April he arrived voluntary at Tarn\u00f3w on the foreman&#8217;s request where he was held captive. Later Szela was moved to Bukowina where he was given a-few-morga (1 morga = ca. 0,5 ha) homestead. <\/p>\n<p>\u00a0<\/p>\n<p> Over the time Jakub Szela became a legend. Not only was he an interesting object for historians but also writers and poets at the turn of the 18th and 19th centuries. Szela is present in Stanis\u0142aw Wyspia\u0144ski&#8217;s \u201eWesele\u201d. Stefan \u017beromski devoted him his drama &#8211; \u201eTuro\u0144\u201d. <\/p>\n<p>\u00a0<\/p>\n<p> At The Old Cemetery (Stary Cmentarz) in Tarn\u00f3w one can find a collective tomb of the victims of the Peasant Rebellion of 1846. The tomb contains ashes of the owners of villages, tenants, civil servants and priests, who were cruelly murdered by peasants. The tomb became a place of meetings of patriots from Tarn\u00f3w. Next to this shameful mound mortally wounded insurgents from January Uprising were buried. <\/p>\n<p>\u00a0<\/p>\n<p>More information at: <a href=\"http:\/\/www.brzostek.alpha.pl\/\" class=\"target_blank\">www.brzostek.alpha.pl<\/a>\n (Polish only)<\/p>","protected":false},"excerpt":{"rendered":"Location: Province: Podkarpacie District: D\u0119bica Parish: Brzostek Distance from Tarn\u00f3w: 40 km Driving directions from Tarn\u00f3w: Tarn\u00f3w \u2013 Pilzno (National Road No. 4\/73, towards Rzesz\u00f3w) \u2013 Kamienica Dolna (National Road [&hellip;]","protected":false},"author":1,"featured_media":0,"parent":9608,"menu_order":779,"comment_status":"closed","ping_status":"closed","template":"","meta":{"_acf_changed":false,"footnotes":""},"tags":[],"class_list":["post-9616","page","type-page","status-publish","hentry"],"acf":{"in_menu":null,"show_date":null,"intro_text":"<p>Smar\u017cowa is the birthplace of Jakub Szela (born in 1787), who was the leader of the peasant rebellion in 1846. Over the time Jakub Szela became a legend. Not only was he an interesting object for historians but also writers and poets at the turn of the 18th and 19th centuries. Szela is present in Stanis\u0142aw Wyspia\u0144ski's \u201eWesele\u201d. Stefan \u017beromski devoted him his drama - \u201eTuro\u0144\u201d.<\/p>","map":{"lat":"49.918293","lng":"21.44351","address":"","zoom":12}},"yoast_head":"<!-- This site is optimized with the Yoast SEO Premium plugin v25.4 (Yoast SEO v25.4) - https:\/\/yoast.com\/wordpress\/plugins\/seo\/ -->\n<title>Smar\u017cowa (Home town of Jakub Szela) - Tarnowskie Centrum Informacji<\/title>\n<meta name=\"robots\" content=\"index, follow, max-snippet:-1, max-image-preview:large, max-video-preview:-1\" \/>\n<link rel=\"canonical\" href=\"https:\/\/www.it.tarnow.pl\/en\/worth-seeing\/other-interesting-places-in-tarnow-region\/smarzowa-home-town-of-jakub-szela\/\" \/>\n<meta property=\"og:locale\" content=\"en_US\" \/>\n<meta property=\"og:type\" content=\"article\" \/>\n<meta property=\"og:title\" content=\"Smar\u017cowa (Home town of Jakub Szela)\" \/>\n<meta property=\"og:description\" content=\"Location: Province: Podkarpacie District: D\u0119bica Parish: Brzostek Distance from Tarn\u00f3w: 40 km Driving directions from Tarn\u00f3w: Tarn\u00f3w \u2013 Pilzno (National Road No. 4\/73, towards Rzesz\u00f3w) \u2013 Kamienica Dolna (National Road [&hellip;]\" \/>\n<meta property=\"og:url\" content=\"https:\/\/www.it.tarnow.pl\/en\/worth-seeing\/other-interesting-places-in-tarnow-region\/smarzowa-home-town-of-jakub-szela\/\" \/>\n<meta property=\"og:site_name\" content=\"Tarnowskie Centrum Informacji\" \/>\n<meta property=\"article:modified_time\" content=\"2019-04-03T13:15:16+00:00\" \/>\n<meta name=\"twitter:card\" content=\"summary_large_image\" \/>\n<meta name=\"twitter:label1\" content=\"Est. reading time\" \/>\n\t<meta name=\"twitter:data1\" content=\"2 minutes\" \/>\n<script type=\"application\/ld+json\" class=\"yoast-schema-graph\">{\"@context\":\"https:\/\/schema.org\",\"@graph\":[{\"@type\":\"WebPage\",\"@id\":\"https:\/\/www.it.tarnow.pl\/en\/worth-seeing\/other-interesting-places-in-tarnow-region\/smarzowa-home-town-of-jakub-szela\/\",\"url\":\"https:\/\/www.it.tarnow.pl\/en\/worth-seeing\/other-interesting-places-in-tarnow-region\/smarzowa-home-town-of-jakub-szela\/\",\"name\":\"Smar\u017cowa (Home town of Jakub Szela) - Tarnowskie Centrum Informacji\",\"isPartOf\":{\"@id\":\"https:\/\/www.it.tarnow.pl\/#website\"},\"datePublished\":\"2010-06-17T07:39:55+00:00\",\"dateModified\":\"2019-04-03T13:15:16+00:00\",\"breadcrumb\":{\"@id\":\"https:\/\/www.it.tarnow.pl\/en\/worth-seeing\/other-interesting-places-in-tarnow-region\/smarzowa-home-town-of-jakub-szela\/#breadcrumb\"},\"inLanguage\":\"en-US\",\"potentialAction\":[{\"@type\":\"ReadAction\",\"target\":[\"https:\/\/www.it.tarnow.pl\/en\/worth-seeing\/other-interesting-places-in-tarnow-region\/smarzowa-home-town-of-jakub-szela\/\"]}]},{\"@type\":\"BreadcrumbList\",\"@id\":\"https:\/\/www.it.tarnow.pl\/en\/worth-seeing\/other-interesting-places-in-tarnow-region\/smarzowa-home-town-of-jakub-szela\/#breadcrumb\",\"itemListElement\":[{\"@type\":\"ListItem\",\"position\":1,\"name\":\"Home page\",\"item\":\"https:\/\/www.it.tarnow.pl\/en\/\"},{\"@type\":\"ListItem\",\"position\":2,\"name\":\"Worth seeing\",\"item\":\"https:\/\/www.it.tarnow.pl\/en\/worth-seeing\/\"},{\"@type\":\"ListItem\",\"position\":3,\"name\":\"Other interesting places in Tarnow region\",\"item\":\"https:\/\/www.it.tarnow.pl\/en\/worth-seeing\/other-interesting-places-in-tarnow-region\/\"},{\"@type\":\"ListItem\",\"position\":4,\"name\":\"Smar\u017cowa (Home town of Jakub Szela)\"}]},{\"@type\":\"WebSite\",\"@id\":\"https:\/\/www.it.tarnow.pl\/#website\",\"url\":\"https:\/\/www.it.tarnow.pl\/\",\"name\":\"Tarnowskie Centrum Informacji\",\"description\":\"Informacja turystyczna o Tarnowie i regionie tarnowskim.\",\"potentialAction\":[{\"@type\":\"SearchAction\",\"target\":{\"@type\":\"EntryPoint\",\"urlTemplate\":\"https:\/\/www.it.tarnow.pl\/?s={search_term_string}\"},\"query-input\":{\"@type\":\"PropertyValueSpecification\",\"valueRequired\":true,\"valueName\":\"search_term_string\"}}],\"inLanguage\":\"en-US\"}]}<\/script>\n<!-- \/ Yoast SEO Premium plugin. -->","yoast_head_json":{"title":"Smar\u017cowa (Home town of Jakub Szela) - Tarnowskie Centrum Informacji","robots":{"index":"index","follow":"follow","max-snippet":"max-snippet:-1","max-image-preview":"max-image-preview:large","max-video-preview":"max-video-preview:-1"},"canonical":"https:\/\/www.it.tarnow.pl\/en\/worth-seeing\/other-interesting-places-in-tarnow-region\/smarzowa-home-town-of-jakub-szela\/","og_locale":"en_US","og_type":"article","og_title":"Smar\u017cowa (Home town of Jakub Szela)","og_description":"Location: Province: Podkarpacie District: D\u0119bica Parish: Brzostek Distance from Tarn\u00f3w: 40 km Driving directions from Tarn\u00f3w: Tarn\u00f3w \u2013 Pilzno (National Road No. 4\/73, towards Rzesz\u00f3w) \u2013 Kamienica Dolna (National Road [&hellip;]","og_url":"https:\/\/www.it.tarnow.pl\/en\/worth-seeing\/other-interesting-places-in-tarnow-region\/smarzowa-home-town-of-jakub-szela\/","og_site_name":"Tarnowskie Centrum Informacji","article_modified_time":"2019-04-03T13:15:16+00:00","twitter_card":"summary_large_image","twitter_misc":{"Est. reading time":"2 minutes"},"schema":{"@context":"https:\/\/schema.org","@graph":[{"@type":"WebPage","@id":"https:\/\/www.it.tarnow.pl\/en\/worth-seeing\/other-interesting-places-in-tarnow-region\/smarzowa-home-town-of-jakub-szela\/","url":"https:\/\/www.it.tarnow.pl\/en\/worth-seeing\/other-interesting-places-in-tarnow-region\/smarzowa-home-town-of-jakub-szela\/","name":"Smar\u017cowa (Home town of Jakub Szela) - Tarnowskie Centrum Informacji","isPartOf":{"@id":"https:\/\/www.it.tarnow.pl\/#website"},"datePublished":"2010-06-17T07:39:55+00:00","dateModified":"2019-04-03T13:15:16+00:00","breadcrumb":{"@id":"https:\/\/www.it.tarnow.pl\/en\/worth-seeing\/other-interesting-places-in-tarnow-region\/smarzowa-home-town-of-jakub-szela\/#breadcrumb"},"inLanguage":"en-US","potentialAction":[{"@type":"ReadAction","target":["https:\/\/www.it.tarnow.pl\/en\/worth-seeing\/other-interesting-places-in-tarnow-region\/smarzowa-home-town-of-jakub-szela\/"]}]},{"@type":"BreadcrumbList","@id":"https:\/\/www.it.tarnow.pl\/en\/worth-seeing\/other-interesting-places-in-tarnow-region\/smarzowa-home-town-of-jakub-szela\/#breadcrumb","itemListElement":[{"@type":"ListItem","position":1,"name":"Home page","item":"https:\/\/www.it.tarnow.pl\/en\/"},{"@type":"ListItem","position":2,"name":"Worth seeing","item":"https:\/\/www.it.tarnow.pl\/en\/worth-seeing\/"},{"@type":"ListItem","position":3,"name":"Other interesting places in Tarnow region","item":"https:\/\/www.it.tarnow.pl\/en\/worth-seeing\/other-interesting-places-in-tarnow-region\/"},{"@type":"ListItem","position":4,"name":"Smar\u017cowa (Home town of Jakub Szela)"}]},{"@type":"WebSite","@id":"https:\/\/www.it.tarnow.pl\/#website","url":"https:\/\/www.it.tarnow.pl\/","name":"Tarnowskie Centrum Informacji","description":"Informacja turystyczna o Tarnowie i regionie tarnowskim.","potentialAction":[{"@type":"SearchAction","target":{"@type":"EntryPoint","urlTemplate":"https:\/\/www.it.tarnow.pl\/?s={search_term_string}"},"query-input":{"@type":"PropertyValueSpecification","valueRequired":true,"valueName":"search_term_string"}}],"inLanguage":"en-US"}]}},"_links":{"self":[{"href":"https:\/\/www.it.tarnow.pl\/en\/wp-json\/wp\/v2\/pages\/9616","targetHints":{"allow":["GET"]}}],"collection":[{"href":"https:\/\/www.it.tarnow.pl\/en\/wp-json\/wp\/v2\/pages"}],"about":[{"href":"https:\/\/www.it.tarnow.pl\/en\/wp-json\/wp\/v2\/types\/page"}],"author":[{"embeddable":true,"href":"https:\/\/www.it.tarnow.pl\/en\/wp-json\/wp\/v2\/users\/1"}],"replies":[{"embeddable":true,"href":"https:\/\/www.it.tarnow.pl\/en\/wp-json\/wp\/v2\/comments?post=9616"}],"version-history":[{"count":0,"href":"https:\/\/www.it.tarnow.pl\/en\/wp-json\/wp\/v2\/pages\/9616\/revisions"}],"up":[{"embeddable":true,"href":"https:\/\/www.it.tarnow.pl\/en\/wp-json\/wp\/v2\/pages\/9608"}],"wp:attachment":[{"href":"https:\/\/www.it.tarnow.pl\/en\/wp-json\/wp\/v2\/media?parent=9616"}],"wp:term":[{"taxonomy":"post_tag","embeddable":true,"href":"https:\/\/www.it.tarnow.pl\/en\/wp-json\/wp\/v2\/tags?post=9616"}],"curies":[{"name":"wp","href":"https:\/\/api.w.org\/{rel}","templated":true}]}}