{"id":9615,"date":"2010-06-17T09:29:12","date_gmt":"2010-06-17T07:29:12","guid":{"rendered":"http:\/\/www.it.tarnow.pl\/radomysl-wielki-a-plane-on-the-market-square\/"},"modified":"2019-04-03T15:15:16","modified_gmt":"2019-04-03T13:15:16","slug":"radomysl-wielki-a-plane-on-the-market-square","status":"publish","type":"page","link":"https:\/\/www.it.tarnow.pl\/en\/worth-seeing\/other-interesting-places-in-tarnow-region\/radomysl-wielki-a-plane-on-the-market-square\/","title":{"rendered":"Radomy\u015bl Wielki (a plane on the market square)"},"content":{"rendered":"<p>Location: <\/p>\n<p> Province: Podkarpackie <br> County: Mielecki<br> Commune: Radomy\u015bl Wielki <\/p>\n<p> Distance from Tarn\u00f3w: 30 km<br> Driving directions from: Tarn\u00f3w \u2013 Lisia G\u00f3ra (National road No. 73, towards Kielce) \u2013 Radomy\u015bl Wielki (National road No. 984, towards Mielec) <\/p>\n<p>\u00a0<\/p>\n<p>On the market square in Radomy\u015bl Wielki, by the road from Tarn\u00f3w to Mielec, on a socle stands an M-2 plane. It is the prototype worked up and built in 1956 in PZL-WSK factory in Mielec. M-2 was a project developed by the first post-war graduates of Aviation Department of the Warsaw Institute of Technology, supervised by engineer Stanis\u0142aw Jarycha. Nowadays only two M-2 plane remained. The second one is exposed in Aviation Museum in Cracow. <\/p>\n<p> The M-2 SP-PBA was developed for training pilots in civil aero clubs but Russians supervising the company considered it dangerously good and killed the project. Complete documentation was sent to USSR. Official statement issued later pointed engine failure as a reason for not allowing mass-production of the plane. <\/p>\n<p> On 14 September 1998 (80th anniversary of Polish Air force) the plane was turned into a monument of Polish Air Force Pilots Fighting in the West who were born in Radomy\u015bl region. Local association put an obelisk right next to the plane, with two plaques with inscriptions: <\/p>\n<p>\u00a0<\/p>\n<p> <i>Plaque no. 1<\/i><br> In the memory of heroic Pilots <br> from Polish Air Forces fighting in the West<br> who were born in Radomy\u015bl region <br> Gen. pilot Boles\u0142aw Stacho\u0144 \u2013 D.B. 301<br> Lt. pilot Henryk Mermel \u2013 D.M. 303<br> Lieutenant colonel pilot Henryk Trybulec \u2013 D.M. 302 <\/p>\n<p>\u00a0<\/p>\n<p> <i> Plaque no. 2<\/i><br> Unique sport airplane M-2 produced in 1956<br> In PZL \u2013 WSK aircraft manufacturer in Mielec<br> Designed by Polish constructors<br> Under the supervision of engineer Stanis\u0142aw Jarycha <\/p>\n<p>\u00a0<\/p>\n<p> Lieutenant pilot Henryk Mermel, who fought in a Battle of Britain in a famous 303 Unit, unveiled one of the first of monuments of Polish Air Force Pilots Fighting in the West in Poland. <\/p>\n<p>\u00a0<\/p>\n<p>More information at: <a href=\"http:\/\/www.radomyslwielki.pl\/\" class=\"target_blank\">www.radomyslwielki.pl<\/a>\n (Polish only)<\/p>","protected":false},"excerpt":{"rendered":"Location: Province: Podkarpackie County: Mielecki Commune: Radomy\u015bl Wielki Distance from Tarn\u00f3w: 30 km Driving directions from: Tarn\u00f3w \u2013 Lisia G\u00f3ra (National road No. 73, towards Kielce) \u2013 Radomy\u015bl Wielki (National [&hellip;]","protected":false},"author":1,"featured_media":0,"parent":9608,"menu_order":761,"comment_status":"closed","ping_status":"closed","template":"","meta":{"_acf_changed":false,"footnotes":""},"tags":[],"class_list":["post-9615","page","type-page","status-publish","hentry"],"acf":{"in_menu":null,"show_date":null,"intro_text":"<p>On the market square in Radomy\u015bl Wielki, by the road from Tarn\u00f3w to Mielec, on a socle stands an M-2 plane. It is the prototype worked up and built in 1956 in PZL-WSK factory in Mielec.<\/p>","map":{"lat":"50.196051","lng":"21.276677","address":"","zoom":12}},"yoast_head":"<!-- This site is optimized with the Yoast SEO Premium plugin v25.4 (Yoast SEO v25.4) - https:\/\/yoast.com\/wordpress\/plugins\/seo\/ -->\n<title>Radomy\u015bl Wielki (a plane on the market square) - Tarnowskie Centrum Informacji<\/title>\n<meta name=\"robots\" content=\"index, follow, max-snippet:-1, max-image-preview:large, max-video-preview:-1\" \/>\n<link rel=\"canonical\" href=\"https:\/\/www.it.tarnow.pl\/en\/worth-seeing\/other-interesting-places-in-tarnow-region\/radomysl-wielki-a-plane-on-the-market-square\/\" \/>\n<meta property=\"og:locale\" content=\"en_US\" \/>\n<meta property=\"og:type\" content=\"article\" \/>\n<meta property=\"og:title\" content=\"Radomy\u015bl Wielki (a plane on the market square)\" \/>\n<meta property=\"og:description\" content=\"Location: Province: Podkarpackie County: Mielecki Commune: Radomy\u015bl Wielki Distance from Tarn\u00f3w: 30 km Driving directions from: Tarn\u00f3w \u2013 Lisia G\u00f3ra (National road No. 73, towards Kielce) \u2013 Radomy\u015bl Wielki (National [&hellip;]\" \/>\n<meta property=\"og:url\" content=\"https:\/\/www.it.tarnow.pl\/en\/worth-seeing\/other-interesting-places-in-tarnow-region\/radomysl-wielki-a-plane-on-the-market-square\/\" \/>\n<meta property=\"og:site_name\" content=\"Tarnowskie Centrum Informacji\" \/>\n<meta property=\"article:modified_time\" content=\"2019-04-03T13:15:16+00:00\" \/>\n<meta name=\"twitter:card\" content=\"summary_large_image\" \/>\n<meta name=\"twitter:label1\" content=\"Est. reading time\" \/>\n\t<meta name=\"twitter:data1\" content=\"2 minutes\" \/>\n<script type=\"application\/ld+json\" class=\"yoast-schema-graph\">{\"@context\":\"https:\/\/schema.org\",\"@graph\":[{\"@type\":\"WebPage\",\"@id\":\"https:\/\/www.it.tarnow.pl\/en\/worth-seeing\/other-interesting-places-in-tarnow-region\/radomysl-wielki-a-plane-on-the-market-square\/\",\"url\":\"https:\/\/www.it.tarnow.pl\/en\/worth-seeing\/other-interesting-places-in-tarnow-region\/radomysl-wielki-a-plane-on-the-market-square\/\",\"name\":\"Radomy\u015bl Wielki (a plane on the market square) - Tarnowskie Centrum Informacji\",\"isPartOf\":{\"@id\":\"https:\/\/www.it.tarnow.pl\/#website\"},\"datePublished\":\"2010-06-17T07:29:12+00:00\",\"dateModified\":\"2019-04-03T13:15:16+00:00\",\"breadcrumb\":{\"@id\":\"https:\/\/www.it.tarnow.pl\/en\/worth-seeing\/other-interesting-places-in-tarnow-region\/radomysl-wielki-a-plane-on-the-market-square\/#breadcrumb\"},\"inLanguage\":\"en-US\",\"potentialAction\":[{\"@type\":\"ReadAction\",\"target\":[\"https:\/\/www.it.tarnow.pl\/en\/worth-seeing\/other-interesting-places-in-tarnow-region\/radomysl-wielki-a-plane-on-the-market-square\/\"]}]},{\"@type\":\"BreadcrumbList\",\"@id\":\"https:\/\/www.it.tarnow.pl\/en\/worth-seeing\/other-interesting-places-in-tarnow-region\/radomysl-wielki-a-plane-on-the-market-square\/#breadcrumb\",\"itemListElement\":[{\"@type\":\"ListItem\",\"position\":1,\"name\":\"Home page\",\"item\":\"https:\/\/www.it.tarnow.pl\/en\/\"},{\"@type\":\"ListItem\",\"position\":2,\"name\":\"Worth seeing\",\"item\":\"https:\/\/www.it.tarnow.pl\/en\/worth-seeing\/\"},{\"@type\":\"ListItem\",\"position\":3,\"name\":\"Other interesting places in Tarnow region\",\"item\":\"https:\/\/www.it.tarnow.pl\/en\/worth-seeing\/other-interesting-places-in-tarnow-region\/\"},{\"@type\":\"ListItem\",\"position\":4,\"name\":\"Radomy\u015bl Wielki (a plane on the market square)\"}]},{\"@type\":\"WebSite\",\"@id\":\"https:\/\/www.it.tarnow.pl\/#website\",\"url\":\"https:\/\/www.it.tarnow.pl\/\",\"name\":\"Tarnowskie Centrum Informacji\",\"description\":\"Informacja turystyczna o Tarnowie i regionie tarnowskim.\",\"potentialAction\":[{\"@type\":\"SearchAction\",\"target\":{\"@type\":\"EntryPoint\",\"urlTemplate\":\"https:\/\/www.it.tarnow.pl\/?s={search_term_string}\"},\"query-input\":{\"@type\":\"PropertyValueSpecification\",\"valueRequired\":true,\"valueName\":\"search_term_string\"}}],\"inLanguage\":\"en-US\"}]}<\/script>\n<!-- \/ Yoast SEO Premium plugin. -->","yoast_head_json":{"title":"Radomy\u015bl Wielki (a plane on the market square) - Tarnowskie Centrum Informacji","robots":{"index":"index","follow":"follow","max-snippet":"max-snippet:-1","max-image-preview":"max-image-preview:large","max-video-preview":"max-video-preview:-1"},"canonical":"https:\/\/www.it.tarnow.pl\/en\/worth-seeing\/other-interesting-places-in-tarnow-region\/radomysl-wielki-a-plane-on-the-market-square\/","og_locale":"en_US","og_type":"article","og_title":"Radomy\u015bl Wielki (a plane on the market square)","og_description":"Location: Province: Podkarpackie County: Mielecki Commune: Radomy\u015bl Wielki Distance from Tarn\u00f3w: 30 km Driving directions from: Tarn\u00f3w \u2013 Lisia G\u00f3ra (National road No. 73, towards Kielce) \u2013 Radomy\u015bl Wielki (National [&hellip;]","og_url":"https:\/\/www.it.tarnow.pl\/en\/worth-seeing\/other-interesting-places-in-tarnow-region\/radomysl-wielki-a-plane-on-the-market-square\/","og_site_name":"Tarnowskie Centrum Informacji","article_modified_time":"2019-04-03T13:15:16+00:00","twitter_card":"summary_large_image","twitter_misc":{"Est. reading time":"2 minutes"},"schema":{"@context":"https:\/\/schema.org","@graph":[{"@type":"WebPage","@id":"https:\/\/www.it.tarnow.pl\/en\/worth-seeing\/other-interesting-places-in-tarnow-region\/radomysl-wielki-a-plane-on-the-market-square\/","url":"https:\/\/www.it.tarnow.pl\/en\/worth-seeing\/other-interesting-places-in-tarnow-region\/radomysl-wielki-a-plane-on-the-market-square\/","name":"Radomy\u015bl Wielki (a plane on the market square) - Tarnowskie Centrum Informacji","isPartOf":{"@id":"https:\/\/www.it.tarnow.pl\/#website"},"datePublished":"2010-06-17T07:29:12+00:00","dateModified":"2019-04-03T13:15:16+00:00","breadcrumb":{"@id":"https:\/\/www.it.tarnow.pl\/en\/worth-seeing\/other-interesting-places-in-tarnow-region\/radomysl-wielki-a-plane-on-the-market-square\/#breadcrumb"},"inLanguage":"en-US","potentialAction":[{"@type":"ReadAction","target":["https:\/\/www.it.tarnow.pl\/en\/worth-seeing\/other-interesting-places-in-tarnow-region\/radomysl-wielki-a-plane-on-the-market-square\/"]}]},{"@type":"BreadcrumbList","@id":"https:\/\/www.it.tarnow.pl\/en\/worth-seeing\/other-interesting-places-in-tarnow-region\/radomysl-wielki-a-plane-on-the-market-square\/#breadcrumb","itemListElement":[{"@type":"ListItem","position":1,"name":"Home page","item":"https:\/\/www.it.tarnow.pl\/en\/"},{"@type":"ListItem","position":2,"name":"Worth seeing","item":"https:\/\/www.it.tarnow.pl\/en\/worth-seeing\/"},{"@type":"ListItem","position":3,"name":"Other interesting places in Tarnow region","item":"https:\/\/www.it.tarnow.pl\/en\/worth-seeing\/other-interesting-places-in-tarnow-region\/"},{"@type":"ListItem","position":4,"name":"Radomy\u015bl Wielki (a plane on the market square)"}]},{"@type":"WebSite","@id":"https:\/\/www.it.tarnow.pl\/#website","url":"https:\/\/www.it.tarnow.pl\/","name":"Tarnowskie Centrum Informacji","description":"Informacja turystyczna o Tarnowie i regionie tarnowskim.","potentialAction":[{"@type":"SearchAction","target":{"@type":"EntryPoint","urlTemplate":"https:\/\/www.it.tarnow.pl\/?s={search_term_string}"},"query-input":{"@type":"PropertyValueSpecification","valueRequired":true,"valueName":"search_term_string"}}],"inLanguage":"en-US"}]}},"_links":{"self":[{"href":"https:\/\/www.it.tarnow.pl\/en\/wp-json\/wp\/v2\/pages\/9615","targetHints":{"allow":["GET"]}}],"collection":[{"href":"https:\/\/www.it.tarnow.pl\/en\/wp-json\/wp\/v2\/pages"}],"about":[{"href":"https:\/\/www.it.tarnow.pl\/en\/wp-json\/wp\/v2\/types\/page"}],"author":[{"embeddable":true,"href":"https:\/\/www.it.tarnow.pl\/en\/wp-json\/wp\/v2\/users\/1"}],"replies":[{"embeddable":true,"href":"https:\/\/www.it.tarnow.pl\/en\/wp-json\/wp\/v2\/comments?post=9615"}],"version-history":[{"count":0,"href":"https:\/\/www.it.tarnow.pl\/en\/wp-json\/wp\/v2\/pages\/9615\/revisions"}],"up":[{"embeddable":true,"href":"https:\/\/www.it.tarnow.pl\/en\/wp-json\/wp\/v2\/pages\/9608"}],"wp:attachment":[{"href":"https:\/\/www.it.tarnow.pl\/en\/wp-json\/wp\/v2\/media?parent=9615"}],"wp:term":[{"taxonomy":"post_tag","embeddable":true,"href":"https:\/\/www.it.tarnow.pl\/en\/wp-json\/wp\/v2\/tags?post=9615"}],"curies":[{"name":"wp","href":"https:\/\/api.w.org\/{rel}","templated":true}]}}