{"id":9614,"date":"2010-06-17T09:22:45","date_gmt":"2010-06-17T07:22:45","guid":{"rendered":"http:\/\/www.it.tarnow.pl\/pustkow-death-hill-v-missile-base-and-ss-military-training-ground\/"},"modified":"2019-04-03T15:15:15","modified_gmt":"2019-04-03T13:15:15","slug":"pustkow-death-hill-v-missile-base-and-ss-military-training-ground","status":"publish","type":"page","link":"https:\/\/www.it.tarnow.pl\/en\/worth-seeing\/other-interesting-places-in-tarnow-region\/pustkow-death-hill-v-missile-base-and-ss-military-training-ground\/","title":{"rendered":"Pustk\u00f3w (Death Hill, V-missile base and SS military training ground)"},"content":{"rendered":"<p>Location: <\/p>\n<p> Province: Pokarpacie<br> District: D\u0119bicki<br> Parish: D\u0119bica <\/p>\n<p> Distance from Tarn\u00f3w: 50 km<br> Driving directions from Tarn\u00f3w: Tarn\u00f3w \u2013 D\u0119bica (National road No. 4, towards Rzesz\u00f3w) \u2013 Pustk\u00f3w (County road No. 985, towards Mielec) <\/p>\n<p>\u00a0<\/p>\n<p>Before the World War Two, within the framework of Central Industry District, a housing estate and chemical factories were built. During the WW II there was a massive SS military training ground \u201cTruppen-\u00dcbungsplatz D\u0119bica\u201d (it was 25km long and 20km wide, located between Brze\u017anica, S\u0119dzisz\u00f3w and D\u0119bica \u2013 Mielec railway line) and experimental V-1 and V-2 rockets base. The rockets were tested in separate training ground zone around Blizna town. Information about the experiments was gathered by the Polish military intelligence. In May 1944 V-2 rocket was launched and felt into the Bug River, in area of village Sarnaki but didn\u2019t explode. After an examination by Polish soldiers, the missile was transported by airplane through Tarn\u00f3w and Italy to London (\u201cThird Bridge\u201d action). In the night on 25 July 1944, on a grassy arranged airfield \u201cMotyl\u201d (butterfly), located in Wa\u0142-Ruda town near Tarn\u00f3w, an allied plane &#8211; Douglas C-47 \u201cDakota\u201d &#8211; landed. The plane took cargo and flew back to Brindisi airport in Italy. Action of Polish resistance allowed allies to prevent Great Britain from being destroyed. Knowing structure of the V-2 rockets allies were able to defend themselves effectively. <\/p>\n<p>\u00a0<\/p>\n<p> On this particular military ground SS troops were preparing for a strike on USSR. Military facilities and roads were built by locals and captives: French (there was a French prisoners of war camp in 1940), Soviets (1941-1942), Jews (a camp existed between 1940-1944), and Poles. Due to inhuman treatment, freeze, starvation and diseases prisoners died in great numbers. Many were murdered. It is estimated that during the existence of the military training camp ca. 15000 prisoners died or were killed: 7500 Jews, 5000 Russians and 2500 Poles. Executions and burnings of the corpses took place on a nearby hill called Death Hill. <\/p>\n<p>\u00a0<\/p>\n<p>More information at: <a href=\"http:\/\/www.ugdebica.pl\/\" class=\"target_blank\">www.ugdebica.pl<\/a>\n and <a href=\"..\/..\/..\/..\/..\/atrakcje\/tarnow\/tpl_taka_jest_historia_19.php\" class=\"target_blank\">www.it.tarnow.pl\/atrakcje\/tarnow\/tpl_taka_jest_historia_19.php<\/a>\n (Polish only)<\/p>","protected":false},"excerpt":{"rendered":"Location: Province: Pokarpacie District: D\u0119bicki Parish: D\u0119bica Distance from Tarn\u00f3w: 50 km Driving directions from Tarn\u00f3w: Tarn\u00f3w \u2013 D\u0119bica (National road No. 4, towards Rzesz\u00f3w) \u2013 Pustk\u00f3w (County road No. [&hellip;]","protected":false},"author":1,"featured_media":0,"parent":9608,"menu_order":759,"comment_status":"closed","ping_status":"closed","template":"","meta":{"_acf_changed":false,"footnotes":""},"tags":[],"class_list":["post-9614","page","type-page","status-publish","hentry"],"acf":{"in_menu":null,"show_date":null,"intro_text":"<p>During the WW II there was a massive SS military training ground \u201cTruppen-\u00dcbungsplatz D\u0119bica\u201d (it was 25km long and 20km wide, located between Brze\u017anica, S\u0119dzisz\u00f3w and D\u0119bica \u2013 Mielec railway line) and experimental V-1 and V-2 rockets base.<\/p>","map":{"lat":"49.962609","lng":"21.451728","address":"","zoom":12}},"yoast_head":"<!-- This site is optimized with the Yoast SEO Premium plugin v25.4 (Yoast SEO v25.4) - https:\/\/yoast.com\/wordpress\/plugins\/seo\/ -->\n<title>Pustk\u00f3w (Death Hill, V-missile base and SS military training ground) - Tarnowskie Centrum Informacji<\/title>\n<meta name=\"robots\" content=\"index, follow, max-snippet:-1, max-image-preview:large, max-video-preview:-1\" \/>\n<link rel=\"canonical\" href=\"https:\/\/www.it.tarnow.pl\/en\/worth-seeing\/other-interesting-places-in-tarnow-region\/pustkow-death-hill-v-missile-base-and-ss-military-training-ground\/\" \/>\n<meta property=\"og:locale\" content=\"en_US\" \/>\n<meta property=\"og:type\" content=\"article\" \/>\n<meta property=\"og:title\" content=\"Pustk\u00f3w (Death Hill, V-missile base and SS military training ground)\" \/>\n<meta property=\"og:description\" content=\"Location: Province: Pokarpacie District: D\u0119bicki Parish: D\u0119bica Distance from Tarn\u00f3w: 50 km Driving directions from Tarn\u00f3w: Tarn\u00f3w \u2013 D\u0119bica (National road No. 4, towards Rzesz\u00f3w) \u2013 Pustk\u00f3w (County road No. [&hellip;]\" \/>\n<meta property=\"og:url\" content=\"https:\/\/www.it.tarnow.pl\/en\/worth-seeing\/other-interesting-places-in-tarnow-region\/pustkow-death-hill-v-missile-base-and-ss-military-training-ground\/\" \/>\n<meta property=\"og:site_name\" content=\"Tarnowskie Centrum Informacji\" \/>\n<meta property=\"article:modified_time\" content=\"2019-04-03T13:15:15+00:00\" \/>\n<meta name=\"twitter:card\" content=\"summary_large_image\" \/>\n<meta name=\"twitter:label1\" content=\"Est. reading time\" \/>\n\t<meta name=\"twitter:data1\" content=\"2 minutes\" \/>\n<script type=\"application\/ld+json\" class=\"yoast-schema-graph\">{\"@context\":\"https:\/\/schema.org\",\"@graph\":[{\"@type\":\"WebPage\",\"@id\":\"https:\/\/www.it.tarnow.pl\/en\/worth-seeing\/other-interesting-places-in-tarnow-region\/pustkow-death-hill-v-missile-base-and-ss-military-training-ground\/\",\"url\":\"https:\/\/www.it.tarnow.pl\/en\/worth-seeing\/other-interesting-places-in-tarnow-region\/pustkow-death-hill-v-missile-base-and-ss-military-training-ground\/\",\"name\":\"Pustk\u00f3w (Death Hill, V-missile base and SS military training ground) - Tarnowskie Centrum Informacji\",\"isPartOf\":{\"@id\":\"https:\/\/www.it.tarnow.pl\/#website\"},\"datePublished\":\"2010-06-17T07:22:45+00:00\",\"dateModified\":\"2019-04-03T13:15:15+00:00\",\"breadcrumb\":{\"@id\":\"https:\/\/www.it.tarnow.pl\/en\/worth-seeing\/other-interesting-places-in-tarnow-region\/pustkow-death-hill-v-missile-base-and-ss-military-training-ground\/#breadcrumb\"},\"inLanguage\":\"en-US\",\"potentialAction\":[{\"@type\":\"ReadAction\",\"target\":[\"https:\/\/www.it.tarnow.pl\/en\/worth-seeing\/other-interesting-places-in-tarnow-region\/pustkow-death-hill-v-missile-base-and-ss-military-training-ground\/\"]}]},{\"@type\":\"BreadcrumbList\",\"@id\":\"https:\/\/www.it.tarnow.pl\/en\/worth-seeing\/other-interesting-places-in-tarnow-region\/pustkow-death-hill-v-missile-base-and-ss-military-training-ground\/#breadcrumb\",\"itemListElement\":[{\"@type\":\"ListItem\",\"position\":1,\"name\":\"Home page\",\"item\":\"https:\/\/www.it.tarnow.pl\/en\/\"},{\"@type\":\"ListItem\",\"position\":2,\"name\":\"Worth seeing\",\"item\":\"https:\/\/www.it.tarnow.pl\/en\/worth-seeing\/\"},{\"@type\":\"ListItem\",\"position\":3,\"name\":\"Other interesting places in Tarnow region\",\"item\":\"https:\/\/www.it.tarnow.pl\/en\/worth-seeing\/other-interesting-places-in-tarnow-region\/\"},{\"@type\":\"ListItem\",\"position\":4,\"name\":\"Pustk\u00f3w (Death Hill, V-missile base and SS military training ground)\"}]},{\"@type\":\"WebSite\",\"@id\":\"https:\/\/www.it.tarnow.pl\/#website\",\"url\":\"https:\/\/www.it.tarnow.pl\/\",\"name\":\"Tarnowskie Centrum Informacji\",\"description\":\"Informacja turystyczna o Tarnowie i regionie tarnowskim.\",\"potentialAction\":[{\"@type\":\"SearchAction\",\"target\":{\"@type\":\"EntryPoint\",\"urlTemplate\":\"https:\/\/www.it.tarnow.pl\/?s={search_term_string}\"},\"query-input\":{\"@type\":\"PropertyValueSpecification\",\"valueRequired\":true,\"valueName\":\"search_term_string\"}}],\"inLanguage\":\"en-US\"}]}<\/script>\n<!-- \/ Yoast SEO Premium plugin. -->","yoast_head_json":{"title":"Pustk\u00f3w (Death Hill, V-missile base and SS military training ground) - Tarnowskie Centrum Informacji","robots":{"index":"index","follow":"follow","max-snippet":"max-snippet:-1","max-image-preview":"max-image-preview:large","max-video-preview":"max-video-preview:-1"},"canonical":"https:\/\/www.it.tarnow.pl\/en\/worth-seeing\/other-interesting-places-in-tarnow-region\/pustkow-death-hill-v-missile-base-and-ss-military-training-ground\/","og_locale":"en_US","og_type":"article","og_title":"Pustk\u00f3w (Death Hill, V-missile base and SS military training ground)","og_description":"Location: Province: Pokarpacie District: D\u0119bicki Parish: D\u0119bica Distance from Tarn\u00f3w: 50 km Driving directions from Tarn\u00f3w: Tarn\u00f3w \u2013 D\u0119bica (National road No. 4, towards Rzesz\u00f3w) \u2013 Pustk\u00f3w (County road No. [&hellip;]","og_url":"https:\/\/www.it.tarnow.pl\/en\/worth-seeing\/other-interesting-places-in-tarnow-region\/pustkow-death-hill-v-missile-base-and-ss-military-training-ground\/","og_site_name":"Tarnowskie Centrum Informacji","article_modified_time":"2019-04-03T13:15:15+00:00","twitter_card":"summary_large_image","twitter_misc":{"Est. reading time":"2 minutes"},"schema":{"@context":"https:\/\/schema.org","@graph":[{"@type":"WebPage","@id":"https:\/\/www.it.tarnow.pl\/en\/worth-seeing\/other-interesting-places-in-tarnow-region\/pustkow-death-hill-v-missile-base-and-ss-military-training-ground\/","url":"https:\/\/www.it.tarnow.pl\/en\/worth-seeing\/other-interesting-places-in-tarnow-region\/pustkow-death-hill-v-missile-base-and-ss-military-training-ground\/","name":"Pustk\u00f3w (Death Hill, V-missile base and SS military training ground) - Tarnowskie Centrum Informacji","isPartOf":{"@id":"https:\/\/www.it.tarnow.pl\/#website"},"datePublished":"2010-06-17T07:22:45+00:00","dateModified":"2019-04-03T13:15:15+00:00","breadcrumb":{"@id":"https:\/\/www.it.tarnow.pl\/en\/worth-seeing\/other-interesting-places-in-tarnow-region\/pustkow-death-hill-v-missile-base-and-ss-military-training-ground\/#breadcrumb"},"inLanguage":"en-US","potentialAction":[{"@type":"ReadAction","target":["https:\/\/www.it.tarnow.pl\/en\/worth-seeing\/other-interesting-places-in-tarnow-region\/pustkow-death-hill-v-missile-base-and-ss-military-training-ground\/"]}]},{"@type":"BreadcrumbList","@id":"https:\/\/www.it.tarnow.pl\/en\/worth-seeing\/other-interesting-places-in-tarnow-region\/pustkow-death-hill-v-missile-base-and-ss-military-training-ground\/#breadcrumb","itemListElement":[{"@type":"ListItem","position":1,"name":"Home page","item":"https:\/\/www.it.tarnow.pl\/en\/"},{"@type":"ListItem","position":2,"name":"Worth seeing","item":"https:\/\/www.it.tarnow.pl\/en\/worth-seeing\/"},{"@type":"ListItem","position":3,"name":"Other interesting places in Tarnow region","item":"https:\/\/www.it.tarnow.pl\/en\/worth-seeing\/other-interesting-places-in-tarnow-region\/"},{"@type":"ListItem","position":4,"name":"Pustk\u00f3w (Death Hill, V-missile base and SS military training ground)"}]},{"@type":"WebSite","@id":"https:\/\/www.it.tarnow.pl\/#website","url":"https:\/\/www.it.tarnow.pl\/","name":"Tarnowskie Centrum Informacji","description":"Informacja turystyczna o Tarnowie i regionie tarnowskim.","potentialAction":[{"@type":"SearchAction","target":{"@type":"EntryPoint","urlTemplate":"https:\/\/www.it.tarnow.pl\/?s={search_term_string}"},"query-input":{"@type":"PropertyValueSpecification","valueRequired":true,"valueName":"search_term_string"}}],"inLanguage":"en-US"}]}},"_links":{"self":[{"href":"https:\/\/www.it.tarnow.pl\/en\/wp-json\/wp\/v2\/pages\/9614","targetHints":{"allow":["GET"]}}],"collection":[{"href":"https:\/\/www.it.tarnow.pl\/en\/wp-json\/wp\/v2\/pages"}],"about":[{"href":"https:\/\/www.it.tarnow.pl\/en\/wp-json\/wp\/v2\/types\/page"}],"author":[{"embeddable":true,"href":"https:\/\/www.it.tarnow.pl\/en\/wp-json\/wp\/v2\/users\/1"}],"replies":[{"embeddable":true,"href":"https:\/\/www.it.tarnow.pl\/en\/wp-json\/wp\/v2\/comments?post=9614"}],"version-history":[{"count":0,"href":"https:\/\/www.it.tarnow.pl\/en\/wp-json\/wp\/v2\/pages\/9614\/revisions"}],"up":[{"embeddable":true,"href":"https:\/\/www.it.tarnow.pl\/en\/wp-json\/wp\/v2\/pages\/9608"}],"wp:attachment":[{"href":"https:\/\/www.it.tarnow.pl\/en\/wp-json\/wp\/v2\/media?parent=9614"}],"wp:term":[{"taxonomy":"post_tag","embeddable":true,"href":"https:\/\/www.it.tarnow.pl\/en\/wp-json\/wp\/v2\/tags?post=9614"}],"curies":[{"name":"wp","href":"https:\/\/api.w.org\/{rel}","templated":true}]}}