{"id":9612,"date":"2010-06-17T09:15:44","date_gmt":"2010-06-17T07:15:44","guid":{"rendered":"http:\/\/www.it.tarnow.pl\/mala-christ-the-king-monument\/"},"modified":"2019-04-03T15:15:15","modified_gmt":"2019-04-03T13:15:15","slug":"mala-christ-the-king-monument","status":"publish","type":"page","link":"https:\/\/www.it.tarnow.pl\/en\/worth-seeing\/other-interesting-places-in-tarnow-region\/mala-christ-the-king-monument\/","title":{"rendered":"Ma\u0142a (Christ the King Monument)"},"content":{"rendered":"<p>Location: <\/p>\n<p> Province: Podkarpackie <br> District: Ropczycko &#8211; S\u0119dziszowski<br> Parish: Ropczyce <\/p>\n<p> Distance from Tarnow: 50 km<br> Driving directions from Tarnow: Tarn\u00f3w \u2013 Parkosz (National Road No. 4, towards Rzesz\u00f3w) \u2013 G\u0142obikowa \u2013 Ma\u0142a <\/p>\n<p>\u00a0<\/p>\n<p>In 1937 in the village of Ma\u0142a Christ the King Monument, patterned after the one in Rio de Janerio, was erected. Wojciech Durek, founder of the monument, was a resident of Ma\u0142a, who before World War II held an office of a rector of the Academy of Fine Arts in Krakow. The monument in Ma\u0142a is 17,5m tall, Christ\u2019s arm-span equals 8m (the monument in Rio de Janerio, unveiled in 1931, is 38m tall). <\/p>\n<p>\u00a0<\/p>\n<p> The monument was put up as a vote of thanksgiving for saving the village of Ma\u0142a from a hailstorm that devastated neighboring villages. <\/p>\n<p>\u00a0<\/p>\n<p> See more at: <a href=\"http:\/\/www.ropczyce.umig.gov.pl\/o-gminie\/solectwa\/mala\" class=\"target_blank\">www.ropczyce.umig.gov.pl\/o-gminie\/solectwa\/mala<\/a>\n (Polish only)<\/p>","protected":false},"excerpt":{"rendered":"Location: Province: Podkarpackie District: Ropczycko &#8211; S\u0119dziszowski Parish: Ropczyce Distance from Tarnow: 50 km Driving directions from Tarnow: Tarn\u00f3w \u2013 Parkosz (National Road No. 4, towards Rzesz\u00f3w) \u2013 G\u0142obikowa \u2013 [&hellip;]","protected":false},"author":1,"featured_media":0,"parent":9608,"menu_order":699,"comment_status":"closed","ping_status":"closed","template":"","meta":{"_acf_changed":false,"footnotes":""},"tags":[],"class_list":["post-9612","page","type-page","status-publish","hentry"],"acf":{"in_menu":null,"show_date":null,"intro_text":"<p>In 1937 in the village of Ma\u0142a Christ the King Monument, patterned after the one in Rio de Janerio, was erected.<\/p>","map":{"lat":"49.964149","lng":"21.511595","address":"","zoom":12}},"yoast_head":"<!-- This site is optimized with the Yoast SEO Premium plugin v25.4 (Yoast SEO v25.4) - https:\/\/yoast.com\/wordpress\/plugins\/seo\/ -->\n<title>Ma\u0142a (Christ the King Monument) - Tarnowskie Centrum Informacji<\/title>\n<meta name=\"robots\" content=\"index, follow, max-snippet:-1, max-image-preview:large, max-video-preview:-1\" \/>\n<link rel=\"canonical\" href=\"https:\/\/www.it.tarnow.pl\/en\/worth-seeing\/other-interesting-places-in-tarnow-region\/mala-christ-the-king-monument\/\" \/>\n<meta property=\"og:locale\" content=\"en_US\" \/>\n<meta property=\"og:type\" content=\"article\" \/>\n<meta property=\"og:title\" content=\"Ma\u0142a (Christ the King Monument)\" \/>\n<meta property=\"og:description\" content=\"Location: Province: Podkarpackie District: Ropczycko &#8211; S\u0119dziszowski Parish: Ropczyce Distance from Tarnow: 50 km Driving directions from Tarnow: Tarn\u00f3w \u2013 Parkosz (National Road No. 4, towards Rzesz\u00f3w) \u2013 G\u0142obikowa \u2013 [&hellip;]\" \/>\n<meta property=\"og:url\" content=\"https:\/\/www.it.tarnow.pl\/en\/worth-seeing\/other-interesting-places-in-tarnow-region\/mala-christ-the-king-monument\/\" \/>\n<meta property=\"og:site_name\" content=\"Tarnowskie Centrum Informacji\" \/>\n<meta property=\"article:modified_time\" content=\"2019-04-03T13:15:15+00:00\" \/>\n<meta name=\"twitter:card\" content=\"summary_large_image\" \/>\n<meta name=\"twitter:label1\" content=\"Est. reading time\" \/>\n\t<meta name=\"twitter:data1\" content=\"1 minute\" \/>\n<script type=\"application\/ld+json\" class=\"yoast-schema-graph\">{\"@context\":\"https:\/\/schema.org\",\"@graph\":[{\"@type\":\"WebPage\",\"@id\":\"https:\/\/www.it.tarnow.pl\/en\/worth-seeing\/other-interesting-places-in-tarnow-region\/mala-christ-the-king-monument\/\",\"url\":\"https:\/\/www.it.tarnow.pl\/en\/worth-seeing\/other-interesting-places-in-tarnow-region\/mala-christ-the-king-monument\/\",\"name\":\"Ma\u0142a (Christ the King Monument) - Tarnowskie Centrum Informacji\",\"isPartOf\":{\"@id\":\"https:\/\/www.it.tarnow.pl\/#website\"},\"datePublished\":\"2010-06-17T07:15:44+00:00\",\"dateModified\":\"2019-04-03T13:15:15+00:00\",\"breadcrumb\":{\"@id\":\"https:\/\/www.it.tarnow.pl\/en\/worth-seeing\/other-interesting-places-in-tarnow-region\/mala-christ-the-king-monument\/#breadcrumb\"},\"inLanguage\":\"en-US\",\"potentialAction\":[{\"@type\":\"ReadAction\",\"target\":[\"https:\/\/www.it.tarnow.pl\/en\/worth-seeing\/other-interesting-places-in-tarnow-region\/mala-christ-the-king-monument\/\"]}]},{\"@type\":\"BreadcrumbList\",\"@id\":\"https:\/\/www.it.tarnow.pl\/en\/worth-seeing\/other-interesting-places-in-tarnow-region\/mala-christ-the-king-monument\/#breadcrumb\",\"itemListElement\":[{\"@type\":\"ListItem\",\"position\":1,\"name\":\"Home page\",\"item\":\"https:\/\/www.it.tarnow.pl\/en\/\"},{\"@type\":\"ListItem\",\"position\":2,\"name\":\"Worth seeing\",\"item\":\"https:\/\/www.it.tarnow.pl\/en\/worth-seeing\/\"},{\"@type\":\"ListItem\",\"position\":3,\"name\":\"Other interesting places in Tarnow region\",\"item\":\"https:\/\/www.it.tarnow.pl\/en\/worth-seeing\/other-interesting-places-in-tarnow-region\/\"},{\"@type\":\"ListItem\",\"position\":4,\"name\":\"Ma\u0142a (Christ the King Monument)\"}]},{\"@type\":\"WebSite\",\"@id\":\"https:\/\/www.it.tarnow.pl\/#website\",\"url\":\"https:\/\/www.it.tarnow.pl\/\",\"name\":\"Tarnowskie Centrum Informacji\",\"description\":\"Informacja turystyczna o Tarnowie i regionie tarnowskim.\",\"potentialAction\":[{\"@type\":\"SearchAction\",\"target\":{\"@type\":\"EntryPoint\",\"urlTemplate\":\"https:\/\/www.it.tarnow.pl\/?s={search_term_string}\"},\"query-input\":{\"@type\":\"PropertyValueSpecification\",\"valueRequired\":true,\"valueName\":\"search_term_string\"}}],\"inLanguage\":\"en-US\"}]}<\/script>\n<!-- \/ Yoast SEO Premium plugin. -->","yoast_head_json":{"title":"Ma\u0142a (Christ the King Monument) - Tarnowskie Centrum Informacji","robots":{"index":"index","follow":"follow","max-snippet":"max-snippet:-1","max-image-preview":"max-image-preview:large","max-video-preview":"max-video-preview:-1"},"canonical":"https:\/\/www.it.tarnow.pl\/en\/worth-seeing\/other-interesting-places-in-tarnow-region\/mala-christ-the-king-monument\/","og_locale":"en_US","og_type":"article","og_title":"Ma\u0142a (Christ the King Monument)","og_description":"Location: Province: Podkarpackie District: Ropczycko &#8211; S\u0119dziszowski Parish: Ropczyce Distance from Tarnow: 50 km Driving directions from Tarnow: Tarn\u00f3w \u2013 Parkosz (National Road No. 4, towards Rzesz\u00f3w) \u2013 G\u0142obikowa \u2013 [&hellip;]","og_url":"https:\/\/www.it.tarnow.pl\/en\/worth-seeing\/other-interesting-places-in-tarnow-region\/mala-christ-the-king-monument\/","og_site_name":"Tarnowskie Centrum Informacji","article_modified_time":"2019-04-03T13:15:15+00:00","twitter_card":"summary_large_image","twitter_misc":{"Est. reading time":"1 minute"},"schema":{"@context":"https:\/\/schema.org","@graph":[{"@type":"WebPage","@id":"https:\/\/www.it.tarnow.pl\/en\/worth-seeing\/other-interesting-places-in-tarnow-region\/mala-christ-the-king-monument\/","url":"https:\/\/www.it.tarnow.pl\/en\/worth-seeing\/other-interesting-places-in-tarnow-region\/mala-christ-the-king-monument\/","name":"Ma\u0142a (Christ the King Monument) - Tarnowskie Centrum Informacji","isPartOf":{"@id":"https:\/\/www.it.tarnow.pl\/#website"},"datePublished":"2010-06-17T07:15:44+00:00","dateModified":"2019-04-03T13:15:15+00:00","breadcrumb":{"@id":"https:\/\/www.it.tarnow.pl\/en\/worth-seeing\/other-interesting-places-in-tarnow-region\/mala-christ-the-king-monument\/#breadcrumb"},"inLanguage":"en-US","potentialAction":[{"@type":"ReadAction","target":["https:\/\/www.it.tarnow.pl\/en\/worth-seeing\/other-interesting-places-in-tarnow-region\/mala-christ-the-king-monument\/"]}]},{"@type":"BreadcrumbList","@id":"https:\/\/www.it.tarnow.pl\/en\/worth-seeing\/other-interesting-places-in-tarnow-region\/mala-christ-the-king-monument\/#breadcrumb","itemListElement":[{"@type":"ListItem","position":1,"name":"Home page","item":"https:\/\/www.it.tarnow.pl\/en\/"},{"@type":"ListItem","position":2,"name":"Worth seeing","item":"https:\/\/www.it.tarnow.pl\/en\/worth-seeing\/"},{"@type":"ListItem","position":3,"name":"Other interesting places in Tarnow region","item":"https:\/\/www.it.tarnow.pl\/en\/worth-seeing\/other-interesting-places-in-tarnow-region\/"},{"@type":"ListItem","position":4,"name":"Ma\u0142a (Christ the King Monument)"}]},{"@type":"WebSite","@id":"https:\/\/www.it.tarnow.pl\/#website","url":"https:\/\/www.it.tarnow.pl\/","name":"Tarnowskie Centrum Informacji","description":"Informacja turystyczna o Tarnowie i regionie tarnowskim.","potentialAction":[{"@type":"SearchAction","target":{"@type":"EntryPoint","urlTemplate":"https:\/\/www.it.tarnow.pl\/?s={search_term_string}"},"query-input":{"@type":"PropertyValueSpecification","valueRequired":true,"valueName":"search_term_string"}}],"inLanguage":"en-US"}]}},"_links":{"self":[{"href":"https:\/\/www.it.tarnow.pl\/en\/wp-json\/wp\/v2\/pages\/9612","targetHints":{"allow":["GET"]}}],"collection":[{"href":"https:\/\/www.it.tarnow.pl\/en\/wp-json\/wp\/v2\/pages"}],"about":[{"href":"https:\/\/www.it.tarnow.pl\/en\/wp-json\/wp\/v2\/types\/page"}],"author":[{"embeddable":true,"href":"https:\/\/www.it.tarnow.pl\/en\/wp-json\/wp\/v2\/users\/1"}],"replies":[{"embeddable":true,"href":"https:\/\/www.it.tarnow.pl\/en\/wp-json\/wp\/v2\/comments?post=9612"}],"version-history":[{"count":0,"href":"https:\/\/www.it.tarnow.pl\/en\/wp-json\/wp\/v2\/pages\/9612\/revisions"}],"up":[{"embeddable":true,"href":"https:\/\/www.it.tarnow.pl\/en\/wp-json\/wp\/v2\/pages\/9608"}],"wp:attachment":[{"href":"https:\/\/www.it.tarnow.pl\/en\/wp-json\/wp\/v2\/media?parent=9612"}],"wp:term":[{"taxonomy":"post_tag","embeddable":true,"href":"https:\/\/www.it.tarnow.pl\/en\/wp-json\/wp\/v2\/tags?post=9612"}],"curies":[{"name":"wp","href":"https:\/\/api.w.org\/{rel}","templated":true}]}}