{"id":9611,"date":"2010-06-17T09:11:59","date_gmt":"2010-06-17T07:11:59","guid":{"rendered":"http:\/\/www.it.tarnow.pl\/luslawice-arians-jacek-malczewski-and-penderecki-the-composer\/"},"modified":"2019-04-03T15:15:15","modified_gmt":"2019-04-03T13:15:15","slug":"luslawice-arians-jacek-malczewski-and-penderecki-the-composer","status":"publish","type":"page","link":"https:\/\/www.it.tarnow.pl\/en\/worth-seeing\/other-interesting-places-in-tarnow-region\/luslawice-arians-jacek-malczewski-and-penderecki-the-composer\/","title":{"rendered":"Lus\u0142awice (Arians, Jacek Malczewski and Penderecki, the composer)"},"content":{"rendered":"<p>Location: <\/p>\n<p> Province: Ma\u0142opolska<br> County: Tarn\u00f3w<br> Commune: Zakliczyn <\/p>\n<p> Distance from Tarn\u00f3w: 25 km<br> Driving directions from Tarn\u00f3w: Tarn\u00f3w \u2013 Koszyce Wielkie \u2013 Lubinka \u2013 Janowice &#8211; Lus\u0142awice <\/p>\n<p>\u00a0<\/p>\n<p> In the years 1560 \u2013 1664 Lus\u0142awice was one of the most important Arians center (Polish Brethren), created by Achacy Taszycki. After 1570 there was an Arians printing house re-located from Pi\u0144cz\u00f3w. There was also an Arians high school which taught in such disciplines as theology, metaphysics, logic, dialectics, anatomy and physics. These institutions contributed to development and popularization of polish literary language. Faustyn Socyna, a philosopher, theologian and religious leader, arrived to Lus\u0142awice in 1598. He died on 3rd March 1604 and was buried there. Primary localization of his grave, on the edge of a mansion park, was destroyed by local peasants who believed that Arians&#8217; operating in the neighborhood afflicts them with such plagues as the Dunajec outflow and other natural disasters. It was 30&#8217;s of the 20th century when Arians scattered all over the world finally founded mausoleum of Faustyn Socyna. Taszycki after converting to Catholicism burnt Arians&#8217; chapel in Lus\u0142awice down and started to finance generously monastery in Zakliczyn. <\/p>\n<p> In 19th century manor in Lus\u0142awice, between 1923 and 1926, lived an outstanding Polish artist &#8211; painter Jacek Malczewski. He founded there an art school for gifted village children. Many of Malczewski\u2019s works were painted in Lus\u0142awice e.g. &#8220;Lus\u0142awice &#8211; ju\u017c \u0142an z\u017c\u0119ty&#8221; (1922), &#8220;Ogrodniczka&#8221; (1922), \u201e\u015aw. Agnieszka\u201d (1920-1921), &#8220;Przekazanie palety &#8211; Autoportret z Mieczys\u0142awem G\u0105seckim&#8221; (1922) and \u201ePortret Rafa\u0142a z \u017con\u0105\u201d. The biggest collections of Malczewski&#8217;s paintings are exhibited in Malczewski&#8217;s Museum in Radom and in National Art Museums in Warsaw, Cracow and Poznan. <\/p>\n<p> After the World War Two abandoned manor turned to ruin. In 1976 it became the property of composer, professor Krzysztof Penderecki, who lives in a renovated manor until today. Penderecki established arboretum, which consists of over 1500 species of trees and bushes from all over the world, in his 5-hectare park. And though the manor and surrounding park are considered one of the most beautiful establishments of that kind in Poland it is closed to public. In 2005 the European Penderecki Centre for Music n Lus\u0142awice was created. The year after first construction works took place. The Centre will be the first such a complex for developing young music talents in Poland and one of the few in Europe. Centre\u2019s facilities will be build on several hectares area which neighbour with professor Krzysztof Penderecki&#8217;s estate. The complex will consist of concert room for up to 550 spectators, teaching complex with rooms for individual and team practice, seminar rooms and accommodation complex for professors, students and participants of concerts and conferences. <\/p>\n<p>\u00a0<\/p>\n<p> More information at: <a href=\"http:\/\/www.zakliczyn.pl\/\" class=\"target_blank\">www.zakliczyn.pl<\/a>\n (Polish only) and <a href=\"http:\/\/www.eucemusic.org\/\" class=\"target_blank\">www.eucemusic.org<\/a>\n<\/p>","protected":false},"excerpt":{"rendered":"Location: Province: Ma\u0142opolska County: Tarn\u00f3w Commune: Zakliczyn Distance from Tarn\u00f3w: 25 km Driving directions from Tarn\u00f3w: Tarn\u00f3w \u2013 Koszyce Wielkie \u2013 Lubinka \u2013 Janowice &#8211; Lus\u0142awice \u00a0 In the years [&hellip;]","protected":false},"author":1,"featured_media":0,"parent":9608,"menu_order":697,"comment_status":"closed","ping_status":"closed","template":"","meta":{"_acf_changed":false,"footnotes":""},"tags":[],"class_list":["post-9611","page","type-page","status-publish","hentry"],"acf":{"in_menu":null,"show_date":null,"intro_text":"<p>In the years 1560 \u2013 1664 Lus\u0142awice was one of the most important Arians center (Polish Brethren), created by Achacy Taszycki. In 19th century manor in Lus\u0142awice, between 1923 and 1926, lived an outstanding Polish artist - painter Jacek Malczewski. After the World War Two abandoned manor turned to ruin. In 1976 it became the property of composer, professor Krzysztof Penderecki, who lives in a renovated manor until today.<\/p>","map":{"lat":"49.859474","lng":"20.830505","address":"","zoom":12}},"yoast_head":"<!-- This site is optimized with the Yoast SEO Premium plugin v25.4 (Yoast SEO v25.4) - https:\/\/yoast.com\/wordpress\/plugins\/seo\/ -->\n<title>Lus\u0142awice (Arians, Jacek Malczewski and Penderecki, the composer) - Tarnowskie Centrum Informacji<\/title>\n<meta name=\"robots\" content=\"index, follow, max-snippet:-1, max-image-preview:large, max-video-preview:-1\" \/>\n<link rel=\"canonical\" href=\"https:\/\/www.it.tarnow.pl\/en\/worth-seeing\/other-interesting-places-in-tarnow-region\/luslawice-arians-jacek-malczewski-and-penderecki-the-composer\/\" \/>\n<meta property=\"og:locale\" content=\"en_US\" \/>\n<meta property=\"og:type\" content=\"article\" \/>\n<meta property=\"og:title\" content=\"Lus\u0142awice (Arians, Jacek Malczewski and Penderecki, the composer)\" \/>\n<meta property=\"og:description\" content=\"Location: Province: Ma\u0142opolska County: Tarn\u00f3w Commune: Zakliczyn Distance from Tarn\u00f3w: 25 km Driving directions from Tarn\u00f3w: Tarn\u00f3w \u2013 Koszyce Wielkie \u2013 Lubinka \u2013 Janowice &#8211; Lus\u0142awice \u00a0 In the years [&hellip;]\" \/>\n<meta property=\"og:url\" content=\"https:\/\/www.it.tarnow.pl\/en\/worth-seeing\/other-interesting-places-in-tarnow-region\/luslawice-arians-jacek-malczewski-and-penderecki-the-composer\/\" \/>\n<meta property=\"og:site_name\" content=\"Tarnowskie Centrum Informacji\" \/>\n<meta property=\"article:modified_time\" content=\"2019-04-03T13:15:15+00:00\" \/>\n<meta name=\"twitter:card\" content=\"summary_large_image\" \/>\n<meta name=\"twitter:label1\" content=\"Est. reading time\" \/>\n\t<meta name=\"twitter:data1\" content=\"2 minutes\" \/>\n<script type=\"application\/ld+json\" class=\"yoast-schema-graph\">{\"@context\":\"https:\/\/schema.org\",\"@graph\":[{\"@type\":\"WebPage\",\"@id\":\"https:\/\/www.it.tarnow.pl\/en\/worth-seeing\/other-interesting-places-in-tarnow-region\/luslawice-arians-jacek-malczewski-and-penderecki-the-composer\/\",\"url\":\"https:\/\/www.it.tarnow.pl\/en\/worth-seeing\/other-interesting-places-in-tarnow-region\/luslawice-arians-jacek-malczewski-and-penderecki-the-composer\/\",\"name\":\"Lus\u0142awice (Arians, Jacek Malczewski and Penderecki, the composer) - Tarnowskie Centrum Informacji\",\"isPartOf\":{\"@id\":\"https:\/\/www.it.tarnow.pl\/#website\"},\"datePublished\":\"2010-06-17T07:11:59+00:00\",\"dateModified\":\"2019-04-03T13:15:15+00:00\",\"breadcrumb\":{\"@id\":\"https:\/\/www.it.tarnow.pl\/en\/worth-seeing\/other-interesting-places-in-tarnow-region\/luslawice-arians-jacek-malczewski-and-penderecki-the-composer\/#breadcrumb\"},\"inLanguage\":\"en-US\",\"potentialAction\":[{\"@type\":\"ReadAction\",\"target\":[\"https:\/\/www.it.tarnow.pl\/en\/worth-seeing\/other-interesting-places-in-tarnow-region\/luslawice-arians-jacek-malczewski-and-penderecki-the-composer\/\"]}]},{\"@type\":\"BreadcrumbList\",\"@id\":\"https:\/\/www.it.tarnow.pl\/en\/worth-seeing\/other-interesting-places-in-tarnow-region\/luslawice-arians-jacek-malczewski-and-penderecki-the-composer\/#breadcrumb\",\"itemListElement\":[{\"@type\":\"ListItem\",\"position\":1,\"name\":\"Home page\",\"item\":\"https:\/\/www.it.tarnow.pl\/en\/\"},{\"@type\":\"ListItem\",\"position\":2,\"name\":\"Worth seeing\",\"item\":\"https:\/\/www.it.tarnow.pl\/en\/worth-seeing\/\"},{\"@type\":\"ListItem\",\"position\":3,\"name\":\"Other interesting places in Tarnow region\",\"item\":\"https:\/\/www.it.tarnow.pl\/en\/worth-seeing\/other-interesting-places-in-tarnow-region\/\"},{\"@type\":\"ListItem\",\"position\":4,\"name\":\"Lus\u0142awice (Arians, Jacek Malczewski and Penderecki, the composer)\"}]},{\"@type\":\"WebSite\",\"@id\":\"https:\/\/www.it.tarnow.pl\/#website\",\"url\":\"https:\/\/www.it.tarnow.pl\/\",\"name\":\"Tarnowskie Centrum Informacji\",\"description\":\"Informacja turystyczna o Tarnowie i regionie tarnowskim.\",\"potentialAction\":[{\"@type\":\"SearchAction\",\"target\":{\"@type\":\"EntryPoint\",\"urlTemplate\":\"https:\/\/www.it.tarnow.pl\/?s={search_term_string}\"},\"query-input\":{\"@type\":\"PropertyValueSpecification\",\"valueRequired\":true,\"valueName\":\"search_term_string\"}}],\"inLanguage\":\"en-US\"}]}<\/script>\n<!-- \/ Yoast SEO Premium plugin. -->","yoast_head_json":{"title":"Lus\u0142awice (Arians, Jacek Malczewski and Penderecki, the composer) - Tarnowskie Centrum Informacji","robots":{"index":"index","follow":"follow","max-snippet":"max-snippet:-1","max-image-preview":"max-image-preview:large","max-video-preview":"max-video-preview:-1"},"canonical":"https:\/\/www.it.tarnow.pl\/en\/worth-seeing\/other-interesting-places-in-tarnow-region\/luslawice-arians-jacek-malczewski-and-penderecki-the-composer\/","og_locale":"en_US","og_type":"article","og_title":"Lus\u0142awice (Arians, Jacek Malczewski and Penderecki, the composer)","og_description":"Location: Province: Ma\u0142opolska County: Tarn\u00f3w Commune: Zakliczyn Distance from Tarn\u00f3w: 25 km Driving directions from Tarn\u00f3w: Tarn\u00f3w \u2013 Koszyce Wielkie \u2013 Lubinka \u2013 Janowice &#8211; Lus\u0142awice \u00a0 In the years [&hellip;]","og_url":"https:\/\/www.it.tarnow.pl\/en\/worth-seeing\/other-interesting-places-in-tarnow-region\/luslawice-arians-jacek-malczewski-and-penderecki-the-composer\/","og_site_name":"Tarnowskie Centrum Informacji","article_modified_time":"2019-04-03T13:15:15+00:00","twitter_card":"summary_large_image","twitter_misc":{"Est. reading time":"2 minutes"},"schema":{"@context":"https:\/\/schema.org","@graph":[{"@type":"WebPage","@id":"https:\/\/www.it.tarnow.pl\/en\/worth-seeing\/other-interesting-places-in-tarnow-region\/luslawice-arians-jacek-malczewski-and-penderecki-the-composer\/","url":"https:\/\/www.it.tarnow.pl\/en\/worth-seeing\/other-interesting-places-in-tarnow-region\/luslawice-arians-jacek-malczewski-and-penderecki-the-composer\/","name":"Lus\u0142awice (Arians, Jacek Malczewski and Penderecki, the composer) - Tarnowskie Centrum Informacji","isPartOf":{"@id":"https:\/\/www.it.tarnow.pl\/#website"},"datePublished":"2010-06-17T07:11:59+00:00","dateModified":"2019-04-03T13:15:15+00:00","breadcrumb":{"@id":"https:\/\/www.it.tarnow.pl\/en\/worth-seeing\/other-interesting-places-in-tarnow-region\/luslawice-arians-jacek-malczewski-and-penderecki-the-composer\/#breadcrumb"},"inLanguage":"en-US","potentialAction":[{"@type":"ReadAction","target":["https:\/\/www.it.tarnow.pl\/en\/worth-seeing\/other-interesting-places-in-tarnow-region\/luslawice-arians-jacek-malczewski-and-penderecki-the-composer\/"]}]},{"@type":"BreadcrumbList","@id":"https:\/\/www.it.tarnow.pl\/en\/worth-seeing\/other-interesting-places-in-tarnow-region\/luslawice-arians-jacek-malczewski-and-penderecki-the-composer\/#breadcrumb","itemListElement":[{"@type":"ListItem","position":1,"name":"Home page","item":"https:\/\/www.it.tarnow.pl\/en\/"},{"@type":"ListItem","position":2,"name":"Worth seeing","item":"https:\/\/www.it.tarnow.pl\/en\/worth-seeing\/"},{"@type":"ListItem","position":3,"name":"Other interesting places in Tarnow region","item":"https:\/\/www.it.tarnow.pl\/en\/worth-seeing\/other-interesting-places-in-tarnow-region\/"},{"@type":"ListItem","position":4,"name":"Lus\u0142awice (Arians, Jacek Malczewski and Penderecki, the composer)"}]},{"@type":"WebSite","@id":"https:\/\/www.it.tarnow.pl\/#website","url":"https:\/\/www.it.tarnow.pl\/","name":"Tarnowskie Centrum Informacji","description":"Informacja turystyczna o Tarnowie i regionie tarnowskim.","potentialAction":[{"@type":"SearchAction","target":{"@type":"EntryPoint","urlTemplate":"https:\/\/www.it.tarnow.pl\/?s={search_term_string}"},"query-input":{"@type":"PropertyValueSpecification","valueRequired":true,"valueName":"search_term_string"}}],"inLanguage":"en-US"}]}},"_links":{"self":[{"href":"https:\/\/www.it.tarnow.pl\/en\/wp-json\/wp\/v2\/pages\/9611","targetHints":{"allow":["GET"]}}],"collection":[{"href":"https:\/\/www.it.tarnow.pl\/en\/wp-json\/wp\/v2\/pages"}],"about":[{"href":"https:\/\/www.it.tarnow.pl\/en\/wp-json\/wp\/v2\/types\/page"}],"author":[{"embeddable":true,"href":"https:\/\/www.it.tarnow.pl\/en\/wp-json\/wp\/v2\/users\/1"}],"replies":[{"embeddable":true,"href":"https:\/\/www.it.tarnow.pl\/en\/wp-json\/wp\/v2\/comments?post=9611"}],"version-history":[{"count":0,"href":"https:\/\/www.it.tarnow.pl\/en\/wp-json\/wp\/v2\/pages\/9611\/revisions"}],"up":[{"embeddable":true,"href":"https:\/\/www.it.tarnow.pl\/en\/wp-json\/wp\/v2\/pages\/9608"}],"wp:attachment":[{"href":"https:\/\/www.it.tarnow.pl\/en\/wp-json\/wp\/v2\/media?parent=9611"}],"wp:term":[{"taxonomy":"post_tag","embeddable":true,"href":"https:\/\/www.it.tarnow.pl\/en\/wp-json\/wp\/v2\/tags?post=9611"}],"curies":[{"name":"wp","href":"https:\/\/api.w.org\/{rel}","templated":true}]}}