{"id":9610,"date":"2010-06-17T09:06:35","date_gmt":"2010-06-17T07:06:35","guid":{"rendered":"http:\/\/www.it.tarnow.pl\/iwkowa-dobrociesz-szlak-sliwki-prune-route\/"},"modified":"2019-04-03T15:15:14","modified_gmt":"2019-04-03T13:15:14","slug":"iwkowa-dobrociesz-szlak-sliwki-prune-route","status":"publish","type":"page","link":"https:\/\/www.it.tarnow.pl\/en\/worth-seeing\/other-interesting-places-in-tarnow-region\/iwkowa-dobrociesz-szlak-sliwki-prune-route\/","title":{"rendered":"Iwkowa &#8211; Dobrociesz, (Szlak \u015aliwki \u2013 Prune Route)"},"content":{"rendered":"<p>Location: <\/p>\n<p> Province: Ma\u0142opolska<br> County: Brzesko<br> Commune: Iwkowa <\/p>\n<p>Distance from Tarn\u00f3w: 48 km<\/p>\n<p> Driving directions from Tarn\u00f3w: Tarn\u00f3w \u2013 Wojnicz (National road No. 4, towards Krak\u00f3w) \u2013 Zawada\/Zakliczyn (Province road No. 975, towards Nowy S\u0105cz) \u2013 Jurk\u00f3w (Province road No. 980) \u2013 Tymowa (Province road No. 75, towards Brzesko) &#8211; Iwkowa <\/p>\n<p>\u00a0<\/p>\n<p>Wooden Church of the Visitation of the Blessed Virgin Mary in Iwkowa is located on a Ma\u0142opolska wooden architecture route. But Iwkowa is also famous for the annual \u2018Feast of the Prune\u2019, and is located on a unique trail \u2013 Prune Route. Good location and soil-climate conditions make growing and drying plums one of the most popular agricultural activities. In the villages: Dobrociesz, Wojakowa and K\u0105ty in almost every homestead there is a traditional beech wood fuelled drying-shed, where fruits are smoke-dried or in case of modern devices they are heat-dried. Shortly after the harvest fruit are pre-dried consignment by consignment and stored in bags. When all the fruits are pre-dried they are poured into a fire-grate and dried properly. <\/p>\n<p> When in Iwkowa tasting local products made from plums is a must: <\/p>\n<p> <b>Suski<\/b> \u2013 dried plum and so called \u201cIwkowa mix\u201d, that is a composition of different dried fruit. Those delicacies are available in many homesteads in Dobrociesz, K\u0105ty and Wojakowa. <\/p>\n<p> <b>Frykando \u015bwi\u0144skie<\/b> \u2013 roasted pieces of pork haunch with prune filling served with plum sauce. Frykando comes with galuszke noodles (Hungarian) or potato balls. Frykando is served in \u201eU Zygi\u201d restaurant in Iwkowa. <\/p>\n<p> <b>Topionka<\/b> \u2013 pork lard with prune. Its unique flavour is a mixture of bacon, sausage, fresh apples, dried plums and aromatic herbs. <\/p>\n<p> <b>Szynka wiejska \u201eJarzmik\u201d<\/b> \u2013 cottage ham \u2013 is prepared by Tadeusz Jarzmik from Wojakowa from pork gammon with traditional recipe. <\/p>\n<p> <b>Kie\u0142basa wiejska \u201eswojska\u201d<\/b> &#8211; pork sausage, traditionally smoked, prepared by Tadeusz Uryga from Wojakowa, Janusz Uryga from Por\u0105bka Iwkowska and Kazimierz Motak from Iwkowa. \u201eSwojska\u201d is a perfect supplement to koreczki, or cocktail sticks, with prune. <\/p>\n<p> <b>\u015aliwowica paryj\u00f3wka<\/b>. Extremely strong vodka, brandy flavored, made from plums. It was named after places which are hard to reach, called \u201cparyje\u201d, in which \u015aliwowica was produced. <\/p>\n<p> <b>Imbir\u00f3wka<\/b> &#8211; heated, pure vodka with ginger and sugar addition. Imbir\u00f3wka is served in \u201cBelanka\u201d restaurant. One can also taste it in \u201eZyga\u201d restaurant. <\/p>\n<p> <b>Udziec pieczony po iwkowsku \u201eBac\u00f3wka\u201d<\/b>. Honey-gold pork gammon, served with aromatic gravy made from home-made cottage cheese with garlic addition. This dish is served in a bac\u00f3wka (accommodation facility) the \u201eBia\u0142y Jele\u0144\u201d or \u201cWhite Deer\u201d in Iwkowa. <\/p>\n<p>\u00a0<\/p>\n<p>More information at: <a href=\"http:\/\/www.iwkowa.pl\/\" class=\"target_blank\">www.iwkowa.pl<\/a>\n (Polish only) and <a href=\"http:\/\/www.sliwka.iwkowa.pl\/\" class=\"target_blank\">www.sliwka.iwkowa.pl<\/a>\n (Polish only)<\/p>","protected":false},"excerpt":{"rendered":"Location: Province: Ma\u0142opolska County: Brzesko Commune: Iwkowa Distance from Tarn\u00f3w: 48 km Driving directions from Tarn\u00f3w: Tarn\u00f3w \u2013 Wojnicz (National road No. 4, towards Krak\u00f3w) \u2013 Zawada\/Zakliczyn (Province road No. [&hellip;]","protected":false},"author":1,"featured_media":0,"parent":9608,"menu_order":676,"comment_status":"closed","ping_status":"closed","template":"","meta":{"_acf_changed":false,"footnotes":""},"tags":[],"class_list":["post-9610","page","type-page","status-publish","hentry"],"acf":{"in_menu":null,"show_date":null,"intro_text":"<p>Wooden Church of the Visitation of the Blessed Virgin Mary in Iwkowa is located on a Ma\u0142opolska wooden architecture route. But Iwkowa is also famous for the annual \u2018Feast of the Prune\u2019, and is located on a unique trail \u2013 Prune Route<\/p>","map":{"lat":"49.816721","lng":"20.590096","address":"","zoom":12}},"yoast_head":"<!-- This site is optimized with the Yoast SEO Premium plugin v25.4 (Yoast SEO v25.4) - https:\/\/yoast.com\/wordpress\/plugins\/seo\/ -->\n<title>Iwkowa - Dobrociesz, (Szlak \u015aliwki \u2013 Prune Route) - Tarnowskie Centrum Informacji<\/title>\n<meta name=\"robots\" content=\"index, follow, max-snippet:-1, max-image-preview:large, max-video-preview:-1\" \/>\n<link rel=\"canonical\" href=\"https:\/\/www.it.tarnow.pl\/en\/worth-seeing\/other-interesting-places-in-tarnow-region\/iwkowa-dobrociesz-szlak-sliwki-prune-route\/\" \/>\n<meta property=\"og:locale\" content=\"en_US\" \/>\n<meta property=\"og:type\" content=\"article\" \/>\n<meta property=\"og:title\" content=\"Iwkowa - Dobrociesz, (Szlak \u015aliwki \u2013 Prune Route)\" \/>\n<meta property=\"og:description\" content=\"Location: Province: Ma\u0142opolska County: Brzesko Commune: Iwkowa Distance from Tarn\u00f3w: 48 km Driving directions from Tarn\u00f3w: Tarn\u00f3w \u2013 Wojnicz (National road No. 4, towards Krak\u00f3w) \u2013 Zawada\/Zakliczyn (Province road No. [&hellip;]\" \/>\n<meta property=\"og:url\" content=\"https:\/\/www.it.tarnow.pl\/en\/worth-seeing\/other-interesting-places-in-tarnow-region\/iwkowa-dobrociesz-szlak-sliwki-prune-route\/\" \/>\n<meta property=\"og:site_name\" content=\"Tarnowskie Centrum Informacji\" \/>\n<meta property=\"article:modified_time\" content=\"2019-04-03T13:15:14+00:00\" \/>\n<meta name=\"twitter:card\" content=\"summary_large_image\" \/>\n<meta name=\"twitter:label1\" content=\"Est. reading time\" \/>\n\t<meta name=\"twitter:data1\" content=\"2 minutes\" \/>\n<script type=\"application\/ld+json\" class=\"yoast-schema-graph\">{\"@context\":\"https:\/\/schema.org\",\"@graph\":[{\"@type\":\"WebPage\",\"@id\":\"https:\/\/www.it.tarnow.pl\/en\/worth-seeing\/other-interesting-places-in-tarnow-region\/iwkowa-dobrociesz-szlak-sliwki-prune-route\/\",\"url\":\"https:\/\/www.it.tarnow.pl\/en\/worth-seeing\/other-interesting-places-in-tarnow-region\/iwkowa-dobrociesz-szlak-sliwki-prune-route\/\",\"name\":\"Iwkowa - Dobrociesz, (Szlak \u015aliwki \u2013 Prune Route) - Tarnowskie Centrum Informacji\",\"isPartOf\":{\"@id\":\"https:\/\/www.it.tarnow.pl\/#website\"},\"datePublished\":\"2010-06-17T07:06:35+00:00\",\"dateModified\":\"2019-04-03T13:15:14+00:00\",\"breadcrumb\":{\"@id\":\"https:\/\/www.it.tarnow.pl\/en\/worth-seeing\/other-interesting-places-in-tarnow-region\/iwkowa-dobrociesz-szlak-sliwki-prune-route\/#breadcrumb\"},\"inLanguage\":\"en-US\",\"potentialAction\":[{\"@type\":\"ReadAction\",\"target\":[\"https:\/\/www.it.tarnow.pl\/en\/worth-seeing\/other-interesting-places-in-tarnow-region\/iwkowa-dobrociesz-szlak-sliwki-prune-route\/\"]}]},{\"@type\":\"BreadcrumbList\",\"@id\":\"https:\/\/www.it.tarnow.pl\/en\/worth-seeing\/other-interesting-places-in-tarnow-region\/iwkowa-dobrociesz-szlak-sliwki-prune-route\/#breadcrumb\",\"itemListElement\":[{\"@type\":\"ListItem\",\"position\":1,\"name\":\"Home page\",\"item\":\"https:\/\/www.it.tarnow.pl\/en\/\"},{\"@type\":\"ListItem\",\"position\":2,\"name\":\"Worth seeing\",\"item\":\"https:\/\/www.it.tarnow.pl\/en\/worth-seeing\/\"},{\"@type\":\"ListItem\",\"position\":3,\"name\":\"Other interesting places in Tarnow region\",\"item\":\"https:\/\/www.it.tarnow.pl\/en\/worth-seeing\/other-interesting-places-in-tarnow-region\/\"},{\"@type\":\"ListItem\",\"position\":4,\"name\":\"Iwkowa &#8211; Dobrociesz, (Szlak \u015aliwki \u2013 Prune Route)\"}]},{\"@type\":\"WebSite\",\"@id\":\"https:\/\/www.it.tarnow.pl\/#website\",\"url\":\"https:\/\/www.it.tarnow.pl\/\",\"name\":\"Tarnowskie Centrum Informacji\",\"description\":\"Informacja turystyczna o Tarnowie i regionie tarnowskim.\",\"potentialAction\":[{\"@type\":\"SearchAction\",\"target\":{\"@type\":\"EntryPoint\",\"urlTemplate\":\"https:\/\/www.it.tarnow.pl\/?s={search_term_string}\"},\"query-input\":{\"@type\":\"PropertyValueSpecification\",\"valueRequired\":true,\"valueName\":\"search_term_string\"}}],\"inLanguage\":\"en-US\"}]}<\/script>\n<!-- \/ Yoast SEO Premium plugin. -->","yoast_head_json":{"title":"Iwkowa - Dobrociesz, (Szlak \u015aliwki \u2013 Prune Route) - Tarnowskie Centrum Informacji","robots":{"index":"index","follow":"follow","max-snippet":"max-snippet:-1","max-image-preview":"max-image-preview:large","max-video-preview":"max-video-preview:-1"},"canonical":"https:\/\/www.it.tarnow.pl\/en\/worth-seeing\/other-interesting-places-in-tarnow-region\/iwkowa-dobrociesz-szlak-sliwki-prune-route\/","og_locale":"en_US","og_type":"article","og_title":"Iwkowa - Dobrociesz, (Szlak \u015aliwki \u2013 Prune Route)","og_description":"Location: Province: Ma\u0142opolska County: Brzesko Commune: Iwkowa Distance from Tarn\u00f3w: 48 km Driving directions from Tarn\u00f3w: Tarn\u00f3w \u2013 Wojnicz (National road No. 4, towards Krak\u00f3w) \u2013 Zawada\/Zakliczyn (Province road No. [&hellip;]","og_url":"https:\/\/www.it.tarnow.pl\/en\/worth-seeing\/other-interesting-places-in-tarnow-region\/iwkowa-dobrociesz-szlak-sliwki-prune-route\/","og_site_name":"Tarnowskie Centrum Informacji","article_modified_time":"2019-04-03T13:15:14+00:00","twitter_card":"summary_large_image","twitter_misc":{"Est. reading time":"2 minutes"},"schema":{"@context":"https:\/\/schema.org","@graph":[{"@type":"WebPage","@id":"https:\/\/www.it.tarnow.pl\/en\/worth-seeing\/other-interesting-places-in-tarnow-region\/iwkowa-dobrociesz-szlak-sliwki-prune-route\/","url":"https:\/\/www.it.tarnow.pl\/en\/worth-seeing\/other-interesting-places-in-tarnow-region\/iwkowa-dobrociesz-szlak-sliwki-prune-route\/","name":"Iwkowa - Dobrociesz, (Szlak \u015aliwki \u2013 Prune Route) - Tarnowskie Centrum Informacji","isPartOf":{"@id":"https:\/\/www.it.tarnow.pl\/#website"},"datePublished":"2010-06-17T07:06:35+00:00","dateModified":"2019-04-03T13:15:14+00:00","breadcrumb":{"@id":"https:\/\/www.it.tarnow.pl\/en\/worth-seeing\/other-interesting-places-in-tarnow-region\/iwkowa-dobrociesz-szlak-sliwki-prune-route\/#breadcrumb"},"inLanguage":"en-US","potentialAction":[{"@type":"ReadAction","target":["https:\/\/www.it.tarnow.pl\/en\/worth-seeing\/other-interesting-places-in-tarnow-region\/iwkowa-dobrociesz-szlak-sliwki-prune-route\/"]}]},{"@type":"BreadcrumbList","@id":"https:\/\/www.it.tarnow.pl\/en\/worth-seeing\/other-interesting-places-in-tarnow-region\/iwkowa-dobrociesz-szlak-sliwki-prune-route\/#breadcrumb","itemListElement":[{"@type":"ListItem","position":1,"name":"Home page","item":"https:\/\/www.it.tarnow.pl\/en\/"},{"@type":"ListItem","position":2,"name":"Worth seeing","item":"https:\/\/www.it.tarnow.pl\/en\/worth-seeing\/"},{"@type":"ListItem","position":3,"name":"Other interesting places in Tarnow region","item":"https:\/\/www.it.tarnow.pl\/en\/worth-seeing\/other-interesting-places-in-tarnow-region\/"},{"@type":"ListItem","position":4,"name":"Iwkowa &#8211; Dobrociesz, (Szlak \u015aliwki \u2013 Prune Route)"}]},{"@type":"WebSite","@id":"https:\/\/www.it.tarnow.pl\/#website","url":"https:\/\/www.it.tarnow.pl\/","name":"Tarnowskie Centrum Informacji","description":"Informacja turystyczna o Tarnowie i regionie tarnowskim.","potentialAction":[{"@type":"SearchAction","target":{"@type":"EntryPoint","urlTemplate":"https:\/\/www.it.tarnow.pl\/?s={search_term_string}"},"query-input":{"@type":"PropertyValueSpecification","valueRequired":true,"valueName":"search_term_string"}}],"inLanguage":"en-US"}]}},"_links":{"self":[{"href":"https:\/\/www.it.tarnow.pl\/en\/wp-json\/wp\/v2\/pages\/9610","targetHints":{"allow":["GET"]}}],"collection":[{"href":"https:\/\/www.it.tarnow.pl\/en\/wp-json\/wp\/v2\/pages"}],"about":[{"href":"https:\/\/www.it.tarnow.pl\/en\/wp-json\/wp\/v2\/types\/page"}],"author":[{"embeddable":true,"href":"https:\/\/www.it.tarnow.pl\/en\/wp-json\/wp\/v2\/users\/1"}],"replies":[{"embeddable":true,"href":"https:\/\/www.it.tarnow.pl\/en\/wp-json\/wp\/v2\/comments?post=9610"}],"version-history":[{"count":0,"href":"https:\/\/www.it.tarnow.pl\/en\/wp-json\/wp\/v2\/pages\/9610\/revisions"}],"up":[{"embeddable":true,"href":"https:\/\/www.it.tarnow.pl\/en\/wp-json\/wp\/v2\/pages\/9608"}],"wp:attachment":[{"href":"https:\/\/www.it.tarnow.pl\/en\/wp-json\/wp\/v2\/media?parent=9610"}],"wp:term":[{"taxonomy":"post_tag","embeddable":true,"href":"https:\/\/www.it.tarnow.pl\/en\/wp-json\/wp\/v2\/tags?post=9610"}],"curies":[{"name":"wp","href":"https:\/\/api.w.org\/{rel}","templated":true}]}}